{"id":135805,"date":"2018-02-19T21:25:50","date_gmt":"2018-02-19T21:25:50","guid":{"rendered":"https:\/\/www.iplay.com\/games\/fables-of-the-kingdom-ii\/"},"modified":"2018-02-19T21:25:50","modified_gmt":"2018-02-19T21:25:50","slug":"fables-of-the-kingdom-ii","status":"publish","type":"product","link":"https:\/\/www.iplay.com\/de\/games\/fables-of-the-kingdom-ii\/","title":{"rendered":"Fables of the Kingdom II"},"content":{"rendered":"<p>Begeben Sie sich mit dem mutigen Helden Kevin und seinen Gef\u00e4hrten auf die Suche nach der verzauberten R\u00fcstung, die in den entlegensten Winkeln des M\u00e4rchenlandes vergraben ist. Hilf den Helden dabei, jede Herausforderung zu meistern, damit sie die R\u00fcstung zur\u00fcckholen und K\u00f6nig Artos von einem schrecklichen Fluch befreien k\u00f6nnen. Du triffst den gerissenen Zauberer Balen pers\u00f6nlich und nimmst die ganze Pracht deines eigenen Landes in dich auf. Baue und verbessere Strukturen, setze m\u00e4chtige Zauberspr\u00fcche ein, meistere Herausforderungen und lerne die eigenartigen Menschen kennen, die in der Fantasy-Umgebung des Spiels leben.   <\/p>\n<p>&nbsp;<\/p>\n<p>&nbsp;<\/p>\n<p><strong>Funktionen:<\/strong><\/p>\n<p>&nbsp;<\/p>\n<p>&#8211; Viele faszinierende Aufgaben, markante Geb\u00e4ude, seltsame Tiere und gerissene Feinde<br \/>\n &#8211; Atemberaubende Grafik und fesselnde Musik<br \/>\n &#8211; Ressourcen verwalten, Nahrung sammeln, Stra\u00dfen r\u00e4umen, Arbeiter zuweisen und vieles mehr!<\/p>\n<p>&#8211; Beginnen Sie diese erstaunliche Reise jetzt!<\/p>\n","protected":false},"excerpt":{"rendered":"<p>Die Geschichte geht weiter mit dem gerissenen Zauberer Balen und dem tapferen Helden Kevin!<\/p>\n","protected":false},"author":51,"featured_media":87808,"comment_status":"open","ping_status":"closed","template":"","meta":{"_acf_changed":false,"inline_featured_image":false},"product_brand":[],"product_cat":[217],"product_tag":[289],"class_list":{"0":"post-135805","1":"product","2":"type-product","3":"status-publish","4":"has-post-thumbnail","6":"product_cat-time-management-de","7":"product_tag-play-on-pc-de","9":"first","10":"instock","11":"shipping-taxable","12":"purchasable","13":"product-type-simple"},"acf":[],"yoast_head":"<!-- This site is optimized with the Yoast SEO Premium plugin v25.2 (Yoast SEO v25.2) - https:\/\/yoast.com\/wordpress\/plugins\/seo\/ -->\n<title>Fables of the Kingdom II - Die Saga um den Helden Kevin und den gerissenen Zauberer Balen<\/title>\n<meta name=\"description\" content=\"Die Geschichte geht weiter mit dem gerissenen Zauberer Balen und dem tapferen Helden Kevin!\" \/>\n<meta name=\"robots\" content=\"index, follow, max-snippet:-1, max-image-preview:large, max-video-preview:-1\" \/>\n<link rel=\"canonical\" href=\"https:\/\/www.iplay.com\/de\/games\/fables-of-the-kingdom-ii\/\" \/>\n<meta property=\"og:locale\" content=\"de_DE\" \/>\n<meta property=\"og:type\" content=\"article\" \/>\n<meta property=\"og:title\" content=\"Fables of the Kingdom II\" \/>\n<meta property=\"og:description\" content=\"Die Geschichte geht weiter mit dem gerissenen Zauberer Balen und dem tapferen Helden Kevin!\" \/>\n<meta property=\"og:url\" content=\"https:\/\/www.iplay.com\/de\/games\/fables-of-the-kingdom-ii\/\" \/>\n<meta property=\"og:site_name\" content=\"IPlay\" \/>\n<meta property=\"og:image\" content=\"https:\/\/www.iplay.com\/wp-content\/uploads\/2023\/12\/large_square_tile_image-3000.jpg\" \/>\n\t<meta property=\"og:image:width\" content=\"310\" \/>\n\t<meta property=\"og:image:height\" content=\"310\" \/>\n\t<meta property=\"og:image:type\" content=\"image\/jpeg\" \/>\n<meta name=\"twitter:card\" content=\"summary_large_image\" \/>\n<meta name=\"twitter:label1\" content=\"Gesch\u00e4tzte Lesezeit\" \/>\n\t<meta name=\"twitter:data1\" content=\"1 Minute\" \/>\n<script type=\"application\/ld+json\" class=\"yoast-schema-graph\">{\"@context\":\"https:\/\/schema.org\",\"@graph\":[{\"@type\":\"WebPage\",\"@id\":\"https:\/\/www.iplay.com\/de\/games\/fables-of-the-kingdom-ii\/\",\"url\":\"https:\/\/www.iplay.com\/de\/games\/fables-of-the-kingdom-ii\/\",\"name\":\"Fables of the Kingdom II - Die Saga um den Helden Kevin und den gerissenen Zauberer Balen\",\"isPartOf\":{\"@id\":\"https:\/\/www.iplay.com\/en\/#website\"},\"primaryImageOfPage\":{\"@id\":\"https:\/\/www.iplay.com\/de\/games\/fables-of-the-kingdom-ii\/#primaryimage\"},\"image\":{\"@id\":\"https:\/\/www.iplay.com\/de\/games\/fables-of-the-kingdom-ii\/#primaryimage\"},\"thumbnailUrl\":\"https:\/\/www.iplay.com\/wp-content\/uploads\/2023\/12\/large_square_tile_image-3000.jpg\",\"datePublished\":\"2018-02-19T21:25:50+00:00\",\"description\":\"Die Geschichte geht weiter mit dem gerissenen Zauberer Balen und dem tapferen Helden Kevin!\",\"breadcrumb\":{\"@id\":\"https:\/\/www.iplay.com\/de\/games\/fables-of-the-kingdom-ii\/#breadcrumb\"},\"inLanguage\":\"de-DE\",\"potentialAction\":[{\"@type\":\"ReadAction\",\"target\":[\"https:\/\/www.iplay.com\/de\/games\/fables-of-the-kingdom-ii\/\"]}]},{\"@type\":\"ImageObject\",\"inLanguage\":\"de-DE\",\"@id\":\"https:\/\/www.iplay.com\/de\/games\/fables-of-the-kingdom-ii\/#primaryimage\",\"url\":\"https:\/\/www.iplay.com\/wp-content\/uploads\/2023\/12\/large_square_tile_image-3000.jpg\",\"contentUrl\":\"https:\/\/www.iplay.com\/wp-content\/uploads\/2023\/12\/large_square_tile_image-3000.jpg\",\"width\":310,\"height\":310},{\"@type\":\"BreadcrumbList\",\"@id\":\"https:\/\/www.iplay.com\/de\/games\/fables-of-the-kingdom-ii\/#breadcrumb\",\"itemListElement\":[{\"@type\":\"ListItem\",\"position\":1,\"name\":\"Home\",\"item\":\"https:\/\/www.iplay.com\/de\/home-page-2\/\"},{\"@type\":\"ListItem\",\"position\":2,\"name\":\"Shop\",\"item\":\"https:\/\/www.iplay.com\/en\/shop\/\"},{\"@type\":\"ListItem\",\"position\":3,\"name\":\"Fables of the Kingdom II\"}]},{\"@type\":\"WebSite\",\"@id\":\"https:\/\/www.iplay.com\/en\/#website\",\"url\":\"https:\/\/www.iplay.com\/en\/\",\"name\":\"IPlay\",\"description\":\"The Best Casual Games!\",\"publisher\":{\"@id\":\"https:\/\/www.iplay.com\/en\/#organization\"},\"potentialAction\":[{\"@type\":\"SearchAction\",\"target\":{\"@type\":\"EntryPoint\",\"urlTemplate\":\"https:\/\/www.iplay.com\/en\/?s={search_term_string}\"},\"query-input\":{\"@type\":\"PropertyValueSpecification\",\"valueRequired\":true,\"valueName\":\"search_term_string\"}}],\"inLanguage\":\"de-DE\"},{\"@type\":\"Organization\",\"@id\":\"https:\/\/www.iplay.com\/en\/#organization\",\"name\":\"IPlay\",\"url\":\"https:\/\/www.iplay.com\/en\/\",\"logo\":{\"@type\":\"ImageObject\",\"inLanguage\":\"de-DE\",\"@id\":\"https:\/\/www.iplay.com\/en\/#\/schema\/logo\/image\/\",\"url\":\"https:\/\/www.iplay.com\/wp-content\/uploads\/2023\/11\/Group-6100.svg\",\"contentUrl\":\"https:\/\/www.iplay.com\/wp-content\/uploads\/2023\/11\/Group-6100.svg\",\"width\":98,\"height\":25,\"caption\":\"IPlay\"},\"image\":{\"@id\":\"https:\/\/www.iplay.com\/en\/#\/schema\/logo\/image\/\"}}]}<\/script>\n<!-- \/ Yoast SEO Premium plugin. -->","yoast_head_json":{"title":"Fables of the Kingdom II - Die Saga um den Helden Kevin und den gerissenen Zauberer Balen","description":"Die Geschichte geht weiter mit dem gerissenen Zauberer Balen und dem tapferen Helden Kevin!","robots":{"index":"index","follow":"follow","max-snippet":"max-snippet:-1","max-image-preview":"max-image-preview:large","max-video-preview":"max-video-preview:-1"},"canonical":"https:\/\/www.iplay.com\/de\/games\/fables-of-the-kingdom-ii\/","og_locale":"de_DE","og_type":"article","og_title":"Fables of the Kingdom II","og_description":"Die Geschichte geht weiter mit dem gerissenen Zauberer Balen und dem tapferen Helden Kevin!","og_url":"https:\/\/www.iplay.com\/de\/games\/fables-of-the-kingdom-ii\/","og_site_name":"IPlay","og_image":[{"width":310,"height":310,"url":"https:\/\/www.iplay.com\/wp-content\/uploads\/2023\/12\/large_square_tile_image-3000.jpg","type":"image\/jpeg"}],"twitter_card":"summary_large_image","twitter_misc":{"Gesch\u00e4tzte Lesezeit":"1 Minute"},"schema":{"@context":"https:\/\/schema.org","@graph":[{"@type":"WebPage","@id":"https:\/\/www.iplay.com\/de\/games\/fables-of-the-kingdom-ii\/","url":"https:\/\/www.iplay.com\/de\/games\/fables-of-the-kingdom-ii\/","name":"Fables of the Kingdom II - Die Saga um den Helden Kevin und den gerissenen Zauberer Balen","isPartOf":{"@id":"https:\/\/www.iplay.com\/en\/#website"},"primaryImageOfPage":{"@id":"https:\/\/www.iplay.com\/de\/games\/fables-of-the-kingdom-ii\/#primaryimage"},"image":{"@id":"https:\/\/www.iplay.com\/de\/games\/fables-of-the-kingdom-ii\/#primaryimage"},"thumbnailUrl":"https:\/\/www.iplay.com\/wp-content\/uploads\/2023\/12\/large_square_tile_image-3000.jpg","datePublished":"2018-02-19T21:25:50+00:00","description":"Die Geschichte geht weiter mit dem gerissenen Zauberer Balen und dem tapferen Helden Kevin!","breadcrumb":{"@id":"https:\/\/www.iplay.com\/de\/games\/fables-of-the-kingdom-ii\/#breadcrumb"},"inLanguage":"de-DE","potentialAction":[{"@type":"ReadAction","target":["https:\/\/www.iplay.com\/de\/games\/fables-of-the-kingdom-ii\/"]}]},{"@type":"ImageObject","inLanguage":"de-DE","@id":"https:\/\/www.iplay.com\/de\/games\/fables-of-the-kingdom-ii\/#primaryimage","url":"https:\/\/www.iplay.com\/wp-content\/uploads\/2023\/12\/large_square_tile_image-3000.jpg","contentUrl":"https:\/\/www.iplay.com\/wp-content\/uploads\/2023\/12\/large_square_tile_image-3000.jpg","width":310,"height":310},{"@type":"BreadcrumbList","@id":"https:\/\/www.iplay.com\/de\/games\/fables-of-the-kingdom-ii\/#breadcrumb","itemListElement":[{"@type":"ListItem","position":1,"name":"Home","item":"https:\/\/www.iplay.com\/de\/home-page-2\/"},{"@type":"ListItem","position":2,"name":"Shop","item":"https:\/\/www.iplay.com\/en\/shop\/"},{"@type":"ListItem","position":3,"name":"Fables of the Kingdom II"}]},{"@type":"WebSite","@id":"https:\/\/www.iplay.com\/en\/#website","url":"https:\/\/www.iplay.com\/en\/","name":"IPlay","description":"The Best Casual Games!","publisher":{"@id":"https:\/\/www.iplay.com\/en\/#organization"},"potentialAction":[{"@type":"SearchAction","target":{"@type":"EntryPoint","urlTemplate":"https:\/\/www.iplay.com\/en\/?s={search_term_string}"},"query-input":{"@type":"PropertyValueSpecification","valueRequired":true,"valueName":"search_term_string"}}],"inLanguage":"de-DE"},{"@type":"Organization","@id":"https:\/\/www.iplay.com\/en\/#organization","name":"IPlay","url":"https:\/\/www.iplay.com\/en\/","logo":{"@type":"ImageObject","inLanguage":"de-DE","@id":"https:\/\/www.iplay.com\/en\/#\/schema\/logo\/image\/","url":"https:\/\/www.iplay.com\/wp-content\/uploads\/2023\/11\/Group-6100.svg","contentUrl":"https:\/\/www.iplay.com\/wp-content\/uploads\/2023\/11\/Group-6100.svg","width":98,"height":25,"caption":"IPlay"},"image":{"@id":"https:\/\/www.iplay.com\/en\/#\/schema\/logo\/image\/"}}]}},"_links":{"self":[{"href":"https:\/\/www.iplay.com\/de\/wp-json\/wp\/v2\/product\/135805","targetHints":{"allow":["GET"]}}],"collection":[{"href":"https:\/\/www.iplay.com\/de\/wp-json\/wp\/v2\/product"}],"about":[{"href":"https:\/\/www.iplay.com\/de\/wp-json\/wp\/v2\/types\/product"}],"author":[{"embeddable":true,"href":"https:\/\/www.iplay.com\/de\/wp-json\/wp\/v2\/users\/51"}],"replies":[{"embeddable":true,"href":"https:\/\/www.iplay.com\/de\/wp-json\/wp\/v2\/comments?post=135805"}],"wp:featuredmedia":[{"embeddable":true,"href":"https:\/\/www.iplay.com\/de\/wp-json\/wp\/v2\/media\/87808"}],"wp:attachment":[{"href":"https:\/\/www.iplay.com\/de\/wp-json\/wp\/v2\/media?parent=135805"}],"wp:term":[{"taxonomy":"product_brand","embeddable":true,"href":"https:\/\/www.iplay.com\/de\/wp-json\/wp\/v2\/product_brand?post=135805"},{"taxonomy":"product_cat","embeddable":true,"href":"https:\/\/www.iplay.com\/de\/wp-json\/wp\/v2\/product_cat?post=135805"},{"taxonomy":"product_tag","embeddable":true,"href":"https:\/\/www.iplay.com\/de\/wp-json\/wp\/v2\/product_tag?post=135805"}],"curies":[{"name":"wp","href":"https:\/\/api.w.org\/{rel}","templated":true}]}}