{"id":135759,"date":"2018-04-30T00:00:01","date_gmt":"2018-04-30T00:00:01","guid":{"rendered":"https:\/\/www.iplay.com\/games\/fabulous-angelas-wedding-disaster-platinum-edition\/"},"modified":"2018-04-30T00:00:01","modified_gmt":"2018-04-30T00:00:01","slug":"fabulous-angelas-wedding-disaster-platinum-edition","status":"publish","type":"product","link":"https:\/\/www.iplay.com\/de\/games\/fabulous-angelas-wedding-disaster-platinum-edition\/","title":{"rendered":"Fabulous &#8211; Angela&#8217;s Wedding Disaster Platinum Edition"},"content":{"rendered":"<p>Sag ja! zu <strong>Fabulous &#8211; Angela&#8217;s Wedding Disaster<\/strong>In diesem Zeitmanagement-Spiel mit einem Hochzeitsmotto sagst du Ja zu dem Kleid! Nachdem sie ihre beliebte Kollektion Queen for a Day Ballkleid auf den Markt gebracht hat, entwirft Angela immer noch Kleider, um Frauen zu bef\u00e4higen, ihr glamour\u00f6sestes Selbst zu sein! Diesmal wagt sie sich in die gesch\u00e4ftige Welt der Brautmodenh\u00e4ndler. Liebe ist alles, was f\u00fcr die Ehe notwendig ist. Und nat\u00fcrlich die ideale Kleidung! Angela z\u00e4hlt auf dich, um ihr zu helfen und daf\u00fcr zu sorgen, dass jede Braut an ihrem gro\u00dfen Tag umwerfend aussieht! Die Ehe ihres Kumpels Fran ist jedoch die bedeutendste von allen. Um ihm die gr\u00f6\u00dfte Feier zu geben, die man sich vorstellen kann, tut sich Angela mit den anderen Mitgliedern der Fab 4 zusammen. Doch wie bei allen Unternehmungen von Angela l\u00e4uft es nicht ganz so, wie geplant. Wird Angela Frans Hochzeit vor dem Abgang in die H\u00f6lle retten oder wird sie es nur noch schlimmer machen? Viel Spa\u00df an diesem Zeitmanagement-Spiel f\u00fcr Brautmode, das vom gleichen Team entwickelt wurde, das auch hinter den Serien Delicious und Heart&#8217;s Medicine steht!          <\/p>\n<p>&nbsp;<\/p>\n<p>&nbsp;<\/p>\n<p><strong>Funktionen:<\/strong><\/p>\n<p>&nbsp;<\/p>\n<ul>\n<li>Spiele die vierte Staffel des beliebten Story-Spiels und finde heraus, was passiert, wenn Angela Hochzeitskleider anzieht<\/li>\n<li>Spiele 60 Story-Levels, 24 Bonus-Levels und 6 verbesserte endlose Levels<\/li>\n<li>Schlie\u00dfe Angelas Design-Sammelalbum ab, indem du alle 17 Errungenschaften freischaltest<\/li>\n<li>Hol dir Upgrades und statte deine L\u00e4den mit den besten und glitzerndsten Gegenst\u00e4nden aus<\/li>\n<li>Kreiere dein Traumoutfit in Angelas Ankleidespiel mit \u00fcber 100 Modest\u00fccken<\/li>\n<li>Besuchen Sie einzigartige Brautboutiquen, die sich auf sechs glamour\u00f6se Orte verteilen<\/li>\n<li>Erlebe eine neue Geschichte voller Hochzeiten, Mode und Freundschaften!<\/li>\n<\/ul>\n","protected":false},"excerpt":{"rendered":"<p>Sag &#8220;Ja!&#8221; zu dem Kleid mit Angelas R\u00fccken! und begeben Sie sich mit ihr auf eine neue Reise!<\/p>\n","protected":false},"author":10,"featured_media":87579,"comment_status":"open","ping_status":"closed","template":"","meta":{"_acf_changed":false,"inline_featured_image":false},"product_brand":[],"product_cat":[217],"product_tag":[289],"class_list":{"0":"post-135759","1":"product","2":"type-product","3":"status-publish","4":"has-post-thumbnail","6":"product_cat-time-management-de","7":"product_tag-play-on-pc-de","9":"first","10":"instock","11":"shipping-taxable","12":"purchasable","13":"product-type-simple"},"acf":[],"yoast_head":"<!-- This site is optimized with the Yoast SEO Premium plugin v25.2 (Yoast SEO v25.2) - https:\/\/yoast.com\/wordpress\/plugins\/seo\/ -->\n<title>Fabulous - Angela&#039;s Wedding Disaster Platinum Edition - Begleite Angela in einem neuen Verkleidungsabenteuer<\/title>\n<meta name=\"description\" content=\"Sag &quot;Ja!&quot; zu dem Kleid mit Angelas R\u00fccken! und begeben Sie sich mit ihr auf eine neue Reise!\" \/>\n<meta name=\"robots\" content=\"index, follow, max-snippet:-1, max-image-preview:large, max-video-preview:-1\" \/>\n<link rel=\"canonical\" href=\"https:\/\/www.iplay.com\/de\/games\/fabulous-angelas-wedding-disaster-platinum-edition\/\" \/>\n<meta property=\"og:locale\" content=\"de_DE\" \/>\n<meta property=\"og:type\" content=\"article\" \/>\n<meta property=\"og:title\" content=\"Fabulous - Angela&#039;s Wedding Disaster Platinum Edition\" \/>\n<meta property=\"og:description\" content=\"Sag &quot;Ja!&quot; zu dem Kleid mit Angelas R\u00fccken! und begeben Sie sich mit ihr auf eine neue Reise!\" \/>\n<meta property=\"og:url\" content=\"https:\/\/www.iplay.com\/de\/games\/fabulous-angelas-wedding-disaster-platinum-edition\/\" \/>\n<meta property=\"og:site_name\" content=\"IPlay\" \/>\n<meta property=\"og:image\" content=\"https:\/\/www.iplay.com\/wp-content\/uploads\/2023\/12\/large_square_tile_image-2986.jpg\" \/>\n\t<meta property=\"og:image:width\" content=\"310\" \/>\n\t<meta property=\"og:image:height\" content=\"310\" \/>\n\t<meta property=\"og:image:type\" content=\"image\/jpeg\" \/>\n<meta name=\"twitter:card\" content=\"summary_large_image\" \/>\n<meta name=\"twitter:label1\" content=\"Gesch\u00e4tzte Lesezeit\" \/>\n\t<meta name=\"twitter:data1\" content=\"1 Minute\" \/>\n<script type=\"application\/ld+json\" class=\"yoast-schema-graph\">{\"@context\":\"https:\/\/schema.org\",\"@graph\":[{\"@type\":\"WebPage\",\"@id\":\"https:\/\/www.iplay.com\/de\/games\/fabulous-angelas-wedding-disaster-platinum-edition\/\",\"url\":\"https:\/\/www.iplay.com\/de\/games\/fabulous-angelas-wedding-disaster-platinum-edition\/\",\"name\":\"Fabulous - Angela's Wedding Disaster Platinum Edition - Begleite Angela in einem neuen Verkleidungsabenteuer\",\"isPartOf\":{\"@id\":\"https:\/\/www.iplay.com\/en\/#website\"},\"primaryImageOfPage\":{\"@id\":\"https:\/\/www.iplay.com\/de\/games\/fabulous-angelas-wedding-disaster-platinum-edition\/#primaryimage\"},\"image\":{\"@id\":\"https:\/\/www.iplay.com\/de\/games\/fabulous-angelas-wedding-disaster-platinum-edition\/#primaryimage\"},\"thumbnailUrl\":\"https:\/\/www.iplay.com\/wp-content\/uploads\/2023\/12\/large_square_tile_image-2986.jpg\",\"datePublished\":\"2018-04-30T00:00:01+00:00\",\"description\":\"Sag \\\"Ja!\\\" zu dem Kleid mit Angelas R\u00fccken! und begeben Sie sich mit ihr auf eine neue Reise!\",\"breadcrumb\":{\"@id\":\"https:\/\/www.iplay.com\/de\/games\/fabulous-angelas-wedding-disaster-platinum-edition\/#breadcrumb\"},\"inLanguage\":\"de-DE\",\"potentialAction\":[{\"@type\":\"ReadAction\",\"target\":[\"https:\/\/www.iplay.com\/de\/games\/fabulous-angelas-wedding-disaster-platinum-edition\/\"]}]},{\"@type\":\"ImageObject\",\"inLanguage\":\"de-DE\",\"@id\":\"https:\/\/www.iplay.com\/de\/games\/fabulous-angelas-wedding-disaster-platinum-edition\/#primaryimage\",\"url\":\"https:\/\/www.iplay.com\/wp-content\/uploads\/2023\/12\/large_square_tile_image-2986.jpg\",\"contentUrl\":\"https:\/\/www.iplay.com\/wp-content\/uploads\/2023\/12\/large_square_tile_image-2986.jpg\",\"width\":310,\"height\":310},{\"@type\":\"BreadcrumbList\",\"@id\":\"https:\/\/www.iplay.com\/de\/games\/fabulous-angelas-wedding-disaster-platinum-edition\/#breadcrumb\",\"itemListElement\":[{\"@type\":\"ListItem\",\"position\":1,\"name\":\"Home\",\"item\":\"https:\/\/www.iplay.com\/de\/home-page-2\/\"},{\"@type\":\"ListItem\",\"position\":2,\"name\":\"Shop\",\"item\":\"https:\/\/www.iplay.com\/en\/shop\/\"},{\"@type\":\"ListItem\",\"position\":3,\"name\":\"Fabulous &#8211; Angela&#8217;s Wedding Disaster Platinum Edition\"}]},{\"@type\":\"WebSite\",\"@id\":\"https:\/\/www.iplay.com\/en\/#website\",\"url\":\"https:\/\/www.iplay.com\/en\/\",\"name\":\"IPlay\",\"description\":\"The Best Casual Games!\",\"publisher\":{\"@id\":\"https:\/\/www.iplay.com\/en\/#organization\"},\"potentialAction\":[{\"@type\":\"SearchAction\",\"target\":{\"@type\":\"EntryPoint\",\"urlTemplate\":\"https:\/\/www.iplay.com\/en\/?s={search_term_string}\"},\"query-input\":{\"@type\":\"PropertyValueSpecification\",\"valueRequired\":true,\"valueName\":\"search_term_string\"}}],\"inLanguage\":\"de-DE\"},{\"@type\":\"Organization\",\"@id\":\"https:\/\/www.iplay.com\/en\/#organization\",\"name\":\"IPlay\",\"url\":\"https:\/\/www.iplay.com\/en\/\",\"logo\":{\"@type\":\"ImageObject\",\"inLanguage\":\"de-DE\",\"@id\":\"https:\/\/www.iplay.com\/en\/#\/schema\/logo\/image\/\",\"url\":\"https:\/\/www.iplay.com\/wp-content\/uploads\/2023\/11\/Group-6100.svg\",\"contentUrl\":\"https:\/\/www.iplay.com\/wp-content\/uploads\/2023\/11\/Group-6100.svg\",\"width\":98,\"height\":25,\"caption\":\"IPlay\"},\"image\":{\"@id\":\"https:\/\/www.iplay.com\/en\/#\/schema\/logo\/image\/\"}}]}<\/script>\n<!-- \/ Yoast SEO Premium plugin. -->","yoast_head_json":{"title":"Fabulous - Angela's Wedding Disaster Platinum Edition - Begleite Angela in einem neuen Verkleidungsabenteuer","description":"Sag \"Ja!\" zu dem Kleid mit Angelas R\u00fccken! und begeben Sie sich mit ihr auf eine neue Reise!","robots":{"index":"index","follow":"follow","max-snippet":"max-snippet:-1","max-image-preview":"max-image-preview:large","max-video-preview":"max-video-preview:-1"},"canonical":"https:\/\/www.iplay.com\/de\/games\/fabulous-angelas-wedding-disaster-platinum-edition\/","og_locale":"de_DE","og_type":"article","og_title":"Fabulous - Angela's Wedding Disaster Platinum Edition","og_description":"Sag \"Ja!\" zu dem Kleid mit Angelas R\u00fccken! und begeben Sie sich mit ihr auf eine neue Reise!","og_url":"https:\/\/www.iplay.com\/de\/games\/fabulous-angelas-wedding-disaster-platinum-edition\/","og_site_name":"IPlay","og_image":[{"width":310,"height":310,"url":"https:\/\/www.iplay.com\/wp-content\/uploads\/2023\/12\/large_square_tile_image-2986.jpg","type":"image\/jpeg"}],"twitter_card":"summary_large_image","twitter_misc":{"Gesch\u00e4tzte Lesezeit":"1 Minute"},"schema":{"@context":"https:\/\/schema.org","@graph":[{"@type":"WebPage","@id":"https:\/\/www.iplay.com\/de\/games\/fabulous-angelas-wedding-disaster-platinum-edition\/","url":"https:\/\/www.iplay.com\/de\/games\/fabulous-angelas-wedding-disaster-platinum-edition\/","name":"Fabulous - Angela's Wedding Disaster Platinum Edition - Begleite Angela in einem neuen Verkleidungsabenteuer","isPartOf":{"@id":"https:\/\/www.iplay.com\/en\/#website"},"primaryImageOfPage":{"@id":"https:\/\/www.iplay.com\/de\/games\/fabulous-angelas-wedding-disaster-platinum-edition\/#primaryimage"},"image":{"@id":"https:\/\/www.iplay.com\/de\/games\/fabulous-angelas-wedding-disaster-platinum-edition\/#primaryimage"},"thumbnailUrl":"https:\/\/www.iplay.com\/wp-content\/uploads\/2023\/12\/large_square_tile_image-2986.jpg","datePublished":"2018-04-30T00:00:01+00:00","description":"Sag \"Ja!\" zu dem Kleid mit Angelas R\u00fccken! und begeben Sie sich mit ihr auf eine neue Reise!","breadcrumb":{"@id":"https:\/\/www.iplay.com\/de\/games\/fabulous-angelas-wedding-disaster-platinum-edition\/#breadcrumb"},"inLanguage":"de-DE","potentialAction":[{"@type":"ReadAction","target":["https:\/\/www.iplay.com\/de\/games\/fabulous-angelas-wedding-disaster-platinum-edition\/"]}]},{"@type":"ImageObject","inLanguage":"de-DE","@id":"https:\/\/www.iplay.com\/de\/games\/fabulous-angelas-wedding-disaster-platinum-edition\/#primaryimage","url":"https:\/\/www.iplay.com\/wp-content\/uploads\/2023\/12\/large_square_tile_image-2986.jpg","contentUrl":"https:\/\/www.iplay.com\/wp-content\/uploads\/2023\/12\/large_square_tile_image-2986.jpg","width":310,"height":310},{"@type":"BreadcrumbList","@id":"https:\/\/www.iplay.com\/de\/games\/fabulous-angelas-wedding-disaster-platinum-edition\/#breadcrumb","itemListElement":[{"@type":"ListItem","position":1,"name":"Home","item":"https:\/\/www.iplay.com\/de\/home-page-2\/"},{"@type":"ListItem","position":2,"name":"Shop","item":"https:\/\/www.iplay.com\/en\/shop\/"},{"@type":"ListItem","position":3,"name":"Fabulous &#8211; Angela&#8217;s Wedding Disaster Platinum Edition"}]},{"@type":"WebSite","@id":"https:\/\/www.iplay.com\/en\/#website","url":"https:\/\/www.iplay.com\/en\/","name":"IPlay","description":"The Best Casual Games!","publisher":{"@id":"https:\/\/www.iplay.com\/en\/#organization"},"potentialAction":[{"@type":"SearchAction","target":{"@type":"EntryPoint","urlTemplate":"https:\/\/www.iplay.com\/en\/?s={search_term_string}"},"query-input":{"@type":"PropertyValueSpecification","valueRequired":true,"valueName":"search_term_string"}}],"inLanguage":"de-DE"},{"@type":"Organization","@id":"https:\/\/www.iplay.com\/en\/#organization","name":"IPlay","url":"https:\/\/www.iplay.com\/en\/","logo":{"@type":"ImageObject","inLanguage":"de-DE","@id":"https:\/\/www.iplay.com\/en\/#\/schema\/logo\/image\/","url":"https:\/\/www.iplay.com\/wp-content\/uploads\/2023\/11\/Group-6100.svg","contentUrl":"https:\/\/www.iplay.com\/wp-content\/uploads\/2023\/11\/Group-6100.svg","width":98,"height":25,"caption":"IPlay"},"image":{"@id":"https:\/\/www.iplay.com\/en\/#\/schema\/logo\/image\/"}}]}},"_links":{"self":[{"href":"https:\/\/www.iplay.com\/de\/wp-json\/wp\/v2\/product\/135759","targetHints":{"allow":["GET"]}}],"collection":[{"href":"https:\/\/www.iplay.com\/de\/wp-json\/wp\/v2\/product"}],"about":[{"href":"https:\/\/www.iplay.com\/de\/wp-json\/wp\/v2\/types\/product"}],"author":[{"embeddable":true,"href":"https:\/\/www.iplay.com\/de\/wp-json\/wp\/v2\/users\/10"}],"replies":[{"embeddable":true,"href":"https:\/\/www.iplay.com\/de\/wp-json\/wp\/v2\/comments?post=135759"}],"wp:featuredmedia":[{"embeddable":true,"href":"https:\/\/www.iplay.com\/de\/wp-json\/wp\/v2\/media\/87579"}],"wp:attachment":[{"href":"https:\/\/www.iplay.com\/de\/wp-json\/wp\/v2\/media?parent=135759"}],"wp:term":[{"taxonomy":"product_brand","embeddable":true,"href":"https:\/\/www.iplay.com\/de\/wp-json\/wp\/v2\/product_brand?post=135759"},{"taxonomy":"product_cat","embeddable":true,"href":"https:\/\/www.iplay.com\/de\/wp-json\/wp\/v2\/product_cat?post=135759"},{"taxonomy":"product_tag","embeddable":true,"href":"https:\/\/www.iplay.com\/de\/wp-json\/wp\/v2\/product_tag?post=135759"}],"curies":[{"name":"wp","href":"https:\/\/api.w.org\/{rel}","templated":true}]}}