{"id":135747,"date":"2018-05-26T00:00:00","date_gmt":"2018-05-26T00:00:00","guid":{"rendered":"https:\/\/www.iplay.com\/games\/alicia-quatermain-3-the-mystery-of-the-flaming-gold-ce\/"},"modified":"2018-05-26T00:00:00","modified_gmt":"2018-05-26T00:00:00","slug":"alicia-quatermain-3-the-mystery-of-the-flaming-gold-ce","status":"publish","type":"product","link":"https:\/\/www.iplay.com\/de\/games\/alicia-quatermain-3-the-mystery-of-the-flaming-gold-ce\/","title":{"rendered":"Alicia Quatermain 3: The Mystery of the Flaming Gold CE"},"content":{"rendered":"<p>Sir Gringray l\u00e4dt Alicia Quatermain, eine bekannte Entdeckerin und Adrenalin-Enthusiastin, zu einem Wohlt\u00e4tigkeitsball ein, einem routinem\u00e4\u00dfigen gesellschaftlichen Ereignis, bei dem es zu keinen Ersch\u00fctterungen kommen kann. Aber wer h\u00e4tte vorhersagen k\u00f6nnen, dass alles schrecklich schief gehen w\u00fcrde? Mitten in der Feier taucht ein Geist auf, der Sir Gringrays Familienrelikt, das als Schwert der sieben Meere bekannt ist, an sich rei\u00dft und mit dem Artefakt so schnell in der Luft verschwindet, wie es erschienen ist. Was hat das Erscheinen des Geistes ausgel\u00f6st? Warum hat sie das Schwert der Sieben Meere gestohlen? Ist Sir Gringrays Familienrelikt f\u00fcr immer verschwunden oder kann es zur\u00fcckgefordert werden? Die wichtige Frage ist, ob Alicia bereit w\u00e4re, Sir Gringray bei der Suche nach dem Schwert der sieben Meere zu helfen, oder ob sie ihren Lebensstil \u00fcberdenken und ihre abenteuerlichen Gewohnheiten \u00e4ndern wird, indem sie eine wundersch\u00f6ne Dame und eine Gewohnheit von Elite-Partys wird. Sind Sie wirklich daran interessiert, es herauszufinden? Dann scheuen Sie sich nicht, Alicia Quatermain zum Ball zu folgen und den Beginn einer neuen spektakul\u00e4ren Erz\u00e4hlung mitzuerleben. Lassen Sie alles stehen und liegen und legen Sie los!         <\/p>\n<p>&nbsp;<\/p>\n<p>&nbsp;<\/p>\n<p><strong>Funktionen:<\/strong><\/p>\n<p>&nbsp;<\/p>\n<p>&#8211; Atemberaubende Full-HD-Grafik<\/p>\n<p>&#8211; Besondere Herausforderungen f\u00fcr talentierte Spieler im schwierigen Modus<\/p>\n<p>&#8211; Bereise die Welt<\/p>\n<p>&#8211; R\u00e4tsel und Bonuslevel f\u00fcr aufmerksame Spieler<\/p>\n<p>&#8211; M\u00f6glichkeit, ein seltenes Relikt zu konservieren<\/p>\n","protected":false},"excerpt":{"rendered":"<p>Begeben Sie sich mit Alicia Quatermain auf eine aufregende Reise!<\/p>\n","protected":false},"author":14,"featured_media":96819,"comment_status":"open","ping_status":"closed","template":"","meta":{"_acf_changed":false,"inline_featured_image":false},"product_brand":[],"product_cat":[217],"product_tag":[289],"class_list":{"0":"post-135747","1":"product","2":"type-product","3":"status-publish","4":"has-post-thumbnail","6":"product_cat-time-management-de","7":"product_tag-play-on-pc-de","9":"first","10":"instock","11":"shipping-taxable","12":"purchasable","13":"product-type-simple"},"acf":[],"yoast_head":"<!-- This site is optimized with the Yoast SEO Premium plugin v25.2 (Yoast SEO v25.2) - https:\/\/yoast.com\/wordpress\/plugins\/seo\/ -->\n<title>Alicia Quatermain 3: Das Geheimnis des flammenden Goldes CE - Begeben Sie sich mit Alicia Quatermain auf Abenteuer<\/title>\n<meta name=\"description\" content=\"Begeben Sie sich mit Alicia Quatermain auf eine aufregende Reise!\" \/>\n<meta name=\"robots\" content=\"index, follow, max-snippet:-1, max-image-preview:large, max-video-preview:-1\" \/>\n<link rel=\"canonical\" href=\"https:\/\/www.iplay.com\/de\/games\/alicia-quatermain-3-the-mystery-of-the-flaming-gold-ce\/\" \/>\n<meta property=\"og:locale\" content=\"de_DE\" \/>\n<meta property=\"og:type\" content=\"article\" \/>\n<meta property=\"og:title\" content=\"Alicia Quatermain 3: The Mystery of the Flaming Gold CE\" \/>\n<meta property=\"og:description\" content=\"Begeben Sie sich mit Alicia Quatermain auf eine aufregende Reise!\" \/>\n<meta property=\"og:url\" content=\"https:\/\/www.iplay.com\/de\/games\/alicia-quatermain-3-the-mystery-of-the-flaming-gold-ce\/\" \/>\n<meta property=\"og:site_name\" content=\"IPlay\" \/>\n<meta property=\"og:image\" content=\"https:\/\/www.iplay.com\/wp-content\/uploads\/2023\/12\/large_square_tile_image-3558.jpg\" \/>\n\t<meta property=\"og:image:width\" content=\"310\" \/>\n\t<meta property=\"og:image:height\" content=\"310\" \/>\n\t<meta property=\"og:image:type\" content=\"image\/jpeg\" \/>\n<meta name=\"twitter:card\" content=\"summary_large_image\" \/>\n<meta name=\"twitter:label1\" content=\"Gesch\u00e4tzte Lesezeit\" \/>\n\t<meta name=\"twitter:data1\" content=\"1 Minute\" \/>\n<script type=\"application\/ld+json\" class=\"yoast-schema-graph\">{\"@context\":\"https:\/\/schema.org\",\"@graph\":[{\"@type\":\"WebPage\",\"@id\":\"https:\/\/www.iplay.com\/de\/games\/alicia-quatermain-3-the-mystery-of-the-flaming-gold-ce\/\",\"url\":\"https:\/\/www.iplay.com\/de\/games\/alicia-quatermain-3-the-mystery-of-the-flaming-gold-ce\/\",\"name\":\"Alicia Quatermain 3: Das Geheimnis des flammenden Goldes CE - Begeben Sie sich mit Alicia Quatermain auf Abenteuer\",\"isPartOf\":{\"@id\":\"https:\/\/www.iplay.com\/en\/#website\"},\"primaryImageOfPage\":{\"@id\":\"https:\/\/www.iplay.com\/de\/games\/alicia-quatermain-3-the-mystery-of-the-flaming-gold-ce\/#primaryimage\"},\"image\":{\"@id\":\"https:\/\/www.iplay.com\/de\/games\/alicia-quatermain-3-the-mystery-of-the-flaming-gold-ce\/#primaryimage\"},\"thumbnailUrl\":\"https:\/\/www.iplay.com\/wp-content\/uploads\/2023\/12\/large_square_tile_image-3558.jpg\",\"datePublished\":\"2018-05-26T00:00:00+00:00\",\"description\":\"Begeben Sie sich mit Alicia Quatermain auf eine aufregende Reise!\",\"breadcrumb\":{\"@id\":\"https:\/\/www.iplay.com\/de\/games\/alicia-quatermain-3-the-mystery-of-the-flaming-gold-ce\/#breadcrumb\"},\"inLanguage\":\"de-DE\",\"potentialAction\":[{\"@type\":\"ReadAction\",\"target\":[\"https:\/\/www.iplay.com\/de\/games\/alicia-quatermain-3-the-mystery-of-the-flaming-gold-ce\/\"]}]},{\"@type\":\"ImageObject\",\"inLanguage\":\"de-DE\",\"@id\":\"https:\/\/www.iplay.com\/de\/games\/alicia-quatermain-3-the-mystery-of-the-flaming-gold-ce\/#primaryimage\",\"url\":\"https:\/\/www.iplay.com\/wp-content\/uploads\/2023\/12\/large_square_tile_image-3558.jpg\",\"contentUrl\":\"https:\/\/www.iplay.com\/wp-content\/uploads\/2023\/12\/large_square_tile_image-3558.jpg\",\"width\":310,\"height\":310},{\"@type\":\"BreadcrumbList\",\"@id\":\"https:\/\/www.iplay.com\/de\/games\/alicia-quatermain-3-the-mystery-of-the-flaming-gold-ce\/#breadcrumb\",\"itemListElement\":[{\"@type\":\"ListItem\",\"position\":1,\"name\":\"Home\",\"item\":\"https:\/\/www.iplay.com\/de\/home-page-2\/\"},{\"@type\":\"ListItem\",\"position\":2,\"name\":\"Shop\",\"item\":\"https:\/\/www.iplay.com\/en\/shop\/\"},{\"@type\":\"ListItem\",\"position\":3,\"name\":\"Alicia Quatermain 3: The Mystery of the Flaming Gold CE\"}]},{\"@type\":\"WebSite\",\"@id\":\"https:\/\/www.iplay.com\/en\/#website\",\"url\":\"https:\/\/www.iplay.com\/en\/\",\"name\":\"IPlay\",\"description\":\"The Best Casual Games!\",\"publisher\":{\"@id\":\"https:\/\/www.iplay.com\/en\/#organization\"},\"potentialAction\":[{\"@type\":\"SearchAction\",\"target\":{\"@type\":\"EntryPoint\",\"urlTemplate\":\"https:\/\/www.iplay.com\/en\/?s={search_term_string}\"},\"query-input\":{\"@type\":\"PropertyValueSpecification\",\"valueRequired\":true,\"valueName\":\"search_term_string\"}}],\"inLanguage\":\"de-DE\"},{\"@type\":\"Organization\",\"@id\":\"https:\/\/www.iplay.com\/en\/#organization\",\"name\":\"IPlay\",\"url\":\"https:\/\/www.iplay.com\/en\/\",\"logo\":{\"@type\":\"ImageObject\",\"inLanguage\":\"de-DE\",\"@id\":\"https:\/\/www.iplay.com\/en\/#\/schema\/logo\/image\/\",\"url\":\"https:\/\/www.iplay.com\/wp-content\/uploads\/2023\/11\/Group-6100.svg\",\"contentUrl\":\"https:\/\/www.iplay.com\/wp-content\/uploads\/2023\/11\/Group-6100.svg\",\"width\":98,\"height\":25,\"caption\":\"IPlay\"},\"image\":{\"@id\":\"https:\/\/www.iplay.com\/en\/#\/schema\/logo\/image\/\"}}]}<\/script>\n<!-- \/ Yoast SEO Premium plugin. -->","yoast_head_json":{"title":"Alicia Quatermain 3: Das Geheimnis des flammenden Goldes CE - Begeben Sie sich mit Alicia Quatermain auf Abenteuer","description":"Begeben Sie sich mit Alicia Quatermain auf eine aufregende Reise!","robots":{"index":"index","follow":"follow","max-snippet":"max-snippet:-1","max-image-preview":"max-image-preview:large","max-video-preview":"max-video-preview:-1"},"canonical":"https:\/\/www.iplay.com\/de\/games\/alicia-quatermain-3-the-mystery-of-the-flaming-gold-ce\/","og_locale":"de_DE","og_type":"article","og_title":"Alicia Quatermain 3: The Mystery of the Flaming Gold CE","og_description":"Begeben Sie sich mit Alicia Quatermain auf eine aufregende Reise!","og_url":"https:\/\/www.iplay.com\/de\/games\/alicia-quatermain-3-the-mystery-of-the-flaming-gold-ce\/","og_site_name":"IPlay","og_image":[{"width":310,"height":310,"url":"https:\/\/www.iplay.com\/wp-content\/uploads\/2023\/12\/large_square_tile_image-3558.jpg","type":"image\/jpeg"}],"twitter_card":"summary_large_image","twitter_misc":{"Gesch\u00e4tzte Lesezeit":"1 Minute"},"schema":{"@context":"https:\/\/schema.org","@graph":[{"@type":"WebPage","@id":"https:\/\/www.iplay.com\/de\/games\/alicia-quatermain-3-the-mystery-of-the-flaming-gold-ce\/","url":"https:\/\/www.iplay.com\/de\/games\/alicia-quatermain-3-the-mystery-of-the-flaming-gold-ce\/","name":"Alicia Quatermain 3: Das Geheimnis des flammenden Goldes CE - Begeben Sie sich mit Alicia Quatermain auf Abenteuer","isPartOf":{"@id":"https:\/\/www.iplay.com\/en\/#website"},"primaryImageOfPage":{"@id":"https:\/\/www.iplay.com\/de\/games\/alicia-quatermain-3-the-mystery-of-the-flaming-gold-ce\/#primaryimage"},"image":{"@id":"https:\/\/www.iplay.com\/de\/games\/alicia-quatermain-3-the-mystery-of-the-flaming-gold-ce\/#primaryimage"},"thumbnailUrl":"https:\/\/www.iplay.com\/wp-content\/uploads\/2023\/12\/large_square_tile_image-3558.jpg","datePublished":"2018-05-26T00:00:00+00:00","description":"Begeben Sie sich mit Alicia Quatermain auf eine aufregende Reise!","breadcrumb":{"@id":"https:\/\/www.iplay.com\/de\/games\/alicia-quatermain-3-the-mystery-of-the-flaming-gold-ce\/#breadcrumb"},"inLanguage":"de-DE","potentialAction":[{"@type":"ReadAction","target":["https:\/\/www.iplay.com\/de\/games\/alicia-quatermain-3-the-mystery-of-the-flaming-gold-ce\/"]}]},{"@type":"ImageObject","inLanguage":"de-DE","@id":"https:\/\/www.iplay.com\/de\/games\/alicia-quatermain-3-the-mystery-of-the-flaming-gold-ce\/#primaryimage","url":"https:\/\/www.iplay.com\/wp-content\/uploads\/2023\/12\/large_square_tile_image-3558.jpg","contentUrl":"https:\/\/www.iplay.com\/wp-content\/uploads\/2023\/12\/large_square_tile_image-3558.jpg","width":310,"height":310},{"@type":"BreadcrumbList","@id":"https:\/\/www.iplay.com\/de\/games\/alicia-quatermain-3-the-mystery-of-the-flaming-gold-ce\/#breadcrumb","itemListElement":[{"@type":"ListItem","position":1,"name":"Home","item":"https:\/\/www.iplay.com\/de\/home-page-2\/"},{"@type":"ListItem","position":2,"name":"Shop","item":"https:\/\/www.iplay.com\/en\/shop\/"},{"@type":"ListItem","position":3,"name":"Alicia Quatermain 3: The Mystery of the Flaming Gold CE"}]},{"@type":"WebSite","@id":"https:\/\/www.iplay.com\/en\/#website","url":"https:\/\/www.iplay.com\/en\/","name":"IPlay","description":"The Best Casual Games!","publisher":{"@id":"https:\/\/www.iplay.com\/en\/#organization"},"potentialAction":[{"@type":"SearchAction","target":{"@type":"EntryPoint","urlTemplate":"https:\/\/www.iplay.com\/en\/?s={search_term_string}"},"query-input":{"@type":"PropertyValueSpecification","valueRequired":true,"valueName":"search_term_string"}}],"inLanguage":"de-DE"},{"@type":"Organization","@id":"https:\/\/www.iplay.com\/en\/#organization","name":"IPlay","url":"https:\/\/www.iplay.com\/en\/","logo":{"@type":"ImageObject","inLanguage":"de-DE","@id":"https:\/\/www.iplay.com\/en\/#\/schema\/logo\/image\/","url":"https:\/\/www.iplay.com\/wp-content\/uploads\/2023\/11\/Group-6100.svg","contentUrl":"https:\/\/www.iplay.com\/wp-content\/uploads\/2023\/11\/Group-6100.svg","width":98,"height":25,"caption":"IPlay"},"image":{"@id":"https:\/\/www.iplay.com\/en\/#\/schema\/logo\/image\/"}}]}},"_links":{"self":[{"href":"https:\/\/www.iplay.com\/de\/wp-json\/wp\/v2\/product\/135747","targetHints":{"allow":["GET"]}}],"collection":[{"href":"https:\/\/www.iplay.com\/de\/wp-json\/wp\/v2\/product"}],"about":[{"href":"https:\/\/www.iplay.com\/de\/wp-json\/wp\/v2\/types\/product"}],"author":[{"embeddable":true,"href":"https:\/\/www.iplay.com\/de\/wp-json\/wp\/v2\/users\/14"}],"replies":[{"embeddable":true,"href":"https:\/\/www.iplay.com\/de\/wp-json\/wp\/v2\/comments?post=135747"}],"wp:featuredmedia":[{"embeddable":true,"href":"https:\/\/www.iplay.com\/de\/wp-json\/wp\/v2\/media\/96819"}],"wp:attachment":[{"href":"https:\/\/www.iplay.com\/de\/wp-json\/wp\/v2\/media?parent=135747"}],"wp:term":[{"taxonomy":"product_brand","embeddable":true,"href":"https:\/\/www.iplay.com\/de\/wp-json\/wp\/v2\/product_brand?post=135747"},{"taxonomy":"product_cat","embeddable":true,"href":"https:\/\/www.iplay.com\/de\/wp-json\/wp\/v2\/product_cat?post=135747"},{"taxonomy":"product_tag","embeddable":true,"href":"https:\/\/www.iplay.com\/de\/wp-json\/wp\/v2\/product_tag?post=135747"}],"curies":[{"name":"wp","href":"https:\/\/api.w.org\/{rel}","templated":true}]}}