{"id":135737,"date":"2018-06-21T00:00:01","date_gmt":"2018-06-21T00:00:01","guid":{"rendered":"https:\/\/www.iplay.com\/games\/sallys-salon-kiss-and-make-up\/"},"modified":"2018-06-21T00:00:01","modified_gmt":"2018-06-21T00:00:01","slug":"sallys-salon-kiss-and-make-up","status":"publish","type":"product","link":"https:\/\/www.iplay.com\/de\/games\/sallys-salon-kiss-and-make-up\/","title":{"rendered":"Sally&#8217;s Salon: Kiss and Make-Up"},"content":{"rendered":"<p>Hallo, hier ist Fran. Erlauben Sie mir, Sie auf eine Reise mitzunehmen. Und ich verspreche, dass es eine unvergessliche Reise wird! Alles begann vor ein paar Monaten, als Sally und ich uns in ihrem Salon vergn\u00fcgten. Als Kosmetikerinnen florierte unser Gesch\u00e4ft, M\u00e4dchen sch\u00f6n aussehen zu lassen! All das \u00e4nderte sich, als April, ihre beste Freundin (lacht!) dort auftauchte und Sally die einmalige Chance gab. Gott sei Dank, Sally, sie zieht es vor, sich ausschlie\u00dflich auf die positiven Aspekte der Menschen zu konzentrieren und schenkt April wirklich Aufmerksamkeit. Das N\u00e4chste, was man wei\u00df, ist, dass sie ihren Salon verkauft und ihr ganzes Geld verwendet hat, um das opulente Spa Happyville zu besitzen. Und da begann das eigentliche Chaos! April ist besessen davon, einen Mirage-Stern f\u00fcr das Spa zu bekommen, und wird vor nichts zur\u00fcckschrecken, um dies zu erreichen! Sally beharrt darauf, dass April nicht so schrecklich ist, wie sie scheint. Ich entschuldige mich, aber wenn es ein schlangenartiges Aussehen hat und sich wie eine schl\u00e4ngelt, dann ist das nur MEINE Meinung! Komm r\u00fcber und hilf mir, Sally etwas Vernunft in den Kopf zu reden. Am Ende bin ich zuversichtlich, dass alles mit Ihrer Hilfe klappen wird!             <\/p>\n<p>&nbsp;<\/p>\n<p>&nbsp;<\/p>\n<p><strong>Funktionen:<\/strong><\/p>\n<p>&nbsp;<\/p>\n<ul>\n<li>Machen Sie mit, wenn Fran\u00e7ois den charmanten Erz\u00e4hler spielt, der geselliger und urkomischer ist als je zuvor!<\/li>\n<li>Erlebe urkomische Filmsequenzen, die die Geschichte wie nie zuvor zum Leben erwecken.<\/li>\n<li>Weisen Sie Ihrem Helfer (Fran\u00e7ois!) eine Station zu und sagen Sie ihm, wie er Ihnen helfen kann.<\/li>\n<li>K\u00e4mpfe dir deinen Weg durch 60 Haarlocken-Levels und weitere 28 Herausforderungslevel.<\/li>\n<li>Meistere 23 Minispiele zum Thema Sch\u00f6nheit, f\u00fcr die du f\u00e4rben kannst.<\/li>\n<li>Werden Sie Kosmetikerin, indem Sie N\u00e4gel machen, Haare schneiden, Massagen geben und viele andere Behandlungen durchf\u00fchren.<\/li>\n<\/ul>\n","protected":false},"excerpt":{"rendered":"<p>In einem brandneuen Spa st\u00fcrzen sich Sally und Fran\u00e7ois kopf\u00fcber in Aufruhr und Wahnsinn!<\/p>\n","protected":false},"author":10,"featured_media":87323,"comment_status":"open","ping_status":"closed","template":"","meta":{"_acf_changed":false,"inline_featured_image":false},"product_brand":[],"product_cat":[217],"product_tag":[289],"class_list":{"0":"post-135737","1":"product","2":"type-product","3":"status-publish","4":"has-post-thumbnail","6":"product_cat-time-management-de","7":"product_tag-play-on-pc-de","9":"first","10":"instock","11":"shipping-taxable","12":"purchasable","13":"product-type-simple"},"acf":[],"yoast_head":"<!-- This site is optimized with the Yoast SEO Premium plugin v25.2 (Yoast SEO v25.2) - https:\/\/yoast.com\/wordpress\/plugins\/seo\/ -->\n<title>Sally&#039;s Salon: Kuss und Make-up - Sally und Fran\u00e7ois st\u00fcrzen sich in einem neuen Spa-Abenteuer ins Chaos<\/title>\n<meta name=\"description\" content=\"In einem brandneuen Spa st\u00fcrzen sich Sally und Fran\u00e7ois kopf\u00fcber in Aufruhr und Wahnsinn!\" \/>\n<meta name=\"robots\" content=\"index, follow, max-snippet:-1, max-image-preview:large, max-video-preview:-1\" \/>\n<link rel=\"canonical\" href=\"https:\/\/www.iplay.com\/de\/games\/sallys-salon-kiss-and-make-up\/\" \/>\n<meta property=\"og:locale\" content=\"de_DE\" \/>\n<meta property=\"og:type\" content=\"article\" \/>\n<meta property=\"og:title\" content=\"Sally&#039;s Salon: Kiss and Make-Up\" \/>\n<meta property=\"og:description\" content=\"In einem brandneuen Spa st\u00fcrzen sich Sally und Fran\u00e7ois kopf\u00fcber in Aufruhr und Wahnsinn!\" \/>\n<meta property=\"og:url\" content=\"https:\/\/www.iplay.com\/de\/games\/sallys-salon-kiss-and-make-up\/\" \/>\n<meta property=\"og:site_name\" content=\"IPlay\" \/>\n<meta property=\"og:image\" content=\"https:\/\/www.iplay.com\/wp-content\/uploads\/2023\/12\/large_square_tile_image-2970.jpg\" \/>\n\t<meta property=\"og:image:width\" content=\"310\" \/>\n\t<meta property=\"og:image:height\" content=\"310\" \/>\n\t<meta property=\"og:image:type\" content=\"image\/jpeg\" \/>\n<meta name=\"twitter:card\" content=\"summary_large_image\" \/>\n<meta name=\"twitter:label1\" content=\"Gesch\u00e4tzte Lesezeit\" \/>\n\t<meta name=\"twitter:data1\" content=\"1 Minute\" \/>\n<script type=\"application\/ld+json\" class=\"yoast-schema-graph\">{\"@context\":\"https:\/\/schema.org\",\"@graph\":[{\"@type\":\"WebPage\",\"@id\":\"https:\/\/www.iplay.com\/de\/games\/sallys-salon-kiss-and-make-up\/\",\"url\":\"https:\/\/www.iplay.com\/de\/games\/sallys-salon-kiss-and-make-up\/\",\"name\":\"Sally's Salon: Kuss und Make-up - Sally und Fran\u00e7ois st\u00fcrzen sich in einem neuen Spa-Abenteuer ins Chaos\",\"isPartOf\":{\"@id\":\"https:\/\/www.iplay.com\/en\/#website\"},\"primaryImageOfPage\":{\"@id\":\"https:\/\/www.iplay.com\/de\/games\/sallys-salon-kiss-and-make-up\/#primaryimage\"},\"image\":{\"@id\":\"https:\/\/www.iplay.com\/de\/games\/sallys-salon-kiss-and-make-up\/#primaryimage\"},\"thumbnailUrl\":\"https:\/\/www.iplay.com\/wp-content\/uploads\/2023\/12\/large_square_tile_image-2970.jpg\",\"datePublished\":\"2018-06-21T00:00:01+00:00\",\"description\":\"In einem brandneuen Spa st\u00fcrzen sich Sally und Fran\u00e7ois kopf\u00fcber in Aufruhr und Wahnsinn!\",\"breadcrumb\":{\"@id\":\"https:\/\/www.iplay.com\/de\/games\/sallys-salon-kiss-and-make-up\/#breadcrumb\"},\"inLanguage\":\"de-DE\",\"potentialAction\":[{\"@type\":\"ReadAction\",\"target\":[\"https:\/\/www.iplay.com\/de\/games\/sallys-salon-kiss-and-make-up\/\"]}]},{\"@type\":\"ImageObject\",\"inLanguage\":\"de-DE\",\"@id\":\"https:\/\/www.iplay.com\/de\/games\/sallys-salon-kiss-and-make-up\/#primaryimage\",\"url\":\"https:\/\/www.iplay.com\/wp-content\/uploads\/2023\/12\/large_square_tile_image-2970.jpg\",\"contentUrl\":\"https:\/\/www.iplay.com\/wp-content\/uploads\/2023\/12\/large_square_tile_image-2970.jpg\",\"width\":310,\"height\":310},{\"@type\":\"BreadcrumbList\",\"@id\":\"https:\/\/www.iplay.com\/de\/games\/sallys-salon-kiss-and-make-up\/#breadcrumb\",\"itemListElement\":[{\"@type\":\"ListItem\",\"position\":1,\"name\":\"Home\",\"item\":\"https:\/\/www.iplay.com\/de\/home-page-2\/\"},{\"@type\":\"ListItem\",\"position\":2,\"name\":\"Shop\",\"item\":\"https:\/\/www.iplay.com\/en\/shop\/\"},{\"@type\":\"ListItem\",\"position\":3,\"name\":\"Sally&#8217;s Salon: Kiss and Make-Up\"}]},{\"@type\":\"WebSite\",\"@id\":\"https:\/\/www.iplay.com\/en\/#website\",\"url\":\"https:\/\/www.iplay.com\/en\/\",\"name\":\"IPlay\",\"description\":\"The Best Casual Games!\",\"publisher\":{\"@id\":\"https:\/\/www.iplay.com\/en\/#organization\"},\"potentialAction\":[{\"@type\":\"SearchAction\",\"target\":{\"@type\":\"EntryPoint\",\"urlTemplate\":\"https:\/\/www.iplay.com\/en\/?s={search_term_string}\"},\"query-input\":{\"@type\":\"PropertyValueSpecification\",\"valueRequired\":true,\"valueName\":\"search_term_string\"}}],\"inLanguage\":\"de-DE\"},{\"@type\":\"Organization\",\"@id\":\"https:\/\/www.iplay.com\/en\/#organization\",\"name\":\"IPlay\",\"url\":\"https:\/\/www.iplay.com\/en\/\",\"logo\":{\"@type\":\"ImageObject\",\"inLanguage\":\"de-DE\",\"@id\":\"https:\/\/www.iplay.com\/en\/#\/schema\/logo\/image\/\",\"url\":\"https:\/\/www.iplay.com\/wp-content\/uploads\/2023\/11\/Group-6100.svg\",\"contentUrl\":\"https:\/\/www.iplay.com\/wp-content\/uploads\/2023\/11\/Group-6100.svg\",\"width\":98,\"height\":25,\"caption\":\"IPlay\"},\"image\":{\"@id\":\"https:\/\/www.iplay.com\/en\/#\/schema\/logo\/image\/\"}}]}<\/script>\n<!-- \/ Yoast SEO Premium plugin. -->","yoast_head_json":{"title":"Sally's Salon: Kuss und Make-up - Sally und Fran\u00e7ois st\u00fcrzen sich in einem neuen Spa-Abenteuer ins Chaos","description":"In einem brandneuen Spa st\u00fcrzen sich Sally und Fran\u00e7ois kopf\u00fcber in Aufruhr und Wahnsinn!","robots":{"index":"index","follow":"follow","max-snippet":"max-snippet:-1","max-image-preview":"max-image-preview:large","max-video-preview":"max-video-preview:-1"},"canonical":"https:\/\/www.iplay.com\/de\/games\/sallys-salon-kiss-and-make-up\/","og_locale":"de_DE","og_type":"article","og_title":"Sally's Salon: Kiss and Make-Up","og_description":"In einem brandneuen Spa st\u00fcrzen sich Sally und Fran\u00e7ois kopf\u00fcber in Aufruhr und Wahnsinn!","og_url":"https:\/\/www.iplay.com\/de\/games\/sallys-salon-kiss-and-make-up\/","og_site_name":"IPlay","og_image":[{"width":310,"height":310,"url":"https:\/\/www.iplay.com\/wp-content\/uploads\/2023\/12\/large_square_tile_image-2970.jpg","type":"image\/jpeg"}],"twitter_card":"summary_large_image","twitter_misc":{"Gesch\u00e4tzte Lesezeit":"1 Minute"},"schema":{"@context":"https:\/\/schema.org","@graph":[{"@type":"WebPage","@id":"https:\/\/www.iplay.com\/de\/games\/sallys-salon-kiss-and-make-up\/","url":"https:\/\/www.iplay.com\/de\/games\/sallys-salon-kiss-and-make-up\/","name":"Sally's Salon: Kuss und Make-up - Sally und Fran\u00e7ois st\u00fcrzen sich in einem neuen Spa-Abenteuer ins Chaos","isPartOf":{"@id":"https:\/\/www.iplay.com\/en\/#website"},"primaryImageOfPage":{"@id":"https:\/\/www.iplay.com\/de\/games\/sallys-salon-kiss-and-make-up\/#primaryimage"},"image":{"@id":"https:\/\/www.iplay.com\/de\/games\/sallys-salon-kiss-and-make-up\/#primaryimage"},"thumbnailUrl":"https:\/\/www.iplay.com\/wp-content\/uploads\/2023\/12\/large_square_tile_image-2970.jpg","datePublished":"2018-06-21T00:00:01+00:00","description":"In einem brandneuen Spa st\u00fcrzen sich Sally und Fran\u00e7ois kopf\u00fcber in Aufruhr und Wahnsinn!","breadcrumb":{"@id":"https:\/\/www.iplay.com\/de\/games\/sallys-salon-kiss-and-make-up\/#breadcrumb"},"inLanguage":"de-DE","potentialAction":[{"@type":"ReadAction","target":["https:\/\/www.iplay.com\/de\/games\/sallys-salon-kiss-and-make-up\/"]}]},{"@type":"ImageObject","inLanguage":"de-DE","@id":"https:\/\/www.iplay.com\/de\/games\/sallys-salon-kiss-and-make-up\/#primaryimage","url":"https:\/\/www.iplay.com\/wp-content\/uploads\/2023\/12\/large_square_tile_image-2970.jpg","contentUrl":"https:\/\/www.iplay.com\/wp-content\/uploads\/2023\/12\/large_square_tile_image-2970.jpg","width":310,"height":310},{"@type":"BreadcrumbList","@id":"https:\/\/www.iplay.com\/de\/games\/sallys-salon-kiss-and-make-up\/#breadcrumb","itemListElement":[{"@type":"ListItem","position":1,"name":"Home","item":"https:\/\/www.iplay.com\/de\/home-page-2\/"},{"@type":"ListItem","position":2,"name":"Shop","item":"https:\/\/www.iplay.com\/en\/shop\/"},{"@type":"ListItem","position":3,"name":"Sally&#8217;s Salon: Kiss and Make-Up"}]},{"@type":"WebSite","@id":"https:\/\/www.iplay.com\/en\/#website","url":"https:\/\/www.iplay.com\/en\/","name":"IPlay","description":"The Best Casual Games!","publisher":{"@id":"https:\/\/www.iplay.com\/en\/#organization"},"potentialAction":[{"@type":"SearchAction","target":{"@type":"EntryPoint","urlTemplate":"https:\/\/www.iplay.com\/en\/?s={search_term_string}"},"query-input":{"@type":"PropertyValueSpecification","valueRequired":true,"valueName":"search_term_string"}}],"inLanguage":"de-DE"},{"@type":"Organization","@id":"https:\/\/www.iplay.com\/en\/#organization","name":"IPlay","url":"https:\/\/www.iplay.com\/en\/","logo":{"@type":"ImageObject","inLanguage":"de-DE","@id":"https:\/\/www.iplay.com\/en\/#\/schema\/logo\/image\/","url":"https:\/\/www.iplay.com\/wp-content\/uploads\/2023\/11\/Group-6100.svg","contentUrl":"https:\/\/www.iplay.com\/wp-content\/uploads\/2023\/11\/Group-6100.svg","width":98,"height":25,"caption":"IPlay"},"image":{"@id":"https:\/\/www.iplay.com\/en\/#\/schema\/logo\/image\/"}}]}},"_links":{"self":[{"href":"https:\/\/www.iplay.com\/de\/wp-json\/wp\/v2\/product\/135737","targetHints":{"allow":["GET"]}}],"collection":[{"href":"https:\/\/www.iplay.com\/de\/wp-json\/wp\/v2\/product"}],"about":[{"href":"https:\/\/www.iplay.com\/de\/wp-json\/wp\/v2\/types\/product"}],"author":[{"embeddable":true,"href":"https:\/\/www.iplay.com\/de\/wp-json\/wp\/v2\/users\/10"}],"replies":[{"embeddable":true,"href":"https:\/\/www.iplay.com\/de\/wp-json\/wp\/v2\/comments?post=135737"}],"wp:featuredmedia":[{"embeddable":true,"href":"https:\/\/www.iplay.com\/de\/wp-json\/wp\/v2\/media\/87323"}],"wp:attachment":[{"href":"https:\/\/www.iplay.com\/de\/wp-json\/wp\/v2\/media?parent=135737"}],"wp:term":[{"taxonomy":"product_brand","embeddable":true,"href":"https:\/\/www.iplay.com\/de\/wp-json\/wp\/v2\/product_brand?post=135737"},{"taxonomy":"product_cat","embeddable":true,"href":"https:\/\/www.iplay.com\/de\/wp-json\/wp\/v2\/product_cat?post=135737"},{"taxonomy":"product_tag","embeddable":true,"href":"https:\/\/www.iplay.com\/de\/wp-json\/wp\/v2\/product_tag?post=135737"}],"curies":[{"name":"wp","href":"https:\/\/api.w.org\/{rel}","templated":true}]}}