{"id":135702,"date":"2018-08-23T00:00:02","date_gmt":"2018-08-23T00:00:02","guid":{"rendered":"https:\/\/www.iplay.com\/games\/ambers-airlines-high-hopes\/"},"modified":"2018-08-23T00:00:02","modified_gmt":"2018-08-23T00:00:02","slug":"ambers-airlines-high-hopes","status":"publish","type":"product","link":"https:\/\/www.iplay.com\/de\/games\/ambers-airlines-high-hopes\/","title":{"rendered":"Amber&#8217;s Airlines &#8211; High Hopes"},"content":{"rendered":"<p>Die Sch\u00f6pfer von Delicious, Fabulous und Heart&#8217;s Medicine pr\u00e4sentieren ein v\u00f6llig neues Zeitmanagement-Erlebnis, das dein Herz h\u00f6her schlagen l\u00e4sst! Lernen Sie Amber Hope kennen, eine aufstrebende Stewardess von Snuggford Airlines. Amber wollte schon als kleines M\u00e4dchen an exotische Orte auf der ganzen Welt reisen. Doch zuerst muss sie ihre Pr\u00fcfungen bestehen, um in die Elite-Crew der Stewardessen aufgenommen zu werden. Das wird nicht einfach sein, und sie wird deine Hilfe brauchen. Ambers Leben scheint idyllisch zu sein. Sushi, ihr Lieblingsfisch, teilt sich ihren Wohnsitz. Sie genie\u00dft ihren Job und hofft, eines Tages als vollwertige Flugbegleiterin in einem Flugzeug zu sitzen und Passagiere zu betreuen. Die M\u00f6glichkeiten sind grenzenlos &#8211; wie man so sch\u00f6n sagt, der Himmel ist die Grenze. Der Schein kann jedoch tr\u00fcgen. Alles ist \u00fcberschattet von dem, was ihr als Kind passiert ist, und sie ist nicht in der Lage, ihrer Vergangenheit zu entkommen. Ihre anhaltende Scham und Sorge hindern sie daran, das zu erreichen, was sie tut. Amber ist gezwungen, sich ihren \u00c4ngsten zu stellen, nachdem ihr Flugzeug abgest\u00fcrzt ist. Amber wird sich selbst helfen m\u00fcssen, bevor sie anderen helfen kann, wie man schon oft bei Sicherheitsdemonstrationen geh\u00f6rt hat. Ist sie der Herausforderung gewachsen? Teilen Sie die H\u00f6hen und Tiefen von Ambers Leben. Seien Sie f\u00fcr sie da und helfen Sie ihr, neue H\u00f6hen zu erreichen!                <\/p>\n<p>&nbsp;<\/p>\n<p>&nbsp;<\/p>\n<p><strong>Funktionen:<\/strong><\/p>\n<p>&nbsp;<\/p>\n<ul>\n<li>Lassen Sie sich mitrei\u00dfen von einer wahrhaft wunderbaren Liebes- und Verlustgeschichte<\/li>\n<li>Fliege durch 60 Levels zum Thema Reisen und 30 extra herausfordernde Levels<\/li>\n<li>Erkunden Sie die Welt und werfen Sie einen Blick hinter die Kulissen des Flughafenlebens an 6 einzigartigen Orten<\/li>\n<li>Meistern Sie 18 Minispiele, die jeden Aspekt des Fliegens abdecken, vom Check-in bis zur Sicherheitskontrolle, von Koffern bis zu P\u00e4ssen, von Sicherheitsdemonstrationen bis hin zur Bedienung von Passagieren<\/li>\n<li>Schnallen Sie sich an und erleben Sie fantastische, brandneue Filmsequenzen<\/li>\n<\/ul>\n","protected":false},"excerpt":{"rendered":"<p>In einem brandneuen Airline-Spiel schnallst du dich an und fliegst mit Amber Hope!<\/p>\n","protected":false},"author":10,"featured_media":95845,"comment_status":"open","ping_status":"closed","template":"","meta":{"_acf_changed":false,"inline_featured_image":false},"product_brand":[],"product_cat":[217],"product_tag":[289],"class_list":{"0":"post-135702","1":"product","2":"type-product","3":"status-publish","4":"has-post-thumbnail","6":"product_cat-time-management-de","7":"product_tag-play-on-pc-de","9":"first","10":"instock","11":"shipping-taxable","12":"purchasable","13":"product-type-simple"},"acf":[],"yoast_head":"<!-- This site is optimized with the Yoast SEO Premium plugin v25.2 (Yoast SEO v25.2) - https:\/\/yoast.com\/wordpress\/plugins\/seo\/ -->\n<title>Amber&#039;s Airlines - High Hopes - Abheben mit Amber Hope in einem neuen Airline-Spiel<\/title>\n<meta name=\"description\" content=\"In einem brandneuen Airline-Spiel schnallst du dich an und fliegst mit Amber Hope!\" \/>\n<meta name=\"robots\" content=\"index, follow, max-snippet:-1, max-image-preview:large, max-video-preview:-1\" \/>\n<link rel=\"canonical\" href=\"https:\/\/www.iplay.com\/de\/games\/ambers-airlines-high-hopes\/\" \/>\n<meta property=\"og:locale\" content=\"de_DE\" \/>\n<meta property=\"og:type\" content=\"article\" \/>\n<meta property=\"og:title\" content=\"Amber&#039;s Airlines - High Hopes\" \/>\n<meta property=\"og:description\" content=\"In einem brandneuen Airline-Spiel schnallst du dich an und fliegst mit Amber Hope!\" \/>\n<meta property=\"og:url\" content=\"https:\/\/www.iplay.com\/de\/games\/ambers-airlines-high-hopes\/\" \/>\n<meta property=\"og:site_name\" content=\"IPlay\" \/>\n<meta property=\"og:image\" content=\"https:\/\/www.iplay.com\/wp-content\/uploads\/2023\/12\/large_square_tile_image-3509.jpg\" \/>\n\t<meta property=\"og:image:width\" content=\"310\" \/>\n\t<meta property=\"og:image:height\" content=\"310\" \/>\n\t<meta property=\"og:image:type\" content=\"image\/jpeg\" \/>\n<meta name=\"twitter:card\" content=\"summary_large_image\" \/>\n<meta name=\"twitter:label1\" content=\"Gesch\u00e4tzte Lesezeit\" \/>\n\t<meta name=\"twitter:data1\" content=\"2 Minuten\" \/>\n<script type=\"application\/ld+json\" class=\"yoast-schema-graph\">{\"@context\":\"https:\/\/schema.org\",\"@graph\":[{\"@type\":\"WebPage\",\"@id\":\"https:\/\/www.iplay.com\/de\/games\/ambers-airlines-high-hopes\/\",\"url\":\"https:\/\/www.iplay.com\/de\/games\/ambers-airlines-high-hopes\/\",\"name\":\"Amber's Airlines - High Hopes - Abheben mit Amber Hope in einem neuen Airline-Spiel\",\"isPartOf\":{\"@id\":\"https:\/\/www.iplay.com\/en\/#website\"},\"primaryImageOfPage\":{\"@id\":\"https:\/\/www.iplay.com\/de\/games\/ambers-airlines-high-hopes\/#primaryimage\"},\"image\":{\"@id\":\"https:\/\/www.iplay.com\/de\/games\/ambers-airlines-high-hopes\/#primaryimage\"},\"thumbnailUrl\":\"https:\/\/www.iplay.com\/wp-content\/uploads\/2023\/12\/large_square_tile_image-3509.jpg\",\"datePublished\":\"2018-08-23T00:00:02+00:00\",\"description\":\"In einem brandneuen Airline-Spiel schnallst du dich an und fliegst mit Amber Hope!\",\"breadcrumb\":{\"@id\":\"https:\/\/www.iplay.com\/de\/games\/ambers-airlines-high-hopes\/#breadcrumb\"},\"inLanguage\":\"de-DE\",\"potentialAction\":[{\"@type\":\"ReadAction\",\"target\":[\"https:\/\/www.iplay.com\/de\/games\/ambers-airlines-high-hopes\/\"]}]},{\"@type\":\"ImageObject\",\"inLanguage\":\"de-DE\",\"@id\":\"https:\/\/www.iplay.com\/de\/games\/ambers-airlines-high-hopes\/#primaryimage\",\"url\":\"https:\/\/www.iplay.com\/wp-content\/uploads\/2023\/12\/large_square_tile_image-3509.jpg\",\"contentUrl\":\"https:\/\/www.iplay.com\/wp-content\/uploads\/2023\/12\/large_square_tile_image-3509.jpg\",\"width\":310,\"height\":310},{\"@type\":\"BreadcrumbList\",\"@id\":\"https:\/\/www.iplay.com\/de\/games\/ambers-airlines-high-hopes\/#breadcrumb\",\"itemListElement\":[{\"@type\":\"ListItem\",\"position\":1,\"name\":\"Home\",\"item\":\"https:\/\/www.iplay.com\/de\/home-page-2\/\"},{\"@type\":\"ListItem\",\"position\":2,\"name\":\"Shop\",\"item\":\"https:\/\/www.iplay.com\/en\/shop\/\"},{\"@type\":\"ListItem\",\"position\":3,\"name\":\"Amber&#8217;s Airlines &#8211; High Hopes\"}]},{\"@type\":\"WebSite\",\"@id\":\"https:\/\/www.iplay.com\/en\/#website\",\"url\":\"https:\/\/www.iplay.com\/en\/\",\"name\":\"IPlay\",\"description\":\"The Best Casual Games!\",\"publisher\":{\"@id\":\"https:\/\/www.iplay.com\/en\/#organization\"},\"potentialAction\":[{\"@type\":\"SearchAction\",\"target\":{\"@type\":\"EntryPoint\",\"urlTemplate\":\"https:\/\/www.iplay.com\/en\/?s={search_term_string}\"},\"query-input\":{\"@type\":\"PropertyValueSpecification\",\"valueRequired\":true,\"valueName\":\"search_term_string\"}}],\"inLanguage\":\"de-DE\"},{\"@type\":\"Organization\",\"@id\":\"https:\/\/www.iplay.com\/en\/#organization\",\"name\":\"IPlay\",\"url\":\"https:\/\/www.iplay.com\/en\/\",\"logo\":{\"@type\":\"ImageObject\",\"inLanguage\":\"de-DE\",\"@id\":\"https:\/\/www.iplay.com\/en\/#\/schema\/logo\/image\/\",\"url\":\"https:\/\/www.iplay.com\/wp-content\/uploads\/2023\/11\/Group-6100.svg\",\"contentUrl\":\"https:\/\/www.iplay.com\/wp-content\/uploads\/2023\/11\/Group-6100.svg\",\"width\":98,\"height\":25,\"caption\":\"IPlay\"},\"image\":{\"@id\":\"https:\/\/www.iplay.com\/en\/#\/schema\/logo\/image\/\"}}]}<\/script>\n<!-- \/ Yoast SEO Premium plugin. -->","yoast_head_json":{"title":"Amber's Airlines - High Hopes - Abheben mit Amber Hope in einem neuen Airline-Spiel","description":"In einem brandneuen Airline-Spiel schnallst du dich an und fliegst mit Amber Hope!","robots":{"index":"index","follow":"follow","max-snippet":"max-snippet:-1","max-image-preview":"max-image-preview:large","max-video-preview":"max-video-preview:-1"},"canonical":"https:\/\/www.iplay.com\/de\/games\/ambers-airlines-high-hopes\/","og_locale":"de_DE","og_type":"article","og_title":"Amber's Airlines - High Hopes","og_description":"In einem brandneuen Airline-Spiel schnallst du dich an und fliegst mit Amber Hope!","og_url":"https:\/\/www.iplay.com\/de\/games\/ambers-airlines-high-hopes\/","og_site_name":"IPlay","og_image":[{"width":310,"height":310,"url":"https:\/\/www.iplay.com\/wp-content\/uploads\/2023\/12\/large_square_tile_image-3509.jpg","type":"image\/jpeg"}],"twitter_card":"summary_large_image","twitter_misc":{"Gesch\u00e4tzte Lesezeit":"2 Minuten"},"schema":{"@context":"https:\/\/schema.org","@graph":[{"@type":"WebPage","@id":"https:\/\/www.iplay.com\/de\/games\/ambers-airlines-high-hopes\/","url":"https:\/\/www.iplay.com\/de\/games\/ambers-airlines-high-hopes\/","name":"Amber's Airlines - High Hopes - Abheben mit Amber Hope in einem neuen Airline-Spiel","isPartOf":{"@id":"https:\/\/www.iplay.com\/en\/#website"},"primaryImageOfPage":{"@id":"https:\/\/www.iplay.com\/de\/games\/ambers-airlines-high-hopes\/#primaryimage"},"image":{"@id":"https:\/\/www.iplay.com\/de\/games\/ambers-airlines-high-hopes\/#primaryimage"},"thumbnailUrl":"https:\/\/www.iplay.com\/wp-content\/uploads\/2023\/12\/large_square_tile_image-3509.jpg","datePublished":"2018-08-23T00:00:02+00:00","description":"In einem brandneuen Airline-Spiel schnallst du dich an und fliegst mit Amber Hope!","breadcrumb":{"@id":"https:\/\/www.iplay.com\/de\/games\/ambers-airlines-high-hopes\/#breadcrumb"},"inLanguage":"de-DE","potentialAction":[{"@type":"ReadAction","target":["https:\/\/www.iplay.com\/de\/games\/ambers-airlines-high-hopes\/"]}]},{"@type":"ImageObject","inLanguage":"de-DE","@id":"https:\/\/www.iplay.com\/de\/games\/ambers-airlines-high-hopes\/#primaryimage","url":"https:\/\/www.iplay.com\/wp-content\/uploads\/2023\/12\/large_square_tile_image-3509.jpg","contentUrl":"https:\/\/www.iplay.com\/wp-content\/uploads\/2023\/12\/large_square_tile_image-3509.jpg","width":310,"height":310},{"@type":"BreadcrumbList","@id":"https:\/\/www.iplay.com\/de\/games\/ambers-airlines-high-hopes\/#breadcrumb","itemListElement":[{"@type":"ListItem","position":1,"name":"Home","item":"https:\/\/www.iplay.com\/de\/home-page-2\/"},{"@type":"ListItem","position":2,"name":"Shop","item":"https:\/\/www.iplay.com\/en\/shop\/"},{"@type":"ListItem","position":3,"name":"Amber&#8217;s Airlines &#8211; High Hopes"}]},{"@type":"WebSite","@id":"https:\/\/www.iplay.com\/en\/#website","url":"https:\/\/www.iplay.com\/en\/","name":"IPlay","description":"The Best Casual Games!","publisher":{"@id":"https:\/\/www.iplay.com\/en\/#organization"},"potentialAction":[{"@type":"SearchAction","target":{"@type":"EntryPoint","urlTemplate":"https:\/\/www.iplay.com\/en\/?s={search_term_string}"},"query-input":{"@type":"PropertyValueSpecification","valueRequired":true,"valueName":"search_term_string"}}],"inLanguage":"de-DE"},{"@type":"Organization","@id":"https:\/\/www.iplay.com\/en\/#organization","name":"IPlay","url":"https:\/\/www.iplay.com\/en\/","logo":{"@type":"ImageObject","inLanguage":"de-DE","@id":"https:\/\/www.iplay.com\/en\/#\/schema\/logo\/image\/","url":"https:\/\/www.iplay.com\/wp-content\/uploads\/2023\/11\/Group-6100.svg","contentUrl":"https:\/\/www.iplay.com\/wp-content\/uploads\/2023\/11\/Group-6100.svg","width":98,"height":25,"caption":"IPlay"},"image":{"@id":"https:\/\/www.iplay.com\/en\/#\/schema\/logo\/image\/"}}]}},"_links":{"self":[{"href":"https:\/\/www.iplay.com\/de\/wp-json\/wp\/v2\/product\/135702","targetHints":{"allow":["GET"]}}],"collection":[{"href":"https:\/\/www.iplay.com\/de\/wp-json\/wp\/v2\/product"}],"about":[{"href":"https:\/\/www.iplay.com\/de\/wp-json\/wp\/v2\/types\/product"}],"author":[{"embeddable":true,"href":"https:\/\/www.iplay.com\/de\/wp-json\/wp\/v2\/users\/10"}],"replies":[{"embeddable":true,"href":"https:\/\/www.iplay.com\/de\/wp-json\/wp\/v2\/comments?post=135702"}],"wp:featuredmedia":[{"embeddable":true,"href":"https:\/\/www.iplay.com\/de\/wp-json\/wp\/v2\/media\/95845"}],"wp:attachment":[{"href":"https:\/\/www.iplay.com\/de\/wp-json\/wp\/v2\/media?parent=135702"}],"wp:term":[{"taxonomy":"product_brand","embeddable":true,"href":"https:\/\/www.iplay.com\/de\/wp-json\/wp\/v2\/product_brand?post=135702"},{"taxonomy":"product_cat","embeddable":true,"href":"https:\/\/www.iplay.com\/de\/wp-json\/wp\/v2\/product_cat?post=135702"},{"taxonomy":"product_tag","embeddable":true,"href":"https:\/\/www.iplay.com\/de\/wp-json\/wp\/v2\/product_tag?post=135702"}],"curies":[{"name":"wp","href":"https:\/\/api.w.org\/{rel}","templated":true}]}}