{"id":135682,"date":"2018-10-28T00:00:00","date_gmt":"2018-10-28T00:00:00","guid":{"rendered":"https:\/\/www.iplay.com\/games\/lost-artifacts-time-machine-collectors-edition\/"},"modified":"2018-10-28T00:00:00","modified_gmt":"2018-10-28T00:00:00","slug":"lost-artifacts-time-machine-collectors-edition","status":"publish","type":"product","link":"https:\/\/www.iplay.com\/de\/games\/lost-artifacts-time-machine-collectors-edition\/","title":{"rendered":"Lost Artifacts &#8211; Time Machine Collector&#8217;s Edition"},"content":{"rendered":"<p>Spiele das fesselnde Gelegenheitsstrategiespiel Lost Artifacts und begib dich auf ein Abenteuer durch ein Universum voller faszinierender Erfindungen und ausgestorbener Kreaturen. Ein fantastisches Reich mit mehr als 50 Levels, einer fesselnden Geschichte, leicht zu erlernendem Gameplay und einer Vielzahl von Aufgaben wartet jetzt auf dich! Baue Portale, repariere pr\u00e4chtige Strukturen, suche nach ausgestorbenen Tieren, \u00fcberwinde Hindernisse und verwalte Ressourcen. Ein unkompliziertes Tutorial und eine einfache Steuerung machen das Erlernen der Grundlagen des Spiels zum Kinderspiel. Enth\u00fcllt verlorene Relikte: L\u00f6se Zeitparadoxien!    <\/p>\n<p>&nbsp;<\/p>\n<p>&nbsp;<\/p>\n<p><strong>Funktionen:<\/strong><\/p>\n<p>&nbsp;<\/p>\n<p>&#8211; Eine Welt voller fantastischer Erfindungen und ausgestorbener Kreaturen, Energiegeneratoren, Portale und der Sand der Zeit wird dir helfen, die B\u00f6sewichte aufzusp\u00fcren und zu besiegen!<br \/>\n&#8211; Eine humorvolle Handlung, lebendige Illustrationen und liebenswerte Charaktere!<br \/>\n&#8211; Eine gro\u00dfe Auswahl an einzigartigen Quests, die du noch nie zuvor gesehen hast.<br \/>\n&#8211; Mehr als 40 verschiedene Levels.<br \/>\n&#8211; Zu den gef\u00e4hrlichen Gegnern geh\u00f6ren Dinosaurier, Kraken, Mammuts, Drohnen und Skelette. Vier einzigartige Orte: felsige Berge, grenzenlose W\u00fcsten, undurchdringliche Regenw\u00e4lder und T\u00e4ler mit ewigem Schnee sind un\u00fcbertroffen.<br \/>\n&#8211; Sehr hilfreiche Extras: schnell laufen, schnell anhalten und die Zeit beschleunigen.<br \/>\n&#8211; Einfache Steuerung und ein leicht verst\u00e4ndliches Tutorial.<br \/>\n&#8211; \u00dcber 20 Stunden spannendes Gameplay f\u00fcr Spieler jeden Alters.<br \/>\n&#8211; Interessanter Themen-Soundtrack.<\/p>\n","protected":false},"excerpt":{"rendered":"<p>Ein schattenhafter Antagonist zerst\u00f6rt alles mit einer Zeitmaschine! Helfen Sie mit, die zeitlichen Paradoxien zu l\u00f6sen! <\/p>\n","protected":false},"author":13,"featured_media":95237,"comment_status":"open","ping_status":"closed","template":"","meta":{"_acf_changed":false,"inline_featured_image":false},"product_brand":[],"product_cat":[217],"product_tag":[289],"class_list":{"0":"post-135682","1":"product","2":"type-product","3":"status-publish","4":"has-post-thumbnail","6":"product_cat-time-management-de","7":"product_tag-play-on-pc-de","9":"first","10":"instock","11":"shipping-taxable","12":"purchasable","13":"product-type-simple"},"acf":[],"yoast_head":"<!-- This site is optimized with the Yoast SEO Premium plugin v25.2 (Yoast SEO v25.2) - https:\/\/yoast.com\/wordpress\/plugins\/seo\/ -->\n<title>Lost Artifacts - Time Machine Collector&#039;s Edition - Hilf dabei, Zeitparadoxien zu beheben, um einen B\u00f6sewicht zu vereiteln<\/title>\n<meta name=\"description\" content=\"Ein schattenhafter Antagonist zerst\u00f6rt alles mit einer Zeitmaschine! Helfen Sie mit, die zeitlichen Paradoxien zu l\u00f6sen!\" \/>\n<meta name=\"robots\" content=\"index, follow, max-snippet:-1, max-image-preview:large, max-video-preview:-1\" \/>\n<link rel=\"canonical\" href=\"https:\/\/www.iplay.com\/de\/games\/lost-artifacts-time-machine-collectors-edition\/\" \/>\n<meta property=\"og:locale\" content=\"de_DE\" \/>\n<meta property=\"og:type\" content=\"article\" \/>\n<meta property=\"og:title\" content=\"Lost Artifacts - Time Machine Collector&#039;s Edition\" \/>\n<meta property=\"og:description\" content=\"Ein schattenhafter Antagonist zerst\u00f6rt alles mit einer Zeitmaschine! Helfen Sie mit, die zeitlichen Paradoxien zu l\u00f6sen!\" \/>\n<meta property=\"og:url\" content=\"https:\/\/www.iplay.com\/de\/games\/lost-artifacts-time-machine-collectors-edition\/\" \/>\n<meta property=\"og:site_name\" content=\"IPlay\" \/>\n<meta property=\"og:image\" content=\"https:\/\/www.iplay.com\/wp-content\/uploads\/2023\/12\/large_square_tile_image-3471.jpg\" \/>\n\t<meta property=\"og:image:width\" content=\"310\" \/>\n\t<meta property=\"og:image:height\" content=\"310\" \/>\n\t<meta property=\"og:image:type\" content=\"image\/jpeg\" \/>\n<meta name=\"twitter:card\" content=\"summary_large_image\" \/>\n<meta name=\"twitter:label1\" content=\"Gesch\u00e4tzte Lesezeit\" \/>\n\t<meta name=\"twitter:data1\" content=\"1 Minute\" \/>\n<script type=\"application\/ld+json\" class=\"yoast-schema-graph\">{\"@context\":\"https:\/\/schema.org\",\"@graph\":[{\"@type\":\"WebPage\",\"@id\":\"https:\/\/www.iplay.com\/de\/games\/lost-artifacts-time-machine-collectors-edition\/\",\"url\":\"https:\/\/www.iplay.com\/de\/games\/lost-artifacts-time-machine-collectors-edition\/\",\"name\":\"Lost Artifacts - Time Machine Collector's Edition - Hilf dabei, Zeitparadoxien zu beheben, um einen B\u00f6sewicht zu vereiteln\",\"isPartOf\":{\"@id\":\"https:\/\/www.iplay.com\/en\/#website\"},\"primaryImageOfPage\":{\"@id\":\"https:\/\/www.iplay.com\/de\/games\/lost-artifacts-time-machine-collectors-edition\/#primaryimage\"},\"image\":{\"@id\":\"https:\/\/www.iplay.com\/de\/games\/lost-artifacts-time-machine-collectors-edition\/#primaryimage\"},\"thumbnailUrl\":\"https:\/\/www.iplay.com\/wp-content\/uploads\/2023\/12\/large_square_tile_image-3471.jpg\",\"datePublished\":\"2018-10-28T00:00:00+00:00\",\"description\":\"Ein schattenhafter Antagonist zerst\u00f6rt alles mit einer Zeitmaschine! Helfen Sie mit, die zeitlichen Paradoxien zu l\u00f6sen!\",\"breadcrumb\":{\"@id\":\"https:\/\/www.iplay.com\/de\/games\/lost-artifacts-time-machine-collectors-edition\/#breadcrumb\"},\"inLanguage\":\"de-DE\",\"potentialAction\":[{\"@type\":\"ReadAction\",\"target\":[\"https:\/\/www.iplay.com\/de\/games\/lost-artifacts-time-machine-collectors-edition\/\"]}]},{\"@type\":\"ImageObject\",\"inLanguage\":\"de-DE\",\"@id\":\"https:\/\/www.iplay.com\/de\/games\/lost-artifacts-time-machine-collectors-edition\/#primaryimage\",\"url\":\"https:\/\/www.iplay.com\/wp-content\/uploads\/2023\/12\/large_square_tile_image-3471.jpg\",\"contentUrl\":\"https:\/\/www.iplay.com\/wp-content\/uploads\/2023\/12\/large_square_tile_image-3471.jpg\",\"width\":310,\"height\":310},{\"@type\":\"BreadcrumbList\",\"@id\":\"https:\/\/www.iplay.com\/de\/games\/lost-artifacts-time-machine-collectors-edition\/#breadcrumb\",\"itemListElement\":[{\"@type\":\"ListItem\",\"position\":1,\"name\":\"Home\",\"item\":\"https:\/\/www.iplay.com\/de\/home-page-2\/\"},{\"@type\":\"ListItem\",\"position\":2,\"name\":\"Shop\",\"item\":\"https:\/\/www.iplay.com\/en\/shop\/\"},{\"@type\":\"ListItem\",\"position\":3,\"name\":\"Lost Artifacts &#8211; Time Machine Collector&#8217;s Edition\"}]},{\"@type\":\"WebSite\",\"@id\":\"https:\/\/www.iplay.com\/en\/#website\",\"url\":\"https:\/\/www.iplay.com\/en\/\",\"name\":\"IPlay\",\"description\":\"The Best Casual Games!\",\"publisher\":{\"@id\":\"https:\/\/www.iplay.com\/en\/#organization\"},\"potentialAction\":[{\"@type\":\"SearchAction\",\"target\":{\"@type\":\"EntryPoint\",\"urlTemplate\":\"https:\/\/www.iplay.com\/en\/?s={search_term_string}\"},\"query-input\":{\"@type\":\"PropertyValueSpecification\",\"valueRequired\":true,\"valueName\":\"search_term_string\"}}],\"inLanguage\":\"de-DE\"},{\"@type\":\"Organization\",\"@id\":\"https:\/\/www.iplay.com\/en\/#organization\",\"name\":\"IPlay\",\"url\":\"https:\/\/www.iplay.com\/en\/\",\"logo\":{\"@type\":\"ImageObject\",\"inLanguage\":\"de-DE\",\"@id\":\"https:\/\/www.iplay.com\/en\/#\/schema\/logo\/image\/\",\"url\":\"https:\/\/www.iplay.com\/wp-content\/uploads\/2023\/11\/Group-6100.svg\",\"contentUrl\":\"https:\/\/www.iplay.com\/wp-content\/uploads\/2023\/11\/Group-6100.svg\",\"width\":98,\"height\":25,\"caption\":\"IPlay\"},\"image\":{\"@id\":\"https:\/\/www.iplay.com\/en\/#\/schema\/logo\/image\/\"}}]}<\/script>\n<!-- \/ Yoast SEO Premium plugin. -->","yoast_head_json":{"title":"Lost Artifacts - Time Machine Collector's Edition - Hilf dabei, Zeitparadoxien zu beheben, um einen B\u00f6sewicht zu vereiteln","description":"Ein schattenhafter Antagonist zerst\u00f6rt alles mit einer Zeitmaschine! Helfen Sie mit, die zeitlichen Paradoxien zu l\u00f6sen!","robots":{"index":"index","follow":"follow","max-snippet":"max-snippet:-1","max-image-preview":"max-image-preview:large","max-video-preview":"max-video-preview:-1"},"canonical":"https:\/\/www.iplay.com\/de\/games\/lost-artifacts-time-machine-collectors-edition\/","og_locale":"de_DE","og_type":"article","og_title":"Lost Artifacts - Time Machine Collector's Edition","og_description":"Ein schattenhafter Antagonist zerst\u00f6rt alles mit einer Zeitmaschine! Helfen Sie mit, die zeitlichen Paradoxien zu l\u00f6sen!","og_url":"https:\/\/www.iplay.com\/de\/games\/lost-artifacts-time-machine-collectors-edition\/","og_site_name":"IPlay","og_image":[{"width":310,"height":310,"url":"https:\/\/www.iplay.com\/wp-content\/uploads\/2023\/12\/large_square_tile_image-3471.jpg","type":"image\/jpeg"}],"twitter_card":"summary_large_image","twitter_misc":{"Gesch\u00e4tzte Lesezeit":"1 Minute"},"schema":{"@context":"https:\/\/schema.org","@graph":[{"@type":"WebPage","@id":"https:\/\/www.iplay.com\/de\/games\/lost-artifacts-time-machine-collectors-edition\/","url":"https:\/\/www.iplay.com\/de\/games\/lost-artifacts-time-machine-collectors-edition\/","name":"Lost Artifacts - Time Machine Collector's Edition - Hilf dabei, Zeitparadoxien zu beheben, um einen B\u00f6sewicht zu vereiteln","isPartOf":{"@id":"https:\/\/www.iplay.com\/en\/#website"},"primaryImageOfPage":{"@id":"https:\/\/www.iplay.com\/de\/games\/lost-artifacts-time-machine-collectors-edition\/#primaryimage"},"image":{"@id":"https:\/\/www.iplay.com\/de\/games\/lost-artifacts-time-machine-collectors-edition\/#primaryimage"},"thumbnailUrl":"https:\/\/www.iplay.com\/wp-content\/uploads\/2023\/12\/large_square_tile_image-3471.jpg","datePublished":"2018-10-28T00:00:00+00:00","description":"Ein schattenhafter Antagonist zerst\u00f6rt alles mit einer Zeitmaschine! Helfen Sie mit, die zeitlichen Paradoxien zu l\u00f6sen!","breadcrumb":{"@id":"https:\/\/www.iplay.com\/de\/games\/lost-artifacts-time-machine-collectors-edition\/#breadcrumb"},"inLanguage":"de-DE","potentialAction":[{"@type":"ReadAction","target":["https:\/\/www.iplay.com\/de\/games\/lost-artifacts-time-machine-collectors-edition\/"]}]},{"@type":"ImageObject","inLanguage":"de-DE","@id":"https:\/\/www.iplay.com\/de\/games\/lost-artifacts-time-machine-collectors-edition\/#primaryimage","url":"https:\/\/www.iplay.com\/wp-content\/uploads\/2023\/12\/large_square_tile_image-3471.jpg","contentUrl":"https:\/\/www.iplay.com\/wp-content\/uploads\/2023\/12\/large_square_tile_image-3471.jpg","width":310,"height":310},{"@type":"BreadcrumbList","@id":"https:\/\/www.iplay.com\/de\/games\/lost-artifacts-time-machine-collectors-edition\/#breadcrumb","itemListElement":[{"@type":"ListItem","position":1,"name":"Home","item":"https:\/\/www.iplay.com\/de\/home-page-2\/"},{"@type":"ListItem","position":2,"name":"Shop","item":"https:\/\/www.iplay.com\/en\/shop\/"},{"@type":"ListItem","position":3,"name":"Lost Artifacts &#8211; Time Machine Collector&#8217;s Edition"}]},{"@type":"WebSite","@id":"https:\/\/www.iplay.com\/en\/#website","url":"https:\/\/www.iplay.com\/en\/","name":"IPlay","description":"The Best Casual Games!","publisher":{"@id":"https:\/\/www.iplay.com\/en\/#organization"},"potentialAction":[{"@type":"SearchAction","target":{"@type":"EntryPoint","urlTemplate":"https:\/\/www.iplay.com\/en\/?s={search_term_string}"},"query-input":{"@type":"PropertyValueSpecification","valueRequired":true,"valueName":"search_term_string"}}],"inLanguage":"de-DE"},{"@type":"Organization","@id":"https:\/\/www.iplay.com\/en\/#organization","name":"IPlay","url":"https:\/\/www.iplay.com\/en\/","logo":{"@type":"ImageObject","inLanguage":"de-DE","@id":"https:\/\/www.iplay.com\/en\/#\/schema\/logo\/image\/","url":"https:\/\/www.iplay.com\/wp-content\/uploads\/2023\/11\/Group-6100.svg","contentUrl":"https:\/\/www.iplay.com\/wp-content\/uploads\/2023\/11\/Group-6100.svg","width":98,"height":25,"caption":"IPlay"},"image":{"@id":"https:\/\/www.iplay.com\/en\/#\/schema\/logo\/image\/"}}]}},"_links":{"self":[{"href":"https:\/\/www.iplay.com\/de\/wp-json\/wp\/v2\/product\/135682","targetHints":{"allow":["GET"]}}],"collection":[{"href":"https:\/\/www.iplay.com\/de\/wp-json\/wp\/v2\/product"}],"about":[{"href":"https:\/\/www.iplay.com\/de\/wp-json\/wp\/v2\/types\/product"}],"author":[{"embeddable":true,"href":"https:\/\/www.iplay.com\/de\/wp-json\/wp\/v2\/users\/13"}],"replies":[{"embeddable":true,"href":"https:\/\/www.iplay.com\/de\/wp-json\/wp\/v2\/comments?post=135682"}],"wp:featuredmedia":[{"embeddable":true,"href":"https:\/\/www.iplay.com\/de\/wp-json\/wp\/v2\/media\/95237"}],"wp:attachment":[{"href":"https:\/\/www.iplay.com\/de\/wp-json\/wp\/v2\/media?parent=135682"}],"wp:term":[{"taxonomy":"product_brand","embeddable":true,"href":"https:\/\/www.iplay.com\/de\/wp-json\/wp\/v2\/product_brand?post=135682"},{"taxonomy":"product_cat","embeddable":true,"href":"https:\/\/www.iplay.com\/de\/wp-json\/wp\/v2\/product_cat?post=135682"},{"taxonomy":"product_tag","embeddable":true,"href":"https:\/\/www.iplay.com\/de\/wp-json\/wp\/v2\/product_tag?post=135682"}],"curies":[{"name":"wp","href":"https:\/\/api.w.org\/{rel}","templated":true}]}}