{"id":135677,"date":"2018-11-07T00:00:00","date_gmt":"2018-11-07T00:00:00","guid":{"rendered":"https:\/\/www.iplay.com\/games\/viking-brothers-5\/"},"modified":"2018-11-07T00:00:00","modified_gmt":"2018-11-07T00:00:00","slug":"viking-brothers-5","status":"publish","type":"product","link":"https:\/\/www.iplay.com\/de\/games\/viking-brothers-5\/","title":{"rendered":"Viking Brothers 5"},"content":{"rendered":"<p>Die epische Mission zur Rettung von Midgard stellt die Wikingerbr\u00fcder vor ihre bisher gr\u00f6\u00dfte Bew\u00e4hrungsprobe! Die riesige Schlange, die Midgard mit ihrem langen K\u00f6rper zusammenh\u00e4lt, wurde von dem b\u00f6sartigen Nidhogg und einer Armee von Drachen angegriffen, die die menschliche Rasse vernichten wollten. W\u00e4hrend Everand und Boromir um die Welt reisen, um der Schlange zu helfen und ihre Heimat zu retten, war der Einsatz noch nie so hoch und teuer wie nie zuvor. Midgard steckt voller Magie, die dich bei deiner Mission, den Wikingerbr\u00fcdern zu helfen, unterst\u00fctzen wird. Du reist an faszinierende Orte wie das Unterwasserk\u00f6nigreich Atlantis, interagierst mit verzauberten Wesen, um Ressourcen zu erhalten, und nutzt spezielle Alt\u00e4re, um deinen Helden neue F\u00e4higkeiten zu verleihen. Du k\u00e4mpfst nicht nur gegen seltsame Monster und Geister, sondern auch die Hilfe legend\u00e4rer G\u00f6tter! Du f\u00fchrst eine Gruppe von Arbeitern, die ihr Know-how in der Landwirtschaft, beim Goldgraben und beim Sammeln von Ressourcen auf der Route einsetzen. Um die Zeit zu schlagen, musst du ihre Schritte sorgf\u00e4ltig planen und strategisch vorgehen, denn je fr\u00fcher sie wirken, desto gr\u00f6\u00dfer werden deine Preise sein! Es ist von Vorteil, eine Reihe von Vorteilen klug zu nutzen. Gehe \u00fcber deine derzeitige Realit\u00e4t hinaus und betrete Midgard, um dich auf eine fantastische Reise voller erstaunlicher Kreativit\u00e4t zu begeben!         <\/p>\n<p>&nbsp;<\/p>\n<p>&nbsp;<\/p>\n<p><strong>Funktionen:<\/strong><\/p>\n<p>&nbsp;<\/p>\n<p>&#8211; Eine verzauberte, spannende Geschichte<br \/>\n&#8211; Helle Schaupl\u00e4tze und fesselnde Charaktere<br \/>\n&#8211; Extrem schwieriges und fesselndes Gameplay<br \/>\n&#8211; Wimmelbilde und Minispiele, die es zu entdecken<br \/>\n gilt- Ein Modus ohne Zeitlimit f\u00fcr Kinder und Gelegenheitsspieler<\/p>\n","protected":false},"excerpt":{"rendered":"<p>Die epische Mission zur Rettung von Midgard stellt die Wikingerbr\u00fcder vor ihre bisher gr\u00f6\u00dfte Bew\u00e4hrungsprobe!<\/p>\n","protected":false},"author":8,"featured_media":86673,"comment_status":"open","ping_status":"closed","template":"","meta":{"_acf_changed":false,"inline_featured_image":false},"product_brand":[],"product_cat":[217],"product_tag":[289],"class_list":{"0":"post-135677","1":"product","2":"type-product","3":"status-publish","4":"has-post-thumbnail","6":"product_cat-time-management-de","7":"product_tag-play-on-pc-de","9":"first","10":"instock","11":"shipping-taxable","12":"purchasable","13":"product-type-simple"},"acf":[],"yoast_head":"<!-- This site is optimized with the Yoast SEO Premium plugin v25.2 (Yoast SEO v25.2) - https:\/\/yoast.com\/wordpress\/plugins\/seo\/ -->\n<title>Viking Brothers 5 - Viking Brothers stellen sich ihrer gr\u00f6\u00dften Herausforderung<\/title>\n<meta name=\"description\" content=\"Die epische Mission zur Rettung von Midgard stellt die Wikingerbr\u00fcder vor ihre bisher gr\u00f6\u00dfte Bew\u00e4hrungsprobe!\" \/>\n<meta name=\"robots\" content=\"index, follow, max-snippet:-1, max-image-preview:large, max-video-preview:-1\" \/>\n<link rel=\"canonical\" href=\"https:\/\/www.iplay.com\/de\/games\/viking-brothers-5\/\" \/>\n<meta property=\"og:locale\" content=\"de_DE\" \/>\n<meta property=\"og:type\" content=\"article\" \/>\n<meta property=\"og:title\" content=\"Viking Brothers 5\" \/>\n<meta property=\"og:description\" content=\"Die epische Mission zur Rettung von Midgard stellt die Wikingerbr\u00fcder vor ihre bisher gr\u00f6\u00dfte Bew\u00e4hrungsprobe!\" \/>\n<meta property=\"og:url\" content=\"https:\/\/www.iplay.com\/de\/games\/viking-brothers-5\/\" \/>\n<meta property=\"og:site_name\" content=\"IPlay\" \/>\n<meta property=\"og:image\" content=\"https:\/\/www.iplay.com\/wp-content\/uploads\/2023\/12\/large_square_tile_image-2929.jpg\" \/>\n\t<meta property=\"og:image:width\" content=\"310\" \/>\n\t<meta property=\"og:image:height\" content=\"310\" \/>\n\t<meta property=\"og:image:type\" content=\"image\/jpeg\" \/>\n<meta name=\"twitter:card\" content=\"summary_large_image\" \/>\n<meta name=\"twitter:label1\" content=\"Gesch\u00e4tzte Lesezeit\" \/>\n\t<meta name=\"twitter:data1\" content=\"1 Minute\" \/>\n<script type=\"application\/ld+json\" class=\"yoast-schema-graph\">{\"@context\":\"https:\/\/schema.org\",\"@graph\":[{\"@type\":\"WebPage\",\"@id\":\"https:\/\/www.iplay.com\/de\/games\/viking-brothers-5\/\",\"url\":\"https:\/\/www.iplay.com\/de\/games\/viking-brothers-5\/\",\"name\":\"Viking Brothers 5 - Viking Brothers stellen sich ihrer gr\u00f6\u00dften Herausforderung\",\"isPartOf\":{\"@id\":\"https:\/\/www.iplay.com\/en\/#website\"},\"primaryImageOfPage\":{\"@id\":\"https:\/\/www.iplay.com\/de\/games\/viking-brothers-5\/#primaryimage\"},\"image\":{\"@id\":\"https:\/\/www.iplay.com\/de\/games\/viking-brothers-5\/#primaryimage\"},\"thumbnailUrl\":\"https:\/\/www.iplay.com\/wp-content\/uploads\/2023\/12\/large_square_tile_image-2929.jpg\",\"datePublished\":\"2018-11-07T00:00:00+00:00\",\"description\":\"Die epische Mission zur Rettung von Midgard stellt die Wikingerbr\u00fcder vor ihre bisher gr\u00f6\u00dfte Bew\u00e4hrungsprobe!\",\"breadcrumb\":{\"@id\":\"https:\/\/www.iplay.com\/de\/games\/viking-brothers-5\/#breadcrumb\"},\"inLanguage\":\"de-DE\",\"potentialAction\":[{\"@type\":\"ReadAction\",\"target\":[\"https:\/\/www.iplay.com\/de\/games\/viking-brothers-5\/\"]}]},{\"@type\":\"ImageObject\",\"inLanguage\":\"de-DE\",\"@id\":\"https:\/\/www.iplay.com\/de\/games\/viking-brothers-5\/#primaryimage\",\"url\":\"https:\/\/www.iplay.com\/wp-content\/uploads\/2023\/12\/large_square_tile_image-2929.jpg\",\"contentUrl\":\"https:\/\/www.iplay.com\/wp-content\/uploads\/2023\/12\/large_square_tile_image-2929.jpg\",\"width\":310,\"height\":310},{\"@type\":\"BreadcrumbList\",\"@id\":\"https:\/\/www.iplay.com\/de\/games\/viking-brothers-5\/#breadcrumb\",\"itemListElement\":[{\"@type\":\"ListItem\",\"position\":1,\"name\":\"Home\",\"item\":\"https:\/\/www.iplay.com\/de\/home-page-2\/\"},{\"@type\":\"ListItem\",\"position\":2,\"name\":\"Shop\",\"item\":\"https:\/\/www.iplay.com\/en\/shop\/\"},{\"@type\":\"ListItem\",\"position\":3,\"name\":\"Viking Brothers 5\"}]},{\"@type\":\"WebSite\",\"@id\":\"https:\/\/www.iplay.com\/en\/#website\",\"url\":\"https:\/\/www.iplay.com\/en\/\",\"name\":\"IPlay\",\"description\":\"The Best Casual Games!\",\"publisher\":{\"@id\":\"https:\/\/www.iplay.com\/en\/#organization\"},\"potentialAction\":[{\"@type\":\"SearchAction\",\"target\":{\"@type\":\"EntryPoint\",\"urlTemplate\":\"https:\/\/www.iplay.com\/en\/?s={search_term_string}\"},\"query-input\":{\"@type\":\"PropertyValueSpecification\",\"valueRequired\":true,\"valueName\":\"search_term_string\"}}],\"inLanguage\":\"de-DE\"},{\"@type\":\"Organization\",\"@id\":\"https:\/\/www.iplay.com\/en\/#organization\",\"name\":\"IPlay\",\"url\":\"https:\/\/www.iplay.com\/en\/\",\"logo\":{\"@type\":\"ImageObject\",\"inLanguage\":\"de-DE\",\"@id\":\"https:\/\/www.iplay.com\/en\/#\/schema\/logo\/image\/\",\"url\":\"https:\/\/www.iplay.com\/wp-content\/uploads\/2023\/11\/Group-6100.svg\",\"contentUrl\":\"https:\/\/www.iplay.com\/wp-content\/uploads\/2023\/11\/Group-6100.svg\",\"width\":98,\"height\":25,\"caption\":\"IPlay\"},\"image\":{\"@id\":\"https:\/\/www.iplay.com\/en\/#\/schema\/logo\/image\/\"}}]}<\/script>\n<!-- \/ Yoast SEO Premium plugin. -->","yoast_head_json":{"title":"Viking Brothers 5 - Viking Brothers stellen sich ihrer gr\u00f6\u00dften Herausforderung","description":"Die epische Mission zur Rettung von Midgard stellt die Wikingerbr\u00fcder vor ihre bisher gr\u00f6\u00dfte Bew\u00e4hrungsprobe!","robots":{"index":"index","follow":"follow","max-snippet":"max-snippet:-1","max-image-preview":"max-image-preview:large","max-video-preview":"max-video-preview:-1"},"canonical":"https:\/\/www.iplay.com\/de\/games\/viking-brothers-5\/","og_locale":"de_DE","og_type":"article","og_title":"Viking Brothers 5","og_description":"Die epische Mission zur Rettung von Midgard stellt die Wikingerbr\u00fcder vor ihre bisher gr\u00f6\u00dfte Bew\u00e4hrungsprobe!","og_url":"https:\/\/www.iplay.com\/de\/games\/viking-brothers-5\/","og_site_name":"IPlay","og_image":[{"width":310,"height":310,"url":"https:\/\/www.iplay.com\/wp-content\/uploads\/2023\/12\/large_square_tile_image-2929.jpg","type":"image\/jpeg"}],"twitter_card":"summary_large_image","twitter_misc":{"Gesch\u00e4tzte Lesezeit":"1 Minute"},"schema":{"@context":"https:\/\/schema.org","@graph":[{"@type":"WebPage","@id":"https:\/\/www.iplay.com\/de\/games\/viking-brothers-5\/","url":"https:\/\/www.iplay.com\/de\/games\/viking-brothers-5\/","name":"Viking Brothers 5 - Viking Brothers stellen sich ihrer gr\u00f6\u00dften Herausforderung","isPartOf":{"@id":"https:\/\/www.iplay.com\/en\/#website"},"primaryImageOfPage":{"@id":"https:\/\/www.iplay.com\/de\/games\/viking-brothers-5\/#primaryimage"},"image":{"@id":"https:\/\/www.iplay.com\/de\/games\/viking-brothers-5\/#primaryimage"},"thumbnailUrl":"https:\/\/www.iplay.com\/wp-content\/uploads\/2023\/12\/large_square_tile_image-2929.jpg","datePublished":"2018-11-07T00:00:00+00:00","description":"Die epische Mission zur Rettung von Midgard stellt die Wikingerbr\u00fcder vor ihre bisher gr\u00f6\u00dfte Bew\u00e4hrungsprobe!","breadcrumb":{"@id":"https:\/\/www.iplay.com\/de\/games\/viking-brothers-5\/#breadcrumb"},"inLanguage":"de-DE","potentialAction":[{"@type":"ReadAction","target":["https:\/\/www.iplay.com\/de\/games\/viking-brothers-5\/"]}]},{"@type":"ImageObject","inLanguage":"de-DE","@id":"https:\/\/www.iplay.com\/de\/games\/viking-brothers-5\/#primaryimage","url":"https:\/\/www.iplay.com\/wp-content\/uploads\/2023\/12\/large_square_tile_image-2929.jpg","contentUrl":"https:\/\/www.iplay.com\/wp-content\/uploads\/2023\/12\/large_square_tile_image-2929.jpg","width":310,"height":310},{"@type":"BreadcrumbList","@id":"https:\/\/www.iplay.com\/de\/games\/viking-brothers-5\/#breadcrumb","itemListElement":[{"@type":"ListItem","position":1,"name":"Home","item":"https:\/\/www.iplay.com\/de\/home-page-2\/"},{"@type":"ListItem","position":2,"name":"Shop","item":"https:\/\/www.iplay.com\/en\/shop\/"},{"@type":"ListItem","position":3,"name":"Viking Brothers 5"}]},{"@type":"WebSite","@id":"https:\/\/www.iplay.com\/en\/#website","url":"https:\/\/www.iplay.com\/en\/","name":"IPlay","description":"The Best Casual Games!","publisher":{"@id":"https:\/\/www.iplay.com\/en\/#organization"},"potentialAction":[{"@type":"SearchAction","target":{"@type":"EntryPoint","urlTemplate":"https:\/\/www.iplay.com\/en\/?s={search_term_string}"},"query-input":{"@type":"PropertyValueSpecification","valueRequired":true,"valueName":"search_term_string"}}],"inLanguage":"de-DE"},{"@type":"Organization","@id":"https:\/\/www.iplay.com\/en\/#organization","name":"IPlay","url":"https:\/\/www.iplay.com\/en\/","logo":{"@type":"ImageObject","inLanguage":"de-DE","@id":"https:\/\/www.iplay.com\/en\/#\/schema\/logo\/image\/","url":"https:\/\/www.iplay.com\/wp-content\/uploads\/2023\/11\/Group-6100.svg","contentUrl":"https:\/\/www.iplay.com\/wp-content\/uploads\/2023\/11\/Group-6100.svg","width":98,"height":25,"caption":"IPlay"},"image":{"@id":"https:\/\/www.iplay.com\/en\/#\/schema\/logo\/image\/"}}]}},"_links":{"self":[{"href":"https:\/\/www.iplay.com\/de\/wp-json\/wp\/v2\/product\/135677","targetHints":{"allow":["GET"]}}],"collection":[{"href":"https:\/\/www.iplay.com\/de\/wp-json\/wp\/v2\/product"}],"about":[{"href":"https:\/\/www.iplay.com\/de\/wp-json\/wp\/v2\/types\/product"}],"author":[{"embeddable":true,"href":"https:\/\/www.iplay.com\/de\/wp-json\/wp\/v2\/users\/8"}],"replies":[{"embeddable":true,"href":"https:\/\/www.iplay.com\/de\/wp-json\/wp\/v2\/comments?post=135677"}],"wp:featuredmedia":[{"embeddable":true,"href":"https:\/\/www.iplay.com\/de\/wp-json\/wp\/v2\/media\/86673"}],"wp:attachment":[{"href":"https:\/\/www.iplay.com\/de\/wp-json\/wp\/v2\/media?parent=135677"}],"wp:term":[{"taxonomy":"product_brand","embeddable":true,"href":"https:\/\/www.iplay.com\/de\/wp-json\/wp\/v2\/product_brand?post=135677"},{"taxonomy":"product_cat","embeddable":true,"href":"https:\/\/www.iplay.com\/de\/wp-json\/wp\/v2\/product_cat?post=135677"},{"taxonomy":"product_tag","embeddable":true,"href":"https:\/\/www.iplay.com\/de\/wp-json\/wp\/v2\/product_tag?post=135677"}],"curies":[{"name":"wp","href":"https:\/\/api.w.org\/{rel}","templated":true}]}}