{"id":135672,"date":"2018-11-19T00:00:00","date_gmt":"2018-11-19T00:00:00","guid":{"rendered":"https:\/\/www.iplay.com\/games\/julies-sweets\/"},"modified":"2018-11-19T00:00:00","modified_gmt":"2018-11-19T00:00:00","slug":"julies-sweets","status":"publish","type":"product","link":"https:\/\/www.iplay.com\/de\/games\/julies-sweets\/","title":{"rendered":"Julie&#8217;s Sweets"},"content":{"rendered":"<p>Jedes Kind stand schon einmal an einem Scheideweg im Leben und fragte sich: Welchen Weg soll es gehen? Unterst\u00fctzen Sie das Familiengesch\u00e4ft, streben Sie einen Hochschulabschluss an oder verlieben Sie sich unsterblich? Nicht alles auf einmal, warum nicht? In einer packenden Geschichte ringt Julie mit diesen Fragen, als sie anf\u00e4ngt, an ihrer Moral, ihrem Selbstwert und der Frage, ob das alles wert ist, zu zweifeln. Nat\u00fcrlich ist es das, und Julie findet alle L\u00f6sungen auf eigene Faust, indem sie sich in der angesehenen Kochschule Le Cookery einschreibt. Und vor allem: Wird sie \u00fcberleben und wie kannst du ihr helfen?     <\/p>\n<p>&nbsp;<\/p>\n<p>&nbsp;<\/p>\n<p><strong>Funktionen:<\/strong><\/p>\n<p>&nbsp;<\/p>\n<ul>\n<li>Navigiere durch 60 Story-Levels plus 18 Herausforderungslevel<\/li>\n<li>Hilf Julie dabei, sich in der angesehenen Kochschule &#8220;Le Cookery&#8221; anzumelden und das Handwerk der S\u00fc\u00dfigkeitenherstellung zu meistern<\/li>\n<li>Verdiene Herzen und baue eine Sammlung von unverzichtbaren Koch- und Backwerkzeugen auf, um wunderbare S\u00fc\u00dfigkeiten herzustellen<\/li>\n<li>Besuchen Sie sechs unterhaltsame Orte, darunter Julies alte Familienb\u00e4ckerei und franz\u00f6sische Konditorei<\/li>\n<li>Hilf Julie dabei, zu lernen, warum es nicht ratsam ist, ihr Inneres mit dem \u00c4u\u00dferen anderer zu vergleichen<\/li>\n<\/ul>\n<p>&nbsp;<\/p>\n","protected":false},"excerpt":{"rendered":"<p>Entwickeln Sie Ihre F\u00e4higkeiten, um eine reizvolle Reise im Leben zu gestalten.<\/p>\n","protected":false},"author":4,"featured_media":86641,"comment_status":"open","ping_status":"closed","template":"","meta":{"_acf_changed":false,"inline_featured_image":false},"product_brand":[],"product_cat":[217],"product_tag":[289],"class_list":{"0":"post-135672","1":"product","2":"type-product","3":"status-publish","4":"has-post-thumbnail","6":"product_cat-time-management-de","7":"product_tag-play-on-pc-de","9":"first","10":"instock","11":"shipping-taxable","12":"purchasable","13":"product-type-simple"},"acf":[],"yoast_head":"<!-- This site is optimized with the Yoast SEO Premium plugin v25.2 (Yoast SEO v25.2) - https:\/\/yoast.com\/wordpress\/plugins\/seo\/ -->\n<title>Julie&#039;s Sweets - Entwickle F\u00e4higkeiten f\u00fcr ein s\u00fc\u00dfes Abenteuerleben<\/title>\n<meta name=\"description\" content=\"Entwickeln Sie Ihre F\u00e4higkeiten, um eine reizvolle Reise im Leben zu gestalten.\" \/>\n<meta name=\"robots\" content=\"index, follow, max-snippet:-1, max-image-preview:large, max-video-preview:-1\" \/>\n<link rel=\"canonical\" href=\"https:\/\/www.iplay.com\/de\/games\/julies-sweets\/\" \/>\n<meta property=\"og:locale\" content=\"de_DE\" \/>\n<meta property=\"og:type\" content=\"article\" \/>\n<meta property=\"og:title\" content=\"Julie&#039;s Sweets\" \/>\n<meta property=\"og:description\" content=\"Entwickeln Sie Ihre F\u00e4higkeiten, um eine reizvolle Reise im Leben zu gestalten.\" \/>\n<meta property=\"og:url\" content=\"https:\/\/www.iplay.com\/de\/games\/julies-sweets\/\" \/>\n<meta property=\"og:site_name\" content=\"IPlay\" \/>\n<meta property=\"og:image\" content=\"https:\/\/www.iplay.com\/wp-content\/uploads\/2023\/12\/large_square_tile_image-2927.jpg\" \/>\n\t<meta property=\"og:image:width\" content=\"310\" \/>\n\t<meta property=\"og:image:height\" content=\"310\" \/>\n\t<meta property=\"og:image:type\" content=\"image\/jpeg\" \/>\n<meta name=\"twitter:card\" content=\"summary_large_image\" \/>\n<meta name=\"twitter:label1\" content=\"Gesch\u00e4tzte Lesezeit\" \/>\n\t<meta name=\"twitter:data1\" content=\"1 Minute\" \/>\n<script type=\"application\/ld+json\" class=\"yoast-schema-graph\">{\"@context\":\"https:\/\/schema.org\",\"@graph\":[{\"@type\":\"WebPage\",\"@id\":\"https:\/\/www.iplay.com\/de\/games\/julies-sweets\/\",\"url\":\"https:\/\/www.iplay.com\/de\/games\/julies-sweets\/\",\"name\":\"Julie's Sweets - Entwickle F\u00e4higkeiten f\u00fcr ein s\u00fc\u00dfes Abenteuerleben\",\"isPartOf\":{\"@id\":\"https:\/\/www.iplay.com\/en\/#website\"},\"primaryImageOfPage\":{\"@id\":\"https:\/\/www.iplay.com\/de\/games\/julies-sweets\/#primaryimage\"},\"image\":{\"@id\":\"https:\/\/www.iplay.com\/de\/games\/julies-sweets\/#primaryimage\"},\"thumbnailUrl\":\"https:\/\/www.iplay.com\/wp-content\/uploads\/2023\/12\/large_square_tile_image-2927.jpg\",\"datePublished\":\"2018-11-19T00:00:00+00:00\",\"description\":\"Entwickeln Sie Ihre F\u00e4higkeiten, um eine reizvolle Reise im Leben zu gestalten.\",\"breadcrumb\":{\"@id\":\"https:\/\/www.iplay.com\/de\/games\/julies-sweets\/#breadcrumb\"},\"inLanguage\":\"de-DE\",\"potentialAction\":[{\"@type\":\"ReadAction\",\"target\":[\"https:\/\/www.iplay.com\/de\/games\/julies-sweets\/\"]}]},{\"@type\":\"ImageObject\",\"inLanguage\":\"de-DE\",\"@id\":\"https:\/\/www.iplay.com\/de\/games\/julies-sweets\/#primaryimage\",\"url\":\"https:\/\/www.iplay.com\/wp-content\/uploads\/2023\/12\/large_square_tile_image-2927.jpg\",\"contentUrl\":\"https:\/\/www.iplay.com\/wp-content\/uploads\/2023\/12\/large_square_tile_image-2927.jpg\",\"width\":310,\"height\":310},{\"@type\":\"BreadcrumbList\",\"@id\":\"https:\/\/www.iplay.com\/de\/games\/julies-sweets\/#breadcrumb\",\"itemListElement\":[{\"@type\":\"ListItem\",\"position\":1,\"name\":\"Home\",\"item\":\"https:\/\/www.iplay.com\/de\/home-page-2\/\"},{\"@type\":\"ListItem\",\"position\":2,\"name\":\"Shop\",\"item\":\"https:\/\/www.iplay.com\/en\/shop\/\"},{\"@type\":\"ListItem\",\"position\":3,\"name\":\"Julie&#8217;s Sweets\"}]},{\"@type\":\"WebSite\",\"@id\":\"https:\/\/www.iplay.com\/en\/#website\",\"url\":\"https:\/\/www.iplay.com\/en\/\",\"name\":\"IPlay\",\"description\":\"The Best Casual Games!\",\"publisher\":{\"@id\":\"https:\/\/www.iplay.com\/en\/#organization\"},\"potentialAction\":[{\"@type\":\"SearchAction\",\"target\":{\"@type\":\"EntryPoint\",\"urlTemplate\":\"https:\/\/www.iplay.com\/en\/?s={search_term_string}\"},\"query-input\":{\"@type\":\"PropertyValueSpecification\",\"valueRequired\":true,\"valueName\":\"search_term_string\"}}],\"inLanguage\":\"de-DE\"},{\"@type\":\"Organization\",\"@id\":\"https:\/\/www.iplay.com\/en\/#organization\",\"name\":\"IPlay\",\"url\":\"https:\/\/www.iplay.com\/en\/\",\"logo\":{\"@type\":\"ImageObject\",\"inLanguage\":\"de-DE\",\"@id\":\"https:\/\/www.iplay.com\/en\/#\/schema\/logo\/image\/\",\"url\":\"https:\/\/www.iplay.com\/wp-content\/uploads\/2023\/11\/Group-6100.svg\",\"contentUrl\":\"https:\/\/www.iplay.com\/wp-content\/uploads\/2023\/11\/Group-6100.svg\",\"width\":98,\"height\":25,\"caption\":\"IPlay\"},\"image\":{\"@id\":\"https:\/\/www.iplay.com\/en\/#\/schema\/logo\/image\/\"}}]}<\/script>\n<!-- \/ Yoast SEO Premium plugin. -->","yoast_head_json":{"title":"Julie's Sweets - Entwickle F\u00e4higkeiten f\u00fcr ein s\u00fc\u00dfes Abenteuerleben","description":"Entwickeln Sie Ihre F\u00e4higkeiten, um eine reizvolle Reise im Leben zu gestalten.","robots":{"index":"index","follow":"follow","max-snippet":"max-snippet:-1","max-image-preview":"max-image-preview:large","max-video-preview":"max-video-preview:-1"},"canonical":"https:\/\/www.iplay.com\/de\/games\/julies-sweets\/","og_locale":"de_DE","og_type":"article","og_title":"Julie's Sweets","og_description":"Entwickeln Sie Ihre F\u00e4higkeiten, um eine reizvolle Reise im Leben zu gestalten.","og_url":"https:\/\/www.iplay.com\/de\/games\/julies-sweets\/","og_site_name":"IPlay","og_image":[{"width":310,"height":310,"url":"https:\/\/www.iplay.com\/wp-content\/uploads\/2023\/12\/large_square_tile_image-2927.jpg","type":"image\/jpeg"}],"twitter_card":"summary_large_image","twitter_misc":{"Gesch\u00e4tzte Lesezeit":"1 Minute"},"schema":{"@context":"https:\/\/schema.org","@graph":[{"@type":"WebPage","@id":"https:\/\/www.iplay.com\/de\/games\/julies-sweets\/","url":"https:\/\/www.iplay.com\/de\/games\/julies-sweets\/","name":"Julie's Sweets - Entwickle F\u00e4higkeiten f\u00fcr ein s\u00fc\u00dfes Abenteuerleben","isPartOf":{"@id":"https:\/\/www.iplay.com\/en\/#website"},"primaryImageOfPage":{"@id":"https:\/\/www.iplay.com\/de\/games\/julies-sweets\/#primaryimage"},"image":{"@id":"https:\/\/www.iplay.com\/de\/games\/julies-sweets\/#primaryimage"},"thumbnailUrl":"https:\/\/www.iplay.com\/wp-content\/uploads\/2023\/12\/large_square_tile_image-2927.jpg","datePublished":"2018-11-19T00:00:00+00:00","description":"Entwickeln Sie Ihre F\u00e4higkeiten, um eine reizvolle Reise im Leben zu gestalten.","breadcrumb":{"@id":"https:\/\/www.iplay.com\/de\/games\/julies-sweets\/#breadcrumb"},"inLanguage":"de-DE","potentialAction":[{"@type":"ReadAction","target":["https:\/\/www.iplay.com\/de\/games\/julies-sweets\/"]}]},{"@type":"ImageObject","inLanguage":"de-DE","@id":"https:\/\/www.iplay.com\/de\/games\/julies-sweets\/#primaryimage","url":"https:\/\/www.iplay.com\/wp-content\/uploads\/2023\/12\/large_square_tile_image-2927.jpg","contentUrl":"https:\/\/www.iplay.com\/wp-content\/uploads\/2023\/12\/large_square_tile_image-2927.jpg","width":310,"height":310},{"@type":"BreadcrumbList","@id":"https:\/\/www.iplay.com\/de\/games\/julies-sweets\/#breadcrumb","itemListElement":[{"@type":"ListItem","position":1,"name":"Home","item":"https:\/\/www.iplay.com\/de\/home-page-2\/"},{"@type":"ListItem","position":2,"name":"Shop","item":"https:\/\/www.iplay.com\/en\/shop\/"},{"@type":"ListItem","position":3,"name":"Julie&#8217;s Sweets"}]},{"@type":"WebSite","@id":"https:\/\/www.iplay.com\/en\/#website","url":"https:\/\/www.iplay.com\/en\/","name":"IPlay","description":"The Best Casual Games!","publisher":{"@id":"https:\/\/www.iplay.com\/en\/#organization"},"potentialAction":[{"@type":"SearchAction","target":{"@type":"EntryPoint","urlTemplate":"https:\/\/www.iplay.com\/en\/?s={search_term_string}"},"query-input":{"@type":"PropertyValueSpecification","valueRequired":true,"valueName":"search_term_string"}}],"inLanguage":"de-DE"},{"@type":"Organization","@id":"https:\/\/www.iplay.com\/en\/#organization","name":"IPlay","url":"https:\/\/www.iplay.com\/en\/","logo":{"@type":"ImageObject","inLanguage":"de-DE","@id":"https:\/\/www.iplay.com\/en\/#\/schema\/logo\/image\/","url":"https:\/\/www.iplay.com\/wp-content\/uploads\/2023\/11\/Group-6100.svg","contentUrl":"https:\/\/www.iplay.com\/wp-content\/uploads\/2023\/11\/Group-6100.svg","width":98,"height":25,"caption":"IPlay"},"image":{"@id":"https:\/\/www.iplay.com\/en\/#\/schema\/logo\/image\/"}}]}},"_links":{"self":[{"href":"https:\/\/www.iplay.com\/de\/wp-json\/wp\/v2\/product\/135672","targetHints":{"allow":["GET"]}}],"collection":[{"href":"https:\/\/www.iplay.com\/de\/wp-json\/wp\/v2\/product"}],"about":[{"href":"https:\/\/www.iplay.com\/de\/wp-json\/wp\/v2\/types\/product"}],"author":[{"embeddable":true,"href":"https:\/\/www.iplay.com\/de\/wp-json\/wp\/v2\/users\/4"}],"replies":[{"embeddable":true,"href":"https:\/\/www.iplay.com\/de\/wp-json\/wp\/v2\/comments?post=135672"}],"wp:featuredmedia":[{"embeddable":true,"href":"https:\/\/www.iplay.com\/de\/wp-json\/wp\/v2\/media\/86641"}],"wp:attachment":[{"href":"https:\/\/www.iplay.com\/de\/wp-json\/wp\/v2\/media?parent=135672"}],"wp:term":[{"taxonomy":"product_brand","embeddable":true,"href":"https:\/\/www.iplay.com\/de\/wp-json\/wp\/v2\/product_brand?post=135672"},{"taxonomy":"product_cat","embeddable":true,"href":"https:\/\/www.iplay.com\/de\/wp-json\/wp\/v2\/product_cat?post=135672"},{"taxonomy":"product_tag","embeddable":true,"href":"https:\/\/www.iplay.com\/de\/wp-json\/wp\/v2\/product_tag?post=135672"}],"curies":[{"name":"wp","href":"https:\/\/api.w.org\/{rel}","templated":true}]}}