{"id":135670,"date":"2018-12-27T00:00:01","date_gmt":"2018-12-27T00:00:01","guid":{"rendered":"https:\/\/www.iplay.com\/games\/dayd-through-time-collectors-edition\/"},"modified":"2018-12-27T00:00:01","modified_gmt":"2018-12-27T00:00:01","slug":"dayd-through-time-collectors-edition","status":"publish","type":"product","link":"https:\/\/www.iplay.com\/de\/games\/dayd-through-time-collectors-edition\/","title":{"rendered":"DayD Through Time Collector&#8217;s Edition"},"content":{"rendered":"<p>Brian ist ein erstaunlicher Wissenschaftler (manche w\u00fcrden sogar sagen, exzentrisch!), der mit Geschichten \u00fcber Drachen aus der pr\u00e4historischen Vergangenheit aufgewachsen ist. Er dachte, dass er irgendwann einem echten Drachen begegnen w\u00fcrde. Brian erschuf eine Zeitmaschine, die ihn in den Jurassic Park katapultierte, um die Anwesenheit von Kriegsdrachen zu erleben! Der b\u00f6sartige Doktor Austin Awful, sein alter Freund, der Dinosaurierj\u00e4ger, wartet bereits auf ihn, also vergiss einen gem\u00fctlichen Spaziergang durch das Land der Dinosaurier! Vor Brian hat er seine eigene Zeitmaschine gebaut, und er ist schon einmal Amok gelaufen! Nichts als \u00c4rger wird von Doctor Horrible Dino Hunter produziert. Wenn es darum geht, Ihnen zu helfen, entfernt die gute Dinosaurierin Helen gerne Rasen, baut einen Leuchtturm und einen Meeresbunker, hilft Ihnen bei der Einrichtung eines Themenparks, holt Ihnen ein Artefakt und gehorcht Befehlen. Du kannst Superausr\u00fcstung verwenden (und sogar Mistgabeln herstellen!), um Betr\u00fcgern entgegenzuwirken, die versuchen, dein Land zu stehlen. Wir sind zuversichtlich, dass Sie vor der Ernte erfolgreich sein werden. Reisen Sie zur\u00fcck in eine Zeit, bevor es Pharaonen, Feen, St\u00e4mme, Brownies, Zwerge und Orks gab. Keine magische Stadt oder andere Welten werden f\u00fcr dich sichtbar sein. Wenn du sie nicht rettest, wird es erst der letzte Tag der Dinosaurier sein. Anderen zu helfen ist deine Mission, wenn du sie annimmst. Es sieht nicht so aus, als h\u00e4ttest du Angst vor einem kleinen Godzilla. In diesem Spiel geht es nicht um die Jagd! Dieser Zoo-Tycoon und Bauspiele! In einem faszinierenden R\u00e4tsel- und nat\u00fcrlich Zeitreiseabenteuer stoppt Brian Doctor Awful. Diese aufregende Science-Fiction-Abenteuer-Achterbahn hat all das und noch viel mehr auf Lager! Entdecke jetzt 50 verschiedene Level, eine F\u00fclle unterschiedlicher Ziele, unglaublich coole Umgebungen, eine Drachenstadt und eine unterhaltsame Handlung. Baue Geb\u00e4ude, trainiere Dinosaurier, jage nach dem Scape, verwalte Ressourcen, pflege einen Garten und errichte andere erstaunliche Konstruktionen, die sich in Dragon Mania-Legenden vor dir entfalten werden. Dank der einfachen Steuerung und des nahtlosen Gameplays bist du im Handumdrehen einsatzbereit. Das Hilfemen\u00fc steht Ihnen jedoch immer zur Verf\u00fcgung, wenn Ihnen noch etwas unklar ist.                     <\/p>\n<p>&nbsp;<\/p>\n<p>&nbsp;<\/p>\n<p><strong>Funktionen:<\/strong><\/p>\n<p>&nbsp;<\/p>\n<p>&#8211; Jurassic World: The Game: Eine einzigartige Welt mit Elementen aus der Vergangenheit und Zukunft<br \/>\n&#8211; Eine humorvolle Handlung mit faszinierenden Charakteren, die sich wie ein Comic<br \/>\n liest- Eine Menge verschiedener Ziele<br \/>\n&#8211; Erfahren Sie mehr \u00fcber verschiedene Fleischfresser und Dinosaurier, wie unter anderem Triceratopsen, T-Rex und Pterodactylen.<br \/>\n&#8211; Es gibt eine Vielzahl von Orten, Parks, gr\u00fcnen Bauernh\u00f6fen, Abenteuerinseln und atemberaubenden Landschaften.<br \/>\n&#8211; Wichtige Boni sind schneller Aufbau, beschleunigter Lauf und Verlangsamungszeit.<br \/>\n&#8211; Einfache Bedienelemente und eine verst\u00e4ndliche Erkl\u00e4rung.<br \/>\n&#8211; Dieses Spiel ist wie ein Museum, das der Welt der Tiere gewidmet ist.<br \/>\n&#8211; Das ist die historische Heimat!<br \/>\n&#8211; Eine einzigartige Musikauswahl<\/p>\n","protected":false},"excerpt":{"rendered":"<p>Haben Sie Monsterlegenden geh\u00f6rt? Heute ist ihr letzter Tag hier auf der Erde. Jeder Dinosaurier ist vom Aussterben bedroht!  <\/p>\n","protected":false},"author":13,"featured_media":86444,"comment_status":"open","ping_status":"closed","template":"","meta":{"_acf_changed":false,"inline_featured_image":false},"product_brand":[],"product_cat":[217],"product_tag":[289],"class_list":{"0":"post-135670","1":"product","2":"type-product","3":"status-publish","4":"has-post-thumbnail","6":"product_cat-time-management-de","7":"product_tag-play-on-pc-de","9":"first","10":"instock","11":"shipping-taxable","12":"purchasable","13":"product-type-simple"},"acf":[],"yoast_head":"<!-- This site is optimized with the Yoast SEO Premium plugin v25.2 (Yoast SEO v25.2) - https:\/\/yoast.com\/wordpress\/plugins\/seo\/ -->\n<title>DayD Through Time Collector&#039;s Edition - Legenden enden, als jeder Dinosaurier auf der Erde vom Aussterben bedroht ist<\/title>\n<meta name=\"description\" content=\"Haben Sie Monsterlegenden geh\u00f6rt? Heute ist ihr letzter Tag hier auf der Erde. Jeder Dinosaurier ist vom Aussterben bedroht!\" \/>\n<meta name=\"robots\" content=\"index, follow, max-snippet:-1, max-image-preview:large, max-video-preview:-1\" \/>\n<link rel=\"canonical\" href=\"https:\/\/www.iplay.com\/de\/games\/dayd-through-time-collectors-edition\/\" \/>\n<meta property=\"og:locale\" content=\"de_DE\" \/>\n<meta property=\"og:type\" content=\"article\" \/>\n<meta property=\"og:title\" content=\"DayD Through Time Collector&#039;s Edition\" \/>\n<meta property=\"og:description\" content=\"Haben Sie Monsterlegenden geh\u00f6rt? Heute ist ihr letzter Tag hier auf der Erde. Jeder Dinosaurier ist vom Aussterben bedroht!\" \/>\n<meta property=\"og:url\" content=\"https:\/\/www.iplay.com\/de\/games\/dayd-through-time-collectors-edition\/\" \/>\n<meta property=\"og:site_name\" content=\"IPlay\" \/>\n<meta property=\"og:image\" content=\"https:\/\/www.iplay.com\/wp-content\/uploads\/2023\/12\/large_square_tile_image-2915.jpg\" \/>\n\t<meta property=\"og:image:width\" content=\"310\" \/>\n\t<meta property=\"og:image:height\" content=\"310\" \/>\n\t<meta property=\"og:image:type\" content=\"image\/jpeg\" \/>\n<meta name=\"twitter:card\" content=\"summary_large_image\" \/>\n<meta name=\"twitter:label1\" content=\"Gesch\u00e4tzte Lesezeit\" \/>\n\t<meta name=\"twitter:data1\" content=\"2 Minuten\" \/>\n<script type=\"application\/ld+json\" class=\"yoast-schema-graph\">{\"@context\":\"https:\/\/schema.org\",\"@graph\":[{\"@type\":\"WebPage\",\"@id\":\"https:\/\/www.iplay.com\/de\/games\/dayd-through-time-collectors-edition\/\",\"url\":\"https:\/\/www.iplay.com\/de\/games\/dayd-through-time-collectors-edition\/\",\"name\":\"DayD Through Time Collector's Edition - Legenden enden, als jeder Dinosaurier auf der Erde vom Aussterben bedroht ist\",\"isPartOf\":{\"@id\":\"https:\/\/www.iplay.com\/en\/#website\"},\"primaryImageOfPage\":{\"@id\":\"https:\/\/www.iplay.com\/de\/games\/dayd-through-time-collectors-edition\/#primaryimage\"},\"image\":{\"@id\":\"https:\/\/www.iplay.com\/de\/games\/dayd-through-time-collectors-edition\/#primaryimage\"},\"thumbnailUrl\":\"https:\/\/www.iplay.com\/wp-content\/uploads\/2023\/12\/large_square_tile_image-2915.jpg\",\"datePublished\":\"2018-12-27T00:00:01+00:00\",\"description\":\"Haben Sie Monsterlegenden geh\u00f6rt? Heute ist ihr letzter Tag hier auf der Erde. Jeder Dinosaurier ist vom Aussterben bedroht!\",\"breadcrumb\":{\"@id\":\"https:\/\/www.iplay.com\/de\/games\/dayd-through-time-collectors-edition\/#breadcrumb\"},\"inLanguage\":\"de-DE\",\"potentialAction\":[{\"@type\":\"ReadAction\",\"target\":[\"https:\/\/www.iplay.com\/de\/games\/dayd-through-time-collectors-edition\/\"]}]},{\"@type\":\"ImageObject\",\"inLanguage\":\"de-DE\",\"@id\":\"https:\/\/www.iplay.com\/de\/games\/dayd-through-time-collectors-edition\/#primaryimage\",\"url\":\"https:\/\/www.iplay.com\/wp-content\/uploads\/2023\/12\/large_square_tile_image-2915.jpg\",\"contentUrl\":\"https:\/\/www.iplay.com\/wp-content\/uploads\/2023\/12\/large_square_tile_image-2915.jpg\",\"width\":310,\"height\":310},{\"@type\":\"BreadcrumbList\",\"@id\":\"https:\/\/www.iplay.com\/de\/games\/dayd-through-time-collectors-edition\/#breadcrumb\",\"itemListElement\":[{\"@type\":\"ListItem\",\"position\":1,\"name\":\"Home\",\"item\":\"https:\/\/www.iplay.com\/de\/home-page-2\/\"},{\"@type\":\"ListItem\",\"position\":2,\"name\":\"Shop\",\"item\":\"https:\/\/www.iplay.com\/en\/shop\/\"},{\"@type\":\"ListItem\",\"position\":3,\"name\":\"DayD Through Time Collector&#8217;s Edition\"}]},{\"@type\":\"WebSite\",\"@id\":\"https:\/\/www.iplay.com\/en\/#website\",\"url\":\"https:\/\/www.iplay.com\/en\/\",\"name\":\"IPlay\",\"description\":\"The Best Casual Games!\",\"publisher\":{\"@id\":\"https:\/\/www.iplay.com\/en\/#organization\"},\"potentialAction\":[{\"@type\":\"SearchAction\",\"target\":{\"@type\":\"EntryPoint\",\"urlTemplate\":\"https:\/\/www.iplay.com\/en\/?s={search_term_string}\"},\"query-input\":{\"@type\":\"PropertyValueSpecification\",\"valueRequired\":true,\"valueName\":\"search_term_string\"}}],\"inLanguage\":\"de-DE\"},{\"@type\":\"Organization\",\"@id\":\"https:\/\/www.iplay.com\/en\/#organization\",\"name\":\"IPlay\",\"url\":\"https:\/\/www.iplay.com\/en\/\",\"logo\":{\"@type\":\"ImageObject\",\"inLanguage\":\"de-DE\",\"@id\":\"https:\/\/www.iplay.com\/en\/#\/schema\/logo\/image\/\",\"url\":\"https:\/\/www.iplay.com\/wp-content\/uploads\/2023\/11\/Group-6100.svg\",\"contentUrl\":\"https:\/\/www.iplay.com\/wp-content\/uploads\/2023\/11\/Group-6100.svg\",\"width\":98,\"height\":25,\"caption\":\"IPlay\"},\"image\":{\"@id\":\"https:\/\/www.iplay.com\/en\/#\/schema\/logo\/image\/\"}}]}<\/script>\n<!-- \/ Yoast SEO Premium plugin. -->","yoast_head_json":{"title":"DayD Through Time Collector's Edition - Legenden enden, als jeder Dinosaurier auf der Erde vom Aussterben bedroht ist","description":"Haben Sie Monsterlegenden geh\u00f6rt? Heute ist ihr letzter Tag hier auf der Erde. Jeder Dinosaurier ist vom Aussterben bedroht!","robots":{"index":"index","follow":"follow","max-snippet":"max-snippet:-1","max-image-preview":"max-image-preview:large","max-video-preview":"max-video-preview:-1"},"canonical":"https:\/\/www.iplay.com\/de\/games\/dayd-through-time-collectors-edition\/","og_locale":"de_DE","og_type":"article","og_title":"DayD Through Time Collector's Edition","og_description":"Haben Sie Monsterlegenden geh\u00f6rt? Heute ist ihr letzter Tag hier auf der Erde. Jeder Dinosaurier ist vom Aussterben bedroht!","og_url":"https:\/\/www.iplay.com\/de\/games\/dayd-through-time-collectors-edition\/","og_site_name":"IPlay","og_image":[{"width":310,"height":310,"url":"https:\/\/www.iplay.com\/wp-content\/uploads\/2023\/12\/large_square_tile_image-2915.jpg","type":"image\/jpeg"}],"twitter_card":"summary_large_image","twitter_misc":{"Gesch\u00e4tzte Lesezeit":"2 Minuten"},"schema":{"@context":"https:\/\/schema.org","@graph":[{"@type":"WebPage","@id":"https:\/\/www.iplay.com\/de\/games\/dayd-through-time-collectors-edition\/","url":"https:\/\/www.iplay.com\/de\/games\/dayd-through-time-collectors-edition\/","name":"DayD Through Time Collector's Edition - Legenden enden, als jeder Dinosaurier auf der Erde vom Aussterben bedroht ist","isPartOf":{"@id":"https:\/\/www.iplay.com\/en\/#website"},"primaryImageOfPage":{"@id":"https:\/\/www.iplay.com\/de\/games\/dayd-through-time-collectors-edition\/#primaryimage"},"image":{"@id":"https:\/\/www.iplay.com\/de\/games\/dayd-through-time-collectors-edition\/#primaryimage"},"thumbnailUrl":"https:\/\/www.iplay.com\/wp-content\/uploads\/2023\/12\/large_square_tile_image-2915.jpg","datePublished":"2018-12-27T00:00:01+00:00","description":"Haben Sie Monsterlegenden geh\u00f6rt? Heute ist ihr letzter Tag hier auf der Erde. Jeder Dinosaurier ist vom Aussterben bedroht!","breadcrumb":{"@id":"https:\/\/www.iplay.com\/de\/games\/dayd-through-time-collectors-edition\/#breadcrumb"},"inLanguage":"de-DE","potentialAction":[{"@type":"ReadAction","target":["https:\/\/www.iplay.com\/de\/games\/dayd-through-time-collectors-edition\/"]}]},{"@type":"ImageObject","inLanguage":"de-DE","@id":"https:\/\/www.iplay.com\/de\/games\/dayd-through-time-collectors-edition\/#primaryimage","url":"https:\/\/www.iplay.com\/wp-content\/uploads\/2023\/12\/large_square_tile_image-2915.jpg","contentUrl":"https:\/\/www.iplay.com\/wp-content\/uploads\/2023\/12\/large_square_tile_image-2915.jpg","width":310,"height":310},{"@type":"BreadcrumbList","@id":"https:\/\/www.iplay.com\/de\/games\/dayd-through-time-collectors-edition\/#breadcrumb","itemListElement":[{"@type":"ListItem","position":1,"name":"Home","item":"https:\/\/www.iplay.com\/de\/home-page-2\/"},{"@type":"ListItem","position":2,"name":"Shop","item":"https:\/\/www.iplay.com\/en\/shop\/"},{"@type":"ListItem","position":3,"name":"DayD Through Time Collector&#8217;s Edition"}]},{"@type":"WebSite","@id":"https:\/\/www.iplay.com\/en\/#website","url":"https:\/\/www.iplay.com\/en\/","name":"IPlay","description":"The Best Casual Games!","publisher":{"@id":"https:\/\/www.iplay.com\/en\/#organization"},"potentialAction":[{"@type":"SearchAction","target":{"@type":"EntryPoint","urlTemplate":"https:\/\/www.iplay.com\/en\/?s={search_term_string}"},"query-input":{"@type":"PropertyValueSpecification","valueRequired":true,"valueName":"search_term_string"}}],"inLanguage":"de-DE"},{"@type":"Organization","@id":"https:\/\/www.iplay.com\/en\/#organization","name":"IPlay","url":"https:\/\/www.iplay.com\/en\/","logo":{"@type":"ImageObject","inLanguage":"de-DE","@id":"https:\/\/www.iplay.com\/en\/#\/schema\/logo\/image\/","url":"https:\/\/www.iplay.com\/wp-content\/uploads\/2023\/11\/Group-6100.svg","contentUrl":"https:\/\/www.iplay.com\/wp-content\/uploads\/2023\/11\/Group-6100.svg","width":98,"height":25,"caption":"IPlay"},"image":{"@id":"https:\/\/www.iplay.com\/en\/#\/schema\/logo\/image\/"}}]}},"_links":{"self":[{"href":"https:\/\/www.iplay.com\/de\/wp-json\/wp\/v2\/product\/135670","targetHints":{"allow":["GET"]}}],"collection":[{"href":"https:\/\/www.iplay.com\/de\/wp-json\/wp\/v2\/product"}],"about":[{"href":"https:\/\/www.iplay.com\/de\/wp-json\/wp\/v2\/types\/product"}],"author":[{"embeddable":true,"href":"https:\/\/www.iplay.com\/de\/wp-json\/wp\/v2\/users\/13"}],"replies":[{"embeddable":true,"href":"https:\/\/www.iplay.com\/de\/wp-json\/wp\/v2\/comments?post=135670"}],"wp:featuredmedia":[{"embeddable":true,"href":"https:\/\/www.iplay.com\/de\/wp-json\/wp\/v2\/media\/86444"}],"wp:attachment":[{"href":"https:\/\/www.iplay.com\/de\/wp-json\/wp\/v2\/media?parent=135670"}],"wp:term":[{"taxonomy":"product_brand","embeddable":true,"href":"https:\/\/www.iplay.com\/de\/wp-json\/wp\/v2\/product_brand?post=135670"},{"taxonomy":"product_cat","embeddable":true,"href":"https:\/\/www.iplay.com\/de\/wp-json\/wp\/v2\/product_cat?post=135670"},{"taxonomy":"product_tag","embeddable":true,"href":"https:\/\/www.iplay.com\/de\/wp-json\/wp\/v2\/product_tag?post=135670"}],"curies":[{"name":"wp","href":"https:\/\/api.w.org\/{rel}","templated":true}]}}