{"id":135660,"date":"2019-01-10T00:00:01","date_gmt":"2019-01-10T00:00:01","guid":{"rendered":"https:\/\/www.iplay.com\/games\/parker-lane-twisted-minds-collectors-edition\/"},"modified":"2019-01-10T00:00:01","modified_gmt":"2019-01-10T00:00:01","slug":"parker-lane-twisted-minds-collectors-edition","status":"publish","type":"product","link":"https:\/\/www.iplay.com\/de\/games\/parker-lane-twisted-minds-collectors-edition\/","title":{"rendered":"Parker &amp; Lane &#8211; Twisted Minds: Collector&#8217;s Edition"},"content":{"rendered":"<p>Parker muss sich ihrer Geschichte stellen, bevor sie ihr die Zukunft nimmt, als ein M\u00f6rder aus ihren fr\u00fchen Jahren eine Reihe von Morden plant! Begleite Victor Lane und Lily Parker bei ihrem Versuch, ihren bisher r\u00e4tselhaftesten Fall zu untersuchen. Parker hat sich von einem Anf\u00e4nger zu einem der besten Detektive der Polizei entwickelt. Was jedoch passieren wird, k\u00f6nnte selbst f\u00fcr ihre au\u00dfergew\u00f6hnlichen detektivischen F\u00e4higkeiten zu viel sein! Ein Restaurantbesitzer wird dabei ertappt, wie er ein blutiges Messer \u00fcber eine leblose Person h\u00e4lt. Das ist ein offensichtlicher Fall, oder? Parker ist sich jedoch nicht sicher; Die schrecklichen Erfahrungen aus ihren fr\u00fchen Jahren verfolgen sie, und der M.O. scheint derselbe zu sein, wie er in der Vergangenheit war. Als jedoch immer mehr Menschen zu st\u00fcrzen beginnen, scheinen alle Beweise auf Parker hinzudeuten! L\u00f6se das R\u00e4tsel, verschaffe Parker und den Opfern Gerechtigkeit und stelle Recht und Ordnung wieder her. Du hast Leute, die auf dich angewiesen sind!         <\/p>\n<p>&nbsp;<\/p>\n<p>&nbsp;<\/p>\n<p><strong>Funktionen:<\/strong><\/p>\n<p>&nbsp;<\/p>\n<p>&#8211; Werde ein Top-Detektiv, indem du alle 12 Minispiele<br \/>\n meisterst- L\u00f6se F\u00e4lle mit deinen Polizeif\u00e4higkeiten<br \/>\n&#8211; Finde den Verbrecher, bevor es zu sp\u00e4t ist! Erlebe eine bel\u00e4stigende Geschichte<br \/>\n&#8211; Erf\u00fclle CSI-Aufgaben und untersuche Hinweise<br \/>\n&#8211; Setze forensische Werkzeuge ein, um Waffen, Fingerabdr\u00fccke und DNA-Proben<br \/>\n zu untersuchen- Verbessere dein Detektivteam und mache es st\u00e4rker und besser<br \/>\n&#8211; Finde Hinweise in 60 Levels und 30 Herausforderungsleveln<br \/>\n&#8211; F\u00fchre Ermittlungen an 10 Orten durch, darunter sechs Tatorte <\/p>\n<p>&nbsp;<\/p>\n<p><strong>Bitte beachten Sie, dass einige PCs m\u00f6glicherweise nicht in der Lage sind, dieses Spiel auszuf\u00fchren<\/strong><\/p>\n","protected":false},"excerpt":{"rendered":"<p>Parker muss sich ihrer Geschichte stellen, bevor sie ihre Zukunft zerst\u00f6rt, angefangen bei einem M\u00f6rder aus ihren fr\u00fchen Jahren.<\/p>\n","protected":false},"author":10,"featured_media":86380,"comment_status":"open","ping_status":"closed","template":"","meta":{"_acf_changed":false,"inline_featured_image":false},"product_brand":[],"product_cat":[217],"product_tag":[289],"class_list":{"0":"post-135660","1":"product","2":"type-product","3":"status-publish","4":"has-post-thumbnail","6":"product_cat-time-management-de","7":"product_tag-play-on-pc-de","9":"first","10":"instock","11":"shipping-taxable","12":"purchasable","13":"product-type-simple"},"acf":[],"yoast_head":"<!-- This site is optimized with the Yoast SEO Premium plugin v25.2 (Yoast SEO v25.2) - https:\/\/yoast.com\/wordpress\/plugins\/seo\/ -->\n<title>Parker &amp; Lane - Twisted Minds: Collector&#039;s Edition - Stelle dich einem M\u00f6rder aus Parkers Vergangenheit und sichere ihre Zukunft<\/title>\n<meta name=\"description\" content=\"Parker muss sich ihrer Geschichte stellen, bevor sie ihre Zukunft zerst\u00f6rt, angefangen bei einem M\u00f6rder aus ihren fr\u00fchen Jahren.\" \/>\n<meta name=\"robots\" content=\"index, follow, max-snippet:-1, max-image-preview:large, max-video-preview:-1\" \/>\n<link rel=\"canonical\" href=\"https:\/\/www.iplay.com\/de\/games\/parker-lane-twisted-minds-collectors-edition\/\" \/>\n<meta property=\"og:locale\" content=\"de_DE\" \/>\n<meta property=\"og:type\" content=\"article\" \/>\n<meta property=\"og:title\" content=\"Parker &amp; Lane - Twisted Minds: Collector&#039;s Edition\" \/>\n<meta property=\"og:description\" content=\"Parker muss sich ihrer Geschichte stellen, bevor sie ihre Zukunft zerst\u00f6rt, angefangen bei einem M\u00f6rder aus ihren fr\u00fchen Jahren.\" \/>\n<meta property=\"og:url\" content=\"https:\/\/www.iplay.com\/de\/games\/parker-lane-twisted-minds-collectors-edition\/\" \/>\n<meta property=\"og:site_name\" content=\"IPlay\" \/>\n<meta property=\"og:image\" content=\"https:\/\/www.iplay.com\/wp-content\/uploads\/2023\/12\/large_square_tile_image-2911.jpg\" \/>\n\t<meta property=\"og:image:width\" content=\"310\" \/>\n\t<meta property=\"og:image:height\" content=\"310\" \/>\n\t<meta property=\"og:image:type\" content=\"image\/jpeg\" \/>\n<meta name=\"twitter:card\" content=\"summary_large_image\" \/>\n<meta name=\"twitter:label1\" content=\"Gesch\u00e4tzte Lesezeit\" \/>\n\t<meta name=\"twitter:data1\" content=\"1 Minute\" \/>\n<script type=\"application\/ld+json\" class=\"yoast-schema-graph\">{\"@context\":\"https:\/\/schema.org\",\"@graph\":[{\"@type\":\"WebPage\",\"@id\":\"https:\/\/www.iplay.com\/de\/games\/parker-lane-twisted-minds-collectors-edition\/\",\"url\":\"https:\/\/www.iplay.com\/de\/games\/parker-lane-twisted-minds-collectors-edition\/\",\"name\":\"Parker & Lane - Twisted Minds: Collector's Edition - Stelle dich einem M\u00f6rder aus Parkers Vergangenheit und sichere ihre Zukunft\",\"isPartOf\":{\"@id\":\"https:\/\/www.iplay.com\/en\/#website\"},\"primaryImageOfPage\":{\"@id\":\"https:\/\/www.iplay.com\/de\/games\/parker-lane-twisted-minds-collectors-edition\/#primaryimage\"},\"image\":{\"@id\":\"https:\/\/www.iplay.com\/de\/games\/parker-lane-twisted-minds-collectors-edition\/#primaryimage\"},\"thumbnailUrl\":\"https:\/\/www.iplay.com\/wp-content\/uploads\/2023\/12\/large_square_tile_image-2911.jpg\",\"datePublished\":\"2019-01-10T00:00:01+00:00\",\"description\":\"Parker muss sich ihrer Geschichte stellen, bevor sie ihre Zukunft zerst\u00f6rt, angefangen bei einem M\u00f6rder aus ihren fr\u00fchen Jahren.\",\"breadcrumb\":{\"@id\":\"https:\/\/www.iplay.com\/de\/games\/parker-lane-twisted-minds-collectors-edition\/#breadcrumb\"},\"inLanguage\":\"de-DE\",\"potentialAction\":[{\"@type\":\"ReadAction\",\"target\":[\"https:\/\/www.iplay.com\/de\/games\/parker-lane-twisted-minds-collectors-edition\/\"]}]},{\"@type\":\"ImageObject\",\"inLanguage\":\"de-DE\",\"@id\":\"https:\/\/www.iplay.com\/de\/games\/parker-lane-twisted-minds-collectors-edition\/#primaryimage\",\"url\":\"https:\/\/www.iplay.com\/wp-content\/uploads\/2023\/12\/large_square_tile_image-2911.jpg\",\"contentUrl\":\"https:\/\/www.iplay.com\/wp-content\/uploads\/2023\/12\/large_square_tile_image-2911.jpg\",\"width\":310,\"height\":310},{\"@type\":\"BreadcrumbList\",\"@id\":\"https:\/\/www.iplay.com\/de\/games\/parker-lane-twisted-minds-collectors-edition\/#breadcrumb\",\"itemListElement\":[{\"@type\":\"ListItem\",\"position\":1,\"name\":\"Home\",\"item\":\"https:\/\/www.iplay.com\/de\/home-page-2\/\"},{\"@type\":\"ListItem\",\"position\":2,\"name\":\"Shop\",\"item\":\"https:\/\/www.iplay.com\/en\/shop\/\"},{\"@type\":\"ListItem\",\"position\":3,\"name\":\"Parker &amp; Lane &#8211; Twisted Minds: Collector&#8217;s Edition\"}]},{\"@type\":\"WebSite\",\"@id\":\"https:\/\/www.iplay.com\/en\/#website\",\"url\":\"https:\/\/www.iplay.com\/en\/\",\"name\":\"IPlay\",\"description\":\"The Best Casual Games!\",\"publisher\":{\"@id\":\"https:\/\/www.iplay.com\/en\/#organization\"},\"potentialAction\":[{\"@type\":\"SearchAction\",\"target\":{\"@type\":\"EntryPoint\",\"urlTemplate\":\"https:\/\/www.iplay.com\/en\/?s={search_term_string}\"},\"query-input\":{\"@type\":\"PropertyValueSpecification\",\"valueRequired\":true,\"valueName\":\"search_term_string\"}}],\"inLanguage\":\"de-DE\"},{\"@type\":\"Organization\",\"@id\":\"https:\/\/www.iplay.com\/en\/#organization\",\"name\":\"IPlay\",\"url\":\"https:\/\/www.iplay.com\/en\/\",\"logo\":{\"@type\":\"ImageObject\",\"inLanguage\":\"de-DE\",\"@id\":\"https:\/\/www.iplay.com\/en\/#\/schema\/logo\/image\/\",\"url\":\"https:\/\/www.iplay.com\/wp-content\/uploads\/2023\/11\/Group-6100.svg\",\"contentUrl\":\"https:\/\/www.iplay.com\/wp-content\/uploads\/2023\/11\/Group-6100.svg\",\"width\":98,\"height\":25,\"caption\":\"IPlay\"},\"image\":{\"@id\":\"https:\/\/www.iplay.com\/en\/#\/schema\/logo\/image\/\"}}]}<\/script>\n<!-- \/ Yoast SEO Premium plugin. -->","yoast_head_json":{"title":"Parker & Lane - Twisted Minds: Collector's Edition - Stelle dich einem M\u00f6rder aus Parkers Vergangenheit und sichere ihre Zukunft","description":"Parker muss sich ihrer Geschichte stellen, bevor sie ihre Zukunft zerst\u00f6rt, angefangen bei einem M\u00f6rder aus ihren fr\u00fchen Jahren.","robots":{"index":"index","follow":"follow","max-snippet":"max-snippet:-1","max-image-preview":"max-image-preview:large","max-video-preview":"max-video-preview:-1"},"canonical":"https:\/\/www.iplay.com\/de\/games\/parker-lane-twisted-minds-collectors-edition\/","og_locale":"de_DE","og_type":"article","og_title":"Parker &amp; Lane - Twisted Minds: Collector's Edition","og_description":"Parker muss sich ihrer Geschichte stellen, bevor sie ihre Zukunft zerst\u00f6rt, angefangen bei einem M\u00f6rder aus ihren fr\u00fchen Jahren.","og_url":"https:\/\/www.iplay.com\/de\/games\/parker-lane-twisted-minds-collectors-edition\/","og_site_name":"IPlay","og_image":[{"width":310,"height":310,"url":"https:\/\/www.iplay.com\/wp-content\/uploads\/2023\/12\/large_square_tile_image-2911.jpg","type":"image\/jpeg"}],"twitter_card":"summary_large_image","twitter_misc":{"Gesch\u00e4tzte Lesezeit":"1 Minute"},"schema":{"@context":"https:\/\/schema.org","@graph":[{"@type":"WebPage","@id":"https:\/\/www.iplay.com\/de\/games\/parker-lane-twisted-minds-collectors-edition\/","url":"https:\/\/www.iplay.com\/de\/games\/parker-lane-twisted-minds-collectors-edition\/","name":"Parker & Lane - Twisted Minds: Collector's Edition - Stelle dich einem M\u00f6rder aus Parkers Vergangenheit und sichere ihre Zukunft","isPartOf":{"@id":"https:\/\/www.iplay.com\/en\/#website"},"primaryImageOfPage":{"@id":"https:\/\/www.iplay.com\/de\/games\/parker-lane-twisted-minds-collectors-edition\/#primaryimage"},"image":{"@id":"https:\/\/www.iplay.com\/de\/games\/parker-lane-twisted-minds-collectors-edition\/#primaryimage"},"thumbnailUrl":"https:\/\/www.iplay.com\/wp-content\/uploads\/2023\/12\/large_square_tile_image-2911.jpg","datePublished":"2019-01-10T00:00:01+00:00","description":"Parker muss sich ihrer Geschichte stellen, bevor sie ihre Zukunft zerst\u00f6rt, angefangen bei einem M\u00f6rder aus ihren fr\u00fchen Jahren.","breadcrumb":{"@id":"https:\/\/www.iplay.com\/de\/games\/parker-lane-twisted-minds-collectors-edition\/#breadcrumb"},"inLanguage":"de-DE","potentialAction":[{"@type":"ReadAction","target":["https:\/\/www.iplay.com\/de\/games\/parker-lane-twisted-minds-collectors-edition\/"]}]},{"@type":"ImageObject","inLanguage":"de-DE","@id":"https:\/\/www.iplay.com\/de\/games\/parker-lane-twisted-minds-collectors-edition\/#primaryimage","url":"https:\/\/www.iplay.com\/wp-content\/uploads\/2023\/12\/large_square_tile_image-2911.jpg","contentUrl":"https:\/\/www.iplay.com\/wp-content\/uploads\/2023\/12\/large_square_tile_image-2911.jpg","width":310,"height":310},{"@type":"BreadcrumbList","@id":"https:\/\/www.iplay.com\/de\/games\/parker-lane-twisted-minds-collectors-edition\/#breadcrumb","itemListElement":[{"@type":"ListItem","position":1,"name":"Home","item":"https:\/\/www.iplay.com\/de\/home-page-2\/"},{"@type":"ListItem","position":2,"name":"Shop","item":"https:\/\/www.iplay.com\/en\/shop\/"},{"@type":"ListItem","position":3,"name":"Parker &amp; Lane &#8211; Twisted Minds: Collector&#8217;s Edition"}]},{"@type":"WebSite","@id":"https:\/\/www.iplay.com\/en\/#website","url":"https:\/\/www.iplay.com\/en\/","name":"IPlay","description":"The Best Casual Games!","publisher":{"@id":"https:\/\/www.iplay.com\/en\/#organization"},"potentialAction":[{"@type":"SearchAction","target":{"@type":"EntryPoint","urlTemplate":"https:\/\/www.iplay.com\/en\/?s={search_term_string}"},"query-input":{"@type":"PropertyValueSpecification","valueRequired":true,"valueName":"search_term_string"}}],"inLanguage":"de-DE"},{"@type":"Organization","@id":"https:\/\/www.iplay.com\/en\/#organization","name":"IPlay","url":"https:\/\/www.iplay.com\/en\/","logo":{"@type":"ImageObject","inLanguage":"de-DE","@id":"https:\/\/www.iplay.com\/en\/#\/schema\/logo\/image\/","url":"https:\/\/www.iplay.com\/wp-content\/uploads\/2023\/11\/Group-6100.svg","contentUrl":"https:\/\/www.iplay.com\/wp-content\/uploads\/2023\/11\/Group-6100.svg","width":98,"height":25,"caption":"IPlay"},"image":{"@id":"https:\/\/www.iplay.com\/en\/#\/schema\/logo\/image\/"}}]}},"_links":{"self":[{"href":"https:\/\/www.iplay.com\/de\/wp-json\/wp\/v2\/product\/135660","targetHints":{"allow":["GET"]}}],"collection":[{"href":"https:\/\/www.iplay.com\/de\/wp-json\/wp\/v2\/product"}],"about":[{"href":"https:\/\/www.iplay.com\/de\/wp-json\/wp\/v2\/types\/product"}],"author":[{"embeddable":true,"href":"https:\/\/www.iplay.com\/de\/wp-json\/wp\/v2\/users\/10"}],"replies":[{"embeddable":true,"href":"https:\/\/www.iplay.com\/de\/wp-json\/wp\/v2\/comments?post=135660"}],"wp:featuredmedia":[{"embeddable":true,"href":"https:\/\/www.iplay.com\/de\/wp-json\/wp\/v2\/media\/86380"}],"wp:attachment":[{"href":"https:\/\/www.iplay.com\/de\/wp-json\/wp\/v2\/media?parent=135660"}],"wp:term":[{"taxonomy":"product_brand","embeddable":true,"href":"https:\/\/www.iplay.com\/de\/wp-json\/wp\/v2\/product_brand?post=135660"},{"taxonomy":"product_cat","embeddable":true,"href":"https:\/\/www.iplay.com\/de\/wp-json\/wp\/v2\/product_cat?post=135660"},{"taxonomy":"product_tag","embeddable":true,"href":"https:\/\/www.iplay.com\/de\/wp-json\/wp\/v2\/product_tag?post=135660"}],"curies":[{"name":"wp","href":"https:\/\/api.w.org\/{rel}","templated":true}]}}