{"id":135643,"date":"2019-02-21T00:00:01","date_gmt":"2019-02-21T00:00:01","guid":{"rendered":"https:\/\/www.iplay.com\/games\/fabulous-angelas-true-colors\/"},"modified":"2019-02-21T00:00:01","modified_gmt":"2019-02-21T00:00:01","slug":"fabulous-angelas-true-colors","status":"publish","type":"product","link":"https:\/\/www.iplay.com\/de\/games\/fabulous-angelas-true-colors\/","title":{"rendered":"Fabulous &#8211; Angela&#8217;s True Colors"},"content":{"rendered":"<p>Es ist fast die Couture-Woche, und Angela ist bereit, zu gl\u00e4nzen. Ihr Traum ist es, eine Couture-Boutique im Zentrum des opulentesten Designerviertels New Yorks zu errichten. Nachdem sie neue Zeichnungen zu ihrem Portfolio hinzugef\u00fcgt hat, macht sie sich auf die Suche nach Investoren, die sich zuf\u00e4llig n\u00e4her stehen, als sie glaubt. No\u00e9mie, die amtierende Modek\u00f6nigin, entdeckt jedoch, dass Angela versucht, ihre Position als Designerin an sich zu rei\u00dfen, und beschlie\u00dft, ihre Ambitionen zu vereiteln. Zun\u00e4chst sieht es so aus, als ob No\u00e9mies Plan erfolgreich ist, denn Angela geht mit dem Schwanz zwischen den Beinen nach Hause. Aber wenn Angela es zulassen w\u00fcrde, dass ein verblichener Designer ihr ihren Glanz nimmt, w\u00e4re sie nicht Angela! Ich bitte Sie aufrichtig um Entschuldigung. K\u00f6nntest du Angela bei ihrer Boutique helfen *und* sie zur Fashion Week in New York bringen?       <\/p>\n<p>&nbsp;<\/p>\n<p>&nbsp;<\/p>\n<p><strong>Funktionen:<\/strong><\/p>\n<p>&nbsp;<\/p>\n<p>&#8211; Stelle Kleider her und bevorratet Geldb\u00f6rsen, Schuhe, Schmuck und andere Accessoires f\u00fcr Angelas Laden<br \/>\n&#8211; Dekoriere die Boutique in einem von New York inspirierten Stil<br \/>\n&#8211; Kleide deine Models ein, trage glamour\u00f6ses Make-up und Frisuren auf und schicke jede Sch\u00f6nheit auf den Laufsteg<br \/>\n&#8211; Kannst du mit deinen Fingern genug \u00fcberlisten, um unser aufregendes Zeitmanagement-Gameplay<br \/>\n zu gewinnen- Schaffe dir deinen Weg durch 60 Story-Levels und 24 Herausforderungslevel.<br \/>\n&#8211; Erreiche deine h\u00f6chste Punktzahl in den 6 erstaunlichen endlosen Levels.<br \/>\n&#8211; Geben Sie Ihren Modellen ein neues Gesicht.<br \/>\n&#8211; Posten Sie Ihre sch\u00f6nsten Haute-Couture-Ensembles auf Facebook.<br \/>\n&#8211; Sind Sie Mitglied von Team Angel? oder <strong>Devil Team<\/strong> Welche Anleitung w\u00fcrdest du Angela geben? Finde die <strong>beiden versteckten Ebenen<\/strong>! Meistere zwanzig verschiedene Minispiele mit einem Modethema.<\/p>\n","protected":false},"excerpt":{"rendered":"<p>Obwohl Angela um den Titel der New Yorker Modek\u00f6nigin k\u00e4mpft, hat die aktuelle Monarchin andere Pl\u00e4ne.<\/p>\n","protected":false},"author":10,"featured_media":85980,"comment_status":"open","ping_status":"closed","template":"","meta":{"_acf_changed":false,"inline_featured_image":false},"product_brand":[],"product_cat":[217],"product_tag":[289],"class_list":{"0":"post-135643","1":"product","2":"type-product","3":"status-publish","4":"has-post-thumbnail","6":"product_cat-time-management-de","7":"product_tag-play-on-pc-de","9":"first","10":"instock","11":"shipping-taxable","12":"purchasable","13":"product-type-simple"},"acf":[],"yoast_head":"<!-- This site is optimized with the Yoast SEO Premium plugin v25.2 (Yoast SEO v25.2) - https:\/\/yoast.com\/wordpress\/plugins\/seo\/ -->\n<title>Fabelhaft - Angelas wahre Farben - Angela wetteifert um den New Yorker Modethron<\/title>\n<meta name=\"description\" content=\"Obwohl Angela um den Titel der New Yorker Modek\u00f6nigin k\u00e4mpft, hat die aktuelle Monarchin andere Pl\u00e4ne.\" \/>\n<meta name=\"robots\" content=\"index, follow, max-snippet:-1, max-image-preview:large, max-video-preview:-1\" \/>\n<link rel=\"canonical\" href=\"https:\/\/www.iplay.com\/de\/games\/fabulous-angelas-true-colors\/\" \/>\n<meta property=\"og:locale\" content=\"de_DE\" \/>\n<meta property=\"og:type\" content=\"article\" \/>\n<meta property=\"og:title\" content=\"Fabulous - Angela&#039;s True Colors\" \/>\n<meta property=\"og:description\" content=\"Obwohl Angela um den Titel der New Yorker Modek\u00f6nigin k\u00e4mpft, hat die aktuelle Monarchin andere Pl\u00e4ne.\" \/>\n<meta property=\"og:url\" content=\"https:\/\/www.iplay.com\/de\/games\/fabulous-angelas-true-colors\/\" \/>\n<meta property=\"og:site_name\" content=\"IPlay\" \/>\n<meta property=\"og:image\" content=\"https:\/\/www.iplay.com\/wp-content\/uploads\/2023\/12\/large_square_tile_image-2885.jpg\" \/>\n\t<meta property=\"og:image:width\" content=\"310\" \/>\n\t<meta property=\"og:image:height\" content=\"310\" \/>\n\t<meta property=\"og:image:type\" content=\"image\/jpeg\" \/>\n<meta name=\"twitter:card\" content=\"summary_large_image\" \/>\n<meta name=\"twitter:label1\" content=\"Gesch\u00e4tzte Lesezeit\" \/>\n\t<meta name=\"twitter:data1\" content=\"1 Minute\" \/>\n<script type=\"application\/ld+json\" class=\"yoast-schema-graph\">{\"@context\":\"https:\/\/schema.org\",\"@graph\":[{\"@type\":\"WebPage\",\"@id\":\"https:\/\/www.iplay.com\/de\/games\/fabulous-angelas-true-colors\/\",\"url\":\"https:\/\/www.iplay.com\/de\/games\/fabulous-angelas-true-colors\/\",\"name\":\"Fabelhaft - Angelas wahre Farben - Angela wetteifert um den New Yorker Modethron\",\"isPartOf\":{\"@id\":\"https:\/\/www.iplay.com\/en\/#website\"},\"primaryImageOfPage\":{\"@id\":\"https:\/\/www.iplay.com\/de\/games\/fabulous-angelas-true-colors\/#primaryimage\"},\"image\":{\"@id\":\"https:\/\/www.iplay.com\/de\/games\/fabulous-angelas-true-colors\/#primaryimage\"},\"thumbnailUrl\":\"https:\/\/www.iplay.com\/wp-content\/uploads\/2023\/12\/large_square_tile_image-2885.jpg\",\"datePublished\":\"2019-02-21T00:00:01+00:00\",\"description\":\"Obwohl Angela um den Titel der New Yorker Modek\u00f6nigin k\u00e4mpft, hat die aktuelle Monarchin andere Pl\u00e4ne.\",\"breadcrumb\":{\"@id\":\"https:\/\/www.iplay.com\/de\/games\/fabulous-angelas-true-colors\/#breadcrumb\"},\"inLanguage\":\"de-DE\",\"potentialAction\":[{\"@type\":\"ReadAction\",\"target\":[\"https:\/\/www.iplay.com\/de\/games\/fabulous-angelas-true-colors\/\"]}]},{\"@type\":\"ImageObject\",\"inLanguage\":\"de-DE\",\"@id\":\"https:\/\/www.iplay.com\/de\/games\/fabulous-angelas-true-colors\/#primaryimage\",\"url\":\"https:\/\/www.iplay.com\/wp-content\/uploads\/2023\/12\/large_square_tile_image-2885.jpg\",\"contentUrl\":\"https:\/\/www.iplay.com\/wp-content\/uploads\/2023\/12\/large_square_tile_image-2885.jpg\",\"width\":310,\"height\":310},{\"@type\":\"BreadcrumbList\",\"@id\":\"https:\/\/www.iplay.com\/de\/games\/fabulous-angelas-true-colors\/#breadcrumb\",\"itemListElement\":[{\"@type\":\"ListItem\",\"position\":1,\"name\":\"Home\",\"item\":\"https:\/\/www.iplay.com\/de\/home-page-2\/\"},{\"@type\":\"ListItem\",\"position\":2,\"name\":\"Shop\",\"item\":\"https:\/\/www.iplay.com\/en\/shop\/\"},{\"@type\":\"ListItem\",\"position\":3,\"name\":\"Fabulous &#8211; Angela&#8217;s True Colors\"}]},{\"@type\":\"WebSite\",\"@id\":\"https:\/\/www.iplay.com\/en\/#website\",\"url\":\"https:\/\/www.iplay.com\/en\/\",\"name\":\"IPlay\",\"description\":\"The Best Casual Games!\",\"publisher\":{\"@id\":\"https:\/\/www.iplay.com\/en\/#organization\"},\"potentialAction\":[{\"@type\":\"SearchAction\",\"target\":{\"@type\":\"EntryPoint\",\"urlTemplate\":\"https:\/\/www.iplay.com\/en\/?s={search_term_string}\"},\"query-input\":{\"@type\":\"PropertyValueSpecification\",\"valueRequired\":true,\"valueName\":\"search_term_string\"}}],\"inLanguage\":\"de-DE\"},{\"@type\":\"Organization\",\"@id\":\"https:\/\/www.iplay.com\/en\/#organization\",\"name\":\"IPlay\",\"url\":\"https:\/\/www.iplay.com\/en\/\",\"logo\":{\"@type\":\"ImageObject\",\"inLanguage\":\"de-DE\",\"@id\":\"https:\/\/www.iplay.com\/en\/#\/schema\/logo\/image\/\",\"url\":\"https:\/\/www.iplay.com\/wp-content\/uploads\/2023\/11\/Group-6100.svg\",\"contentUrl\":\"https:\/\/www.iplay.com\/wp-content\/uploads\/2023\/11\/Group-6100.svg\",\"width\":98,\"height\":25,\"caption\":\"IPlay\"},\"image\":{\"@id\":\"https:\/\/www.iplay.com\/en\/#\/schema\/logo\/image\/\"}}]}<\/script>\n<!-- \/ Yoast SEO Premium plugin. -->","yoast_head_json":{"title":"Fabelhaft - Angelas wahre Farben - Angela wetteifert um den New Yorker Modethron","description":"Obwohl Angela um den Titel der New Yorker Modek\u00f6nigin k\u00e4mpft, hat die aktuelle Monarchin andere Pl\u00e4ne.","robots":{"index":"index","follow":"follow","max-snippet":"max-snippet:-1","max-image-preview":"max-image-preview:large","max-video-preview":"max-video-preview:-1"},"canonical":"https:\/\/www.iplay.com\/de\/games\/fabulous-angelas-true-colors\/","og_locale":"de_DE","og_type":"article","og_title":"Fabulous - Angela's True Colors","og_description":"Obwohl Angela um den Titel der New Yorker Modek\u00f6nigin k\u00e4mpft, hat die aktuelle Monarchin andere Pl\u00e4ne.","og_url":"https:\/\/www.iplay.com\/de\/games\/fabulous-angelas-true-colors\/","og_site_name":"IPlay","og_image":[{"width":310,"height":310,"url":"https:\/\/www.iplay.com\/wp-content\/uploads\/2023\/12\/large_square_tile_image-2885.jpg","type":"image\/jpeg"}],"twitter_card":"summary_large_image","twitter_misc":{"Gesch\u00e4tzte Lesezeit":"1 Minute"},"schema":{"@context":"https:\/\/schema.org","@graph":[{"@type":"WebPage","@id":"https:\/\/www.iplay.com\/de\/games\/fabulous-angelas-true-colors\/","url":"https:\/\/www.iplay.com\/de\/games\/fabulous-angelas-true-colors\/","name":"Fabelhaft - Angelas wahre Farben - Angela wetteifert um den New Yorker Modethron","isPartOf":{"@id":"https:\/\/www.iplay.com\/en\/#website"},"primaryImageOfPage":{"@id":"https:\/\/www.iplay.com\/de\/games\/fabulous-angelas-true-colors\/#primaryimage"},"image":{"@id":"https:\/\/www.iplay.com\/de\/games\/fabulous-angelas-true-colors\/#primaryimage"},"thumbnailUrl":"https:\/\/www.iplay.com\/wp-content\/uploads\/2023\/12\/large_square_tile_image-2885.jpg","datePublished":"2019-02-21T00:00:01+00:00","description":"Obwohl Angela um den Titel der New Yorker Modek\u00f6nigin k\u00e4mpft, hat die aktuelle Monarchin andere Pl\u00e4ne.","breadcrumb":{"@id":"https:\/\/www.iplay.com\/de\/games\/fabulous-angelas-true-colors\/#breadcrumb"},"inLanguage":"de-DE","potentialAction":[{"@type":"ReadAction","target":["https:\/\/www.iplay.com\/de\/games\/fabulous-angelas-true-colors\/"]}]},{"@type":"ImageObject","inLanguage":"de-DE","@id":"https:\/\/www.iplay.com\/de\/games\/fabulous-angelas-true-colors\/#primaryimage","url":"https:\/\/www.iplay.com\/wp-content\/uploads\/2023\/12\/large_square_tile_image-2885.jpg","contentUrl":"https:\/\/www.iplay.com\/wp-content\/uploads\/2023\/12\/large_square_tile_image-2885.jpg","width":310,"height":310},{"@type":"BreadcrumbList","@id":"https:\/\/www.iplay.com\/de\/games\/fabulous-angelas-true-colors\/#breadcrumb","itemListElement":[{"@type":"ListItem","position":1,"name":"Home","item":"https:\/\/www.iplay.com\/de\/home-page-2\/"},{"@type":"ListItem","position":2,"name":"Shop","item":"https:\/\/www.iplay.com\/en\/shop\/"},{"@type":"ListItem","position":3,"name":"Fabulous &#8211; Angela&#8217;s True Colors"}]},{"@type":"WebSite","@id":"https:\/\/www.iplay.com\/en\/#website","url":"https:\/\/www.iplay.com\/en\/","name":"IPlay","description":"The Best Casual Games!","publisher":{"@id":"https:\/\/www.iplay.com\/en\/#organization"},"potentialAction":[{"@type":"SearchAction","target":{"@type":"EntryPoint","urlTemplate":"https:\/\/www.iplay.com\/en\/?s={search_term_string}"},"query-input":{"@type":"PropertyValueSpecification","valueRequired":true,"valueName":"search_term_string"}}],"inLanguage":"de-DE"},{"@type":"Organization","@id":"https:\/\/www.iplay.com\/en\/#organization","name":"IPlay","url":"https:\/\/www.iplay.com\/en\/","logo":{"@type":"ImageObject","inLanguage":"de-DE","@id":"https:\/\/www.iplay.com\/en\/#\/schema\/logo\/image\/","url":"https:\/\/www.iplay.com\/wp-content\/uploads\/2023\/11\/Group-6100.svg","contentUrl":"https:\/\/www.iplay.com\/wp-content\/uploads\/2023\/11\/Group-6100.svg","width":98,"height":25,"caption":"IPlay"},"image":{"@id":"https:\/\/www.iplay.com\/en\/#\/schema\/logo\/image\/"}}]}},"_links":{"self":[{"href":"https:\/\/www.iplay.com\/de\/wp-json\/wp\/v2\/product\/135643","targetHints":{"allow":["GET"]}}],"collection":[{"href":"https:\/\/www.iplay.com\/de\/wp-json\/wp\/v2\/product"}],"about":[{"href":"https:\/\/www.iplay.com\/de\/wp-json\/wp\/v2\/types\/product"}],"author":[{"embeddable":true,"href":"https:\/\/www.iplay.com\/de\/wp-json\/wp\/v2\/users\/10"}],"replies":[{"embeddable":true,"href":"https:\/\/www.iplay.com\/de\/wp-json\/wp\/v2\/comments?post=135643"}],"wp:featuredmedia":[{"embeddable":true,"href":"https:\/\/www.iplay.com\/de\/wp-json\/wp\/v2\/media\/85980"}],"wp:attachment":[{"href":"https:\/\/www.iplay.com\/de\/wp-json\/wp\/v2\/media?parent=135643"}],"wp:term":[{"taxonomy":"product_brand","embeddable":true,"href":"https:\/\/www.iplay.com\/de\/wp-json\/wp\/v2\/product_brand?post=135643"},{"taxonomy":"product_cat","embeddable":true,"href":"https:\/\/www.iplay.com\/de\/wp-json\/wp\/v2\/product_cat?post=135643"},{"taxonomy":"product_tag","embeddable":true,"href":"https:\/\/www.iplay.com\/de\/wp-json\/wp\/v2\/product_tag?post=135643"}],"curies":[{"name":"wp","href":"https:\/\/api.w.org\/{rel}","templated":true}]}}