{"id":135630,"date":"2019-03-28T00:00:00","date_gmt":"2019-03-28T00:00:00","guid":{"rendered":"https:\/\/www.iplay.com\/games\/tales-of-inca-lost-land\/"},"modified":"2019-03-28T00:00:00","modified_gmt":"2019-03-28T00:00:00","slug":"tales-of-inca-lost-land","status":"publish","type":"product","link":"https:\/\/www.iplay.com\/de\/games\/tales-of-inca-lost-land\/","title":{"rendered":"Tales of Inca &#8211; Lost Land"},"content":{"rendered":"<p>Erkunde mit deinen Inkas ein fremdes Land und entdecke vergessene Routen durch Berge, W\u00e4lder und W\u00fcsten! Um ihrem Ziel n\u00e4her zu kommen, erobere vulkanische Landschaften, Feuchtgebiete und Inseln. Stell dir Hindernisse wie Drachen, Monster oder Wegelagerer vor. Stellen Sie sicher, dass Ihre landwirtschaftlichen Betriebe \u00fcber ausreichend Wasser verf\u00fcgen. und Leuchtfeuer beleuchten, um den Inkas den Weg zu weisen. Achten Sie gut auf Ihre Rohstoffe, damit weder Holz noch Stein fehlen. Meistern Sie selbst die schwierigsten Aufgaben mit Hilfe der Schamanen; F\u00fcgen Sie ein wenig Magie f\u00fcr flie\u00dfende Wasserf\u00e4lle, bl\u00fchende Landschaften oder die Heilung des heiligen Baumes hinzu. Hol stundenlangen Spa\u00df aus Tales of Inca &#8211; Lost Land heraus!     <\/p>\n<p>&nbsp;<\/p>\n<p>&nbsp;<\/p>\n<p><strong>Funktionen:<\/strong><\/p>\n<p>&nbsp;<\/p>\n<ul>\n<li>Zahlreiche unterhaltsame und aufregende Levels<\/li>\n<li>Abenteuer in W\u00e4ldern, W\u00fcsten, Gew\u00e4ssern, S\u00fcmpfen, Vulkanen und Berglandschaften<\/li>\n<li>Monster, Drachen und Wegelagerer<\/li>\n<li>Troph\u00e4en und Auszeichnungen<\/li>\n<li>Einfach zu verstehen<\/li>\n<li>Zwei Schwierigkeitsstufen<\/li>\n<\/ul>\n","protected":false},"excerpt":{"rendered":"<p>Erkunden Sie mit Ihren Inkas eine fremde Nation und entdecken Sie vergessene Routen durch Berge, W\u00e4lder und W\u00fcsten.<\/p>\n","protected":false},"author":50,"featured_media":85708,"comment_status":"open","ping_status":"closed","template":"","meta":{"_acf_changed":false,"inline_featured_image":false},"product_brand":[],"product_cat":[217],"product_tag":[289],"class_list":{"0":"post-135630","1":"product","2":"type-product","3":"status-publish","4":"has-post-thumbnail","6":"product_cat-time-management-de","7":"product_tag-play-on-pc-de","9":"first","10":"instock","11":"shipping-taxable","12":"purchasable","13":"product-type-simple"},"acf":[],"yoast_head":"<!-- This site is optimized with the Yoast SEO Premium plugin v25.2 (Yoast SEO v25.2) - https:\/\/yoast.com\/wordpress\/plugins\/seo\/ -->\n<title>Tales of Inca - Lost Land - Erkunde mit deinen Inkas unbekannte L\u00e4nder und finde verlorene Pfade<\/title>\n<meta name=\"description\" content=\"Erkunden Sie mit Ihren Inkas eine fremde Nation und entdecken Sie vergessene Routen durch Berge, W\u00e4lder und W\u00fcsten.\" \/>\n<meta name=\"robots\" content=\"index, follow, max-snippet:-1, max-image-preview:large, max-video-preview:-1\" \/>\n<link rel=\"canonical\" href=\"https:\/\/www.iplay.com\/de\/games\/tales-of-inca-lost-land\/\" \/>\n<meta property=\"og:locale\" content=\"de_DE\" \/>\n<meta property=\"og:type\" content=\"article\" \/>\n<meta property=\"og:title\" content=\"Tales of Inca - Lost Land\" \/>\n<meta property=\"og:description\" content=\"Erkunden Sie mit Ihren Inkas eine fremde Nation und entdecken Sie vergessene Routen durch Berge, W\u00e4lder und W\u00fcsten.\" \/>\n<meta property=\"og:url\" content=\"https:\/\/www.iplay.com\/de\/games\/tales-of-inca-lost-land\/\" \/>\n<meta property=\"og:site_name\" content=\"IPlay\" \/>\n<meta property=\"og:image\" content=\"https:\/\/www.iplay.com\/wp-content\/uploads\/2023\/12\/large_square_tile_image-2868.jpg\" \/>\n\t<meta property=\"og:image:width\" content=\"310\" \/>\n\t<meta property=\"og:image:height\" content=\"310\" \/>\n\t<meta property=\"og:image:type\" content=\"image\/jpeg\" \/>\n<meta name=\"twitter:card\" content=\"summary_large_image\" \/>\n<meta name=\"twitter:label1\" content=\"Gesch\u00e4tzte Lesezeit\" \/>\n\t<meta name=\"twitter:data1\" content=\"1 Minute\" \/>\n<script type=\"application\/ld+json\" class=\"yoast-schema-graph\">{\"@context\":\"https:\/\/schema.org\",\"@graph\":[{\"@type\":\"WebPage\",\"@id\":\"https:\/\/www.iplay.com\/de\/games\/tales-of-inca-lost-land\/\",\"url\":\"https:\/\/www.iplay.com\/de\/games\/tales-of-inca-lost-land\/\",\"name\":\"Tales of Inca - Lost Land - Erkunde mit deinen Inkas unbekannte L\u00e4nder und finde verlorene Pfade\",\"isPartOf\":{\"@id\":\"https:\/\/www.iplay.com\/en\/#website\"},\"primaryImageOfPage\":{\"@id\":\"https:\/\/www.iplay.com\/de\/games\/tales-of-inca-lost-land\/#primaryimage\"},\"image\":{\"@id\":\"https:\/\/www.iplay.com\/de\/games\/tales-of-inca-lost-land\/#primaryimage\"},\"thumbnailUrl\":\"https:\/\/www.iplay.com\/wp-content\/uploads\/2023\/12\/large_square_tile_image-2868.jpg\",\"datePublished\":\"2019-03-28T00:00:00+00:00\",\"description\":\"Erkunden Sie mit Ihren Inkas eine fremde Nation und entdecken Sie vergessene Routen durch Berge, W\u00e4lder und W\u00fcsten.\",\"breadcrumb\":{\"@id\":\"https:\/\/www.iplay.com\/de\/games\/tales-of-inca-lost-land\/#breadcrumb\"},\"inLanguage\":\"de-DE\",\"potentialAction\":[{\"@type\":\"ReadAction\",\"target\":[\"https:\/\/www.iplay.com\/de\/games\/tales-of-inca-lost-land\/\"]}]},{\"@type\":\"ImageObject\",\"inLanguage\":\"de-DE\",\"@id\":\"https:\/\/www.iplay.com\/de\/games\/tales-of-inca-lost-land\/#primaryimage\",\"url\":\"https:\/\/www.iplay.com\/wp-content\/uploads\/2023\/12\/large_square_tile_image-2868.jpg\",\"contentUrl\":\"https:\/\/www.iplay.com\/wp-content\/uploads\/2023\/12\/large_square_tile_image-2868.jpg\",\"width\":310,\"height\":310},{\"@type\":\"BreadcrumbList\",\"@id\":\"https:\/\/www.iplay.com\/de\/games\/tales-of-inca-lost-land\/#breadcrumb\",\"itemListElement\":[{\"@type\":\"ListItem\",\"position\":1,\"name\":\"Home\",\"item\":\"https:\/\/www.iplay.com\/de\/home-page-2\/\"},{\"@type\":\"ListItem\",\"position\":2,\"name\":\"Shop\",\"item\":\"https:\/\/www.iplay.com\/en\/shop\/\"},{\"@type\":\"ListItem\",\"position\":3,\"name\":\"Tales of Inca &#8211; Lost Land\"}]},{\"@type\":\"WebSite\",\"@id\":\"https:\/\/www.iplay.com\/en\/#website\",\"url\":\"https:\/\/www.iplay.com\/en\/\",\"name\":\"IPlay\",\"description\":\"The Best Casual Games!\",\"publisher\":{\"@id\":\"https:\/\/www.iplay.com\/en\/#organization\"},\"potentialAction\":[{\"@type\":\"SearchAction\",\"target\":{\"@type\":\"EntryPoint\",\"urlTemplate\":\"https:\/\/www.iplay.com\/en\/?s={search_term_string}\"},\"query-input\":{\"@type\":\"PropertyValueSpecification\",\"valueRequired\":true,\"valueName\":\"search_term_string\"}}],\"inLanguage\":\"de-DE\"},{\"@type\":\"Organization\",\"@id\":\"https:\/\/www.iplay.com\/en\/#organization\",\"name\":\"IPlay\",\"url\":\"https:\/\/www.iplay.com\/en\/\",\"logo\":{\"@type\":\"ImageObject\",\"inLanguage\":\"de-DE\",\"@id\":\"https:\/\/www.iplay.com\/en\/#\/schema\/logo\/image\/\",\"url\":\"https:\/\/www.iplay.com\/wp-content\/uploads\/2023\/11\/Group-6100.svg\",\"contentUrl\":\"https:\/\/www.iplay.com\/wp-content\/uploads\/2023\/11\/Group-6100.svg\",\"width\":98,\"height\":25,\"caption\":\"IPlay\"},\"image\":{\"@id\":\"https:\/\/www.iplay.com\/en\/#\/schema\/logo\/image\/\"}}]}<\/script>\n<!-- \/ Yoast SEO Premium plugin. -->","yoast_head_json":{"title":"Tales of Inca - Lost Land - Erkunde mit deinen Inkas unbekannte L\u00e4nder und finde verlorene Pfade","description":"Erkunden Sie mit Ihren Inkas eine fremde Nation und entdecken Sie vergessene Routen durch Berge, W\u00e4lder und W\u00fcsten.","robots":{"index":"index","follow":"follow","max-snippet":"max-snippet:-1","max-image-preview":"max-image-preview:large","max-video-preview":"max-video-preview:-1"},"canonical":"https:\/\/www.iplay.com\/de\/games\/tales-of-inca-lost-land\/","og_locale":"de_DE","og_type":"article","og_title":"Tales of Inca - Lost Land","og_description":"Erkunden Sie mit Ihren Inkas eine fremde Nation und entdecken Sie vergessene Routen durch Berge, W\u00e4lder und W\u00fcsten.","og_url":"https:\/\/www.iplay.com\/de\/games\/tales-of-inca-lost-land\/","og_site_name":"IPlay","og_image":[{"width":310,"height":310,"url":"https:\/\/www.iplay.com\/wp-content\/uploads\/2023\/12\/large_square_tile_image-2868.jpg","type":"image\/jpeg"}],"twitter_card":"summary_large_image","twitter_misc":{"Gesch\u00e4tzte Lesezeit":"1 Minute"},"schema":{"@context":"https:\/\/schema.org","@graph":[{"@type":"WebPage","@id":"https:\/\/www.iplay.com\/de\/games\/tales-of-inca-lost-land\/","url":"https:\/\/www.iplay.com\/de\/games\/tales-of-inca-lost-land\/","name":"Tales of Inca - Lost Land - Erkunde mit deinen Inkas unbekannte L\u00e4nder und finde verlorene Pfade","isPartOf":{"@id":"https:\/\/www.iplay.com\/en\/#website"},"primaryImageOfPage":{"@id":"https:\/\/www.iplay.com\/de\/games\/tales-of-inca-lost-land\/#primaryimage"},"image":{"@id":"https:\/\/www.iplay.com\/de\/games\/tales-of-inca-lost-land\/#primaryimage"},"thumbnailUrl":"https:\/\/www.iplay.com\/wp-content\/uploads\/2023\/12\/large_square_tile_image-2868.jpg","datePublished":"2019-03-28T00:00:00+00:00","description":"Erkunden Sie mit Ihren Inkas eine fremde Nation und entdecken Sie vergessene Routen durch Berge, W\u00e4lder und W\u00fcsten.","breadcrumb":{"@id":"https:\/\/www.iplay.com\/de\/games\/tales-of-inca-lost-land\/#breadcrumb"},"inLanguage":"de-DE","potentialAction":[{"@type":"ReadAction","target":["https:\/\/www.iplay.com\/de\/games\/tales-of-inca-lost-land\/"]}]},{"@type":"ImageObject","inLanguage":"de-DE","@id":"https:\/\/www.iplay.com\/de\/games\/tales-of-inca-lost-land\/#primaryimage","url":"https:\/\/www.iplay.com\/wp-content\/uploads\/2023\/12\/large_square_tile_image-2868.jpg","contentUrl":"https:\/\/www.iplay.com\/wp-content\/uploads\/2023\/12\/large_square_tile_image-2868.jpg","width":310,"height":310},{"@type":"BreadcrumbList","@id":"https:\/\/www.iplay.com\/de\/games\/tales-of-inca-lost-land\/#breadcrumb","itemListElement":[{"@type":"ListItem","position":1,"name":"Home","item":"https:\/\/www.iplay.com\/de\/home-page-2\/"},{"@type":"ListItem","position":2,"name":"Shop","item":"https:\/\/www.iplay.com\/en\/shop\/"},{"@type":"ListItem","position":3,"name":"Tales of Inca &#8211; Lost Land"}]},{"@type":"WebSite","@id":"https:\/\/www.iplay.com\/en\/#website","url":"https:\/\/www.iplay.com\/en\/","name":"IPlay","description":"The Best Casual Games!","publisher":{"@id":"https:\/\/www.iplay.com\/en\/#organization"},"potentialAction":[{"@type":"SearchAction","target":{"@type":"EntryPoint","urlTemplate":"https:\/\/www.iplay.com\/en\/?s={search_term_string}"},"query-input":{"@type":"PropertyValueSpecification","valueRequired":true,"valueName":"search_term_string"}}],"inLanguage":"de-DE"},{"@type":"Organization","@id":"https:\/\/www.iplay.com\/en\/#organization","name":"IPlay","url":"https:\/\/www.iplay.com\/en\/","logo":{"@type":"ImageObject","inLanguage":"de-DE","@id":"https:\/\/www.iplay.com\/en\/#\/schema\/logo\/image\/","url":"https:\/\/www.iplay.com\/wp-content\/uploads\/2023\/11\/Group-6100.svg","contentUrl":"https:\/\/www.iplay.com\/wp-content\/uploads\/2023\/11\/Group-6100.svg","width":98,"height":25,"caption":"IPlay"},"image":{"@id":"https:\/\/www.iplay.com\/en\/#\/schema\/logo\/image\/"}}]}},"_links":{"self":[{"href":"https:\/\/www.iplay.com\/de\/wp-json\/wp\/v2\/product\/135630","targetHints":{"allow":["GET"]}}],"collection":[{"href":"https:\/\/www.iplay.com\/de\/wp-json\/wp\/v2\/product"}],"about":[{"href":"https:\/\/www.iplay.com\/de\/wp-json\/wp\/v2\/types\/product"}],"author":[{"embeddable":true,"href":"https:\/\/www.iplay.com\/de\/wp-json\/wp\/v2\/users\/50"}],"replies":[{"embeddable":true,"href":"https:\/\/www.iplay.com\/de\/wp-json\/wp\/v2\/comments?post=135630"}],"wp:featuredmedia":[{"embeddable":true,"href":"https:\/\/www.iplay.com\/de\/wp-json\/wp\/v2\/media\/85708"}],"wp:attachment":[{"href":"https:\/\/www.iplay.com\/de\/wp-json\/wp\/v2\/media?parent=135630"}],"wp:term":[{"taxonomy":"product_brand","embeddable":true,"href":"https:\/\/www.iplay.com\/de\/wp-json\/wp\/v2\/product_brand?post=135630"},{"taxonomy":"product_cat","embeddable":true,"href":"https:\/\/www.iplay.com\/de\/wp-json\/wp\/v2\/product_cat?post=135630"},{"taxonomy":"product_tag","embeddable":true,"href":"https:\/\/www.iplay.com\/de\/wp-json\/wp\/v2\/product_tag?post=135630"}],"curies":[{"name":"wp","href":"https:\/\/api.w.org\/{rel}","templated":true}]}}