{"id":135608,"date":"2019-06-13T00:00:00","date_gmt":"2019-06-13T00:00:00","guid":{"rendered":"https:\/\/www.iplay.com\/games\/delicious-emilys-road-trip\/"},"modified":"2019-06-13T00:00:00","modified_gmt":"2019-06-13T00:00:00","slug":"delicious-emilys-road-trip","status":"publish","type":"product","link":"https:\/\/www.iplay.com\/de\/games\/delicious-emilys-road-trip\/","title":{"rendered":"Delicious &#8211; Emily&#8217;s Road Trip"},"content":{"rendered":"<p>Begib dich mit Emily und ihrer Familie auf einen nostalgischen Roadtrip im neuesten Delicious-Zeitmanagement-Spiel! Entdecken Sie den wahren Sinn des Lebens, indem Sie der Route 66 durch das Herz Amerikas folgen. Es gibt Momente, in denen die Reise und die Menschen, mit denen man reist, wichtiger sind als das Ziel. Emilys Pl\u00e4ne f\u00fcr den Sommerurlaub wurden in Delicious &#8211; Emily&#8217;s Road Trip, deinem neuen Lieblings-Zeitmanagement-Spiel, umgesetzt. Patrick hat auch Probleme mit seinem Job als Floristiker. Es ist an der Zeit, dem Alltag zu entfliehen und sich auf eine unvergessliche Reise zu begeben! Nachdem Patrick Emilys Fahrzeug repariert hat, versammeln sich die Jungs und M\u00e4dchen aus O&#8217;Malley im Inneren, um eine Tour durch die Mother Road zu machen! Sie werden unterwegs neue und alte Bekanntschaften machen, und in klassischer Emily-Manier helfen sie allen! Bist du bereit, die Verantwortung eines ber\u00fchmten Vloggers sowie einer K\u00f6chin, Ehefrau und Mutter zu \u00fcbernehmen? Das ist kein einfaches kulinarisches Spiel. W\u00e4hrend Sie all die k\u00f6stlichen K\u00f6stlichkeiten zubereiten und Ihre G\u00e4ste p\u00fcnktlich bedienen, \u00fcben Sie Ihr Zeitmanagement. Haben Sie den Eifer und die Inbrunst, in aller Eile einen Sturm in der K\u00fcche zu kochen? Du musst an der Spitze deines Spiels sein, um den Rausch zu \u00fcberstehen. Beginnen Sie mit der Zubereitung von Mahlzeiten und arbeiten Sie hart daran, Ihre Vorr\u00e4te und Ihre K\u00fcche zu verbessern. Verabreden Sie sich zu einem Spiel mit den Zwillingen und verbringen Sie etwas Zeit mit Paige. Kannst du in unserem Kochspiel eine Pause einlegen und dich entspannen, w\u00e4hrend du in halsbrecherischer Geschwindigkeit von Ort zu Ort hetzt?               <\/p>\n<p>&nbsp;<\/p>\n<p>&nbsp;<\/p>\n<p><strong>Funktionen:<\/strong><\/p>\n<p>&nbsp;<\/p>\n<ul>\n<li>Gewinnen Sie zus\u00e4tzliche Diamanten, indem Sie t\u00e4gliche Herausforderungen im Kochspiel meistern!<\/li>\n<li>Schaffen Sie auf dem Campingplatz ein Zuhause in der Ferne, indem Sie ihn dekorieren.<\/li>\n<li>Spiele dich durch 60 Story- und 30 Herausforderungs-Zeitmanagement-Levels.<\/li>\n<li>Verbinde dich mit Facebook, um deine Erfolge zu teilen und Geschenke an deine Freundinnen zu senden.<\/li>\n<li>Reisen Sie entlang der ber\u00fchmten Route 66, die sich durch sechs atemberaubende Orte schl\u00e4ngelt.<\/li>\n<li>Sammeln und genie\u00dfen Sie alle Fotos der Route 66, die die besten Teile Ihrer Reise hervorheben.<\/li>\n<li>Bereiten Sie traditionelle amerikanische K\u00fcche zu, die regionale Spezialit\u00e4ten hervorhebt.<\/li>\n<\/ul>\n","protected":false},"excerpt":{"rendered":"<p>Begleiten Sie die O&#8217;Malleys auf ihrer Reise entlang der Route 66! in Emily&#8217;s Road Trip, Delicious<\/p>\n","protected":false},"author":10,"featured_media":93394,"comment_status":"open","ping_status":"closed","template":"","meta":{"_acf_changed":false,"inline_featured_image":false},"product_brand":[],"product_cat":[217],"product_tag":[289],"class_list":{"0":"post-135608","1":"product","2":"type-product","3":"status-publish","4":"has-post-thumbnail","6":"product_cat-time-management-de","7":"product_tag-play-on-pc-de","9":"first","10":"instock","11":"shipping-taxable","12":"purchasable","13":"product-type-simple"},"acf":[],"yoast_head":"<!-- This site is optimized with the Yoast SEO Premium plugin v25.2 (Yoast SEO v25.2) - https:\/\/yoast.com\/wordpress\/plugins\/seo\/ -->\n<title>Delicious - Emily&#039;s Road Trip - Machen Sie einen Ausflug auf der Route 66<\/title>\n<meta name=\"description\" content=\"Begleiten Sie die O&#039;Malleys auf ihrer Reise entlang der Route 66! in Emily&#039;s Road Trip, Delicious\" \/>\n<meta name=\"robots\" content=\"index, follow, max-snippet:-1, max-image-preview:large, max-video-preview:-1\" \/>\n<link rel=\"canonical\" href=\"https:\/\/www.iplay.com\/de\/games\/delicious-emilys-road-trip\/\" \/>\n<meta property=\"og:locale\" content=\"de_DE\" \/>\n<meta property=\"og:type\" content=\"article\" \/>\n<meta property=\"og:title\" content=\"Delicious - Emily&#039;s Road Trip\" \/>\n<meta property=\"og:description\" content=\"Begleiten Sie die O&#039;Malleys auf ihrer Reise entlang der Route 66! in Emily&#039;s Road Trip, Delicious\" \/>\n<meta property=\"og:url\" content=\"https:\/\/www.iplay.com\/de\/games\/delicious-emilys-road-trip\/\" \/>\n<meta property=\"og:site_name\" content=\"IPlay\" \/>\n<meta property=\"og:image\" content=\"https:\/\/www.iplay.com\/wp-content\/uploads\/2023\/12\/large_square_tile_image-3353.jpg\" \/>\n\t<meta property=\"og:image:width\" content=\"310\" \/>\n\t<meta property=\"og:image:height\" content=\"310\" \/>\n\t<meta property=\"og:image:type\" content=\"image\/jpeg\" \/>\n<meta name=\"twitter:card\" content=\"summary_large_image\" \/>\n<meta name=\"twitter:label1\" content=\"Gesch\u00e4tzte Lesezeit\" \/>\n\t<meta name=\"twitter:data1\" content=\"2 Minuten\" \/>\n<script type=\"application\/ld+json\" class=\"yoast-schema-graph\">{\"@context\":\"https:\/\/schema.org\",\"@graph\":[{\"@type\":\"WebPage\",\"@id\":\"https:\/\/www.iplay.com\/de\/games\/delicious-emilys-road-trip\/\",\"url\":\"https:\/\/www.iplay.com\/de\/games\/delicious-emilys-road-trip\/\",\"name\":\"Delicious - Emily's Road Trip - Machen Sie einen Ausflug auf der Route 66\",\"isPartOf\":{\"@id\":\"https:\/\/www.iplay.com\/en\/#website\"},\"primaryImageOfPage\":{\"@id\":\"https:\/\/www.iplay.com\/de\/games\/delicious-emilys-road-trip\/#primaryimage\"},\"image\":{\"@id\":\"https:\/\/www.iplay.com\/de\/games\/delicious-emilys-road-trip\/#primaryimage\"},\"thumbnailUrl\":\"https:\/\/www.iplay.com\/wp-content\/uploads\/2023\/12\/large_square_tile_image-3353.jpg\",\"datePublished\":\"2019-06-13T00:00:00+00:00\",\"description\":\"Begleiten Sie die O'Malleys auf ihrer Reise entlang der Route 66! in Emily's Road Trip, Delicious\",\"breadcrumb\":{\"@id\":\"https:\/\/www.iplay.com\/de\/games\/delicious-emilys-road-trip\/#breadcrumb\"},\"inLanguage\":\"de-DE\",\"potentialAction\":[{\"@type\":\"ReadAction\",\"target\":[\"https:\/\/www.iplay.com\/de\/games\/delicious-emilys-road-trip\/\"]}]},{\"@type\":\"ImageObject\",\"inLanguage\":\"de-DE\",\"@id\":\"https:\/\/www.iplay.com\/de\/games\/delicious-emilys-road-trip\/#primaryimage\",\"url\":\"https:\/\/www.iplay.com\/wp-content\/uploads\/2023\/12\/large_square_tile_image-3353.jpg\",\"contentUrl\":\"https:\/\/www.iplay.com\/wp-content\/uploads\/2023\/12\/large_square_tile_image-3353.jpg\",\"width\":310,\"height\":310},{\"@type\":\"BreadcrumbList\",\"@id\":\"https:\/\/www.iplay.com\/de\/games\/delicious-emilys-road-trip\/#breadcrumb\",\"itemListElement\":[{\"@type\":\"ListItem\",\"position\":1,\"name\":\"Home\",\"item\":\"https:\/\/www.iplay.com\/de\/home-page-2\/\"},{\"@type\":\"ListItem\",\"position\":2,\"name\":\"Shop\",\"item\":\"https:\/\/www.iplay.com\/en\/shop\/\"},{\"@type\":\"ListItem\",\"position\":3,\"name\":\"Delicious &#8211; Emily&#8217;s Road Trip\"}]},{\"@type\":\"WebSite\",\"@id\":\"https:\/\/www.iplay.com\/en\/#website\",\"url\":\"https:\/\/www.iplay.com\/en\/\",\"name\":\"IPlay\",\"description\":\"The Best Casual Games!\",\"publisher\":{\"@id\":\"https:\/\/www.iplay.com\/en\/#organization\"},\"potentialAction\":[{\"@type\":\"SearchAction\",\"target\":{\"@type\":\"EntryPoint\",\"urlTemplate\":\"https:\/\/www.iplay.com\/en\/?s={search_term_string}\"},\"query-input\":{\"@type\":\"PropertyValueSpecification\",\"valueRequired\":true,\"valueName\":\"search_term_string\"}}],\"inLanguage\":\"de-DE\"},{\"@type\":\"Organization\",\"@id\":\"https:\/\/www.iplay.com\/en\/#organization\",\"name\":\"IPlay\",\"url\":\"https:\/\/www.iplay.com\/en\/\",\"logo\":{\"@type\":\"ImageObject\",\"inLanguage\":\"de-DE\",\"@id\":\"https:\/\/www.iplay.com\/en\/#\/schema\/logo\/image\/\",\"url\":\"https:\/\/www.iplay.com\/wp-content\/uploads\/2023\/11\/Group-6100.svg\",\"contentUrl\":\"https:\/\/www.iplay.com\/wp-content\/uploads\/2023\/11\/Group-6100.svg\",\"width\":98,\"height\":25,\"caption\":\"IPlay\"},\"image\":{\"@id\":\"https:\/\/www.iplay.com\/en\/#\/schema\/logo\/image\/\"}}]}<\/script>\n<!-- \/ Yoast SEO Premium plugin. -->","yoast_head_json":{"title":"Delicious - Emily's Road Trip - Machen Sie einen Ausflug auf der Route 66","description":"Begleiten Sie die O'Malleys auf ihrer Reise entlang der Route 66! in Emily's Road Trip, Delicious","robots":{"index":"index","follow":"follow","max-snippet":"max-snippet:-1","max-image-preview":"max-image-preview:large","max-video-preview":"max-video-preview:-1"},"canonical":"https:\/\/www.iplay.com\/de\/games\/delicious-emilys-road-trip\/","og_locale":"de_DE","og_type":"article","og_title":"Delicious - Emily's Road Trip","og_description":"Begleiten Sie die O'Malleys auf ihrer Reise entlang der Route 66! in Emily's Road Trip, Delicious","og_url":"https:\/\/www.iplay.com\/de\/games\/delicious-emilys-road-trip\/","og_site_name":"IPlay","og_image":[{"width":310,"height":310,"url":"https:\/\/www.iplay.com\/wp-content\/uploads\/2023\/12\/large_square_tile_image-3353.jpg","type":"image\/jpeg"}],"twitter_card":"summary_large_image","twitter_misc":{"Gesch\u00e4tzte Lesezeit":"2 Minuten"},"schema":{"@context":"https:\/\/schema.org","@graph":[{"@type":"WebPage","@id":"https:\/\/www.iplay.com\/de\/games\/delicious-emilys-road-trip\/","url":"https:\/\/www.iplay.com\/de\/games\/delicious-emilys-road-trip\/","name":"Delicious - Emily's Road Trip - Machen Sie einen Ausflug auf der Route 66","isPartOf":{"@id":"https:\/\/www.iplay.com\/en\/#website"},"primaryImageOfPage":{"@id":"https:\/\/www.iplay.com\/de\/games\/delicious-emilys-road-trip\/#primaryimage"},"image":{"@id":"https:\/\/www.iplay.com\/de\/games\/delicious-emilys-road-trip\/#primaryimage"},"thumbnailUrl":"https:\/\/www.iplay.com\/wp-content\/uploads\/2023\/12\/large_square_tile_image-3353.jpg","datePublished":"2019-06-13T00:00:00+00:00","description":"Begleiten Sie die O'Malleys auf ihrer Reise entlang der Route 66! in Emily's Road Trip, Delicious","breadcrumb":{"@id":"https:\/\/www.iplay.com\/de\/games\/delicious-emilys-road-trip\/#breadcrumb"},"inLanguage":"de-DE","potentialAction":[{"@type":"ReadAction","target":["https:\/\/www.iplay.com\/de\/games\/delicious-emilys-road-trip\/"]}]},{"@type":"ImageObject","inLanguage":"de-DE","@id":"https:\/\/www.iplay.com\/de\/games\/delicious-emilys-road-trip\/#primaryimage","url":"https:\/\/www.iplay.com\/wp-content\/uploads\/2023\/12\/large_square_tile_image-3353.jpg","contentUrl":"https:\/\/www.iplay.com\/wp-content\/uploads\/2023\/12\/large_square_tile_image-3353.jpg","width":310,"height":310},{"@type":"BreadcrumbList","@id":"https:\/\/www.iplay.com\/de\/games\/delicious-emilys-road-trip\/#breadcrumb","itemListElement":[{"@type":"ListItem","position":1,"name":"Home","item":"https:\/\/www.iplay.com\/de\/home-page-2\/"},{"@type":"ListItem","position":2,"name":"Shop","item":"https:\/\/www.iplay.com\/en\/shop\/"},{"@type":"ListItem","position":3,"name":"Delicious &#8211; Emily&#8217;s Road Trip"}]},{"@type":"WebSite","@id":"https:\/\/www.iplay.com\/en\/#website","url":"https:\/\/www.iplay.com\/en\/","name":"IPlay","description":"The Best Casual Games!","publisher":{"@id":"https:\/\/www.iplay.com\/en\/#organization"},"potentialAction":[{"@type":"SearchAction","target":{"@type":"EntryPoint","urlTemplate":"https:\/\/www.iplay.com\/en\/?s={search_term_string}"},"query-input":{"@type":"PropertyValueSpecification","valueRequired":true,"valueName":"search_term_string"}}],"inLanguage":"de-DE"},{"@type":"Organization","@id":"https:\/\/www.iplay.com\/en\/#organization","name":"IPlay","url":"https:\/\/www.iplay.com\/en\/","logo":{"@type":"ImageObject","inLanguage":"de-DE","@id":"https:\/\/www.iplay.com\/en\/#\/schema\/logo\/image\/","url":"https:\/\/www.iplay.com\/wp-content\/uploads\/2023\/11\/Group-6100.svg","contentUrl":"https:\/\/www.iplay.com\/wp-content\/uploads\/2023\/11\/Group-6100.svg","width":98,"height":25,"caption":"IPlay"},"image":{"@id":"https:\/\/www.iplay.com\/en\/#\/schema\/logo\/image\/"}}]}},"_links":{"self":[{"href":"https:\/\/www.iplay.com\/de\/wp-json\/wp\/v2\/product\/135608","targetHints":{"allow":["GET"]}}],"collection":[{"href":"https:\/\/www.iplay.com\/de\/wp-json\/wp\/v2\/product"}],"about":[{"href":"https:\/\/www.iplay.com\/de\/wp-json\/wp\/v2\/types\/product"}],"author":[{"embeddable":true,"href":"https:\/\/www.iplay.com\/de\/wp-json\/wp\/v2\/users\/10"}],"replies":[{"embeddable":true,"href":"https:\/\/www.iplay.com\/de\/wp-json\/wp\/v2\/comments?post=135608"}],"wp:featuredmedia":[{"embeddable":true,"href":"https:\/\/www.iplay.com\/de\/wp-json\/wp\/v2\/media\/93394"}],"wp:attachment":[{"href":"https:\/\/www.iplay.com\/de\/wp-json\/wp\/v2\/media?parent=135608"}],"wp:term":[{"taxonomy":"product_brand","embeddable":true,"href":"https:\/\/www.iplay.com\/de\/wp-json\/wp\/v2\/product_brand?post=135608"},{"taxonomy":"product_cat","embeddable":true,"href":"https:\/\/www.iplay.com\/de\/wp-json\/wp\/v2\/product_cat?post=135608"},{"taxonomy":"product_tag","embeddable":true,"href":"https:\/\/www.iplay.com\/de\/wp-json\/wp\/v2\/product_tag?post=135608"}],"curies":[{"name":"wp","href":"https:\/\/api.w.org\/{rel}","templated":true}]}}