{"id":135604,"date":"2019-06-18T00:00:00","date_gmt":"2019-06-18T00:00:00","guid":{"rendered":"https:\/\/www.iplay.com\/games\/heroes-of-rome-dangerous-roads\/"},"modified":"2019-06-18T00:00:00","modified_gmt":"2019-06-18T00:00:00","slug":"heroes-of-rome-dangerous-roads","status":"publish","type":"product","link":"https:\/\/www.iplay.com\/de\/games\/heroes-of-rome-dangerous-roads\/","title":{"rendered":"Heroes of Rome &#8211; Dangerous Roads"},"content":{"rendered":"<p>Caesar und seine tapfersten r\u00f6mischen Helden haben sich auf eine gef\u00e4hrliche Reise begeben, um Kleopatras Herz zu gewinnen. Sein Ziel ist es, die Rose von Amor zu finden, die angeblich auf dem Gipfel des Berges der G\u00f6tter bl\u00fcht! Begleiten Sie Caesar auf einer erstaunlichen Zeitmanagement-Reise und wenden Sie Ihr strategisches Denken an, um herausfordernde Aufgaben zu meistern. Nimm es mit Bedrohungen auf, die un\u00fcberwindbar erscheinen, wie Medusa selbst und Eisriesen und Lavamonster!   <\/p>\n<p>&nbsp;<\/p>\n<p>&nbsp;<\/p>\n<p><strong>Funktionen:<\/strong><\/p>\n<p>&nbsp;<\/p>\n<p>&#8211; Zahlreiche schwierige Levels<\/p>\n<p>&#8211; Kein Zeitlimit-Modus, um eine entspanntere Atmosph\u00e4re zu schaffen<\/p>\n<p>&#8211; Erhalte Ehrungen und Troph\u00e4en<\/p>\n<p>&#8211; Lustige und herausfordernde Videospiele<\/p>\n","protected":false},"excerpt":{"rendered":"<p>Caesar und seine tapfersten r\u00f6mischen Helden haben sich auf eine gef\u00e4hrliche Reise begeben, um Kleopatras Herz zu gewinnen.<\/p>\n","protected":false},"author":50,"featured_media":93326,"comment_status":"open","ping_status":"closed","template":"","meta":{"_acf_changed":false,"inline_featured_image":false},"product_brand":[],"product_cat":[217],"product_tag":[289],"class_list":{"0":"post-135604","1":"product","2":"type-product","3":"status-publish","4":"has-post-thumbnail","6":"product_cat-time-management-de","7":"product_tag-play-on-pc-de","9":"first","10":"instock","11":"shipping-taxable","12":"purchasable","13":"product-type-simple"},"acf":[],"yoast_head":"<!-- This site is optimized with the Yoast SEO Premium plugin v25.2 (Yoast SEO v25.2) - https:\/\/yoast.com\/wordpress\/plugins\/seo\/ -->\n<title>Heroes of Rome - Dangerous Roads - Begleite Caesars Helden auf einer gef\u00e4hrlichen Suche nach Kleopatras Herz<\/title>\n<meta name=\"description\" content=\"Caesar und seine tapfersten r\u00f6mischen Helden haben sich auf eine gef\u00e4hrliche Reise begeben, um Kleopatras Herz zu gewinnen.\" \/>\n<meta name=\"robots\" content=\"index, follow, max-snippet:-1, max-image-preview:large, max-video-preview:-1\" \/>\n<link rel=\"canonical\" href=\"https:\/\/www.iplay.com\/de\/games\/heroes-of-rome-dangerous-roads\/\" \/>\n<meta property=\"og:locale\" content=\"de_DE\" \/>\n<meta property=\"og:type\" content=\"article\" \/>\n<meta property=\"og:title\" content=\"Heroes of Rome - Dangerous Roads\" \/>\n<meta property=\"og:description\" content=\"Caesar und seine tapfersten r\u00f6mischen Helden haben sich auf eine gef\u00e4hrliche Reise begeben, um Kleopatras Herz zu gewinnen.\" \/>\n<meta property=\"og:url\" content=\"https:\/\/www.iplay.com\/de\/games\/heroes-of-rome-dangerous-roads\/\" \/>\n<meta property=\"og:site_name\" content=\"IPlay\" \/>\n<meta property=\"og:image\" content=\"https:\/\/www.iplay.com\/wp-content\/uploads\/2023\/12\/large_square_tile_image-3349.jpg\" \/>\n\t<meta property=\"og:image:width\" content=\"310\" \/>\n\t<meta property=\"og:image:height\" content=\"310\" \/>\n\t<meta property=\"og:image:type\" content=\"image\/jpeg\" \/>\n<meta name=\"twitter:card\" content=\"summary_large_image\" \/>\n<meta name=\"twitter:label1\" content=\"Gesch\u00e4tzte Lesezeit\" \/>\n\t<meta name=\"twitter:data1\" content=\"1 Minute\" \/>\n<script type=\"application\/ld+json\" class=\"yoast-schema-graph\">{\"@context\":\"https:\/\/schema.org\",\"@graph\":[{\"@type\":\"WebPage\",\"@id\":\"https:\/\/www.iplay.com\/de\/games\/heroes-of-rome-dangerous-roads\/\",\"url\":\"https:\/\/www.iplay.com\/de\/games\/heroes-of-rome-dangerous-roads\/\",\"name\":\"Heroes of Rome - Dangerous Roads - Begleite Caesars Helden auf einer gef\u00e4hrlichen Suche nach Kleopatras Herz\",\"isPartOf\":{\"@id\":\"https:\/\/www.iplay.com\/en\/#website\"},\"primaryImageOfPage\":{\"@id\":\"https:\/\/www.iplay.com\/de\/games\/heroes-of-rome-dangerous-roads\/#primaryimage\"},\"image\":{\"@id\":\"https:\/\/www.iplay.com\/de\/games\/heroes-of-rome-dangerous-roads\/#primaryimage\"},\"thumbnailUrl\":\"https:\/\/www.iplay.com\/wp-content\/uploads\/2023\/12\/large_square_tile_image-3349.jpg\",\"datePublished\":\"2019-06-18T00:00:00+00:00\",\"description\":\"Caesar und seine tapfersten r\u00f6mischen Helden haben sich auf eine gef\u00e4hrliche Reise begeben, um Kleopatras Herz zu gewinnen.\",\"breadcrumb\":{\"@id\":\"https:\/\/www.iplay.com\/de\/games\/heroes-of-rome-dangerous-roads\/#breadcrumb\"},\"inLanguage\":\"de-DE\",\"potentialAction\":[{\"@type\":\"ReadAction\",\"target\":[\"https:\/\/www.iplay.com\/de\/games\/heroes-of-rome-dangerous-roads\/\"]}]},{\"@type\":\"ImageObject\",\"inLanguage\":\"de-DE\",\"@id\":\"https:\/\/www.iplay.com\/de\/games\/heroes-of-rome-dangerous-roads\/#primaryimage\",\"url\":\"https:\/\/www.iplay.com\/wp-content\/uploads\/2023\/12\/large_square_tile_image-3349.jpg\",\"contentUrl\":\"https:\/\/www.iplay.com\/wp-content\/uploads\/2023\/12\/large_square_tile_image-3349.jpg\",\"width\":310,\"height\":310},{\"@type\":\"BreadcrumbList\",\"@id\":\"https:\/\/www.iplay.com\/de\/games\/heroes-of-rome-dangerous-roads\/#breadcrumb\",\"itemListElement\":[{\"@type\":\"ListItem\",\"position\":1,\"name\":\"Home\",\"item\":\"https:\/\/www.iplay.com\/de\/home-page-2\/\"},{\"@type\":\"ListItem\",\"position\":2,\"name\":\"Shop\",\"item\":\"https:\/\/www.iplay.com\/en\/shop\/\"},{\"@type\":\"ListItem\",\"position\":3,\"name\":\"Heroes of Rome &#8211; Dangerous Roads\"}]},{\"@type\":\"WebSite\",\"@id\":\"https:\/\/www.iplay.com\/en\/#website\",\"url\":\"https:\/\/www.iplay.com\/en\/\",\"name\":\"IPlay\",\"description\":\"The Best Casual Games!\",\"publisher\":{\"@id\":\"https:\/\/www.iplay.com\/en\/#organization\"},\"potentialAction\":[{\"@type\":\"SearchAction\",\"target\":{\"@type\":\"EntryPoint\",\"urlTemplate\":\"https:\/\/www.iplay.com\/en\/?s={search_term_string}\"},\"query-input\":{\"@type\":\"PropertyValueSpecification\",\"valueRequired\":true,\"valueName\":\"search_term_string\"}}],\"inLanguage\":\"de-DE\"},{\"@type\":\"Organization\",\"@id\":\"https:\/\/www.iplay.com\/en\/#organization\",\"name\":\"IPlay\",\"url\":\"https:\/\/www.iplay.com\/en\/\",\"logo\":{\"@type\":\"ImageObject\",\"inLanguage\":\"de-DE\",\"@id\":\"https:\/\/www.iplay.com\/en\/#\/schema\/logo\/image\/\",\"url\":\"https:\/\/www.iplay.com\/wp-content\/uploads\/2023\/11\/Group-6100.svg\",\"contentUrl\":\"https:\/\/www.iplay.com\/wp-content\/uploads\/2023\/11\/Group-6100.svg\",\"width\":98,\"height\":25,\"caption\":\"IPlay\"},\"image\":{\"@id\":\"https:\/\/www.iplay.com\/en\/#\/schema\/logo\/image\/\"}}]}<\/script>\n<!-- \/ Yoast SEO Premium plugin. -->","yoast_head_json":{"title":"Heroes of Rome - Dangerous Roads - Begleite Caesars Helden auf einer gef\u00e4hrlichen Suche nach Kleopatras Herz","description":"Caesar und seine tapfersten r\u00f6mischen Helden haben sich auf eine gef\u00e4hrliche Reise begeben, um Kleopatras Herz zu gewinnen.","robots":{"index":"index","follow":"follow","max-snippet":"max-snippet:-1","max-image-preview":"max-image-preview:large","max-video-preview":"max-video-preview:-1"},"canonical":"https:\/\/www.iplay.com\/de\/games\/heroes-of-rome-dangerous-roads\/","og_locale":"de_DE","og_type":"article","og_title":"Heroes of Rome - Dangerous Roads","og_description":"Caesar und seine tapfersten r\u00f6mischen Helden haben sich auf eine gef\u00e4hrliche Reise begeben, um Kleopatras Herz zu gewinnen.","og_url":"https:\/\/www.iplay.com\/de\/games\/heroes-of-rome-dangerous-roads\/","og_site_name":"IPlay","og_image":[{"width":310,"height":310,"url":"https:\/\/www.iplay.com\/wp-content\/uploads\/2023\/12\/large_square_tile_image-3349.jpg","type":"image\/jpeg"}],"twitter_card":"summary_large_image","twitter_misc":{"Gesch\u00e4tzte Lesezeit":"1 Minute"},"schema":{"@context":"https:\/\/schema.org","@graph":[{"@type":"WebPage","@id":"https:\/\/www.iplay.com\/de\/games\/heroes-of-rome-dangerous-roads\/","url":"https:\/\/www.iplay.com\/de\/games\/heroes-of-rome-dangerous-roads\/","name":"Heroes of Rome - Dangerous Roads - Begleite Caesars Helden auf einer gef\u00e4hrlichen Suche nach Kleopatras Herz","isPartOf":{"@id":"https:\/\/www.iplay.com\/en\/#website"},"primaryImageOfPage":{"@id":"https:\/\/www.iplay.com\/de\/games\/heroes-of-rome-dangerous-roads\/#primaryimage"},"image":{"@id":"https:\/\/www.iplay.com\/de\/games\/heroes-of-rome-dangerous-roads\/#primaryimage"},"thumbnailUrl":"https:\/\/www.iplay.com\/wp-content\/uploads\/2023\/12\/large_square_tile_image-3349.jpg","datePublished":"2019-06-18T00:00:00+00:00","description":"Caesar und seine tapfersten r\u00f6mischen Helden haben sich auf eine gef\u00e4hrliche Reise begeben, um Kleopatras Herz zu gewinnen.","breadcrumb":{"@id":"https:\/\/www.iplay.com\/de\/games\/heroes-of-rome-dangerous-roads\/#breadcrumb"},"inLanguage":"de-DE","potentialAction":[{"@type":"ReadAction","target":["https:\/\/www.iplay.com\/de\/games\/heroes-of-rome-dangerous-roads\/"]}]},{"@type":"ImageObject","inLanguage":"de-DE","@id":"https:\/\/www.iplay.com\/de\/games\/heroes-of-rome-dangerous-roads\/#primaryimage","url":"https:\/\/www.iplay.com\/wp-content\/uploads\/2023\/12\/large_square_tile_image-3349.jpg","contentUrl":"https:\/\/www.iplay.com\/wp-content\/uploads\/2023\/12\/large_square_tile_image-3349.jpg","width":310,"height":310},{"@type":"BreadcrumbList","@id":"https:\/\/www.iplay.com\/de\/games\/heroes-of-rome-dangerous-roads\/#breadcrumb","itemListElement":[{"@type":"ListItem","position":1,"name":"Home","item":"https:\/\/www.iplay.com\/de\/home-page-2\/"},{"@type":"ListItem","position":2,"name":"Shop","item":"https:\/\/www.iplay.com\/en\/shop\/"},{"@type":"ListItem","position":3,"name":"Heroes of Rome &#8211; Dangerous Roads"}]},{"@type":"WebSite","@id":"https:\/\/www.iplay.com\/en\/#website","url":"https:\/\/www.iplay.com\/en\/","name":"IPlay","description":"The Best Casual Games!","publisher":{"@id":"https:\/\/www.iplay.com\/en\/#organization"},"potentialAction":[{"@type":"SearchAction","target":{"@type":"EntryPoint","urlTemplate":"https:\/\/www.iplay.com\/en\/?s={search_term_string}"},"query-input":{"@type":"PropertyValueSpecification","valueRequired":true,"valueName":"search_term_string"}}],"inLanguage":"de-DE"},{"@type":"Organization","@id":"https:\/\/www.iplay.com\/en\/#organization","name":"IPlay","url":"https:\/\/www.iplay.com\/en\/","logo":{"@type":"ImageObject","inLanguage":"de-DE","@id":"https:\/\/www.iplay.com\/en\/#\/schema\/logo\/image\/","url":"https:\/\/www.iplay.com\/wp-content\/uploads\/2023\/11\/Group-6100.svg","contentUrl":"https:\/\/www.iplay.com\/wp-content\/uploads\/2023\/11\/Group-6100.svg","width":98,"height":25,"caption":"IPlay"},"image":{"@id":"https:\/\/www.iplay.com\/en\/#\/schema\/logo\/image\/"}}]}},"_links":{"self":[{"href":"https:\/\/www.iplay.com\/de\/wp-json\/wp\/v2\/product\/135604","targetHints":{"allow":["GET"]}}],"collection":[{"href":"https:\/\/www.iplay.com\/de\/wp-json\/wp\/v2\/product"}],"about":[{"href":"https:\/\/www.iplay.com\/de\/wp-json\/wp\/v2\/types\/product"}],"author":[{"embeddable":true,"href":"https:\/\/www.iplay.com\/de\/wp-json\/wp\/v2\/users\/50"}],"replies":[{"embeddable":true,"href":"https:\/\/www.iplay.com\/de\/wp-json\/wp\/v2\/comments?post=135604"}],"wp:featuredmedia":[{"embeddable":true,"href":"https:\/\/www.iplay.com\/de\/wp-json\/wp\/v2\/media\/93326"}],"wp:attachment":[{"href":"https:\/\/www.iplay.com\/de\/wp-json\/wp\/v2\/media?parent=135604"}],"wp:term":[{"taxonomy":"product_brand","embeddable":true,"href":"https:\/\/www.iplay.com\/de\/wp-json\/wp\/v2\/product_brand?post=135604"},{"taxonomy":"product_cat","embeddable":true,"href":"https:\/\/www.iplay.com\/de\/wp-json\/wp\/v2\/product_cat?post=135604"},{"taxonomy":"product_tag","embeddable":true,"href":"https:\/\/www.iplay.com\/de\/wp-json\/wp\/v2\/product_tag?post=135604"}],"curies":[{"name":"wp","href":"https:\/\/api.w.org\/{rel}","templated":true}]}}