{"id":135589,"date":"2019-08-10T00:00:00","date_gmt":"2019-08-10T00:00:00","guid":{"rendered":"https:\/\/www.iplay.com\/games\/cooking-trip-2-collectors-edition\/"},"modified":"2019-08-10T00:00:00","modified_gmt":"2019-08-10T00:00:00","slug":"cooking-trip-2-collectors-edition","status":"publish","type":"product","link":"https:\/\/www.iplay.com\/de\/games\/cooking-trip-2-collectors-edition\/","title":{"rendered":"Cooking Trip 2 &#8211; Collector&#8217;s Edition"},"content":{"rendered":"<p>)Erklimmen Sie neue H\u00f6hen! Mary und John haben sich entschieden, am Wettbewerb &#8220;Best Chef&#8221; f\u00fcr neue Restaurantbesitzer teilzunehmen, nachdem sie ihren Traum verwirklicht haben, ein eigenes Restaurant zu besitzen. \u00dcberrascht waren sie jedoch, wie hart die Konkurrenz war. Mit einem neuen Sinn f\u00fcr Zielstrebigkeit und Entschlossenheit begeben sich die beiden auf eine neue Reise, um die besten kulinarischen Geheimnisse zu l\u00fcften. Was kommt jetzt auf sie zu? Beweisen Sie der Welt, wie gro\u00dfartig Sie sind! Freuen Sie sich auf unterhaltsame Schaupl\u00e4tze, verschiedene Schwierigkeitsgrade, eine F\u00fclle von Pers\u00f6nlichkeiten und Gerichten, zus\u00e4tzliche Aufgaben, die M\u00f6glichkeit, Ihr Restaurant zu verbessern und zu erweitern, zahlreiche Auszeichnungen, ein benutzerfreundliches Gameplay, das f\u00fcr Spieler jeden Alters geeignet ist, einen lebendigen Soundtrack und eine fesselnde Handlung. Cooking Trip: Back on the Road: Entdecke neue Kochtechniken und stelle die Gegner in den Schatten!       <\/p>\n<p>&nbsp;<\/p>\n<p>&nbsp;<\/p>\n<p><strong>Funktionen:<\/strong><\/p>\n<p>&nbsp;<\/p>\n<p>&#8211; Drei verschiedene Restaurants: Deutschland, Frankreich und Amerika, jedes mit einer eigenen K\u00fcche<\/p>\n<p>&#8211; 60 spannende Stages mit unterschiedlichen Schwierigkeitsgraden<\/p>\n<p>&#8211; \u00dcber zehn verschiedene Zeichens\u00e4tze<\/p>\n<p>&#8211; Zahlreiche Bonusaufgaben<\/p>\n<p>&#8211; Verbessere deine Restaurants und Helden<\/p>\n<p>&#8211; Einfaches Gameplay, das f\u00fcr alle Altersgruppen geeignet ist<\/p>\n<p>&#8211; Beschwingte Musik<\/p>\n","protected":false},"excerpt":{"rendered":"<p>Reisen zum Essen wie nie zuvor! Kochreise 2: R\u00fcckkehr auf die Stra\u00dfe <\/p>\n","protected":false},"author":13,"featured_media":92810,"comment_status":"open","ping_status":"closed","template":"","meta":{"_acf_changed":false,"inline_featured_image":false},"product_brand":[],"product_cat":[217],"product_tag":[289],"class_list":{"0":"post-135589","1":"product","2":"type-product","3":"status-publish","4":"has-post-thumbnail","6":"product_cat-time-management-de","7":"product_tag-play-on-pc-de","9":"first","10":"instock","11":"shipping-taxable","12":"purchasable","13":"product-type-simple"},"acf":[],"yoast_head":"<!-- This site is optimized with the Yoast SEO Premium plugin v25.2 (Yoast SEO v25.2) - https:\/\/yoast.com\/wordpress\/plugins\/seo\/ -->\n<title>Cooking Trip 2 - Collector&#039;s Edition - Cooking Trip 2 - Back on the Road bietet kulinarische K\u00f6stlichkeiten<\/title>\n<meta name=\"description\" content=\"Reisen zum Essen wie nie zuvor! Kochreise 2: R\u00fcckkehr auf die Stra\u00dfe\" \/>\n<meta name=\"robots\" content=\"index, follow, max-snippet:-1, max-image-preview:large, max-video-preview:-1\" \/>\n<link rel=\"canonical\" href=\"https:\/\/www.iplay.com\/de\/games\/cooking-trip-2-collectors-edition\/\" \/>\n<meta property=\"og:locale\" content=\"de_DE\" \/>\n<meta property=\"og:type\" content=\"article\" \/>\n<meta property=\"og:title\" content=\"Cooking Trip 2 - Collector&#039;s Edition\" \/>\n<meta property=\"og:description\" content=\"Reisen zum Essen wie nie zuvor! Kochreise 2: R\u00fcckkehr auf die Stra\u00dfe\" \/>\n<meta property=\"og:url\" content=\"https:\/\/www.iplay.com\/de\/games\/cooking-trip-2-collectors-edition\/\" \/>\n<meta property=\"og:site_name\" content=\"IPlay\" \/>\n<meta property=\"og:image\" content=\"https:\/\/www.iplay.com\/wp-content\/uploads\/2023\/12\/large_square_tile_image-3316.jpg\" \/>\n\t<meta property=\"og:image:width\" content=\"310\" \/>\n\t<meta property=\"og:image:height\" content=\"310\" \/>\n\t<meta property=\"og:image:type\" content=\"image\/jpeg\" \/>\n<meta name=\"twitter:card\" content=\"summary_large_image\" \/>\n<meta name=\"twitter:label1\" content=\"Gesch\u00e4tzte Lesezeit\" \/>\n\t<meta name=\"twitter:data1\" content=\"1 Minute\" \/>\n<script type=\"application\/ld+json\" class=\"yoast-schema-graph\">{\"@context\":\"https:\/\/schema.org\",\"@graph\":[{\"@type\":\"WebPage\",\"@id\":\"https:\/\/www.iplay.com\/de\/games\/cooking-trip-2-collectors-edition\/\",\"url\":\"https:\/\/www.iplay.com\/de\/games\/cooking-trip-2-collectors-edition\/\",\"name\":\"Cooking Trip 2 - Collector's Edition - Cooking Trip 2 - Back on the Road bietet kulinarische K\u00f6stlichkeiten\",\"isPartOf\":{\"@id\":\"https:\/\/www.iplay.com\/en\/#website\"},\"primaryImageOfPage\":{\"@id\":\"https:\/\/www.iplay.com\/de\/games\/cooking-trip-2-collectors-edition\/#primaryimage\"},\"image\":{\"@id\":\"https:\/\/www.iplay.com\/de\/games\/cooking-trip-2-collectors-edition\/#primaryimage\"},\"thumbnailUrl\":\"https:\/\/www.iplay.com\/wp-content\/uploads\/2023\/12\/large_square_tile_image-3316.jpg\",\"datePublished\":\"2019-08-10T00:00:00+00:00\",\"description\":\"Reisen zum Essen wie nie zuvor! Kochreise 2: R\u00fcckkehr auf die Stra\u00dfe\",\"breadcrumb\":{\"@id\":\"https:\/\/www.iplay.com\/de\/games\/cooking-trip-2-collectors-edition\/#breadcrumb\"},\"inLanguage\":\"de-DE\",\"potentialAction\":[{\"@type\":\"ReadAction\",\"target\":[\"https:\/\/www.iplay.com\/de\/games\/cooking-trip-2-collectors-edition\/\"]}]},{\"@type\":\"ImageObject\",\"inLanguage\":\"de-DE\",\"@id\":\"https:\/\/www.iplay.com\/de\/games\/cooking-trip-2-collectors-edition\/#primaryimage\",\"url\":\"https:\/\/www.iplay.com\/wp-content\/uploads\/2023\/12\/large_square_tile_image-3316.jpg\",\"contentUrl\":\"https:\/\/www.iplay.com\/wp-content\/uploads\/2023\/12\/large_square_tile_image-3316.jpg\",\"width\":310,\"height\":310},{\"@type\":\"BreadcrumbList\",\"@id\":\"https:\/\/www.iplay.com\/de\/games\/cooking-trip-2-collectors-edition\/#breadcrumb\",\"itemListElement\":[{\"@type\":\"ListItem\",\"position\":1,\"name\":\"Home\",\"item\":\"https:\/\/www.iplay.com\/de\/home-page-2\/\"},{\"@type\":\"ListItem\",\"position\":2,\"name\":\"Shop\",\"item\":\"https:\/\/www.iplay.com\/en\/shop\/\"},{\"@type\":\"ListItem\",\"position\":3,\"name\":\"Cooking Trip 2 &#8211; Collector&#8217;s Edition\"}]},{\"@type\":\"WebSite\",\"@id\":\"https:\/\/www.iplay.com\/en\/#website\",\"url\":\"https:\/\/www.iplay.com\/en\/\",\"name\":\"IPlay\",\"description\":\"The Best Casual Games!\",\"publisher\":{\"@id\":\"https:\/\/www.iplay.com\/en\/#organization\"},\"potentialAction\":[{\"@type\":\"SearchAction\",\"target\":{\"@type\":\"EntryPoint\",\"urlTemplate\":\"https:\/\/www.iplay.com\/en\/?s={search_term_string}\"},\"query-input\":{\"@type\":\"PropertyValueSpecification\",\"valueRequired\":true,\"valueName\":\"search_term_string\"}}],\"inLanguage\":\"de-DE\"},{\"@type\":\"Organization\",\"@id\":\"https:\/\/www.iplay.com\/en\/#organization\",\"name\":\"IPlay\",\"url\":\"https:\/\/www.iplay.com\/en\/\",\"logo\":{\"@type\":\"ImageObject\",\"inLanguage\":\"de-DE\",\"@id\":\"https:\/\/www.iplay.com\/en\/#\/schema\/logo\/image\/\",\"url\":\"https:\/\/www.iplay.com\/wp-content\/uploads\/2023\/11\/Group-6100.svg\",\"contentUrl\":\"https:\/\/www.iplay.com\/wp-content\/uploads\/2023\/11\/Group-6100.svg\",\"width\":98,\"height\":25,\"caption\":\"IPlay\"},\"image\":{\"@id\":\"https:\/\/www.iplay.com\/en\/#\/schema\/logo\/image\/\"}}]}<\/script>\n<!-- \/ Yoast SEO Premium plugin. -->","yoast_head_json":{"title":"Cooking Trip 2 - Collector's Edition - Cooking Trip 2 - Back on the Road bietet kulinarische K\u00f6stlichkeiten","description":"Reisen zum Essen wie nie zuvor! Kochreise 2: R\u00fcckkehr auf die Stra\u00dfe","robots":{"index":"index","follow":"follow","max-snippet":"max-snippet:-1","max-image-preview":"max-image-preview:large","max-video-preview":"max-video-preview:-1"},"canonical":"https:\/\/www.iplay.com\/de\/games\/cooking-trip-2-collectors-edition\/","og_locale":"de_DE","og_type":"article","og_title":"Cooking Trip 2 - Collector's Edition","og_description":"Reisen zum Essen wie nie zuvor! Kochreise 2: R\u00fcckkehr auf die Stra\u00dfe","og_url":"https:\/\/www.iplay.com\/de\/games\/cooking-trip-2-collectors-edition\/","og_site_name":"IPlay","og_image":[{"width":310,"height":310,"url":"https:\/\/www.iplay.com\/wp-content\/uploads\/2023\/12\/large_square_tile_image-3316.jpg","type":"image\/jpeg"}],"twitter_card":"summary_large_image","twitter_misc":{"Gesch\u00e4tzte Lesezeit":"1 Minute"},"schema":{"@context":"https:\/\/schema.org","@graph":[{"@type":"WebPage","@id":"https:\/\/www.iplay.com\/de\/games\/cooking-trip-2-collectors-edition\/","url":"https:\/\/www.iplay.com\/de\/games\/cooking-trip-2-collectors-edition\/","name":"Cooking Trip 2 - Collector's Edition - Cooking Trip 2 - Back on the Road bietet kulinarische K\u00f6stlichkeiten","isPartOf":{"@id":"https:\/\/www.iplay.com\/en\/#website"},"primaryImageOfPage":{"@id":"https:\/\/www.iplay.com\/de\/games\/cooking-trip-2-collectors-edition\/#primaryimage"},"image":{"@id":"https:\/\/www.iplay.com\/de\/games\/cooking-trip-2-collectors-edition\/#primaryimage"},"thumbnailUrl":"https:\/\/www.iplay.com\/wp-content\/uploads\/2023\/12\/large_square_tile_image-3316.jpg","datePublished":"2019-08-10T00:00:00+00:00","description":"Reisen zum Essen wie nie zuvor! Kochreise 2: R\u00fcckkehr auf die Stra\u00dfe","breadcrumb":{"@id":"https:\/\/www.iplay.com\/de\/games\/cooking-trip-2-collectors-edition\/#breadcrumb"},"inLanguage":"de-DE","potentialAction":[{"@type":"ReadAction","target":["https:\/\/www.iplay.com\/de\/games\/cooking-trip-2-collectors-edition\/"]}]},{"@type":"ImageObject","inLanguage":"de-DE","@id":"https:\/\/www.iplay.com\/de\/games\/cooking-trip-2-collectors-edition\/#primaryimage","url":"https:\/\/www.iplay.com\/wp-content\/uploads\/2023\/12\/large_square_tile_image-3316.jpg","contentUrl":"https:\/\/www.iplay.com\/wp-content\/uploads\/2023\/12\/large_square_tile_image-3316.jpg","width":310,"height":310},{"@type":"BreadcrumbList","@id":"https:\/\/www.iplay.com\/de\/games\/cooking-trip-2-collectors-edition\/#breadcrumb","itemListElement":[{"@type":"ListItem","position":1,"name":"Home","item":"https:\/\/www.iplay.com\/de\/home-page-2\/"},{"@type":"ListItem","position":2,"name":"Shop","item":"https:\/\/www.iplay.com\/en\/shop\/"},{"@type":"ListItem","position":3,"name":"Cooking Trip 2 &#8211; Collector&#8217;s Edition"}]},{"@type":"WebSite","@id":"https:\/\/www.iplay.com\/en\/#website","url":"https:\/\/www.iplay.com\/en\/","name":"IPlay","description":"The Best Casual Games!","publisher":{"@id":"https:\/\/www.iplay.com\/en\/#organization"},"potentialAction":[{"@type":"SearchAction","target":{"@type":"EntryPoint","urlTemplate":"https:\/\/www.iplay.com\/en\/?s={search_term_string}"},"query-input":{"@type":"PropertyValueSpecification","valueRequired":true,"valueName":"search_term_string"}}],"inLanguage":"de-DE"},{"@type":"Organization","@id":"https:\/\/www.iplay.com\/en\/#organization","name":"IPlay","url":"https:\/\/www.iplay.com\/en\/","logo":{"@type":"ImageObject","inLanguage":"de-DE","@id":"https:\/\/www.iplay.com\/en\/#\/schema\/logo\/image\/","url":"https:\/\/www.iplay.com\/wp-content\/uploads\/2023\/11\/Group-6100.svg","contentUrl":"https:\/\/www.iplay.com\/wp-content\/uploads\/2023\/11\/Group-6100.svg","width":98,"height":25,"caption":"IPlay"},"image":{"@id":"https:\/\/www.iplay.com\/en\/#\/schema\/logo\/image\/"}}]}},"_links":{"self":[{"href":"https:\/\/www.iplay.com\/de\/wp-json\/wp\/v2\/product\/135589","targetHints":{"allow":["GET"]}}],"collection":[{"href":"https:\/\/www.iplay.com\/de\/wp-json\/wp\/v2\/product"}],"about":[{"href":"https:\/\/www.iplay.com\/de\/wp-json\/wp\/v2\/types\/product"}],"author":[{"embeddable":true,"href":"https:\/\/www.iplay.com\/de\/wp-json\/wp\/v2\/users\/13"}],"replies":[{"embeddable":true,"href":"https:\/\/www.iplay.com\/de\/wp-json\/wp\/v2\/comments?post=135589"}],"wp:featuredmedia":[{"embeddable":true,"href":"https:\/\/www.iplay.com\/de\/wp-json\/wp\/v2\/media\/92810"}],"wp:attachment":[{"href":"https:\/\/www.iplay.com\/de\/wp-json\/wp\/v2\/media?parent=135589"}],"wp:term":[{"taxonomy":"product_brand","embeddable":true,"href":"https:\/\/www.iplay.com\/de\/wp-json\/wp\/v2\/product_brand?post=135589"},{"taxonomy":"product_cat","embeddable":true,"href":"https:\/\/www.iplay.com\/de\/wp-json\/wp\/v2\/product_cat?post=135589"},{"taxonomy":"product_tag","embeddable":true,"href":"https:\/\/www.iplay.com\/de\/wp-json\/wp\/v2\/product_tag?post=135589"}],"curies":[{"name":"wp","href":"https:\/\/api.w.org\/{rel}","templated":true}]}}