{"id":135533,"date":"2020-02-01T00:00:00","date_gmt":"2020-02-01T00:00:00","guid":{"rendered":"https:\/\/www.iplay.com\/games\/amys-greenmart\/"},"modified":"2020-02-01T00:00:00","modified_gmt":"2020-02-01T00:00:00","slug":"amys-greenmart","status":"publish","type":"product","link":"https:\/\/www.iplay.com\/de\/games\/amys-greenmart\/","title":{"rendered":"Amy&#8217;s Greenmart"},"content":{"rendered":"<p>Amy&#8217;s Greenmart ist ein s\u00fcchtig machendes Zeitmanagement-Spiel, in dem du deiner Freundin Amy und ihrer lieben Katze Napoleon hilfst, deinen eigenen Traumladen zu f\u00fchren! Er\u00f6ffne dein erstes Gesch\u00e4ft im ruhigen Suburbia und erweitere deine Ladenkette in der ganzen Stadt, indem du deinen Verstand und deine F\u00e4higkeiten einsetzt. Bauen Sie Ihre umweltfreundlichen Lebensmittel an und verkaufen Sie sie an die Kunden, verwalten Sie den Laden und helfen Sie ihm bei der Expansion! Tauche ein in dieses s\u00fcchtig machende Zeitmanagement-Spiel, folge Amys Geschichte und erlebe den Nervenkitzel, deinen eigenen Greenmart zu betreiben! Als Besitzer des Ladens musst du dein Bestes geben und f\u00fcr alles verantwortlich sein: Ihn mit gesunden Produkten best\u00fccken, dein eigenes nat\u00fcrliches Obst, Gem\u00fcse und Blumen anbauen und verkaufen und die Regale mit verschiedenen Leckereien f\u00fcllen. Ein Unternehmen zu f\u00fchren ist nicht einfach, also stellen Sie Mitarbeiter ein, die Sie bei verschiedenen Aufgaben unterst\u00fctzen. Greenmart ist ein sch\u00f6ner Ort, also vergiss nicht, es so zu halten und pass auf dein sch\u00f6nes Greenmart-Maskottchen auf: Napoleon, die Katze!      <\/p>\n<p>&nbsp;<\/p>\n<p>&nbsp;<\/p>\n<p>&nbsp;<\/p>\n<p><strong>Funktionen:<\/strong><\/p>\n<p>&nbsp;<\/p>\n<p>&#8211; Bestelle bei Bedarf neue Artikel und f\u00fclle deinen Laden mit Leckereien.<\/p>\n<p>-Bedienen Sie Ihre Kunden und erf\u00fcllen Sie ihre individuellen Bed\u00fcrfnisse.<\/p>\n<p>&#8211; Verbessere dein Inventar und stelle neues Personal ein, das dir hilft.<\/p>\n<p>&#8211; H\u00fcten Sie sich vor Dieben und Unruhestiftern.<\/p>\n<p>-K\u00fcmmere dich um Amys liebenswerte Katze.<\/p>\n<p>-Bauen Sie schmackhafte Tomaten, appetitliche \u00c4pfel, leckere Orangen und vieles mehr an.<\/p>\n<p>&#8211; Spielen Sie in der Stadt, am Strand und an anderen erstaunlichen Orten.<\/p>\n<p>&#8211; Erlebe neue Spielmechaniken in sp\u00e4teren Levels.<\/p>\n","protected":false},"excerpt":{"rendered":"<p>Verwalten Sie den Laden Ihrer Tr\u00e4ume! Bei Amy&#8217;s Greenmarket <\/p>\n","protected":false},"author":133,"featured_media":83741,"comment_status":"open","ping_status":"closed","template":"","meta":{"_acf_changed":false,"inline_featured_image":false},"product_brand":[],"product_cat":[201],"product_tag":[289],"class_list":{"0":"post-135533","1":"product","2":"type-product","3":"status-publish","4":"has-post-thumbnail","6":"product_cat-removed-content-de","7":"product_tag-play-on-pc-de","9":"first","10":"instock","11":"shipping-taxable","12":"purchasable","13":"product-type-simple"},"acf":[],"yoast_head":"<!-- This site is optimized with the Yoast SEO Premium plugin v25.2 (Yoast SEO v25.2) - https:\/\/yoast.com\/wordpress\/plugins\/seo\/ -->\n<title>Amy&#039;s Greenmart - IPlay<\/title>\n<meta name=\"description\" content=\"Verwalten Sie den Laden Ihrer Tr\u00e4ume! Bei Amy&#039;s Greenmarket\" \/>\n<meta name=\"robots\" content=\"index, follow, max-snippet:-1, max-image-preview:large, max-video-preview:-1\" \/>\n<link rel=\"canonical\" href=\"https:\/\/www.iplay.com\/de\/games\/amys-greenmart\/\" \/>\n<meta property=\"og:locale\" content=\"de_DE\" \/>\n<meta property=\"og:type\" content=\"article\" \/>\n<meta property=\"og:title\" content=\"Amy&#039;s Greenmart\" \/>\n<meta property=\"og:description\" content=\"Verwalten Sie den Laden Ihrer Tr\u00e4ume! Bei Amy&#039;s Greenmarket\" \/>\n<meta property=\"og:url\" content=\"https:\/\/www.iplay.com\/de\/games\/amys-greenmart\/\" \/>\n<meta property=\"og:site_name\" content=\"IPlay\" \/>\n<meta name=\"twitter:card\" content=\"summary_large_image\" \/>\n<meta name=\"twitter:label1\" content=\"Gesch\u00e4tzte Lesezeit\" \/>\n\t<meta name=\"twitter:data1\" content=\"1 Minute\" \/>\n<script type=\"application\/ld+json\" class=\"yoast-schema-graph\">{\"@context\":\"https:\/\/schema.org\",\"@graph\":[{\"@type\":\"WebPage\",\"@id\":\"https:\/\/www.iplay.com\/de\/games\/amys-greenmart\/\",\"url\":\"https:\/\/www.iplay.com\/de\/games\/amys-greenmart\/\",\"name\":\"Amy's Greenmart - IPlay\",\"isPartOf\":{\"@id\":\"https:\/\/www.iplay.com\/en\/#website\"},\"primaryImageOfPage\":{\"@id\":\"https:\/\/www.iplay.com\/de\/games\/amys-greenmart\/#primaryimage\"},\"image\":{\"@id\":\"https:\/\/www.iplay.com\/de\/games\/amys-greenmart\/#primaryimage\"},\"thumbnailUrl\":\"https:\/\/www.iplay.com\/wp-content\/uploads\/2023\/12\/large_square_tile_image-2743.jpg\",\"datePublished\":\"2020-02-01T00:00:00+00:00\",\"description\":\"Verwalten Sie den Laden Ihrer Tr\u00e4ume! Bei Amy's Greenmarket\",\"breadcrumb\":{\"@id\":\"https:\/\/www.iplay.com\/de\/games\/amys-greenmart\/#breadcrumb\"},\"inLanguage\":\"de-DE\",\"potentialAction\":[{\"@type\":\"ReadAction\",\"target\":[\"https:\/\/www.iplay.com\/de\/games\/amys-greenmart\/\"]}]},{\"@type\":\"ImageObject\",\"inLanguage\":\"de-DE\",\"@id\":\"https:\/\/www.iplay.com\/de\/games\/amys-greenmart\/#primaryimage\",\"url\":\"https:\/\/www.iplay.com\/wp-content\/uploads\/2023\/12\/large_square_tile_image-2743.jpg\",\"contentUrl\":\"https:\/\/www.iplay.com\/wp-content\/uploads\/2023\/12\/large_square_tile_image-2743.jpg\",\"width\":310,\"height\":310},{\"@type\":\"BreadcrumbList\",\"@id\":\"https:\/\/www.iplay.com\/de\/games\/amys-greenmart\/#breadcrumb\",\"itemListElement\":[{\"@type\":\"ListItem\",\"position\":1,\"name\":\"Home\",\"item\":\"https:\/\/www.iplay.com\/de\/home-page-2\/\"},{\"@type\":\"ListItem\",\"position\":2,\"name\":\"Shop\",\"item\":\"https:\/\/www.iplay.com\/en\/shop\/\"},{\"@type\":\"ListItem\",\"position\":3,\"name\":\"Amy&#8217;s Greenmart\"}]},{\"@type\":\"WebSite\",\"@id\":\"https:\/\/www.iplay.com\/en\/#website\",\"url\":\"https:\/\/www.iplay.com\/en\/\",\"name\":\"IPlay\",\"description\":\"The Best Casual Games!\",\"publisher\":{\"@id\":\"https:\/\/www.iplay.com\/en\/#organization\"},\"potentialAction\":[{\"@type\":\"SearchAction\",\"target\":{\"@type\":\"EntryPoint\",\"urlTemplate\":\"https:\/\/www.iplay.com\/en\/?s={search_term_string}\"},\"query-input\":{\"@type\":\"PropertyValueSpecification\",\"valueRequired\":true,\"valueName\":\"search_term_string\"}}],\"inLanguage\":\"de-DE\"},{\"@type\":\"Organization\",\"@id\":\"https:\/\/www.iplay.com\/en\/#organization\",\"name\":\"IPlay\",\"url\":\"https:\/\/www.iplay.com\/en\/\",\"logo\":{\"@type\":\"ImageObject\",\"inLanguage\":\"de-DE\",\"@id\":\"https:\/\/www.iplay.com\/en\/#\/schema\/logo\/image\/\",\"url\":\"https:\/\/www.iplay.com\/wp-content\/uploads\/2023\/11\/Group-6100.svg\",\"contentUrl\":\"https:\/\/www.iplay.com\/wp-content\/uploads\/2023\/11\/Group-6100.svg\",\"width\":98,\"height\":25,\"caption\":\"IPlay\"},\"image\":{\"@id\":\"https:\/\/www.iplay.com\/en\/#\/schema\/logo\/image\/\"}}]}<\/script>\n<!-- \/ Yoast SEO Premium plugin. -->","yoast_head_json":{"title":"Amy's Greenmart - IPlay","description":"Verwalten Sie den Laden Ihrer Tr\u00e4ume! Bei Amy's Greenmarket","robots":{"index":"index","follow":"follow","max-snippet":"max-snippet:-1","max-image-preview":"max-image-preview:large","max-video-preview":"max-video-preview:-1"},"canonical":"https:\/\/www.iplay.com\/de\/games\/amys-greenmart\/","og_locale":"de_DE","og_type":"article","og_title":"Amy's Greenmart","og_description":"Verwalten Sie den Laden Ihrer Tr\u00e4ume! Bei Amy's Greenmarket","og_url":"https:\/\/www.iplay.com\/de\/games\/amys-greenmart\/","og_site_name":"IPlay","twitter_card":"summary_large_image","twitter_misc":{"Gesch\u00e4tzte Lesezeit":"1 Minute"},"schema":{"@context":"https:\/\/schema.org","@graph":[{"@type":"WebPage","@id":"https:\/\/www.iplay.com\/de\/games\/amys-greenmart\/","url":"https:\/\/www.iplay.com\/de\/games\/amys-greenmart\/","name":"Amy's Greenmart - IPlay","isPartOf":{"@id":"https:\/\/www.iplay.com\/en\/#website"},"primaryImageOfPage":{"@id":"https:\/\/www.iplay.com\/de\/games\/amys-greenmart\/#primaryimage"},"image":{"@id":"https:\/\/www.iplay.com\/de\/games\/amys-greenmart\/#primaryimage"},"thumbnailUrl":"https:\/\/www.iplay.com\/wp-content\/uploads\/2023\/12\/large_square_tile_image-2743.jpg","datePublished":"2020-02-01T00:00:00+00:00","description":"Verwalten Sie den Laden Ihrer Tr\u00e4ume! Bei Amy's Greenmarket","breadcrumb":{"@id":"https:\/\/www.iplay.com\/de\/games\/amys-greenmart\/#breadcrumb"},"inLanguage":"de-DE","potentialAction":[{"@type":"ReadAction","target":["https:\/\/www.iplay.com\/de\/games\/amys-greenmart\/"]}]},{"@type":"ImageObject","inLanguage":"de-DE","@id":"https:\/\/www.iplay.com\/de\/games\/amys-greenmart\/#primaryimage","url":"https:\/\/www.iplay.com\/wp-content\/uploads\/2023\/12\/large_square_tile_image-2743.jpg","contentUrl":"https:\/\/www.iplay.com\/wp-content\/uploads\/2023\/12\/large_square_tile_image-2743.jpg","width":310,"height":310},{"@type":"BreadcrumbList","@id":"https:\/\/www.iplay.com\/de\/games\/amys-greenmart\/#breadcrumb","itemListElement":[{"@type":"ListItem","position":1,"name":"Home","item":"https:\/\/www.iplay.com\/de\/home-page-2\/"},{"@type":"ListItem","position":2,"name":"Shop","item":"https:\/\/www.iplay.com\/en\/shop\/"},{"@type":"ListItem","position":3,"name":"Amy&#8217;s Greenmart"}]},{"@type":"WebSite","@id":"https:\/\/www.iplay.com\/en\/#website","url":"https:\/\/www.iplay.com\/en\/","name":"IPlay","description":"The Best Casual Games!","publisher":{"@id":"https:\/\/www.iplay.com\/en\/#organization"},"potentialAction":[{"@type":"SearchAction","target":{"@type":"EntryPoint","urlTemplate":"https:\/\/www.iplay.com\/en\/?s={search_term_string}"},"query-input":{"@type":"PropertyValueSpecification","valueRequired":true,"valueName":"search_term_string"}}],"inLanguage":"de-DE"},{"@type":"Organization","@id":"https:\/\/www.iplay.com\/en\/#organization","name":"IPlay","url":"https:\/\/www.iplay.com\/en\/","logo":{"@type":"ImageObject","inLanguage":"de-DE","@id":"https:\/\/www.iplay.com\/en\/#\/schema\/logo\/image\/","url":"https:\/\/www.iplay.com\/wp-content\/uploads\/2023\/11\/Group-6100.svg","contentUrl":"https:\/\/www.iplay.com\/wp-content\/uploads\/2023\/11\/Group-6100.svg","width":98,"height":25,"caption":"IPlay"},"image":{"@id":"https:\/\/www.iplay.com\/en\/#\/schema\/logo\/image\/"}}]}},"_links":{"self":[{"href":"https:\/\/www.iplay.com\/de\/wp-json\/wp\/v2\/product\/135533","targetHints":{"allow":["GET"]}}],"collection":[{"href":"https:\/\/www.iplay.com\/de\/wp-json\/wp\/v2\/product"}],"about":[{"href":"https:\/\/www.iplay.com\/de\/wp-json\/wp\/v2\/types\/product"}],"author":[{"embeddable":true,"href":"https:\/\/www.iplay.com\/de\/wp-json\/wp\/v2\/users\/133"}],"replies":[{"embeddable":true,"href":"https:\/\/www.iplay.com\/de\/wp-json\/wp\/v2\/comments?post=135533"}],"wp:featuredmedia":[{"embeddable":true,"href":"https:\/\/www.iplay.com\/de\/wp-json\/wp\/v2\/media\/83741"}],"wp:attachment":[{"href":"https:\/\/www.iplay.com\/de\/wp-json\/wp\/v2\/media?parent=135533"}],"wp:term":[{"taxonomy":"product_brand","embeddable":true,"href":"https:\/\/www.iplay.com\/de\/wp-json\/wp\/v2\/product_brand?post=135533"},{"taxonomy":"product_cat","embeddable":true,"href":"https:\/\/www.iplay.com\/de\/wp-json\/wp\/v2\/product_cat?post=135533"},{"taxonomy":"product_tag","embeddable":true,"href":"https:\/\/www.iplay.com\/de\/wp-json\/wp\/v2\/product_tag?post=135533"}],"curies":[{"name":"wp","href":"https:\/\/api.w.org\/{rel}","templated":true}]}}