{"id":135532,"date":"2020-03-14T00:00:00","date_gmt":"2020-03-14T00:00:00","guid":{"rendered":"https:\/\/www.iplay.com\/games\/crown-of-the-empire-around-the-world-collectors-edition\/"},"modified":"2020-03-14T00:00:00","modified_gmt":"2020-03-14T00:00:00","slug":"crown-of-the-empire-around-the-world-collectors-edition","status":"publish","type":"product","link":"https:\/\/www.iplay.com\/de\/games\/crown-of-the-empire-around-the-world-collectors-edition\/","title":{"rendered":"Crown Of The Empire Around the World Collector&#8217;s Edition"},"content":{"rendered":"<p>Elena h\u00e4tte sich nie tr\u00e4umen lassen, einen Prinzen zu heiraten, auf B\u00e4llen zu tanzen und in Luxus gebadet zu werden. W\u00e4hrend ihre Schwestern von Kronen, Edelsteinen und neuen Kleidern tr\u00e4umten, tauchte Elena in die dunkelsten H\u00f6hlen ein und erkundete Katakomben auf der Suche nach unheimlichen Geheimnissen und Mysterien. Und selbst der Status der obersten Trauzeugin tat ihrem Eifer keinen Abbruch. \u00dcbrigens hatte die K\u00f6nigin nie etwas gegen den Wagemut, die Tapferkeit und die verzweifelte Neugier ihres Untertanen einzuwenden. Ihre Majest\u00e4t hatte Elena mehr als einmal komplexe und manchmal gef\u00e4hrliche Aufgaben \u00fcbertragen. Bald stellten Elena und ihre Freunde und Verb\u00fcndeten, Percy und Jorik, ein Team zusammen, das jedes R\u00e4tsel l\u00f6sen und die schwierigsten Aufgaben bew\u00e4ltigen konnte. Alle Mitglieder der k\u00f6niglichen Familie respektierten Elena. Die Trauzeugin war besonders freundlich zu dem Prinzen, dem jungen Neffen Seiner Majest\u00e4t. Er hatte schon lange davon getr\u00e4umt, an den Abenteuern von Elena und ihrem Team teilzunehmen, und endlich bekam er die Chance. Der Lieblingscorgi der K\u00f6nigin, Buttercup, ist verschwunden. Der Prinz kannte Buttercup besser als jeder andere aus dem Team, was bedeutete, dass er Elena und ihren Freunden bei der Suche nach dem geliebten Haustier der K\u00f6nigin helfen konnte. Als die D\u00e4mmerung hereinbrach, machte sich das Team auf den Weg, um das Palastgel\u00e4nde zu durchk\u00e4mmen, aber Buttercup war nirgends zu finden. Wahrscheinlich sei sie in den Wald gelaufen, vermutete der Prinz. Wir m\u00fcssen dort suchen Im Vertrauen auf die Intuition des Prinzen gingen Elena, Jorik und Percy in den Wald und folgten dem jungen Mann bis in die Tiefen. Sie gingen in v\u00f6lliger Stille, als sie pl\u00f6tzlich Stimmen und einen Hund in der N\u00e4he bellen h\u00f6rten. Als sie sich an die Quelle des Ger\u00e4usches heranschlichen, sahen die Freunde zwei Fremde in Masken, die versuchten, einen protestierenden und knurrenden Corgi in eine Tasche zu schieben. Lasst uns sie umzingeln und gefangen nehmen, schlug Percy vor. Die Freunde nickten als Antwort und trennten sich, um dem B\u00f6sewicht den R\u00fcckzugsort abzuschneiden. Da brach ein Ast heimt\u00fcckisch unter den F\u00fc\u00dfen des Prinzen. Sie hatten keine Zeit zu verlieren und die Freunde sprangen aus der Deckung und st\u00fcrzten auf die Entf\u00fchrer zu, aber sie lie\u00dfen den Corgi und die Tasche auf den Boden fallen und rannten in die Dunkelheit des Waldes. Moment, wo ist der Prinz? Fragte Jorik und schaute von einer Seite zur anderen. Es war, als h\u00e4tte sich der junge Mann in Luft aufgel\u00f6st. Begleiten Sie Elena auf einem unglaublichen Abenteuer durch eine alternative Welt des viktorianischen Zeitalters. Du wirst unglaubliche schottische T\u00e4ler, die felsigen Klippen von Malta, eine hei\u00dfe W\u00fcste und vieles mehr sehen! Kann das Gute siegen? Wird Elena den vermissten Prinzen finden?                          <\/p>\n<p>&nbsp;<\/p>\n<p>&nbsp;<\/p>\n<p><strong>Funktionen:<\/strong><\/p>\n<p>&nbsp;<\/p>\n<p>&#8211; Eine unglaubliche alternative Welt voller erstaunlicher Mechanismen und mysteri\u00f6ser Kreationen!<br \/>\n&#8211; Eine faszinierende Handlung voller mystischer Ereignisse und Geheimnisse von Mantel und Dolch.<br \/>\n&#8211; Farbenfrohe Grafiken und lustige Animationen.<br \/>\n&#8211; Genie\u00dfe 50 aufregende Levels in 4 Zonen.<br \/>\n&#8211; 3 Spielschwierigkeitsmodi.<br \/>\n&#8211; N\u00fctzliche Boni: Beschleunigen Sie die Arbeit, beschleunigen Sie die Produktion, laufen Sie schnell.<br \/>\n&#8211; Einfache Steuerung und ein hilfreiches Tutorial.<br \/>\n&#8211; \u00dcber 20 Stunden aufregendes Gameplay f\u00fcr jedes Alter.<br \/>\n&#8211; Musik zum Thema Spa\u00df. Krone des Imperiums<br \/>\n &#8211; Hilf den Helden, den verschwundenen Prinzen zu finden!<\/p>\n","protected":false},"excerpt":{"rendered":"<p>Krone des Imperiums: Aufregende Reisen liegen vor uns! Die K\u00f6nigin braucht Hilfe! <\/p>\n","protected":false},"author":13,"featured_media":83528,"comment_status":"open","ping_status":"closed","template":"","meta":{"_acf_changed":false,"inline_featured_image":false},"product_brand":[],"product_cat":[217],"product_tag":[249,289],"class_list":{"0":"post-135532","1":"product","2":"type-product","3":"status-publish","4":"has-post-thumbnail","6":"product_cat-time-management-de","7":"product_tag-crown-of-the-empire-series-de","8":"product_tag-play-on-pc-de","10":"first","11":"instock","12":"shipping-taxable","13":"purchasable","14":"product-type-simple"},"acf":[],"yoast_head":"<!-- This site is optimized with the Yoast SEO Premium plugin v25.2 (Yoast SEO v25.2) - https:\/\/yoast.com\/wordpress\/plugins\/seo\/ -->\n<title>Crown Of The Empire Around the World Collector&#039;s Edition - Crown Of The Empire verspricht Abenteuer - die K\u00f6nigin braucht Hilfe<\/title>\n<meta name=\"description\" content=\"Krone des Imperiums: Aufregende Reisen liegen vor uns! Die K\u00f6nigin braucht Hilfe!\" \/>\n<meta name=\"robots\" content=\"index, follow, max-snippet:-1, max-image-preview:large, max-video-preview:-1\" \/>\n<link rel=\"canonical\" href=\"https:\/\/www.iplay.com\/de\/games\/crown-of-the-empire-around-the-world-collectors-edition\/\" \/>\n<meta property=\"og:locale\" content=\"de_DE\" \/>\n<meta property=\"og:type\" content=\"article\" \/>\n<meta property=\"og:title\" content=\"Crown Of The Empire Around the World Collector&#039;s Edition\" \/>\n<meta property=\"og:description\" content=\"Krone des Imperiums: Aufregende Reisen liegen vor uns! Die K\u00f6nigin braucht Hilfe!\" \/>\n<meta property=\"og:url\" content=\"https:\/\/www.iplay.com\/de\/games\/crown-of-the-empire-around-the-world-collectors-edition\/\" \/>\n<meta property=\"og:site_name\" content=\"IPlay\" \/>\n<meta property=\"og:image\" content=\"https:\/\/www.iplay.com\/wp-content\/uploads\/2023\/12\/large_square_tile_image-2730.jpg\" \/>\n\t<meta property=\"og:image:width\" content=\"310\" \/>\n\t<meta property=\"og:image:height\" content=\"310\" \/>\n\t<meta property=\"og:image:type\" content=\"image\/jpeg\" \/>\n<meta name=\"twitter:card\" content=\"summary_large_image\" \/>\n<meta name=\"twitter:label1\" content=\"Gesch\u00e4tzte Lesezeit\" \/>\n\t<meta name=\"twitter:data1\" content=\"3 Minuten\" \/>\n<script type=\"application\/ld+json\" class=\"yoast-schema-graph\">{\"@context\":\"https:\/\/schema.org\",\"@graph\":[{\"@type\":\"WebPage\",\"@id\":\"https:\/\/www.iplay.com\/de\/games\/crown-of-the-empire-around-the-world-collectors-edition\/\",\"url\":\"https:\/\/www.iplay.com\/de\/games\/crown-of-the-empire-around-the-world-collectors-edition\/\",\"name\":\"Crown Of The Empire Around the World Collector's Edition - Crown Of The Empire verspricht Abenteuer - die K\u00f6nigin braucht Hilfe\",\"isPartOf\":{\"@id\":\"https:\/\/www.iplay.com\/en\/#website\"},\"primaryImageOfPage\":{\"@id\":\"https:\/\/www.iplay.com\/de\/games\/crown-of-the-empire-around-the-world-collectors-edition\/#primaryimage\"},\"image\":{\"@id\":\"https:\/\/www.iplay.com\/de\/games\/crown-of-the-empire-around-the-world-collectors-edition\/#primaryimage\"},\"thumbnailUrl\":\"https:\/\/www.iplay.com\/wp-content\/uploads\/2023\/12\/large_square_tile_image-2730.jpg\",\"datePublished\":\"2020-03-14T00:00:00+00:00\",\"description\":\"Krone des Imperiums: Aufregende Reisen liegen vor uns! Die K\u00f6nigin braucht Hilfe!\",\"breadcrumb\":{\"@id\":\"https:\/\/www.iplay.com\/de\/games\/crown-of-the-empire-around-the-world-collectors-edition\/#breadcrumb\"},\"inLanguage\":\"de-DE\",\"potentialAction\":[{\"@type\":\"ReadAction\",\"target\":[\"https:\/\/www.iplay.com\/de\/games\/crown-of-the-empire-around-the-world-collectors-edition\/\"]}]},{\"@type\":\"ImageObject\",\"inLanguage\":\"de-DE\",\"@id\":\"https:\/\/www.iplay.com\/de\/games\/crown-of-the-empire-around-the-world-collectors-edition\/#primaryimage\",\"url\":\"https:\/\/www.iplay.com\/wp-content\/uploads\/2023\/12\/large_square_tile_image-2730.jpg\",\"contentUrl\":\"https:\/\/www.iplay.com\/wp-content\/uploads\/2023\/12\/large_square_tile_image-2730.jpg\",\"width\":310,\"height\":310},{\"@type\":\"BreadcrumbList\",\"@id\":\"https:\/\/www.iplay.com\/de\/games\/crown-of-the-empire-around-the-world-collectors-edition\/#breadcrumb\",\"itemListElement\":[{\"@type\":\"ListItem\",\"position\":1,\"name\":\"Home\",\"item\":\"https:\/\/www.iplay.com\/de\/home-page-2\/\"},{\"@type\":\"ListItem\",\"position\":2,\"name\":\"Shop\",\"item\":\"https:\/\/www.iplay.com\/en\/shop\/\"},{\"@type\":\"ListItem\",\"position\":3,\"name\":\"Crown Of The Empire Around the World Collector&#8217;s Edition\"}]},{\"@type\":\"WebSite\",\"@id\":\"https:\/\/www.iplay.com\/en\/#website\",\"url\":\"https:\/\/www.iplay.com\/en\/\",\"name\":\"IPlay\",\"description\":\"The Best Casual Games!\",\"publisher\":{\"@id\":\"https:\/\/www.iplay.com\/en\/#organization\"},\"potentialAction\":[{\"@type\":\"SearchAction\",\"target\":{\"@type\":\"EntryPoint\",\"urlTemplate\":\"https:\/\/www.iplay.com\/en\/?s={search_term_string}\"},\"query-input\":{\"@type\":\"PropertyValueSpecification\",\"valueRequired\":true,\"valueName\":\"search_term_string\"}}],\"inLanguage\":\"de-DE\"},{\"@type\":\"Organization\",\"@id\":\"https:\/\/www.iplay.com\/en\/#organization\",\"name\":\"IPlay\",\"url\":\"https:\/\/www.iplay.com\/en\/\",\"logo\":{\"@type\":\"ImageObject\",\"inLanguage\":\"de-DE\",\"@id\":\"https:\/\/www.iplay.com\/en\/#\/schema\/logo\/image\/\",\"url\":\"https:\/\/www.iplay.com\/wp-content\/uploads\/2023\/11\/Group-6100.svg\",\"contentUrl\":\"https:\/\/www.iplay.com\/wp-content\/uploads\/2023\/11\/Group-6100.svg\",\"width\":98,\"height\":25,\"caption\":\"IPlay\"},\"image\":{\"@id\":\"https:\/\/www.iplay.com\/en\/#\/schema\/logo\/image\/\"}}]}<\/script>\n<!-- \/ Yoast SEO Premium plugin. -->","yoast_head_json":{"title":"Crown Of The Empire Around the World Collector's Edition - Crown Of The Empire verspricht Abenteuer - die K\u00f6nigin braucht Hilfe","description":"Krone des Imperiums: Aufregende Reisen liegen vor uns! Die K\u00f6nigin braucht Hilfe!","robots":{"index":"index","follow":"follow","max-snippet":"max-snippet:-1","max-image-preview":"max-image-preview:large","max-video-preview":"max-video-preview:-1"},"canonical":"https:\/\/www.iplay.com\/de\/games\/crown-of-the-empire-around-the-world-collectors-edition\/","og_locale":"de_DE","og_type":"article","og_title":"Crown Of The Empire Around the World Collector's Edition","og_description":"Krone des Imperiums: Aufregende Reisen liegen vor uns! Die K\u00f6nigin braucht Hilfe!","og_url":"https:\/\/www.iplay.com\/de\/games\/crown-of-the-empire-around-the-world-collectors-edition\/","og_site_name":"IPlay","og_image":[{"width":310,"height":310,"url":"https:\/\/www.iplay.com\/wp-content\/uploads\/2023\/12\/large_square_tile_image-2730.jpg","type":"image\/jpeg"}],"twitter_card":"summary_large_image","twitter_misc":{"Gesch\u00e4tzte Lesezeit":"3 Minuten"},"schema":{"@context":"https:\/\/schema.org","@graph":[{"@type":"WebPage","@id":"https:\/\/www.iplay.com\/de\/games\/crown-of-the-empire-around-the-world-collectors-edition\/","url":"https:\/\/www.iplay.com\/de\/games\/crown-of-the-empire-around-the-world-collectors-edition\/","name":"Crown Of The Empire Around the World Collector's Edition - Crown Of The Empire verspricht Abenteuer - die K\u00f6nigin braucht Hilfe","isPartOf":{"@id":"https:\/\/www.iplay.com\/en\/#website"},"primaryImageOfPage":{"@id":"https:\/\/www.iplay.com\/de\/games\/crown-of-the-empire-around-the-world-collectors-edition\/#primaryimage"},"image":{"@id":"https:\/\/www.iplay.com\/de\/games\/crown-of-the-empire-around-the-world-collectors-edition\/#primaryimage"},"thumbnailUrl":"https:\/\/www.iplay.com\/wp-content\/uploads\/2023\/12\/large_square_tile_image-2730.jpg","datePublished":"2020-03-14T00:00:00+00:00","description":"Krone des Imperiums: Aufregende Reisen liegen vor uns! Die K\u00f6nigin braucht Hilfe!","breadcrumb":{"@id":"https:\/\/www.iplay.com\/de\/games\/crown-of-the-empire-around-the-world-collectors-edition\/#breadcrumb"},"inLanguage":"de-DE","potentialAction":[{"@type":"ReadAction","target":["https:\/\/www.iplay.com\/de\/games\/crown-of-the-empire-around-the-world-collectors-edition\/"]}]},{"@type":"ImageObject","inLanguage":"de-DE","@id":"https:\/\/www.iplay.com\/de\/games\/crown-of-the-empire-around-the-world-collectors-edition\/#primaryimage","url":"https:\/\/www.iplay.com\/wp-content\/uploads\/2023\/12\/large_square_tile_image-2730.jpg","contentUrl":"https:\/\/www.iplay.com\/wp-content\/uploads\/2023\/12\/large_square_tile_image-2730.jpg","width":310,"height":310},{"@type":"BreadcrumbList","@id":"https:\/\/www.iplay.com\/de\/games\/crown-of-the-empire-around-the-world-collectors-edition\/#breadcrumb","itemListElement":[{"@type":"ListItem","position":1,"name":"Home","item":"https:\/\/www.iplay.com\/de\/home-page-2\/"},{"@type":"ListItem","position":2,"name":"Shop","item":"https:\/\/www.iplay.com\/en\/shop\/"},{"@type":"ListItem","position":3,"name":"Crown Of The Empire Around the World Collector&#8217;s Edition"}]},{"@type":"WebSite","@id":"https:\/\/www.iplay.com\/en\/#website","url":"https:\/\/www.iplay.com\/en\/","name":"IPlay","description":"The Best Casual Games!","publisher":{"@id":"https:\/\/www.iplay.com\/en\/#organization"},"potentialAction":[{"@type":"SearchAction","target":{"@type":"EntryPoint","urlTemplate":"https:\/\/www.iplay.com\/en\/?s={search_term_string}"},"query-input":{"@type":"PropertyValueSpecification","valueRequired":true,"valueName":"search_term_string"}}],"inLanguage":"de-DE"},{"@type":"Organization","@id":"https:\/\/www.iplay.com\/en\/#organization","name":"IPlay","url":"https:\/\/www.iplay.com\/en\/","logo":{"@type":"ImageObject","inLanguage":"de-DE","@id":"https:\/\/www.iplay.com\/en\/#\/schema\/logo\/image\/","url":"https:\/\/www.iplay.com\/wp-content\/uploads\/2023\/11\/Group-6100.svg","contentUrl":"https:\/\/www.iplay.com\/wp-content\/uploads\/2023\/11\/Group-6100.svg","width":98,"height":25,"caption":"IPlay"},"image":{"@id":"https:\/\/www.iplay.com\/en\/#\/schema\/logo\/image\/"}}]}},"_links":{"self":[{"href":"https:\/\/www.iplay.com\/de\/wp-json\/wp\/v2\/product\/135532","targetHints":{"allow":["GET"]}}],"collection":[{"href":"https:\/\/www.iplay.com\/de\/wp-json\/wp\/v2\/product"}],"about":[{"href":"https:\/\/www.iplay.com\/de\/wp-json\/wp\/v2\/types\/product"}],"author":[{"embeddable":true,"href":"https:\/\/www.iplay.com\/de\/wp-json\/wp\/v2\/users\/13"}],"replies":[{"embeddable":true,"href":"https:\/\/www.iplay.com\/de\/wp-json\/wp\/v2\/comments?post=135532"}],"wp:featuredmedia":[{"embeddable":true,"href":"https:\/\/www.iplay.com\/de\/wp-json\/wp\/v2\/media\/83528"}],"wp:attachment":[{"href":"https:\/\/www.iplay.com\/de\/wp-json\/wp\/v2\/media?parent=135532"}],"wp:term":[{"taxonomy":"product_brand","embeddable":true,"href":"https:\/\/www.iplay.com\/de\/wp-json\/wp\/v2\/product_brand?post=135532"},{"taxonomy":"product_cat","embeddable":true,"href":"https:\/\/www.iplay.com\/de\/wp-json\/wp\/v2\/product_cat?post=135532"},{"taxonomy":"product_tag","embeddable":true,"href":"https:\/\/www.iplay.com\/de\/wp-json\/wp\/v2\/product_tag?post=135532"}],"curies":[{"name":"wp","href":"https:\/\/api.w.org\/{rel}","templated":true}]}}