{"id":135492,"date":"2020-06-12T00:00:01","date_gmt":"2020-06-12T00:00:01","guid":{"rendered":"https:\/\/www.iplay.com\/games\/hearts-medicine-season-one-remastered-edition\/"},"modified":"2020-06-12T00:00:01","modified_gmt":"2020-06-12T00:00:01","slug":"hearts-medicine-season-one-remastered-edition","status":"publish","type":"product","link":"https:\/\/www.iplay.com\/de\/games\/hearts-medicine-season-one-remastered-edition\/","title":{"rendered":"Heart&#8217;s Medicine &#8211; Season One &#8211; Remastered Edition"},"content":{"rendered":"<p>Stellen Sie sich Allison Heart vor, einer jungen \u00c4rztin, die ihre Facharztausbildung an der Still Creek Clinic abschlie\u00dft. Sie freut sich darauf, an ihrem ersten Tag der Supervision mit dem Arzt, der sie ermutigt hat, diesen Beruf zu ergreifen, Bed\u00fcrftigen zu helfen. Sie ist bereit f\u00fcr die Hektik der Patientenversorgung, aber sie wird lernen, dass \u00c4rztin viel mehr bedeutet, als nur Rezepte auszustellen und Wunden zu verbinden. Entdecke Drama, Humor und Romantik in dieser Motivationsgeschichte, w\u00e4hrend du die H\u00f6hen und Tiefen des Lebens als Assistenzarzt erlebst!   <\/p>\n<p>&nbsp;<\/p>\n<p>&nbsp;<\/p>\n<p><strong>Funktionen:<\/strong><\/p>\n<p>&nbsp;<\/p>\n<p>&#8211; Unterst\u00fctzen Sie Dr. Allison Heartheal Einzelpersonen<\/p>\n<p>&#8211; Erwirb Meisterschaft in Medizin-Miniaturspielen<\/p>\n<p>&#8211; Verbessern Sie Ihre akademischen F\u00e4higkeiten!<\/p>\n<p>&#8211; Ist es m\u00f6glich, jeden Patienten zu retten?<\/p>\n<p>&nbsp;<\/p>\n<p>&nbsp;<\/p>\n<p><strong>Was ist neu in dieser Version, Remastered?<\/strong><\/p>\n<p>&nbsp;<\/p>\n<p>&#8211; Es gibt 30 Herausforderungslevel, die sich auf 6 Orte verteilen, und 60 Story-Levels im Spiel.<\/p>\n<p>&#8211; Die Handlung, die Dialoge, die Zwischensequenzen, die Gebietslayouts, das Design und die grundlegende Mechanik sind alle identisch mit denen des urspr\u00fcnglichen HM1.<\/p>\n<p>&#8211; Fans von HM2 und HM3 werden sich auch dar\u00fcber freuen, dass Allison und andere Charaktere in dieser Remastered Edition das gleiche Aussehen wie in HM2 und HM3 haben, sowie das allgemeine Spielgef\u00fchl beim Spielen mit dem verbesserten Gameplay und der Grafik.<\/p>\n<p>&#8211; Diese Remaster-Edition hat jedoch noch ein zus\u00e4tzliches letztes Kapitel, das es in der Originalversion nicht gab: Der Epilog.<\/p>\n","protected":false},"excerpt":{"rendered":"<p>In Heart&#8217;s Medicine: Season One &#8211; Remastered Edition kannst du Patienten heilen.<\/p>\n","protected":false},"author":10,"featured_media":82963,"comment_status":"open","ping_status":"closed","template":"","meta":{"_acf_changed":false,"inline_featured_image":false},"product_brand":[],"product_cat":[217],"product_tag":[289,352],"class_list":{"0":"post-135492","1":"product","2":"type-product","3":"status-publish","4":"has-post-thumbnail","6":"product_cat-time-management-de","7":"product_tag-play-on-pc-de","8":"product_tag-valentines-day-de-2","10":"first","11":"instock","12":"shipping-taxable","13":"purchasable","14":"product-type-simple"},"acf":[],"yoast_head":"<!-- This site is optimized with the Yoast SEO Premium plugin v25.2 (Yoast SEO v25.2) - https:\/\/yoast.com\/wordpress\/plugins\/seo\/ -->\n<title>Heart&#039;s Medicine - Season One - Remastered Edition - Heile Patienten in Heart&#039;s Medicine - Season One<\/title>\n<meta name=\"description\" content=\"In Heart&#039;s Medicine: Season One - Remastered Edition kannst du Patienten heilen.\" \/>\n<meta name=\"robots\" content=\"index, follow, max-snippet:-1, max-image-preview:large, max-video-preview:-1\" \/>\n<link rel=\"canonical\" href=\"https:\/\/www.iplay.com\/de\/games\/hearts-medicine-season-one-remastered-edition\/\" \/>\n<meta property=\"og:locale\" content=\"de_DE\" \/>\n<meta property=\"og:type\" content=\"article\" \/>\n<meta property=\"og:title\" content=\"Heart&#039;s Medicine - Season One - Remastered Edition\" \/>\n<meta property=\"og:description\" content=\"In Heart&#039;s Medicine: Season One - Remastered Edition kannst du Patienten heilen.\" \/>\n<meta property=\"og:url\" content=\"https:\/\/www.iplay.com\/de\/games\/hearts-medicine-season-one-remastered-edition\/\" \/>\n<meta property=\"og:site_name\" content=\"IPlay\" \/>\n<meta property=\"og:image\" content=\"https:\/\/www.iplay.com\/wp-content\/uploads\/2023\/12\/large_square_tile_image-2693.jpg\" \/>\n\t<meta property=\"og:image:width\" content=\"310\" \/>\n\t<meta property=\"og:image:height\" content=\"310\" \/>\n\t<meta property=\"og:image:type\" content=\"image\/jpeg\" \/>\n<meta name=\"twitter:card\" content=\"summary_large_image\" \/>\n<meta name=\"twitter:label1\" content=\"Gesch\u00e4tzte Lesezeit\" \/>\n\t<meta name=\"twitter:data1\" content=\"1 Minute\" \/>\n<script type=\"application\/ld+json\" class=\"yoast-schema-graph\">{\"@context\":\"https:\/\/schema.org\",\"@graph\":[{\"@type\":\"WebPage\",\"@id\":\"https:\/\/www.iplay.com\/de\/games\/hearts-medicine-season-one-remastered-edition\/\",\"url\":\"https:\/\/www.iplay.com\/de\/games\/hearts-medicine-season-one-remastered-edition\/\",\"name\":\"Heart's Medicine - Season One - Remastered Edition - Heile Patienten in Heart's Medicine - Season One\",\"isPartOf\":{\"@id\":\"https:\/\/www.iplay.com\/en\/#website\"},\"primaryImageOfPage\":{\"@id\":\"https:\/\/www.iplay.com\/de\/games\/hearts-medicine-season-one-remastered-edition\/#primaryimage\"},\"image\":{\"@id\":\"https:\/\/www.iplay.com\/de\/games\/hearts-medicine-season-one-remastered-edition\/#primaryimage\"},\"thumbnailUrl\":\"https:\/\/www.iplay.com\/wp-content\/uploads\/2023\/12\/large_square_tile_image-2693.jpg\",\"datePublished\":\"2020-06-12T00:00:01+00:00\",\"description\":\"In Heart's Medicine: Season One - Remastered Edition kannst du Patienten heilen.\",\"breadcrumb\":{\"@id\":\"https:\/\/www.iplay.com\/de\/games\/hearts-medicine-season-one-remastered-edition\/#breadcrumb\"},\"inLanguage\":\"de-DE\",\"potentialAction\":[{\"@type\":\"ReadAction\",\"target\":[\"https:\/\/www.iplay.com\/de\/games\/hearts-medicine-season-one-remastered-edition\/\"]}]},{\"@type\":\"ImageObject\",\"inLanguage\":\"de-DE\",\"@id\":\"https:\/\/www.iplay.com\/de\/games\/hearts-medicine-season-one-remastered-edition\/#primaryimage\",\"url\":\"https:\/\/www.iplay.com\/wp-content\/uploads\/2023\/12\/large_square_tile_image-2693.jpg\",\"contentUrl\":\"https:\/\/www.iplay.com\/wp-content\/uploads\/2023\/12\/large_square_tile_image-2693.jpg\",\"width\":310,\"height\":310},{\"@type\":\"BreadcrumbList\",\"@id\":\"https:\/\/www.iplay.com\/de\/games\/hearts-medicine-season-one-remastered-edition\/#breadcrumb\",\"itemListElement\":[{\"@type\":\"ListItem\",\"position\":1,\"name\":\"Home\",\"item\":\"https:\/\/www.iplay.com\/de\/home-page-2\/\"},{\"@type\":\"ListItem\",\"position\":2,\"name\":\"Shop\",\"item\":\"https:\/\/www.iplay.com\/en\/shop\/\"},{\"@type\":\"ListItem\",\"position\":3,\"name\":\"Heart&#8217;s Medicine &#8211; Season One &#8211; Remastered Edition\"}]},{\"@type\":\"WebSite\",\"@id\":\"https:\/\/www.iplay.com\/en\/#website\",\"url\":\"https:\/\/www.iplay.com\/en\/\",\"name\":\"IPlay\",\"description\":\"The Best Casual Games!\",\"publisher\":{\"@id\":\"https:\/\/www.iplay.com\/en\/#organization\"},\"potentialAction\":[{\"@type\":\"SearchAction\",\"target\":{\"@type\":\"EntryPoint\",\"urlTemplate\":\"https:\/\/www.iplay.com\/en\/?s={search_term_string}\"},\"query-input\":{\"@type\":\"PropertyValueSpecification\",\"valueRequired\":true,\"valueName\":\"search_term_string\"}}],\"inLanguage\":\"de-DE\"},{\"@type\":\"Organization\",\"@id\":\"https:\/\/www.iplay.com\/en\/#organization\",\"name\":\"IPlay\",\"url\":\"https:\/\/www.iplay.com\/en\/\",\"logo\":{\"@type\":\"ImageObject\",\"inLanguage\":\"de-DE\",\"@id\":\"https:\/\/www.iplay.com\/en\/#\/schema\/logo\/image\/\",\"url\":\"https:\/\/www.iplay.com\/wp-content\/uploads\/2023\/11\/Group-6100.svg\",\"contentUrl\":\"https:\/\/www.iplay.com\/wp-content\/uploads\/2023\/11\/Group-6100.svg\",\"width\":98,\"height\":25,\"caption\":\"IPlay\"},\"image\":{\"@id\":\"https:\/\/www.iplay.com\/en\/#\/schema\/logo\/image\/\"}}]}<\/script>\n<!-- \/ Yoast SEO Premium plugin. -->","yoast_head_json":{"title":"Heart's Medicine - Season One - Remastered Edition - Heile Patienten in Heart's Medicine - Season One","description":"In Heart's Medicine: Season One - Remastered Edition kannst du Patienten heilen.","robots":{"index":"index","follow":"follow","max-snippet":"max-snippet:-1","max-image-preview":"max-image-preview:large","max-video-preview":"max-video-preview:-1"},"canonical":"https:\/\/www.iplay.com\/de\/games\/hearts-medicine-season-one-remastered-edition\/","og_locale":"de_DE","og_type":"article","og_title":"Heart's Medicine - Season One - Remastered Edition","og_description":"In Heart's Medicine: Season One - Remastered Edition kannst du Patienten heilen.","og_url":"https:\/\/www.iplay.com\/de\/games\/hearts-medicine-season-one-remastered-edition\/","og_site_name":"IPlay","og_image":[{"width":310,"height":310,"url":"https:\/\/www.iplay.com\/wp-content\/uploads\/2023\/12\/large_square_tile_image-2693.jpg","type":"image\/jpeg"}],"twitter_card":"summary_large_image","twitter_misc":{"Gesch\u00e4tzte Lesezeit":"1 Minute"},"schema":{"@context":"https:\/\/schema.org","@graph":[{"@type":"WebPage","@id":"https:\/\/www.iplay.com\/de\/games\/hearts-medicine-season-one-remastered-edition\/","url":"https:\/\/www.iplay.com\/de\/games\/hearts-medicine-season-one-remastered-edition\/","name":"Heart's Medicine - Season One - Remastered Edition - Heile Patienten in Heart's Medicine - Season One","isPartOf":{"@id":"https:\/\/www.iplay.com\/en\/#website"},"primaryImageOfPage":{"@id":"https:\/\/www.iplay.com\/de\/games\/hearts-medicine-season-one-remastered-edition\/#primaryimage"},"image":{"@id":"https:\/\/www.iplay.com\/de\/games\/hearts-medicine-season-one-remastered-edition\/#primaryimage"},"thumbnailUrl":"https:\/\/www.iplay.com\/wp-content\/uploads\/2023\/12\/large_square_tile_image-2693.jpg","datePublished":"2020-06-12T00:00:01+00:00","description":"In Heart's Medicine: Season One - Remastered Edition kannst du Patienten heilen.","breadcrumb":{"@id":"https:\/\/www.iplay.com\/de\/games\/hearts-medicine-season-one-remastered-edition\/#breadcrumb"},"inLanguage":"de-DE","potentialAction":[{"@type":"ReadAction","target":["https:\/\/www.iplay.com\/de\/games\/hearts-medicine-season-one-remastered-edition\/"]}]},{"@type":"ImageObject","inLanguage":"de-DE","@id":"https:\/\/www.iplay.com\/de\/games\/hearts-medicine-season-one-remastered-edition\/#primaryimage","url":"https:\/\/www.iplay.com\/wp-content\/uploads\/2023\/12\/large_square_tile_image-2693.jpg","contentUrl":"https:\/\/www.iplay.com\/wp-content\/uploads\/2023\/12\/large_square_tile_image-2693.jpg","width":310,"height":310},{"@type":"BreadcrumbList","@id":"https:\/\/www.iplay.com\/de\/games\/hearts-medicine-season-one-remastered-edition\/#breadcrumb","itemListElement":[{"@type":"ListItem","position":1,"name":"Home","item":"https:\/\/www.iplay.com\/de\/home-page-2\/"},{"@type":"ListItem","position":2,"name":"Shop","item":"https:\/\/www.iplay.com\/en\/shop\/"},{"@type":"ListItem","position":3,"name":"Heart&#8217;s Medicine &#8211; Season One &#8211; Remastered Edition"}]},{"@type":"WebSite","@id":"https:\/\/www.iplay.com\/en\/#website","url":"https:\/\/www.iplay.com\/en\/","name":"IPlay","description":"The Best Casual Games!","publisher":{"@id":"https:\/\/www.iplay.com\/en\/#organization"},"potentialAction":[{"@type":"SearchAction","target":{"@type":"EntryPoint","urlTemplate":"https:\/\/www.iplay.com\/en\/?s={search_term_string}"},"query-input":{"@type":"PropertyValueSpecification","valueRequired":true,"valueName":"search_term_string"}}],"inLanguage":"de-DE"},{"@type":"Organization","@id":"https:\/\/www.iplay.com\/en\/#organization","name":"IPlay","url":"https:\/\/www.iplay.com\/en\/","logo":{"@type":"ImageObject","inLanguage":"de-DE","@id":"https:\/\/www.iplay.com\/en\/#\/schema\/logo\/image\/","url":"https:\/\/www.iplay.com\/wp-content\/uploads\/2023\/11\/Group-6100.svg","contentUrl":"https:\/\/www.iplay.com\/wp-content\/uploads\/2023\/11\/Group-6100.svg","width":98,"height":25,"caption":"IPlay"},"image":{"@id":"https:\/\/www.iplay.com\/en\/#\/schema\/logo\/image\/"}}]}},"_links":{"self":[{"href":"https:\/\/www.iplay.com\/de\/wp-json\/wp\/v2\/product\/135492","targetHints":{"allow":["GET"]}}],"collection":[{"href":"https:\/\/www.iplay.com\/de\/wp-json\/wp\/v2\/product"}],"about":[{"href":"https:\/\/www.iplay.com\/de\/wp-json\/wp\/v2\/types\/product"}],"author":[{"embeddable":true,"href":"https:\/\/www.iplay.com\/de\/wp-json\/wp\/v2\/users\/10"}],"replies":[{"embeddable":true,"href":"https:\/\/www.iplay.com\/de\/wp-json\/wp\/v2\/comments?post=135492"}],"wp:featuredmedia":[{"embeddable":true,"href":"https:\/\/www.iplay.com\/de\/wp-json\/wp\/v2\/media\/82963"}],"wp:attachment":[{"href":"https:\/\/www.iplay.com\/de\/wp-json\/wp\/v2\/media?parent=135492"}],"wp:term":[{"taxonomy":"product_brand","embeddable":true,"href":"https:\/\/www.iplay.com\/de\/wp-json\/wp\/v2\/product_brand?post=135492"},{"taxonomy":"product_cat","embeddable":true,"href":"https:\/\/www.iplay.com\/de\/wp-json\/wp\/v2\/product_cat?post=135492"},{"taxonomy":"product_tag","embeddable":true,"href":"https:\/\/www.iplay.com\/de\/wp-json\/wp\/v2\/product_tag?post=135492"}],"curies":[{"name":"wp","href":"https:\/\/api.w.org\/{rel}","templated":true}]}}