{"id":135444,"date":"2020-10-16T00:00:00","date_gmt":"2020-10-16T00:00:00","guid":{"rendered":"https:\/\/www.iplay.com\/games\/12-labours-of-hercules-xi-painted-adventure-collectors-edition\/"},"modified":"2020-10-16T00:00:00","modified_gmt":"2020-10-16T00:00:00","slug":"12-labours-of-hercules-xi-painted-adventure-collectors-edition","status":"publish","type":"product","link":"https:\/\/www.iplay.com\/de\/games\/12-labours-of-hercules-xi-painted-adventure-collectors-edition\/","title":{"rendered":"12 Labours of Hercules XI: Painted Adventure &#8211; Collector&#8217;s Edition"},"content":{"rendered":"<p>Was w\u00fcrdest du tun, wenn du dich einmal im antiken Griechenland bef\u00e4nden w\u00fcrdest? Die junge Emma wusste schon immer eine Antwort auf diese Frage: Sie w\u00fcrde Herkules treffen und an seinen unglaublichen Abenteuern teilnehmen. Doch wie kann ein gew\u00f6hnliches M\u00e4dchen aus dem 21. Jahrhundert dem tapferen Helden helfen? Emma hat magische Kunstutensilien und alles, was sie malt, wird real! Braucht Herkules eine Br\u00fccke, ein Schiff oder Hanteln? Alles, was Emma braucht, ist, ihre Fantasie und ihr k\u00fcnstlerisches Talent einzusetzen! Begleite Herkules und Emma auf ihrer erstaunlichen Reise durch das antike Griechenland. Triff G\u00f6tter und Helden, erreiche den Olymp und bereite dich auf den sportlichen Wettkampf vor, entkomme aus dem Gef\u00e4ngnis und rette die entf\u00fchrte Megara, besiege den b\u00f6sen K\u00f6nig Eurystheus und finde den Weg zur\u00fcck in die Zeit von Emmas! Alles ist m\u00f6glich, wenn Sie Ihr Abenteuer selbst malen! Lass dich inspirieren und spiele Hercules XI: Painted Adventure!         <\/p>\n<p>&nbsp;<\/p>\n<p>&nbsp;<\/p>\n<p><strong>  Funktionen:<\/strong><\/p>\n<p>&nbsp;<\/p>\n<p>&#8211; Begleite Herkules und Emma bei ihrer k\u00fcnstlerischen Arbeit!<\/p>\n<p>&#8211; Malen und l\u00f6schen Sie alles, was Sie brauchen!<\/p>\n<p>&#8211; Reisen Sie durch die Zeit ins antike Griechenland und zur\u00fcck!<\/p>\n<p>&#8211; Erkunde Unterlevel, Bonuslevel und Super-Bonuslevel<\/p>\n<p>&#8211; Atemberaubende Full-HD-Grafik<\/p>\n<p>&#8211; Leicht zu erlernen, schwer zu meistern: viele M\u00f6glichkeiten, ein Level zu absolvieren<\/p>\n<p>&nbsp;<\/p>\n<p>&nbsp;<\/p>\n<p><strong>  Eigenschaften der Collectors Edition:<\/strong><\/p>\n<p>&nbsp;<\/p>\n<p>&#8211; Interaktiver Leitfaden<\/p>\n<p>-Tapeten<\/p>\n<p>&#8211; Zus\u00e4tzliche Bonuslevel<\/p>\n<p>&#8211; Herkules im 21. Jahrhundert<\/p>\n","protected":false},"excerpt":{"rendered":"<p>In 12 Labours of Hercules XI: Painted Adventure CE verwandelt die Kraft der Vorstellungskraft die Welt.<\/p>\n","protected":false},"author":14,"featured_media":81859,"comment_status":"open","ping_status":"closed","template":"","meta":{"_acf_changed":false,"inline_featured_image":false},"product_brand":[],"product_cat":[217],"product_tag":[229,289],"class_list":{"0":"post-135444","1":"product","2":"type-product","3":"status-publish","4":"has-post-thumbnail","6":"product_cat-time-management-de","7":"product_tag-12-labours-of-hercules-series-de","8":"product_tag-play-on-pc-de","10":"first","11":"instock","12":"shipping-taxable","13":"purchasable","14":"product-type-simple"},"acf":[],"yoast_head":"<!-- This site is optimized with the Yoast SEO Premium plugin v25.2 (Yoast SEO v25.2) - https:\/\/yoast.com\/wordpress\/plugins\/seo\/ -->\n<title>12 Labours of Hercules XI: Painted Adventure - Collector&#039;s Edition - Erlebe die transformative Kraft der Vorstellungskraft<\/title>\n<meta name=\"description\" content=\"In 12 Labours of Hercules XI: Painted Adventure CE verwandelt die Kraft der Vorstellungskraft die Welt.\" \/>\n<meta name=\"robots\" content=\"index, follow, max-snippet:-1, max-image-preview:large, max-video-preview:-1\" \/>\n<link rel=\"canonical\" href=\"https:\/\/www.iplay.com\/de\/games\/12-labours-of-hercules-xi-painted-adventure-collectors-edition\/\" \/>\n<meta property=\"og:locale\" content=\"de_DE\" \/>\n<meta property=\"og:type\" content=\"article\" \/>\n<meta property=\"og:title\" content=\"12 Labours of Hercules XI: Painted Adventure - Collector&#039;s Edition\" \/>\n<meta property=\"og:description\" content=\"In 12 Labours of Hercules XI: Painted Adventure CE verwandelt die Kraft der Vorstellungskraft die Welt.\" \/>\n<meta property=\"og:url\" content=\"https:\/\/www.iplay.com\/de\/games\/12-labours-of-hercules-xi-painted-adventure-collectors-edition\/\" \/>\n<meta property=\"og:site_name\" content=\"IPlay\" \/>\n<meta property=\"og:image\" content=\"https:\/\/www.iplay.com\/wp-content\/uploads\/2023\/12\/large_square_tile_image-2622.jpg\" \/>\n\t<meta property=\"og:image:width\" content=\"310\" \/>\n\t<meta property=\"og:image:height\" content=\"310\" \/>\n\t<meta property=\"og:image:type\" content=\"image\/jpeg\" \/>\n<meta name=\"twitter:card\" content=\"summary_large_image\" \/>\n<meta name=\"twitter:label1\" content=\"Gesch\u00e4tzte Lesezeit\" \/>\n\t<meta name=\"twitter:data1\" content=\"1 Minute\" \/>\n<script type=\"application\/ld+json\" class=\"yoast-schema-graph\">{\"@context\":\"https:\/\/schema.org\",\"@graph\":[{\"@type\":\"WebPage\",\"@id\":\"https:\/\/www.iplay.com\/de\/games\/12-labours-of-hercules-xi-painted-adventure-collectors-edition\/\",\"url\":\"https:\/\/www.iplay.com\/de\/games\/12-labours-of-hercules-xi-painted-adventure-collectors-edition\/\",\"name\":\"12 Labours of Hercules XI: Painted Adventure - Collector's Edition - Erlebe die transformative Kraft der Vorstellungskraft\",\"isPartOf\":{\"@id\":\"https:\/\/www.iplay.com\/en\/#website\"},\"primaryImageOfPage\":{\"@id\":\"https:\/\/www.iplay.com\/de\/games\/12-labours-of-hercules-xi-painted-adventure-collectors-edition\/#primaryimage\"},\"image\":{\"@id\":\"https:\/\/www.iplay.com\/de\/games\/12-labours-of-hercules-xi-painted-adventure-collectors-edition\/#primaryimage\"},\"thumbnailUrl\":\"https:\/\/www.iplay.com\/wp-content\/uploads\/2023\/12\/large_square_tile_image-2622.jpg\",\"datePublished\":\"2020-10-16T00:00:00+00:00\",\"description\":\"In 12 Labours of Hercules XI: Painted Adventure CE verwandelt die Kraft der Vorstellungskraft die Welt.\",\"breadcrumb\":{\"@id\":\"https:\/\/www.iplay.com\/de\/games\/12-labours-of-hercules-xi-painted-adventure-collectors-edition\/#breadcrumb\"},\"inLanguage\":\"de-DE\",\"potentialAction\":[{\"@type\":\"ReadAction\",\"target\":[\"https:\/\/www.iplay.com\/de\/games\/12-labours-of-hercules-xi-painted-adventure-collectors-edition\/\"]}]},{\"@type\":\"ImageObject\",\"inLanguage\":\"de-DE\",\"@id\":\"https:\/\/www.iplay.com\/de\/games\/12-labours-of-hercules-xi-painted-adventure-collectors-edition\/#primaryimage\",\"url\":\"https:\/\/www.iplay.com\/wp-content\/uploads\/2023\/12\/large_square_tile_image-2622.jpg\",\"contentUrl\":\"https:\/\/www.iplay.com\/wp-content\/uploads\/2023\/12\/large_square_tile_image-2622.jpg\",\"width\":310,\"height\":310},{\"@type\":\"BreadcrumbList\",\"@id\":\"https:\/\/www.iplay.com\/de\/games\/12-labours-of-hercules-xi-painted-adventure-collectors-edition\/#breadcrumb\",\"itemListElement\":[{\"@type\":\"ListItem\",\"position\":1,\"name\":\"Home\",\"item\":\"https:\/\/www.iplay.com\/de\/home-page-2\/\"},{\"@type\":\"ListItem\",\"position\":2,\"name\":\"Shop\",\"item\":\"https:\/\/www.iplay.com\/en\/shop\/\"},{\"@type\":\"ListItem\",\"position\":3,\"name\":\"12 Labours of Hercules XI: Painted Adventure &#8211; Collector&#8217;s Edition\"}]},{\"@type\":\"WebSite\",\"@id\":\"https:\/\/www.iplay.com\/en\/#website\",\"url\":\"https:\/\/www.iplay.com\/en\/\",\"name\":\"IPlay\",\"description\":\"The Best Casual Games!\",\"publisher\":{\"@id\":\"https:\/\/www.iplay.com\/en\/#organization\"},\"potentialAction\":[{\"@type\":\"SearchAction\",\"target\":{\"@type\":\"EntryPoint\",\"urlTemplate\":\"https:\/\/www.iplay.com\/en\/?s={search_term_string}\"},\"query-input\":{\"@type\":\"PropertyValueSpecification\",\"valueRequired\":true,\"valueName\":\"search_term_string\"}}],\"inLanguage\":\"de-DE\"},{\"@type\":\"Organization\",\"@id\":\"https:\/\/www.iplay.com\/en\/#organization\",\"name\":\"IPlay\",\"url\":\"https:\/\/www.iplay.com\/en\/\",\"logo\":{\"@type\":\"ImageObject\",\"inLanguage\":\"de-DE\",\"@id\":\"https:\/\/www.iplay.com\/en\/#\/schema\/logo\/image\/\",\"url\":\"https:\/\/www.iplay.com\/wp-content\/uploads\/2023\/11\/Group-6100.svg\",\"contentUrl\":\"https:\/\/www.iplay.com\/wp-content\/uploads\/2023\/11\/Group-6100.svg\",\"width\":98,\"height\":25,\"caption\":\"IPlay\"},\"image\":{\"@id\":\"https:\/\/www.iplay.com\/en\/#\/schema\/logo\/image\/\"}}]}<\/script>\n<!-- \/ Yoast SEO Premium plugin. -->","yoast_head_json":{"title":"12 Labours of Hercules XI: Painted Adventure - Collector's Edition - Erlebe die transformative Kraft der Vorstellungskraft","description":"In 12 Labours of Hercules XI: Painted Adventure CE verwandelt die Kraft der Vorstellungskraft die Welt.","robots":{"index":"index","follow":"follow","max-snippet":"max-snippet:-1","max-image-preview":"max-image-preview:large","max-video-preview":"max-video-preview:-1"},"canonical":"https:\/\/www.iplay.com\/de\/games\/12-labours-of-hercules-xi-painted-adventure-collectors-edition\/","og_locale":"de_DE","og_type":"article","og_title":"12 Labours of Hercules XI: Painted Adventure - Collector's Edition","og_description":"In 12 Labours of Hercules XI: Painted Adventure CE verwandelt die Kraft der Vorstellungskraft die Welt.","og_url":"https:\/\/www.iplay.com\/de\/games\/12-labours-of-hercules-xi-painted-adventure-collectors-edition\/","og_site_name":"IPlay","og_image":[{"width":310,"height":310,"url":"https:\/\/www.iplay.com\/wp-content\/uploads\/2023\/12\/large_square_tile_image-2622.jpg","type":"image\/jpeg"}],"twitter_card":"summary_large_image","twitter_misc":{"Gesch\u00e4tzte Lesezeit":"1 Minute"},"schema":{"@context":"https:\/\/schema.org","@graph":[{"@type":"WebPage","@id":"https:\/\/www.iplay.com\/de\/games\/12-labours-of-hercules-xi-painted-adventure-collectors-edition\/","url":"https:\/\/www.iplay.com\/de\/games\/12-labours-of-hercules-xi-painted-adventure-collectors-edition\/","name":"12 Labours of Hercules XI: Painted Adventure - Collector's Edition - Erlebe die transformative Kraft der Vorstellungskraft","isPartOf":{"@id":"https:\/\/www.iplay.com\/en\/#website"},"primaryImageOfPage":{"@id":"https:\/\/www.iplay.com\/de\/games\/12-labours-of-hercules-xi-painted-adventure-collectors-edition\/#primaryimage"},"image":{"@id":"https:\/\/www.iplay.com\/de\/games\/12-labours-of-hercules-xi-painted-adventure-collectors-edition\/#primaryimage"},"thumbnailUrl":"https:\/\/www.iplay.com\/wp-content\/uploads\/2023\/12\/large_square_tile_image-2622.jpg","datePublished":"2020-10-16T00:00:00+00:00","description":"In 12 Labours of Hercules XI: Painted Adventure CE verwandelt die Kraft der Vorstellungskraft die Welt.","breadcrumb":{"@id":"https:\/\/www.iplay.com\/de\/games\/12-labours-of-hercules-xi-painted-adventure-collectors-edition\/#breadcrumb"},"inLanguage":"de-DE","potentialAction":[{"@type":"ReadAction","target":["https:\/\/www.iplay.com\/de\/games\/12-labours-of-hercules-xi-painted-adventure-collectors-edition\/"]}]},{"@type":"ImageObject","inLanguage":"de-DE","@id":"https:\/\/www.iplay.com\/de\/games\/12-labours-of-hercules-xi-painted-adventure-collectors-edition\/#primaryimage","url":"https:\/\/www.iplay.com\/wp-content\/uploads\/2023\/12\/large_square_tile_image-2622.jpg","contentUrl":"https:\/\/www.iplay.com\/wp-content\/uploads\/2023\/12\/large_square_tile_image-2622.jpg","width":310,"height":310},{"@type":"BreadcrumbList","@id":"https:\/\/www.iplay.com\/de\/games\/12-labours-of-hercules-xi-painted-adventure-collectors-edition\/#breadcrumb","itemListElement":[{"@type":"ListItem","position":1,"name":"Home","item":"https:\/\/www.iplay.com\/de\/home-page-2\/"},{"@type":"ListItem","position":2,"name":"Shop","item":"https:\/\/www.iplay.com\/en\/shop\/"},{"@type":"ListItem","position":3,"name":"12 Labours of Hercules XI: Painted Adventure &#8211; Collector&#8217;s Edition"}]},{"@type":"WebSite","@id":"https:\/\/www.iplay.com\/en\/#website","url":"https:\/\/www.iplay.com\/en\/","name":"IPlay","description":"The Best Casual Games!","publisher":{"@id":"https:\/\/www.iplay.com\/en\/#organization"},"potentialAction":[{"@type":"SearchAction","target":{"@type":"EntryPoint","urlTemplate":"https:\/\/www.iplay.com\/en\/?s={search_term_string}"},"query-input":{"@type":"PropertyValueSpecification","valueRequired":true,"valueName":"search_term_string"}}],"inLanguage":"de-DE"},{"@type":"Organization","@id":"https:\/\/www.iplay.com\/en\/#organization","name":"IPlay","url":"https:\/\/www.iplay.com\/en\/","logo":{"@type":"ImageObject","inLanguage":"de-DE","@id":"https:\/\/www.iplay.com\/en\/#\/schema\/logo\/image\/","url":"https:\/\/www.iplay.com\/wp-content\/uploads\/2023\/11\/Group-6100.svg","contentUrl":"https:\/\/www.iplay.com\/wp-content\/uploads\/2023\/11\/Group-6100.svg","width":98,"height":25,"caption":"IPlay"},"image":{"@id":"https:\/\/www.iplay.com\/en\/#\/schema\/logo\/image\/"}}]}},"_links":{"self":[{"href":"https:\/\/www.iplay.com\/de\/wp-json\/wp\/v2\/product\/135444","targetHints":{"allow":["GET"]}}],"collection":[{"href":"https:\/\/www.iplay.com\/de\/wp-json\/wp\/v2\/product"}],"about":[{"href":"https:\/\/www.iplay.com\/de\/wp-json\/wp\/v2\/types\/product"}],"author":[{"embeddable":true,"href":"https:\/\/www.iplay.com\/de\/wp-json\/wp\/v2\/users\/14"}],"replies":[{"embeddable":true,"href":"https:\/\/www.iplay.com\/de\/wp-json\/wp\/v2\/comments?post=135444"}],"wp:featuredmedia":[{"embeddable":true,"href":"https:\/\/www.iplay.com\/de\/wp-json\/wp\/v2\/media\/81859"}],"wp:attachment":[{"href":"https:\/\/www.iplay.com\/de\/wp-json\/wp\/v2\/media?parent=135444"}],"wp:term":[{"taxonomy":"product_brand","embeddable":true,"href":"https:\/\/www.iplay.com\/de\/wp-json\/wp\/v2\/product_brand?post=135444"},{"taxonomy":"product_cat","embeddable":true,"href":"https:\/\/www.iplay.com\/de\/wp-json\/wp\/v2\/product_cat?post=135444"},{"taxonomy":"product_tag","embeddable":true,"href":"https:\/\/www.iplay.com\/de\/wp-json\/wp\/v2\/product_tag?post=135444"}],"curies":[{"name":"wp","href":"https:\/\/api.w.org\/{rel}","templated":true}]}}