{"id":135426,"date":"2020-12-25T00:00:00","date_gmt":"2020-12-25T00:00:00","guid":{"rendered":"https:\/\/www.iplay.com\/games\/farm-frenzy-refreshed-collectors-edition\/"},"modified":"2020-12-25T00:00:00","modified_gmt":"2020-12-25T00:00:00","slug":"farm-frenzy-refreshed-collectors-edition","status":"publish","type":"product","link":"https:\/\/www.iplay.com\/de\/games\/farm-frenzy-refreshed-collectors-edition\/","title":{"rendered":"Farm Frenzy Refreshed Collector&#8217;s Edition"},"content":{"rendered":"<p>Ziehen Sie einen Overall an und geben Sie uns Ihr sch\u00f6nstes Jahr! Genie\u00dfen Sie die ganze Aufregung, die die Bewirtschaftung Ihres eigenen Bauernhofs mit sich bringt, ohne sich mit versch\u00fctteten Fl\u00fcssigkeiten oder \u00fcblen Ger\u00fcchen herumschlagen zu m\u00fcssen! Du verwandelst eine kleine Ranch in ein florierendes Agrarunternehmen, indem du alles tust, von der Aufzucht harter Tiere \u00fcber das Sammeln frischer Eier bis hin zum Backen von k\u00f6stlichem Geb\u00e4ck! Aber Sie m\u00fcssen auf Ihre sonnengek\u00fcssten Zehen achten. B\u00e4ren auf der Suche nach Nahrung und andere Kreaturen werden versuchen, deine Bem\u00fchungen zu vereiteln, w\u00e4hrend du dich beeilst, die Ziele jedes Levels zu erreichen. Du hast alle Waffen, die du brauchst, um jeden dieser b\u00f6sartigen Bestien zu besiegen, also mach dir keine Sorgen. Sind Sie bereit, anzufangen? Dann hau noch einmal auf uns! Farm Frenzy ist ein hektischer und fesselnder Spa\u00df von der Morgend\u00e4mmerung bis zur Abendd\u00e4mmerung!        <\/p>\n<p>&nbsp;<\/p>\n<p>&nbsp;<\/p>\n<p><strong>Funktionen:<\/strong><\/p>\n<p>&nbsp;<\/p>\n<ul>\n<li>Meistere 90 brandneue Level<\/li>\n<li>Beginnen Sie mit dem interaktiven Tutorial<\/li>\n<\/ul>\n<p>&nbsp;<\/p>\n<p>&nbsp;<\/p>\n<p><strong>Funktionen der Collector&#8217;s Edition:<\/strong><\/p>\n<p>&nbsp;<\/p>\n<ul>\n<li>Bonuskapitel mit 20 Levels<\/li>\n<li>Baue eine florierende Farm von Grund auf auf<\/li>\n<li>Erreiche Erfolge f\u00fcr geschicktes Spiel<\/li>\n<li>Detaillierter Level-Guide<\/li>\n<li>Soundtrack zum Herunterladen<\/li>\n<li>Lebendige Desktop-Hintergr\u00fcnde<\/li>\n<li>Handy dandy Farm Frenzy Wiki<\/li>\n<\/ul>\n","protected":false},"excerpt":{"rendered":"<p>In der Farm Frenzy Refreshed Collectors Edition verwandelst du ein kleines Geh\u00f6ft in ein florierendes landwirtschaftliches Unternehmen.<\/p>\n","protected":false},"author":8,"featured_media":107411,"comment_status":"open","ping_status":"closed","template":"","meta":{"_acf_changed":false,"inline_featured_image":false},"product_brand":[],"product_cat":[217],"product_tag":[289],"class_list":{"0":"post-135426","1":"product","2":"type-product","3":"status-publish","4":"has-post-thumbnail","6":"product_cat-time-management-de","7":"product_tag-play-on-pc-de","9":"first","10":"instock","11":"shipping-taxable","12":"purchasable","13":"product-type-simple"},"acf":[],"yoast_head":"<!-- This site is optimized with the Yoast SEO Premium plugin v25.2 (Yoast SEO v25.2) - https:\/\/yoast.com\/wordpress\/plugins\/seo\/ -->\n<title>Farm Frenzy Refreshed Collector&#039;s Edition - Verwandle ein bescheidenes Geh\u00f6ft in ein boomendes Agrarunternehmen<\/title>\n<meta name=\"description\" content=\"In der Farm Frenzy Refreshed Collectors Edition verwandelst du ein kleines Geh\u00f6ft in ein florierendes landwirtschaftliches Unternehmen.\" \/>\n<meta name=\"robots\" content=\"index, follow, max-snippet:-1, max-image-preview:large, max-video-preview:-1\" \/>\n<link rel=\"canonical\" href=\"https:\/\/www.iplay.com\/de\/games\/farm-frenzy-refreshed-collectors-edition\/\" \/>\n<meta property=\"og:locale\" content=\"de_DE\" \/>\n<meta property=\"og:type\" content=\"article\" \/>\n<meta property=\"og:title\" content=\"Farm Frenzy Refreshed Collector&#039;s Edition\" \/>\n<meta property=\"og:description\" content=\"In der Farm Frenzy Refreshed Collectors Edition verwandelst du ein kleines Geh\u00f6ft in ein florierendes landwirtschaftliches Unternehmen.\" \/>\n<meta property=\"og:url\" content=\"https:\/\/www.iplay.com\/de\/games\/farm-frenzy-refreshed-collectors-edition\/\" \/>\n<meta property=\"og:site_name\" content=\"IPlay\" \/>\n<meta property=\"og:image\" content=\"https:\/\/www.iplay.com\/wp-content\/uploads\/2023\/12\/large_square_tile_image-4234.jpg\" \/>\n\t<meta property=\"og:image:width\" content=\"310\" \/>\n\t<meta property=\"og:image:height\" content=\"310\" \/>\n\t<meta property=\"og:image:type\" content=\"image\/jpeg\" \/>\n<meta name=\"twitter:card\" content=\"summary_large_image\" \/>\n<meta name=\"twitter:label1\" content=\"Gesch\u00e4tzte Lesezeit\" \/>\n\t<meta name=\"twitter:data1\" content=\"1 Minute\" \/>\n<script type=\"application\/ld+json\" class=\"yoast-schema-graph\">{\"@context\":\"https:\/\/schema.org\",\"@graph\":[{\"@type\":\"WebPage\",\"@id\":\"https:\/\/www.iplay.com\/de\/games\/farm-frenzy-refreshed-collectors-edition\/\",\"url\":\"https:\/\/www.iplay.com\/de\/games\/farm-frenzy-refreshed-collectors-edition\/\",\"name\":\"Farm Frenzy Refreshed Collector's Edition - Verwandle ein bescheidenes Geh\u00f6ft in ein boomendes Agrarunternehmen\",\"isPartOf\":{\"@id\":\"https:\/\/www.iplay.com\/en\/#website\"},\"primaryImageOfPage\":{\"@id\":\"https:\/\/www.iplay.com\/de\/games\/farm-frenzy-refreshed-collectors-edition\/#primaryimage\"},\"image\":{\"@id\":\"https:\/\/www.iplay.com\/de\/games\/farm-frenzy-refreshed-collectors-edition\/#primaryimage\"},\"thumbnailUrl\":\"https:\/\/www.iplay.com\/wp-content\/uploads\/2023\/12\/large_square_tile_image-4234.jpg\",\"datePublished\":\"2020-12-25T00:00:00+00:00\",\"description\":\"In der Farm Frenzy Refreshed Collectors Edition verwandelst du ein kleines Geh\u00f6ft in ein florierendes landwirtschaftliches Unternehmen.\",\"breadcrumb\":{\"@id\":\"https:\/\/www.iplay.com\/de\/games\/farm-frenzy-refreshed-collectors-edition\/#breadcrumb\"},\"inLanguage\":\"de-DE\",\"potentialAction\":[{\"@type\":\"ReadAction\",\"target\":[\"https:\/\/www.iplay.com\/de\/games\/farm-frenzy-refreshed-collectors-edition\/\"]}]},{\"@type\":\"ImageObject\",\"inLanguage\":\"de-DE\",\"@id\":\"https:\/\/www.iplay.com\/de\/games\/farm-frenzy-refreshed-collectors-edition\/#primaryimage\",\"url\":\"https:\/\/www.iplay.com\/wp-content\/uploads\/2023\/12\/large_square_tile_image-4234.jpg\",\"contentUrl\":\"https:\/\/www.iplay.com\/wp-content\/uploads\/2023\/12\/large_square_tile_image-4234.jpg\",\"width\":310,\"height\":310},{\"@type\":\"BreadcrumbList\",\"@id\":\"https:\/\/www.iplay.com\/de\/games\/farm-frenzy-refreshed-collectors-edition\/#breadcrumb\",\"itemListElement\":[{\"@type\":\"ListItem\",\"position\":1,\"name\":\"Home\",\"item\":\"https:\/\/www.iplay.com\/de\/home-page-2\/\"},{\"@type\":\"ListItem\",\"position\":2,\"name\":\"Shop\",\"item\":\"https:\/\/www.iplay.com\/en\/shop\/\"},{\"@type\":\"ListItem\",\"position\":3,\"name\":\"Farm Frenzy Refreshed Collector&#8217;s Edition\"}]},{\"@type\":\"WebSite\",\"@id\":\"https:\/\/www.iplay.com\/en\/#website\",\"url\":\"https:\/\/www.iplay.com\/en\/\",\"name\":\"IPlay\",\"description\":\"The Best Casual Games!\",\"publisher\":{\"@id\":\"https:\/\/www.iplay.com\/en\/#organization\"},\"potentialAction\":[{\"@type\":\"SearchAction\",\"target\":{\"@type\":\"EntryPoint\",\"urlTemplate\":\"https:\/\/www.iplay.com\/en\/?s={search_term_string}\"},\"query-input\":{\"@type\":\"PropertyValueSpecification\",\"valueRequired\":true,\"valueName\":\"search_term_string\"}}],\"inLanguage\":\"de-DE\"},{\"@type\":\"Organization\",\"@id\":\"https:\/\/www.iplay.com\/en\/#organization\",\"name\":\"IPlay\",\"url\":\"https:\/\/www.iplay.com\/en\/\",\"logo\":{\"@type\":\"ImageObject\",\"inLanguage\":\"de-DE\",\"@id\":\"https:\/\/www.iplay.com\/en\/#\/schema\/logo\/image\/\",\"url\":\"https:\/\/www.iplay.com\/wp-content\/uploads\/2023\/11\/Group-6100.svg\",\"contentUrl\":\"https:\/\/www.iplay.com\/wp-content\/uploads\/2023\/11\/Group-6100.svg\",\"width\":98,\"height\":25,\"caption\":\"IPlay\"},\"image\":{\"@id\":\"https:\/\/www.iplay.com\/en\/#\/schema\/logo\/image\/\"}}]}<\/script>\n<!-- \/ Yoast SEO Premium plugin. -->","yoast_head_json":{"title":"Farm Frenzy Refreshed Collector's Edition - Verwandle ein bescheidenes Geh\u00f6ft in ein boomendes Agrarunternehmen","description":"In der Farm Frenzy Refreshed Collectors Edition verwandelst du ein kleines Geh\u00f6ft in ein florierendes landwirtschaftliches Unternehmen.","robots":{"index":"index","follow":"follow","max-snippet":"max-snippet:-1","max-image-preview":"max-image-preview:large","max-video-preview":"max-video-preview:-1"},"canonical":"https:\/\/www.iplay.com\/de\/games\/farm-frenzy-refreshed-collectors-edition\/","og_locale":"de_DE","og_type":"article","og_title":"Farm Frenzy Refreshed Collector's Edition","og_description":"In der Farm Frenzy Refreshed Collectors Edition verwandelst du ein kleines Geh\u00f6ft in ein florierendes landwirtschaftliches Unternehmen.","og_url":"https:\/\/www.iplay.com\/de\/games\/farm-frenzy-refreshed-collectors-edition\/","og_site_name":"IPlay","og_image":[{"width":310,"height":310,"url":"https:\/\/www.iplay.com\/wp-content\/uploads\/2023\/12\/large_square_tile_image-4234.jpg","type":"image\/jpeg"}],"twitter_card":"summary_large_image","twitter_misc":{"Gesch\u00e4tzte Lesezeit":"1 Minute"},"schema":{"@context":"https:\/\/schema.org","@graph":[{"@type":"WebPage","@id":"https:\/\/www.iplay.com\/de\/games\/farm-frenzy-refreshed-collectors-edition\/","url":"https:\/\/www.iplay.com\/de\/games\/farm-frenzy-refreshed-collectors-edition\/","name":"Farm Frenzy Refreshed Collector's Edition - Verwandle ein bescheidenes Geh\u00f6ft in ein boomendes Agrarunternehmen","isPartOf":{"@id":"https:\/\/www.iplay.com\/en\/#website"},"primaryImageOfPage":{"@id":"https:\/\/www.iplay.com\/de\/games\/farm-frenzy-refreshed-collectors-edition\/#primaryimage"},"image":{"@id":"https:\/\/www.iplay.com\/de\/games\/farm-frenzy-refreshed-collectors-edition\/#primaryimage"},"thumbnailUrl":"https:\/\/www.iplay.com\/wp-content\/uploads\/2023\/12\/large_square_tile_image-4234.jpg","datePublished":"2020-12-25T00:00:00+00:00","description":"In der Farm Frenzy Refreshed Collectors Edition verwandelst du ein kleines Geh\u00f6ft in ein florierendes landwirtschaftliches Unternehmen.","breadcrumb":{"@id":"https:\/\/www.iplay.com\/de\/games\/farm-frenzy-refreshed-collectors-edition\/#breadcrumb"},"inLanguage":"de-DE","potentialAction":[{"@type":"ReadAction","target":["https:\/\/www.iplay.com\/de\/games\/farm-frenzy-refreshed-collectors-edition\/"]}]},{"@type":"ImageObject","inLanguage":"de-DE","@id":"https:\/\/www.iplay.com\/de\/games\/farm-frenzy-refreshed-collectors-edition\/#primaryimage","url":"https:\/\/www.iplay.com\/wp-content\/uploads\/2023\/12\/large_square_tile_image-4234.jpg","contentUrl":"https:\/\/www.iplay.com\/wp-content\/uploads\/2023\/12\/large_square_tile_image-4234.jpg","width":310,"height":310},{"@type":"BreadcrumbList","@id":"https:\/\/www.iplay.com\/de\/games\/farm-frenzy-refreshed-collectors-edition\/#breadcrumb","itemListElement":[{"@type":"ListItem","position":1,"name":"Home","item":"https:\/\/www.iplay.com\/de\/home-page-2\/"},{"@type":"ListItem","position":2,"name":"Shop","item":"https:\/\/www.iplay.com\/en\/shop\/"},{"@type":"ListItem","position":3,"name":"Farm Frenzy Refreshed Collector&#8217;s Edition"}]},{"@type":"WebSite","@id":"https:\/\/www.iplay.com\/en\/#website","url":"https:\/\/www.iplay.com\/en\/","name":"IPlay","description":"The Best Casual Games!","publisher":{"@id":"https:\/\/www.iplay.com\/en\/#organization"},"potentialAction":[{"@type":"SearchAction","target":{"@type":"EntryPoint","urlTemplate":"https:\/\/www.iplay.com\/en\/?s={search_term_string}"},"query-input":{"@type":"PropertyValueSpecification","valueRequired":true,"valueName":"search_term_string"}}],"inLanguage":"de-DE"},{"@type":"Organization","@id":"https:\/\/www.iplay.com\/en\/#organization","name":"IPlay","url":"https:\/\/www.iplay.com\/en\/","logo":{"@type":"ImageObject","inLanguage":"de-DE","@id":"https:\/\/www.iplay.com\/en\/#\/schema\/logo\/image\/","url":"https:\/\/www.iplay.com\/wp-content\/uploads\/2023\/11\/Group-6100.svg","contentUrl":"https:\/\/www.iplay.com\/wp-content\/uploads\/2023\/11\/Group-6100.svg","width":98,"height":25,"caption":"IPlay"},"image":{"@id":"https:\/\/www.iplay.com\/en\/#\/schema\/logo\/image\/"}}]}},"_links":{"self":[{"href":"https:\/\/www.iplay.com\/de\/wp-json\/wp\/v2\/product\/135426","targetHints":{"allow":["GET"]}}],"collection":[{"href":"https:\/\/www.iplay.com\/de\/wp-json\/wp\/v2\/product"}],"about":[{"href":"https:\/\/www.iplay.com\/de\/wp-json\/wp\/v2\/types\/product"}],"author":[{"embeddable":true,"href":"https:\/\/www.iplay.com\/de\/wp-json\/wp\/v2\/users\/8"}],"replies":[{"embeddable":true,"href":"https:\/\/www.iplay.com\/de\/wp-json\/wp\/v2\/comments?post=135426"}],"wp:featuredmedia":[{"embeddable":true,"href":"https:\/\/www.iplay.com\/de\/wp-json\/wp\/v2\/media\/107411"}],"wp:attachment":[{"href":"https:\/\/www.iplay.com\/de\/wp-json\/wp\/v2\/media?parent=135426"}],"wp:term":[{"taxonomy":"product_brand","embeddable":true,"href":"https:\/\/www.iplay.com\/de\/wp-json\/wp\/v2\/product_brand?post=135426"},{"taxonomy":"product_cat","embeddable":true,"href":"https:\/\/www.iplay.com\/de\/wp-json\/wp\/v2\/product_cat?post=135426"},{"taxonomy":"product_tag","embeddable":true,"href":"https:\/\/www.iplay.com\/de\/wp-json\/wp\/v2\/product_tag?post=135426"}],"curies":[{"name":"wp","href":"https:\/\/api.w.org\/{rel}","templated":true}]}}