{"id":135270,"date":"2019-12-10T00:00:00","date_gmt":"2019-12-10T00:00:00","guid":{"rendered":"https:\/\/www.iplay.com\/games\/shadowplay-harrowstead-mystery-collectors-edition\/"},"modified":"2019-12-10T00:00:00","modified_gmt":"2019-12-10T00:00:00","slug":"shadowplay-harrowstead-mystery-collectors-edition","status":"publish","type":"product","link":"https:\/\/www.iplay.com\/de\/games\/shadowplay-harrowstead-mystery-collectors-edition\/","title":{"rendered":"Shadowplay: Harrowstead Mystery Collector&#8217;s Edition"},"content":{"rendered":"<p>Genie\u00dfe eine weitere fesselnde Geschichte aus der actiongeladenen Shadowplay-Reihe! Nach Jahren der Untersuchung des Geheimnisses um Harrowstead sind dir und deinen Gef\u00e4hrten die Spuren ausgegangen. Bis eine b\u00f6sartige Kreatur deinen Kumpel entf\u00fchrt und du gerade noch rechtzeitig eintreffst, um von seiner Gefangenschaft zu erfahren! Wird die Welt in Dunkelheit untergehen oder wirst du in der Lage sein, dein Team zu retten? Spiele dieses erstaunliche Wimmelbild-Abenteuerspiel, um dieses b\u00f6se Wesen zu besiegen, indem du au\u00dferirdische Kr\u00e4fte einsetzt und komplexe R\u00e4tsel l\u00f6st!    <\/p>\n<p>&nbsp;<\/p>\n<p>&nbsp;<\/p>\n<p><strong>Funktionen:<\/strong><\/p>\n<p>&nbsp;<\/p>\n<p>&#8211; Zerst\u00f6re im Bonusspiel die letzten \u00dcberreste des Schattenreichs!<br \/>\n&#8211; Gehe zur\u00fcck und spiele deine besten HOPs, um Erfolge zu erhalten!<\/p>\n<p>&#8211; Es gibt zahlreiche Schmuckst\u00fccke und Verwandlungen zu entdecken!<\/p>\n<p>&#8211; Genie\u00dfe einzigartige Musik, Konzeptkunst und Hintergrundbilder!<br \/>\n&#8211; Nutze den Strategieleitfaden, um dich nie zu verlaufen!<\/p>\n","protected":false},"excerpt":{"rendered":"<p>In der Harrowstead Mystery Collector&#8217;s Edition von Shadowplay kehrt die Dunkelheit im Tausch gegen Licht zur\u00fcck.<\/p>\n","protected":false},"author":17,"featured_media":84050,"comment_status":"open","ping_status":"closed","template":"","meta":{"_acf_changed":false,"inline_featured_image":false},"product_brand":[],"product_cat":[164],"product_tag":[289],"class_list":{"0":"post-135270","1":"product","2":"type-product","3":"status-publish","4":"has-post-thumbnail","6":"product_cat-hidden-object-de","7":"product_tag-play-on-pc-de","9":"first","10":"instock","11":"shipping-taxable","12":"purchasable","13":"product-type-simple"},"acf":[],"yoast_head":"<!-- This site is optimized with the Yoast SEO Premium plugin v25.2 (Yoast SEO v25.2) - https:\/\/yoast.com\/wordpress\/plugins\/seo\/ -->\n<title>Shadowplay: Harrowstead Mystery Collector&#039;s Edition - Die Dunkelheit kehrt zur\u00fcck in Shadowplay: Harrowstead Mystery<\/title>\n<meta name=\"description\" content=\"In der Harrowstead Mystery Collector&#039;s Edition von Shadowplay kehrt die Dunkelheit im Tausch gegen Licht zur\u00fcck.\" \/>\n<meta name=\"robots\" content=\"index, follow, max-snippet:-1, max-image-preview:large, max-video-preview:-1\" \/>\n<link rel=\"canonical\" href=\"https:\/\/www.iplay.com\/de\/games\/shadowplay-harrowstead-mystery-collectors-edition\/\" \/>\n<meta property=\"og:locale\" content=\"de_DE\" \/>\n<meta property=\"og:type\" content=\"article\" \/>\n<meta property=\"og:title\" content=\"Shadowplay: Harrowstead Mystery Collector&#039;s Edition\" \/>\n<meta property=\"og:description\" content=\"In der Harrowstead Mystery Collector&#039;s Edition von Shadowplay kehrt die Dunkelheit im Tausch gegen Licht zur\u00fcck.\" \/>\n<meta property=\"og:url\" content=\"https:\/\/www.iplay.com\/de\/games\/shadowplay-harrowstead-mystery-collectors-edition\/\" \/>\n<meta property=\"og:site_name\" content=\"IPlay\" \/>\n<meta property=\"og:image\" content=\"https:\/\/www.iplay.com\/wp-content\/uploads\/2023\/12\/large_square_tile_image-2762.jpg\" \/>\n\t<meta property=\"og:image:width\" content=\"310\" \/>\n\t<meta property=\"og:image:height\" content=\"310\" \/>\n\t<meta property=\"og:image:type\" content=\"image\/jpeg\" \/>\n<meta name=\"twitter:card\" content=\"summary_large_image\" \/>\n<meta name=\"twitter:label1\" content=\"Gesch\u00e4tzte Lesezeit\" \/>\n\t<meta name=\"twitter:data1\" content=\"1 Minute\" \/>\n<script type=\"application\/ld+json\" class=\"yoast-schema-graph\">{\"@context\":\"https:\/\/schema.org\",\"@graph\":[{\"@type\":\"WebPage\",\"@id\":\"https:\/\/www.iplay.com\/de\/games\/shadowplay-harrowstead-mystery-collectors-edition\/\",\"url\":\"https:\/\/www.iplay.com\/de\/games\/shadowplay-harrowstead-mystery-collectors-edition\/\",\"name\":\"Shadowplay: Harrowstead Mystery Collector's Edition - Die Dunkelheit kehrt zur\u00fcck in Shadowplay: Harrowstead Mystery\",\"isPartOf\":{\"@id\":\"https:\/\/www.iplay.com\/en\/#website\"},\"primaryImageOfPage\":{\"@id\":\"https:\/\/www.iplay.com\/de\/games\/shadowplay-harrowstead-mystery-collectors-edition\/#primaryimage\"},\"image\":{\"@id\":\"https:\/\/www.iplay.com\/de\/games\/shadowplay-harrowstead-mystery-collectors-edition\/#primaryimage\"},\"thumbnailUrl\":\"https:\/\/www.iplay.com\/wp-content\/uploads\/2023\/12\/large_square_tile_image-2762.jpg\",\"datePublished\":\"2019-12-10T00:00:00+00:00\",\"description\":\"In der Harrowstead Mystery Collector's Edition von Shadowplay kehrt die Dunkelheit im Tausch gegen Licht zur\u00fcck.\",\"breadcrumb\":{\"@id\":\"https:\/\/www.iplay.com\/de\/games\/shadowplay-harrowstead-mystery-collectors-edition\/#breadcrumb\"},\"inLanguage\":\"de-DE\",\"potentialAction\":[{\"@type\":\"ReadAction\",\"target\":[\"https:\/\/www.iplay.com\/de\/games\/shadowplay-harrowstead-mystery-collectors-edition\/\"]}]},{\"@type\":\"ImageObject\",\"inLanguage\":\"de-DE\",\"@id\":\"https:\/\/www.iplay.com\/de\/games\/shadowplay-harrowstead-mystery-collectors-edition\/#primaryimage\",\"url\":\"https:\/\/www.iplay.com\/wp-content\/uploads\/2023\/12\/large_square_tile_image-2762.jpg\",\"contentUrl\":\"https:\/\/www.iplay.com\/wp-content\/uploads\/2023\/12\/large_square_tile_image-2762.jpg\",\"width\":310,\"height\":310},{\"@type\":\"BreadcrumbList\",\"@id\":\"https:\/\/www.iplay.com\/de\/games\/shadowplay-harrowstead-mystery-collectors-edition\/#breadcrumb\",\"itemListElement\":[{\"@type\":\"ListItem\",\"position\":1,\"name\":\"Home\",\"item\":\"https:\/\/www.iplay.com\/de\/home-page-2\/\"},{\"@type\":\"ListItem\",\"position\":2,\"name\":\"Shop\",\"item\":\"https:\/\/www.iplay.com\/en\/shop\/\"},{\"@type\":\"ListItem\",\"position\":3,\"name\":\"Shadowplay: Harrowstead Mystery Collector&#8217;s Edition\"}]},{\"@type\":\"WebSite\",\"@id\":\"https:\/\/www.iplay.com\/en\/#website\",\"url\":\"https:\/\/www.iplay.com\/en\/\",\"name\":\"IPlay\",\"description\":\"The Best Casual Games!\",\"publisher\":{\"@id\":\"https:\/\/www.iplay.com\/en\/#organization\"},\"potentialAction\":[{\"@type\":\"SearchAction\",\"target\":{\"@type\":\"EntryPoint\",\"urlTemplate\":\"https:\/\/www.iplay.com\/en\/?s={search_term_string}\"},\"query-input\":{\"@type\":\"PropertyValueSpecification\",\"valueRequired\":true,\"valueName\":\"search_term_string\"}}],\"inLanguage\":\"de-DE\"},{\"@type\":\"Organization\",\"@id\":\"https:\/\/www.iplay.com\/en\/#organization\",\"name\":\"IPlay\",\"url\":\"https:\/\/www.iplay.com\/en\/\",\"logo\":{\"@type\":\"ImageObject\",\"inLanguage\":\"de-DE\",\"@id\":\"https:\/\/www.iplay.com\/en\/#\/schema\/logo\/image\/\",\"url\":\"https:\/\/www.iplay.com\/wp-content\/uploads\/2023\/11\/Group-6100.svg\",\"contentUrl\":\"https:\/\/www.iplay.com\/wp-content\/uploads\/2023\/11\/Group-6100.svg\",\"width\":98,\"height\":25,\"caption\":\"IPlay\"},\"image\":{\"@id\":\"https:\/\/www.iplay.com\/en\/#\/schema\/logo\/image\/\"}}]}<\/script>\n<!-- \/ Yoast SEO Premium plugin. -->","yoast_head_json":{"title":"Shadowplay: Harrowstead Mystery Collector's Edition - Die Dunkelheit kehrt zur\u00fcck in Shadowplay: Harrowstead Mystery","description":"In der Harrowstead Mystery Collector's Edition von Shadowplay kehrt die Dunkelheit im Tausch gegen Licht zur\u00fcck.","robots":{"index":"index","follow":"follow","max-snippet":"max-snippet:-1","max-image-preview":"max-image-preview:large","max-video-preview":"max-video-preview:-1"},"canonical":"https:\/\/www.iplay.com\/de\/games\/shadowplay-harrowstead-mystery-collectors-edition\/","og_locale":"de_DE","og_type":"article","og_title":"Shadowplay: Harrowstead Mystery Collector's Edition","og_description":"In der Harrowstead Mystery Collector's Edition von Shadowplay kehrt die Dunkelheit im Tausch gegen Licht zur\u00fcck.","og_url":"https:\/\/www.iplay.com\/de\/games\/shadowplay-harrowstead-mystery-collectors-edition\/","og_site_name":"IPlay","og_image":[{"width":310,"height":310,"url":"https:\/\/www.iplay.com\/wp-content\/uploads\/2023\/12\/large_square_tile_image-2762.jpg","type":"image\/jpeg"}],"twitter_card":"summary_large_image","twitter_misc":{"Gesch\u00e4tzte Lesezeit":"1 Minute"},"schema":{"@context":"https:\/\/schema.org","@graph":[{"@type":"WebPage","@id":"https:\/\/www.iplay.com\/de\/games\/shadowplay-harrowstead-mystery-collectors-edition\/","url":"https:\/\/www.iplay.com\/de\/games\/shadowplay-harrowstead-mystery-collectors-edition\/","name":"Shadowplay: Harrowstead Mystery Collector's Edition - Die Dunkelheit kehrt zur\u00fcck in Shadowplay: Harrowstead Mystery","isPartOf":{"@id":"https:\/\/www.iplay.com\/en\/#website"},"primaryImageOfPage":{"@id":"https:\/\/www.iplay.com\/de\/games\/shadowplay-harrowstead-mystery-collectors-edition\/#primaryimage"},"image":{"@id":"https:\/\/www.iplay.com\/de\/games\/shadowplay-harrowstead-mystery-collectors-edition\/#primaryimage"},"thumbnailUrl":"https:\/\/www.iplay.com\/wp-content\/uploads\/2023\/12\/large_square_tile_image-2762.jpg","datePublished":"2019-12-10T00:00:00+00:00","description":"In der Harrowstead Mystery Collector's Edition von Shadowplay kehrt die Dunkelheit im Tausch gegen Licht zur\u00fcck.","breadcrumb":{"@id":"https:\/\/www.iplay.com\/de\/games\/shadowplay-harrowstead-mystery-collectors-edition\/#breadcrumb"},"inLanguage":"de-DE","potentialAction":[{"@type":"ReadAction","target":["https:\/\/www.iplay.com\/de\/games\/shadowplay-harrowstead-mystery-collectors-edition\/"]}]},{"@type":"ImageObject","inLanguage":"de-DE","@id":"https:\/\/www.iplay.com\/de\/games\/shadowplay-harrowstead-mystery-collectors-edition\/#primaryimage","url":"https:\/\/www.iplay.com\/wp-content\/uploads\/2023\/12\/large_square_tile_image-2762.jpg","contentUrl":"https:\/\/www.iplay.com\/wp-content\/uploads\/2023\/12\/large_square_tile_image-2762.jpg","width":310,"height":310},{"@type":"BreadcrumbList","@id":"https:\/\/www.iplay.com\/de\/games\/shadowplay-harrowstead-mystery-collectors-edition\/#breadcrumb","itemListElement":[{"@type":"ListItem","position":1,"name":"Home","item":"https:\/\/www.iplay.com\/de\/home-page-2\/"},{"@type":"ListItem","position":2,"name":"Shop","item":"https:\/\/www.iplay.com\/en\/shop\/"},{"@type":"ListItem","position":3,"name":"Shadowplay: Harrowstead Mystery Collector&#8217;s Edition"}]},{"@type":"WebSite","@id":"https:\/\/www.iplay.com\/en\/#website","url":"https:\/\/www.iplay.com\/en\/","name":"IPlay","description":"The Best Casual Games!","publisher":{"@id":"https:\/\/www.iplay.com\/en\/#organization"},"potentialAction":[{"@type":"SearchAction","target":{"@type":"EntryPoint","urlTemplate":"https:\/\/www.iplay.com\/en\/?s={search_term_string}"},"query-input":{"@type":"PropertyValueSpecification","valueRequired":true,"valueName":"search_term_string"}}],"inLanguage":"de-DE"},{"@type":"Organization","@id":"https:\/\/www.iplay.com\/en\/#organization","name":"IPlay","url":"https:\/\/www.iplay.com\/en\/","logo":{"@type":"ImageObject","inLanguage":"de-DE","@id":"https:\/\/www.iplay.com\/en\/#\/schema\/logo\/image\/","url":"https:\/\/www.iplay.com\/wp-content\/uploads\/2023\/11\/Group-6100.svg","contentUrl":"https:\/\/www.iplay.com\/wp-content\/uploads\/2023\/11\/Group-6100.svg","width":98,"height":25,"caption":"IPlay"},"image":{"@id":"https:\/\/www.iplay.com\/en\/#\/schema\/logo\/image\/"}}]}},"_links":{"self":[{"href":"https:\/\/www.iplay.com\/de\/wp-json\/wp\/v2\/product\/135270","targetHints":{"allow":["GET"]}}],"collection":[{"href":"https:\/\/www.iplay.com\/de\/wp-json\/wp\/v2\/product"}],"about":[{"href":"https:\/\/www.iplay.com\/de\/wp-json\/wp\/v2\/types\/product"}],"author":[{"embeddable":true,"href":"https:\/\/www.iplay.com\/de\/wp-json\/wp\/v2\/users\/17"}],"replies":[{"embeddable":true,"href":"https:\/\/www.iplay.com\/de\/wp-json\/wp\/v2\/comments?post=135270"}],"wp:featuredmedia":[{"embeddable":true,"href":"https:\/\/www.iplay.com\/de\/wp-json\/wp\/v2\/media\/84050"}],"wp:attachment":[{"href":"https:\/\/www.iplay.com\/de\/wp-json\/wp\/v2\/media?parent=135270"}],"wp:term":[{"taxonomy":"product_brand","embeddable":true,"href":"https:\/\/www.iplay.com\/de\/wp-json\/wp\/v2\/product_brand?post=135270"},{"taxonomy":"product_cat","embeddable":true,"href":"https:\/\/www.iplay.com\/de\/wp-json\/wp\/v2\/product_cat?post=135270"},{"taxonomy":"product_tag","embeddable":true,"href":"https:\/\/www.iplay.com\/de\/wp-json\/wp\/v2\/product_tag?post=135270"}],"curies":[{"name":"wp","href":"https:\/\/api.w.org\/{rel}","templated":true}]}}