{"id":135269,"date":"2019-12-16T00:00:00","date_gmt":"2019-12-16T00:00:00","guid":{"rendered":"https:\/\/www.iplay.com\/games\/best-of-hidden-object-value-pack-vol-13\/"},"modified":"2019-12-16T00:00:00","modified_gmt":"2019-12-16T00:00:00","slug":"best-of-hidden-object-value-pack-vol-13","status":"publish","type":"product","link":"https:\/\/www.iplay.com\/de\/games\/best-of-hidden-object-value-pack-vol-13\/","title":{"rendered":"Best of Hidden Object Value Pack Vol. 13"},"content":{"rendered":"<p>Eine weitere fantastische Sammlung von vier beliebten Titeln! Das bekommen Sie&#8230; <\/p>\n<p>&nbsp;<\/p>\n<p><strong>Mary Knots: Hochzeit<\/strong><br \/>\n im GartenDer uralte Kalender, der den Planeten am Laufen hielt, ist zerbrochen. Begeben Sie sich auf eine aufregende Expedition durch acht Nationen auf der Suche nach m\u00e4chtigen Relikten. In Call of Ages musst du 90 einzigartige Match-3-Levels abschlie\u00dfen, w\u00e4hrend du Zeuge bedeutender Ereignisse in der Weltgeschichte wirst und die Welt rettest.  <\/p>\n<p>&nbsp;<\/p>\n<p><strong>Home Designer &#8211; Wohnzimmer<\/strong><br \/>\nHome Designer &#8211; Wohnzimmer. Sind Sie bereit f\u00fcr etwas Wimmelbild + Heimwerkerspa\u00df? Hazel hilft ihrer Tante bei der Renovierung ihres Hauses. Verkaufen Sie Gegenst\u00e4nde aus anderen R\u00e4umen im Haus und gestalten Sie das Wohnzimmer komplett um! Es stehen zahlreiche Wimmelbildmodi zur Verf\u00fcgung, darunter Bild, Wort, Silhouette, Nachtmodus, Spiegelmodus, Anagramm, Mystery Word, Spot the Difference, Speichermodus, Flash-Sale-Modus und mehr. Genie\u00dfe auch tolle neue Minispiele! Match-3, Card Memory, Jigsaw Puzzles, Mahjong, Sliding Puzzle und andere Spiele sind verf\u00fcgbar. Sie k\u00f6nnen Ihr Design in Ihr eigenes Zuhause transportieren, weil der Raum und die M\u00f6bel so echt sind. Verwirklichen Sie Ihr Traum-Wohnzimmer!        <\/p>\n<p>&nbsp;<\/p>\n<p><strong>Home Designer 2 &#8211; Trautes Zuhause<\/strong><br \/>\nHilf Hazel bei der Dekoration eines atemberaubenden Wohn-, Schlaf-, Arbeits- und Esszimmers f\u00fcr ihren Kunden mit echten M\u00f6beln! Verdiene Geld, indem du unerw\u00fcnschte Dinge verkaufst und zahlreiche Minispiele abschlie\u00dft (oder ganz \u00fcberspringst!). Orientieren Sie sich am realistischen Design des Spiels und dekorieren Sie Ihr eigenes Zuhause! Mit \u00fcber 25 Spieltypen zur Auswahl und \u00fcber 400 Einrichtungsm\u00f6glichkeiten hast du die Qual der Wahl!   <\/p>\n<p>&nbsp;<\/p>\n<p>Die Urspr\u00fcnge<br \/>\n <strong>von Rory&#8217;s Restaurant<\/strong>Hilf unserem sch\u00f6nen Rory dabei, die Kochschule abzuschlie\u00dfen! Entdecken Sie Kochzutaten f\u00fcr \u00fcber 30 k\u00f6stliche Rezepte aus der ganzen Welt. Erf\u00fclle Rorys Traum, ihr eigenes Caf\u00e9 zu gr\u00fcnden, indem du Dinge kaufst, um es zu dekorieren. Lass uns mit dieser gro\u00dfartigen Mischung aus Wimmelbild, 3-Gewinnt, Finde den Unterschied und mehreren Koch-Minispielen kochen.<\/p>\n","protected":false},"excerpt":{"rendered":"<p>Best of Wimmelbild-Wertbox Band 13 &#8211; Genie\u00dfen Sie vier herausragende Spiele in einer Box!<\/p>\n","protected":false},"author":20,"featured_media":84018,"comment_status":"open","ping_status":"closed","template":"","meta":{"_acf_changed":false,"inline_featured_image":false},"product_brand":[],"product_cat":[164,201],"product_tag":[289],"class_list":{"0":"post-135269","1":"product","2":"type-product","3":"status-publish","4":"has-post-thumbnail","6":"product_cat-hidden-object-de","7":"product_cat-removed-content-de","8":"product_tag-play-on-pc-de","10":"first","11":"instock","12":"shipping-taxable","13":"purchasable","14":"product-type-simple"},"acf":[],"yoast_head":"<!-- This site is optimized with the Yoast SEO Premium plugin v25.2 (Yoast SEO v25.2) - https:\/\/yoast.com\/wordpress\/plugins\/seo\/ -->\n<title>Best of Hidden Object Value Pack Vol. 13 - Entdecke die vier Top-Spiele im Best of Hidden Object Pack 13<\/title>\n<meta name=\"description\" content=\"Best of Wimmelbild-Wertbox Band 13 - Genie\u00dfen Sie vier herausragende Spiele in einer Box!\" \/>\n<meta name=\"robots\" content=\"index, follow, max-snippet:-1, max-image-preview:large, max-video-preview:-1\" \/>\n<link rel=\"canonical\" href=\"https:\/\/www.iplay.com\/de\/games\/best-of-hidden-object-value-pack-vol-13\/\" \/>\n<meta property=\"og:locale\" content=\"de_DE\" \/>\n<meta property=\"og:type\" content=\"article\" \/>\n<meta property=\"og:title\" content=\"Best of Hidden Object Value Pack Vol. 13\" \/>\n<meta property=\"og:description\" content=\"Best of Wimmelbild-Wertbox Band 13 - Genie\u00dfen Sie vier herausragende Spiele in einer Box!\" \/>\n<meta property=\"og:url\" content=\"https:\/\/www.iplay.com\/de\/games\/best-of-hidden-object-value-pack-vol-13\/\" \/>\n<meta property=\"og:site_name\" content=\"IPlay\" \/>\n<meta property=\"og:image\" content=\"https:\/\/www.iplay.com\/wp-content\/uploads\/2023\/12\/large_square_tile_image-2760.jpg\" \/>\n\t<meta property=\"og:image:width\" content=\"310\" \/>\n\t<meta property=\"og:image:height\" content=\"310\" \/>\n\t<meta property=\"og:image:type\" content=\"image\/jpeg\" \/>\n<meta name=\"twitter:card\" content=\"summary_large_image\" \/>\n<meta name=\"twitter:label1\" content=\"Gesch\u00e4tzte Lesezeit\" \/>\n\t<meta name=\"twitter:data1\" content=\"2 Minuten\" \/>\n<script type=\"application\/ld+json\" class=\"yoast-schema-graph\">{\"@context\":\"https:\/\/schema.org\",\"@graph\":[{\"@type\":\"WebPage\",\"@id\":\"https:\/\/www.iplay.com\/de\/games\/best-of-hidden-object-value-pack-vol-13\/\",\"url\":\"https:\/\/www.iplay.com\/de\/games\/best-of-hidden-object-value-pack-vol-13\/\",\"name\":\"Best of Hidden Object Value Pack Vol. 13 - Entdecke die vier Top-Spiele im Best of Hidden Object Pack 13\",\"isPartOf\":{\"@id\":\"https:\/\/www.iplay.com\/en\/#website\"},\"primaryImageOfPage\":{\"@id\":\"https:\/\/www.iplay.com\/de\/games\/best-of-hidden-object-value-pack-vol-13\/#primaryimage\"},\"image\":{\"@id\":\"https:\/\/www.iplay.com\/de\/games\/best-of-hidden-object-value-pack-vol-13\/#primaryimage\"},\"thumbnailUrl\":\"https:\/\/www.iplay.com\/wp-content\/uploads\/2023\/12\/large_square_tile_image-2760.jpg\",\"datePublished\":\"2019-12-16T00:00:00+00:00\",\"description\":\"Best of Wimmelbild-Wertbox Band 13 - Genie\u00dfen Sie vier herausragende Spiele in einer Box!\",\"breadcrumb\":{\"@id\":\"https:\/\/www.iplay.com\/de\/games\/best-of-hidden-object-value-pack-vol-13\/#breadcrumb\"},\"inLanguage\":\"de-DE\",\"potentialAction\":[{\"@type\":\"ReadAction\",\"target\":[\"https:\/\/www.iplay.com\/de\/games\/best-of-hidden-object-value-pack-vol-13\/\"]}]},{\"@type\":\"ImageObject\",\"inLanguage\":\"de-DE\",\"@id\":\"https:\/\/www.iplay.com\/de\/games\/best-of-hidden-object-value-pack-vol-13\/#primaryimage\",\"url\":\"https:\/\/www.iplay.com\/wp-content\/uploads\/2023\/12\/large_square_tile_image-2760.jpg\",\"contentUrl\":\"https:\/\/www.iplay.com\/wp-content\/uploads\/2023\/12\/large_square_tile_image-2760.jpg\",\"width\":310,\"height\":310},{\"@type\":\"BreadcrumbList\",\"@id\":\"https:\/\/www.iplay.com\/de\/games\/best-of-hidden-object-value-pack-vol-13\/#breadcrumb\",\"itemListElement\":[{\"@type\":\"ListItem\",\"position\":1,\"name\":\"Home\",\"item\":\"https:\/\/www.iplay.com\/de\/home-page-2\/\"},{\"@type\":\"ListItem\",\"position\":2,\"name\":\"Shop\",\"item\":\"https:\/\/www.iplay.com\/en\/shop\/\"},{\"@type\":\"ListItem\",\"position\":3,\"name\":\"Best of Hidden Object Value Pack Vol. 13\"}]},{\"@type\":\"WebSite\",\"@id\":\"https:\/\/www.iplay.com\/en\/#website\",\"url\":\"https:\/\/www.iplay.com\/en\/\",\"name\":\"IPlay\",\"description\":\"The Best Casual Games!\",\"publisher\":{\"@id\":\"https:\/\/www.iplay.com\/en\/#organization\"},\"potentialAction\":[{\"@type\":\"SearchAction\",\"target\":{\"@type\":\"EntryPoint\",\"urlTemplate\":\"https:\/\/www.iplay.com\/en\/?s={search_term_string}\"},\"query-input\":{\"@type\":\"PropertyValueSpecification\",\"valueRequired\":true,\"valueName\":\"search_term_string\"}}],\"inLanguage\":\"de-DE\"},{\"@type\":\"Organization\",\"@id\":\"https:\/\/www.iplay.com\/en\/#organization\",\"name\":\"IPlay\",\"url\":\"https:\/\/www.iplay.com\/en\/\",\"logo\":{\"@type\":\"ImageObject\",\"inLanguage\":\"de-DE\",\"@id\":\"https:\/\/www.iplay.com\/en\/#\/schema\/logo\/image\/\",\"url\":\"https:\/\/www.iplay.com\/wp-content\/uploads\/2023\/11\/Group-6100.svg\",\"contentUrl\":\"https:\/\/www.iplay.com\/wp-content\/uploads\/2023\/11\/Group-6100.svg\",\"width\":98,\"height\":25,\"caption\":\"IPlay\"},\"image\":{\"@id\":\"https:\/\/www.iplay.com\/en\/#\/schema\/logo\/image\/\"}}]}<\/script>\n<!-- \/ Yoast SEO Premium plugin. -->","yoast_head_json":{"title":"Best of Hidden Object Value Pack Vol. 13 - Entdecke die vier Top-Spiele im Best of Hidden Object Pack 13","description":"Best of Wimmelbild-Wertbox Band 13 - Genie\u00dfen Sie vier herausragende Spiele in einer Box!","robots":{"index":"index","follow":"follow","max-snippet":"max-snippet:-1","max-image-preview":"max-image-preview:large","max-video-preview":"max-video-preview:-1"},"canonical":"https:\/\/www.iplay.com\/de\/games\/best-of-hidden-object-value-pack-vol-13\/","og_locale":"de_DE","og_type":"article","og_title":"Best of Hidden Object Value Pack Vol. 13","og_description":"Best of Wimmelbild-Wertbox Band 13 - Genie\u00dfen Sie vier herausragende Spiele in einer Box!","og_url":"https:\/\/www.iplay.com\/de\/games\/best-of-hidden-object-value-pack-vol-13\/","og_site_name":"IPlay","og_image":[{"width":310,"height":310,"url":"https:\/\/www.iplay.com\/wp-content\/uploads\/2023\/12\/large_square_tile_image-2760.jpg","type":"image\/jpeg"}],"twitter_card":"summary_large_image","twitter_misc":{"Gesch\u00e4tzte Lesezeit":"2 Minuten"},"schema":{"@context":"https:\/\/schema.org","@graph":[{"@type":"WebPage","@id":"https:\/\/www.iplay.com\/de\/games\/best-of-hidden-object-value-pack-vol-13\/","url":"https:\/\/www.iplay.com\/de\/games\/best-of-hidden-object-value-pack-vol-13\/","name":"Best of Hidden Object Value Pack Vol. 13 - Entdecke die vier Top-Spiele im Best of Hidden Object Pack 13","isPartOf":{"@id":"https:\/\/www.iplay.com\/en\/#website"},"primaryImageOfPage":{"@id":"https:\/\/www.iplay.com\/de\/games\/best-of-hidden-object-value-pack-vol-13\/#primaryimage"},"image":{"@id":"https:\/\/www.iplay.com\/de\/games\/best-of-hidden-object-value-pack-vol-13\/#primaryimage"},"thumbnailUrl":"https:\/\/www.iplay.com\/wp-content\/uploads\/2023\/12\/large_square_tile_image-2760.jpg","datePublished":"2019-12-16T00:00:00+00:00","description":"Best of Wimmelbild-Wertbox Band 13 - Genie\u00dfen Sie vier herausragende Spiele in einer Box!","breadcrumb":{"@id":"https:\/\/www.iplay.com\/de\/games\/best-of-hidden-object-value-pack-vol-13\/#breadcrumb"},"inLanguage":"de-DE","potentialAction":[{"@type":"ReadAction","target":["https:\/\/www.iplay.com\/de\/games\/best-of-hidden-object-value-pack-vol-13\/"]}]},{"@type":"ImageObject","inLanguage":"de-DE","@id":"https:\/\/www.iplay.com\/de\/games\/best-of-hidden-object-value-pack-vol-13\/#primaryimage","url":"https:\/\/www.iplay.com\/wp-content\/uploads\/2023\/12\/large_square_tile_image-2760.jpg","contentUrl":"https:\/\/www.iplay.com\/wp-content\/uploads\/2023\/12\/large_square_tile_image-2760.jpg","width":310,"height":310},{"@type":"BreadcrumbList","@id":"https:\/\/www.iplay.com\/de\/games\/best-of-hidden-object-value-pack-vol-13\/#breadcrumb","itemListElement":[{"@type":"ListItem","position":1,"name":"Home","item":"https:\/\/www.iplay.com\/de\/home-page-2\/"},{"@type":"ListItem","position":2,"name":"Shop","item":"https:\/\/www.iplay.com\/en\/shop\/"},{"@type":"ListItem","position":3,"name":"Best of Hidden Object Value Pack Vol. 13"}]},{"@type":"WebSite","@id":"https:\/\/www.iplay.com\/en\/#website","url":"https:\/\/www.iplay.com\/en\/","name":"IPlay","description":"The Best Casual Games!","publisher":{"@id":"https:\/\/www.iplay.com\/en\/#organization"},"potentialAction":[{"@type":"SearchAction","target":{"@type":"EntryPoint","urlTemplate":"https:\/\/www.iplay.com\/en\/?s={search_term_string}"},"query-input":{"@type":"PropertyValueSpecification","valueRequired":true,"valueName":"search_term_string"}}],"inLanguage":"de-DE"},{"@type":"Organization","@id":"https:\/\/www.iplay.com\/en\/#organization","name":"IPlay","url":"https:\/\/www.iplay.com\/en\/","logo":{"@type":"ImageObject","inLanguage":"de-DE","@id":"https:\/\/www.iplay.com\/en\/#\/schema\/logo\/image\/","url":"https:\/\/www.iplay.com\/wp-content\/uploads\/2023\/11\/Group-6100.svg","contentUrl":"https:\/\/www.iplay.com\/wp-content\/uploads\/2023\/11\/Group-6100.svg","width":98,"height":25,"caption":"IPlay"},"image":{"@id":"https:\/\/www.iplay.com\/en\/#\/schema\/logo\/image\/"}}]}},"_links":{"self":[{"href":"https:\/\/www.iplay.com\/de\/wp-json\/wp\/v2\/product\/135269","targetHints":{"allow":["GET"]}}],"collection":[{"href":"https:\/\/www.iplay.com\/de\/wp-json\/wp\/v2\/product"}],"about":[{"href":"https:\/\/www.iplay.com\/de\/wp-json\/wp\/v2\/types\/product"}],"author":[{"embeddable":true,"href":"https:\/\/www.iplay.com\/de\/wp-json\/wp\/v2\/users\/20"}],"replies":[{"embeddable":true,"href":"https:\/\/www.iplay.com\/de\/wp-json\/wp\/v2\/comments?post=135269"}],"wp:featuredmedia":[{"embeddable":true,"href":"https:\/\/www.iplay.com\/de\/wp-json\/wp\/v2\/media\/84018"}],"wp:attachment":[{"href":"https:\/\/www.iplay.com\/de\/wp-json\/wp\/v2\/media?parent=135269"}],"wp:term":[{"taxonomy":"product_brand","embeddable":true,"href":"https:\/\/www.iplay.com\/de\/wp-json\/wp\/v2\/product_brand?post=135269"},{"taxonomy":"product_cat","embeddable":true,"href":"https:\/\/www.iplay.com\/de\/wp-json\/wp\/v2\/product_cat?post=135269"},{"taxonomy":"product_tag","embeddable":true,"href":"https:\/\/www.iplay.com\/de\/wp-json\/wp\/v2\/product_tag?post=135269"}],"curies":[{"name":"wp","href":"https:\/\/api.w.org\/{rel}","templated":true}]}}