{"id":135264,"date":"2019-12-21T00:00:00","date_gmt":"2019-12-21T00:00:00","guid":{"rendered":"https:\/\/www.iplay.com\/games\/redemption-cemetery-dead-park-collectors-edition\/"},"modified":"2019-12-21T00:00:00","modified_gmt":"2019-12-21T00:00:00","slug":"redemption-cemetery-dead-park-collectors-edition","status":"publish","type":"product","link":"https:\/\/www.iplay.com\/de\/games\/redemption-cemetery-dead-park-collectors-edition\/","title":{"rendered":"Redemption Cemetery: Dead Park Collector&#8217;s Edition"},"content":{"rendered":"<p>Erlebe den neuesten G\u00e4nsehaut-Teil der <em>Redemption Cemetery-Reihe<\/em> !<\/p>\n<p>Eine Nachricht von einem mysteri\u00f6sen Fremden ruft dich in einem alten Vergn\u00fcgungspark um Hilfe! Sie kommen an, um viel mehr als nur durchschnittliche Fahrgesch\u00e4fte und Attraktionen zu finden. Der Park hat eine Geschichte, die von seltsamen Verschwinden geplagt ist, und es scheint, dass eine b\u00f6sartige Macht noch nicht fertig mit ihnen ist! Kannst du die Seelen retten und einen gef\u00e4hrlichen Feind davon abhalten, in unsere Welt einzubrechen? Finde es heraus in diesem mitrei\u00dfenden Wimmelbild-Abenteuer!    <\/p>\n<p>&nbsp;<\/p>\n<p>&nbsp;<\/p>\n<p><strong>Funktionen:<\/strong><\/p>\n<p>&nbsp;<\/p>\n<p>&#8211; Hilf im Bonusspiel, ein verwirrendes Geheimnis in einem Vergn\u00fcgungspark zu untersuchen!<br \/>\n&#8211; Spiele deine Lieblings-HOPs und -Minispiele erneut und verdiene dir eine Vielzahl einzigartiger Erfolge!<br \/>\n&#8211; Finde morphende Sch\u00e4del und gib sie aus, um einen Vergn\u00fcgungspark zu renovieren!<br \/>\n&#8211; Genie\u00dfe exklusive Hintergrundbilder, Soundtracks, Konzeptzeichnungen und mehr!<br \/>\n&#8211; Verirren Sie sich nie mit dem Strategiehandbuch!<\/p>\n","protected":false},"excerpt":{"rendered":"<p>Die Collector&#8217;s Edition von Redemption Cemetery: Dead Park ist das, was passiert, wenn der Spa\u00df zum Schrecken wird.<\/p>\n","protected":false},"author":17,"featured_media":91957,"comment_status":"open","ping_status":"closed","template":"","meta":{"_acf_changed":false,"inline_featured_image":false},"product_brand":[],"product_cat":[164],"product_tag":[289],"class_list":{"0":"post-135264","1":"product","2":"type-product","3":"status-publish","4":"has-post-thumbnail","6":"product_cat-hidden-object-de","7":"product_tag-play-on-pc-de","9":"first","10":"instock","11":"shipping-taxable","12":"purchasable","13":"product-type-simple"},"acf":[],"yoast_head":"<!-- This site is optimized with the Yoast SEO Premium plugin v25.2 (Yoast SEO v25.2) - https:\/\/yoast.com\/wordpress\/plugins\/seo\/ -->\n<title>Redemption Cemetery: Dead Park Sammleredition - Die Unterhaltung wird furchteinfl\u00f6\u00dfend, wenn du den Dead Park betrittst<\/title>\n<meta name=\"description\" content=\"Die Collector&#039;s Edition von Redemption Cemetery: Dead Park ist das, was passiert, wenn der Spa\u00df zum Schrecken wird.\" \/>\n<meta name=\"robots\" content=\"index, follow, max-snippet:-1, max-image-preview:large, max-video-preview:-1\" \/>\n<link rel=\"canonical\" href=\"https:\/\/www.iplay.com\/de\/games\/redemption-cemetery-dead-park-collectors-edition\/\" \/>\n<meta property=\"og:locale\" content=\"de_DE\" \/>\n<meta property=\"og:type\" content=\"article\" \/>\n<meta property=\"og:title\" content=\"Redemption Cemetery: Dead Park Collector&#039;s Edition\" \/>\n<meta property=\"og:description\" content=\"Die Collector&#039;s Edition von Redemption Cemetery: Dead Park ist das, was passiert, wenn der Spa\u00df zum Schrecken wird.\" \/>\n<meta property=\"og:url\" content=\"https:\/\/www.iplay.com\/de\/games\/redemption-cemetery-dead-park-collectors-edition\/\" \/>\n<meta property=\"og:site_name\" content=\"IPlay\" \/>\n<meta property=\"og:image\" content=\"https:\/\/www.iplay.com\/wp-content\/uploads\/2023\/12\/large_square_tile_image-3262.jpg\" \/>\n\t<meta property=\"og:image:width\" content=\"310\" \/>\n\t<meta property=\"og:image:height\" content=\"310\" \/>\n\t<meta property=\"og:image:type\" content=\"image\/jpeg\" \/>\n<meta name=\"twitter:card\" content=\"summary_large_image\" \/>\n<meta name=\"twitter:label1\" content=\"Gesch\u00e4tzte Lesezeit\" \/>\n\t<meta name=\"twitter:data1\" content=\"1 Minute\" \/>\n<script type=\"application\/ld+json\" class=\"yoast-schema-graph\">{\"@context\":\"https:\/\/schema.org\",\"@graph\":[{\"@type\":\"WebPage\",\"@id\":\"https:\/\/www.iplay.com\/de\/games\/redemption-cemetery-dead-park-collectors-edition\/\",\"url\":\"https:\/\/www.iplay.com\/de\/games\/redemption-cemetery-dead-park-collectors-edition\/\",\"name\":\"Redemption Cemetery: Dead Park Sammleredition - Die Unterhaltung wird furchteinfl\u00f6\u00dfend, wenn du den Dead Park betrittst\",\"isPartOf\":{\"@id\":\"https:\/\/www.iplay.com\/en\/#website\"},\"primaryImageOfPage\":{\"@id\":\"https:\/\/www.iplay.com\/de\/games\/redemption-cemetery-dead-park-collectors-edition\/#primaryimage\"},\"image\":{\"@id\":\"https:\/\/www.iplay.com\/de\/games\/redemption-cemetery-dead-park-collectors-edition\/#primaryimage\"},\"thumbnailUrl\":\"https:\/\/www.iplay.com\/wp-content\/uploads\/2023\/12\/large_square_tile_image-3262.jpg\",\"datePublished\":\"2019-12-21T00:00:00+00:00\",\"description\":\"Die Collector's Edition von Redemption Cemetery: Dead Park ist das, was passiert, wenn der Spa\u00df zum Schrecken wird.\",\"breadcrumb\":{\"@id\":\"https:\/\/www.iplay.com\/de\/games\/redemption-cemetery-dead-park-collectors-edition\/#breadcrumb\"},\"inLanguage\":\"de-DE\",\"potentialAction\":[{\"@type\":\"ReadAction\",\"target\":[\"https:\/\/www.iplay.com\/de\/games\/redemption-cemetery-dead-park-collectors-edition\/\"]}]},{\"@type\":\"ImageObject\",\"inLanguage\":\"de-DE\",\"@id\":\"https:\/\/www.iplay.com\/de\/games\/redemption-cemetery-dead-park-collectors-edition\/#primaryimage\",\"url\":\"https:\/\/www.iplay.com\/wp-content\/uploads\/2023\/12\/large_square_tile_image-3262.jpg\",\"contentUrl\":\"https:\/\/www.iplay.com\/wp-content\/uploads\/2023\/12\/large_square_tile_image-3262.jpg\",\"width\":310,\"height\":310},{\"@type\":\"BreadcrumbList\",\"@id\":\"https:\/\/www.iplay.com\/de\/games\/redemption-cemetery-dead-park-collectors-edition\/#breadcrumb\",\"itemListElement\":[{\"@type\":\"ListItem\",\"position\":1,\"name\":\"Home\",\"item\":\"https:\/\/www.iplay.com\/de\/home-page-2\/\"},{\"@type\":\"ListItem\",\"position\":2,\"name\":\"Shop\",\"item\":\"https:\/\/www.iplay.com\/en\/shop\/\"},{\"@type\":\"ListItem\",\"position\":3,\"name\":\"Redemption Cemetery: Dead Park Collector&#8217;s Edition\"}]},{\"@type\":\"WebSite\",\"@id\":\"https:\/\/www.iplay.com\/en\/#website\",\"url\":\"https:\/\/www.iplay.com\/en\/\",\"name\":\"IPlay\",\"description\":\"The Best Casual Games!\",\"publisher\":{\"@id\":\"https:\/\/www.iplay.com\/en\/#organization\"},\"potentialAction\":[{\"@type\":\"SearchAction\",\"target\":{\"@type\":\"EntryPoint\",\"urlTemplate\":\"https:\/\/www.iplay.com\/en\/?s={search_term_string}\"},\"query-input\":{\"@type\":\"PropertyValueSpecification\",\"valueRequired\":true,\"valueName\":\"search_term_string\"}}],\"inLanguage\":\"de-DE\"},{\"@type\":\"Organization\",\"@id\":\"https:\/\/www.iplay.com\/en\/#organization\",\"name\":\"IPlay\",\"url\":\"https:\/\/www.iplay.com\/en\/\",\"logo\":{\"@type\":\"ImageObject\",\"inLanguage\":\"de-DE\",\"@id\":\"https:\/\/www.iplay.com\/en\/#\/schema\/logo\/image\/\",\"url\":\"https:\/\/www.iplay.com\/wp-content\/uploads\/2023\/11\/Group-6100.svg\",\"contentUrl\":\"https:\/\/www.iplay.com\/wp-content\/uploads\/2023\/11\/Group-6100.svg\",\"width\":98,\"height\":25,\"caption\":\"IPlay\"},\"image\":{\"@id\":\"https:\/\/www.iplay.com\/en\/#\/schema\/logo\/image\/\"}}]}<\/script>\n<!-- \/ Yoast SEO Premium plugin. -->","yoast_head_json":{"title":"Redemption Cemetery: Dead Park Sammleredition - Die Unterhaltung wird furchteinfl\u00f6\u00dfend, wenn du den Dead Park betrittst","description":"Die Collector's Edition von Redemption Cemetery: Dead Park ist das, was passiert, wenn der Spa\u00df zum Schrecken wird.","robots":{"index":"index","follow":"follow","max-snippet":"max-snippet:-1","max-image-preview":"max-image-preview:large","max-video-preview":"max-video-preview:-1"},"canonical":"https:\/\/www.iplay.com\/de\/games\/redemption-cemetery-dead-park-collectors-edition\/","og_locale":"de_DE","og_type":"article","og_title":"Redemption Cemetery: Dead Park Collector's Edition","og_description":"Die Collector's Edition von Redemption Cemetery: Dead Park ist das, was passiert, wenn der Spa\u00df zum Schrecken wird.","og_url":"https:\/\/www.iplay.com\/de\/games\/redemption-cemetery-dead-park-collectors-edition\/","og_site_name":"IPlay","og_image":[{"width":310,"height":310,"url":"https:\/\/www.iplay.com\/wp-content\/uploads\/2023\/12\/large_square_tile_image-3262.jpg","type":"image\/jpeg"}],"twitter_card":"summary_large_image","twitter_misc":{"Gesch\u00e4tzte Lesezeit":"1 Minute"},"schema":{"@context":"https:\/\/schema.org","@graph":[{"@type":"WebPage","@id":"https:\/\/www.iplay.com\/de\/games\/redemption-cemetery-dead-park-collectors-edition\/","url":"https:\/\/www.iplay.com\/de\/games\/redemption-cemetery-dead-park-collectors-edition\/","name":"Redemption Cemetery: Dead Park Sammleredition - Die Unterhaltung wird furchteinfl\u00f6\u00dfend, wenn du den Dead Park betrittst","isPartOf":{"@id":"https:\/\/www.iplay.com\/en\/#website"},"primaryImageOfPage":{"@id":"https:\/\/www.iplay.com\/de\/games\/redemption-cemetery-dead-park-collectors-edition\/#primaryimage"},"image":{"@id":"https:\/\/www.iplay.com\/de\/games\/redemption-cemetery-dead-park-collectors-edition\/#primaryimage"},"thumbnailUrl":"https:\/\/www.iplay.com\/wp-content\/uploads\/2023\/12\/large_square_tile_image-3262.jpg","datePublished":"2019-12-21T00:00:00+00:00","description":"Die Collector's Edition von Redemption Cemetery: Dead Park ist das, was passiert, wenn der Spa\u00df zum Schrecken wird.","breadcrumb":{"@id":"https:\/\/www.iplay.com\/de\/games\/redemption-cemetery-dead-park-collectors-edition\/#breadcrumb"},"inLanguage":"de-DE","potentialAction":[{"@type":"ReadAction","target":["https:\/\/www.iplay.com\/de\/games\/redemption-cemetery-dead-park-collectors-edition\/"]}]},{"@type":"ImageObject","inLanguage":"de-DE","@id":"https:\/\/www.iplay.com\/de\/games\/redemption-cemetery-dead-park-collectors-edition\/#primaryimage","url":"https:\/\/www.iplay.com\/wp-content\/uploads\/2023\/12\/large_square_tile_image-3262.jpg","contentUrl":"https:\/\/www.iplay.com\/wp-content\/uploads\/2023\/12\/large_square_tile_image-3262.jpg","width":310,"height":310},{"@type":"BreadcrumbList","@id":"https:\/\/www.iplay.com\/de\/games\/redemption-cemetery-dead-park-collectors-edition\/#breadcrumb","itemListElement":[{"@type":"ListItem","position":1,"name":"Home","item":"https:\/\/www.iplay.com\/de\/home-page-2\/"},{"@type":"ListItem","position":2,"name":"Shop","item":"https:\/\/www.iplay.com\/en\/shop\/"},{"@type":"ListItem","position":3,"name":"Redemption Cemetery: Dead Park Collector&#8217;s Edition"}]},{"@type":"WebSite","@id":"https:\/\/www.iplay.com\/en\/#website","url":"https:\/\/www.iplay.com\/en\/","name":"IPlay","description":"The Best Casual Games!","publisher":{"@id":"https:\/\/www.iplay.com\/en\/#organization"},"potentialAction":[{"@type":"SearchAction","target":{"@type":"EntryPoint","urlTemplate":"https:\/\/www.iplay.com\/en\/?s={search_term_string}"},"query-input":{"@type":"PropertyValueSpecification","valueRequired":true,"valueName":"search_term_string"}}],"inLanguage":"de-DE"},{"@type":"Organization","@id":"https:\/\/www.iplay.com\/en\/#organization","name":"IPlay","url":"https:\/\/www.iplay.com\/en\/","logo":{"@type":"ImageObject","inLanguage":"de-DE","@id":"https:\/\/www.iplay.com\/en\/#\/schema\/logo\/image\/","url":"https:\/\/www.iplay.com\/wp-content\/uploads\/2023\/11\/Group-6100.svg","contentUrl":"https:\/\/www.iplay.com\/wp-content\/uploads\/2023\/11\/Group-6100.svg","width":98,"height":25,"caption":"IPlay"},"image":{"@id":"https:\/\/www.iplay.com\/en\/#\/schema\/logo\/image\/"}}]}},"_links":{"self":[{"href":"https:\/\/www.iplay.com\/de\/wp-json\/wp\/v2\/product\/135264","targetHints":{"allow":["GET"]}}],"collection":[{"href":"https:\/\/www.iplay.com\/de\/wp-json\/wp\/v2\/product"}],"about":[{"href":"https:\/\/www.iplay.com\/de\/wp-json\/wp\/v2\/types\/product"}],"author":[{"embeddable":true,"href":"https:\/\/www.iplay.com\/de\/wp-json\/wp\/v2\/users\/17"}],"replies":[{"embeddable":true,"href":"https:\/\/www.iplay.com\/de\/wp-json\/wp\/v2\/comments?post=135264"}],"wp:featuredmedia":[{"embeddable":true,"href":"https:\/\/www.iplay.com\/de\/wp-json\/wp\/v2\/media\/91957"}],"wp:attachment":[{"href":"https:\/\/www.iplay.com\/de\/wp-json\/wp\/v2\/media?parent=135264"}],"wp:term":[{"taxonomy":"product_brand","embeddable":true,"href":"https:\/\/www.iplay.com\/de\/wp-json\/wp\/v2\/product_brand?post=135264"},{"taxonomy":"product_cat","embeddable":true,"href":"https:\/\/www.iplay.com\/de\/wp-json\/wp\/v2\/product_cat?post=135264"},{"taxonomy":"product_tag","embeddable":true,"href":"https:\/\/www.iplay.com\/de\/wp-json\/wp\/v2\/product_tag?post=135264"}],"curies":[{"name":"wp","href":"https:\/\/api.w.org\/{rel}","templated":true}]}}