{"id":135255,"date":"2019-12-27T00:00:00","date_gmt":"2019-12-27T00:00:00","guid":{"rendered":"https:\/\/www.iplay.com\/games\/the-unseen-fears-stories-untold-collectors-edition\/"},"modified":"2019-12-27T00:00:00","modified_gmt":"2019-12-27T00:00:00","slug":"the-unseen-fears-stories-untold-collectors-edition","status":"publish","type":"product","link":"https:\/\/www.iplay.com\/de\/games\/the-unseen-fears-stories-untold-collectors-edition\/","title":{"rendered":"The Unseen Fears: Stories Untold Collector&#8217;s Edition"},"content":{"rendered":"<p>Viel Spa\u00df mit diesem erstaunlichen neuen Kapitel in der <em>Serie &#8220;Die unsichtbaren \u00c4ngste&#8221;<\/em> ! Sie werden einen wohlverdienten Urlaub in Prag verbringen! Aber gerade als du Spa\u00df hast, meldet sich jemand aus dem M\u00e4rchenbuch heraus bei dir und bittet dich um Hilfe! Auf der Suche nach der Quelle einer gef\u00e4hrlichen Macht aus einer anderen Welt, indem du in das Haus eines vermissten Autors einbrichst, steht dir das Abenteuer deines Lebens bevor. Wirst du eine feste Figur bei ihnen sein, oder wirst du in der Lage sein, diejenigen zu retten, die in den Geschichten stecken geblieben sind? Entdecke in dieser fesselnden Wimmelbild-Reise!     <\/p>\n<p>&nbsp;<\/p>\n<p>&nbsp;<\/p>\n<p><strong>Funktionen:<\/strong><\/p>\n<p>&nbsp;<\/p>\n<p>&#8211; Du, als #1 Fan und paranormaler Vlogger, musst deine Heldin dabei unterst\u00fctzen, ihre Trauer zu \u00fcberwinden, auch wenn du dich selbst in ernsthafte Gefahr bringst!<br \/>\n&#8211; Spiele immer schwierigere Minispiele und Wimmelbildr\u00e4tsel, w\u00e4hrend du geheime Buchteile entdeckst, magische Libellen ausgr\u00e4bst, die du gegen Sammlerst\u00fccke eintauschen kannst, Erfolge verdienst und ein verstecktes Kapitel aufdeckst!<br \/>\n&#8211; Genie\u00dfe einzigartige Konzeptkunst, Hintergrundbilder und exklusive Soundtracks und Videos!<br \/>\n&#8211; Nutze den praktischen Strategieleitfaden, um immer zu wissen, was als n\u00e4chstes zu tun ist!<\/p>\n","protected":false},"excerpt":{"rendered":"<p>K\u00f6nnen Sie Einzelpersonen dabei helfen, schnell aus ihrer verzauberten Enge zu entkommen? Die unsichtbaren \u00c4ngste: Unerz\u00e4hlte Geschichten CE <\/p>\n","protected":false},"author":17,"featured_media":83933,"comment_status":"open","ping_status":"closed","template":"","meta":{"_acf_changed":false,"inline_featured_image":false},"product_brand":[],"product_cat":[164],"product_tag":[289],"class_list":{"0":"post-135255","1":"product","2":"type-product","3":"status-publish","4":"has-post-thumbnail","6":"product_cat-hidden-object-de","7":"product_tag-play-on-pc-de","9":"first","10":"instock","11":"shipping-taxable","12":"purchasable","13":"product-type-simple"},"acf":[],"yoast_head":"<!-- This site is optimized with the Yoast SEO Premium plugin v25.2 (Yoast SEO v25.2) - https:\/\/yoast.com\/wordpress\/plugins\/seo\/ -->\n<title>The Unseen Fears: Stories Untold Collector&#039;s Edition - Hilf Menschen dabei, aus magischen Gef\u00e4ngnissen zu entkommen in The Unseen Fears<\/title>\n<meta name=\"description\" content=\"K\u00f6nnen Sie Einzelpersonen dabei helfen, schnell aus ihrer verzauberten Enge zu entkommen? Die unsichtbaren \u00c4ngste: Unerz\u00e4hlte Geschichten CE\" \/>\n<meta name=\"robots\" content=\"index, follow, max-snippet:-1, max-image-preview:large, max-video-preview:-1\" \/>\n<link rel=\"canonical\" href=\"https:\/\/www.iplay.com\/de\/games\/the-unseen-fears-stories-untold-collectors-edition\/\" \/>\n<meta property=\"og:locale\" content=\"de_DE\" \/>\n<meta property=\"og:type\" content=\"article\" \/>\n<meta property=\"og:title\" content=\"The Unseen Fears: Stories Untold Collector&#039;s Edition\" \/>\n<meta property=\"og:description\" content=\"K\u00f6nnen Sie Einzelpersonen dabei helfen, schnell aus ihrer verzauberten Enge zu entkommen? Die unsichtbaren \u00c4ngste: Unerz\u00e4hlte Geschichten CE\" \/>\n<meta property=\"og:url\" content=\"https:\/\/www.iplay.com\/de\/games\/the-unseen-fears-stories-untold-collectors-edition\/\" \/>\n<meta property=\"og:site_name\" content=\"IPlay\" \/>\n<meta property=\"og:image\" content=\"https:\/\/www.iplay.com\/wp-content\/uploads\/2023\/12\/large_square_tile_image-2755.jpg\" \/>\n\t<meta property=\"og:image:width\" content=\"310\" \/>\n\t<meta property=\"og:image:height\" content=\"310\" \/>\n\t<meta property=\"og:image:type\" content=\"image\/jpeg\" \/>\n<meta name=\"twitter:card\" content=\"summary_large_image\" \/>\n<meta name=\"twitter:label1\" content=\"Gesch\u00e4tzte Lesezeit\" \/>\n\t<meta name=\"twitter:data1\" content=\"1 Minute\" \/>\n<script type=\"application\/ld+json\" class=\"yoast-schema-graph\">{\"@context\":\"https:\/\/schema.org\",\"@graph\":[{\"@type\":\"WebPage\",\"@id\":\"https:\/\/www.iplay.com\/de\/games\/the-unseen-fears-stories-untold-collectors-edition\/\",\"url\":\"https:\/\/www.iplay.com\/de\/games\/the-unseen-fears-stories-untold-collectors-edition\/\",\"name\":\"The Unseen Fears: Stories Untold Collector's Edition - Hilf Menschen dabei, aus magischen Gef\u00e4ngnissen zu entkommen in The Unseen Fears\",\"isPartOf\":{\"@id\":\"https:\/\/www.iplay.com\/en\/#website\"},\"primaryImageOfPage\":{\"@id\":\"https:\/\/www.iplay.com\/de\/games\/the-unseen-fears-stories-untold-collectors-edition\/#primaryimage\"},\"image\":{\"@id\":\"https:\/\/www.iplay.com\/de\/games\/the-unseen-fears-stories-untold-collectors-edition\/#primaryimage\"},\"thumbnailUrl\":\"https:\/\/www.iplay.com\/wp-content\/uploads\/2023\/12\/large_square_tile_image-2755.jpg\",\"datePublished\":\"2019-12-27T00:00:00+00:00\",\"description\":\"K\u00f6nnen Sie Einzelpersonen dabei helfen, schnell aus ihrer verzauberten Enge zu entkommen? Die unsichtbaren \u00c4ngste: Unerz\u00e4hlte Geschichten CE\",\"breadcrumb\":{\"@id\":\"https:\/\/www.iplay.com\/de\/games\/the-unseen-fears-stories-untold-collectors-edition\/#breadcrumb\"},\"inLanguage\":\"de-DE\",\"potentialAction\":[{\"@type\":\"ReadAction\",\"target\":[\"https:\/\/www.iplay.com\/de\/games\/the-unseen-fears-stories-untold-collectors-edition\/\"]}]},{\"@type\":\"ImageObject\",\"inLanguage\":\"de-DE\",\"@id\":\"https:\/\/www.iplay.com\/de\/games\/the-unseen-fears-stories-untold-collectors-edition\/#primaryimage\",\"url\":\"https:\/\/www.iplay.com\/wp-content\/uploads\/2023\/12\/large_square_tile_image-2755.jpg\",\"contentUrl\":\"https:\/\/www.iplay.com\/wp-content\/uploads\/2023\/12\/large_square_tile_image-2755.jpg\",\"width\":310,\"height\":310},{\"@type\":\"BreadcrumbList\",\"@id\":\"https:\/\/www.iplay.com\/de\/games\/the-unseen-fears-stories-untold-collectors-edition\/#breadcrumb\",\"itemListElement\":[{\"@type\":\"ListItem\",\"position\":1,\"name\":\"Home\",\"item\":\"https:\/\/www.iplay.com\/de\/home-page-2\/\"},{\"@type\":\"ListItem\",\"position\":2,\"name\":\"Shop\",\"item\":\"https:\/\/www.iplay.com\/en\/shop\/\"},{\"@type\":\"ListItem\",\"position\":3,\"name\":\"The Unseen Fears: Stories Untold Collector&#8217;s Edition\"}]},{\"@type\":\"WebSite\",\"@id\":\"https:\/\/www.iplay.com\/en\/#website\",\"url\":\"https:\/\/www.iplay.com\/en\/\",\"name\":\"IPlay\",\"description\":\"The Best Casual Games!\",\"publisher\":{\"@id\":\"https:\/\/www.iplay.com\/en\/#organization\"},\"potentialAction\":[{\"@type\":\"SearchAction\",\"target\":{\"@type\":\"EntryPoint\",\"urlTemplate\":\"https:\/\/www.iplay.com\/en\/?s={search_term_string}\"},\"query-input\":{\"@type\":\"PropertyValueSpecification\",\"valueRequired\":true,\"valueName\":\"search_term_string\"}}],\"inLanguage\":\"de-DE\"},{\"@type\":\"Organization\",\"@id\":\"https:\/\/www.iplay.com\/en\/#organization\",\"name\":\"IPlay\",\"url\":\"https:\/\/www.iplay.com\/en\/\",\"logo\":{\"@type\":\"ImageObject\",\"inLanguage\":\"de-DE\",\"@id\":\"https:\/\/www.iplay.com\/en\/#\/schema\/logo\/image\/\",\"url\":\"https:\/\/www.iplay.com\/wp-content\/uploads\/2023\/11\/Group-6100.svg\",\"contentUrl\":\"https:\/\/www.iplay.com\/wp-content\/uploads\/2023\/11\/Group-6100.svg\",\"width\":98,\"height\":25,\"caption\":\"IPlay\"},\"image\":{\"@id\":\"https:\/\/www.iplay.com\/en\/#\/schema\/logo\/image\/\"}}]}<\/script>\n<!-- \/ Yoast SEO Premium plugin. -->","yoast_head_json":{"title":"The Unseen Fears: Stories Untold Collector's Edition - Hilf Menschen dabei, aus magischen Gef\u00e4ngnissen zu entkommen in The Unseen Fears","description":"K\u00f6nnen Sie Einzelpersonen dabei helfen, schnell aus ihrer verzauberten Enge zu entkommen? Die unsichtbaren \u00c4ngste: Unerz\u00e4hlte Geschichten CE","robots":{"index":"index","follow":"follow","max-snippet":"max-snippet:-1","max-image-preview":"max-image-preview:large","max-video-preview":"max-video-preview:-1"},"canonical":"https:\/\/www.iplay.com\/de\/games\/the-unseen-fears-stories-untold-collectors-edition\/","og_locale":"de_DE","og_type":"article","og_title":"The Unseen Fears: Stories Untold Collector's Edition","og_description":"K\u00f6nnen Sie Einzelpersonen dabei helfen, schnell aus ihrer verzauberten Enge zu entkommen? Die unsichtbaren \u00c4ngste: Unerz\u00e4hlte Geschichten CE","og_url":"https:\/\/www.iplay.com\/de\/games\/the-unseen-fears-stories-untold-collectors-edition\/","og_site_name":"IPlay","og_image":[{"width":310,"height":310,"url":"https:\/\/www.iplay.com\/wp-content\/uploads\/2023\/12\/large_square_tile_image-2755.jpg","type":"image\/jpeg"}],"twitter_card":"summary_large_image","twitter_misc":{"Gesch\u00e4tzte Lesezeit":"1 Minute"},"schema":{"@context":"https:\/\/schema.org","@graph":[{"@type":"WebPage","@id":"https:\/\/www.iplay.com\/de\/games\/the-unseen-fears-stories-untold-collectors-edition\/","url":"https:\/\/www.iplay.com\/de\/games\/the-unseen-fears-stories-untold-collectors-edition\/","name":"The Unseen Fears: Stories Untold Collector's Edition - Hilf Menschen dabei, aus magischen Gef\u00e4ngnissen zu entkommen in The Unseen Fears","isPartOf":{"@id":"https:\/\/www.iplay.com\/en\/#website"},"primaryImageOfPage":{"@id":"https:\/\/www.iplay.com\/de\/games\/the-unseen-fears-stories-untold-collectors-edition\/#primaryimage"},"image":{"@id":"https:\/\/www.iplay.com\/de\/games\/the-unseen-fears-stories-untold-collectors-edition\/#primaryimage"},"thumbnailUrl":"https:\/\/www.iplay.com\/wp-content\/uploads\/2023\/12\/large_square_tile_image-2755.jpg","datePublished":"2019-12-27T00:00:00+00:00","description":"K\u00f6nnen Sie Einzelpersonen dabei helfen, schnell aus ihrer verzauberten Enge zu entkommen? Die unsichtbaren \u00c4ngste: Unerz\u00e4hlte Geschichten CE","breadcrumb":{"@id":"https:\/\/www.iplay.com\/de\/games\/the-unseen-fears-stories-untold-collectors-edition\/#breadcrumb"},"inLanguage":"de-DE","potentialAction":[{"@type":"ReadAction","target":["https:\/\/www.iplay.com\/de\/games\/the-unseen-fears-stories-untold-collectors-edition\/"]}]},{"@type":"ImageObject","inLanguage":"de-DE","@id":"https:\/\/www.iplay.com\/de\/games\/the-unseen-fears-stories-untold-collectors-edition\/#primaryimage","url":"https:\/\/www.iplay.com\/wp-content\/uploads\/2023\/12\/large_square_tile_image-2755.jpg","contentUrl":"https:\/\/www.iplay.com\/wp-content\/uploads\/2023\/12\/large_square_tile_image-2755.jpg","width":310,"height":310},{"@type":"BreadcrumbList","@id":"https:\/\/www.iplay.com\/de\/games\/the-unseen-fears-stories-untold-collectors-edition\/#breadcrumb","itemListElement":[{"@type":"ListItem","position":1,"name":"Home","item":"https:\/\/www.iplay.com\/de\/home-page-2\/"},{"@type":"ListItem","position":2,"name":"Shop","item":"https:\/\/www.iplay.com\/en\/shop\/"},{"@type":"ListItem","position":3,"name":"The Unseen Fears: Stories Untold Collector&#8217;s Edition"}]},{"@type":"WebSite","@id":"https:\/\/www.iplay.com\/en\/#website","url":"https:\/\/www.iplay.com\/en\/","name":"IPlay","description":"The Best Casual Games!","publisher":{"@id":"https:\/\/www.iplay.com\/en\/#organization"},"potentialAction":[{"@type":"SearchAction","target":{"@type":"EntryPoint","urlTemplate":"https:\/\/www.iplay.com\/en\/?s={search_term_string}"},"query-input":{"@type":"PropertyValueSpecification","valueRequired":true,"valueName":"search_term_string"}}],"inLanguage":"de-DE"},{"@type":"Organization","@id":"https:\/\/www.iplay.com\/en\/#organization","name":"IPlay","url":"https:\/\/www.iplay.com\/en\/","logo":{"@type":"ImageObject","inLanguage":"de-DE","@id":"https:\/\/www.iplay.com\/en\/#\/schema\/logo\/image\/","url":"https:\/\/www.iplay.com\/wp-content\/uploads\/2023\/11\/Group-6100.svg","contentUrl":"https:\/\/www.iplay.com\/wp-content\/uploads\/2023\/11\/Group-6100.svg","width":98,"height":25,"caption":"IPlay"},"image":{"@id":"https:\/\/www.iplay.com\/en\/#\/schema\/logo\/image\/"}}]}},"_links":{"self":[{"href":"https:\/\/www.iplay.com\/de\/wp-json\/wp\/v2\/product\/135255","targetHints":{"allow":["GET"]}}],"collection":[{"href":"https:\/\/www.iplay.com\/de\/wp-json\/wp\/v2\/product"}],"about":[{"href":"https:\/\/www.iplay.com\/de\/wp-json\/wp\/v2\/types\/product"}],"author":[{"embeddable":true,"href":"https:\/\/www.iplay.com\/de\/wp-json\/wp\/v2\/users\/17"}],"replies":[{"embeddable":true,"href":"https:\/\/www.iplay.com\/de\/wp-json\/wp\/v2\/comments?post=135255"}],"wp:featuredmedia":[{"embeddable":true,"href":"https:\/\/www.iplay.com\/de\/wp-json\/wp\/v2\/media\/83933"}],"wp:attachment":[{"href":"https:\/\/www.iplay.com\/de\/wp-json\/wp\/v2\/media?parent=135255"}],"wp:term":[{"taxonomy":"product_brand","embeddable":true,"href":"https:\/\/www.iplay.com\/de\/wp-json\/wp\/v2\/product_brand?post=135255"},{"taxonomy":"product_cat","embeddable":true,"href":"https:\/\/www.iplay.com\/de\/wp-json\/wp\/v2\/product_cat?post=135255"},{"taxonomy":"product_tag","embeddable":true,"href":"https:\/\/www.iplay.com\/de\/wp-json\/wp\/v2\/product_tag?post=135255"}],"curies":[{"name":"wp","href":"https:\/\/api.w.org\/{rel}","templated":true}]}}