{"id":135235,"date":"2020-01-17T00:00:00","date_gmt":"2020-01-17T00:00:00","guid":{"rendered":"https:\/\/www.iplay.com\/games\/the-andersen-accounts-a-voice-of-reason-collectors-edition\/"},"modified":"2020-01-17T00:00:00","modified_gmt":"2020-01-17T00:00:00","slug":"the-andersen-accounts-a-voice-of-reason-collectors-edition","status":"publish","type":"product","link":"https:\/\/www.iplay.com\/de\/games\/the-andersen-accounts-a-voice-of-reason-collectors-edition\/","title":{"rendered":"The Andersen Accounts: A Voice of Reason Collector&#8217;s Edition"},"content":{"rendered":"<p>Entdecken Sie das neueste erstaunliche Kapitel in der <em>Andersen Accounts-Reihe<\/em> ! Es ist endlich die Nacht des gro\u00dfen Festes f\u00fcr die Stadt! W\u00e4hrend sich alle auf die Feierlichkeiten vorbereiten, bist du damit besch\u00e4ftigt, dass dein Kumpel von einem unerkl\u00e4rlichen Vorsingen nicht zur\u00fcckkehrt. Als du entdeckst, dass sie als Geisel gehalten wird und stumm ist, nimmt dein kurzer Besuch, um nach ihr zu sehen, schnell eine unangenehme Wendung! Kannst du die Entf\u00fchrer einholen und die Stadt rechtzeitig retten, w\u00e4hrend Angreifer mit unbekannten F\u00e4higkeiten dir auf Schritt und Tritt folgen? Finde es in diesem fesselnden Wimmelbild-Abenteuer heraus! Zerst\u00f6re im Bonusspiel die Stimmdiebmaschine ein f\u00fcr alle Mal!      <\/p>\n<p>&nbsp;<\/p>\n<p>&nbsp;<\/p>\n<p><strong>Funktionen:<\/strong><\/p>\n<p>&nbsp;<\/p>\n<p>&#8211; Erlebe deine beliebtesten Minispiele und HOPs noch einmal!<\/p>\n<p>&#8211; Es gibt jede Menge Erinnerungsst\u00fccke, Schmuckst\u00fccke und Verwandlungen zu finden!<\/p>\n<p>&#8211; Profitieren Sie von speziellen Filmen, Liedern, Hintergrundbildern und mehr!<br \/>\n&#8211; Nutze den Strategieleitfaden, um dich nie zu verlaufen!<\/p>\n","protected":false},"excerpt":{"rendered":"<p>In der Andersen Accounts: A Voice of Reason Collector&#8217;s Edition hei\u00dft es, dass die F\u00e4higkeiten entscheidend sind.<\/p>\n","protected":false},"author":17,"featured_media":91781,"comment_status":"open","ping_status":"closed","template":"","meta":{"_acf_changed":false,"inline_featured_image":false},"product_brand":[],"product_cat":[164],"product_tag":[289],"class_list":{"0":"post-135235","1":"product","2":"type-product","3":"status-publish","4":"has-post-thumbnail","6":"product_cat-hidden-object-de","7":"product_tag-play-on-pc-de","9":"first","10":"instock","11":"shipping-taxable","12":"purchasable","13":"product-type-simple"},"acf":[],"yoast_head":"<!-- This site is optimized with the Yoast SEO Premium plugin v25.2 (Yoast SEO v25.2) - https:\/\/yoast.com\/wordpress\/plugins\/seo\/ -->\n<title>The Andersen Accounts: A Voice of Reason Collector&#039;s Edition - Schalte deine F\u00e4higkeiten frei und werde zur Stimme der Vernunft<\/title>\n<meta name=\"description\" content=\"In der Andersen Accounts: A Voice of Reason Collector&#039;s Edition hei\u00dft es, dass die F\u00e4higkeiten entscheidend sind.\" \/>\n<meta name=\"robots\" content=\"index, follow, max-snippet:-1, max-image-preview:large, max-video-preview:-1\" \/>\n<link rel=\"canonical\" href=\"https:\/\/www.iplay.com\/de\/games\/the-andersen-accounts-a-voice-of-reason-collectors-edition\/\" \/>\n<meta property=\"og:locale\" content=\"de_DE\" \/>\n<meta property=\"og:type\" content=\"article\" \/>\n<meta property=\"og:title\" content=\"The Andersen Accounts: A Voice of Reason Collector&#039;s Edition\" \/>\n<meta property=\"og:description\" content=\"In der Andersen Accounts: A Voice of Reason Collector&#039;s Edition hei\u00dft es, dass die F\u00e4higkeiten entscheidend sind.\" \/>\n<meta property=\"og:url\" content=\"https:\/\/www.iplay.com\/de\/games\/the-andersen-accounts-a-voice-of-reason-collectors-edition\/\" \/>\n<meta property=\"og:site_name\" content=\"IPlay\" \/>\n<meta property=\"og:image\" content=\"https:\/\/www.iplay.com\/wp-content\/uploads\/2023\/12\/large_square_tile_image-3251.jpg\" \/>\n\t<meta property=\"og:image:width\" content=\"310\" \/>\n\t<meta property=\"og:image:height\" content=\"310\" \/>\n\t<meta property=\"og:image:type\" content=\"image\/jpeg\" \/>\n<meta name=\"twitter:card\" content=\"summary_large_image\" \/>\n<meta name=\"twitter:label1\" content=\"Gesch\u00e4tzte Lesezeit\" \/>\n\t<meta name=\"twitter:data1\" content=\"1 Minute\" \/>\n<script type=\"application\/ld+json\" class=\"yoast-schema-graph\">{\"@context\":\"https:\/\/schema.org\",\"@graph\":[{\"@type\":\"WebPage\",\"@id\":\"https:\/\/www.iplay.com\/de\/games\/the-andersen-accounts-a-voice-of-reason-collectors-edition\/\",\"url\":\"https:\/\/www.iplay.com\/de\/games\/the-andersen-accounts-a-voice-of-reason-collectors-edition\/\",\"name\":\"The Andersen Accounts: A Voice of Reason Collector's Edition - Schalte deine F\u00e4higkeiten frei und werde zur Stimme der Vernunft\",\"isPartOf\":{\"@id\":\"https:\/\/www.iplay.com\/en\/#website\"},\"primaryImageOfPage\":{\"@id\":\"https:\/\/www.iplay.com\/de\/games\/the-andersen-accounts-a-voice-of-reason-collectors-edition\/#primaryimage\"},\"image\":{\"@id\":\"https:\/\/www.iplay.com\/de\/games\/the-andersen-accounts-a-voice-of-reason-collectors-edition\/#primaryimage\"},\"thumbnailUrl\":\"https:\/\/www.iplay.com\/wp-content\/uploads\/2023\/12\/large_square_tile_image-3251.jpg\",\"datePublished\":\"2020-01-17T00:00:00+00:00\",\"description\":\"In der Andersen Accounts: A Voice of Reason Collector's Edition hei\u00dft es, dass die F\u00e4higkeiten entscheidend sind.\",\"breadcrumb\":{\"@id\":\"https:\/\/www.iplay.com\/de\/games\/the-andersen-accounts-a-voice-of-reason-collectors-edition\/#breadcrumb\"},\"inLanguage\":\"de-DE\",\"potentialAction\":[{\"@type\":\"ReadAction\",\"target\":[\"https:\/\/www.iplay.com\/de\/games\/the-andersen-accounts-a-voice-of-reason-collectors-edition\/\"]}]},{\"@type\":\"ImageObject\",\"inLanguage\":\"de-DE\",\"@id\":\"https:\/\/www.iplay.com\/de\/games\/the-andersen-accounts-a-voice-of-reason-collectors-edition\/#primaryimage\",\"url\":\"https:\/\/www.iplay.com\/wp-content\/uploads\/2023\/12\/large_square_tile_image-3251.jpg\",\"contentUrl\":\"https:\/\/www.iplay.com\/wp-content\/uploads\/2023\/12\/large_square_tile_image-3251.jpg\",\"width\":310,\"height\":310},{\"@type\":\"BreadcrumbList\",\"@id\":\"https:\/\/www.iplay.com\/de\/games\/the-andersen-accounts-a-voice-of-reason-collectors-edition\/#breadcrumb\",\"itemListElement\":[{\"@type\":\"ListItem\",\"position\":1,\"name\":\"Home\",\"item\":\"https:\/\/www.iplay.com\/de\/home-page-2\/\"},{\"@type\":\"ListItem\",\"position\":2,\"name\":\"Shop\",\"item\":\"https:\/\/www.iplay.com\/en\/shop\/\"},{\"@type\":\"ListItem\",\"position\":3,\"name\":\"The Andersen Accounts: A Voice of Reason Collector&#8217;s Edition\"}]},{\"@type\":\"WebSite\",\"@id\":\"https:\/\/www.iplay.com\/en\/#website\",\"url\":\"https:\/\/www.iplay.com\/en\/\",\"name\":\"IPlay\",\"description\":\"The Best Casual Games!\",\"publisher\":{\"@id\":\"https:\/\/www.iplay.com\/en\/#organization\"},\"potentialAction\":[{\"@type\":\"SearchAction\",\"target\":{\"@type\":\"EntryPoint\",\"urlTemplate\":\"https:\/\/www.iplay.com\/en\/?s={search_term_string}\"},\"query-input\":{\"@type\":\"PropertyValueSpecification\",\"valueRequired\":true,\"valueName\":\"search_term_string\"}}],\"inLanguage\":\"de-DE\"},{\"@type\":\"Organization\",\"@id\":\"https:\/\/www.iplay.com\/en\/#organization\",\"name\":\"IPlay\",\"url\":\"https:\/\/www.iplay.com\/en\/\",\"logo\":{\"@type\":\"ImageObject\",\"inLanguage\":\"de-DE\",\"@id\":\"https:\/\/www.iplay.com\/en\/#\/schema\/logo\/image\/\",\"url\":\"https:\/\/www.iplay.com\/wp-content\/uploads\/2023\/11\/Group-6100.svg\",\"contentUrl\":\"https:\/\/www.iplay.com\/wp-content\/uploads\/2023\/11\/Group-6100.svg\",\"width\":98,\"height\":25,\"caption\":\"IPlay\"},\"image\":{\"@id\":\"https:\/\/www.iplay.com\/en\/#\/schema\/logo\/image\/\"}}]}<\/script>\n<!-- \/ Yoast SEO Premium plugin. -->","yoast_head_json":{"title":"The Andersen Accounts: A Voice of Reason Collector's Edition - Schalte deine F\u00e4higkeiten frei und werde zur Stimme der Vernunft","description":"In der Andersen Accounts: A Voice of Reason Collector's Edition hei\u00dft es, dass die F\u00e4higkeiten entscheidend sind.","robots":{"index":"index","follow":"follow","max-snippet":"max-snippet:-1","max-image-preview":"max-image-preview:large","max-video-preview":"max-video-preview:-1"},"canonical":"https:\/\/www.iplay.com\/de\/games\/the-andersen-accounts-a-voice-of-reason-collectors-edition\/","og_locale":"de_DE","og_type":"article","og_title":"The Andersen Accounts: A Voice of Reason Collector's Edition","og_description":"In der Andersen Accounts: A Voice of Reason Collector's Edition hei\u00dft es, dass die F\u00e4higkeiten entscheidend sind.","og_url":"https:\/\/www.iplay.com\/de\/games\/the-andersen-accounts-a-voice-of-reason-collectors-edition\/","og_site_name":"IPlay","og_image":[{"width":310,"height":310,"url":"https:\/\/www.iplay.com\/wp-content\/uploads\/2023\/12\/large_square_tile_image-3251.jpg","type":"image\/jpeg"}],"twitter_card":"summary_large_image","twitter_misc":{"Gesch\u00e4tzte Lesezeit":"1 Minute"},"schema":{"@context":"https:\/\/schema.org","@graph":[{"@type":"WebPage","@id":"https:\/\/www.iplay.com\/de\/games\/the-andersen-accounts-a-voice-of-reason-collectors-edition\/","url":"https:\/\/www.iplay.com\/de\/games\/the-andersen-accounts-a-voice-of-reason-collectors-edition\/","name":"The Andersen Accounts: A Voice of Reason Collector's Edition - Schalte deine F\u00e4higkeiten frei und werde zur Stimme der Vernunft","isPartOf":{"@id":"https:\/\/www.iplay.com\/en\/#website"},"primaryImageOfPage":{"@id":"https:\/\/www.iplay.com\/de\/games\/the-andersen-accounts-a-voice-of-reason-collectors-edition\/#primaryimage"},"image":{"@id":"https:\/\/www.iplay.com\/de\/games\/the-andersen-accounts-a-voice-of-reason-collectors-edition\/#primaryimage"},"thumbnailUrl":"https:\/\/www.iplay.com\/wp-content\/uploads\/2023\/12\/large_square_tile_image-3251.jpg","datePublished":"2020-01-17T00:00:00+00:00","description":"In der Andersen Accounts: A Voice of Reason Collector's Edition hei\u00dft es, dass die F\u00e4higkeiten entscheidend sind.","breadcrumb":{"@id":"https:\/\/www.iplay.com\/de\/games\/the-andersen-accounts-a-voice-of-reason-collectors-edition\/#breadcrumb"},"inLanguage":"de-DE","potentialAction":[{"@type":"ReadAction","target":["https:\/\/www.iplay.com\/de\/games\/the-andersen-accounts-a-voice-of-reason-collectors-edition\/"]}]},{"@type":"ImageObject","inLanguage":"de-DE","@id":"https:\/\/www.iplay.com\/de\/games\/the-andersen-accounts-a-voice-of-reason-collectors-edition\/#primaryimage","url":"https:\/\/www.iplay.com\/wp-content\/uploads\/2023\/12\/large_square_tile_image-3251.jpg","contentUrl":"https:\/\/www.iplay.com\/wp-content\/uploads\/2023\/12\/large_square_tile_image-3251.jpg","width":310,"height":310},{"@type":"BreadcrumbList","@id":"https:\/\/www.iplay.com\/de\/games\/the-andersen-accounts-a-voice-of-reason-collectors-edition\/#breadcrumb","itemListElement":[{"@type":"ListItem","position":1,"name":"Home","item":"https:\/\/www.iplay.com\/de\/home-page-2\/"},{"@type":"ListItem","position":2,"name":"Shop","item":"https:\/\/www.iplay.com\/en\/shop\/"},{"@type":"ListItem","position":3,"name":"The Andersen Accounts: A Voice of Reason Collector&#8217;s Edition"}]},{"@type":"WebSite","@id":"https:\/\/www.iplay.com\/en\/#website","url":"https:\/\/www.iplay.com\/en\/","name":"IPlay","description":"The Best Casual Games!","publisher":{"@id":"https:\/\/www.iplay.com\/en\/#organization"},"potentialAction":[{"@type":"SearchAction","target":{"@type":"EntryPoint","urlTemplate":"https:\/\/www.iplay.com\/en\/?s={search_term_string}"},"query-input":{"@type":"PropertyValueSpecification","valueRequired":true,"valueName":"search_term_string"}}],"inLanguage":"de-DE"},{"@type":"Organization","@id":"https:\/\/www.iplay.com\/en\/#organization","name":"IPlay","url":"https:\/\/www.iplay.com\/en\/","logo":{"@type":"ImageObject","inLanguage":"de-DE","@id":"https:\/\/www.iplay.com\/en\/#\/schema\/logo\/image\/","url":"https:\/\/www.iplay.com\/wp-content\/uploads\/2023\/11\/Group-6100.svg","contentUrl":"https:\/\/www.iplay.com\/wp-content\/uploads\/2023\/11\/Group-6100.svg","width":98,"height":25,"caption":"IPlay"},"image":{"@id":"https:\/\/www.iplay.com\/en\/#\/schema\/logo\/image\/"}}]}},"_links":{"self":[{"href":"https:\/\/www.iplay.com\/de\/wp-json\/wp\/v2\/product\/135235","targetHints":{"allow":["GET"]}}],"collection":[{"href":"https:\/\/www.iplay.com\/de\/wp-json\/wp\/v2\/product"}],"about":[{"href":"https:\/\/www.iplay.com\/de\/wp-json\/wp\/v2\/types\/product"}],"author":[{"embeddable":true,"href":"https:\/\/www.iplay.com\/de\/wp-json\/wp\/v2\/users\/17"}],"replies":[{"embeddable":true,"href":"https:\/\/www.iplay.com\/de\/wp-json\/wp\/v2\/comments?post=135235"}],"wp:featuredmedia":[{"embeddable":true,"href":"https:\/\/www.iplay.com\/de\/wp-json\/wp\/v2\/media\/91781"}],"wp:attachment":[{"href":"https:\/\/www.iplay.com\/de\/wp-json\/wp\/v2\/media?parent=135235"}],"wp:term":[{"taxonomy":"product_brand","embeddable":true,"href":"https:\/\/www.iplay.com\/de\/wp-json\/wp\/v2\/product_brand?post=135235"},{"taxonomy":"product_cat","embeddable":true,"href":"https:\/\/www.iplay.com\/de\/wp-json\/wp\/v2\/product_cat?post=135235"},{"taxonomy":"product_tag","embeddable":true,"href":"https:\/\/www.iplay.com\/de\/wp-json\/wp\/v2\/product_tag?post=135235"}],"curies":[{"name":"wp","href":"https:\/\/api.w.org\/{rel}","templated":true}]}}