{"id":135227,"date":"2020-02-02T00:00:00","date_gmt":"2020-02-02T00:00:00","guid":{"rendered":"https:\/\/www.iplay.com\/games\/our-beautiful-earth\/"},"modified":"2020-02-02T00:00:00","modified_gmt":"2020-02-02T00:00:00","slug":"our-beautiful-earth","status":"publish","type":"product","link":"https:\/\/www.iplay.com\/de\/games\/our-beautiful-earth\/","title":{"rendered":"Our Beautiful Earth"},"content":{"rendered":"<p>Unsere Welt ist die Heimat zahlreicher atemberaubender Orte, darunter winzige St\u00e4dte, K\u00fcsten, W\u00e4lder und W\u00fcsten. All dies ist von der Natur bis zur Menschheit vorhanden. Wenn Sie diese Orte nicht pers\u00f6nlich besuchen k\u00f6nnen, nehmen Sie bitte an unserem Spiel teil, um ein beruhigendes und unterhaltsames Erlebnis zu beginnen.  <\/p>\n<p>&nbsp;<\/p>\n<p>&nbsp;<\/p>\n<p><strong>Funktionen:<\/strong><\/p>\n<p>&nbsp;<\/p>\n<p>&#8211; 30 exquisite Momente, die zwischen jeder Szene eingestreut sind, ist ein Puzzlespiel.<\/p>\n<p>&#8211; Entweder im Herausforderungs- oder im Casual-Modus<\/p>\n<p>&#8211; Jede Art von Lebewesen<\/p>\n<p>&#8211; Lokale Traditionen weltweit<\/p>\n","protected":false},"excerpt":{"rendered":"<p>Entdecken Sie versteckte Gegenst\u00e4nde und begeben Sie sich zu einigen der atemberaubendsten Orte der Welt.<\/p>\n","protected":false},"author":123,"featured_media":91701,"comment_status":"open","ping_status":"closed","template":"","meta":{"_acf_changed":false,"inline_featured_image":false},"product_brand":[],"product_cat":[164],"product_tag":[289],"class_list":{"0":"post-135227","1":"product","2":"type-product","3":"status-publish","4":"has-post-thumbnail","6":"product_cat-hidden-object-de","7":"product_tag-play-on-pc-de","9":"first","10":"instock","11":"shipping-taxable","12":"purchasable","13":"product-type-simple"},"acf":[],"yoast_head":"<!-- This site is optimized with the Yoast SEO Premium plugin v25.2 (Yoast SEO v25.2) - https:\/\/yoast.com\/wordpress\/plugins\/seo\/ -->\n<title>Our Beautiful Earth - Erkunde die Sch\u00f6nheit der Erde in diesem aufregenden Wimmelbild-Abenteuer<\/title>\n<meta name=\"description\" content=\"Entdecken Sie versteckte Gegenst\u00e4nde und begeben Sie sich zu einigen der atemberaubendsten Orte der Welt.\" \/>\n<meta name=\"robots\" content=\"index, follow, max-snippet:-1, max-image-preview:large, max-video-preview:-1\" \/>\n<link rel=\"canonical\" href=\"https:\/\/www.iplay.com\/de\/games\/our-beautiful-earth\/\" \/>\n<meta property=\"og:locale\" content=\"de_DE\" \/>\n<meta property=\"og:type\" content=\"article\" \/>\n<meta property=\"og:title\" content=\"Our Beautiful Earth\" \/>\n<meta property=\"og:description\" content=\"Entdecken Sie versteckte Gegenst\u00e4nde und begeben Sie sich zu einigen der atemberaubendsten Orte der Welt.\" \/>\n<meta property=\"og:url\" content=\"https:\/\/www.iplay.com\/de\/games\/our-beautiful-earth\/\" \/>\n<meta property=\"og:site_name\" content=\"IPlay\" \/>\n<meta property=\"og:image\" content=\"https:\/\/www.iplay.com\/wp-content\/uploads\/2023\/12\/large_square_tile_image-3246.jpg\" \/>\n\t<meta property=\"og:image:width\" content=\"310\" \/>\n\t<meta property=\"og:image:height\" content=\"310\" \/>\n\t<meta property=\"og:image:type\" content=\"image\/jpeg\" \/>\n<meta name=\"twitter:card\" content=\"summary_large_image\" \/>\n<script type=\"application\/ld+json\" class=\"yoast-schema-graph\">{\"@context\":\"https:\/\/schema.org\",\"@graph\":[{\"@type\":\"WebPage\",\"@id\":\"https:\/\/www.iplay.com\/de\/games\/our-beautiful-earth\/\",\"url\":\"https:\/\/www.iplay.com\/de\/games\/our-beautiful-earth\/\",\"name\":\"Our Beautiful Earth - Erkunde die Sch\u00f6nheit der Erde in diesem aufregenden Wimmelbild-Abenteuer\",\"isPartOf\":{\"@id\":\"https:\/\/www.iplay.com\/en\/#website\"},\"primaryImageOfPage\":{\"@id\":\"https:\/\/www.iplay.com\/de\/games\/our-beautiful-earth\/#primaryimage\"},\"image\":{\"@id\":\"https:\/\/www.iplay.com\/de\/games\/our-beautiful-earth\/#primaryimage\"},\"thumbnailUrl\":\"https:\/\/www.iplay.com\/wp-content\/uploads\/2023\/12\/large_square_tile_image-3246.jpg\",\"datePublished\":\"2020-02-02T00:00:00+00:00\",\"description\":\"Entdecken Sie versteckte Gegenst\u00e4nde und begeben Sie sich zu einigen der atemberaubendsten Orte der Welt.\",\"breadcrumb\":{\"@id\":\"https:\/\/www.iplay.com\/de\/games\/our-beautiful-earth\/#breadcrumb\"},\"inLanguage\":\"de-DE\",\"potentialAction\":[{\"@type\":\"ReadAction\",\"target\":[\"https:\/\/www.iplay.com\/de\/games\/our-beautiful-earth\/\"]}]},{\"@type\":\"ImageObject\",\"inLanguage\":\"de-DE\",\"@id\":\"https:\/\/www.iplay.com\/de\/games\/our-beautiful-earth\/#primaryimage\",\"url\":\"https:\/\/www.iplay.com\/wp-content\/uploads\/2023\/12\/large_square_tile_image-3246.jpg\",\"contentUrl\":\"https:\/\/www.iplay.com\/wp-content\/uploads\/2023\/12\/large_square_tile_image-3246.jpg\",\"width\":310,\"height\":310},{\"@type\":\"BreadcrumbList\",\"@id\":\"https:\/\/www.iplay.com\/de\/games\/our-beautiful-earth\/#breadcrumb\",\"itemListElement\":[{\"@type\":\"ListItem\",\"position\":1,\"name\":\"Home\",\"item\":\"https:\/\/www.iplay.com\/de\/home-page-2\/\"},{\"@type\":\"ListItem\",\"position\":2,\"name\":\"Shop\",\"item\":\"https:\/\/www.iplay.com\/en\/shop\/\"},{\"@type\":\"ListItem\",\"position\":3,\"name\":\"Our Beautiful Earth\"}]},{\"@type\":\"WebSite\",\"@id\":\"https:\/\/www.iplay.com\/en\/#website\",\"url\":\"https:\/\/www.iplay.com\/en\/\",\"name\":\"IPlay\",\"description\":\"The Best Casual Games!\",\"publisher\":{\"@id\":\"https:\/\/www.iplay.com\/en\/#organization\"},\"potentialAction\":[{\"@type\":\"SearchAction\",\"target\":{\"@type\":\"EntryPoint\",\"urlTemplate\":\"https:\/\/www.iplay.com\/en\/?s={search_term_string}\"},\"query-input\":{\"@type\":\"PropertyValueSpecification\",\"valueRequired\":true,\"valueName\":\"search_term_string\"}}],\"inLanguage\":\"de-DE\"},{\"@type\":\"Organization\",\"@id\":\"https:\/\/www.iplay.com\/en\/#organization\",\"name\":\"IPlay\",\"url\":\"https:\/\/www.iplay.com\/en\/\",\"logo\":{\"@type\":\"ImageObject\",\"inLanguage\":\"de-DE\",\"@id\":\"https:\/\/www.iplay.com\/en\/#\/schema\/logo\/image\/\",\"url\":\"https:\/\/www.iplay.com\/wp-content\/uploads\/2023\/11\/Group-6100.svg\",\"contentUrl\":\"https:\/\/www.iplay.com\/wp-content\/uploads\/2023\/11\/Group-6100.svg\",\"width\":98,\"height\":25,\"caption\":\"IPlay\"},\"image\":{\"@id\":\"https:\/\/www.iplay.com\/en\/#\/schema\/logo\/image\/\"}}]}<\/script>\n<!-- \/ Yoast SEO Premium plugin. -->","yoast_head_json":{"title":"Our Beautiful Earth - Erkunde die Sch\u00f6nheit der Erde in diesem aufregenden Wimmelbild-Abenteuer","description":"Entdecken Sie versteckte Gegenst\u00e4nde und begeben Sie sich zu einigen der atemberaubendsten Orte der Welt.","robots":{"index":"index","follow":"follow","max-snippet":"max-snippet:-1","max-image-preview":"max-image-preview:large","max-video-preview":"max-video-preview:-1"},"canonical":"https:\/\/www.iplay.com\/de\/games\/our-beautiful-earth\/","og_locale":"de_DE","og_type":"article","og_title":"Our Beautiful Earth","og_description":"Entdecken Sie versteckte Gegenst\u00e4nde und begeben Sie sich zu einigen der atemberaubendsten Orte der Welt.","og_url":"https:\/\/www.iplay.com\/de\/games\/our-beautiful-earth\/","og_site_name":"IPlay","og_image":[{"width":310,"height":310,"url":"https:\/\/www.iplay.com\/wp-content\/uploads\/2023\/12\/large_square_tile_image-3246.jpg","type":"image\/jpeg"}],"twitter_card":"summary_large_image","schema":{"@context":"https:\/\/schema.org","@graph":[{"@type":"WebPage","@id":"https:\/\/www.iplay.com\/de\/games\/our-beautiful-earth\/","url":"https:\/\/www.iplay.com\/de\/games\/our-beautiful-earth\/","name":"Our Beautiful Earth - Erkunde die Sch\u00f6nheit der Erde in diesem aufregenden Wimmelbild-Abenteuer","isPartOf":{"@id":"https:\/\/www.iplay.com\/en\/#website"},"primaryImageOfPage":{"@id":"https:\/\/www.iplay.com\/de\/games\/our-beautiful-earth\/#primaryimage"},"image":{"@id":"https:\/\/www.iplay.com\/de\/games\/our-beautiful-earth\/#primaryimage"},"thumbnailUrl":"https:\/\/www.iplay.com\/wp-content\/uploads\/2023\/12\/large_square_tile_image-3246.jpg","datePublished":"2020-02-02T00:00:00+00:00","description":"Entdecken Sie versteckte Gegenst\u00e4nde und begeben Sie sich zu einigen der atemberaubendsten Orte der Welt.","breadcrumb":{"@id":"https:\/\/www.iplay.com\/de\/games\/our-beautiful-earth\/#breadcrumb"},"inLanguage":"de-DE","potentialAction":[{"@type":"ReadAction","target":["https:\/\/www.iplay.com\/de\/games\/our-beautiful-earth\/"]}]},{"@type":"ImageObject","inLanguage":"de-DE","@id":"https:\/\/www.iplay.com\/de\/games\/our-beautiful-earth\/#primaryimage","url":"https:\/\/www.iplay.com\/wp-content\/uploads\/2023\/12\/large_square_tile_image-3246.jpg","contentUrl":"https:\/\/www.iplay.com\/wp-content\/uploads\/2023\/12\/large_square_tile_image-3246.jpg","width":310,"height":310},{"@type":"BreadcrumbList","@id":"https:\/\/www.iplay.com\/de\/games\/our-beautiful-earth\/#breadcrumb","itemListElement":[{"@type":"ListItem","position":1,"name":"Home","item":"https:\/\/www.iplay.com\/de\/home-page-2\/"},{"@type":"ListItem","position":2,"name":"Shop","item":"https:\/\/www.iplay.com\/en\/shop\/"},{"@type":"ListItem","position":3,"name":"Our Beautiful Earth"}]},{"@type":"WebSite","@id":"https:\/\/www.iplay.com\/en\/#website","url":"https:\/\/www.iplay.com\/en\/","name":"IPlay","description":"The Best Casual Games!","publisher":{"@id":"https:\/\/www.iplay.com\/en\/#organization"},"potentialAction":[{"@type":"SearchAction","target":{"@type":"EntryPoint","urlTemplate":"https:\/\/www.iplay.com\/en\/?s={search_term_string}"},"query-input":{"@type":"PropertyValueSpecification","valueRequired":true,"valueName":"search_term_string"}}],"inLanguage":"de-DE"},{"@type":"Organization","@id":"https:\/\/www.iplay.com\/en\/#organization","name":"IPlay","url":"https:\/\/www.iplay.com\/en\/","logo":{"@type":"ImageObject","inLanguage":"de-DE","@id":"https:\/\/www.iplay.com\/en\/#\/schema\/logo\/image\/","url":"https:\/\/www.iplay.com\/wp-content\/uploads\/2023\/11\/Group-6100.svg","contentUrl":"https:\/\/www.iplay.com\/wp-content\/uploads\/2023\/11\/Group-6100.svg","width":98,"height":25,"caption":"IPlay"},"image":{"@id":"https:\/\/www.iplay.com\/en\/#\/schema\/logo\/image\/"}}]}},"_links":{"self":[{"href":"https:\/\/www.iplay.com\/de\/wp-json\/wp\/v2\/product\/135227","targetHints":{"allow":["GET"]}}],"collection":[{"href":"https:\/\/www.iplay.com\/de\/wp-json\/wp\/v2\/product"}],"about":[{"href":"https:\/\/www.iplay.com\/de\/wp-json\/wp\/v2\/types\/product"}],"author":[{"embeddable":true,"href":"https:\/\/www.iplay.com\/de\/wp-json\/wp\/v2\/users\/123"}],"replies":[{"embeddable":true,"href":"https:\/\/www.iplay.com\/de\/wp-json\/wp\/v2\/comments?post=135227"}],"wp:featuredmedia":[{"embeddable":true,"href":"https:\/\/www.iplay.com\/de\/wp-json\/wp\/v2\/media\/91701"}],"wp:attachment":[{"href":"https:\/\/www.iplay.com\/de\/wp-json\/wp\/v2\/media?parent=135227"}],"wp:term":[{"taxonomy":"product_brand","embeddable":true,"href":"https:\/\/www.iplay.com\/de\/wp-json\/wp\/v2\/product_brand?post=135227"},{"taxonomy":"product_cat","embeddable":true,"href":"https:\/\/www.iplay.com\/de\/wp-json\/wp\/v2\/product_cat?post=135227"},{"taxonomy":"product_tag","embeddable":true,"href":"https:\/\/www.iplay.com\/de\/wp-json\/wp\/v2\/product_tag?post=135227"}],"curies":[{"name":"wp","href":"https:\/\/api.w.org\/{rel}","templated":true}]}}