{"id":135194,"date":"2020-02-28T00:00:00","date_gmt":"2020-02-28T00:00:00","guid":{"rendered":"https:\/\/www.iplay.com\/games\/memoirs-of-murder-behind-the-scenes-collectors-edition\/"},"modified":"2020-02-28T00:00:00","modified_gmt":"2020-02-28T00:00:00","slug":"memoirs-of-murder-behind-the-scenes-collectors-edition","status":"publish","type":"product","link":"https:\/\/www.iplay.com\/de\/games\/memoirs-of-murder-behind-the-scenes-collectors-edition\/","title":{"rendered":"Memoirs of Murder: Behind the Scenes Collector&#8217;s Edition"},"content":{"rendered":"<p>Begeben Sie sich mit dem pensionierten Detektivteam in <em>Memoirs of Murder<\/em> auf eine neue Reise! Ein angenehmer Ausflug zu einem echten Krimi-Set nimmt eine schreckliche Wendung, als Aarons Cousin Kevin verd\u00e4chtigt wird, die Hauptdarstellerin get\u00f6tet zu haben. Obwohl Aaron und Mary glauben, dass Kevin darauf ausgelegt ist, den Sturz zu erleiden, sind sich alle in dieser kleinen Gemeinschaft sicher, dass er der M\u00f6rder ist. Ist es m\u00f6glich, Kevins Unschuld zu beweisen, oder muss er mit Konsequenzen f\u00fcr ein Verbrechen rechnen, das er nicht begangen hat? Spiele dieses aufregende Wimmelbild-Abenteuerspiel, um es herauszufinden! Im Bonusspiel untersuchen Sie ein Verschwinden und l\u00f6sen ein letztes R\u00e4tsel!    <\/p>\n<p>&nbsp;<\/p>\n<p>&nbsp;<\/p>\n<p><strong>Funktionen:<\/strong><\/p>\n<p>&nbsp;<\/p>\n<p>&#8211; Erlebe deine besten Minispiele und HOPs noch einmal, um Erfolge freizuschalten!<\/p>\n<p>&#8211; Es gibt eine Menge Artefakte und Erinnerungsst\u00fccke!<\/p>\n<p>&#8211; Profitieren Sie von einzigartigen Filmen, Musik, Konzeptzeichnungen und Hintergrundbildern!<br \/>\n&#8211; Nutze den Strategieleitfaden, um dich nie zu verlaufen!<\/p>\n","protected":false},"excerpt":{"rendered":"<p>Stutzen! Tatort auf der B\u00fchne! Hilf in Memoirs of Murder: Behind the Scenes CE bei der Aufkl\u00e4rung des Verbrechens  <\/p>\n","protected":false},"author":17,"featured_media":83613,"comment_status":"open","ping_status":"closed","template":"","meta":{"_acf_changed":false,"inline_featured_image":false},"product_brand":[],"product_cat":[164],"product_tag":[289],"class_list":{"0":"post-135194","1":"product","2":"type-product","3":"status-publish","4":"has-post-thumbnail","6":"product_cat-hidden-object-de","7":"product_tag-play-on-pc-de","9":"first","10":"instock","11":"shipping-taxable","12":"purchasable","13":"product-type-simple"},"acf":[],"yoast_head":"<!-- This site is optimized with the Yoast SEO Premium plugin v25.2 (Yoast SEO v25.2) - https:\/\/yoast.com\/wordpress\/plugins\/seo\/ -->\n<title>Memoirs of Murder: Behind the Scenes Collector&#039;s Edition - L\u00f6se das Verbrechen, indem du hinter den Kulissen arbeitest<\/title>\n<meta name=\"description\" content=\"Stutzen! Tatort auf der B\u00fchne! Hilf in Memoirs of Murder: Behind the Scenes CE bei der Aufkl\u00e4rung des Verbrechens\" \/>\n<meta name=\"robots\" content=\"index, follow, max-snippet:-1, max-image-preview:large, max-video-preview:-1\" \/>\n<link rel=\"canonical\" href=\"https:\/\/www.iplay.com\/de\/games\/memoirs-of-murder-behind-the-scenes-collectors-edition\/\" \/>\n<meta property=\"og:locale\" content=\"de_DE\" \/>\n<meta property=\"og:type\" content=\"article\" \/>\n<meta property=\"og:title\" content=\"Memoirs of Murder: Behind the Scenes Collector&#039;s Edition\" \/>\n<meta property=\"og:description\" content=\"Stutzen! Tatort auf der B\u00fchne! Hilf in Memoirs of Murder: Behind the Scenes CE bei der Aufkl\u00e4rung des Verbrechens\" \/>\n<meta property=\"og:url\" content=\"https:\/\/www.iplay.com\/de\/games\/memoirs-of-murder-behind-the-scenes-collectors-edition\/\" \/>\n<meta property=\"og:site_name\" content=\"IPlay\" \/>\n<meta property=\"og:image\" content=\"https:\/\/www.iplay.com\/wp-content\/uploads\/2023\/12\/large_square_tile_image-2735.jpg\" \/>\n\t<meta property=\"og:image:width\" content=\"310\" \/>\n\t<meta property=\"og:image:height\" content=\"310\" \/>\n\t<meta property=\"og:image:type\" content=\"image\/jpeg\" \/>\n<meta name=\"twitter:card\" content=\"summary_large_image\" \/>\n<meta name=\"twitter:label1\" content=\"Gesch\u00e4tzte Lesezeit\" \/>\n\t<meta name=\"twitter:data1\" content=\"1 Minute\" \/>\n<script type=\"application\/ld+json\" class=\"yoast-schema-graph\">{\"@context\":\"https:\/\/schema.org\",\"@graph\":[{\"@type\":\"WebPage\",\"@id\":\"https:\/\/www.iplay.com\/de\/games\/memoirs-of-murder-behind-the-scenes-collectors-edition\/\",\"url\":\"https:\/\/www.iplay.com\/de\/games\/memoirs-of-murder-behind-the-scenes-collectors-edition\/\",\"name\":\"Memoirs of Murder: Behind the Scenes Collector's Edition - L\u00f6se das Verbrechen, indem du hinter den Kulissen arbeitest\",\"isPartOf\":{\"@id\":\"https:\/\/www.iplay.com\/en\/#website\"},\"primaryImageOfPage\":{\"@id\":\"https:\/\/www.iplay.com\/de\/games\/memoirs-of-murder-behind-the-scenes-collectors-edition\/#primaryimage\"},\"image\":{\"@id\":\"https:\/\/www.iplay.com\/de\/games\/memoirs-of-murder-behind-the-scenes-collectors-edition\/#primaryimage\"},\"thumbnailUrl\":\"https:\/\/www.iplay.com\/wp-content\/uploads\/2023\/12\/large_square_tile_image-2735.jpg\",\"datePublished\":\"2020-02-28T00:00:00+00:00\",\"description\":\"Stutzen! Tatort auf der B\u00fchne! Hilf in Memoirs of Murder: Behind the Scenes CE bei der Aufkl\u00e4rung des Verbrechens\",\"breadcrumb\":{\"@id\":\"https:\/\/www.iplay.com\/de\/games\/memoirs-of-murder-behind-the-scenes-collectors-edition\/#breadcrumb\"},\"inLanguage\":\"de-DE\",\"potentialAction\":[{\"@type\":\"ReadAction\",\"target\":[\"https:\/\/www.iplay.com\/de\/games\/memoirs-of-murder-behind-the-scenes-collectors-edition\/\"]}]},{\"@type\":\"ImageObject\",\"inLanguage\":\"de-DE\",\"@id\":\"https:\/\/www.iplay.com\/de\/games\/memoirs-of-murder-behind-the-scenes-collectors-edition\/#primaryimage\",\"url\":\"https:\/\/www.iplay.com\/wp-content\/uploads\/2023\/12\/large_square_tile_image-2735.jpg\",\"contentUrl\":\"https:\/\/www.iplay.com\/wp-content\/uploads\/2023\/12\/large_square_tile_image-2735.jpg\",\"width\":310,\"height\":310},{\"@type\":\"BreadcrumbList\",\"@id\":\"https:\/\/www.iplay.com\/de\/games\/memoirs-of-murder-behind-the-scenes-collectors-edition\/#breadcrumb\",\"itemListElement\":[{\"@type\":\"ListItem\",\"position\":1,\"name\":\"Home\",\"item\":\"https:\/\/www.iplay.com\/de\/home-page-2\/\"},{\"@type\":\"ListItem\",\"position\":2,\"name\":\"Shop\",\"item\":\"https:\/\/www.iplay.com\/en\/shop\/\"},{\"@type\":\"ListItem\",\"position\":3,\"name\":\"Memoirs of Murder: Behind the Scenes Collector&#8217;s Edition\"}]},{\"@type\":\"WebSite\",\"@id\":\"https:\/\/www.iplay.com\/en\/#website\",\"url\":\"https:\/\/www.iplay.com\/en\/\",\"name\":\"IPlay\",\"description\":\"The Best Casual Games!\",\"publisher\":{\"@id\":\"https:\/\/www.iplay.com\/en\/#organization\"},\"potentialAction\":[{\"@type\":\"SearchAction\",\"target\":{\"@type\":\"EntryPoint\",\"urlTemplate\":\"https:\/\/www.iplay.com\/en\/?s={search_term_string}\"},\"query-input\":{\"@type\":\"PropertyValueSpecification\",\"valueRequired\":true,\"valueName\":\"search_term_string\"}}],\"inLanguage\":\"de-DE\"},{\"@type\":\"Organization\",\"@id\":\"https:\/\/www.iplay.com\/en\/#organization\",\"name\":\"IPlay\",\"url\":\"https:\/\/www.iplay.com\/en\/\",\"logo\":{\"@type\":\"ImageObject\",\"inLanguage\":\"de-DE\",\"@id\":\"https:\/\/www.iplay.com\/en\/#\/schema\/logo\/image\/\",\"url\":\"https:\/\/www.iplay.com\/wp-content\/uploads\/2023\/11\/Group-6100.svg\",\"contentUrl\":\"https:\/\/www.iplay.com\/wp-content\/uploads\/2023\/11\/Group-6100.svg\",\"width\":98,\"height\":25,\"caption\":\"IPlay\"},\"image\":{\"@id\":\"https:\/\/www.iplay.com\/en\/#\/schema\/logo\/image\/\"}}]}<\/script>\n<!-- \/ Yoast SEO Premium plugin. -->","yoast_head_json":{"title":"Memoirs of Murder: Behind the Scenes Collector's Edition - L\u00f6se das Verbrechen, indem du hinter den Kulissen arbeitest","description":"Stutzen! Tatort auf der B\u00fchne! Hilf in Memoirs of Murder: Behind the Scenes CE bei der Aufkl\u00e4rung des Verbrechens","robots":{"index":"index","follow":"follow","max-snippet":"max-snippet:-1","max-image-preview":"max-image-preview:large","max-video-preview":"max-video-preview:-1"},"canonical":"https:\/\/www.iplay.com\/de\/games\/memoirs-of-murder-behind-the-scenes-collectors-edition\/","og_locale":"de_DE","og_type":"article","og_title":"Memoirs of Murder: Behind the Scenes Collector's Edition","og_description":"Stutzen! Tatort auf der B\u00fchne! Hilf in Memoirs of Murder: Behind the Scenes CE bei der Aufkl\u00e4rung des Verbrechens","og_url":"https:\/\/www.iplay.com\/de\/games\/memoirs-of-murder-behind-the-scenes-collectors-edition\/","og_site_name":"IPlay","og_image":[{"width":310,"height":310,"url":"https:\/\/www.iplay.com\/wp-content\/uploads\/2023\/12\/large_square_tile_image-2735.jpg","type":"image\/jpeg"}],"twitter_card":"summary_large_image","twitter_misc":{"Gesch\u00e4tzte Lesezeit":"1 Minute"},"schema":{"@context":"https:\/\/schema.org","@graph":[{"@type":"WebPage","@id":"https:\/\/www.iplay.com\/de\/games\/memoirs-of-murder-behind-the-scenes-collectors-edition\/","url":"https:\/\/www.iplay.com\/de\/games\/memoirs-of-murder-behind-the-scenes-collectors-edition\/","name":"Memoirs of Murder: Behind the Scenes Collector's Edition - L\u00f6se das Verbrechen, indem du hinter den Kulissen arbeitest","isPartOf":{"@id":"https:\/\/www.iplay.com\/en\/#website"},"primaryImageOfPage":{"@id":"https:\/\/www.iplay.com\/de\/games\/memoirs-of-murder-behind-the-scenes-collectors-edition\/#primaryimage"},"image":{"@id":"https:\/\/www.iplay.com\/de\/games\/memoirs-of-murder-behind-the-scenes-collectors-edition\/#primaryimage"},"thumbnailUrl":"https:\/\/www.iplay.com\/wp-content\/uploads\/2023\/12\/large_square_tile_image-2735.jpg","datePublished":"2020-02-28T00:00:00+00:00","description":"Stutzen! Tatort auf der B\u00fchne! Hilf in Memoirs of Murder: Behind the Scenes CE bei der Aufkl\u00e4rung des Verbrechens","breadcrumb":{"@id":"https:\/\/www.iplay.com\/de\/games\/memoirs-of-murder-behind-the-scenes-collectors-edition\/#breadcrumb"},"inLanguage":"de-DE","potentialAction":[{"@type":"ReadAction","target":["https:\/\/www.iplay.com\/de\/games\/memoirs-of-murder-behind-the-scenes-collectors-edition\/"]}]},{"@type":"ImageObject","inLanguage":"de-DE","@id":"https:\/\/www.iplay.com\/de\/games\/memoirs-of-murder-behind-the-scenes-collectors-edition\/#primaryimage","url":"https:\/\/www.iplay.com\/wp-content\/uploads\/2023\/12\/large_square_tile_image-2735.jpg","contentUrl":"https:\/\/www.iplay.com\/wp-content\/uploads\/2023\/12\/large_square_tile_image-2735.jpg","width":310,"height":310},{"@type":"BreadcrumbList","@id":"https:\/\/www.iplay.com\/de\/games\/memoirs-of-murder-behind-the-scenes-collectors-edition\/#breadcrumb","itemListElement":[{"@type":"ListItem","position":1,"name":"Home","item":"https:\/\/www.iplay.com\/de\/home-page-2\/"},{"@type":"ListItem","position":2,"name":"Shop","item":"https:\/\/www.iplay.com\/en\/shop\/"},{"@type":"ListItem","position":3,"name":"Memoirs of Murder: Behind the Scenes Collector&#8217;s Edition"}]},{"@type":"WebSite","@id":"https:\/\/www.iplay.com\/en\/#website","url":"https:\/\/www.iplay.com\/en\/","name":"IPlay","description":"The Best Casual Games!","publisher":{"@id":"https:\/\/www.iplay.com\/en\/#organization"},"potentialAction":[{"@type":"SearchAction","target":{"@type":"EntryPoint","urlTemplate":"https:\/\/www.iplay.com\/en\/?s={search_term_string}"},"query-input":{"@type":"PropertyValueSpecification","valueRequired":true,"valueName":"search_term_string"}}],"inLanguage":"de-DE"},{"@type":"Organization","@id":"https:\/\/www.iplay.com\/en\/#organization","name":"IPlay","url":"https:\/\/www.iplay.com\/en\/","logo":{"@type":"ImageObject","inLanguage":"de-DE","@id":"https:\/\/www.iplay.com\/en\/#\/schema\/logo\/image\/","url":"https:\/\/www.iplay.com\/wp-content\/uploads\/2023\/11\/Group-6100.svg","contentUrl":"https:\/\/www.iplay.com\/wp-content\/uploads\/2023\/11\/Group-6100.svg","width":98,"height":25,"caption":"IPlay"},"image":{"@id":"https:\/\/www.iplay.com\/en\/#\/schema\/logo\/image\/"}}]}},"_links":{"self":[{"href":"https:\/\/www.iplay.com\/de\/wp-json\/wp\/v2\/product\/135194","targetHints":{"allow":["GET"]}}],"collection":[{"href":"https:\/\/www.iplay.com\/de\/wp-json\/wp\/v2\/product"}],"about":[{"href":"https:\/\/www.iplay.com\/de\/wp-json\/wp\/v2\/types\/product"}],"author":[{"embeddable":true,"href":"https:\/\/www.iplay.com\/de\/wp-json\/wp\/v2\/users\/17"}],"replies":[{"embeddable":true,"href":"https:\/\/www.iplay.com\/de\/wp-json\/wp\/v2\/comments?post=135194"}],"wp:featuredmedia":[{"embeddable":true,"href":"https:\/\/www.iplay.com\/de\/wp-json\/wp\/v2\/media\/83613"}],"wp:attachment":[{"href":"https:\/\/www.iplay.com\/de\/wp-json\/wp\/v2\/media?parent=135194"}],"wp:term":[{"taxonomy":"product_brand","embeddable":true,"href":"https:\/\/www.iplay.com\/de\/wp-json\/wp\/v2\/product_brand?post=135194"},{"taxonomy":"product_cat","embeddable":true,"href":"https:\/\/www.iplay.com\/de\/wp-json\/wp\/v2\/product_cat?post=135194"},{"taxonomy":"product_tag","embeddable":true,"href":"https:\/\/www.iplay.com\/de\/wp-json\/wp\/v2\/product_tag?post=135194"}],"curies":[{"name":"wp","href":"https:\/\/api.w.org\/{rel}","templated":true}]}}