{"id":135139,"date":"2020-04-29T00:00:00","date_gmt":"2020-04-29T00:00:00","guid":{"rendered":"https:\/\/www.iplay.com\/games\/haunted-hotel-room-18-collectors-edition\/"},"modified":"2020-04-29T00:00:00","modified_gmt":"2020-04-29T00:00:00","slug":"haunted-hotel-room-18-collectors-edition","status":"publish","type":"product","link":"https:\/\/www.iplay.com\/de\/games\/haunted-hotel-room-18-collectors-edition\/","title":{"rendered":"Haunted Hotel: Room 18 Collector&#8217;s Edition"},"content":{"rendered":"<p>Verifizieren Sie Ihre Buchung f\u00fcr einen zus\u00e4tzlichen gruseligen Aufenthalt in der <em>Haunted Hotel-Serie<\/em> . M\u00f6chten Sie einchecken? Der Text lautet: John und James Blackthorn kommen im Sweet 18 Hotel an und erwarten ein entspanntes Wochenende, um sich mit der Familie zu treffen, nachdem sie eine Einladung zu einem Familientreffen erhalten haben, aber das Hotel ist bis auf den Rezeptionisten verlassen. Es dauert nicht lange, bis man erkennt, dass sie nicht allein sind; Ein unheimlicher Nebel scheint etwas zu wissen, was die Br\u00fcder nicht wissen, und er schleicht durch die unheimlichen G\u00e4nge des Hotels. Und was noch wichtiger ist: Was will es? Welche Geheimnisse kennt er? Kannst du die Geheimnisse l\u00fcften und herausfinden, was in den G\u00e4ngen der Sweet 18 lauert?     <\/p>\n<p>&nbsp;<\/p>\n<p>&nbsp;<\/p>\n<p><strong>Funktionen:<\/strong><\/p>\n<p>&nbsp;<\/p>\n<p>&#8211; Arbeite mit seinem Neffen und Samuel Blackthorn zusammen, um die Geister aus dem Haunted Hotel zu vertreiben.<\/p>\n<p>&#8211; Erfahren Sie w\u00e4hrend Ihrer Erkundung mehr \u00fcber Uncle Sam und die tragische Geschichte des Hotels.<\/p>\n<p>&#8211; Hilf den geplagten Geistern, Ruhe zu finden.<\/p>\n<p>&#8211; Halten Sie Ausschau nach sich verwandelnden Objekten, Souvenirs und versteckten Figuren.<\/p>\n<p>&#8211; Dann erkunde den Hidden Room, um mehr zu erfahren!<\/p>\n<p>&#8211; Spiele deine bevorzugten Minispiele und HOPs erneut, um noch mehr Erfolge freizuschalten!<\/p>\n<p>&#8211; Genie\u00dfen Sie wertvolle Konzeptkunst, Musik und Hintergrundbilder und bewahren Sie sie auf.<\/p>\n<p>&#8211; Nutze den Strategieleitfaden, um auf Kurs zu bleiben!<\/p>\n","protected":false},"excerpt":{"rendered":"<p>Ein Treffen im Hotel wird zu einem gruseligen Abend! Haunted Hotel: Sammleredition, Raum 18. <\/p>\n","protected":false},"author":17,"featured_media":91141,"comment_status":"open","ping_status":"closed","template":"","meta":{"_acf_changed":false,"inline_featured_image":false},"product_brand":[],"product_cat":[164],"product_tag":[289],"class_list":{"0":"post-135139","1":"product","2":"type-product","3":"status-publish","4":"has-post-thumbnail","6":"product_cat-hidden-object-de","7":"product_tag-play-on-pc-de","9":"first","10":"instock","11":"shipping-taxable","12":"purchasable","13":"product-type-simple"},"acf":[],"yoast_head":"<!-- This site is optimized with the Yoast SEO Premium plugin v25.2 (Yoast SEO v25.2) - https:\/\/yoast.com\/wordpress\/plugins\/seo\/ -->\n<title>Haunted Hotel: Room 18 Collector&#039;s Edition - Erlebe Schrecken bei einem Wiedersehen in Zimmer 18<\/title>\n<meta name=\"description\" content=\"Ein Treffen im Hotel wird zu einem gruseligen Abend! Haunted Hotel: Sammleredition, Raum 18.\" \/>\n<meta name=\"robots\" content=\"index, follow, max-snippet:-1, max-image-preview:large, max-video-preview:-1\" \/>\n<link rel=\"canonical\" href=\"https:\/\/www.iplay.com\/de\/games\/haunted-hotel-room-18-collectors-edition\/\" \/>\n<meta property=\"og:locale\" content=\"de_DE\" \/>\n<meta property=\"og:type\" content=\"article\" \/>\n<meta property=\"og:title\" content=\"Haunted Hotel: Room 18 Collector&#039;s Edition\" \/>\n<meta property=\"og:description\" content=\"Ein Treffen im Hotel wird zu einem gruseligen Abend! Haunted Hotel: Sammleredition, Raum 18.\" \/>\n<meta property=\"og:url\" content=\"https:\/\/www.iplay.com\/de\/games\/haunted-hotel-room-18-collectors-edition\/\" \/>\n<meta property=\"og:site_name\" content=\"IPlay\" \/>\n<meta property=\"og:image\" content=\"https:\/\/www.iplay.com\/wp-content\/uploads\/2023\/12\/large_square_tile_image-3211.jpg\" \/>\n\t<meta property=\"og:image:width\" content=\"310\" \/>\n\t<meta property=\"og:image:height\" content=\"310\" \/>\n\t<meta property=\"og:image:type\" content=\"image\/jpeg\" \/>\n<meta name=\"twitter:card\" content=\"summary_large_image\" \/>\n<meta name=\"twitter:label1\" content=\"Gesch\u00e4tzte Lesezeit\" \/>\n\t<meta name=\"twitter:data1\" content=\"1 Minute\" \/>\n<script type=\"application\/ld+json\" class=\"yoast-schema-graph\">{\"@context\":\"https:\/\/schema.org\",\"@graph\":[{\"@type\":\"WebPage\",\"@id\":\"https:\/\/www.iplay.com\/de\/games\/haunted-hotel-room-18-collectors-edition\/\",\"url\":\"https:\/\/www.iplay.com\/de\/games\/haunted-hotel-room-18-collectors-edition\/\",\"name\":\"Haunted Hotel: Room 18 Collector's Edition - Erlebe Schrecken bei einem Wiedersehen in Zimmer 18\",\"isPartOf\":{\"@id\":\"https:\/\/www.iplay.com\/en\/#website\"},\"primaryImageOfPage\":{\"@id\":\"https:\/\/www.iplay.com\/de\/games\/haunted-hotel-room-18-collectors-edition\/#primaryimage\"},\"image\":{\"@id\":\"https:\/\/www.iplay.com\/de\/games\/haunted-hotel-room-18-collectors-edition\/#primaryimage\"},\"thumbnailUrl\":\"https:\/\/www.iplay.com\/wp-content\/uploads\/2023\/12\/large_square_tile_image-3211.jpg\",\"datePublished\":\"2020-04-29T00:00:00+00:00\",\"description\":\"Ein Treffen im Hotel wird zu einem gruseligen Abend! Haunted Hotel: Sammleredition, Raum 18.\",\"breadcrumb\":{\"@id\":\"https:\/\/www.iplay.com\/de\/games\/haunted-hotel-room-18-collectors-edition\/#breadcrumb\"},\"inLanguage\":\"de-DE\",\"potentialAction\":[{\"@type\":\"ReadAction\",\"target\":[\"https:\/\/www.iplay.com\/de\/games\/haunted-hotel-room-18-collectors-edition\/\"]}]},{\"@type\":\"ImageObject\",\"inLanguage\":\"de-DE\",\"@id\":\"https:\/\/www.iplay.com\/de\/games\/haunted-hotel-room-18-collectors-edition\/#primaryimage\",\"url\":\"https:\/\/www.iplay.com\/wp-content\/uploads\/2023\/12\/large_square_tile_image-3211.jpg\",\"contentUrl\":\"https:\/\/www.iplay.com\/wp-content\/uploads\/2023\/12\/large_square_tile_image-3211.jpg\",\"width\":310,\"height\":310},{\"@type\":\"BreadcrumbList\",\"@id\":\"https:\/\/www.iplay.com\/de\/games\/haunted-hotel-room-18-collectors-edition\/#breadcrumb\",\"itemListElement\":[{\"@type\":\"ListItem\",\"position\":1,\"name\":\"Home\",\"item\":\"https:\/\/www.iplay.com\/de\/home-page-2\/\"},{\"@type\":\"ListItem\",\"position\":2,\"name\":\"Shop\",\"item\":\"https:\/\/www.iplay.com\/en\/shop\/\"},{\"@type\":\"ListItem\",\"position\":3,\"name\":\"Haunted Hotel: Room 18 Collector&#8217;s Edition\"}]},{\"@type\":\"WebSite\",\"@id\":\"https:\/\/www.iplay.com\/en\/#website\",\"url\":\"https:\/\/www.iplay.com\/en\/\",\"name\":\"IPlay\",\"description\":\"The Best Casual Games!\",\"publisher\":{\"@id\":\"https:\/\/www.iplay.com\/en\/#organization\"},\"potentialAction\":[{\"@type\":\"SearchAction\",\"target\":{\"@type\":\"EntryPoint\",\"urlTemplate\":\"https:\/\/www.iplay.com\/en\/?s={search_term_string}\"},\"query-input\":{\"@type\":\"PropertyValueSpecification\",\"valueRequired\":true,\"valueName\":\"search_term_string\"}}],\"inLanguage\":\"de-DE\"},{\"@type\":\"Organization\",\"@id\":\"https:\/\/www.iplay.com\/en\/#organization\",\"name\":\"IPlay\",\"url\":\"https:\/\/www.iplay.com\/en\/\",\"logo\":{\"@type\":\"ImageObject\",\"inLanguage\":\"de-DE\",\"@id\":\"https:\/\/www.iplay.com\/en\/#\/schema\/logo\/image\/\",\"url\":\"https:\/\/www.iplay.com\/wp-content\/uploads\/2023\/11\/Group-6100.svg\",\"contentUrl\":\"https:\/\/www.iplay.com\/wp-content\/uploads\/2023\/11\/Group-6100.svg\",\"width\":98,\"height\":25,\"caption\":\"IPlay\"},\"image\":{\"@id\":\"https:\/\/www.iplay.com\/en\/#\/schema\/logo\/image\/\"}}]}<\/script>\n<!-- \/ Yoast SEO Premium plugin. -->","yoast_head_json":{"title":"Haunted Hotel: Room 18 Collector's Edition - Erlebe Schrecken bei einem Wiedersehen in Zimmer 18","description":"Ein Treffen im Hotel wird zu einem gruseligen Abend! Haunted Hotel: Sammleredition, Raum 18.","robots":{"index":"index","follow":"follow","max-snippet":"max-snippet:-1","max-image-preview":"max-image-preview:large","max-video-preview":"max-video-preview:-1"},"canonical":"https:\/\/www.iplay.com\/de\/games\/haunted-hotel-room-18-collectors-edition\/","og_locale":"de_DE","og_type":"article","og_title":"Haunted Hotel: Room 18 Collector's Edition","og_description":"Ein Treffen im Hotel wird zu einem gruseligen Abend! Haunted Hotel: Sammleredition, Raum 18.","og_url":"https:\/\/www.iplay.com\/de\/games\/haunted-hotel-room-18-collectors-edition\/","og_site_name":"IPlay","og_image":[{"width":310,"height":310,"url":"https:\/\/www.iplay.com\/wp-content\/uploads\/2023\/12\/large_square_tile_image-3211.jpg","type":"image\/jpeg"}],"twitter_card":"summary_large_image","twitter_misc":{"Gesch\u00e4tzte Lesezeit":"1 Minute"},"schema":{"@context":"https:\/\/schema.org","@graph":[{"@type":"WebPage","@id":"https:\/\/www.iplay.com\/de\/games\/haunted-hotel-room-18-collectors-edition\/","url":"https:\/\/www.iplay.com\/de\/games\/haunted-hotel-room-18-collectors-edition\/","name":"Haunted Hotel: Room 18 Collector's Edition - Erlebe Schrecken bei einem Wiedersehen in Zimmer 18","isPartOf":{"@id":"https:\/\/www.iplay.com\/en\/#website"},"primaryImageOfPage":{"@id":"https:\/\/www.iplay.com\/de\/games\/haunted-hotel-room-18-collectors-edition\/#primaryimage"},"image":{"@id":"https:\/\/www.iplay.com\/de\/games\/haunted-hotel-room-18-collectors-edition\/#primaryimage"},"thumbnailUrl":"https:\/\/www.iplay.com\/wp-content\/uploads\/2023\/12\/large_square_tile_image-3211.jpg","datePublished":"2020-04-29T00:00:00+00:00","description":"Ein Treffen im Hotel wird zu einem gruseligen Abend! Haunted Hotel: Sammleredition, Raum 18.","breadcrumb":{"@id":"https:\/\/www.iplay.com\/de\/games\/haunted-hotel-room-18-collectors-edition\/#breadcrumb"},"inLanguage":"de-DE","potentialAction":[{"@type":"ReadAction","target":["https:\/\/www.iplay.com\/de\/games\/haunted-hotel-room-18-collectors-edition\/"]}]},{"@type":"ImageObject","inLanguage":"de-DE","@id":"https:\/\/www.iplay.com\/de\/games\/haunted-hotel-room-18-collectors-edition\/#primaryimage","url":"https:\/\/www.iplay.com\/wp-content\/uploads\/2023\/12\/large_square_tile_image-3211.jpg","contentUrl":"https:\/\/www.iplay.com\/wp-content\/uploads\/2023\/12\/large_square_tile_image-3211.jpg","width":310,"height":310},{"@type":"BreadcrumbList","@id":"https:\/\/www.iplay.com\/de\/games\/haunted-hotel-room-18-collectors-edition\/#breadcrumb","itemListElement":[{"@type":"ListItem","position":1,"name":"Home","item":"https:\/\/www.iplay.com\/de\/home-page-2\/"},{"@type":"ListItem","position":2,"name":"Shop","item":"https:\/\/www.iplay.com\/en\/shop\/"},{"@type":"ListItem","position":3,"name":"Haunted Hotel: Room 18 Collector&#8217;s Edition"}]},{"@type":"WebSite","@id":"https:\/\/www.iplay.com\/en\/#website","url":"https:\/\/www.iplay.com\/en\/","name":"IPlay","description":"The Best Casual Games!","publisher":{"@id":"https:\/\/www.iplay.com\/en\/#organization"},"potentialAction":[{"@type":"SearchAction","target":{"@type":"EntryPoint","urlTemplate":"https:\/\/www.iplay.com\/en\/?s={search_term_string}"},"query-input":{"@type":"PropertyValueSpecification","valueRequired":true,"valueName":"search_term_string"}}],"inLanguage":"de-DE"},{"@type":"Organization","@id":"https:\/\/www.iplay.com\/en\/#organization","name":"IPlay","url":"https:\/\/www.iplay.com\/en\/","logo":{"@type":"ImageObject","inLanguage":"de-DE","@id":"https:\/\/www.iplay.com\/en\/#\/schema\/logo\/image\/","url":"https:\/\/www.iplay.com\/wp-content\/uploads\/2023\/11\/Group-6100.svg","contentUrl":"https:\/\/www.iplay.com\/wp-content\/uploads\/2023\/11\/Group-6100.svg","width":98,"height":25,"caption":"IPlay"},"image":{"@id":"https:\/\/www.iplay.com\/en\/#\/schema\/logo\/image\/"}}]}},"_links":{"self":[{"href":"https:\/\/www.iplay.com\/de\/wp-json\/wp\/v2\/product\/135139","targetHints":{"allow":["GET"]}}],"collection":[{"href":"https:\/\/www.iplay.com\/de\/wp-json\/wp\/v2\/product"}],"about":[{"href":"https:\/\/www.iplay.com\/de\/wp-json\/wp\/v2\/types\/product"}],"author":[{"embeddable":true,"href":"https:\/\/www.iplay.com\/de\/wp-json\/wp\/v2\/users\/17"}],"replies":[{"embeddable":true,"href":"https:\/\/www.iplay.com\/de\/wp-json\/wp\/v2\/comments?post=135139"}],"wp:featuredmedia":[{"embeddable":true,"href":"https:\/\/www.iplay.com\/de\/wp-json\/wp\/v2\/media\/91141"}],"wp:attachment":[{"href":"https:\/\/www.iplay.com\/de\/wp-json\/wp\/v2\/media?parent=135139"}],"wp:term":[{"taxonomy":"product_brand","embeddable":true,"href":"https:\/\/www.iplay.com\/de\/wp-json\/wp\/v2\/product_brand?post=135139"},{"taxonomy":"product_cat","embeddable":true,"href":"https:\/\/www.iplay.com\/de\/wp-json\/wp\/v2\/product_cat?post=135139"},{"taxonomy":"product_tag","embeddable":true,"href":"https:\/\/www.iplay.com\/de\/wp-json\/wp\/v2\/product_tag?post=135139"}],"curies":[{"name":"wp","href":"https:\/\/api.w.org\/{rel}","templated":true}]}}