{"id":135130,"date":"2020-05-17T00:00:00","date_gmt":"2020-05-17T00:00:00","guid":{"rendered":"https:\/\/www.iplay.com\/games\/royal-detective-the-last-charm-collectors-edition\/"},"modified":"2020-05-17T00:00:00","modified_gmt":"2020-05-17T00:00:00","slug":"royal-detective-the-last-charm-collectors-edition","status":"publish","type":"product","link":"https:\/\/www.iplay.com\/de\/games\/royal-detective-the-last-charm-collectors-edition\/","title":{"rendered":"Royal Detective: The Last Charm Collector&#8217;s Edition"},"content":{"rendered":"<p>Besiege eine Geisterarmee in Riddles of Fate: Wild Hunt! Du wirst nach Osville gerufen, wo ein einsames junges M\u00e4dchen das Ziel einer Horde von Geistern ist, die von den vier Reitern der Apokalypse befehligt werden, die die Stra\u00dfen durchstreifen. Der mysteri\u00f6se Gefangene, der im Turm gefangen gehalten ist, hat das Geheimnis, um die Stadt zu retten, aber du musst ihn zuerst ausfindig machen! L\u00f6se das Geheimnis um die Armee der Wilden Jagd und erfahre die wahre Motivation hinter dem ultimativen Verrat des Gefangenen in diesem fesselnden Wimmelbild-Abenteuerspiel! Geben Sie zwei zus\u00e4tzliche Spiele ein!    <\/p>\n<p>&nbsp;<\/p>\n<p>&nbsp;<\/p>\n<p><strong>Funktionen:<\/strong><\/p>\n<p>&nbsp;<\/p>\n<p>&#8211; Rette die Prinzessin und hole ihre Seele zur\u00fcck!<br \/>\n&#8211; Erkunde die Wunder, die im Reich der Toten lauern, indem du einen Ausflug dorthin machst!<br \/>\n&#8211; L\u00f6se die Geheimnisse von Osville mit Hilfe von Boni und Sammlerst\u00fccken!<\/p>\n","protected":false},"excerpt":{"rendered":"<p>Erforsche eine Welt unter deiner eigenen. Die Collector&#8217;s Edition von Royal Detective &#8211; Der letzte Zauber <\/p>\n","protected":false},"author":17,"featured_media":91013,"comment_status":"open","ping_status":"closed","template":"","meta":{"_acf_changed":false,"inline_featured_image":false},"product_brand":[],"product_cat":[164],"product_tag":[289],"class_list":{"0":"post-135130","1":"product","2":"type-product","3":"status-publish","4":"has-post-thumbnail","6":"product_cat-hidden-object-de","7":"product_tag-play-on-pc-de","9":"first","10":"instock","11":"shipping-taxable","12":"purchasable","13":"product-type-simple"},"acf":[],"yoast_head":"<!-- This site is optimized with the Yoast SEO Premium plugin v25.2 (Yoast SEO v25.2) - https:\/\/yoast.com\/wordpress\/plugins\/seo\/ -->\n<title>Royal Detective: The Last Charm Sammleredition - Entdecken Sie unten in der Royal Detective Collector&#039;s Edition<\/title>\n<meta name=\"description\" content=\"Erforsche eine Welt unter deiner eigenen. Die Collector&#039;s Edition von Royal Detective - Der letzte Zauber\" \/>\n<meta name=\"robots\" content=\"index, follow, max-snippet:-1, max-image-preview:large, max-video-preview:-1\" \/>\n<link rel=\"canonical\" href=\"https:\/\/www.iplay.com\/de\/games\/royal-detective-the-last-charm-collectors-edition\/\" \/>\n<meta property=\"og:locale\" content=\"de_DE\" \/>\n<meta property=\"og:type\" content=\"article\" \/>\n<meta property=\"og:title\" content=\"Royal Detective: The Last Charm Collector&#039;s Edition\" \/>\n<meta property=\"og:description\" content=\"Erforsche eine Welt unter deiner eigenen. Die Collector&#039;s Edition von Royal Detective - Der letzte Zauber\" \/>\n<meta property=\"og:url\" content=\"https:\/\/www.iplay.com\/de\/games\/royal-detective-the-last-charm-collectors-edition\/\" \/>\n<meta property=\"og:site_name\" content=\"IPlay\" \/>\n<meta property=\"og:image\" content=\"https:\/\/www.iplay.com\/wp-content\/uploads\/2023\/12\/large_square_tile_image-3203.jpg\" \/>\n\t<meta property=\"og:image:width\" content=\"310\" \/>\n\t<meta property=\"og:image:height\" content=\"310\" \/>\n\t<meta property=\"og:image:type\" content=\"image\/jpeg\" \/>\n<meta name=\"twitter:card\" content=\"summary_large_image\" \/>\n<meta name=\"twitter:label1\" content=\"Gesch\u00e4tzte Lesezeit\" \/>\n\t<meta name=\"twitter:data1\" content=\"1 Minute\" \/>\n<script type=\"application\/ld+json\" class=\"yoast-schema-graph\">{\"@context\":\"https:\/\/schema.org\",\"@graph\":[{\"@type\":\"WebPage\",\"@id\":\"https:\/\/www.iplay.com\/de\/games\/royal-detective-the-last-charm-collectors-edition\/\",\"url\":\"https:\/\/www.iplay.com\/de\/games\/royal-detective-the-last-charm-collectors-edition\/\",\"name\":\"Royal Detective: The Last Charm Sammleredition - Entdecken Sie unten in der Royal Detective Collector's Edition\",\"isPartOf\":{\"@id\":\"https:\/\/www.iplay.com\/en\/#website\"},\"primaryImageOfPage\":{\"@id\":\"https:\/\/www.iplay.com\/de\/games\/royal-detective-the-last-charm-collectors-edition\/#primaryimage\"},\"image\":{\"@id\":\"https:\/\/www.iplay.com\/de\/games\/royal-detective-the-last-charm-collectors-edition\/#primaryimage\"},\"thumbnailUrl\":\"https:\/\/www.iplay.com\/wp-content\/uploads\/2023\/12\/large_square_tile_image-3203.jpg\",\"datePublished\":\"2020-05-17T00:00:00+00:00\",\"description\":\"Erforsche eine Welt unter deiner eigenen. Die Collector's Edition von Royal Detective - Der letzte Zauber\",\"breadcrumb\":{\"@id\":\"https:\/\/www.iplay.com\/de\/games\/royal-detective-the-last-charm-collectors-edition\/#breadcrumb\"},\"inLanguage\":\"de-DE\",\"potentialAction\":[{\"@type\":\"ReadAction\",\"target\":[\"https:\/\/www.iplay.com\/de\/games\/royal-detective-the-last-charm-collectors-edition\/\"]}]},{\"@type\":\"ImageObject\",\"inLanguage\":\"de-DE\",\"@id\":\"https:\/\/www.iplay.com\/de\/games\/royal-detective-the-last-charm-collectors-edition\/#primaryimage\",\"url\":\"https:\/\/www.iplay.com\/wp-content\/uploads\/2023\/12\/large_square_tile_image-3203.jpg\",\"contentUrl\":\"https:\/\/www.iplay.com\/wp-content\/uploads\/2023\/12\/large_square_tile_image-3203.jpg\",\"width\":310,\"height\":310},{\"@type\":\"BreadcrumbList\",\"@id\":\"https:\/\/www.iplay.com\/de\/games\/royal-detective-the-last-charm-collectors-edition\/#breadcrumb\",\"itemListElement\":[{\"@type\":\"ListItem\",\"position\":1,\"name\":\"Home\",\"item\":\"https:\/\/www.iplay.com\/de\/home-page-2\/\"},{\"@type\":\"ListItem\",\"position\":2,\"name\":\"Shop\",\"item\":\"https:\/\/www.iplay.com\/en\/shop\/\"},{\"@type\":\"ListItem\",\"position\":3,\"name\":\"Royal Detective: The Last Charm Collector&#8217;s Edition\"}]},{\"@type\":\"WebSite\",\"@id\":\"https:\/\/www.iplay.com\/en\/#website\",\"url\":\"https:\/\/www.iplay.com\/en\/\",\"name\":\"IPlay\",\"description\":\"The Best Casual Games!\",\"publisher\":{\"@id\":\"https:\/\/www.iplay.com\/en\/#organization\"},\"potentialAction\":[{\"@type\":\"SearchAction\",\"target\":{\"@type\":\"EntryPoint\",\"urlTemplate\":\"https:\/\/www.iplay.com\/en\/?s={search_term_string}\"},\"query-input\":{\"@type\":\"PropertyValueSpecification\",\"valueRequired\":true,\"valueName\":\"search_term_string\"}}],\"inLanguage\":\"de-DE\"},{\"@type\":\"Organization\",\"@id\":\"https:\/\/www.iplay.com\/en\/#organization\",\"name\":\"IPlay\",\"url\":\"https:\/\/www.iplay.com\/en\/\",\"logo\":{\"@type\":\"ImageObject\",\"inLanguage\":\"de-DE\",\"@id\":\"https:\/\/www.iplay.com\/en\/#\/schema\/logo\/image\/\",\"url\":\"https:\/\/www.iplay.com\/wp-content\/uploads\/2023\/11\/Group-6100.svg\",\"contentUrl\":\"https:\/\/www.iplay.com\/wp-content\/uploads\/2023\/11\/Group-6100.svg\",\"width\":98,\"height\":25,\"caption\":\"IPlay\"},\"image\":{\"@id\":\"https:\/\/www.iplay.com\/en\/#\/schema\/logo\/image\/\"}}]}<\/script>\n<!-- \/ Yoast SEO Premium plugin. -->","yoast_head_json":{"title":"Royal Detective: The Last Charm Sammleredition - Entdecken Sie unten in der Royal Detective Collector's Edition","description":"Erforsche eine Welt unter deiner eigenen. Die Collector's Edition von Royal Detective - Der letzte Zauber","robots":{"index":"index","follow":"follow","max-snippet":"max-snippet:-1","max-image-preview":"max-image-preview:large","max-video-preview":"max-video-preview:-1"},"canonical":"https:\/\/www.iplay.com\/de\/games\/royal-detective-the-last-charm-collectors-edition\/","og_locale":"de_DE","og_type":"article","og_title":"Royal Detective: The Last Charm Collector's Edition","og_description":"Erforsche eine Welt unter deiner eigenen. Die Collector's Edition von Royal Detective - Der letzte Zauber","og_url":"https:\/\/www.iplay.com\/de\/games\/royal-detective-the-last-charm-collectors-edition\/","og_site_name":"IPlay","og_image":[{"width":310,"height":310,"url":"https:\/\/www.iplay.com\/wp-content\/uploads\/2023\/12\/large_square_tile_image-3203.jpg","type":"image\/jpeg"}],"twitter_card":"summary_large_image","twitter_misc":{"Gesch\u00e4tzte Lesezeit":"1 Minute"},"schema":{"@context":"https:\/\/schema.org","@graph":[{"@type":"WebPage","@id":"https:\/\/www.iplay.com\/de\/games\/royal-detective-the-last-charm-collectors-edition\/","url":"https:\/\/www.iplay.com\/de\/games\/royal-detective-the-last-charm-collectors-edition\/","name":"Royal Detective: The Last Charm Sammleredition - Entdecken Sie unten in der Royal Detective Collector's Edition","isPartOf":{"@id":"https:\/\/www.iplay.com\/en\/#website"},"primaryImageOfPage":{"@id":"https:\/\/www.iplay.com\/de\/games\/royal-detective-the-last-charm-collectors-edition\/#primaryimage"},"image":{"@id":"https:\/\/www.iplay.com\/de\/games\/royal-detective-the-last-charm-collectors-edition\/#primaryimage"},"thumbnailUrl":"https:\/\/www.iplay.com\/wp-content\/uploads\/2023\/12\/large_square_tile_image-3203.jpg","datePublished":"2020-05-17T00:00:00+00:00","description":"Erforsche eine Welt unter deiner eigenen. Die Collector's Edition von Royal Detective - Der letzte Zauber","breadcrumb":{"@id":"https:\/\/www.iplay.com\/de\/games\/royal-detective-the-last-charm-collectors-edition\/#breadcrumb"},"inLanguage":"de-DE","potentialAction":[{"@type":"ReadAction","target":["https:\/\/www.iplay.com\/de\/games\/royal-detective-the-last-charm-collectors-edition\/"]}]},{"@type":"ImageObject","inLanguage":"de-DE","@id":"https:\/\/www.iplay.com\/de\/games\/royal-detective-the-last-charm-collectors-edition\/#primaryimage","url":"https:\/\/www.iplay.com\/wp-content\/uploads\/2023\/12\/large_square_tile_image-3203.jpg","contentUrl":"https:\/\/www.iplay.com\/wp-content\/uploads\/2023\/12\/large_square_tile_image-3203.jpg","width":310,"height":310},{"@type":"BreadcrumbList","@id":"https:\/\/www.iplay.com\/de\/games\/royal-detective-the-last-charm-collectors-edition\/#breadcrumb","itemListElement":[{"@type":"ListItem","position":1,"name":"Home","item":"https:\/\/www.iplay.com\/de\/home-page-2\/"},{"@type":"ListItem","position":2,"name":"Shop","item":"https:\/\/www.iplay.com\/en\/shop\/"},{"@type":"ListItem","position":3,"name":"Royal Detective: The Last Charm Collector&#8217;s Edition"}]},{"@type":"WebSite","@id":"https:\/\/www.iplay.com\/en\/#website","url":"https:\/\/www.iplay.com\/en\/","name":"IPlay","description":"The Best Casual Games!","publisher":{"@id":"https:\/\/www.iplay.com\/en\/#organization"},"potentialAction":[{"@type":"SearchAction","target":{"@type":"EntryPoint","urlTemplate":"https:\/\/www.iplay.com\/en\/?s={search_term_string}"},"query-input":{"@type":"PropertyValueSpecification","valueRequired":true,"valueName":"search_term_string"}}],"inLanguage":"de-DE"},{"@type":"Organization","@id":"https:\/\/www.iplay.com\/en\/#organization","name":"IPlay","url":"https:\/\/www.iplay.com\/en\/","logo":{"@type":"ImageObject","inLanguage":"de-DE","@id":"https:\/\/www.iplay.com\/en\/#\/schema\/logo\/image\/","url":"https:\/\/www.iplay.com\/wp-content\/uploads\/2023\/11\/Group-6100.svg","contentUrl":"https:\/\/www.iplay.com\/wp-content\/uploads\/2023\/11\/Group-6100.svg","width":98,"height":25,"caption":"IPlay"},"image":{"@id":"https:\/\/www.iplay.com\/en\/#\/schema\/logo\/image\/"}}]}},"_links":{"self":[{"href":"https:\/\/www.iplay.com\/de\/wp-json\/wp\/v2\/product\/135130","targetHints":{"allow":["GET"]}}],"collection":[{"href":"https:\/\/www.iplay.com\/de\/wp-json\/wp\/v2\/product"}],"about":[{"href":"https:\/\/www.iplay.com\/de\/wp-json\/wp\/v2\/types\/product"}],"author":[{"embeddable":true,"href":"https:\/\/www.iplay.com\/de\/wp-json\/wp\/v2\/users\/17"}],"replies":[{"embeddable":true,"href":"https:\/\/www.iplay.com\/de\/wp-json\/wp\/v2\/comments?post=135130"}],"wp:featuredmedia":[{"embeddable":true,"href":"https:\/\/www.iplay.com\/de\/wp-json\/wp\/v2\/media\/91013"}],"wp:attachment":[{"href":"https:\/\/www.iplay.com\/de\/wp-json\/wp\/v2\/media?parent=135130"}],"wp:term":[{"taxonomy":"product_brand","embeddable":true,"href":"https:\/\/www.iplay.com\/de\/wp-json\/wp\/v2\/product_brand?post=135130"},{"taxonomy":"product_cat","embeddable":true,"href":"https:\/\/www.iplay.com\/de\/wp-json\/wp\/v2\/product_cat?post=135130"},{"taxonomy":"product_tag","embeddable":true,"href":"https:\/\/www.iplay.com\/de\/wp-json\/wp\/v2\/product_tag?post=135130"}],"curies":[{"name":"wp","href":"https:\/\/api.w.org\/{rel}","templated":true}]}}