{"id":135095,"date":"2020-08-21T00:00:00","date_gmt":"2020-08-21T00:00:00","guid":{"rendered":"https:\/\/www.iplay.com\/games\/bonfire-stories-manifest-horror-collectors-edition\/"},"modified":"2020-08-21T00:00:00","modified_gmt":"2020-08-21T00:00:00","slug":"bonfire-stories-manifest-horror-collectors-edition","status":"publish","type":"product","link":"https:\/\/www.iplay.com\/de\/games\/bonfire-stories-manifest-horror-collectors-edition\/","title":{"rendered":"Bonfire Stories: Manifest Horror Collector&#8217;s Edition"},"content":{"rendered":"<p>Genie\u00dfe <em>Bonfire Stories: Collector&#8217;s Edition von Manifest Horror, die aufregende<\/em> neue Geschichte der gruseligen Bonfire Stories-Reihe! Obwohl Alan in seinem Brief verzweifelt klang, kehrte Caroline in die Stadt zur\u00fcck, um ihm zu helfen, und entdeckte etwas viel Schlimmeres, als sie erwartet hatte. Caroline muss ihre List einsetzen, um dem schrecklichen B\u00f6sen einen Schritt voraus zu sein, das sich unter dem Nebel verbirgt, weil Alan verschwunden ist, ein omin\u00f6ser Nebel, der die Stadt bedeckt und Geheimnisse aus der Vergangenheit aufzieht. Dieses Spiel ist perfekt f\u00fcr dich, wenn du Wimmelbildszenen magst! In diesem furchterregenden, originellen neuen Wimmelbildspiel brauchst du scharfe Augen, um Hunderte von atemberaubenden Landschaften zu durchsuchen, um Caroline dabei zu helfen, die Wahrheit \u00fcber das Monster im Nebel herauszufinden und lange genug zu \u00fcberleben, um herauszufinden, wie man es aufhalten kann!    <\/p>\n<p>&nbsp;<\/p>\n<p>&nbsp;<\/p>\n<p><strong>Funktionen:<\/strong><\/p>\n<p>&nbsp;<\/p>\n<p>&#8211; Schlie\u00dfe das Experiment des Bonuskapitels ab!<br \/>\n&#8211; Schlie\u00dfe ein Bonusr\u00e4tsel ab, beantworte Quizfragen und erhalte Erfolge! Sammle jeden letzten Sch\u00e4del!<br \/>\n&#8211; Profitieren Sie von einzigartigen Konzeptzeichnungen, Musik, Filmen und Hintergrundbildern!<br \/>\n&#8211; Vermeiden Sie es, sich zu verlaufen, indem Sie den Strategieleitfaden verwenden!<\/p>\n","protected":false},"excerpt":{"rendered":"<p>Was verbirgt sich im Nebel? Erfahre mehr in der Collector&#8217;s Edition von Bonfire Stories: Manifest Horror. <\/p>\n","protected":false},"author":17,"featured_media":104995,"comment_status":"open","ping_status":"closed","template":"","meta":{"_acf_changed":false,"inline_featured_image":false},"product_brand":[],"product_cat":[164],"product_tag":[289],"class_list":{"0":"post-135095","1":"product","2":"type-product","3":"status-publish","4":"has-post-thumbnail","6":"product_cat-hidden-object-de","7":"product_tag-play-on-pc-de","9":"first","10":"instock","11":"shipping-taxable","12":"purchasable","13":"product-type-simple"},"acf":[],"yoast_head":"<!-- This site is optimized with the Yoast SEO Premium plugin v25.2 (Yoast SEO v25.2) - https:\/\/yoast.com\/wordpress\/plugins\/seo\/ -->\n<title>Bonfire Stories: Manifest Horror Collector&#039;s Edition - Was lauert im Nebel? Bonfire Stories: Manifest Horror CE<\/title>\n<meta name=\"description\" content=\"Was verbirgt sich im Nebel? Erfahre mehr in der Collector&#039;s Edition von Bonfire Stories: Manifest Horror.\" \/>\n<meta name=\"robots\" content=\"index, follow, max-snippet:-1, max-image-preview:large, max-video-preview:-1\" \/>\n<link rel=\"canonical\" href=\"https:\/\/www.iplay.com\/de\/games\/bonfire-stories-manifest-horror-collectors-edition\/\" \/>\n<meta property=\"og:locale\" content=\"de_DE\" \/>\n<meta property=\"og:type\" content=\"article\" \/>\n<meta property=\"og:title\" content=\"Bonfire Stories: Manifest Horror Collector&#039;s Edition\" \/>\n<meta property=\"og:description\" content=\"Was verbirgt sich im Nebel? Erfahre mehr in der Collector&#039;s Edition von Bonfire Stories: Manifest Horror.\" \/>\n<meta property=\"og:url\" content=\"https:\/\/www.iplay.com\/de\/games\/bonfire-stories-manifest-horror-collectors-edition\/\" \/>\n<meta property=\"og:site_name\" content=\"IPlay\" \/>\n<meta property=\"og:image\" content=\"https:\/\/www.iplay.com\/wp-content\/uploads\/2023\/12\/large_square_tile_image-4080.jpg\" \/>\n\t<meta property=\"og:image:width\" content=\"310\" \/>\n\t<meta property=\"og:image:height\" content=\"310\" \/>\n\t<meta property=\"og:image:type\" content=\"image\/jpeg\" \/>\n<meta name=\"twitter:card\" content=\"summary_large_image\" \/>\n<meta name=\"twitter:label1\" content=\"Gesch\u00e4tzte Lesezeit\" \/>\n\t<meta name=\"twitter:data1\" content=\"1 Minute\" \/>\n<script type=\"application\/ld+json\" class=\"yoast-schema-graph\">{\"@context\":\"https:\/\/schema.org\",\"@graph\":[{\"@type\":\"WebPage\",\"@id\":\"https:\/\/www.iplay.com\/de\/games\/bonfire-stories-manifest-horror-collectors-edition\/\",\"url\":\"https:\/\/www.iplay.com\/de\/games\/bonfire-stories-manifest-horror-collectors-edition\/\",\"name\":\"Bonfire Stories: Manifest Horror Collector's Edition - Was lauert im Nebel? Bonfire Stories: Manifest Horror CE\",\"isPartOf\":{\"@id\":\"https:\/\/www.iplay.com\/en\/#website\"},\"primaryImageOfPage\":{\"@id\":\"https:\/\/www.iplay.com\/de\/games\/bonfire-stories-manifest-horror-collectors-edition\/#primaryimage\"},\"image\":{\"@id\":\"https:\/\/www.iplay.com\/de\/games\/bonfire-stories-manifest-horror-collectors-edition\/#primaryimage\"},\"thumbnailUrl\":\"https:\/\/www.iplay.com\/wp-content\/uploads\/2023\/12\/large_square_tile_image-4080.jpg\",\"datePublished\":\"2020-08-21T00:00:00+00:00\",\"description\":\"Was verbirgt sich im Nebel? Erfahre mehr in der Collector's Edition von Bonfire Stories: Manifest Horror.\",\"breadcrumb\":{\"@id\":\"https:\/\/www.iplay.com\/de\/games\/bonfire-stories-manifest-horror-collectors-edition\/#breadcrumb\"},\"inLanguage\":\"de-DE\",\"potentialAction\":[{\"@type\":\"ReadAction\",\"target\":[\"https:\/\/www.iplay.com\/de\/games\/bonfire-stories-manifest-horror-collectors-edition\/\"]}]},{\"@type\":\"ImageObject\",\"inLanguage\":\"de-DE\",\"@id\":\"https:\/\/www.iplay.com\/de\/games\/bonfire-stories-manifest-horror-collectors-edition\/#primaryimage\",\"url\":\"https:\/\/www.iplay.com\/wp-content\/uploads\/2023\/12\/large_square_tile_image-4080.jpg\",\"contentUrl\":\"https:\/\/www.iplay.com\/wp-content\/uploads\/2023\/12\/large_square_tile_image-4080.jpg\",\"width\":310,\"height\":310},{\"@type\":\"BreadcrumbList\",\"@id\":\"https:\/\/www.iplay.com\/de\/games\/bonfire-stories-manifest-horror-collectors-edition\/#breadcrumb\",\"itemListElement\":[{\"@type\":\"ListItem\",\"position\":1,\"name\":\"Home\",\"item\":\"https:\/\/www.iplay.com\/de\/home-page-2\/\"},{\"@type\":\"ListItem\",\"position\":2,\"name\":\"Shop\",\"item\":\"https:\/\/www.iplay.com\/en\/shop\/\"},{\"@type\":\"ListItem\",\"position\":3,\"name\":\"Bonfire Stories: Manifest Horror Collector&#8217;s Edition\"}]},{\"@type\":\"WebSite\",\"@id\":\"https:\/\/www.iplay.com\/en\/#website\",\"url\":\"https:\/\/www.iplay.com\/en\/\",\"name\":\"IPlay\",\"description\":\"The Best Casual Games!\",\"publisher\":{\"@id\":\"https:\/\/www.iplay.com\/en\/#organization\"},\"potentialAction\":[{\"@type\":\"SearchAction\",\"target\":{\"@type\":\"EntryPoint\",\"urlTemplate\":\"https:\/\/www.iplay.com\/en\/?s={search_term_string}\"},\"query-input\":{\"@type\":\"PropertyValueSpecification\",\"valueRequired\":true,\"valueName\":\"search_term_string\"}}],\"inLanguage\":\"de-DE\"},{\"@type\":\"Organization\",\"@id\":\"https:\/\/www.iplay.com\/en\/#organization\",\"name\":\"IPlay\",\"url\":\"https:\/\/www.iplay.com\/en\/\",\"logo\":{\"@type\":\"ImageObject\",\"inLanguage\":\"de-DE\",\"@id\":\"https:\/\/www.iplay.com\/en\/#\/schema\/logo\/image\/\",\"url\":\"https:\/\/www.iplay.com\/wp-content\/uploads\/2023\/11\/Group-6100.svg\",\"contentUrl\":\"https:\/\/www.iplay.com\/wp-content\/uploads\/2023\/11\/Group-6100.svg\",\"width\":98,\"height\":25,\"caption\":\"IPlay\"},\"image\":{\"@id\":\"https:\/\/www.iplay.com\/en\/#\/schema\/logo\/image\/\"}}]}<\/script>\n<!-- \/ Yoast SEO Premium plugin. -->","yoast_head_json":{"title":"Bonfire Stories: Manifest Horror Collector's Edition - Was lauert im Nebel? Bonfire Stories: Manifest Horror CE","description":"Was verbirgt sich im Nebel? Erfahre mehr in der Collector's Edition von Bonfire Stories: Manifest Horror.","robots":{"index":"index","follow":"follow","max-snippet":"max-snippet:-1","max-image-preview":"max-image-preview:large","max-video-preview":"max-video-preview:-1"},"canonical":"https:\/\/www.iplay.com\/de\/games\/bonfire-stories-manifest-horror-collectors-edition\/","og_locale":"de_DE","og_type":"article","og_title":"Bonfire Stories: Manifest Horror Collector's Edition","og_description":"Was verbirgt sich im Nebel? Erfahre mehr in der Collector's Edition von Bonfire Stories: Manifest Horror.","og_url":"https:\/\/www.iplay.com\/de\/games\/bonfire-stories-manifest-horror-collectors-edition\/","og_site_name":"IPlay","og_image":[{"width":310,"height":310,"url":"https:\/\/www.iplay.com\/wp-content\/uploads\/2023\/12\/large_square_tile_image-4080.jpg","type":"image\/jpeg"}],"twitter_card":"summary_large_image","twitter_misc":{"Gesch\u00e4tzte Lesezeit":"1 Minute"},"schema":{"@context":"https:\/\/schema.org","@graph":[{"@type":"WebPage","@id":"https:\/\/www.iplay.com\/de\/games\/bonfire-stories-manifest-horror-collectors-edition\/","url":"https:\/\/www.iplay.com\/de\/games\/bonfire-stories-manifest-horror-collectors-edition\/","name":"Bonfire Stories: Manifest Horror Collector's Edition - Was lauert im Nebel? Bonfire Stories: Manifest Horror CE","isPartOf":{"@id":"https:\/\/www.iplay.com\/en\/#website"},"primaryImageOfPage":{"@id":"https:\/\/www.iplay.com\/de\/games\/bonfire-stories-manifest-horror-collectors-edition\/#primaryimage"},"image":{"@id":"https:\/\/www.iplay.com\/de\/games\/bonfire-stories-manifest-horror-collectors-edition\/#primaryimage"},"thumbnailUrl":"https:\/\/www.iplay.com\/wp-content\/uploads\/2023\/12\/large_square_tile_image-4080.jpg","datePublished":"2020-08-21T00:00:00+00:00","description":"Was verbirgt sich im Nebel? Erfahre mehr in der Collector's Edition von Bonfire Stories: Manifest Horror.","breadcrumb":{"@id":"https:\/\/www.iplay.com\/de\/games\/bonfire-stories-manifest-horror-collectors-edition\/#breadcrumb"},"inLanguage":"de-DE","potentialAction":[{"@type":"ReadAction","target":["https:\/\/www.iplay.com\/de\/games\/bonfire-stories-manifest-horror-collectors-edition\/"]}]},{"@type":"ImageObject","inLanguage":"de-DE","@id":"https:\/\/www.iplay.com\/de\/games\/bonfire-stories-manifest-horror-collectors-edition\/#primaryimage","url":"https:\/\/www.iplay.com\/wp-content\/uploads\/2023\/12\/large_square_tile_image-4080.jpg","contentUrl":"https:\/\/www.iplay.com\/wp-content\/uploads\/2023\/12\/large_square_tile_image-4080.jpg","width":310,"height":310},{"@type":"BreadcrumbList","@id":"https:\/\/www.iplay.com\/de\/games\/bonfire-stories-manifest-horror-collectors-edition\/#breadcrumb","itemListElement":[{"@type":"ListItem","position":1,"name":"Home","item":"https:\/\/www.iplay.com\/de\/home-page-2\/"},{"@type":"ListItem","position":2,"name":"Shop","item":"https:\/\/www.iplay.com\/en\/shop\/"},{"@type":"ListItem","position":3,"name":"Bonfire Stories: Manifest Horror Collector&#8217;s Edition"}]},{"@type":"WebSite","@id":"https:\/\/www.iplay.com\/en\/#website","url":"https:\/\/www.iplay.com\/en\/","name":"IPlay","description":"The Best Casual Games!","publisher":{"@id":"https:\/\/www.iplay.com\/en\/#organization"},"potentialAction":[{"@type":"SearchAction","target":{"@type":"EntryPoint","urlTemplate":"https:\/\/www.iplay.com\/en\/?s={search_term_string}"},"query-input":{"@type":"PropertyValueSpecification","valueRequired":true,"valueName":"search_term_string"}}],"inLanguage":"de-DE"},{"@type":"Organization","@id":"https:\/\/www.iplay.com\/en\/#organization","name":"IPlay","url":"https:\/\/www.iplay.com\/en\/","logo":{"@type":"ImageObject","inLanguage":"de-DE","@id":"https:\/\/www.iplay.com\/en\/#\/schema\/logo\/image\/","url":"https:\/\/www.iplay.com\/wp-content\/uploads\/2023\/11\/Group-6100.svg","contentUrl":"https:\/\/www.iplay.com\/wp-content\/uploads\/2023\/11\/Group-6100.svg","width":98,"height":25,"caption":"IPlay"},"image":{"@id":"https:\/\/www.iplay.com\/en\/#\/schema\/logo\/image\/"}}]}},"_links":{"self":[{"href":"https:\/\/www.iplay.com\/de\/wp-json\/wp\/v2\/product\/135095","targetHints":{"allow":["GET"]}}],"collection":[{"href":"https:\/\/www.iplay.com\/de\/wp-json\/wp\/v2\/product"}],"about":[{"href":"https:\/\/www.iplay.com\/de\/wp-json\/wp\/v2\/types\/product"}],"author":[{"embeddable":true,"href":"https:\/\/www.iplay.com\/de\/wp-json\/wp\/v2\/users\/17"}],"replies":[{"embeddable":true,"href":"https:\/\/www.iplay.com\/de\/wp-json\/wp\/v2\/comments?post=135095"}],"wp:featuredmedia":[{"embeddable":true,"href":"https:\/\/www.iplay.com\/de\/wp-json\/wp\/v2\/media\/104995"}],"wp:attachment":[{"href":"https:\/\/www.iplay.com\/de\/wp-json\/wp\/v2\/media?parent=135095"}],"wp:term":[{"taxonomy":"product_brand","embeddable":true,"href":"https:\/\/www.iplay.com\/de\/wp-json\/wp\/v2\/product_brand?post=135095"},{"taxonomy":"product_cat","embeddable":true,"href":"https:\/\/www.iplay.com\/de\/wp-json\/wp\/v2\/product_cat?post=135095"},{"taxonomy":"product_tag","embeddable":true,"href":"https:\/\/www.iplay.com\/de\/wp-json\/wp\/v2\/product_tag?post=135095"}],"curies":[{"name":"wp","href":"https:\/\/api.w.org\/{rel}","templated":true}]}}