{"id":135082,"date":"2020-08-14T00:00:00","date_gmt":"2020-08-14T00:00:00","guid":{"rendered":"https:\/\/www.iplay.com\/games\/immortal-love-stone-beauty-collectors-edition\/"},"modified":"2020-08-14T00:00:00","modified_gmt":"2020-08-14T00:00:00","slug":"immortal-love-stone-beauty-collectors-edition","status":"publish","type":"product","link":"https:\/\/www.iplay.com\/de\/games\/immortal-love-stone-beauty-collectors-edition\/","title":{"rendered":"Immortal Love: Stone Beauty Collector&#8217;s Edition"},"content":{"rendered":"<p>Viel Spa\u00df mit dem siebten Teil der&gt;em Immortal Love\/em&gt; Serie! Endlich bist du zu deinem Geliebten zur\u00fcckgekehrt! Es ist an der Zeit, sich nach einem Leben auf See als Kapit\u00e4nin der Marine mit der Frau Ihrer Tr\u00e4ume niederzulassen. Aber deine Freude ist nur von kurzer Dauer, als du zur\u00fcckkehrst und sie verschwunden vorfindest! Niemand hat sie gesehen, seit sie einen Sch\u00f6nheitswettbewerb f\u00fcr Bildhauer gewonnen hat, und deine Ermittlungen f\u00fchren dich schnell zu einer Flut von Verschwinden und Menschen, die in Stein verwandelt wurden! K\u00f6nnen Sie einem gef\u00e4hrlichen Perfektionisten Einhalt gebieten, bevor es zu sp\u00e4t ist? Entdecke die Antwort in diesem spannenden Wimmelbild-Abenteuer! Im Bonusspiel findest du heraus, wer Magie einsetzt, um Golems zum Leben zu erwecken!       <\/p>\n<p>&nbsp;<\/p>\n<p>&nbsp;<\/p>\n<p><strong>Funktionen:<\/strong><\/p>\n<p>&nbsp;<\/p>\n<p>&#8211; Verdiene Erfolge, indem du deine Lieblings-HOPs und Minispiele erneut spielst!<\/p>\n<p>&#8211; Wenn du deine Tiersammlung vervollst\u00e4ndigst, erh\u00e4ltst du Zugang zu einem Bonus-Wimmelbildr\u00e4tsel!<\/p>\n<p>&#8211; Erhalte Zugang zu einzigartigen Hintergrundbildern, Bildschirmschonern, Konzeptzeichnungen, Filmen und anderen Goodies!<\/p>\n<p>&#8211; Mit dem Strategieleitfaden wirst du dich nie verlaufen!<\/p>\n","protected":false},"excerpt":{"rendered":"<p>Das Streben nach Perfektion hat t\u00f6dliche Auswirkungen. Sammleredition von Immortal Love: Stone Beauty<\/p>\n","protected":false},"author":17,"featured_media":82435,"comment_status":"open","ping_status":"closed","template":"","meta":{"_acf_changed":false,"inline_featured_image":false},"product_brand":[],"product_cat":[164],"product_tag":[289],"class_list":{"0":"post-135082","1":"product","2":"type-product","3":"status-publish","4":"has-post-thumbnail","6":"product_cat-hidden-object-de","7":"product_tag-play-on-pc-de","9":"first","10":"instock","11":"shipping-taxable","12":"purchasable","13":"product-type-simple"},"acf":[],"yoast_head":"<!-- This site is optimized with the Yoast SEO Premium plugin v25.2 (Yoast SEO v25.2) - https:\/\/yoast.com\/wordpress\/plugins\/seo\/ -->\n<title>Immortal Love: Stone Beauty Collector&#039;s Edition - Das Streben nach Perfektion hat t\u00f6dliche Folgen<\/title>\n<meta name=\"description\" content=\"Das Streben nach Perfektion hat t\u00f6dliche Auswirkungen. Sammleredition von Immortal Love: Stone Beauty\" \/>\n<meta name=\"robots\" content=\"index, follow, max-snippet:-1, max-image-preview:large, max-video-preview:-1\" \/>\n<link rel=\"canonical\" href=\"https:\/\/www.iplay.com\/de\/games\/immortal-love-stone-beauty-collectors-edition\/\" \/>\n<meta property=\"og:locale\" content=\"de_DE\" \/>\n<meta property=\"og:type\" content=\"article\" \/>\n<meta property=\"og:title\" content=\"Immortal Love: Stone Beauty Collector&#039;s Edition\" \/>\n<meta property=\"og:description\" content=\"Das Streben nach Perfektion hat t\u00f6dliche Auswirkungen. Sammleredition von Immortal Love: Stone Beauty\" \/>\n<meta property=\"og:url\" content=\"https:\/\/www.iplay.com\/de\/games\/immortal-love-stone-beauty-collectors-edition\/\" \/>\n<meta property=\"og:site_name\" content=\"IPlay\" \/>\n<meta property=\"og:image\" content=\"https:\/\/www.iplay.com\/wp-content\/uploads\/2023\/12\/large_square_tile_image-2659.jpg\" \/>\n\t<meta property=\"og:image:width\" content=\"310\" \/>\n\t<meta property=\"og:image:height\" content=\"310\" \/>\n\t<meta property=\"og:image:type\" content=\"image\/jpeg\" \/>\n<meta name=\"twitter:card\" content=\"summary_large_image\" \/>\n<meta name=\"twitter:label1\" content=\"Gesch\u00e4tzte Lesezeit\" \/>\n\t<meta name=\"twitter:data1\" content=\"1 Minute\" \/>\n<script type=\"application\/ld+json\" class=\"yoast-schema-graph\">{\"@context\":\"https:\/\/schema.org\",\"@graph\":[{\"@type\":\"WebPage\",\"@id\":\"https:\/\/www.iplay.com\/de\/games\/immortal-love-stone-beauty-collectors-edition\/\",\"url\":\"https:\/\/www.iplay.com\/de\/games\/immortal-love-stone-beauty-collectors-edition\/\",\"name\":\"Immortal Love: Stone Beauty Collector's Edition - Das Streben nach Perfektion hat t\u00f6dliche Folgen\",\"isPartOf\":{\"@id\":\"https:\/\/www.iplay.com\/en\/#website\"},\"primaryImageOfPage\":{\"@id\":\"https:\/\/www.iplay.com\/de\/games\/immortal-love-stone-beauty-collectors-edition\/#primaryimage\"},\"image\":{\"@id\":\"https:\/\/www.iplay.com\/de\/games\/immortal-love-stone-beauty-collectors-edition\/#primaryimage\"},\"thumbnailUrl\":\"https:\/\/www.iplay.com\/wp-content\/uploads\/2023\/12\/large_square_tile_image-2659.jpg\",\"datePublished\":\"2020-08-14T00:00:00+00:00\",\"description\":\"Das Streben nach Perfektion hat t\u00f6dliche Auswirkungen. Sammleredition von Immortal Love: Stone Beauty\",\"breadcrumb\":{\"@id\":\"https:\/\/www.iplay.com\/de\/games\/immortal-love-stone-beauty-collectors-edition\/#breadcrumb\"},\"inLanguage\":\"de-DE\",\"potentialAction\":[{\"@type\":\"ReadAction\",\"target\":[\"https:\/\/www.iplay.com\/de\/games\/immortal-love-stone-beauty-collectors-edition\/\"]}]},{\"@type\":\"ImageObject\",\"inLanguage\":\"de-DE\",\"@id\":\"https:\/\/www.iplay.com\/de\/games\/immortal-love-stone-beauty-collectors-edition\/#primaryimage\",\"url\":\"https:\/\/www.iplay.com\/wp-content\/uploads\/2023\/12\/large_square_tile_image-2659.jpg\",\"contentUrl\":\"https:\/\/www.iplay.com\/wp-content\/uploads\/2023\/12\/large_square_tile_image-2659.jpg\",\"width\":310,\"height\":310},{\"@type\":\"BreadcrumbList\",\"@id\":\"https:\/\/www.iplay.com\/de\/games\/immortal-love-stone-beauty-collectors-edition\/#breadcrumb\",\"itemListElement\":[{\"@type\":\"ListItem\",\"position\":1,\"name\":\"Home\",\"item\":\"https:\/\/www.iplay.com\/de\/home-page-2\/\"},{\"@type\":\"ListItem\",\"position\":2,\"name\":\"Shop\",\"item\":\"https:\/\/www.iplay.com\/en\/shop\/\"},{\"@type\":\"ListItem\",\"position\":3,\"name\":\"Immortal Love: Stone Beauty Collector&#8217;s Edition\"}]},{\"@type\":\"WebSite\",\"@id\":\"https:\/\/www.iplay.com\/en\/#website\",\"url\":\"https:\/\/www.iplay.com\/en\/\",\"name\":\"IPlay\",\"description\":\"The Best Casual Games!\",\"publisher\":{\"@id\":\"https:\/\/www.iplay.com\/en\/#organization\"},\"potentialAction\":[{\"@type\":\"SearchAction\",\"target\":{\"@type\":\"EntryPoint\",\"urlTemplate\":\"https:\/\/www.iplay.com\/en\/?s={search_term_string}\"},\"query-input\":{\"@type\":\"PropertyValueSpecification\",\"valueRequired\":true,\"valueName\":\"search_term_string\"}}],\"inLanguage\":\"de-DE\"},{\"@type\":\"Organization\",\"@id\":\"https:\/\/www.iplay.com\/en\/#organization\",\"name\":\"IPlay\",\"url\":\"https:\/\/www.iplay.com\/en\/\",\"logo\":{\"@type\":\"ImageObject\",\"inLanguage\":\"de-DE\",\"@id\":\"https:\/\/www.iplay.com\/en\/#\/schema\/logo\/image\/\",\"url\":\"https:\/\/www.iplay.com\/wp-content\/uploads\/2023\/11\/Group-6100.svg\",\"contentUrl\":\"https:\/\/www.iplay.com\/wp-content\/uploads\/2023\/11\/Group-6100.svg\",\"width\":98,\"height\":25,\"caption\":\"IPlay\"},\"image\":{\"@id\":\"https:\/\/www.iplay.com\/en\/#\/schema\/logo\/image\/\"}}]}<\/script>\n<!-- \/ Yoast SEO Premium plugin. -->","yoast_head_json":{"title":"Immortal Love: Stone Beauty Collector's Edition - Das Streben nach Perfektion hat t\u00f6dliche Folgen","description":"Das Streben nach Perfektion hat t\u00f6dliche Auswirkungen. Sammleredition von Immortal Love: Stone Beauty","robots":{"index":"index","follow":"follow","max-snippet":"max-snippet:-1","max-image-preview":"max-image-preview:large","max-video-preview":"max-video-preview:-1"},"canonical":"https:\/\/www.iplay.com\/de\/games\/immortal-love-stone-beauty-collectors-edition\/","og_locale":"de_DE","og_type":"article","og_title":"Immortal Love: Stone Beauty Collector's Edition","og_description":"Das Streben nach Perfektion hat t\u00f6dliche Auswirkungen. Sammleredition von Immortal Love: Stone Beauty","og_url":"https:\/\/www.iplay.com\/de\/games\/immortal-love-stone-beauty-collectors-edition\/","og_site_name":"IPlay","og_image":[{"width":310,"height":310,"url":"https:\/\/www.iplay.com\/wp-content\/uploads\/2023\/12\/large_square_tile_image-2659.jpg","type":"image\/jpeg"}],"twitter_card":"summary_large_image","twitter_misc":{"Gesch\u00e4tzte Lesezeit":"1 Minute"},"schema":{"@context":"https:\/\/schema.org","@graph":[{"@type":"WebPage","@id":"https:\/\/www.iplay.com\/de\/games\/immortal-love-stone-beauty-collectors-edition\/","url":"https:\/\/www.iplay.com\/de\/games\/immortal-love-stone-beauty-collectors-edition\/","name":"Immortal Love: Stone Beauty Collector's Edition - Das Streben nach Perfektion hat t\u00f6dliche Folgen","isPartOf":{"@id":"https:\/\/www.iplay.com\/en\/#website"},"primaryImageOfPage":{"@id":"https:\/\/www.iplay.com\/de\/games\/immortal-love-stone-beauty-collectors-edition\/#primaryimage"},"image":{"@id":"https:\/\/www.iplay.com\/de\/games\/immortal-love-stone-beauty-collectors-edition\/#primaryimage"},"thumbnailUrl":"https:\/\/www.iplay.com\/wp-content\/uploads\/2023\/12\/large_square_tile_image-2659.jpg","datePublished":"2020-08-14T00:00:00+00:00","description":"Das Streben nach Perfektion hat t\u00f6dliche Auswirkungen. Sammleredition von Immortal Love: Stone Beauty","breadcrumb":{"@id":"https:\/\/www.iplay.com\/de\/games\/immortal-love-stone-beauty-collectors-edition\/#breadcrumb"},"inLanguage":"de-DE","potentialAction":[{"@type":"ReadAction","target":["https:\/\/www.iplay.com\/de\/games\/immortal-love-stone-beauty-collectors-edition\/"]}]},{"@type":"ImageObject","inLanguage":"de-DE","@id":"https:\/\/www.iplay.com\/de\/games\/immortal-love-stone-beauty-collectors-edition\/#primaryimage","url":"https:\/\/www.iplay.com\/wp-content\/uploads\/2023\/12\/large_square_tile_image-2659.jpg","contentUrl":"https:\/\/www.iplay.com\/wp-content\/uploads\/2023\/12\/large_square_tile_image-2659.jpg","width":310,"height":310},{"@type":"BreadcrumbList","@id":"https:\/\/www.iplay.com\/de\/games\/immortal-love-stone-beauty-collectors-edition\/#breadcrumb","itemListElement":[{"@type":"ListItem","position":1,"name":"Home","item":"https:\/\/www.iplay.com\/de\/home-page-2\/"},{"@type":"ListItem","position":2,"name":"Shop","item":"https:\/\/www.iplay.com\/en\/shop\/"},{"@type":"ListItem","position":3,"name":"Immortal Love: Stone Beauty Collector&#8217;s Edition"}]},{"@type":"WebSite","@id":"https:\/\/www.iplay.com\/en\/#website","url":"https:\/\/www.iplay.com\/en\/","name":"IPlay","description":"The Best Casual Games!","publisher":{"@id":"https:\/\/www.iplay.com\/en\/#organization"},"potentialAction":[{"@type":"SearchAction","target":{"@type":"EntryPoint","urlTemplate":"https:\/\/www.iplay.com\/en\/?s={search_term_string}"},"query-input":{"@type":"PropertyValueSpecification","valueRequired":true,"valueName":"search_term_string"}}],"inLanguage":"de-DE"},{"@type":"Organization","@id":"https:\/\/www.iplay.com\/en\/#organization","name":"IPlay","url":"https:\/\/www.iplay.com\/en\/","logo":{"@type":"ImageObject","inLanguage":"de-DE","@id":"https:\/\/www.iplay.com\/en\/#\/schema\/logo\/image\/","url":"https:\/\/www.iplay.com\/wp-content\/uploads\/2023\/11\/Group-6100.svg","contentUrl":"https:\/\/www.iplay.com\/wp-content\/uploads\/2023\/11\/Group-6100.svg","width":98,"height":25,"caption":"IPlay"},"image":{"@id":"https:\/\/www.iplay.com\/en\/#\/schema\/logo\/image\/"}}]}},"_links":{"self":[{"href":"https:\/\/www.iplay.com\/de\/wp-json\/wp\/v2\/product\/135082","targetHints":{"allow":["GET"]}}],"collection":[{"href":"https:\/\/www.iplay.com\/de\/wp-json\/wp\/v2\/product"}],"about":[{"href":"https:\/\/www.iplay.com\/de\/wp-json\/wp\/v2\/types\/product"}],"author":[{"embeddable":true,"href":"https:\/\/www.iplay.com\/de\/wp-json\/wp\/v2\/users\/17"}],"replies":[{"embeddable":true,"href":"https:\/\/www.iplay.com\/de\/wp-json\/wp\/v2\/comments?post=135082"}],"wp:featuredmedia":[{"embeddable":true,"href":"https:\/\/www.iplay.com\/de\/wp-json\/wp\/v2\/media\/82435"}],"wp:attachment":[{"href":"https:\/\/www.iplay.com\/de\/wp-json\/wp\/v2\/media?parent=135082"}],"wp:term":[{"taxonomy":"product_brand","embeddable":true,"href":"https:\/\/www.iplay.com\/de\/wp-json\/wp\/v2\/product_brand?post=135082"},{"taxonomy":"product_cat","embeddable":true,"href":"https:\/\/www.iplay.com\/de\/wp-json\/wp\/v2\/product_cat?post=135082"},{"taxonomy":"product_tag","embeddable":true,"href":"https:\/\/www.iplay.com\/de\/wp-json\/wp\/v2\/product_tag?post=135082"}],"curies":[{"name":"wp","href":"https:\/\/api.w.org\/{rel}","templated":true}]}}