{"id":135075,"date":"2020-06-14T00:00:00","date_gmt":"2020-06-14T00:00:00","guid":{"rendered":"https:\/\/www.iplay.com\/games\/hiddenverse-fate-of-ariadna\/"},"modified":"2020-06-14T00:00:00","modified_gmt":"2020-06-14T00:00:00","slug":"hiddenverse-fate-of-ariadna","status":"publish","type":"product","link":"https:\/\/www.iplay.com\/de\/games\/hiddenverse-fate-of-ariadna\/","title":{"rendered":"Hiddenverse Fate of Ariadna"},"content":{"rendered":"<p>Der letzte Teil der Geschichte von Ariadna, Seuss und ihren Gef\u00e4hrten. Das Universum steht kurz vor dem Zusammenbruch aufgrund von Ariadnas Taten, die dazu f\u00fchrten, dass sich alle Welten zu einer einzigen zusammenschlossen und fast alle Helden zerst\u00f6rten, die versuchten, es zu stoppen. Auch wenn alles aussichtslos scheint, gesellt sich Gustavo Ecko, der m\u00e4chtige Gecko, zu den anderen Helden. Dies bietet Seuss und seinen Kumpels die M\u00f6glichkeit, zu triumphieren.   <\/p>\n<p>Ein faszinierendes Abenteuer im Genre Wimmelbild, Puzzle und 3-Gewinnt, das in verschiedenen Welten und historischen Epochen stattfindet!<\/p>\n<p>&nbsp;<\/p>\n<p>&nbsp;<\/p>\n<p><strong>Funktionen:<\/strong><\/p>\n<p>&nbsp;<\/p>\n<p>&#8211; \u00dcber 100 Spielphasen.<\/p>\n<p>&#8211; Unterhaltsame Match-Three- und Paarfindungsspiele.<\/p>\n<p>&#8211; Mehr als zwanzig verschiedene Spielfunktionen.<\/p>\n<p>&#8211; 500 verschiedene Spielwerkzeuge.<\/p>\n","protected":false},"excerpt":{"rendered":"<p>Der ultimative Konflikt, dessen Ergebnis das Schicksal jeder Kugel bestimmen wird!<\/p>\n","protected":false},"author":195,"featured_media":90917,"comment_status":"open","ping_status":"closed","template":"","meta":{"_acf_changed":false,"inline_featured_image":false},"product_brand":[],"product_cat":[164],"product_tag":[289],"class_list":{"0":"post-135075","1":"product","2":"type-product","3":"status-publish","4":"has-post-thumbnail","6":"product_cat-hidden-object-de","7":"product_tag-play-on-pc-de","9":"first","10":"instock","11":"shipping-taxable","12":"purchasable","13":"product-type-simple"},"acf":[],"yoast_head":"<!-- This site is optimized with the Yoast SEO Premium plugin v25.2 (Yoast SEO v25.2) - https:\/\/yoast.com\/wordpress\/plugins\/seo\/ -->\n<title>Hiddenverse Fate of Ariadna - Die letzte Schlacht entscheidet \u00fcber das Schicksal aller Welten<\/title>\n<meta name=\"description\" content=\"Der ultimative Konflikt, dessen Ergebnis das Schicksal jeder Kugel bestimmen wird!\" \/>\n<meta name=\"robots\" content=\"index, follow, max-snippet:-1, max-image-preview:large, max-video-preview:-1\" \/>\n<link rel=\"canonical\" href=\"https:\/\/www.iplay.com\/de\/games\/hiddenverse-fate-of-ariadna\/\" \/>\n<meta property=\"og:locale\" content=\"de_DE\" \/>\n<meta property=\"og:type\" content=\"article\" \/>\n<meta property=\"og:title\" content=\"Hiddenverse Fate of Ariadna\" \/>\n<meta property=\"og:description\" content=\"Der ultimative Konflikt, dessen Ergebnis das Schicksal jeder Kugel bestimmen wird!\" \/>\n<meta property=\"og:url\" content=\"https:\/\/www.iplay.com\/de\/games\/hiddenverse-fate-of-ariadna\/\" \/>\n<meta property=\"og:site_name\" content=\"IPlay\" \/>\n<meta property=\"og:image\" content=\"https:\/\/www.iplay.com\/wp-content\/uploads\/2023\/12\/large_square_tile_image-3197.jpg\" \/>\n\t<meta property=\"og:image:width\" content=\"310\" \/>\n\t<meta property=\"og:image:height\" content=\"310\" \/>\n\t<meta property=\"og:image:type\" content=\"image\/jpeg\" \/>\n<meta name=\"twitter:card\" content=\"summary_large_image\" \/>\n<meta name=\"twitter:label1\" content=\"Gesch\u00e4tzte Lesezeit\" \/>\n\t<meta name=\"twitter:data1\" content=\"1 Minute\" \/>\n<script type=\"application\/ld+json\" class=\"yoast-schema-graph\">{\"@context\":\"https:\/\/schema.org\",\"@graph\":[{\"@type\":\"WebPage\",\"@id\":\"https:\/\/www.iplay.com\/de\/games\/hiddenverse-fate-of-ariadna\/\",\"url\":\"https:\/\/www.iplay.com\/de\/games\/hiddenverse-fate-of-ariadna\/\",\"name\":\"Hiddenverse Fate of Ariadna - Die letzte Schlacht entscheidet \u00fcber das Schicksal aller Welten\",\"isPartOf\":{\"@id\":\"https:\/\/www.iplay.com\/en\/#website\"},\"primaryImageOfPage\":{\"@id\":\"https:\/\/www.iplay.com\/de\/games\/hiddenverse-fate-of-ariadna\/#primaryimage\"},\"image\":{\"@id\":\"https:\/\/www.iplay.com\/de\/games\/hiddenverse-fate-of-ariadna\/#primaryimage\"},\"thumbnailUrl\":\"https:\/\/www.iplay.com\/wp-content\/uploads\/2023\/12\/large_square_tile_image-3197.jpg\",\"datePublished\":\"2020-06-14T00:00:00+00:00\",\"description\":\"Der ultimative Konflikt, dessen Ergebnis das Schicksal jeder Kugel bestimmen wird!\",\"breadcrumb\":{\"@id\":\"https:\/\/www.iplay.com\/de\/games\/hiddenverse-fate-of-ariadna\/#breadcrumb\"},\"inLanguage\":\"de-DE\",\"potentialAction\":[{\"@type\":\"ReadAction\",\"target\":[\"https:\/\/www.iplay.com\/de\/games\/hiddenverse-fate-of-ariadna\/\"]}]},{\"@type\":\"ImageObject\",\"inLanguage\":\"de-DE\",\"@id\":\"https:\/\/www.iplay.com\/de\/games\/hiddenverse-fate-of-ariadna\/#primaryimage\",\"url\":\"https:\/\/www.iplay.com\/wp-content\/uploads\/2023\/12\/large_square_tile_image-3197.jpg\",\"contentUrl\":\"https:\/\/www.iplay.com\/wp-content\/uploads\/2023\/12\/large_square_tile_image-3197.jpg\",\"width\":310,\"height\":310},{\"@type\":\"BreadcrumbList\",\"@id\":\"https:\/\/www.iplay.com\/de\/games\/hiddenverse-fate-of-ariadna\/#breadcrumb\",\"itemListElement\":[{\"@type\":\"ListItem\",\"position\":1,\"name\":\"Home\",\"item\":\"https:\/\/www.iplay.com\/de\/home-page-2\/\"},{\"@type\":\"ListItem\",\"position\":2,\"name\":\"Shop\",\"item\":\"https:\/\/www.iplay.com\/en\/shop\/\"},{\"@type\":\"ListItem\",\"position\":3,\"name\":\"Hiddenverse Fate of Ariadna\"}]},{\"@type\":\"WebSite\",\"@id\":\"https:\/\/www.iplay.com\/en\/#website\",\"url\":\"https:\/\/www.iplay.com\/en\/\",\"name\":\"IPlay\",\"description\":\"The Best Casual Games!\",\"publisher\":{\"@id\":\"https:\/\/www.iplay.com\/en\/#organization\"},\"potentialAction\":[{\"@type\":\"SearchAction\",\"target\":{\"@type\":\"EntryPoint\",\"urlTemplate\":\"https:\/\/www.iplay.com\/en\/?s={search_term_string}\"},\"query-input\":{\"@type\":\"PropertyValueSpecification\",\"valueRequired\":true,\"valueName\":\"search_term_string\"}}],\"inLanguage\":\"de-DE\"},{\"@type\":\"Organization\",\"@id\":\"https:\/\/www.iplay.com\/en\/#organization\",\"name\":\"IPlay\",\"url\":\"https:\/\/www.iplay.com\/en\/\",\"logo\":{\"@type\":\"ImageObject\",\"inLanguage\":\"de-DE\",\"@id\":\"https:\/\/www.iplay.com\/en\/#\/schema\/logo\/image\/\",\"url\":\"https:\/\/www.iplay.com\/wp-content\/uploads\/2023\/11\/Group-6100.svg\",\"contentUrl\":\"https:\/\/www.iplay.com\/wp-content\/uploads\/2023\/11\/Group-6100.svg\",\"width\":98,\"height\":25,\"caption\":\"IPlay\"},\"image\":{\"@id\":\"https:\/\/www.iplay.com\/en\/#\/schema\/logo\/image\/\"}}]}<\/script>\n<!-- \/ Yoast SEO Premium plugin. -->","yoast_head_json":{"title":"Hiddenverse Fate of Ariadna - Die letzte Schlacht entscheidet \u00fcber das Schicksal aller Welten","description":"Der ultimative Konflikt, dessen Ergebnis das Schicksal jeder Kugel bestimmen wird!","robots":{"index":"index","follow":"follow","max-snippet":"max-snippet:-1","max-image-preview":"max-image-preview:large","max-video-preview":"max-video-preview:-1"},"canonical":"https:\/\/www.iplay.com\/de\/games\/hiddenverse-fate-of-ariadna\/","og_locale":"de_DE","og_type":"article","og_title":"Hiddenverse Fate of Ariadna","og_description":"Der ultimative Konflikt, dessen Ergebnis das Schicksal jeder Kugel bestimmen wird!","og_url":"https:\/\/www.iplay.com\/de\/games\/hiddenverse-fate-of-ariadna\/","og_site_name":"IPlay","og_image":[{"width":310,"height":310,"url":"https:\/\/www.iplay.com\/wp-content\/uploads\/2023\/12\/large_square_tile_image-3197.jpg","type":"image\/jpeg"}],"twitter_card":"summary_large_image","twitter_misc":{"Gesch\u00e4tzte Lesezeit":"1 Minute"},"schema":{"@context":"https:\/\/schema.org","@graph":[{"@type":"WebPage","@id":"https:\/\/www.iplay.com\/de\/games\/hiddenverse-fate-of-ariadna\/","url":"https:\/\/www.iplay.com\/de\/games\/hiddenverse-fate-of-ariadna\/","name":"Hiddenverse Fate of Ariadna - Die letzte Schlacht entscheidet \u00fcber das Schicksal aller Welten","isPartOf":{"@id":"https:\/\/www.iplay.com\/en\/#website"},"primaryImageOfPage":{"@id":"https:\/\/www.iplay.com\/de\/games\/hiddenverse-fate-of-ariadna\/#primaryimage"},"image":{"@id":"https:\/\/www.iplay.com\/de\/games\/hiddenverse-fate-of-ariadna\/#primaryimage"},"thumbnailUrl":"https:\/\/www.iplay.com\/wp-content\/uploads\/2023\/12\/large_square_tile_image-3197.jpg","datePublished":"2020-06-14T00:00:00+00:00","description":"Der ultimative Konflikt, dessen Ergebnis das Schicksal jeder Kugel bestimmen wird!","breadcrumb":{"@id":"https:\/\/www.iplay.com\/de\/games\/hiddenverse-fate-of-ariadna\/#breadcrumb"},"inLanguage":"de-DE","potentialAction":[{"@type":"ReadAction","target":["https:\/\/www.iplay.com\/de\/games\/hiddenverse-fate-of-ariadna\/"]}]},{"@type":"ImageObject","inLanguage":"de-DE","@id":"https:\/\/www.iplay.com\/de\/games\/hiddenverse-fate-of-ariadna\/#primaryimage","url":"https:\/\/www.iplay.com\/wp-content\/uploads\/2023\/12\/large_square_tile_image-3197.jpg","contentUrl":"https:\/\/www.iplay.com\/wp-content\/uploads\/2023\/12\/large_square_tile_image-3197.jpg","width":310,"height":310},{"@type":"BreadcrumbList","@id":"https:\/\/www.iplay.com\/de\/games\/hiddenverse-fate-of-ariadna\/#breadcrumb","itemListElement":[{"@type":"ListItem","position":1,"name":"Home","item":"https:\/\/www.iplay.com\/de\/home-page-2\/"},{"@type":"ListItem","position":2,"name":"Shop","item":"https:\/\/www.iplay.com\/en\/shop\/"},{"@type":"ListItem","position":3,"name":"Hiddenverse Fate of Ariadna"}]},{"@type":"WebSite","@id":"https:\/\/www.iplay.com\/en\/#website","url":"https:\/\/www.iplay.com\/en\/","name":"IPlay","description":"The Best Casual Games!","publisher":{"@id":"https:\/\/www.iplay.com\/en\/#organization"},"potentialAction":[{"@type":"SearchAction","target":{"@type":"EntryPoint","urlTemplate":"https:\/\/www.iplay.com\/en\/?s={search_term_string}"},"query-input":{"@type":"PropertyValueSpecification","valueRequired":true,"valueName":"search_term_string"}}],"inLanguage":"de-DE"},{"@type":"Organization","@id":"https:\/\/www.iplay.com\/en\/#organization","name":"IPlay","url":"https:\/\/www.iplay.com\/en\/","logo":{"@type":"ImageObject","inLanguage":"de-DE","@id":"https:\/\/www.iplay.com\/en\/#\/schema\/logo\/image\/","url":"https:\/\/www.iplay.com\/wp-content\/uploads\/2023\/11\/Group-6100.svg","contentUrl":"https:\/\/www.iplay.com\/wp-content\/uploads\/2023\/11\/Group-6100.svg","width":98,"height":25,"caption":"IPlay"},"image":{"@id":"https:\/\/www.iplay.com\/en\/#\/schema\/logo\/image\/"}}]}},"_links":{"self":[{"href":"https:\/\/www.iplay.com\/de\/wp-json\/wp\/v2\/product\/135075","targetHints":{"allow":["GET"]}}],"collection":[{"href":"https:\/\/www.iplay.com\/de\/wp-json\/wp\/v2\/product"}],"about":[{"href":"https:\/\/www.iplay.com\/de\/wp-json\/wp\/v2\/types\/product"}],"author":[{"embeddable":true,"href":"https:\/\/www.iplay.com\/de\/wp-json\/wp\/v2\/users\/195"}],"replies":[{"embeddable":true,"href":"https:\/\/www.iplay.com\/de\/wp-json\/wp\/v2\/comments?post=135075"}],"wp:featuredmedia":[{"embeddable":true,"href":"https:\/\/www.iplay.com\/de\/wp-json\/wp\/v2\/media\/90917"}],"wp:attachment":[{"href":"https:\/\/www.iplay.com\/de\/wp-json\/wp\/v2\/media?parent=135075"}],"wp:term":[{"taxonomy":"product_brand","embeddable":true,"href":"https:\/\/www.iplay.com\/de\/wp-json\/wp\/v2\/product_brand?post=135075"},{"taxonomy":"product_cat","embeddable":true,"href":"https:\/\/www.iplay.com\/de\/wp-json\/wp\/v2\/product_cat?post=135075"},{"taxonomy":"product_tag","embeddable":true,"href":"https:\/\/www.iplay.com\/de\/wp-json\/wp\/v2\/product_tag?post=135075"}],"curies":[{"name":"wp","href":"https:\/\/api.w.org\/{rel}","templated":true}]}}