{"id":135051,"date":"2020-06-20T00:00:00","date_gmt":"2020-06-20T00:00:00","guid":{"rendered":"https:\/\/www.iplay.com\/games\/league-of-light-growing-threat-collectors-edition\/"},"modified":"2020-06-20T00:00:00","modified_gmt":"2020-06-20T00:00:00","slug":"league-of-light-growing-threat-collectors-edition","status":"publish","type":"product","link":"https:\/\/www.iplay.com\/de\/games\/league-of-light-growing-threat-collectors-edition\/","title":{"rendered":"League of Light: Growing Threat Collector&#8217;s Edition"},"content":{"rendered":"<p>Genie\u00dfe die neueste aufregende Reise in der <em>League of Light-Reihe<\/em> ! Es liegt nun in deiner Verantwortung, deinen Agentenkollegen zu finden, der w\u00e4hrend eines Auftrags verschwunden ist. Aber wenn du dort ankommst und feststellst, dass riesige, verheerende Bl\u00fcten die Stadt erobern, erwartet dich weit mehr, als du erwartet hast! Kannst du und deine neu gefundenen Verb\u00fcndeten die Quelle ihrer Macht entdecken und sie schlie\u00dflich besiegen, indem ihr Pollen verwendet, die Menschen in sprie\u00dfende Tiere verwandeln? Entdecke in diesem exklusiven Wimmelbild-Abenteuerabenteuer Wimmelbild-Sequenzen voller Geheimnisse und Minispiele, die es zu l\u00f6sen gilt!    <\/p>\n<p>&nbsp;<\/p>\n<p>&nbsp;<\/p>\n<p><strong>Funktionen:<\/strong><\/p>\n<p>&nbsp;<\/p>\n<p>&#8211; Die b\u00f6se Alraune hat weitere t\u00f6dliche Pflanzen freigesetzt, und deine wissenschaftliche Expertise ist das Einzige, was sie aufhalten kann!<br \/>\n&#8211; Nimm es mit immer schwierigeren Minispielen und HOPs auf! Lade die Original-Konzeptzeichnungen, Musik und Hintergrundbilder herunter!<br \/>\n&#8211; Bringen Sie den n\u00fctzlichen Strategieleitfaden mit und vermeiden Sie es, alleine zu gehen!<\/p>\n","protected":false},"excerpt":{"rendered":"<p>Die Gefahr breitet sich \u00fcber die ganze Stadt aus&#8230; Die Collector&#8217;s Edition von League of Light: Growing Threat enth\u00e4lt<\/p>\n","protected":false},"author":17,"featured_media":90901,"comment_status":"open","ping_status":"closed","template":"","meta":{"_acf_changed":false,"inline_featured_image":false},"product_brand":[],"product_cat":[164],"product_tag":[289],"class_list":{"0":"post-135051","1":"product","2":"type-product","3":"status-publish","4":"has-post-thumbnail","6":"product_cat-hidden-object-de","7":"product_tag-play-on-pc-de","9":"first","10":"instock","11":"shipping-taxable","12":"purchasable","13":"product-type-simple"},"acf":[],"yoast_head":"<!-- This site is optimized with the Yoast SEO Premium plugin v25.2 (Yoast SEO v25.2) - https:\/\/yoast.com\/wordpress\/plugins\/seo\/ -->\n<title>League of Light: Wachsende Bedrohung Sammleredition - Gefahr bl\u00fcht auf in League of Light: Wachsende Bedrohung CE<\/title>\n<meta name=\"description\" content=\"Die Gefahr breitet sich \u00fcber die ganze Stadt aus... Die Collector&#039;s Edition von League of Light: Growing Threat enth\u00e4lt\" \/>\n<meta name=\"robots\" content=\"index, follow, max-snippet:-1, max-image-preview:large, max-video-preview:-1\" \/>\n<link rel=\"canonical\" href=\"https:\/\/www.iplay.com\/de\/games\/league-of-light-growing-threat-collectors-edition\/\" \/>\n<meta property=\"og:locale\" content=\"de_DE\" \/>\n<meta property=\"og:type\" content=\"article\" \/>\n<meta property=\"og:title\" content=\"League of Light: Growing Threat Collector&#039;s Edition\" \/>\n<meta property=\"og:description\" content=\"Die Gefahr breitet sich \u00fcber die ganze Stadt aus... Die Collector&#039;s Edition von League of Light: Growing Threat enth\u00e4lt\" \/>\n<meta property=\"og:url\" content=\"https:\/\/www.iplay.com\/de\/games\/league-of-light-growing-threat-collectors-edition\/\" \/>\n<meta property=\"og:site_name\" content=\"IPlay\" \/>\n<meta property=\"og:image\" content=\"https:\/\/www.iplay.com\/wp-content\/uploads\/2023\/12\/large_square_tile_image-3196.jpg\" \/>\n\t<meta property=\"og:image:width\" content=\"310\" \/>\n\t<meta property=\"og:image:height\" content=\"310\" \/>\n\t<meta property=\"og:image:type\" content=\"image\/jpeg\" \/>\n<meta name=\"twitter:card\" content=\"summary_large_image\" \/>\n<meta name=\"twitter:label1\" content=\"Gesch\u00e4tzte Lesezeit\" \/>\n\t<meta name=\"twitter:data1\" content=\"1 Minute\" \/>\n<script type=\"application\/ld+json\" class=\"yoast-schema-graph\">{\"@context\":\"https:\/\/schema.org\",\"@graph\":[{\"@type\":\"WebPage\",\"@id\":\"https:\/\/www.iplay.com\/de\/games\/league-of-light-growing-threat-collectors-edition\/\",\"url\":\"https:\/\/www.iplay.com\/de\/games\/league-of-light-growing-threat-collectors-edition\/\",\"name\":\"League of Light: Wachsende Bedrohung Sammleredition - Gefahr bl\u00fcht auf in League of Light: Wachsende Bedrohung CE\",\"isPartOf\":{\"@id\":\"https:\/\/www.iplay.com\/en\/#website\"},\"primaryImageOfPage\":{\"@id\":\"https:\/\/www.iplay.com\/de\/games\/league-of-light-growing-threat-collectors-edition\/#primaryimage\"},\"image\":{\"@id\":\"https:\/\/www.iplay.com\/de\/games\/league-of-light-growing-threat-collectors-edition\/#primaryimage\"},\"thumbnailUrl\":\"https:\/\/www.iplay.com\/wp-content\/uploads\/2023\/12\/large_square_tile_image-3196.jpg\",\"datePublished\":\"2020-06-20T00:00:00+00:00\",\"description\":\"Die Gefahr breitet sich \u00fcber die ganze Stadt aus... Die Collector's Edition von League of Light: Growing Threat enth\u00e4lt\",\"breadcrumb\":{\"@id\":\"https:\/\/www.iplay.com\/de\/games\/league-of-light-growing-threat-collectors-edition\/#breadcrumb\"},\"inLanguage\":\"de-DE\",\"potentialAction\":[{\"@type\":\"ReadAction\",\"target\":[\"https:\/\/www.iplay.com\/de\/games\/league-of-light-growing-threat-collectors-edition\/\"]}]},{\"@type\":\"ImageObject\",\"inLanguage\":\"de-DE\",\"@id\":\"https:\/\/www.iplay.com\/de\/games\/league-of-light-growing-threat-collectors-edition\/#primaryimage\",\"url\":\"https:\/\/www.iplay.com\/wp-content\/uploads\/2023\/12\/large_square_tile_image-3196.jpg\",\"contentUrl\":\"https:\/\/www.iplay.com\/wp-content\/uploads\/2023\/12\/large_square_tile_image-3196.jpg\",\"width\":310,\"height\":310},{\"@type\":\"BreadcrumbList\",\"@id\":\"https:\/\/www.iplay.com\/de\/games\/league-of-light-growing-threat-collectors-edition\/#breadcrumb\",\"itemListElement\":[{\"@type\":\"ListItem\",\"position\":1,\"name\":\"Home\",\"item\":\"https:\/\/www.iplay.com\/de\/home-page-2\/\"},{\"@type\":\"ListItem\",\"position\":2,\"name\":\"Shop\",\"item\":\"https:\/\/www.iplay.com\/en\/shop\/\"},{\"@type\":\"ListItem\",\"position\":3,\"name\":\"League of Light: Growing Threat Collector&#8217;s Edition\"}]},{\"@type\":\"WebSite\",\"@id\":\"https:\/\/www.iplay.com\/en\/#website\",\"url\":\"https:\/\/www.iplay.com\/en\/\",\"name\":\"IPlay\",\"description\":\"The Best Casual Games!\",\"publisher\":{\"@id\":\"https:\/\/www.iplay.com\/en\/#organization\"},\"potentialAction\":[{\"@type\":\"SearchAction\",\"target\":{\"@type\":\"EntryPoint\",\"urlTemplate\":\"https:\/\/www.iplay.com\/en\/?s={search_term_string}\"},\"query-input\":{\"@type\":\"PropertyValueSpecification\",\"valueRequired\":true,\"valueName\":\"search_term_string\"}}],\"inLanguage\":\"de-DE\"},{\"@type\":\"Organization\",\"@id\":\"https:\/\/www.iplay.com\/en\/#organization\",\"name\":\"IPlay\",\"url\":\"https:\/\/www.iplay.com\/en\/\",\"logo\":{\"@type\":\"ImageObject\",\"inLanguage\":\"de-DE\",\"@id\":\"https:\/\/www.iplay.com\/en\/#\/schema\/logo\/image\/\",\"url\":\"https:\/\/www.iplay.com\/wp-content\/uploads\/2023\/11\/Group-6100.svg\",\"contentUrl\":\"https:\/\/www.iplay.com\/wp-content\/uploads\/2023\/11\/Group-6100.svg\",\"width\":98,\"height\":25,\"caption\":\"IPlay\"},\"image\":{\"@id\":\"https:\/\/www.iplay.com\/en\/#\/schema\/logo\/image\/\"}}]}<\/script>\n<!-- \/ Yoast SEO Premium plugin. -->","yoast_head_json":{"title":"League of Light: Wachsende Bedrohung Sammleredition - Gefahr bl\u00fcht auf in League of Light: Wachsende Bedrohung CE","description":"Die Gefahr breitet sich \u00fcber die ganze Stadt aus... Die Collector's Edition von League of Light: Growing Threat enth\u00e4lt","robots":{"index":"index","follow":"follow","max-snippet":"max-snippet:-1","max-image-preview":"max-image-preview:large","max-video-preview":"max-video-preview:-1"},"canonical":"https:\/\/www.iplay.com\/de\/games\/league-of-light-growing-threat-collectors-edition\/","og_locale":"de_DE","og_type":"article","og_title":"League of Light: Growing Threat Collector's Edition","og_description":"Die Gefahr breitet sich \u00fcber die ganze Stadt aus... Die Collector's Edition von League of Light: Growing Threat enth\u00e4lt","og_url":"https:\/\/www.iplay.com\/de\/games\/league-of-light-growing-threat-collectors-edition\/","og_site_name":"IPlay","og_image":[{"width":310,"height":310,"url":"https:\/\/www.iplay.com\/wp-content\/uploads\/2023\/12\/large_square_tile_image-3196.jpg","type":"image\/jpeg"}],"twitter_card":"summary_large_image","twitter_misc":{"Gesch\u00e4tzte Lesezeit":"1 Minute"},"schema":{"@context":"https:\/\/schema.org","@graph":[{"@type":"WebPage","@id":"https:\/\/www.iplay.com\/de\/games\/league-of-light-growing-threat-collectors-edition\/","url":"https:\/\/www.iplay.com\/de\/games\/league-of-light-growing-threat-collectors-edition\/","name":"League of Light: Wachsende Bedrohung Sammleredition - Gefahr bl\u00fcht auf in League of Light: Wachsende Bedrohung CE","isPartOf":{"@id":"https:\/\/www.iplay.com\/en\/#website"},"primaryImageOfPage":{"@id":"https:\/\/www.iplay.com\/de\/games\/league-of-light-growing-threat-collectors-edition\/#primaryimage"},"image":{"@id":"https:\/\/www.iplay.com\/de\/games\/league-of-light-growing-threat-collectors-edition\/#primaryimage"},"thumbnailUrl":"https:\/\/www.iplay.com\/wp-content\/uploads\/2023\/12\/large_square_tile_image-3196.jpg","datePublished":"2020-06-20T00:00:00+00:00","description":"Die Gefahr breitet sich \u00fcber die ganze Stadt aus... Die Collector's Edition von League of Light: Growing Threat enth\u00e4lt","breadcrumb":{"@id":"https:\/\/www.iplay.com\/de\/games\/league-of-light-growing-threat-collectors-edition\/#breadcrumb"},"inLanguage":"de-DE","potentialAction":[{"@type":"ReadAction","target":["https:\/\/www.iplay.com\/de\/games\/league-of-light-growing-threat-collectors-edition\/"]}]},{"@type":"ImageObject","inLanguage":"de-DE","@id":"https:\/\/www.iplay.com\/de\/games\/league-of-light-growing-threat-collectors-edition\/#primaryimage","url":"https:\/\/www.iplay.com\/wp-content\/uploads\/2023\/12\/large_square_tile_image-3196.jpg","contentUrl":"https:\/\/www.iplay.com\/wp-content\/uploads\/2023\/12\/large_square_tile_image-3196.jpg","width":310,"height":310},{"@type":"BreadcrumbList","@id":"https:\/\/www.iplay.com\/de\/games\/league-of-light-growing-threat-collectors-edition\/#breadcrumb","itemListElement":[{"@type":"ListItem","position":1,"name":"Home","item":"https:\/\/www.iplay.com\/de\/home-page-2\/"},{"@type":"ListItem","position":2,"name":"Shop","item":"https:\/\/www.iplay.com\/en\/shop\/"},{"@type":"ListItem","position":3,"name":"League of Light: Growing Threat Collector&#8217;s Edition"}]},{"@type":"WebSite","@id":"https:\/\/www.iplay.com\/en\/#website","url":"https:\/\/www.iplay.com\/en\/","name":"IPlay","description":"The Best Casual Games!","publisher":{"@id":"https:\/\/www.iplay.com\/en\/#organization"},"potentialAction":[{"@type":"SearchAction","target":{"@type":"EntryPoint","urlTemplate":"https:\/\/www.iplay.com\/en\/?s={search_term_string}"},"query-input":{"@type":"PropertyValueSpecification","valueRequired":true,"valueName":"search_term_string"}}],"inLanguage":"de-DE"},{"@type":"Organization","@id":"https:\/\/www.iplay.com\/en\/#organization","name":"IPlay","url":"https:\/\/www.iplay.com\/en\/","logo":{"@type":"ImageObject","inLanguage":"de-DE","@id":"https:\/\/www.iplay.com\/en\/#\/schema\/logo\/image\/","url":"https:\/\/www.iplay.com\/wp-content\/uploads\/2023\/11\/Group-6100.svg","contentUrl":"https:\/\/www.iplay.com\/wp-content\/uploads\/2023\/11\/Group-6100.svg","width":98,"height":25,"caption":"IPlay"},"image":{"@id":"https:\/\/www.iplay.com\/en\/#\/schema\/logo\/image\/"}}]}},"_links":{"self":[{"href":"https:\/\/www.iplay.com\/de\/wp-json\/wp\/v2\/product\/135051","targetHints":{"allow":["GET"]}}],"collection":[{"href":"https:\/\/www.iplay.com\/de\/wp-json\/wp\/v2\/product"}],"about":[{"href":"https:\/\/www.iplay.com\/de\/wp-json\/wp\/v2\/types\/product"}],"author":[{"embeddable":true,"href":"https:\/\/www.iplay.com\/de\/wp-json\/wp\/v2\/users\/17"}],"replies":[{"embeddable":true,"href":"https:\/\/www.iplay.com\/de\/wp-json\/wp\/v2\/comments?post=135051"}],"wp:featuredmedia":[{"embeddable":true,"href":"https:\/\/www.iplay.com\/de\/wp-json\/wp\/v2\/media\/90901"}],"wp:attachment":[{"href":"https:\/\/www.iplay.com\/de\/wp-json\/wp\/v2\/media?parent=135051"}],"wp:term":[{"taxonomy":"product_brand","embeddable":true,"href":"https:\/\/www.iplay.com\/de\/wp-json\/wp\/v2\/product_brand?post=135051"},{"taxonomy":"product_cat","embeddable":true,"href":"https:\/\/www.iplay.com\/de\/wp-json\/wp\/v2\/product_cat?post=135051"},{"taxonomy":"product_tag","embeddable":true,"href":"https:\/\/www.iplay.com\/de\/wp-json\/wp\/v2\/product_tag?post=135051"}],"curies":[{"name":"wp","href":"https:\/\/api.w.org\/{rel}","templated":true}]}}