{"id":135029,"date":"2020-07-24T00:00:00","date_gmt":"2020-07-24T00:00:00","guid":{"rendered":"https:\/\/www.iplay.com\/games\/the-unseen-fears-ominous-talent-collectors-edition\/"},"modified":"2020-07-24T00:00:00","modified_gmt":"2020-07-24T00:00:00","slug":"the-unseen-fears-ominous-talent-collectors-edition","status":"publish","type":"product","link":"https:\/\/www.iplay.com\/de\/games\/the-unseen-fears-ominous-talent-collectors-edition\/","title":{"rendered":"The Unseen Fears: Ominous Talent Collector&#8217;s Edition"},"content":{"rendered":"<p>Erlebe eine weitere r\u00e4tselhafte Reise au\u00dferhalb des gew\u00f6hnlichen <em>Reiches mit The Unseen Fears: Ominous Talent<\/em>! Sie wurden von Ihrem Kumpel Carlos, einem Kunstkritiker, nach Italien eingeladen, um bei der Untersuchung des Verschwindens eines Kollegen zu helfen. Alle Hinweise deuten auf dieselbe Galerie in der Nachbarschaft hin, in der du bald erf\u00e4hrst, dass dieses Verschwinden nicht das erste war. Und wenn alles zusammenkommt, wirst du ein unheimliches Netz aus Betrug, Groll und Verrat finden. In diesem fesselnden neuen Wimmelbild-Abenteuerspiel musst du die Hinweise aufsp\u00fcren, die Wahrheit herausfinden und ein Auge auf die Leute werfen, denen du vertrauen kannst, um den Fall zu l\u00f6sen und dem Verschwinden ein Ende zu setzen!   <\/p>\n<p>&nbsp;<\/p>\n<p>&nbsp;<\/p>\n<p><strong>Funktionen:<\/strong><\/p>\n<p>&nbsp;<\/p>\n<p>&#8211; Hilf im Bonuskapitel einem Musenkind, seine wahre Berufung zu entdecken!<br \/>\n&#8211; Erlebe deine besten Minispiele noch einmal und finde einen Wimmelbild-Puzzle-Bonus!<\/p>\n<p>&#8211; Sammle Farbpaletten, um deine eigenen Kunstwerke zu erstellen!<\/p>\n<p>&#8211; Nutze die Vorteile von speziellen Konzeptzeichnungen, Musik, Filmen, Hintergrundbildern und mehr!<br \/>\n&#8211; Nutze den Strategieleitfaden, um dich nie zu verlaufen!<\/p>\n","protected":false},"excerpt":{"rendered":"<p>Sie machen mehr als nur Ihr Foto! Die Collector&#8217;s Edition von The Unseen Fears: Ominous Talent <\/p>\n","protected":false},"author":17,"featured_media":82643,"comment_status":"open","ping_status":"closed","template":"","meta":{"_acf_changed":false,"inline_featured_image":false},"product_brand":[],"product_cat":[164],"product_tag":[289],"class_list":{"0":"post-135029","1":"product","2":"type-product","3":"status-publish","4":"has-post-thumbnail","6":"product_cat-hidden-object-de","7":"product_tag-play-on-pc-de","9":"first","10":"instock","11":"shipping-taxable","12":"purchasable","13":"product-type-simple"},"acf":[],"yoast_head":"<!-- This site is optimized with the Yoast SEO Premium plugin v25.2 (Yoast SEO v25.2) - https:\/\/yoast.com\/wordpress\/plugins\/seo\/ -->\n<title>The Unseen Fears: Ominous Talent Collector&#039;s Edition - Wirst du dieses Mal mehr als nur dein Foto aufnehmen?<\/title>\n<meta name=\"description\" content=\"Sie machen mehr als nur Ihr Foto! Die Collector&#039;s Edition von The Unseen Fears: Ominous Talent\" \/>\n<meta name=\"robots\" content=\"index, follow, max-snippet:-1, max-image-preview:large, max-video-preview:-1\" \/>\n<link rel=\"canonical\" href=\"https:\/\/www.iplay.com\/de\/games\/the-unseen-fears-ominous-talent-collectors-edition\/\" \/>\n<meta property=\"og:locale\" content=\"de_DE\" \/>\n<meta property=\"og:type\" content=\"article\" \/>\n<meta property=\"og:title\" content=\"The Unseen Fears: Ominous Talent Collector&#039;s Edition\" \/>\n<meta property=\"og:description\" content=\"Sie machen mehr als nur Ihr Foto! Die Collector&#039;s Edition von The Unseen Fears: Ominous Talent\" \/>\n<meta property=\"og:url\" content=\"https:\/\/www.iplay.com\/de\/games\/the-unseen-fears-ominous-talent-collectors-edition\/\" \/>\n<meta property=\"og:site_name\" content=\"IPlay\" \/>\n<meta property=\"og:image\" content=\"https:\/\/www.iplay.com\/wp-content\/uploads\/2023\/12\/large_square_tile_image-2672.jpg\" \/>\n\t<meta property=\"og:image:width\" content=\"310\" \/>\n\t<meta property=\"og:image:height\" content=\"310\" \/>\n\t<meta property=\"og:image:type\" content=\"image\/jpeg\" \/>\n<meta name=\"twitter:card\" content=\"summary_large_image\" \/>\n<meta name=\"twitter:label1\" content=\"Gesch\u00e4tzte Lesezeit\" \/>\n\t<meta name=\"twitter:data1\" content=\"1 Minute\" \/>\n<script type=\"application\/ld+json\" class=\"yoast-schema-graph\">{\"@context\":\"https:\/\/schema.org\",\"@graph\":[{\"@type\":\"WebPage\",\"@id\":\"https:\/\/www.iplay.com\/de\/games\/the-unseen-fears-ominous-talent-collectors-edition\/\",\"url\":\"https:\/\/www.iplay.com\/de\/games\/the-unseen-fears-ominous-talent-collectors-edition\/\",\"name\":\"The Unseen Fears: Ominous Talent Collector's Edition - Wirst du dieses Mal mehr als nur dein Foto aufnehmen?\",\"isPartOf\":{\"@id\":\"https:\/\/www.iplay.com\/en\/#website\"},\"primaryImageOfPage\":{\"@id\":\"https:\/\/www.iplay.com\/de\/games\/the-unseen-fears-ominous-talent-collectors-edition\/#primaryimage\"},\"image\":{\"@id\":\"https:\/\/www.iplay.com\/de\/games\/the-unseen-fears-ominous-talent-collectors-edition\/#primaryimage\"},\"thumbnailUrl\":\"https:\/\/www.iplay.com\/wp-content\/uploads\/2023\/12\/large_square_tile_image-2672.jpg\",\"datePublished\":\"2020-07-24T00:00:00+00:00\",\"description\":\"Sie machen mehr als nur Ihr Foto! Die Collector's Edition von The Unseen Fears: Ominous Talent\",\"breadcrumb\":{\"@id\":\"https:\/\/www.iplay.com\/de\/games\/the-unseen-fears-ominous-talent-collectors-edition\/#breadcrumb\"},\"inLanguage\":\"de-DE\",\"potentialAction\":[{\"@type\":\"ReadAction\",\"target\":[\"https:\/\/www.iplay.com\/de\/games\/the-unseen-fears-ominous-talent-collectors-edition\/\"]}]},{\"@type\":\"ImageObject\",\"inLanguage\":\"de-DE\",\"@id\":\"https:\/\/www.iplay.com\/de\/games\/the-unseen-fears-ominous-talent-collectors-edition\/#primaryimage\",\"url\":\"https:\/\/www.iplay.com\/wp-content\/uploads\/2023\/12\/large_square_tile_image-2672.jpg\",\"contentUrl\":\"https:\/\/www.iplay.com\/wp-content\/uploads\/2023\/12\/large_square_tile_image-2672.jpg\",\"width\":310,\"height\":310},{\"@type\":\"BreadcrumbList\",\"@id\":\"https:\/\/www.iplay.com\/de\/games\/the-unseen-fears-ominous-talent-collectors-edition\/#breadcrumb\",\"itemListElement\":[{\"@type\":\"ListItem\",\"position\":1,\"name\":\"Home\",\"item\":\"https:\/\/www.iplay.com\/de\/home-page-2\/\"},{\"@type\":\"ListItem\",\"position\":2,\"name\":\"Shop\",\"item\":\"https:\/\/www.iplay.com\/en\/shop\/\"},{\"@type\":\"ListItem\",\"position\":3,\"name\":\"The Unseen Fears: Ominous Talent Collector&#8217;s Edition\"}]},{\"@type\":\"WebSite\",\"@id\":\"https:\/\/www.iplay.com\/en\/#website\",\"url\":\"https:\/\/www.iplay.com\/en\/\",\"name\":\"IPlay\",\"description\":\"The Best Casual Games!\",\"publisher\":{\"@id\":\"https:\/\/www.iplay.com\/en\/#organization\"},\"potentialAction\":[{\"@type\":\"SearchAction\",\"target\":{\"@type\":\"EntryPoint\",\"urlTemplate\":\"https:\/\/www.iplay.com\/en\/?s={search_term_string}\"},\"query-input\":{\"@type\":\"PropertyValueSpecification\",\"valueRequired\":true,\"valueName\":\"search_term_string\"}}],\"inLanguage\":\"de-DE\"},{\"@type\":\"Organization\",\"@id\":\"https:\/\/www.iplay.com\/en\/#organization\",\"name\":\"IPlay\",\"url\":\"https:\/\/www.iplay.com\/en\/\",\"logo\":{\"@type\":\"ImageObject\",\"inLanguage\":\"de-DE\",\"@id\":\"https:\/\/www.iplay.com\/en\/#\/schema\/logo\/image\/\",\"url\":\"https:\/\/www.iplay.com\/wp-content\/uploads\/2023\/11\/Group-6100.svg\",\"contentUrl\":\"https:\/\/www.iplay.com\/wp-content\/uploads\/2023\/11\/Group-6100.svg\",\"width\":98,\"height\":25,\"caption\":\"IPlay\"},\"image\":{\"@id\":\"https:\/\/www.iplay.com\/en\/#\/schema\/logo\/image\/\"}}]}<\/script>\n<!-- \/ Yoast SEO Premium plugin. -->","yoast_head_json":{"title":"The Unseen Fears: Ominous Talent Collector's Edition - Wirst du dieses Mal mehr als nur dein Foto aufnehmen?","description":"Sie machen mehr als nur Ihr Foto! Die Collector's Edition von The Unseen Fears: Ominous Talent","robots":{"index":"index","follow":"follow","max-snippet":"max-snippet:-1","max-image-preview":"max-image-preview:large","max-video-preview":"max-video-preview:-1"},"canonical":"https:\/\/www.iplay.com\/de\/games\/the-unseen-fears-ominous-talent-collectors-edition\/","og_locale":"de_DE","og_type":"article","og_title":"The Unseen Fears: Ominous Talent Collector's Edition","og_description":"Sie machen mehr als nur Ihr Foto! Die Collector's Edition von The Unseen Fears: Ominous Talent","og_url":"https:\/\/www.iplay.com\/de\/games\/the-unseen-fears-ominous-talent-collectors-edition\/","og_site_name":"IPlay","og_image":[{"width":310,"height":310,"url":"https:\/\/www.iplay.com\/wp-content\/uploads\/2023\/12\/large_square_tile_image-2672.jpg","type":"image\/jpeg"}],"twitter_card":"summary_large_image","twitter_misc":{"Gesch\u00e4tzte Lesezeit":"1 Minute"},"schema":{"@context":"https:\/\/schema.org","@graph":[{"@type":"WebPage","@id":"https:\/\/www.iplay.com\/de\/games\/the-unseen-fears-ominous-talent-collectors-edition\/","url":"https:\/\/www.iplay.com\/de\/games\/the-unseen-fears-ominous-talent-collectors-edition\/","name":"The Unseen Fears: Ominous Talent Collector's Edition - Wirst du dieses Mal mehr als nur dein Foto aufnehmen?","isPartOf":{"@id":"https:\/\/www.iplay.com\/en\/#website"},"primaryImageOfPage":{"@id":"https:\/\/www.iplay.com\/de\/games\/the-unseen-fears-ominous-talent-collectors-edition\/#primaryimage"},"image":{"@id":"https:\/\/www.iplay.com\/de\/games\/the-unseen-fears-ominous-talent-collectors-edition\/#primaryimage"},"thumbnailUrl":"https:\/\/www.iplay.com\/wp-content\/uploads\/2023\/12\/large_square_tile_image-2672.jpg","datePublished":"2020-07-24T00:00:00+00:00","description":"Sie machen mehr als nur Ihr Foto! Die Collector's Edition von The Unseen Fears: Ominous Talent","breadcrumb":{"@id":"https:\/\/www.iplay.com\/de\/games\/the-unseen-fears-ominous-talent-collectors-edition\/#breadcrumb"},"inLanguage":"de-DE","potentialAction":[{"@type":"ReadAction","target":["https:\/\/www.iplay.com\/de\/games\/the-unseen-fears-ominous-talent-collectors-edition\/"]}]},{"@type":"ImageObject","inLanguage":"de-DE","@id":"https:\/\/www.iplay.com\/de\/games\/the-unseen-fears-ominous-talent-collectors-edition\/#primaryimage","url":"https:\/\/www.iplay.com\/wp-content\/uploads\/2023\/12\/large_square_tile_image-2672.jpg","contentUrl":"https:\/\/www.iplay.com\/wp-content\/uploads\/2023\/12\/large_square_tile_image-2672.jpg","width":310,"height":310},{"@type":"BreadcrumbList","@id":"https:\/\/www.iplay.com\/de\/games\/the-unseen-fears-ominous-talent-collectors-edition\/#breadcrumb","itemListElement":[{"@type":"ListItem","position":1,"name":"Home","item":"https:\/\/www.iplay.com\/de\/home-page-2\/"},{"@type":"ListItem","position":2,"name":"Shop","item":"https:\/\/www.iplay.com\/en\/shop\/"},{"@type":"ListItem","position":3,"name":"The Unseen Fears: Ominous Talent Collector&#8217;s Edition"}]},{"@type":"WebSite","@id":"https:\/\/www.iplay.com\/en\/#website","url":"https:\/\/www.iplay.com\/en\/","name":"IPlay","description":"The Best Casual Games!","publisher":{"@id":"https:\/\/www.iplay.com\/en\/#organization"},"potentialAction":[{"@type":"SearchAction","target":{"@type":"EntryPoint","urlTemplate":"https:\/\/www.iplay.com\/en\/?s={search_term_string}"},"query-input":{"@type":"PropertyValueSpecification","valueRequired":true,"valueName":"search_term_string"}}],"inLanguage":"de-DE"},{"@type":"Organization","@id":"https:\/\/www.iplay.com\/en\/#organization","name":"IPlay","url":"https:\/\/www.iplay.com\/en\/","logo":{"@type":"ImageObject","inLanguage":"de-DE","@id":"https:\/\/www.iplay.com\/en\/#\/schema\/logo\/image\/","url":"https:\/\/www.iplay.com\/wp-content\/uploads\/2023\/11\/Group-6100.svg","contentUrl":"https:\/\/www.iplay.com\/wp-content\/uploads\/2023\/11\/Group-6100.svg","width":98,"height":25,"caption":"IPlay"},"image":{"@id":"https:\/\/www.iplay.com\/en\/#\/schema\/logo\/image\/"}}]}},"_links":{"self":[{"href":"https:\/\/www.iplay.com\/de\/wp-json\/wp\/v2\/product\/135029","targetHints":{"allow":["GET"]}}],"collection":[{"href":"https:\/\/www.iplay.com\/de\/wp-json\/wp\/v2\/product"}],"about":[{"href":"https:\/\/www.iplay.com\/de\/wp-json\/wp\/v2\/types\/product"}],"author":[{"embeddable":true,"href":"https:\/\/www.iplay.com\/de\/wp-json\/wp\/v2\/users\/17"}],"replies":[{"embeddable":true,"href":"https:\/\/www.iplay.com\/de\/wp-json\/wp\/v2\/comments?post=135029"}],"wp:featuredmedia":[{"embeddable":true,"href":"https:\/\/www.iplay.com\/de\/wp-json\/wp\/v2\/media\/82643"}],"wp:attachment":[{"href":"https:\/\/www.iplay.com\/de\/wp-json\/wp\/v2\/media?parent=135029"}],"wp:term":[{"taxonomy":"product_brand","embeddable":true,"href":"https:\/\/www.iplay.com\/de\/wp-json\/wp\/v2\/product_brand?post=135029"},{"taxonomy":"product_cat","embeddable":true,"href":"https:\/\/www.iplay.com\/de\/wp-json\/wp\/v2\/product_cat?post=135029"},{"taxonomy":"product_tag","embeddable":true,"href":"https:\/\/www.iplay.com\/de\/wp-json\/wp\/v2\/product_tag?post=135029"}],"curies":[{"name":"wp","href":"https:\/\/api.w.org\/{rel}","templated":true}]}}