{"id":134863,"date":"2021-01-03T00:00:00","date_gmt":"2021-01-03T00:00:00","guid":{"rendered":"https:\/\/www.iplay.com\/games\/hidden-expedition-the-price-of-paradise-collectors-edition\/"},"modified":"2021-01-03T00:00:00","modified_gmt":"2021-01-03T00:00:00","slug":"hidden-expedition-the-price-of-paradise-collectors-edition","status":"publish","type":"product","link":"https:\/\/www.iplay.com\/de\/games\/hidden-expedition-the-price-of-paradise-collectors-edition\/","title":{"rendered":"Hidden Expedition: The Price of Paradise Collector&#8217;s Edition"},"content":{"rendered":"<p>Mit gro\u00dfem Stolz pr\u00e4sentieren wir euch den n\u00e4chsten spannenden Teil der <em>Hidden Expedition-Reihe<\/em> . Der Text lautet: Als Spezialist f\u00fcr alte aztekische Sprachen ist dies Ihre erste Exkursion. Du willst die Leute beeindrucken, aber als Coatlicue, die aztekische G\u00f6ttin der Natur, erweckt wird, nehmen die Dinge eine \u00fcberraschende Wendung! Es ist nun deine Aufgabe, den Menschen zu finden und zu stoppen, den Coatlicue beauftragt hat, ihre Mission zu erf\u00fcllen, den Planeten zur\u00fcckzuerobern und die Menschheit zu bestrafen. Es wird all deine List und deine F\u00e4higkeiten zum L\u00f6sen von R\u00e4tseln erfordern, um diese t\u00f6dliche Bedrohung zu \u00fcberlisten und Coatlicue zu ihrer ewigen Ruhest\u00e4tte zu bringen. Kannst du ihre Herausforderung mit gen\u00fcgend Mut annehmen? Entdecke in diesem spannenden neuen Puzzle-Abenteuer mit Wimmelbildern!     <\/p>\n<p>&nbsp;<\/p>\n<p>&nbsp;<\/p>\n<p><strong>Funktionen:<\/strong><\/p>\n<p>&nbsp;<\/p>\n<p>&#8211; Begleite Dave Brannan und die H.E.L.P.-Truppe bei der Jagd auf Mitglieder der Relic Sales Company, einer Bande, die Artefakte stiehlt und ziemlich gef\u00e4hrlich ist.<\/p>\n<p>&#8211; Hilf bei der Konservierung der Vase des Windes und anderer m\u00e4chtiger Azteken-Relikte!<\/p>\n<p>&#8211; Halte im Laufe des Spiels Ausschau nach Erinnerungsst\u00fccken und Azteken-Kalenderteilen, um zus\u00e4tzliche Geschichten freizuschalten.<\/p>\n<p>&#8211; Spiele deine bevorzugten Minispiele und HOPs erneut, um deine Erfolgspunkte zu erh\u00f6hen!<\/p>\n<p>&#8211; Speichern Sie Ihre besten Azteken-Erlebnisse in Form von Konzeptkunst, Musik und Hintergrundbildern.<\/p>\n<p>&#8211; Nutze den Strategieleitfaden, um auf Kurs zu bleiben!<\/p>\n","protected":false},"excerpt":{"rendered":"<p>Mutter Natur erwidert das Feuer! Die Collector&#8217;s Edition von Hidden Expedition: Der Preis des Paradieses <\/p>\n","protected":false},"author":17,"featured_media":81182,"comment_status":"open","ping_status":"closed","template":"","meta":{"_acf_changed":false,"inline_featured_image":false},"product_brand":[],"product_cat":[164],"product_tag":[289],"class_list":{"0":"post-134863","1":"product","2":"type-product","3":"status-publish","4":"has-post-thumbnail","6":"product_cat-hidden-object-de","7":"product_tag-play-on-pc-de","9":"first","10":"instock","11":"shipping-taxable","12":"purchasable","13":"product-type-simple"},"acf":[],"yoast_head":"<!-- This site is optimized with the Yoast SEO Premium plugin v25.2 (Yoast SEO v25.2) - https:\/\/yoast.com\/wordpress\/plugins\/seo\/ -->\n<title>Hidden Expedition: Der Preis des Paradieses Sammleredition - Es ist Zeit f\u00fcr Mutter Natur, sich zu wehren<\/title>\n<meta name=\"description\" content=\"Mutter Natur erwidert das Feuer! Die Collector&#039;s Edition von Hidden Expedition: Der Preis des Paradieses\" \/>\n<meta name=\"robots\" content=\"index, follow, max-snippet:-1, max-image-preview:large, max-video-preview:-1\" \/>\n<link rel=\"canonical\" href=\"https:\/\/www.iplay.com\/de\/games\/hidden-expedition-the-price-of-paradise-collectors-edition\/\" \/>\n<meta property=\"og:locale\" content=\"de_DE\" \/>\n<meta property=\"og:type\" content=\"article\" \/>\n<meta property=\"og:title\" content=\"Hidden Expedition: The Price of Paradise Collector&#039;s Edition\" \/>\n<meta property=\"og:description\" content=\"Mutter Natur erwidert das Feuer! Die Collector&#039;s Edition von Hidden Expedition: Der Preis des Paradieses\" \/>\n<meta property=\"og:url\" content=\"https:\/\/www.iplay.com\/de\/games\/hidden-expedition-the-price-of-paradise-collectors-edition\/\" \/>\n<meta property=\"og:site_name\" content=\"IPlay\" \/>\n<meta property=\"og:image\" content=\"https:\/\/www.iplay.com\/wp-content\/uploads\/2023\/12\/large_square_tile_image-2579.jpg\" \/>\n\t<meta property=\"og:image:width\" content=\"310\" \/>\n\t<meta property=\"og:image:height\" content=\"310\" \/>\n\t<meta property=\"og:image:type\" content=\"image\/jpeg\" \/>\n<meta name=\"twitter:card\" content=\"summary_large_image\" \/>\n<meta name=\"twitter:label1\" content=\"Gesch\u00e4tzte Lesezeit\" \/>\n\t<meta name=\"twitter:data1\" content=\"1 Minute\" \/>\n<script type=\"application\/ld+json\" class=\"yoast-schema-graph\">{\"@context\":\"https:\/\/schema.org\",\"@graph\":[{\"@type\":\"WebPage\",\"@id\":\"https:\/\/www.iplay.com\/de\/games\/hidden-expedition-the-price-of-paradise-collectors-edition\/\",\"url\":\"https:\/\/www.iplay.com\/de\/games\/hidden-expedition-the-price-of-paradise-collectors-edition\/\",\"name\":\"Hidden Expedition: Der Preis des Paradieses Sammleredition - Es ist Zeit f\u00fcr Mutter Natur, sich zu wehren\",\"isPartOf\":{\"@id\":\"https:\/\/www.iplay.com\/en\/#website\"},\"primaryImageOfPage\":{\"@id\":\"https:\/\/www.iplay.com\/de\/games\/hidden-expedition-the-price-of-paradise-collectors-edition\/#primaryimage\"},\"image\":{\"@id\":\"https:\/\/www.iplay.com\/de\/games\/hidden-expedition-the-price-of-paradise-collectors-edition\/#primaryimage\"},\"thumbnailUrl\":\"https:\/\/www.iplay.com\/wp-content\/uploads\/2023\/12\/large_square_tile_image-2579.jpg\",\"datePublished\":\"2021-01-03T00:00:00+00:00\",\"description\":\"Mutter Natur erwidert das Feuer! Die Collector's Edition von Hidden Expedition: Der Preis des Paradieses\",\"breadcrumb\":{\"@id\":\"https:\/\/www.iplay.com\/de\/games\/hidden-expedition-the-price-of-paradise-collectors-edition\/#breadcrumb\"},\"inLanguage\":\"de-DE\",\"potentialAction\":[{\"@type\":\"ReadAction\",\"target\":[\"https:\/\/www.iplay.com\/de\/games\/hidden-expedition-the-price-of-paradise-collectors-edition\/\"]}]},{\"@type\":\"ImageObject\",\"inLanguage\":\"de-DE\",\"@id\":\"https:\/\/www.iplay.com\/de\/games\/hidden-expedition-the-price-of-paradise-collectors-edition\/#primaryimage\",\"url\":\"https:\/\/www.iplay.com\/wp-content\/uploads\/2023\/12\/large_square_tile_image-2579.jpg\",\"contentUrl\":\"https:\/\/www.iplay.com\/wp-content\/uploads\/2023\/12\/large_square_tile_image-2579.jpg\",\"width\":310,\"height\":310},{\"@type\":\"BreadcrumbList\",\"@id\":\"https:\/\/www.iplay.com\/de\/games\/hidden-expedition-the-price-of-paradise-collectors-edition\/#breadcrumb\",\"itemListElement\":[{\"@type\":\"ListItem\",\"position\":1,\"name\":\"Home\",\"item\":\"https:\/\/www.iplay.com\/de\/home-page-2\/\"},{\"@type\":\"ListItem\",\"position\":2,\"name\":\"Shop\",\"item\":\"https:\/\/www.iplay.com\/en\/shop\/\"},{\"@type\":\"ListItem\",\"position\":3,\"name\":\"Hidden Expedition: The Price of Paradise Collector&#8217;s Edition\"}]},{\"@type\":\"WebSite\",\"@id\":\"https:\/\/www.iplay.com\/en\/#website\",\"url\":\"https:\/\/www.iplay.com\/en\/\",\"name\":\"IPlay\",\"description\":\"The Best Casual Games!\",\"publisher\":{\"@id\":\"https:\/\/www.iplay.com\/en\/#organization\"},\"potentialAction\":[{\"@type\":\"SearchAction\",\"target\":{\"@type\":\"EntryPoint\",\"urlTemplate\":\"https:\/\/www.iplay.com\/en\/?s={search_term_string}\"},\"query-input\":{\"@type\":\"PropertyValueSpecification\",\"valueRequired\":true,\"valueName\":\"search_term_string\"}}],\"inLanguage\":\"de-DE\"},{\"@type\":\"Organization\",\"@id\":\"https:\/\/www.iplay.com\/en\/#organization\",\"name\":\"IPlay\",\"url\":\"https:\/\/www.iplay.com\/en\/\",\"logo\":{\"@type\":\"ImageObject\",\"inLanguage\":\"de-DE\",\"@id\":\"https:\/\/www.iplay.com\/en\/#\/schema\/logo\/image\/\",\"url\":\"https:\/\/www.iplay.com\/wp-content\/uploads\/2023\/11\/Group-6100.svg\",\"contentUrl\":\"https:\/\/www.iplay.com\/wp-content\/uploads\/2023\/11\/Group-6100.svg\",\"width\":98,\"height\":25,\"caption\":\"IPlay\"},\"image\":{\"@id\":\"https:\/\/www.iplay.com\/en\/#\/schema\/logo\/image\/\"}}]}<\/script>\n<!-- \/ Yoast SEO Premium plugin. -->","yoast_head_json":{"title":"Hidden Expedition: Der Preis des Paradieses Sammleredition - Es ist Zeit f\u00fcr Mutter Natur, sich zu wehren","description":"Mutter Natur erwidert das Feuer! Die Collector's Edition von Hidden Expedition: Der Preis des Paradieses","robots":{"index":"index","follow":"follow","max-snippet":"max-snippet:-1","max-image-preview":"max-image-preview:large","max-video-preview":"max-video-preview:-1"},"canonical":"https:\/\/www.iplay.com\/de\/games\/hidden-expedition-the-price-of-paradise-collectors-edition\/","og_locale":"de_DE","og_type":"article","og_title":"Hidden Expedition: The Price of Paradise Collector's Edition","og_description":"Mutter Natur erwidert das Feuer! Die Collector's Edition von Hidden Expedition: Der Preis des Paradieses","og_url":"https:\/\/www.iplay.com\/de\/games\/hidden-expedition-the-price-of-paradise-collectors-edition\/","og_site_name":"IPlay","og_image":[{"width":310,"height":310,"url":"https:\/\/www.iplay.com\/wp-content\/uploads\/2023\/12\/large_square_tile_image-2579.jpg","type":"image\/jpeg"}],"twitter_card":"summary_large_image","twitter_misc":{"Gesch\u00e4tzte Lesezeit":"1 Minute"},"schema":{"@context":"https:\/\/schema.org","@graph":[{"@type":"WebPage","@id":"https:\/\/www.iplay.com\/de\/games\/hidden-expedition-the-price-of-paradise-collectors-edition\/","url":"https:\/\/www.iplay.com\/de\/games\/hidden-expedition-the-price-of-paradise-collectors-edition\/","name":"Hidden Expedition: Der Preis des Paradieses Sammleredition - Es ist Zeit f\u00fcr Mutter Natur, sich zu wehren","isPartOf":{"@id":"https:\/\/www.iplay.com\/en\/#website"},"primaryImageOfPage":{"@id":"https:\/\/www.iplay.com\/de\/games\/hidden-expedition-the-price-of-paradise-collectors-edition\/#primaryimage"},"image":{"@id":"https:\/\/www.iplay.com\/de\/games\/hidden-expedition-the-price-of-paradise-collectors-edition\/#primaryimage"},"thumbnailUrl":"https:\/\/www.iplay.com\/wp-content\/uploads\/2023\/12\/large_square_tile_image-2579.jpg","datePublished":"2021-01-03T00:00:00+00:00","description":"Mutter Natur erwidert das Feuer! Die Collector's Edition von Hidden Expedition: Der Preis des Paradieses","breadcrumb":{"@id":"https:\/\/www.iplay.com\/de\/games\/hidden-expedition-the-price-of-paradise-collectors-edition\/#breadcrumb"},"inLanguage":"de-DE","potentialAction":[{"@type":"ReadAction","target":["https:\/\/www.iplay.com\/de\/games\/hidden-expedition-the-price-of-paradise-collectors-edition\/"]}]},{"@type":"ImageObject","inLanguage":"de-DE","@id":"https:\/\/www.iplay.com\/de\/games\/hidden-expedition-the-price-of-paradise-collectors-edition\/#primaryimage","url":"https:\/\/www.iplay.com\/wp-content\/uploads\/2023\/12\/large_square_tile_image-2579.jpg","contentUrl":"https:\/\/www.iplay.com\/wp-content\/uploads\/2023\/12\/large_square_tile_image-2579.jpg","width":310,"height":310},{"@type":"BreadcrumbList","@id":"https:\/\/www.iplay.com\/de\/games\/hidden-expedition-the-price-of-paradise-collectors-edition\/#breadcrumb","itemListElement":[{"@type":"ListItem","position":1,"name":"Home","item":"https:\/\/www.iplay.com\/de\/home-page-2\/"},{"@type":"ListItem","position":2,"name":"Shop","item":"https:\/\/www.iplay.com\/en\/shop\/"},{"@type":"ListItem","position":3,"name":"Hidden Expedition: The Price of Paradise Collector&#8217;s Edition"}]},{"@type":"WebSite","@id":"https:\/\/www.iplay.com\/en\/#website","url":"https:\/\/www.iplay.com\/en\/","name":"IPlay","description":"The Best Casual Games!","publisher":{"@id":"https:\/\/www.iplay.com\/en\/#organization"},"potentialAction":[{"@type":"SearchAction","target":{"@type":"EntryPoint","urlTemplate":"https:\/\/www.iplay.com\/en\/?s={search_term_string}"},"query-input":{"@type":"PropertyValueSpecification","valueRequired":true,"valueName":"search_term_string"}}],"inLanguage":"de-DE"},{"@type":"Organization","@id":"https:\/\/www.iplay.com\/en\/#organization","name":"IPlay","url":"https:\/\/www.iplay.com\/en\/","logo":{"@type":"ImageObject","inLanguage":"de-DE","@id":"https:\/\/www.iplay.com\/en\/#\/schema\/logo\/image\/","url":"https:\/\/www.iplay.com\/wp-content\/uploads\/2023\/11\/Group-6100.svg","contentUrl":"https:\/\/www.iplay.com\/wp-content\/uploads\/2023\/11\/Group-6100.svg","width":98,"height":25,"caption":"IPlay"},"image":{"@id":"https:\/\/www.iplay.com\/en\/#\/schema\/logo\/image\/"}}]}},"_links":{"self":[{"href":"https:\/\/www.iplay.com\/de\/wp-json\/wp\/v2\/product\/134863","targetHints":{"allow":["GET"]}}],"collection":[{"href":"https:\/\/www.iplay.com\/de\/wp-json\/wp\/v2\/product"}],"about":[{"href":"https:\/\/www.iplay.com\/de\/wp-json\/wp\/v2\/types\/product"}],"author":[{"embeddable":true,"href":"https:\/\/www.iplay.com\/de\/wp-json\/wp\/v2\/users\/17"}],"replies":[{"embeddable":true,"href":"https:\/\/www.iplay.com\/de\/wp-json\/wp\/v2\/comments?post=134863"}],"wp:featuredmedia":[{"embeddable":true,"href":"https:\/\/www.iplay.com\/de\/wp-json\/wp\/v2\/media\/81182"}],"wp:attachment":[{"href":"https:\/\/www.iplay.com\/de\/wp-json\/wp\/v2\/media?parent=134863"}],"wp:term":[{"taxonomy":"product_brand","embeddable":true,"href":"https:\/\/www.iplay.com\/de\/wp-json\/wp\/v2\/product_brand?post=134863"},{"taxonomy":"product_cat","embeddable":true,"href":"https:\/\/www.iplay.com\/de\/wp-json\/wp\/v2\/product_cat?post=134863"},{"taxonomy":"product_tag","embeddable":true,"href":"https:\/\/www.iplay.com\/de\/wp-json\/wp\/v2\/product_tag?post=134863"}],"curies":[{"name":"wp","href":"https:\/\/api.w.org\/{rel}","templated":true}]}}