{"id":134816,"date":"2021-07-12T00:00:00","date_gmt":"2021-07-12T00:00:00","guid":{"rendered":"https:\/\/www.iplay.com\/games\/dreamscapes-the-sandman-premium-edition\/"},"modified":"2021-07-12T00:00:00","modified_gmt":"2021-07-12T00:00:00","slug":"dreamscapes-the-sandman-premium-edition","status":"publish","type":"product","link":"https:\/\/www.iplay.com\/de\/games\/dreamscapes-the-sandman-premium-edition\/","title":{"rendered":"Dreamscapes: The Sandman &#8211; Premium Edition"},"content":{"rendered":"<p>Du wirst auf einen schrecklichen Traum des komat\u00f6sen M\u00e4dchens Laura sto\u00dfen, w\u00e4hrend du als Freiwillige spielst, die sich verpflichtet hat, dem verr\u00fcckten Professor zu helfen. Laura war in die Welt der Tr\u00e4ume eingetaucht. Lass die Albtr\u00e4ume eines M\u00e4dchens verschwinden. Sammle den Traumf\u00e4nger ein, der entf\u00fchrt und zerst\u00f6rt wurde, stelle dich dem Sandmann und hilf Laura, in der realen Welt aufzuwachen.   <\/p>\n<p>&nbsp;<\/p>\n<p>&nbsp;<\/p>\n<p><strong>Funktionen:<\/strong><\/p>\n<p>&nbsp;<\/p>\n<p>&#8211; Originelle Spielwelt<br \/>\n&#8211; Eine faszinierende Handlung<br \/>\n&#8211; 50 Spielorte<br \/>\n&#8211; Die Welt ver\u00e4ndert sich w\u00e4hrend der Komplettl\u00f6sung<br \/>\n&#8211; Der s\u00fc\u00dfe Assistent Benny<br \/>\n&#8211; 16 Minispiele<br \/>\n&#8211; Mehr als 50 3D-Filme und Zwischensequenzen- Einzigartiges<br \/>\n Meta-Spiel auf der Suche der Betrachter (die Variationsmechanik des Wimmelbildes)<br \/>\n&#8211; Meta-Spiel auf der Suche des Traumf\u00e4ngers (Puzzle)<br \/>\n&#8211; Meta-Spiel auf der Suche nach Tagebuchseiten mit dem Hintergrund<br \/>\n der Spielereignisse- 2 Spielmodi (normal und fortgeschritten)<br \/>\n&#8211; Erfolgssystem<\/p>\n<p>&nbsp;<\/p>\n<p><strong>Funktionen der Premium Edition:<\/strong><\/p>\n<p>&nbsp;<\/p>\n<p>&#8211; 15 Bonusorte<br \/>\n &#8211; Konzeptzeichnungen<br \/>\n &#8211; Spielkunst (Hintergrundbild)<br \/>\n &#8211; Bildschirmschoner<br \/>\n &#8211; 9 Spielmusikst\u00fccke<\/p>\n","protected":false},"excerpt":{"rendered":"<p>K\u00e4mpfe in Dreamscapes: The Sandman &#8211; Premium Edition gegen den Sandman, um Laura beim Aufwachen zu helfen.<\/p>\n","protected":false},"author":195,"featured_media":79577,"comment_status":"open","ping_status":"closed","template":"","meta":{"_acf_changed":false,"inline_featured_image":false},"product_brand":[],"product_cat":[164],"product_tag":[289],"class_list":{"0":"post-134816","1":"product","2":"type-product","3":"status-publish","4":"has-post-thumbnail","6":"product_cat-hidden-object-de","7":"product_tag-play-on-pc-de","9":"first","10":"instock","11":"shipping-taxable","12":"purchasable","13":"product-type-simple"},"acf":[],"yoast_head":"<!-- This site is optimized with the Yoast SEO Premium plugin v25.2 (Yoast SEO v25.2) - https:\/\/yoast.com\/wordpress\/plugins\/seo\/ -->\n<title>Dreamscapes: Der Sandmann - Premium - Besiege den Sandmann<\/title>\n<meta name=\"description\" content=\"K\u00e4mpfe in Dreamscapes: The Sandman - Premium Edition gegen den Sandman, um Laura beim Aufwachen zu helfen.\" \/>\n<meta name=\"robots\" content=\"index, follow, max-snippet:-1, max-image-preview:large, max-video-preview:-1\" \/>\n<link rel=\"canonical\" href=\"https:\/\/www.iplay.com\/de\/games\/dreamscapes-the-sandman-premium-edition\/\" \/>\n<meta property=\"og:locale\" content=\"de_DE\" \/>\n<meta property=\"og:type\" content=\"article\" \/>\n<meta property=\"og:title\" content=\"Dreamscapes: The Sandman - Premium Edition\" \/>\n<meta property=\"og:description\" content=\"K\u00e4mpfe in Dreamscapes: The Sandman - Premium Edition gegen den Sandman, um Laura beim Aufwachen zu helfen.\" \/>\n<meta property=\"og:url\" content=\"https:\/\/www.iplay.com\/de\/games\/dreamscapes-the-sandman-premium-edition\/\" \/>\n<meta property=\"og:site_name\" content=\"IPlay\" \/>\n<meta property=\"og:image\" content=\"https:\/\/www.iplay.com\/wp-content\/uploads\/2023\/12\/large_square_tile_image-2475.jpg\" \/>\n\t<meta property=\"og:image:width\" content=\"310\" \/>\n\t<meta property=\"og:image:height\" content=\"310\" \/>\n\t<meta property=\"og:image:type\" content=\"image\/jpeg\" \/>\n<meta name=\"twitter:card\" content=\"summary_large_image\" \/>\n<meta name=\"twitter:label1\" content=\"Gesch\u00e4tzte Lesezeit\" \/>\n\t<meta name=\"twitter:data1\" content=\"1 Minute\" \/>\n<script type=\"application\/ld+json\" class=\"yoast-schema-graph\">{\"@context\":\"https:\/\/schema.org\",\"@graph\":[{\"@type\":\"WebPage\",\"@id\":\"https:\/\/www.iplay.com\/de\/games\/dreamscapes-the-sandman-premium-edition\/\",\"url\":\"https:\/\/www.iplay.com\/de\/games\/dreamscapes-the-sandman-premium-edition\/\",\"name\":\"Dreamscapes: Der Sandmann - Premium - Besiege den Sandmann\",\"isPartOf\":{\"@id\":\"https:\/\/www.iplay.com\/en\/#website\"},\"primaryImageOfPage\":{\"@id\":\"https:\/\/www.iplay.com\/de\/games\/dreamscapes-the-sandman-premium-edition\/#primaryimage\"},\"image\":{\"@id\":\"https:\/\/www.iplay.com\/de\/games\/dreamscapes-the-sandman-premium-edition\/#primaryimage\"},\"thumbnailUrl\":\"https:\/\/www.iplay.com\/wp-content\/uploads\/2023\/12\/large_square_tile_image-2475.jpg\",\"datePublished\":\"2021-07-12T00:00:00+00:00\",\"description\":\"K\u00e4mpfe in Dreamscapes: The Sandman - Premium Edition gegen den Sandman, um Laura beim Aufwachen zu helfen.\",\"breadcrumb\":{\"@id\":\"https:\/\/www.iplay.com\/de\/games\/dreamscapes-the-sandman-premium-edition\/#breadcrumb\"},\"inLanguage\":\"de-DE\",\"potentialAction\":[{\"@type\":\"ReadAction\",\"target\":[\"https:\/\/www.iplay.com\/de\/games\/dreamscapes-the-sandman-premium-edition\/\"]}]},{\"@type\":\"ImageObject\",\"inLanguage\":\"de-DE\",\"@id\":\"https:\/\/www.iplay.com\/de\/games\/dreamscapes-the-sandman-premium-edition\/#primaryimage\",\"url\":\"https:\/\/www.iplay.com\/wp-content\/uploads\/2023\/12\/large_square_tile_image-2475.jpg\",\"contentUrl\":\"https:\/\/www.iplay.com\/wp-content\/uploads\/2023\/12\/large_square_tile_image-2475.jpg\",\"width\":310,\"height\":310},{\"@type\":\"BreadcrumbList\",\"@id\":\"https:\/\/www.iplay.com\/de\/games\/dreamscapes-the-sandman-premium-edition\/#breadcrumb\",\"itemListElement\":[{\"@type\":\"ListItem\",\"position\":1,\"name\":\"Home\",\"item\":\"https:\/\/www.iplay.com\/de\/home-page-2\/\"},{\"@type\":\"ListItem\",\"position\":2,\"name\":\"Shop\",\"item\":\"https:\/\/www.iplay.com\/en\/shop\/\"},{\"@type\":\"ListItem\",\"position\":3,\"name\":\"Dreamscapes: The Sandman &#8211; Premium Edition\"}]},{\"@type\":\"WebSite\",\"@id\":\"https:\/\/www.iplay.com\/en\/#website\",\"url\":\"https:\/\/www.iplay.com\/en\/\",\"name\":\"IPlay\",\"description\":\"The Best Casual Games!\",\"publisher\":{\"@id\":\"https:\/\/www.iplay.com\/en\/#organization\"},\"potentialAction\":[{\"@type\":\"SearchAction\",\"target\":{\"@type\":\"EntryPoint\",\"urlTemplate\":\"https:\/\/www.iplay.com\/en\/?s={search_term_string}\"},\"query-input\":{\"@type\":\"PropertyValueSpecification\",\"valueRequired\":true,\"valueName\":\"search_term_string\"}}],\"inLanguage\":\"de-DE\"},{\"@type\":\"Organization\",\"@id\":\"https:\/\/www.iplay.com\/en\/#organization\",\"name\":\"IPlay\",\"url\":\"https:\/\/www.iplay.com\/en\/\",\"logo\":{\"@type\":\"ImageObject\",\"inLanguage\":\"de-DE\",\"@id\":\"https:\/\/www.iplay.com\/en\/#\/schema\/logo\/image\/\",\"url\":\"https:\/\/www.iplay.com\/wp-content\/uploads\/2023\/11\/Group-6100.svg\",\"contentUrl\":\"https:\/\/www.iplay.com\/wp-content\/uploads\/2023\/11\/Group-6100.svg\",\"width\":98,\"height\":25,\"caption\":\"IPlay\"},\"image\":{\"@id\":\"https:\/\/www.iplay.com\/en\/#\/schema\/logo\/image\/\"}}]}<\/script>\n<!-- \/ Yoast SEO Premium plugin. -->","yoast_head_json":{"title":"Dreamscapes: Der Sandmann - Premium - Besiege den Sandmann","description":"K\u00e4mpfe in Dreamscapes: The Sandman - Premium Edition gegen den Sandman, um Laura beim Aufwachen zu helfen.","robots":{"index":"index","follow":"follow","max-snippet":"max-snippet:-1","max-image-preview":"max-image-preview:large","max-video-preview":"max-video-preview:-1"},"canonical":"https:\/\/www.iplay.com\/de\/games\/dreamscapes-the-sandman-premium-edition\/","og_locale":"de_DE","og_type":"article","og_title":"Dreamscapes: The Sandman - Premium Edition","og_description":"K\u00e4mpfe in Dreamscapes: The Sandman - Premium Edition gegen den Sandman, um Laura beim Aufwachen zu helfen.","og_url":"https:\/\/www.iplay.com\/de\/games\/dreamscapes-the-sandman-premium-edition\/","og_site_name":"IPlay","og_image":[{"width":310,"height":310,"url":"https:\/\/www.iplay.com\/wp-content\/uploads\/2023\/12\/large_square_tile_image-2475.jpg","type":"image\/jpeg"}],"twitter_card":"summary_large_image","twitter_misc":{"Gesch\u00e4tzte Lesezeit":"1 Minute"},"schema":{"@context":"https:\/\/schema.org","@graph":[{"@type":"WebPage","@id":"https:\/\/www.iplay.com\/de\/games\/dreamscapes-the-sandman-premium-edition\/","url":"https:\/\/www.iplay.com\/de\/games\/dreamscapes-the-sandman-premium-edition\/","name":"Dreamscapes: Der Sandmann - Premium - Besiege den Sandmann","isPartOf":{"@id":"https:\/\/www.iplay.com\/en\/#website"},"primaryImageOfPage":{"@id":"https:\/\/www.iplay.com\/de\/games\/dreamscapes-the-sandman-premium-edition\/#primaryimage"},"image":{"@id":"https:\/\/www.iplay.com\/de\/games\/dreamscapes-the-sandman-premium-edition\/#primaryimage"},"thumbnailUrl":"https:\/\/www.iplay.com\/wp-content\/uploads\/2023\/12\/large_square_tile_image-2475.jpg","datePublished":"2021-07-12T00:00:00+00:00","description":"K\u00e4mpfe in Dreamscapes: The Sandman - Premium Edition gegen den Sandman, um Laura beim Aufwachen zu helfen.","breadcrumb":{"@id":"https:\/\/www.iplay.com\/de\/games\/dreamscapes-the-sandman-premium-edition\/#breadcrumb"},"inLanguage":"de-DE","potentialAction":[{"@type":"ReadAction","target":["https:\/\/www.iplay.com\/de\/games\/dreamscapes-the-sandman-premium-edition\/"]}]},{"@type":"ImageObject","inLanguage":"de-DE","@id":"https:\/\/www.iplay.com\/de\/games\/dreamscapes-the-sandman-premium-edition\/#primaryimage","url":"https:\/\/www.iplay.com\/wp-content\/uploads\/2023\/12\/large_square_tile_image-2475.jpg","contentUrl":"https:\/\/www.iplay.com\/wp-content\/uploads\/2023\/12\/large_square_tile_image-2475.jpg","width":310,"height":310},{"@type":"BreadcrumbList","@id":"https:\/\/www.iplay.com\/de\/games\/dreamscapes-the-sandman-premium-edition\/#breadcrumb","itemListElement":[{"@type":"ListItem","position":1,"name":"Home","item":"https:\/\/www.iplay.com\/de\/home-page-2\/"},{"@type":"ListItem","position":2,"name":"Shop","item":"https:\/\/www.iplay.com\/en\/shop\/"},{"@type":"ListItem","position":3,"name":"Dreamscapes: The Sandman &#8211; Premium Edition"}]},{"@type":"WebSite","@id":"https:\/\/www.iplay.com\/en\/#website","url":"https:\/\/www.iplay.com\/en\/","name":"IPlay","description":"The Best Casual Games!","publisher":{"@id":"https:\/\/www.iplay.com\/en\/#organization"},"potentialAction":[{"@type":"SearchAction","target":{"@type":"EntryPoint","urlTemplate":"https:\/\/www.iplay.com\/en\/?s={search_term_string}"},"query-input":{"@type":"PropertyValueSpecification","valueRequired":true,"valueName":"search_term_string"}}],"inLanguage":"de-DE"},{"@type":"Organization","@id":"https:\/\/www.iplay.com\/en\/#organization","name":"IPlay","url":"https:\/\/www.iplay.com\/en\/","logo":{"@type":"ImageObject","inLanguage":"de-DE","@id":"https:\/\/www.iplay.com\/en\/#\/schema\/logo\/image\/","url":"https:\/\/www.iplay.com\/wp-content\/uploads\/2023\/11\/Group-6100.svg","contentUrl":"https:\/\/www.iplay.com\/wp-content\/uploads\/2023\/11\/Group-6100.svg","width":98,"height":25,"caption":"IPlay"},"image":{"@id":"https:\/\/www.iplay.com\/en\/#\/schema\/logo\/image\/"}}]}},"_links":{"self":[{"href":"https:\/\/www.iplay.com\/de\/wp-json\/wp\/v2\/product\/134816","targetHints":{"allow":["GET"]}}],"collection":[{"href":"https:\/\/www.iplay.com\/de\/wp-json\/wp\/v2\/product"}],"about":[{"href":"https:\/\/www.iplay.com\/de\/wp-json\/wp\/v2\/types\/product"}],"author":[{"embeddable":true,"href":"https:\/\/www.iplay.com\/de\/wp-json\/wp\/v2\/users\/195"}],"replies":[{"embeddable":true,"href":"https:\/\/www.iplay.com\/de\/wp-json\/wp\/v2\/comments?post=134816"}],"wp:featuredmedia":[{"embeddable":true,"href":"https:\/\/www.iplay.com\/de\/wp-json\/wp\/v2\/media\/79577"}],"wp:attachment":[{"href":"https:\/\/www.iplay.com\/de\/wp-json\/wp\/v2\/media?parent=134816"}],"wp:term":[{"taxonomy":"product_brand","embeddable":true,"href":"https:\/\/www.iplay.com\/de\/wp-json\/wp\/v2\/product_brand?post=134816"},{"taxonomy":"product_cat","embeddable":true,"href":"https:\/\/www.iplay.com\/de\/wp-json\/wp\/v2\/product_cat?post=134816"},{"taxonomy":"product_tag","embeddable":true,"href":"https:\/\/www.iplay.com\/de\/wp-json\/wp\/v2\/product_tag?post=134816"}],"curies":[{"name":"wp","href":"https:\/\/api.w.org\/{rel}","templated":true}]}}