{"id":134810,"date":"2021-10-02T00:00:00","date_gmt":"2021-10-02T00:00:00","guid":{"rendered":"https:\/\/www.iplay.com\/games\/nevertales-faryon-collectors-edition\/"},"modified":"2021-10-02T00:00:00","modified_gmt":"2021-10-02T00:00:00","slug":"nevertales-faryon-collectors-edition","status":"publish","type":"product","link":"https:\/\/www.iplay.com\/de\/games\/nevertales-faryon-collectors-edition\/","title":{"rendered":"Nevertales: Faryon Collector&#8217;s Edition"},"content":{"rendered":"<p>Jetzt verf\u00fcgbar ist das elfte aufregende Abenteuer der Nevertales-Reihe! Wenn deine Mutter deine Anrufe nicht beantwortet, glaubst du nicht, dass sie eine Gefangene auf einem anderen Planeten ist! Nicht jeder m\u00f6chte, dass du deine Magie f\u00fcr das Gute einsetzt, aber du reist in ein mystisches Land, um die mysteri\u00f6sen F\u00e4higkeiten deiner Familie wiederzuerlangen und deine Mutter zu retten. Kannst du deine Mutter retten und dein Erstgeburtsrecht zur\u00fcckholen, bevor das B\u00f6se siegt? Du wirst es in diesem fesselnden Wimmelbild-Abenteuer entdecken!    <\/p>\n<p>&nbsp;<\/p>\n<p>&nbsp;<\/p>\n<p><strong>Funktionen:<\/strong><\/p>\n<p>&nbsp;<\/p>\n<p>&#8211; Entdecke die Vergangenheit von Faryon direkt, indem du den tapferen Taten von Neero und seinen ungew\u00f6hnlichen Gef\u00e4hrten folgst!<\/p>\n<p>&#8211; Spiele deine bevorzugten HOPs erneut, um weitere Erfolge freizuschalten!<\/p>\n<p>&#8211; Sammle Erinnerungsst\u00fccke und wechsle Gegenst\u00e4nde in jeder Szene!<\/p>\n<p>&#8211; Genie\u00dfe wundersch\u00f6ne Konzeptkunst, Musik, Hintergrundbilder und mehr!<\/p>\n<p>&#8211; Vermeiden Sie es, sich zu verlaufen, indem Sie den Strategieleitfaden verwenden!<\/p>\n","protected":false},"excerpt":{"rendered":"<p>Wirst du in der Lage sein, deine F\u00e4higkeiten rechtzeitig einzusetzen, um deine Mutter zu retten? Entdecken Sie mit Nevertales: CE Faryon <\/p>\n","protected":false},"author":17,"featured_media":78905,"comment_status":"open","ping_status":"closed","template":"","meta":{"_acf_changed":false,"inline_featured_image":false},"product_brand":[],"product_cat":[164],"product_tag":[289],"class_list":{"0":"post-134810","1":"product","2":"type-product","3":"status-publish","4":"has-post-thumbnail","6":"product_cat-hidden-object-de","7":"product_tag-play-on-pc-de","9":"first","10":"instock","11":"shipping-taxable","12":"purchasable","13":"product-type-simple"},"acf":[],"yoast_head":"<!-- This site is optimized with the Yoast SEO Premium plugin v25.2 (Yoast SEO v25.2) - https:\/\/yoast.com\/wordpress\/plugins\/seo\/ -->\n<title>Nevertales: Faryon Sammleredition - Nevertales: Faryon CE - Rette das K\u00f6nigreich<\/title>\n<meta name=\"description\" content=\"Wirst du in der Lage sein, deine F\u00e4higkeiten rechtzeitig einzusetzen, um deine Mutter zu retten? Entdecken Sie mit Nevertales: CE Faryon\" \/>\n<meta name=\"robots\" content=\"index, follow, max-snippet:-1, max-image-preview:large, max-video-preview:-1\" \/>\n<link rel=\"canonical\" href=\"https:\/\/www.iplay.com\/de\/games\/nevertales-faryon-collectors-edition\/\" \/>\n<meta property=\"og:locale\" content=\"de_DE\" \/>\n<meta property=\"og:type\" content=\"article\" \/>\n<meta property=\"og:title\" content=\"Nevertales: Faryon Collector&#039;s Edition\" \/>\n<meta property=\"og:description\" content=\"Wirst du in der Lage sein, deine F\u00e4higkeiten rechtzeitig einzusetzen, um deine Mutter zu retten? Entdecken Sie mit Nevertales: CE Faryon\" \/>\n<meta property=\"og:url\" content=\"https:\/\/www.iplay.com\/de\/games\/nevertales-faryon-collectors-edition\/\" \/>\n<meta property=\"og:site_name\" content=\"IPlay\" \/>\n<meta property=\"og:image\" content=\"https:\/\/www.iplay.com\/wp-content\/uploads\/2023\/12\/large_square_tile_image-2432.jpg\" \/>\n\t<meta property=\"og:image:width\" content=\"310\" \/>\n\t<meta property=\"og:image:height\" content=\"310\" \/>\n\t<meta property=\"og:image:type\" content=\"image\/jpeg\" \/>\n<meta name=\"twitter:card\" content=\"summary_large_image\" \/>\n<meta name=\"twitter:label1\" content=\"Gesch\u00e4tzte Lesezeit\" \/>\n\t<meta name=\"twitter:data1\" content=\"1 Minute\" \/>\n<script type=\"application\/ld+json\" class=\"yoast-schema-graph\">{\"@context\":\"https:\/\/schema.org\",\"@graph\":[{\"@type\":\"WebPage\",\"@id\":\"https:\/\/www.iplay.com\/de\/games\/nevertales-faryon-collectors-edition\/\",\"url\":\"https:\/\/www.iplay.com\/de\/games\/nevertales-faryon-collectors-edition\/\",\"name\":\"Nevertales: Faryon Sammleredition - Nevertales: Faryon CE - Rette das K\u00f6nigreich\",\"isPartOf\":{\"@id\":\"https:\/\/www.iplay.com\/en\/#website\"},\"primaryImageOfPage\":{\"@id\":\"https:\/\/www.iplay.com\/de\/games\/nevertales-faryon-collectors-edition\/#primaryimage\"},\"image\":{\"@id\":\"https:\/\/www.iplay.com\/de\/games\/nevertales-faryon-collectors-edition\/#primaryimage\"},\"thumbnailUrl\":\"https:\/\/www.iplay.com\/wp-content\/uploads\/2023\/12\/large_square_tile_image-2432.jpg\",\"datePublished\":\"2021-10-02T00:00:00+00:00\",\"description\":\"Wirst du in der Lage sein, deine F\u00e4higkeiten rechtzeitig einzusetzen, um deine Mutter zu retten? Entdecken Sie mit Nevertales: CE Faryon\",\"breadcrumb\":{\"@id\":\"https:\/\/www.iplay.com\/de\/games\/nevertales-faryon-collectors-edition\/#breadcrumb\"},\"inLanguage\":\"de-DE\",\"potentialAction\":[{\"@type\":\"ReadAction\",\"target\":[\"https:\/\/www.iplay.com\/de\/games\/nevertales-faryon-collectors-edition\/\"]}]},{\"@type\":\"ImageObject\",\"inLanguage\":\"de-DE\",\"@id\":\"https:\/\/www.iplay.com\/de\/games\/nevertales-faryon-collectors-edition\/#primaryimage\",\"url\":\"https:\/\/www.iplay.com\/wp-content\/uploads\/2023\/12\/large_square_tile_image-2432.jpg\",\"contentUrl\":\"https:\/\/www.iplay.com\/wp-content\/uploads\/2023\/12\/large_square_tile_image-2432.jpg\",\"width\":310,\"height\":310},{\"@type\":\"BreadcrumbList\",\"@id\":\"https:\/\/www.iplay.com\/de\/games\/nevertales-faryon-collectors-edition\/#breadcrumb\",\"itemListElement\":[{\"@type\":\"ListItem\",\"position\":1,\"name\":\"Home\",\"item\":\"https:\/\/www.iplay.com\/de\/home-page-2\/\"},{\"@type\":\"ListItem\",\"position\":2,\"name\":\"Shop\",\"item\":\"https:\/\/www.iplay.com\/en\/shop\/\"},{\"@type\":\"ListItem\",\"position\":3,\"name\":\"Nevertales: Faryon Collector&#8217;s Edition\"}]},{\"@type\":\"WebSite\",\"@id\":\"https:\/\/www.iplay.com\/en\/#website\",\"url\":\"https:\/\/www.iplay.com\/en\/\",\"name\":\"IPlay\",\"description\":\"The Best Casual Games!\",\"publisher\":{\"@id\":\"https:\/\/www.iplay.com\/en\/#organization\"},\"potentialAction\":[{\"@type\":\"SearchAction\",\"target\":{\"@type\":\"EntryPoint\",\"urlTemplate\":\"https:\/\/www.iplay.com\/en\/?s={search_term_string}\"},\"query-input\":{\"@type\":\"PropertyValueSpecification\",\"valueRequired\":true,\"valueName\":\"search_term_string\"}}],\"inLanguage\":\"de-DE\"},{\"@type\":\"Organization\",\"@id\":\"https:\/\/www.iplay.com\/en\/#organization\",\"name\":\"IPlay\",\"url\":\"https:\/\/www.iplay.com\/en\/\",\"logo\":{\"@type\":\"ImageObject\",\"inLanguage\":\"de-DE\",\"@id\":\"https:\/\/www.iplay.com\/en\/#\/schema\/logo\/image\/\",\"url\":\"https:\/\/www.iplay.com\/wp-content\/uploads\/2023\/11\/Group-6100.svg\",\"contentUrl\":\"https:\/\/www.iplay.com\/wp-content\/uploads\/2023\/11\/Group-6100.svg\",\"width\":98,\"height\":25,\"caption\":\"IPlay\"},\"image\":{\"@id\":\"https:\/\/www.iplay.com\/en\/#\/schema\/logo\/image\/\"}}]}<\/script>\n<!-- \/ Yoast SEO Premium plugin. -->","yoast_head_json":{"title":"Nevertales: Faryon Sammleredition - Nevertales: Faryon CE - Rette das K\u00f6nigreich","description":"Wirst du in der Lage sein, deine F\u00e4higkeiten rechtzeitig einzusetzen, um deine Mutter zu retten? Entdecken Sie mit Nevertales: CE Faryon","robots":{"index":"index","follow":"follow","max-snippet":"max-snippet:-1","max-image-preview":"max-image-preview:large","max-video-preview":"max-video-preview:-1"},"canonical":"https:\/\/www.iplay.com\/de\/games\/nevertales-faryon-collectors-edition\/","og_locale":"de_DE","og_type":"article","og_title":"Nevertales: Faryon Collector's Edition","og_description":"Wirst du in der Lage sein, deine F\u00e4higkeiten rechtzeitig einzusetzen, um deine Mutter zu retten? Entdecken Sie mit Nevertales: CE Faryon","og_url":"https:\/\/www.iplay.com\/de\/games\/nevertales-faryon-collectors-edition\/","og_site_name":"IPlay","og_image":[{"width":310,"height":310,"url":"https:\/\/www.iplay.com\/wp-content\/uploads\/2023\/12\/large_square_tile_image-2432.jpg","type":"image\/jpeg"}],"twitter_card":"summary_large_image","twitter_misc":{"Gesch\u00e4tzte Lesezeit":"1 Minute"},"schema":{"@context":"https:\/\/schema.org","@graph":[{"@type":"WebPage","@id":"https:\/\/www.iplay.com\/de\/games\/nevertales-faryon-collectors-edition\/","url":"https:\/\/www.iplay.com\/de\/games\/nevertales-faryon-collectors-edition\/","name":"Nevertales: Faryon Sammleredition - Nevertales: Faryon CE - Rette das K\u00f6nigreich","isPartOf":{"@id":"https:\/\/www.iplay.com\/en\/#website"},"primaryImageOfPage":{"@id":"https:\/\/www.iplay.com\/de\/games\/nevertales-faryon-collectors-edition\/#primaryimage"},"image":{"@id":"https:\/\/www.iplay.com\/de\/games\/nevertales-faryon-collectors-edition\/#primaryimage"},"thumbnailUrl":"https:\/\/www.iplay.com\/wp-content\/uploads\/2023\/12\/large_square_tile_image-2432.jpg","datePublished":"2021-10-02T00:00:00+00:00","description":"Wirst du in der Lage sein, deine F\u00e4higkeiten rechtzeitig einzusetzen, um deine Mutter zu retten? Entdecken Sie mit Nevertales: CE Faryon","breadcrumb":{"@id":"https:\/\/www.iplay.com\/de\/games\/nevertales-faryon-collectors-edition\/#breadcrumb"},"inLanguage":"de-DE","potentialAction":[{"@type":"ReadAction","target":["https:\/\/www.iplay.com\/de\/games\/nevertales-faryon-collectors-edition\/"]}]},{"@type":"ImageObject","inLanguage":"de-DE","@id":"https:\/\/www.iplay.com\/de\/games\/nevertales-faryon-collectors-edition\/#primaryimage","url":"https:\/\/www.iplay.com\/wp-content\/uploads\/2023\/12\/large_square_tile_image-2432.jpg","contentUrl":"https:\/\/www.iplay.com\/wp-content\/uploads\/2023\/12\/large_square_tile_image-2432.jpg","width":310,"height":310},{"@type":"BreadcrumbList","@id":"https:\/\/www.iplay.com\/de\/games\/nevertales-faryon-collectors-edition\/#breadcrumb","itemListElement":[{"@type":"ListItem","position":1,"name":"Home","item":"https:\/\/www.iplay.com\/de\/home-page-2\/"},{"@type":"ListItem","position":2,"name":"Shop","item":"https:\/\/www.iplay.com\/en\/shop\/"},{"@type":"ListItem","position":3,"name":"Nevertales: Faryon Collector&#8217;s Edition"}]},{"@type":"WebSite","@id":"https:\/\/www.iplay.com\/en\/#website","url":"https:\/\/www.iplay.com\/en\/","name":"IPlay","description":"The Best Casual Games!","publisher":{"@id":"https:\/\/www.iplay.com\/en\/#organization"},"potentialAction":[{"@type":"SearchAction","target":{"@type":"EntryPoint","urlTemplate":"https:\/\/www.iplay.com\/en\/?s={search_term_string}"},"query-input":{"@type":"PropertyValueSpecification","valueRequired":true,"valueName":"search_term_string"}}],"inLanguage":"de-DE"},{"@type":"Organization","@id":"https:\/\/www.iplay.com\/en\/#organization","name":"IPlay","url":"https:\/\/www.iplay.com\/en\/","logo":{"@type":"ImageObject","inLanguage":"de-DE","@id":"https:\/\/www.iplay.com\/en\/#\/schema\/logo\/image\/","url":"https:\/\/www.iplay.com\/wp-content\/uploads\/2023\/11\/Group-6100.svg","contentUrl":"https:\/\/www.iplay.com\/wp-content\/uploads\/2023\/11\/Group-6100.svg","width":98,"height":25,"caption":"IPlay"},"image":{"@id":"https:\/\/www.iplay.com\/en\/#\/schema\/logo\/image\/"}}]}},"_links":{"self":[{"href":"https:\/\/www.iplay.com\/de\/wp-json\/wp\/v2\/product\/134810","targetHints":{"allow":["GET"]}}],"collection":[{"href":"https:\/\/www.iplay.com\/de\/wp-json\/wp\/v2\/product"}],"about":[{"href":"https:\/\/www.iplay.com\/de\/wp-json\/wp\/v2\/types\/product"}],"author":[{"embeddable":true,"href":"https:\/\/www.iplay.com\/de\/wp-json\/wp\/v2\/users\/17"}],"replies":[{"embeddable":true,"href":"https:\/\/www.iplay.com\/de\/wp-json\/wp\/v2\/comments?post=134810"}],"wp:featuredmedia":[{"embeddable":true,"href":"https:\/\/www.iplay.com\/de\/wp-json\/wp\/v2\/media\/78905"}],"wp:attachment":[{"href":"https:\/\/www.iplay.com\/de\/wp-json\/wp\/v2\/media?parent=134810"}],"wp:term":[{"taxonomy":"product_brand","embeddable":true,"href":"https:\/\/www.iplay.com\/de\/wp-json\/wp\/v2\/product_brand?post=134810"},{"taxonomy":"product_cat","embeddable":true,"href":"https:\/\/www.iplay.com\/de\/wp-json\/wp\/v2\/product_cat?post=134810"},{"taxonomy":"product_tag","embeddable":true,"href":"https:\/\/www.iplay.com\/de\/wp-json\/wp\/v2\/product_tag?post=134810"}],"curies":[{"name":"wp","href":"https:\/\/api.w.org\/{rel}","templated":true}]}}