{"id":134745,"date":"2021-08-21T00:00:00","date_gmt":"2021-08-21T00:00:00","guid":{"rendered":"https:\/\/www.iplay.com\/games\/rite-of-passage-embrace-of-ember-lake-ce\/"},"modified":"2021-08-21T00:00:00","modified_gmt":"2021-08-21T00:00:00","slug":"rite-of-passage-embrace-of-ember-lake-ce","status":"publish","type":"product","link":"https:\/\/www.iplay.com\/de\/games\/rite-of-passage-embrace-of-ember-lake-ce\/","title":{"rendered":"Rite of Passage: Embrace of Ember Lake CE"},"content":{"rendered":"<p>Erfreue dich \u00fcber einen packenden neuen Teil der beliebten Rite of Passage-Reihe. Halsey war erst ein Baby, als du sie als deine eigene adoptiertest. In den letzten sechzehn Jahren hatte sie den Eindruck erweckt, sie sei ein gew\u00f6hnliches Kind, aber ihre erstaunlichen F\u00e4higkeiten, die sie an ihrem sechzehnten Geburtstag enth\u00fcllte, zeigten, dass sie alles andere als das war! Dein Bruder Jason ist deine einzige Hoffnung, aber er ist verschwunden und eine Geheimagentur sucht nach dir und deiner Tochter rund um den Glutsee! Um deine Tochter zu retten, die Agenten zu stoppen und das Geheimnis des Glutsees zu l\u00f6sen, musst du all deine Beobachtungsgabe und dein R\u00e4tsell\u00f6sungstalent in diesem fesselnden Wimmelbild-Abenteuer einsetzen!    <\/p>\n<p>&nbsp;<\/p>\n<p>&nbsp;<\/p>\n<p><strong>Funktionen:<\/strong><\/p>\n<p>&nbsp;<\/p>\n<p>&#8211; Bring den magischen Kristall im Extrakapitel zum Glutsee zur\u00fcck!<br \/>\n&#8211; Schlie\u00dfe schwierige Erfolge ab und f\u00fchre deine besten HOPs erneut aus!<br \/>\n&#8211; Stelle sicher, dass du Damiens Agenten immer einen Schritt voraus bist, indem du den Strategieleitfaden verwendest!<\/p>\n<p>&#8211; Laden Sie wundersch\u00f6ne Hintergrundbilder herunter, um Ihren Desktop aufzupeppen!<br \/>\n&#8211; Genie\u00dfe einzigartige Konzeptzeichnungen, Soundtracks und mehr!<\/p>\n","protected":false},"excerpt":{"rendered":"<p>Das Geschenk, das deine Tochter in Rite of Passage &#8211; Embrace of Ember Lake CE macht, erregt unerw\u00fcnschte Aufmerksamkeit.<\/p>\n","protected":false},"author":17,"featured_media":79209,"comment_status":"open","ping_status":"closed","template":"","meta":{"_acf_changed":false,"inline_featured_image":false},"product_brand":[],"product_cat":[164],"product_tag":[289],"class_list":{"0":"post-134745","1":"product","2":"type-product","3":"status-publish","4":"has-post-thumbnail","6":"product_cat-hidden-object-de","7":"product_tag-play-on-pc-de","9":"first","10":"instock","11":"shipping-taxable","12":"purchasable","13":"product-type-simple"},"acf":[],"yoast_head":"<!-- This site is optimized with the Yoast SEO Premium plugin v25.2 (Yoast SEO v25.2) - https:\/\/yoast.com\/wordpress\/plugins\/seo\/ -->\n<title>Ritus des \u00dcbergangs: Umarmung des Glutsees CE - Das Geschenk der Tochter erregt unerw\u00fcnschte Aufmerksamkeit<\/title>\n<meta name=\"description\" content=\"Das Geschenk, das deine Tochter in Rite of Passage - Embrace of Ember Lake CE macht, erregt unerw\u00fcnschte Aufmerksamkeit.\" \/>\n<meta name=\"robots\" content=\"index, follow, max-snippet:-1, max-image-preview:large, max-video-preview:-1\" \/>\n<link rel=\"canonical\" href=\"https:\/\/www.iplay.com\/de\/games\/rite-of-passage-embrace-of-ember-lake-ce\/\" \/>\n<meta property=\"og:locale\" content=\"de_DE\" \/>\n<meta property=\"og:type\" content=\"article\" \/>\n<meta property=\"og:title\" content=\"Rite of Passage: Embrace of Ember Lake CE\" \/>\n<meta property=\"og:description\" content=\"Das Geschenk, das deine Tochter in Rite of Passage - Embrace of Ember Lake CE macht, erregt unerw\u00fcnschte Aufmerksamkeit.\" \/>\n<meta property=\"og:url\" content=\"https:\/\/www.iplay.com\/de\/games\/rite-of-passage-embrace-of-ember-lake-ce\/\" \/>\n<meta property=\"og:site_name\" content=\"IPlay\" \/>\n<meta property=\"og:image\" content=\"https:\/\/www.iplay.com\/wp-content\/uploads\/2023\/12\/large_square_tile_image-2451.jpg\" \/>\n\t<meta property=\"og:image:width\" content=\"310\" \/>\n\t<meta property=\"og:image:height\" content=\"310\" \/>\n\t<meta property=\"og:image:type\" content=\"image\/jpeg\" \/>\n<meta name=\"twitter:card\" content=\"summary_large_image\" \/>\n<meta name=\"twitter:label1\" content=\"Gesch\u00e4tzte Lesezeit\" \/>\n\t<meta name=\"twitter:data1\" content=\"1 Minute\" \/>\n<script type=\"application\/ld+json\" class=\"yoast-schema-graph\">{\"@context\":\"https:\/\/schema.org\",\"@graph\":[{\"@type\":\"WebPage\",\"@id\":\"https:\/\/www.iplay.com\/de\/games\/rite-of-passage-embrace-of-ember-lake-ce\/\",\"url\":\"https:\/\/www.iplay.com\/de\/games\/rite-of-passage-embrace-of-ember-lake-ce\/\",\"name\":\"Ritus des \u00dcbergangs: Umarmung des Glutsees CE - Das Geschenk der Tochter erregt unerw\u00fcnschte Aufmerksamkeit\",\"isPartOf\":{\"@id\":\"https:\/\/www.iplay.com\/en\/#website\"},\"primaryImageOfPage\":{\"@id\":\"https:\/\/www.iplay.com\/de\/games\/rite-of-passage-embrace-of-ember-lake-ce\/#primaryimage\"},\"image\":{\"@id\":\"https:\/\/www.iplay.com\/de\/games\/rite-of-passage-embrace-of-ember-lake-ce\/#primaryimage\"},\"thumbnailUrl\":\"https:\/\/www.iplay.com\/wp-content\/uploads\/2023\/12\/large_square_tile_image-2451.jpg\",\"datePublished\":\"2021-08-21T00:00:00+00:00\",\"description\":\"Das Geschenk, das deine Tochter in Rite of Passage - Embrace of Ember Lake CE macht, erregt unerw\u00fcnschte Aufmerksamkeit.\",\"breadcrumb\":{\"@id\":\"https:\/\/www.iplay.com\/de\/games\/rite-of-passage-embrace-of-ember-lake-ce\/#breadcrumb\"},\"inLanguage\":\"de-DE\",\"potentialAction\":[{\"@type\":\"ReadAction\",\"target\":[\"https:\/\/www.iplay.com\/de\/games\/rite-of-passage-embrace-of-ember-lake-ce\/\"]}]},{\"@type\":\"ImageObject\",\"inLanguage\":\"de-DE\",\"@id\":\"https:\/\/www.iplay.com\/de\/games\/rite-of-passage-embrace-of-ember-lake-ce\/#primaryimage\",\"url\":\"https:\/\/www.iplay.com\/wp-content\/uploads\/2023\/12\/large_square_tile_image-2451.jpg\",\"contentUrl\":\"https:\/\/www.iplay.com\/wp-content\/uploads\/2023\/12\/large_square_tile_image-2451.jpg\",\"width\":310,\"height\":310},{\"@type\":\"BreadcrumbList\",\"@id\":\"https:\/\/www.iplay.com\/de\/games\/rite-of-passage-embrace-of-ember-lake-ce\/#breadcrumb\",\"itemListElement\":[{\"@type\":\"ListItem\",\"position\":1,\"name\":\"Home\",\"item\":\"https:\/\/www.iplay.com\/de\/home-page-2\/\"},{\"@type\":\"ListItem\",\"position\":2,\"name\":\"Shop\",\"item\":\"https:\/\/www.iplay.com\/en\/shop\/\"},{\"@type\":\"ListItem\",\"position\":3,\"name\":\"Rite of Passage: Embrace of Ember Lake CE\"}]},{\"@type\":\"WebSite\",\"@id\":\"https:\/\/www.iplay.com\/en\/#website\",\"url\":\"https:\/\/www.iplay.com\/en\/\",\"name\":\"IPlay\",\"description\":\"The Best Casual Games!\",\"publisher\":{\"@id\":\"https:\/\/www.iplay.com\/en\/#organization\"},\"potentialAction\":[{\"@type\":\"SearchAction\",\"target\":{\"@type\":\"EntryPoint\",\"urlTemplate\":\"https:\/\/www.iplay.com\/en\/?s={search_term_string}\"},\"query-input\":{\"@type\":\"PropertyValueSpecification\",\"valueRequired\":true,\"valueName\":\"search_term_string\"}}],\"inLanguage\":\"de-DE\"},{\"@type\":\"Organization\",\"@id\":\"https:\/\/www.iplay.com\/en\/#organization\",\"name\":\"IPlay\",\"url\":\"https:\/\/www.iplay.com\/en\/\",\"logo\":{\"@type\":\"ImageObject\",\"inLanguage\":\"de-DE\",\"@id\":\"https:\/\/www.iplay.com\/en\/#\/schema\/logo\/image\/\",\"url\":\"https:\/\/www.iplay.com\/wp-content\/uploads\/2023\/11\/Group-6100.svg\",\"contentUrl\":\"https:\/\/www.iplay.com\/wp-content\/uploads\/2023\/11\/Group-6100.svg\",\"width\":98,\"height\":25,\"caption\":\"IPlay\"},\"image\":{\"@id\":\"https:\/\/www.iplay.com\/en\/#\/schema\/logo\/image\/\"}}]}<\/script>\n<!-- \/ Yoast SEO Premium plugin. -->","yoast_head_json":{"title":"Ritus des \u00dcbergangs: Umarmung des Glutsees CE - Das Geschenk der Tochter erregt unerw\u00fcnschte Aufmerksamkeit","description":"Das Geschenk, das deine Tochter in Rite of Passage - Embrace of Ember Lake CE macht, erregt unerw\u00fcnschte Aufmerksamkeit.","robots":{"index":"index","follow":"follow","max-snippet":"max-snippet:-1","max-image-preview":"max-image-preview:large","max-video-preview":"max-video-preview:-1"},"canonical":"https:\/\/www.iplay.com\/de\/games\/rite-of-passage-embrace-of-ember-lake-ce\/","og_locale":"de_DE","og_type":"article","og_title":"Rite of Passage: Embrace of Ember Lake CE","og_description":"Das Geschenk, das deine Tochter in Rite of Passage - Embrace of Ember Lake CE macht, erregt unerw\u00fcnschte Aufmerksamkeit.","og_url":"https:\/\/www.iplay.com\/de\/games\/rite-of-passage-embrace-of-ember-lake-ce\/","og_site_name":"IPlay","og_image":[{"width":310,"height":310,"url":"https:\/\/www.iplay.com\/wp-content\/uploads\/2023\/12\/large_square_tile_image-2451.jpg","type":"image\/jpeg"}],"twitter_card":"summary_large_image","twitter_misc":{"Gesch\u00e4tzte Lesezeit":"1 Minute"},"schema":{"@context":"https:\/\/schema.org","@graph":[{"@type":"WebPage","@id":"https:\/\/www.iplay.com\/de\/games\/rite-of-passage-embrace-of-ember-lake-ce\/","url":"https:\/\/www.iplay.com\/de\/games\/rite-of-passage-embrace-of-ember-lake-ce\/","name":"Ritus des \u00dcbergangs: Umarmung des Glutsees CE - Das Geschenk der Tochter erregt unerw\u00fcnschte Aufmerksamkeit","isPartOf":{"@id":"https:\/\/www.iplay.com\/en\/#website"},"primaryImageOfPage":{"@id":"https:\/\/www.iplay.com\/de\/games\/rite-of-passage-embrace-of-ember-lake-ce\/#primaryimage"},"image":{"@id":"https:\/\/www.iplay.com\/de\/games\/rite-of-passage-embrace-of-ember-lake-ce\/#primaryimage"},"thumbnailUrl":"https:\/\/www.iplay.com\/wp-content\/uploads\/2023\/12\/large_square_tile_image-2451.jpg","datePublished":"2021-08-21T00:00:00+00:00","description":"Das Geschenk, das deine Tochter in Rite of Passage - Embrace of Ember Lake CE macht, erregt unerw\u00fcnschte Aufmerksamkeit.","breadcrumb":{"@id":"https:\/\/www.iplay.com\/de\/games\/rite-of-passage-embrace-of-ember-lake-ce\/#breadcrumb"},"inLanguage":"de-DE","potentialAction":[{"@type":"ReadAction","target":["https:\/\/www.iplay.com\/de\/games\/rite-of-passage-embrace-of-ember-lake-ce\/"]}]},{"@type":"ImageObject","inLanguage":"de-DE","@id":"https:\/\/www.iplay.com\/de\/games\/rite-of-passage-embrace-of-ember-lake-ce\/#primaryimage","url":"https:\/\/www.iplay.com\/wp-content\/uploads\/2023\/12\/large_square_tile_image-2451.jpg","contentUrl":"https:\/\/www.iplay.com\/wp-content\/uploads\/2023\/12\/large_square_tile_image-2451.jpg","width":310,"height":310},{"@type":"BreadcrumbList","@id":"https:\/\/www.iplay.com\/de\/games\/rite-of-passage-embrace-of-ember-lake-ce\/#breadcrumb","itemListElement":[{"@type":"ListItem","position":1,"name":"Home","item":"https:\/\/www.iplay.com\/de\/home-page-2\/"},{"@type":"ListItem","position":2,"name":"Shop","item":"https:\/\/www.iplay.com\/en\/shop\/"},{"@type":"ListItem","position":3,"name":"Rite of Passage: Embrace of Ember Lake CE"}]},{"@type":"WebSite","@id":"https:\/\/www.iplay.com\/en\/#website","url":"https:\/\/www.iplay.com\/en\/","name":"IPlay","description":"The Best Casual Games!","publisher":{"@id":"https:\/\/www.iplay.com\/en\/#organization"},"potentialAction":[{"@type":"SearchAction","target":{"@type":"EntryPoint","urlTemplate":"https:\/\/www.iplay.com\/en\/?s={search_term_string}"},"query-input":{"@type":"PropertyValueSpecification","valueRequired":true,"valueName":"search_term_string"}}],"inLanguage":"de-DE"},{"@type":"Organization","@id":"https:\/\/www.iplay.com\/en\/#organization","name":"IPlay","url":"https:\/\/www.iplay.com\/en\/","logo":{"@type":"ImageObject","inLanguage":"de-DE","@id":"https:\/\/www.iplay.com\/en\/#\/schema\/logo\/image\/","url":"https:\/\/www.iplay.com\/wp-content\/uploads\/2023\/11\/Group-6100.svg","contentUrl":"https:\/\/www.iplay.com\/wp-content\/uploads\/2023\/11\/Group-6100.svg","width":98,"height":25,"caption":"IPlay"},"image":{"@id":"https:\/\/www.iplay.com\/en\/#\/schema\/logo\/image\/"}}]}},"_links":{"self":[{"href":"https:\/\/www.iplay.com\/de\/wp-json\/wp\/v2\/product\/134745","targetHints":{"allow":["GET"]}}],"collection":[{"href":"https:\/\/www.iplay.com\/de\/wp-json\/wp\/v2\/product"}],"about":[{"href":"https:\/\/www.iplay.com\/de\/wp-json\/wp\/v2\/types\/product"}],"author":[{"embeddable":true,"href":"https:\/\/www.iplay.com\/de\/wp-json\/wp\/v2\/users\/17"}],"replies":[{"embeddable":true,"href":"https:\/\/www.iplay.com\/de\/wp-json\/wp\/v2\/comments?post=134745"}],"wp:featuredmedia":[{"embeddable":true,"href":"https:\/\/www.iplay.com\/de\/wp-json\/wp\/v2\/media\/79209"}],"wp:attachment":[{"href":"https:\/\/www.iplay.com\/de\/wp-json\/wp\/v2\/media?parent=134745"}],"wp:term":[{"taxonomy":"product_brand","embeddable":true,"href":"https:\/\/www.iplay.com\/de\/wp-json\/wp\/v2\/product_brand?post=134745"},{"taxonomy":"product_cat","embeddable":true,"href":"https:\/\/www.iplay.com\/de\/wp-json\/wp\/v2\/product_cat?post=134745"},{"taxonomy":"product_tag","embeddable":true,"href":"https:\/\/www.iplay.com\/de\/wp-json\/wp\/v2\/product_tag?post=134745"}],"curies":[{"name":"wp","href":"https:\/\/api.w.org\/{rel}","templated":true}]}}