{"id":134700,"date":"2021-11-05T00:00:00","date_gmt":"2021-11-05T00:00:00","guid":{"rendered":"https:\/\/www.iplay.com\/games\/wanderlust-the-bermuda-secret-collectors-edition\/"},"modified":"2021-11-05T00:00:00","modified_gmt":"2021-11-05T00:00:00","slug":"wanderlust-the-bermuda-secret-collectors-edition","status":"publish","type":"product","link":"https:\/\/www.iplay.com\/de\/games\/wanderlust-the-bermuda-secret-collectors-edition\/","title":{"rendered":"Wanderlust: The Bermuda Secret Collector&#8217;s Edition"},"content":{"rendered":"<p>So etwas gab es in all den Jahren, in denen Sie als Ozeanograph und auf Tausenden von Forschungsreisen gearbeitet haben! Schon bald findest du dich in der Mitte des Bermuda-Dreiecks wieder, im Auge eines unerbittlichen Sturms, ohne Vorr\u00e4te, ohne Hilfe von au\u00dfen und nicht in der Lage, dieser seltsamen Insel zu entkommen, als dein Flugzeug gezwungen ist, in einer gef\u00e4hrlichen Wolkenbank zu landen! Schlimmer noch, du wirst dich schnell mitten in einem Konflikt zwischen den Menschen wiederfinden, die auf der Insel geblieben sind, und denen, die in dem massiven Netz aus verdrehtem Metall leben, das am Himmel h\u00e4ngt. Aber wer kennt die wahre Geschichte der r\u00e4tselhaften Insel in der Mitte, und wer hat Recht? Erwarten Sie ein unvergleichliches Erlebnis in diesem atemberaubenden neuen Wimmelbild-Erlebnisspiel!    <\/p>\n<p>&nbsp;<\/p>\n<p>&nbsp;<\/p>\n<p><strong>Funktionen:<\/strong><\/p>\n<p>&nbsp;<\/p>\n<p>&#8211; Nimm es im Bonusspiel mit Collins auf und rette deinen Schatz!<br \/>\n&#8211; Bahne dir deinen Weg durch die gef\u00e4hrlichen Himmelsst\u00e4dte mit Hilfe eines offiziellen Strategiehandbuchs!<br \/>\n&#8211; Nimm es mit dem ultimativen HOP auf und begib dich auf eine epische Schatzsuche!<br \/>\n&#8211; Nutze einzigartige Konzeptkunst, Musik, Hintergr\u00fcnde und mehr!<br \/>\n&#8211; Spiele deine bevorzugten Minispiele erneut, um schwierige Erfolge zu erzielen!<\/p>\n","protected":false},"excerpt":{"rendered":"<p>Verlegt. Getrennt und gleicherma\u00dfen verzweifelt. Wanderlust: The Bermuda Secret CE hat weitere Informationen.  <\/p>\n","protected":false},"author":17,"featured_media":78553,"comment_status":"open","ping_status":"closed","template":"","meta":{"_acf_changed":false,"inline_featured_image":false},"product_brand":[],"product_cat":[164],"product_tag":[289],"class_list":{"0":"post-134700","1":"product","2":"type-product","3":"status-publish","4":"has-post-thumbnail","6":"product_cat-hidden-object-de","7":"product_tag-play-on-pc-de","9":"first","10":"instock","11":"shipping-taxable","12":"purchasable","13":"product-type-simple"},"acf":[],"yoast_head":"<!-- This site is optimized with the Yoast SEO Premium plugin v25.2 (Yoast SEO v25.2) - https:\/\/yoast.com\/wordpress\/plugins\/seo\/ -->\n<title>Wanderlust: The Bermuda Secret Collector&#039;s Edition - Verloren, isoliert, verzweifelt. Wird das Bermuda Secret noch mehr verraten?<\/title>\n<meta name=\"description\" content=\"Verlegt. Getrennt und gleicherma\u00dfen verzweifelt. Wanderlust: The Bermuda Secret CE hat weitere Informationen.\" \/>\n<meta name=\"robots\" content=\"index, follow, max-snippet:-1, max-image-preview:large, max-video-preview:-1\" \/>\n<link rel=\"canonical\" href=\"https:\/\/www.iplay.com\/de\/games\/wanderlust-the-bermuda-secret-collectors-edition\/\" \/>\n<meta property=\"og:locale\" content=\"de_DE\" \/>\n<meta property=\"og:type\" content=\"article\" \/>\n<meta property=\"og:title\" content=\"Wanderlust: The Bermuda Secret Collector&#039;s Edition\" \/>\n<meta property=\"og:description\" content=\"Verlegt. Getrennt und gleicherma\u00dfen verzweifelt. Wanderlust: The Bermuda Secret CE hat weitere Informationen.\" \/>\n<meta property=\"og:url\" content=\"https:\/\/www.iplay.com\/de\/games\/wanderlust-the-bermuda-secret-collectors-edition\/\" \/>\n<meta property=\"og:site_name\" content=\"IPlay\" \/>\n<meta property=\"og:image\" content=\"https:\/\/www.iplay.com\/wp-content\/uploads\/2023\/12\/large_square_tile_image-2410.jpg\" \/>\n\t<meta property=\"og:image:width\" content=\"310\" \/>\n\t<meta property=\"og:image:height\" content=\"310\" \/>\n\t<meta property=\"og:image:type\" content=\"image\/jpeg\" \/>\n<meta name=\"twitter:card\" content=\"summary_large_image\" \/>\n<meta name=\"twitter:label1\" content=\"Gesch\u00e4tzte Lesezeit\" \/>\n\t<meta name=\"twitter:data1\" content=\"1 Minute\" \/>\n<script type=\"application\/ld+json\" class=\"yoast-schema-graph\">{\"@context\":\"https:\/\/schema.org\",\"@graph\":[{\"@type\":\"WebPage\",\"@id\":\"https:\/\/www.iplay.com\/de\/games\/wanderlust-the-bermuda-secret-collectors-edition\/\",\"url\":\"https:\/\/www.iplay.com\/de\/games\/wanderlust-the-bermuda-secret-collectors-edition\/\",\"name\":\"Wanderlust: The Bermuda Secret Collector's Edition - Verloren, isoliert, verzweifelt. Wird das Bermuda Secret noch mehr verraten?\",\"isPartOf\":{\"@id\":\"https:\/\/www.iplay.com\/en\/#website\"},\"primaryImageOfPage\":{\"@id\":\"https:\/\/www.iplay.com\/de\/games\/wanderlust-the-bermuda-secret-collectors-edition\/#primaryimage\"},\"image\":{\"@id\":\"https:\/\/www.iplay.com\/de\/games\/wanderlust-the-bermuda-secret-collectors-edition\/#primaryimage\"},\"thumbnailUrl\":\"https:\/\/www.iplay.com\/wp-content\/uploads\/2023\/12\/large_square_tile_image-2410.jpg\",\"datePublished\":\"2021-11-05T00:00:00+00:00\",\"description\":\"Verlegt. Getrennt und gleicherma\u00dfen verzweifelt. Wanderlust: The Bermuda Secret CE hat weitere Informationen.\",\"breadcrumb\":{\"@id\":\"https:\/\/www.iplay.com\/de\/games\/wanderlust-the-bermuda-secret-collectors-edition\/#breadcrumb\"},\"inLanguage\":\"de-DE\",\"potentialAction\":[{\"@type\":\"ReadAction\",\"target\":[\"https:\/\/www.iplay.com\/de\/games\/wanderlust-the-bermuda-secret-collectors-edition\/\"]}]},{\"@type\":\"ImageObject\",\"inLanguage\":\"de-DE\",\"@id\":\"https:\/\/www.iplay.com\/de\/games\/wanderlust-the-bermuda-secret-collectors-edition\/#primaryimage\",\"url\":\"https:\/\/www.iplay.com\/wp-content\/uploads\/2023\/12\/large_square_tile_image-2410.jpg\",\"contentUrl\":\"https:\/\/www.iplay.com\/wp-content\/uploads\/2023\/12\/large_square_tile_image-2410.jpg\",\"width\":310,\"height\":310},{\"@type\":\"BreadcrumbList\",\"@id\":\"https:\/\/www.iplay.com\/de\/games\/wanderlust-the-bermuda-secret-collectors-edition\/#breadcrumb\",\"itemListElement\":[{\"@type\":\"ListItem\",\"position\":1,\"name\":\"Home\",\"item\":\"https:\/\/www.iplay.com\/de\/home-page-2\/\"},{\"@type\":\"ListItem\",\"position\":2,\"name\":\"Shop\",\"item\":\"https:\/\/www.iplay.com\/en\/shop\/\"},{\"@type\":\"ListItem\",\"position\":3,\"name\":\"Wanderlust: The Bermuda Secret Collector&#8217;s Edition\"}]},{\"@type\":\"WebSite\",\"@id\":\"https:\/\/www.iplay.com\/en\/#website\",\"url\":\"https:\/\/www.iplay.com\/en\/\",\"name\":\"IPlay\",\"description\":\"The Best Casual Games!\",\"publisher\":{\"@id\":\"https:\/\/www.iplay.com\/en\/#organization\"},\"potentialAction\":[{\"@type\":\"SearchAction\",\"target\":{\"@type\":\"EntryPoint\",\"urlTemplate\":\"https:\/\/www.iplay.com\/en\/?s={search_term_string}\"},\"query-input\":{\"@type\":\"PropertyValueSpecification\",\"valueRequired\":true,\"valueName\":\"search_term_string\"}}],\"inLanguage\":\"de-DE\"},{\"@type\":\"Organization\",\"@id\":\"https:\/\/www.iplay.com\/en\/#organization\",\"name\":\"IPlay\",\"url\":\"https:\/\/www.iplay.com\/en\/\",\"logo\":{\"@type\":\"ImageObject\",\"inLanguage\":\"de-DE\",\"@id\":\"https:\/\/www.iplay.com\/en\/#\/schema\/logo\/image\/\",\"url\":\"https:\/\/www.iplay.com\/wp-content\/uploads\/2023\/11\/Group-6100.svg\",\"contentUrl\":\"https:\/\/www.iplay.com\/wp-content\/uploads\/2023\/11\/Group-6100.svg\",\"width\":98,\"height\":25,\"caption\":\"IPlay\"},\"image\":{\"@id\":\"https:\/\/www.iplay.com\/en\/#\/schema\/logo\/image\/\"}}]}<\/script>\n<!-- \/ Yoast SEO Premium plugin. -->","yoast_head_json":{"title":"Wanderlust: The Bermuda Secret Collector's Edition - Verloren, isoliert, verzweifelt. Wird das Bermuda Secret noch mehr verraten?","description":"Verlegt. Getrennt und gleicherma\u00dfen verzweifelt. Wanderlust: The Bermuda Secret CE hat weitere Informationen.","robots":{"index":"index","follow":"follow","max-snippet":"max-snippet:-1","max-image-preview":"max-image-preview:large","max-video-preview":"max-video-preview:-1"},"canonical":"https:\/\/www.iplay.com\/de\/games\/wanderlust-the-bermuda-secret-collectors-edition\/","og_locale":"de_DE","og_type":"article","og_title":"Wanderlust: The Bermuda Secret Collector's Edition","og_description":"Verlegt. Getrennt und gleicherma\u00dfen verzweifelt. Wanderlust: The Bermuda Secret CE hat weitere Informationen.","og_url":"https:\/\/www.iplay.com\/de\/games\/wanderlust-the-bermuda-secret-collectors-edition\/","og_site_name":"IPlay","og_image":[{"width":310,"height":310,"url":"https:\/\/www.iplay.com\/wp-content\/uploads\/2023\/12\/large_square_tile_image-2410.jpg","type":"image\/jpeg"}],"twitter_card":"summary_large_image","twitter_misc":{"Gesch\u00e4tzte Lesezeit":"1 Minute"},"schema":{"@context":"https:\/\/schema.org","@graph":[{"@type":"WebPage","@id":"https:\/\/www.iplay.com\/de\/games\/wanderlust-the-bermuda-secret-collectors-edition\/","url":"https:\/\/www.iplay.com\/de\/games\/wanderlust-the-bermuda-secret-collectors-edition\/","name":"Wanderlust: The Bermuda Secret Collector's Edition - Verloren, isoliert, verzweifelt. Wird das Bermuda Secret noch mehr verraten?","isPartOf":{"@id":"https:\/\/www.iplay.com\/en\/#website"},"primaryImageOfPage":{"@id":"https:\/\/www.iplay.com\/de\/games\/wanderlust-the-bermuda-secret-collectors-edition\/#primaryimage"},"image":{"@id":"https:\/\/www.iplay.com\/de\/games\/wanderlust-the-bermuda-secret-collectors-edition\/#primaryimage"},"thumbnailUrl":"https:\/\/www.iplay.com\/wp-content\/uploads\/2023\/12\/large_square_tile_image-2410.jpg","datePublished":"2021-11-05T00:00:00+00:00","description":"Verlegt. Getrennt und gleicherma\u00dfen verzweifelt. Wanderlust: The Bermuda Secret CE hat weitere Informationen.","breadcrumb":{"@id":"https:\/\/www.iplay.com\/de\/games\/wanderlust-the-bermuda-secret-collectors-edition\/#breadcrumb"},"inLanguage":"de-DE","potentialAction":[{"@type":"ReadAction","target":["https:\/\/www.iplay.com\/de\/games\/wanderlust-the-bermuda-secret-collectors-edition\/"]}]},{"@type":"ImageObject","inLanguage":"de-DE","@id":"https:\/\/www.iplay.com\/de\/games\/wanderlust-the-bermuda-secret-collectors-edition\/#primaryimage","url":"https:\/\/www.iplay.com\/wp-content\/uploads\/2023\/12\/large_square_tile_image-2410.jpg","contentUrl":"https:\/\/www.iplay.com\/wp-content\/uploads\/2023\/12\/large_square_tile_image-2410.jpg","width":310,"height":310},{"@type":"BreadcrumbList","@id":"https:\/\/www.iplay.com\/de\/games\/wanderlust-the-bermuda-secret-collectors-edition\/#breadcrumb","itemListElement":[{"@type":"ListItem","position":1,"name":"Home","item":"https:\/\/www.iplay.com\/de\/home-page-2\/"},{"@type":"ListItem","position":2,"name":"Shop","item":"https:\/\/www.iplay.com\/en\/shop\/"},{"@type":"ListItem","position":3,"name":"Wanderlust: The Bermuda Secret Collector&#8217;s Edition"}]},{"@type":"WebSite","@id":"https:\/\/www.iplay.com\/en\/#website","url":"https:\/\/www.iplay.com\/en\/","name":"IPlay","description":"The Best Casual Games!","publisher":{"@id":"https:\/\/www.iplay.com\/en\/#organization"},"potentialAction":[{"@type":"SearchAction","target":{"@type":"EntryPoint","urlTemplate":"https:\/\/www.iplay.com\/en\/?s={search_term_string}"},"query-input":{"@type":"PropertyValueSpecification","valueRequired":true,"valueName":"search_term_string"}}],"inLanguage":"de-DE"},{"@type":"Organization","@id":"https:\/\/www.iplay.com\/en\/#organization","name":"IPlay","url":"https:\/\/www.iplay.com\/en\/","logo":{"@type":"ImageObject","inLanguage":"de-DE","@id":"https:\/\/www.iplay.com\/en\/#\/schema\/logo\/image\/","url":"https:\/\/www.iplay.com\/wp-content\/uploads\/2023\/11\/Group-6100.svg","contentUrl":"https:\/\/www.iplay.com\/wp-content\/uploads\/2023\/11\/Group-6100.svg","width":98,"height":25,"caption":"IPlay"},"image":{"@id":"https:\/\/www.iplay.com\/en\/#\/schema\/logo\/image\/"}}]}},"_links":{"self":[{"href":"https:\/\/www.iplay.com\/de\/wp-json\/wp\/v2\/product\/134700","targetHints":{"allow":["GET"]}}],"collection":[{"href":"https:\/\/www.iplay.com\/de\/wp-json\/wp\/v2\/product"}],"about":[{"href":"https:\/\/www.iplay.com\/de\/wp-json\/wp\/v2\/types\/product"}],"author":[{"embeddable":true,"href":"https:\/\/www.iplay.com\/de\/wp-json\/wp\/v2\/users\/17"}],"replies":[{"embeddable":true,"href":"https:\/\/www.iplay.com\/de\/wp-json\/wp\/v2\/comments?post=134700"}],"wp:featuredmedia":[{"embeddable":true,"href":"https:\/\/www.iplay.com\/de\/wp-json\/wp\/v2\/media\/78553"}],"wp:attachment":[{"href":"https:\/\/www.iplay.com\/de\/wp-json\/wp\/v2\/media?parent=134700"}],"wp:term":[{"taxonomy":"product_brand","embeddable":true,"href":"https:\/\/www.iplay.com\/de\/wp-json\/wp\/v2\/product_brand?post=134700"},{"taxonomy":"product_cat","embeddable":true,"href":"https:\/\/www.iplay.com\/de\/wp-json\/wp\/v2\/product_cat?post=134700"},{"taxonomy":"product_tag","embeddable":true,"href":"https:\/\/www.iplay.com\/de\/wp-json\/wp\/v2\/product_tag?post=134700"}],"curies":[{"name":"wp","href":"https:\/\/api.w.org\/{rel}","templated":true}]}}