{"id":134683,"date":"2021-11-14T00:00:00","date_gmt":"2021-11-14T00:00:00","guid":{"rendered":"https:\/\/www.iplay.com\/games\/whispered-secrets-ripple-of-the-heart-ce\/"},"modified":"2021-11-14T00:00:00","modified_gmt":"2021-11-14T00:00:00","slug":"whispered-secrets-ripple-of-the-heart-ce","status":"publish","type":"product","link":"https:\/\/www.iplay.com\/de\/games\/whispered-secrets-ripple-of-the-heart-ce\/","title":{"rendered":"Whispered Secrets: Ripple of the Heart CE"},"content":{"rendered":"<p>Der neueste faszinierende Band der &#8220;Whispered Secrets&#8221;-Reihe ist jetzt erh\u00e4ltlich! Sie sind auf dem Weg nach Flusstal zur Hochzeit des Sohnes eines alten Freundes! Statt einer Feier f\u00fcr das gl\u00fcckliche Paar findest du jedoch eine Stadt vor, die von schwarzer Magie umgeben ist! Etwas Seltsames lauert in den W\u00e4ldern, und unerkl\u00e4rliches Verschwinden versetzt die Einheimischen in Angst und Schrecken. Ger\u00fcchte und ein menschen\u00e4hnlicher Fuchs, der viel mehr ist, als man auf den ersten Blick sieht, sind deine einzigen Spuren. Kannst du die schreckliche Vergangenheit der Stadt in der Zeit finden, um zu verhindern, dass sie der Gegenwart Schaden zuf\u00fcgt? In diesem fantastischen Wimmelbild-Abenteuer wirst du es herausfinden!      <\/p>\n<p>&nbsp;<\/p>\n<p>&nbsp;<\/p>\n<p><strong>Funktionen:<\/strong><\/p>\n<p>&nbsp;<\/p>\n<p>&#8211; L\u00fcfte die Geheimnisse der Geschichte von Ursula!<br \/>\n&#8211; Finde heraus, ob du das Grimoire ein f\u00fcr alle Mal versiegeln kannst!<br \/>\n&#8211; Finde alle Puzzleteile und verwende sie, um das Puzzle zu vervollst\u00e4ndigen!<br \/>\n&#8211; Genie\u00dfe exklusive Musik, Hintergrundbilder, Filme und mehr!<br \/>\n&#8211; Kompletter Strategieleitfaden inklusive! Verirren Sie sich nie!<\/p>\n","protected":false},"excerpt":{"rendered":"<p>Entdecke die Wahrheit in Whispered Secrets: Ripple of the Heart CE, einem Buch \u00fcber Liebe und Magie.<\/p>\n","protected":false},"author":17,"featured_media":90533,"comment_status":"open","ping_status":"closed","template":"","meta":{"_acf_changed":false,"inline_featured_image":false},"product_brand":[],"product_cat":[164],"product_tag":[289],"class_list":{"0":"post-134683","1":"product","2":"type-product","3":"status-publish","4":"has-post-thumbnail","6":"product_cat-hidden-object-de","7":"product_tag-play-on-pc-de","9":"first","10":"instock","11":"shipping-taxable","12":"purchasable","13":"product-type-simple"},"acf":[],"yoast_head":"<!-- This site is optimized with the Yoast SEO Premium plugin v25.2 (Yoast SEO v25.2) - https:\/\/yoast.com\/wordpress\/plugins\/seo\/ -->\n<title>Whispered Secrets: Ripple of the Heart CE - Liebesmagische Wahrheit<\/title>\n<meta name=\"description\" content=\"Entdecke die Wahrheit in Whispered Secrets: Ripple of the Heart CE, einem Buch \u00fcber Liebe und Magie.\" \/>\n<meta name=\"robots\" content=\"index, follow, max-snippet:-1, max-image-preview:large, max-video-preview:-1\" \/>\n<link rel=\"canonical\" href=\"https:\/\/www.iplay.com\/de\/games\/whispered-secrets-ripple-of-the-heart-ce\/\" \/>\n<meta property=\"og:locale\" content=\"de_DE\" \/>\n<meta property=\"og:type\" content=\"article\" \/>\n<meta property=\"og:title\" content=\"Whispered Secrets: Ripple of the Heart CE\" \/>\n<meta property=\"og:description\" content=\"Entdecke die Wahrheit in Whispered Secrets: Ripple of the Heart CE, einem Buch \u00fcber Liebe und Magie.\" \/>\n<meta property=\"og:url\" content=\"https:\/\/www.iplay.com\/de\/games\/whispered-secrets-ripple-of-the-heart-ce\/\" \/>\n<meta property=\"og:site_name\" content=\"IPlay\" \/>\n<meta property=\"og:image\" content=\"https:\/\/www.iplay.com\/wp-content\/uploads\/2023\/12\/large_square_tile_image-3172.jpg\" \/>\n\t<meta property=\"og:image:width\" content=\"310\" \/>\n\t<meta property=\"og:image:height\" content=\"310\" \/>\n\t<meta property=\"og:image:type\" content=\"image\/jpeg\" \/>\n<meta name=\"twitter:card\" content=\"summary_large_image\" \/>\n<meta name=\"twitter:label1\" content=\"Gesch\u00e4tzte Lesezeit\" \/>\n\t<meta name=\"twitter:data1\" content=\"1 Minute\" \/>\n<script type=\"application\/ld+json\" class=\"yoast-schema-graph\">{\"@context\":\"https:\/\/schema.org\",\"@graph\":[{\"@type\":\"WebPage\",\"@id\":\"https:\/\/www.iplay.com\/de\/games\/whispered-secrets-ripple-of-the-heart-ce\/\",\"url\":\"https:\/\/www.iplay.com\/de\/games\/whispered-secrets-ripple-of-the-heart-ce\/\",\"name\":\"Whispered Secrets: Ripple of the Heart CE - Liebesmagische Wahrheit\",\"isPartOf\":{\"@id\":\"https:\/\/www.iplay.com\/en\/#website\"},\"primaryImageOfPage\":{\"@id\":\"https:\/\/www.iplay.com\/de\/games\/whispered-secrets-ripple-of-the-heart-ce\/#primaryimage\"},\"image\":{\"@id\":\"https:\/\/www.iplay.com\/de\/games\/whispered-secrets-ripple-of-the-heart-ce\/#primaryimage\"},\"thumbnailUrl\":\"https:\/\/www.iplay.com\/wp-content\/uploads\/2023\/12\/large_square_tile_image-3172.jpg\",\"datePublished\":\"2021-11-14T00:00:00+00:00\",\"description\":\"Entdecke die Wahrheit in Whispered Secrets: Ripple of the Heart CE, einem Buch \u00fcber Liebe und Magie.\",\"breadcrumb\":{\"@id\":\"https:\/\/www.iplay.com\/de\/games\/whispered-secrets-ripple-of-the-heart-ce\/#breadcrumb\"},\"inLanguage\":\"de-DE\",\"potentialAction\":[{\"@type\":\"ReadAction\",\"target\":[\"https:\/\/www.iplay.com\/de\/games\/whispered-secrets-ripple-of-the-heart-ce\/\"]}]},{\"@type\":\"ImageObject\",\"inLanguage\":\"de-DE\",\"@id\":\"https:\/\/www.iplay.com\/de\/games\/whispered-secrets-ripple-of-the-heart-ce\/#primaryimage\",\"url\":\"https:\/\/www.iplay.com\/wp-content\/uploads\/2023\/12\/large_square_tile_image-3172.jpg\",\"contentUrl\":\"https:\/\/www.iplay.com\/wp-content\/uploads\/2023\/12\/large_square_tile_image-3172.jpg\",\"width\":310,\"height\":310},{\"@type\":\"BreadcrumbList\",\"@id\":\"https:\/\/www.iplay.com\/de\/games\/whispered-secrets-ripple-of-the-heart-ce\/#breadcrumb\",\"itemListElement\":[{\"@type\":\"ListItem\",\"position\":1,\"name\":\"Home\",\"item\":\"https:\/\/www.iplay.com\/de\/home-page-2\/\"},{\"@type\":\"ListItem\",\"position\":2,\"name\":\"Shop\",\"item\":\"https:\/\/www.iplay.com\/en\/shop\/\"},{\"@type\":\"ListItem\",\"position\":3,\"name\":\"Whispered Secrets: Ripple of the Heart CE\"}]},{\"@type\":\"WebSite\",\"@id\":\"https:\/\/www.iplay.com\/en\/#website\",\"url\":\"https:\/\/www.iplay.com\/en\/\",\"name\":\"IPlay\",\"description\":\"The Best Casual Games!\",\"publisher\":{\"@id\":\"https:\/\/www.iplay.com\/en\/#organization\"},\"potentialAction\":[{\"@type\":\"SearchAction\",\"target\":{\"@type\":\"EntryPoint\",\"urlTemplate\":\"https:\/\/www.iplay.com\/en\/?s={search_term_string}\"},\"query-input\":{\"@type\":\"PropertyValueSpecification\",\"valueRequired\":true,\"valueName\":\"search_term_string\"}}],\"inLanguage\":\"de-DE\"},{\"@type\":\"Organization\",\"@id\":\"https:\/\/www.iplay.com\/en\/#organization\",\"name\":\"IPlay\",\"url\":\"https:\/\/www.iplay.com\/en\/\",\"logo\":{\"@type\":\"ImageObject\",\"inLanguage\":\"de-DE\",\"@id\":\"https:\/\/www.iplay.com\/en\/#\/schema\/logo\/image\/\",\"url\":\"https:\/\/www.iplay.com\/wp-content\/uploads\/2023\/11\/Group-6100.svg\",\"contentUrl\":\"https:\/\/www.iplay.com\/wp-content\/uploads\/2023\/11\/Group-6100.svg\",\"width\":98,\"height\":25,\"caption\":\"IPlay\"},\"image\":{\"@id\":\"https:\/\/www.iplay.com\/en\/#\/schema\/logo\/image\/\"}}]}<\/script>\n<!-- \/ Yoast SEO Premium plugin. -->","yoast_head_json":{"title":"Whispered Secrets: Ripple of the Heart CE - Liebesmagische Wahrheit","description":"Entdecke die Wahrheit in Whispered Secrets: Ripple of the Heart CE, einem Buch \u00fcber Liebe und Magie.","robots":{"index":"index","follow":"follow","max-snippet":"max-snippet:-1","max-image-preview":"max-image-preview:large","max-video-preview":"max-video-preview:-1"},"canonical":"https:\/\/www.iplay.com\/de\/games\/whispered-secrets-ripple-of-the-heart-ce\/","og_locale":"de_DE","og_type":"article","og_title":"Whispered Secrets: Ripple of the Heart CE","og_description":"Entdecke die Wahrheit in Whispered Secrets: Ripple of the Heart CE, einem Buch \u00fcber Liebe und Magie.","og_url":"https:\/\/www.iplay.com\/de\/games\/whispered-secrets-ripple-of-the-heart-ce\/","og_site_name":"IPlay","og_image":[{"width":310,"height":310,"url":"https:\/\/www.iplay.com\/wp-content\/uploads\/2023\/12\/large_square_tile_image-3172.jpg","type":"image\/jpeg"}],"twitter_card":"summary_large_image","twitter_misc":{"Gesch\u00e4tzte Lesezeit":"1 Minute"},"schema":{"@context":"https:\/\/schema.org","@graph":[{"@type":"WebPage","@id":"https:\/\/www.iplay.com\/de\/games\/whispered-secrets-ripple-of-the-heart-ce\/","url":"https:\/\/www.iplay.com\/de\/games\/whispered-secrets-ripple-of-the-heart-ce\/","name":"Whispered Secrets: Ripple of the Heart CE - Liebesmagische Wahrheit","isPartOf":{"@id":"https:\/\/www.iplay.com\/en\/#website"},"primaryImageOfPage":{"@id":"https:\/\/www.iplay.com\/de\/games\/whispered-secrets-ripple-of-the-heart-ce\/#primaryimage"},"image":{"@id":"https:\/\/www.iplay.com\/de\/games\/whispered-secrets-ripple-of-the-heart-ce\/#primaryimage"},"thumbnailUrl":"https:\/\/www.iplay.com\/wp-content\/uploads\/2023\/12\/large_square_tile_image-3172.jpg","datePublished":"2021-11-14T00:00:00+00:00","description":"Entdecke die Wahrheit in Whispered Secrets: Ripple of the Heart CE, einem Buch \u00fcber Liebe und Magie.","breadcrumb":{"@id":"https:\/\/www.iplay.com\/de\/games\/whispered-secrets-ripple-of-the-heart-ce\/#breadcrumb"},"inLanguage":"de-DE","potentialAction":[{"@type":"ReadAction","target":["https:\/\/www.iplay.com\/de\/games\/whispered-secrets-ripple-of-the-heart-ce\/"]}]},{"@type":"ImageObject","inLanguage":"de-DE","@id":"https:\/\/www.iplay.com\/de\/games\/whispered-secrets-ripple-of-the-heart-ce\/#primaryimage","url":"https:\/\/www.iplay.com\/wp-content\/uploads\/2023\/12\/large_square_tile_image-3172.jpg","contentUrl":"https:\/\/www.iplay.com\/wp-content\/uploads\/2023\/12\/large_square_tile_image-3172.jpg","width":310,"height":310},{"@type":"BreadcrumbList","@id":"https:\/\/www.iplay.com\/de\/games\/whispered-secrets-ripple-of-the-heart-ce\/#breadcrumb","itemListElement":[{"@type":"ListItem","position":1,"name":"Home","item":"https:\/\/www.iplay.com\/de\/home-page-2\/"},{"@type":"ListItem","position":2,"name":"Shop","item":"https:\/\/www.iplay.com\/en\/shop\/"},{"@type":"ListItem","position":3,"name":"Whispered Secrets: Ripple of the Heart CE"}]},{"@type":"WebSite","@id":"https:\/\/www.iplay.com\/en\/#website","url":"https:\/\/www.iplay.com\/en\/","name":"IPlay","description":"The Best Casual Games!","publisher":{"@id":"https:\/\/www.iplay.com\/en\/#organization"},"potentialAction":[{"@type":"SearchAction","target":{"@type":"EntryPoint","urlTemplate":"https:\/\/www.iplay.com\/en\/?s={search_term_string}"},"query-input":{"@type":"PropertyValueSpecification","valueRequired":true,"valueName":"search_term_string"}}],"inLanguage":"de-DE"},{"@type":"Organization","@id":"https:\/\/www.iplay.com\/en\/#organization","name":"IPlay","url":"https:\/\/www.iplay.com\/en\/","logo":{"@type":"ImageObject","inLanguage":"de-DE","@id":"https:\/\/www.iplay.com\/en\/#\/schema\/logo\/image\/","url":"https:\/\/www.iplay.com\/wp-content\/uploads\/2023\/11\/Group-6100.svg","contentUrl":"https:\/\/www.iplay.com\/wp-content\/uploads\/2023\/11\/Group-6100.svg","width":98,"height":25,"caption":"IPlay"},"image":{"@id":"https:\/\/www.iplay.com\/en\/#\/schema\/logo\/image\/"}}]}},"_links":{"self":[{"href":"https:\/\/www.iplay.com\/de\/wp-json\/wp\/v2\/product\/134683","targetHints":{"allow":["GET"]}}],"collection":[{"href":"https:\/\/www.iplay.com\/de\/wp-json\/wp\/v2\/product"}],"about":[{"href":"https:\/\/www.iplay.com\/de\/wp-json\/wp\/v2\/types\/product"}],"author":[{"embeddable":true,"href":"https:\/\/www.iplay.com\/de\/wp-json\/wp\/v2\/users\/17"}],"replies":[{"embeddable":true,"href":"https:\/\/www.iplay.com\/de\/wp-json\/wp\/v2\/comments?post=134683"}],"wp:featuredmedia":[{"embeddable":true,"href":"https:\/\/www.iplay.com\/de\/wp-json\/wp\/v2\/media\/90533"}],"wp:attachment":[{"href":"https:\/\/www.iplay.com\/de\/wp-json\/wp\/v2\/media?parent=134683"}],"wp:term":[{"taxonomy":"product_brand","embeddable":true,"href":"https:\/\/www.iplay.com\/de\/wp-json\/wp\/v2\/product_brand?post=134683"},{"taxonomy":"product_cat","embeddable":true,"href":"https:\/\/www.iplay.com\/de\/wp-json\/wp\/v2\/product_cat?post=134683"},{"taxonomy":"product_tag","embeddable":true,"href":"https:\/\/www.iplay.com\/de\/wp-json\/wp\/v2\/product_tag?post=134683"}],"curies":[{"name":"wp","href":"https:\/\/api.w.org\/{rel}","templated":true}]}}