{"id":134678,"date":"2021-11-19T00:00:00","date_gmt":"2021-11-19T00:00:00","guid":{"rendered":"https:\/\/www.iplay.com\/games\/living-legends-voice-of-the-sea-collectors-edition\/"},"modified":"2021-11-19T00:00:00","modified_gmt":"2021-11-19T00:00:00","slug":"living-legends-voice-of-the-sea-collectors-edition","status":"publish","type":"product","link":"https:\/\/www.iplay.com\/de\/games\/living-legends-voice-of-the-sea-collectors-edition\/","title":{"rendered":"Living Legends: Voice of the Sea Collector&#8217;s Edition"},"content":{"rendered":"<p>Komm mit uns auf das n\u00e4chste r\u00e4tselhafte Abenteuer der Living Legends-Reihe! Dein Bruder hat dich zum Neptune Day nach Sunshine Island eingeladen! Die Unterzeichnung eines Paktes zwischen den Insulanern und den Seeleuten wird w\u00e4hrend der gesamten Feierlichkeiten gew\u00fcrdigt. Statt eines angenehmen Wiedersehens wirst du mit einem Fluch konfrontiert, der Menschen in Salzskulpturen und Monster verwandelt! Das Leben aller auf der Insel ist in Gefahr, weil jemand den Herrn des Meeres und seine T\u00f6chter w\u00fctend gemacht hat! Wirst du rechtzeitig in der Lage sein, die Spaltung zwischen den beiden V\u00f6lkern zu heilen, um deinen Bruder und den Rest der Insel zu retten? Du wirst es in dieser erstaunlichen Wimmelbild-Reise entdecken.      <\/p>\n<p>&nbsp;<\/p>\n<p>&nbsp;<\/p>\n<p><strong>Funktionen:<\/strong><\/p>\n<p>&nbsp;<\/p>\n<p>&#8211; Verhindere, dass die Zauberei der Meereshexe Davy Jones und seinem Fliegenden Holl\u00e4nder Schaden zuf\u00fcgt! Findet den Vorrat des Hexenmeister-Kapit\u00e4ns!<br \/>\n&#8211; Erlebe deine besten Minispiele und HOPs noch einmal. Sammle w\u00e4hrend des Spiels spezielle Charaktere und morphende Gegenst\u00e4nde, um ein einzigartiges Zusatzspiel freizuschalten! Genie\u00dfe den Soundtrack, die Bildschirmschoner und die Konzeptkunst des Spiels! Bewahren Sie diese f\u00fcr sp\u00e4ter auf!<br \/>\n&#8211; Nutze den Strategieleitfaden, um dich nie zu verlaufen!<\/p>\n","protected":false},"excerpt":{"rendered":"<p>Wirst du genug Zeit haben, um Neptuns t\u00f6dlichen Fluch aufzuheben? In Voice of the Sea: Living Legends CE <\/p>\n","protected":false},"author":17,"featured_media":78425,"comment_status":"open","ping_status":"closed","template":"","meta":{"_acf_changed":false,"inline_featured_image":false},"product_brand":[],"product_cat":[164],"product_tag":[289],"class_list":{"0":"post-134678","1":"product","2":"type-product","3":"status-publish","4":"has-post-thumbnail","6":"product_cat-hidden-object-de","7":"product_tag-play-on-pc-de","9":"first","10":"instock","11":"shipping-taxable","12":"purchasable","13":"product-type-simple"},"acf":[],"yoast_head":"<!-- This site is optimized with the Yoast SEO Premium plugin v25.2 (Yoast SEO v25.2) - https:\/\/yoast.com\/wordpress\/plugins\/seo\/ -->\n<title>Living Legends: Voice of the Sea Collector&#039;s Edition - Kehre Neptuns t\u00f6dlichen Fluch um \u2013 schaffst du es rechtzeitig?<\/title>\n<meta name=\"description\" content=\"Wirst du genug Zeit haben, um Neptuns t\u00f6dlichen Fluch aufzuheben? In Voice of the Sea: Living Legends CE\" \/>\n<meta name=\"robots\" content=\"index, follow, max-snippet:-1, max-image-preview:large, max-video-preview:-1\" \/>\n<link rel=\"canonical\" href=\"https:\/\/www.iplay.com\/de\/games\/living-legends-voice-of-the-sea-collectors-edition\/\" \/>\n<meta property=\"og:locale\" content=\"de_DE\" \/>\n<meta property=\"og:type\" content=\"article\" \/>\n<meta property=\"og:title\" content=\"Living Legends: Voice of the Sea Collector&#039;s Edition\" \/>\n<meta property=\"og:description\" content=\"Wirst du genug Zeit haben, um Neptuns t\u00f6dlichen Fluch aufzuheben? In Voice of the Sea: Living Legends CE\" \/>\n<meta property=\"og:url\" content=\"https:\/\/www.iplay.com\/de\/games\/living-legends-voice-of-the-sea-collectors-edition\/\" \/>\n<meta property=\"og:site_name\" content=\"IPlay\" \/>\n<meta property=\"og:image\" content=\"https:\/\/www.iplay.com\/wp-content\/uploads\/2023\/12\/large_square_tile_image-2401.jpg\" \/>\n\t<meta property=\"og:image:width\" content=\"310\" \/>\n\t<meta property=\"og:image:height\" content=\"310\" \/>\n\t<meta property=\"og:image:type\" content=\"image\/jpeg\" \/>\n<meta name=\"twitter:card\" content=\"summary_large_image\" \/>\n<meta name=\"twitter:label1\" content=\"Gesch\u00e4tzte Lesezeit\" \/>\n\t<meta name=\"twitter:data1\" content=\"1 Minute\" \/>\n<script type=\"application\/ld+json\" class=\"yoast-schema-graph\">{\"@context\":\"https:\/\/schema.org\",\"@graph\":[{\"@type\":\"WebPage\",\"@id\":\"https:\/\/www.iplay.com\/de\/games\/living-legends-voice-of-the-sea-collectors-edition\/\",\"url\":\"https:\/\/www.iplay.com\/de\/games\/living-legends-voice-of-the-sea-collectors-edition\/\",\"name\":\"Living Legends: Voice of the Sea Collector's Edition - Kehre Neptuns t\u00f6dlichen Fluch um \u2013 schaffst du es rechtzeitig?\",\"isPartOf\":{\"@id\":\"https:\/\/www.iplay.com\/en\/#website\"},\"primaryImageOfPage\":{\"@id\":\"https:\/\/www.iplay.com\/de\/games\/living-legends-voice-of-the-sea-collectors-edition\/#primaryimage\"},\"image\":{\"@id\":\"https:\/\/www.iplay.com\/de\/games\/living-legends-voice-of-the-sea-collectors-edition\/#primaryimage\"},\"thumbnailUrl\":\"https:\/\/www.iplay.com\/wp-content\/uploads\/2023\/12\/large_square_tile_image-2401.jpg\",\"datePublished\":\"2021-11-19T00:00:00+00:00\",\"description\":\"Wirst du genug Zeit haben, um Neptuns t\u00f6dlichen Fluch aufzuheben? In Voice of the Sea: Living Legends CE\",\"breadcrumb\":{\"@id\":\"https:\/\/www.iplay.com\/de\/games\/living-legends-voice-of-the-sea-collectors-edition\/#breadcrumb\"},\"inLanguage\":\"de-DE\",\"potentialAction\":[{\"@type\":\"ReadAction\",\"target\":[\"https:\/\/www.iplay.com\/de\/games\/living-legends-voice-of-the-sea-collectors-edition\/\"]}]},{\"@type\":\"ImageObject\",\"inLanguage\":\"de-DE\",\"@id\":\"https:\/\/www.iplay.com\/de\/games\/living-legends-voice-of-the-sea-collectors-edition\/#primaryimage\",\"url\":\"https:\/\/www.iplay.com\/wp-content\/uploads\/2023\/12\/large_square_tile_image-2401.jpg\",\"contentUrl\":\"https:\/\/www.iplay.com\/wp-content\/uploads\/2023\/12\/large_square_tile_image-2401.jpg\",\"width\":310,\"height\":310},{\"@type\":\"BreadcrumbList\",\"@id\":\"https:\/\/www.iplay.com\/de\/games\/living-legends-voice-of-the-sea-collectors-edition\/#breadcrumb\",\"itemListElement\":[{\"@type\":\"ListItem\",\"position\":1,\"name\":\"Home\",\"item\":\"https:\/\/www.iplay.com\/de\/home-page-2\/\"},{\"@type\":\"ListItem\",\"position\":2,\"name\":\"Shop\",\"item\":\"https:\/\/www.iplay.com\/en\/shop\/\"},{\"@type\":\"ListItem\",\"position\":3,\"name\":\"Living Legends: Voice of the Sea Collector&#8217;s Edition\"}]},{\"@type\":\"WebSite\",\"@id\":\"https:\/\/www.iplay.com\/en\/#website\",\"url\":\"https:\/\/www.iplay.com\/en\/\",\"name\":\"IPlay\",\"description\":\"The Best Casual Games!\",\"publisher\":{\"@id\":\"https:\/\/www.iplay.com\/en\/#organization\"},\"potentialAction\":[{\"@type\":\"SearchAction\",\"target\":{\"@type\":\"EntryPoint\",\"urlTemplate\":\"https:\/\/www.iplay.com\/en\/?s={search_term_string}\"},\"query-input\":{\"@type\":\"PropertyValueSpecification\",\"valueRequired\":true,\"valueName\":\"search_term_string\"}}],\"inLanguage\":\"de-DE\"},{\"@type\":\"Organization\",\"@id\":\"https:\/\/www.iplay.com\/en\/#organization\",\"name\":\"IPlay\",\"url\":\"https:\/\/www.iplay.com\/en\/\",\"logo\":{\"@type\":\"ImageObject\",\"inLanguage\":\"de-DE\",\"@id\":\"https:\/\/www.iplay.com\/en\/#\/schema\/logo\/image\/\",\"url\":\"https:\/\/www.iplay.com\/wp-content\/uploads\/2023\/11\/Group-6100.svg\",\"contentUrl\":\"https:\/\/www.iplay.com\/wp-content\/uploads\/2023\/11\/Group-6100.svg\",\"width\":98,\"height\":25,\"caption\":\"IPlay\"},\"image\":{\"@id\":\"https:\/\/www.iplay.com\/en\/#\/schema\/logo\/image\/\"}}]}<\/script>\n<!-- \/ Yoast SEO Premium plugin. -->","yoast_head_json":{"title":"Living Legends: Voice of the Sea Collector's Edition - Kehre Neptuns t\u00f6dlichen Fluch um \u2013 schaffst du es rechtzeitig?","description":"Wirst du genug Zeit haben, um Neptuns t\u00f6dlichen Fluch aufzuheben? In Voice of the Sea: Living Legends CE","robots":{"index":"index","follow":"follow","max-snippet":"max-snippet:-1","max-image-preview":"max-image-preview:large","max-video-preview":"max-video-preview:-1"},"canonical":"https:\/\/www.iplay.com\/de\/games\/living-legends-voice-of-the-sea-collectors-edition\/","og_locale":"de_DE","og_type":"article","og_title":"Living Legends: Voice of the Sea Collector's Edition","og_description":"Wirst du genug Zeit haben, um Neptuns t\u00f6dlichen Fluch aufzuheben? In Voice of the Sea: Living Legends CE","og_url":"https:\/\/www.iplay.com\/de\/games\/living-legends-voice-of-the-sea-collectors-edition\/","og_site_name":"IPlay","og_image":[{"width":310,"height":310,"url":"https:\/\/www.iplay.com\/wp-content\/uploads\/2023\/12\/large_square_tile_image-2401.jpg","type":"image\/jpeg"}],"twitter_card":"summary_large_image","twitter_misc":{"Gesch\u00e4tzte Lesezeit":"1 Minute"},"schema":{"@context":"https:\/\/schema.org","@graph":[{"@type":"WebPage","@id":"https:\/\/www.iplay.com\/de\/games\/living-legends-voice-of-the-sea-collectors-edition\/","url":"https:\/\/www.iplay.com\/de\/games\/living-legends-voice-of-the-sea-collectors-edition\/","name":"Living Legends: Voice of the Sea Collector's Edition - Kehre Neptuns t\u00f6dlichen Fluch um \u2013 schaffst du es rechtzeitig?","isPartOf":{"@id":"https:\/\/www.iplay.com\/en\/#website"},"primaryImageOfPage":{"@id":"https:\/\/www.iplay.com\/de\/games\/living-legends-voice-of-the-sea-collectors-edition\/#primaryimage"},"image":{"@id":"https:\/\/www.iplay.com\/de\/games\/living-legends-voice-of-the-sea-collectors-edition\/#primaryimage"},"thumbnailUrl":"https:\/\/www.iplay.com\/wp-content\/uploads\/2023\/12\/large_square_tile_image-2401.jpg","datePublished":"2021-11-19T00:00:00+00:00","description":"Wirst du genug Zeit haben, um Neptuns t\u00f6dlichen Fluch aufzuheben? In Voice of the Sea: Living Legends CE","breadcrumb":{"@id":"https:\/\/www.iplay.com\/de\/games\/living-legends-voice-of-the-sea-collectors-edition\/#breadcrumb"},"inLanguage":"de-DE","potentialAction":[{"@type":"ReadAction","target":["https:\/\/www.iplay.com\/de\/games\/living-legends-voice-of-the-sea-collectors-edition\/"]}]},{"@type":"ImageObject","inLanguage":"de-DE","@id":"https:\/\/www.iplay.com\/de\/games\/living-legends-voice-of-the-sea-collectors-edition\/#primaryimage","url":"https:\/\/www.iplay.com\/wp-content\/uploads\/2023\/12\/large_square_tile_image-2401.jpg","contentUrl":"https:\/\/www.iplay.com\/wp-content\/uploads\/2023\/12\/large_square_tile_image-2401.jpg","width":310,"height":310},{"@type":"BreadcrumbList","@id":"https:\/\/www.iplay.com\/de\/games\/living-legends-voice-of-the-sea-collectors-edition\/#breadcrumb","itemListElement":[{"@type":"ListItem","position":1,"name":"Home","item":"https:\/\/www.iplay.com\/de\/home-page-2\/"},{"@type":"ListItem","position":2,"name":"Shop","item":"https:\/\/www.iplay.com\/en\/shop\/"},{"@type":"ListItem","position":3,"name":"Living Legends: Voice of the Sea Collector&#8217;s Edition"}]},{"@type":"WebSite","@id":"https:\/\/www.iplay.com\/en\/#website","url":"https:\/\/www.iplay.com\/en\/","name":"IPlay","description":"The Best Casual Games!","publisher":{"@id":"https:\/\/www.iplay.com\/en\/#organization"},"potentialAction":[{"@type":"SearchAction","target":{"@type":"EntryPoint","urlTemplate":"https:\/\/www.iplay.com\/en\/?s={search_term_string}"},"query-input":{"@type":"PropertyValueSpecification","valueRequired":true,"valueName":"search_term_string"}}],"inLanguage":"de-DE"},{"@type":"Organization","@id":"https:\/\/www.iplay.com\/en\/#organization","name":"IPlay","url":"https:\/\/www.iplay.com\/en\/","logo":{"@type":"ImageObject","inLanguage":"de-DE","@id":"https:\/\/www.iplay.com\/en\/#\/schema\/logo\/image\/","url":"https:\/\/www.iplay.com\/wp-content\/uploads\/2023\/11\/Group-6100.svg","contentUrl":"https:\/\/www.iplay.com\/wp-content\/uploads\/2023\/11\/Group-6100.svg","width":98,"height":25,"caption":"IPlay"},"image":{"@id":"https:\/\/www.iplay.com\/en\/#\/schema\/logo\/image\/"}}]}},"_links":{"self":[{"href":"https:\/\/www.iplay.com\/de\/wp-json\/wp\/v2\/product\/134678","targetHints":{"allow":["GET"]}}],"collection":[{"href":"https:\/\/www.iplay.com\/de\/wp-json\/wp\/v2\/product"}],"about":[{"href":"https:\/\/www.iplay.com\/de\/wp-json\/wp\/v2\/types\/product"}],"author":[{"embeddable":true,"href":"https:\/\/www.iplay.com\/de\/wp-json\/wp\/v2\/users\/17"}],"replies":[{"embeddable":true,"href":"https:\/\/www.iplay.com\/de\/wp-json\/wp\/v2\/comments?post=134678"}],"wp:featuredmedia":[{"embeddable":true,"href":"https:\/\/www.iplay.com\/de\/wp-json\/wp\/v2\/media\/78425"}],"wp:attachment":[{"href":"https:\/\/www.iplay.com\/de\/wp-json\/wp\/v2\/media?parent=134678"}],"wp:term":[{"taxonomy":"product_brand","embeddable":true,"href":"https:\/\/www.iplay.com\/de\/wp-json\/wp\/v2\/product_brand?post=134678"},{"taxonomy":"product_cat","embeddable":true,"href":"https:\/\/www.iplay.com\/de\/wp-json\/wp\/v2\/product_cat?post=134678"},{"taxonomy":"product_tag","embeddable":true,"href":"https:\/\/www.iplay.com\/de\/wp-json\/wp\/v2\/product_tag?post=134678"}],"curies":[{"name":"wp","href":"https:\/\/api.w.org\/{rel}","templated":true}]}}