{"id":134655,"date":"2021-12-11T00:00:00","date_gmt":"2021-12-11T00:00:00","guid":{"rendered":"https:\/\/www.iplay.com\/games\/haunted-hotel-a-past-redeemed-ce\/"},"modified":"2021-12-11T00:00:00","modified_gmt":"2021-12-11T00:00:00","slug":"haunted-hotel-a-past-redeemed-ce","status":"publish","type":"product","link":"https:\/\/www.iplay.com\/de\/games\/haunted-hotel-a-past-redeemed-ce\/","title":{"rendered":"Haunted Hotel: A Past Redeemed CE"},"content":{"rendered":"<p>Die 20. und letzte Folge der gruseligen Haunted Hotel-Reihe! Es ist fast an der Zeit, den Bund f\u00fcrs Leben zu schlie\u00dfen! Nachdem Sie mit Ihrem letzten Fall mit Ihrer Liebsten fast entkommen sind, ist heute endlich Ihr Hochzeitstag. Dein Eifer und deine Entschlossenheit werden schnell auf die Probe gestellt, als dein Cousin verschwindet und Geister beginnen, deinen Standort zu \u00fcbernehmen! Bevor es zu sp\u00e4t ist, wirst du in der Lage sein, einen alten Feind zu besiegen und den Lauf der Geschichte zu \u00e4ndern? Du wirst es in diesem spannenden Wimmelbild-Abenteuer herausfinden!     <\/p>\n<p>&nbsp;<\/p>\n<p>&nbsp;<\/p>\n<p><strong>Funktionen:<\/strong><\/p>\n<p>&nbsp;<\/p>\n<p>&#8211; Im Bonusspiel bekommt Spuk eine ganz neue Bedeutung, wenn etwas Unerwartetes passiert!<\/p>\n<p>&#8211; Spiele deine bevorzugten Minispiele und HOPs erneut, um Erfolge freizuschalten!<\/p>\n<p>&#8211; Entdecke eine Menge geheimer Bildelemente, Fotos, die sich \u00e4ndern, und den Geheimraum!<\/p>\n<p>&#8211; Einzigartiger Soundtrack und Hintergr\u00fcnde!<\/p>\n<p>&#8211; Vermeiden Sie es, sich zu verlaufen, indem Sie den Strategieleitfaden verwenden!<\/p>\n","protected":false},"excerpt":{"rendered":"<p>Kannst du den Code knacken und deine Ehe retten? IN Haunted Hotel: Eine vergangene CE eingel\u00f6st <\/p>\n","protected":false},"author":17,"featured_media":108643,"comment_status":"open","ping_status":"closed","template":"","meta":{"_acf_changed":false,"inline_featured_image":false},"product_brand":[],"product_cat":[164],"product_tag":[289],"class_list":{"0":"post-134655","1":"product","2":"type-product","3":"status-publish","4":"has-post-thumbnail","6":"product_cat-hidden-object-de","7":"product_tag-play-on-pc-de","9":"first","10":"instock","11":"shipping-taxable","12":"purchasable","13":"product-type-simple"},"acf":[],"yoast_head":"<!-- This site is optimized with the Yoast SEO Premium plugin v25.2 (Yoast SEO v25.2) - https:\/\/yoast.com\/wordpress\/plugins\/seo\/ -->\n<title>Haunted Hotel: A Past Reredeem CE - L\u00f6se rechtzeitig ein R\u00e4tsel, um deine Hochzeit zu retten<\/title>\n<meta name=\"description\" content=\"Kannst du den Code knacken und deine Ehe retten? IN Haunted Hotel: Eine vergangene CE eingel\u00f6st\" \/>\n<meta name=\"robots\" content=\"index, follow, max-snippet:-1, max-image-preview:large, max-video-preview:-1\" \/>\n<link rel=\"canonical\" href=\"https:\/\/www.iplay.com\/de\/games\/haunted-hotel-a-past-redeemed-ce\/\" \/>\n<meta property=\"og:locale\" content=\"de_DE\" \/>\n<meta property=\"og:type\" content=\"article\" \/>\n<meta property=\"og:title\" content=\"Haunted Hotel: A Past Redeemed CE\" \/>\n<meta property=\"og:description\" content=\"Kannst du den Code knacken und deine Ehe retten? IN Haunted Hotel: Eine vergangene CE eingel\u00f6st\" \/>\n<meta property=\"og:url\" content=\"https:\/\/www.iplay.com\/de\/games\/haunted-hotel-a-past-redeemed-ce\/\" \/>\n<meta property=\"og:site_name\" content=\"IPlay\" \/>\n<meta property=\"og:image\" content=\"https:\/\/www.iplay.com\/wp-content\/uploads\/2023\/12\/large_square_tile_image-4311.jpg\" \/>\n\t<meta property=\"og:image:width\" content=\"310\" \/>\n\t<meta property=\"og:image:height\" content=\"310\" \/>\n\t<meta property=\"og:image:type\" content=\"image\/jpeg\" \/>\n<meta name=\"twitter:card\" content=\"summary_large_image\" \/>\n<meta name=\"twitter:label1\" content=\"Gesch\u00e4tzte Lesezeit\" \/>\n\t<meta name=\"twitter:data1\" content=\"1 Minute\" \/>\n<script type=\"application\/ld+json\" class=\"yoast-schema-graph\">{\"@context\":\"https:\/\/schema.org\",\"@graph\":[{\"@type\":\"WebPage\",\"@id\":\"https:\/\/www.iplay.com\/de\/games\/haunted-hotel-a-past-redeemed-ce\/\",\"url\":\"https:\/\/www.iplay.com\/de\/games\/haunted-hotel-a-past-redeemed-ce\/\",\"name\":\"Haunted Hotel: A Past Reredeem CE - L\u00f6se rechtzeitig ein R\u00e4tsel, um deine Hochzeit zu retten\",\"isPartOf\":{\"@id\":\"https:\/\/www.iplay.com\/en\/#website\"},\"primaryImageOfPage\":{\"@id\":\"https:\/\/www.iplay.com\/de\/games\/haunted-hotel-a-past-redeemed-ce\/#primaryimage\"},\"image\":{\"@id\":\"https:\/\/www.iplay.com\/de\/games\/haunted-hotel-a-past-redeemed-ce\/#primaryimage\"},\"thumbnailUrl\":\"https:\/\/www.iplay.com\/wp-content\/uploads\/2023\/12\/large_square_tile_image-4311.jpg\",\"datePublished\":\"2021-12-11T00:00:00+00:00\",\"description\":\"Kannst du den Code knacken und deine Ehe retten? IN Haunted Hotel: Eine vergangene CE eingel\u00f6st\",\"breadcrumb\":{\"@id\":\"https:\/\/www.iplay.com\/de\/games\/haunted-hotel-a-past-redeemed-ce\/#breadcrumb\"},\"inLanguage\":\"de-DE\",\"potentialAction\":[{\"@type\":\"ReadAction\",\"target\":[\"https:\/\/www.iplay.com\/de\/games\/haunted-hotel-a-past-redeemed-ce\/\"]}]},{\"@type\":\"ImageObject\",\"inLanguage\":\"de-DE\",\"@id\":\"https:\/\/www.iplay.com\/de\/games\/haunted-hotel-a-past-redeemed-ce\/#primaryimage\",\"url\":\"https:\/\/www.iplay.com\/wp-content\/uploads\/2023\/12\/large_square_tile_image-4311.jpg\",\"contentUrl\":\"https:\/\/www.iplay.com\/wp-content\/uploads\/2023\/12\/large_square_tile_image-4311.jpg\",\"width\":310,\"height\":310},{\"@type\":\"BreadcrumbList\",\"@id\":\"https:\/\/www.iplay.com\/de\/games\/haunted-hotel-a-past-redeemed-ce\/#breadcrumb\",\"itemListElement\":[{\"@type\":\"ListItem\",\"position\":1,\"name\":\"Home\",\"item\":\"https:\/\/www.iplay.com\/de\/home-page-2\/\"},{\"@type\":\"ListItem\",\"position\":2,\"name\":\"Shop\",\"item\":\"https:\/\/www.iplay.com\/en\/shop\/\"},{\"@type\":\"ListItem\",\"position\":3,\"name\":\"Haunted Hotel: A Past Redeemed CE\"}]},{\"@type\":\"WebSite\",\"@id\":\"https:\/\/www.iplay.com\/en\/#website\",\"url\":\"https:\/\/www.iplay.com\/en\/\",\"name\":\"IPlay\",\"description\":\"The Best Casual Games!\",\"publisher\":{\"@id\":\"https:\/\/www.iplay.com\/en\/#organization\"},\"potentialAction\":[{\"@type\":\"SearchAction\",\"target\":{\"@type\":\"EntryPoint\",\"urlTemplate\":\"https:\/\/www.iplay.com\/en\/?s={search_term_string}\"},\"query-input\":{\"@type\":\"PropertyValueSpecification\",\"valueRequired\":true,\"valueName\":\"search_term_string\"}}],\"inLanguage\":\"de-DE\"},{\"@type\":\"Organization\",\"@id\":\"https:\/\/www.iplay.com\/en\/#organization\",\"name\":\"IPlay\",\"url\":\"https:\/\/www.iplay.com\/en\/\",\"logo\":{\"@type\":\"ImageObject\",\"inLanguage\":\"de-DE\",\"@id\":\"https:\/\/www.iplay.com\/en\/#\/schema\/logo\/image\/\",\"url\":\"https:\/\/www.iplay.com\/wp-content\/uploads\/2023\/11\/Group-6100.svg\",\"contentUrl\":\"https:\/\/www.iplay.com\/wp-content\/uploads\/2023\/11\/Group-6100.svg\",\"width\":98,\"height\":25,\"caption\":\"IPlay\"},\"image\":{\"@id\":\"https:\/\/www.iplay.com\/en\/#\/schema\/logo\/image\/\"}}]}<\/script>\n<!-- \/ Yoast SEO Premium plugin. -->","yoast_head_json":{"title":"Haunted Hotel: A Past Reredeem CE - L\u00f6se rechtzeitig ein R\u00e4tsel, um deine Hochzeit zu retten","description":"Kannst du den Code knacken und deine Ehe retten? IN Haunted Hotel: Eine vergangene CE eingel\u00f6st","robots":{"index":"index","follow":"follow","max-snippet":"max-snippet:-1","max-image-preview":"max-image-preview:large","max-video-preview":"max-video-preview:-1"},"canonical":"https:\/\/www.iplay.com\/de\/games\/haunted-hotel-a-past-redeemed-ce\/","og_locale":"de_DE","og_type":"article","og_title":"Haunted Hotel: A Past Redeemed CE","og_description":"Kannst du den Code knacken und deine Ehe retten? IN Haunted Hotel: Eine vergangene CE eingel\u00f6st","og_url":"https:\/\/www.iplay.com\/de\/games\/haunted-hotel-a-past-redeemed-ce\/","og_site_name":"IPlay","og_image":[{"width":310,"height":310,"url":"https:\/\/www.iplay.com\/wp-content\/uploads\/2023\/12\/large_square_tile_image-4311.jpg","type":"image\/jpeg"}],"twitter_card":"summary_large_image","twitter_misc":{"Gesch\u00e4tzte Lesezeit":"1 Minute"},"schema":{"@context":"https:\/\/schema.org","@graph":[{"@type":"WebPage","@id":"https:\/\/www.iplay.com\/de\/games\/haunted-hotel-a-past-redeemed-ce\/","url":"https:\/\/www.iplay.com\/de\/games\/haunted-hotel-a-past-redeemed-ce\/","name":"Haunted Hotel: A Past Reredeem CE - L\u00f6se rechtzeitig ein R\u00e4tsel, um deine Hochzeit zu retten","isPartOf":{"@id":"https:\/\/www.iplay.com\/en\/#website"},"primaryImageOfPage":{"@id":"https:\/\/www.iplay.com\/de\/games\/haunted-hotel-a-past-redeemed-ce\/#primaryimage"},"image":{"@id":"https:\/\/www.iplay.com\/de\/games\/haunted-hotel-a-past-redeemed-ce\/#primaryimage"},"thumbnailUrl":"https:\/\/www.iplay.com\/wp-content\/uploads\/2023\/12\/large_square_tile_image-4311.jpg","datePublished":"2021-12-11T00:00:00+00:00","description":"Kannst du den Code knacken und deine Ehe retten? IN Haunted Hotel: Eine vergangene CE eingel\u00f6st","breadcrumb":{"@id":"https:\/\/www.iplay.com\/de\/games\/haunted-hotel-a-past-redeemed-ce\/#breadcrumb"},"inLanguage":"de-DE","potentialAction":[{"@type":"ReadAction","target":["https:\/\/www.iplay.com\/de\/games\/haunted-hotel-a-past-redeemed-ce\/"]}]},{"@type":"ImageObject","inLanguage":"de-DE","@id":"https:\/\/www.iplay.com\/de\/games\/haunted-hotel-a-past-redeemed-ce\/#primaryimage","url":"https:\/\/www.iplay.com\/wp-content\/uploads\/2023\/12\/large_square_tile_image-4311.jpg","contentUrl":"https:\/\/www.iplay.com\/wp-content\/uploads\/2023\/12\/large_square_tile_image-4311.jpg","width":310,"height":310},{"@type":"BreadcrumbList","@id":"https:\/\/www.iplay.com\/de\/games\/haunted-hotel-a-past-redeemed-ce\/#breadcrumb","itemListElement":[{"@type":"ListItem","position":1,"name":"Home","item":"https:\/\/www.iplay.com\/de\/home-page-2\/"},{"@type":"ListItem","position":2,"name":"Shop","item":"https:\/\/www.iplay.com\/en\/shop\/"},{"@type":"ListItem","position":3,"name":"Haunted Hotel: A Past Redeemed CE"}]},{"@type":"WebSite","@id":"https:\/\/www.iplay.com\/en\/#website","url":"https:\/\/www.iplay.com\/en\/","name":"IPlay","description":"The Best Casual Games!","publisher":{"@id":"https:\/\/www.iplay.com\/en\/#organization"},"potentialAction":[{"@type":"SearchAction","target":{"@type":"EntryPoint","urlTemplate":"https:\/\/www.iplay.com\/en\/?s={search_term_string}"},"query-input":{"@type":"PropertyValueSpecification","valueRequired":true,"valueName":"search_term_string"}}],"inLanguage":"de-DE"},{"@type":"Organization","@id":"https:\/\/www.iplay.com\/en\/#organization","name":"IPlay","url":"https:\/\/www.iplay.com\/en\/","logo":{"@type":"ImageObject","inLanguage":"de-DE","@id":"https:\/\/www.iplay.com\/en\/#\/schema\/logo\/image\/","url":"https:\/\/www.iplay.com\/wp-content\/uploads\/2023\/11\/Group-6100.svg","contentUrl":"https:\/\/www.iplay.com\/wp-content\/uploads\/2023\/11\/Group-6100.svg","width":98,"height":25,"caption":"IPlay"},"image":{"@id":"https:\/\/www.iplay.com\/en\/#\/schema\/logo\/image\/"}}]}},"_links":{"self":[{"href":"https:\/\/www.iplay.com\/de\/wp-json\/wp\/v2\/product\/134655","targetHints":{"allow":["GET"]}}],"collection":[{"href":"https:\/\/www.iplay.com\/de\/wp-json\/wp\/v2\/product"}],"about":[{"href":"https:\/\/www.iplay.com\/de\/wp-json\/wp\/v2\/types\/product"}],"author":[{"embeddable":true,"href":"https:\/\/www.iplay.com\/de\/wp-json\/wp\/v2\/users\/17"}],"replies":[{"embeddable":true,"href":"https:\/\/www.iplay.com\/de\/wp-json\/wp\/v2\/comments?post=134655"}],"wp:featuredmedia":[{"embeddable":true,"href":"https:\/\/www.iplay.com\/de\/wp-json\/wp\/v2\/media\/108643"}],"wp:attachment":[{"href":"https:\/\/www.iplay.com\/de\/wp-json\/wp\/v2\/media?parent=134655"}],"wp:term":[{"taxonomy":"product_brand","embeddable":true,"href":"https:\/\/www.iplay.com\/de\/wp-json\/wp\/v2\/product_brand?post=134655"},{"taxonomy":"product_cat","embeddable":true,"href":"https:\/\/www.iplay.com\/de\/wp-json\/wp\/v2\/product_cat?post=134655"},{"taxonomy":"product_tag","embeddable":true,"href":"https:\/\/www.iplay.com\/de\/wp-json\/wp\/v2\/product_tag?post=134655"}],"curies":[{"name":"wp","href":"https:\/\/api.w.org\/{rel}","templated":true}]}}