{"id":134628,"date":"2021-12-26T00:00:00","date_gmt":"2021-12-26T00:00:00","guid":{"rendered":"https:\/\/www.iplay.com\/games\/labyrinths-of-the-world-game-of-minds-collectors-edition\/"},"modified":"2021-12-26T00:00:00","modified_gmt":"2021-12-26T00:00:00","slug":"labyrinths-of-the-world-game-of-minds-collectors-edition","status":"publish","type":"product","link":"https:\/\/www.iplay.com\/de\/games\/labyrinths-of-the-world-game-of-minds-collectors-edition\/","title":{"rendered":"Labyrinths of the World: Game of Minds Collector&#8217;s Edition"},"content":{"rendered":"<p>Labyrinthe der Welt, der neueste und erstaunlichste Teil der Serie, ist jetzt zug\u00e4nglich! Als eine Recherchereise zum schottischen Leuchtturm Eilean Mor einen Durchgang in eine andere Welt offenbart, erhalten Simon und Naomi einen Crashkurs in der wahren Geschichte des mysteri\u00f6sen Leuchtturms! Doch sie hatten kaum Zeit, sich zurechtzufinden, als Briel, ein gigantisches und b\u00f6sartiges Monster, Naomi entf\u00fchrt! Jetzt, bevor Briel sich der Erde zuwendet, muss Simon Naomi retten, seinen Verrat aufdecken und seinen b\u00f6sen Plan aufdecken! Nimm deine K\u00f6pfe zusammen und nimm die Herausforderung an, Simon dabei zu helfen, sich in diesem erstaunlichen alternativen Universum voller t\u00f6dlicher Tiere, atemberaubender Landschaften und sch\u00e4ndlicher Taten in diesem eigenartigen Wimmelbild-Abenteuerspiel zurechtzufinden!    <\/p>\n<p>&nbsp;<\/p>\n<p>&nbsp;<\/p>\n<p><strong>Funktionen:<\/strong><\/p>\n<p>&#8211; Besch\u00fctze Yonas im Bonusspiel vor Serenas \u00dcbernahme!<br \/>\n&#8211; Mehrere gesammelte Gegenst\u00e4nde, darunter sich verwandelnde Dinge, um mehr \u00fcber dieses faszinierende Universum zu erfahren!<br \/>\n&#8211; Nutze den Strategieleitfaden, um Briel in seinem eigenen Spiel zu schlagen!<br \/>\n&#8211; Herunterladbare Hintergrundmusik und Bilder, um Desktop-Reisen in die andere Welt zu erm\u00f6glichen!<\/p>\n","protected":false},"excerpt":{"rendered":"<p>Labyrinths of the World: The Game of Minds CE entdeckt, dass unter schlimmen Umst\u00e4nden verzweifelte Ma\u00dfnahmen ergriffen werden k\u00f6nnen<\/p>\n","protected":false},"author":17,"featured_media":90469,"comment_status":"open","ping_status":"closed","template":"","meta":{"_acf_changed":false,"inline_featured_image":false},"product_brand":[],"product_cat":[164],"product_tag":[289],"class_list":{"0":"post-134628","1":"product","2":"type-product","3":"status-publish","4":"has-post-thumbnail","6":"product_cat-hidden-object-de","7":"product_tag-play-on-pc-de","9":"first","10":"instock","11":"shipping-taxable","12":"purchasable","13":"product-type-simple"},"acf":[],"yoast_head":"<!-- This site is optimized with the Yoast SEO Premium plugin v25.2 (Yoast SEO v25.2) - https:\/\/yoast.com\/wordpress\/plugins\/seo\/ -->\n<title>Labyrinthe der Welt: Spiel der K\u00f6pfe Sammleredition - Verzweifelte Zeiten, verzweifelte Ma\u00dfnahmen, Escape the Labyrinth<\/title>\n<meta name=\"description\" content=\"Labyrinths of the World: The Game of Minds CE entdeckt, dass unter schlimmen Umst\u00e4nden verzweifelte Ma\u00dfnahmen ergriffen werden k\u00f6nnen\" \/>\n<meta name=\"robots\" content=\"index, follow, max-snippet:-1, max-image-preview:large, max-video-preview:-1\" \/>\n<link rel=\"canonical\" href=\"https:\/\/www.iplay.com\/de\/games\/labyrinths-of-the-world-game-of-minds-collectors-edition\/\" \/>\n<meta property=\"og:locale\" content=\"de_DE\" \/>\n<meta property=\"og:type\" content=\"article\" \/>\n<meta property=\"og:title\" content=\"Labyrinths of the World: Game of Minds Collector&#039;s Edition\" \/>\n<meta property=\"og:description\" content=\"Labyrinths of the World: The Game of Minds CE entdeckt, dass unter schlimmen Umst\u00e4nden verzweifelte Ma\u00dfnahmen ergriffen werden k\u00f6nnen\" \/>\n<meta property=\"og:url\" content=\"https:\/\/www.iplay.com\/de\/games\/labyrinths-of-the-world-game-of-minds-collectors-edition\/\" \/>\n<meta property=\"og:site_name\" content=\"IPlay\" \/>\n<meta property=\"og:image\" content=\"https:\/\/www.iplay.com\/wp-content\/uploads\/2023\/12\/large_square_tile_image-3168.jpg\" \/>\n\t<meta property=\"og:image:width\" content=\"310\" \/>\n\t<meta property=\"og:image:height\" content=\"310\" \/>\n\t<meta property=\"og:image:type\" content=\"image\/jpeg\" \/>\n<meta name=\"twitter:card\" content=\"summary_large_image\" \/>\n<meta name=\"twitter:label1\" content=\"Gesch\u00e4tzte Lesezeit\" \/>\n\t<meta name=\"twitter:data1\" content=\"1 Minute\" \/>\n<script type=\"application\/ld+json\" class=\"yoast-schema-graph\">{\"@context\":\"https:\/\/schema.org\",\"@graph\":[{\"@type\":\"WebPage\",\"@id\":\"https:\/\/www.iplay.com\/de\/games\/labyrinths-of-the-world-game-of-minds-collectors-edition\/\",\"url\":\"https:\/\/www.iplay.com\/de\/games\/labyrinths-of-the-world-game-of-minds-collectors-edition\/\",\"name\":\"Labyrinthe der Welt: Spiel der K\u00f6pfe Sammleredition - Verzweifelte Zeiten, verzweifelte Ma\u00dfnahmen, Escape the Labyrinth\",\"isPartOf\":{\"@id\":\"https:\/\/www.iplay.com\/en\/#website\"},\"primaryImageOfPage\":{\"@id\":\"https:\/\/www.iplay.com\/de\/games\/labyrinths-of-the-world-game-of-minds-collectors-edition\/#primaryimage\"},\"image\":{\"@id\":\"https:\/\/www.iplay.com\/de\/games\/labyrinths-of-the-world-game-of-minds-collectors-edition\/#primaryimage\"},\"thumbnailUrl\":\"https:\/\/www.iplay.com\/wp-content\/uploads\/2023\/12\/large_square_tile_image-3168.jpg\",\"datePublished\":\"2021-12-26T00:00:00+00:00\",\"description\":\"Labyrinths of the World: The Game of Minds CE entdeckt, dass unter schlimmen Umst\u00e4nden verzweifelte Ma\u00dfnahmen ergriffen werden k\u00f6nnen\",\"breadcrumb\":{\"@id\":\"https:\/\/www.iplay.com\/de\/games\/labyrinths-of-the-world-game-of-minds-collectors-edition\/#breadcrumb\"},\"inLanguage\":\"de-DE\",\"potentialAction\":[{\"@type\":\"ReadAction\",\"target\":[\"https:\/\/www.iplay.com\/de\/games\/labyrinths-of-the-world-game-of-minds-collectors-edition\/\"]}]},{\"@type\":\"ImageObject\",\"inLanguage\":\"de-DE\",\"@id\":\"https:\/\/www.iplay.com\/de\/games\/labyrinths-of-the-world-game-of-minds-collectors-edition\/#primaryimage\",\"url\":\"https:\/\/www.iplay.com\/wp-content\/uploads\/2023\/12\/large_square_tile_image-3168.jpg\",\"contentUrl\":\"https:\/\/www.iplay.com\/wp-content\/uploads\/2023\/12\/large_square_tile_image-3168.jpg\",\"width\":310,\"height\":310},{\"@type\":\"BreadcrumbList\",\"@id\":\"https:\/\/www.iplay.com\/de\/games\/labyrinths-of-the-world-game-of-minds-collectors-edition\/#breadcrumb\",\"itemListElement\":[{\"@type\":\"ListItem\",\"position\":1,\"name\":\"Home\",\"item\":\"https:\/\/www.iplay.com\/de\/home-page-2\/\"},{\"@type\":\"ListItem\",\"position\":2,\"name\":\"Shop\",\"item\":\"https:\/\/www.iplay.com\/en\/shop\/\"},{\"@type\":\"ListItem\",\"position\":3,\"name\":\"Labyrinths of the World: Game of Minds Collector&#8217;s Edition\"}]},{\"@type\":\"WebSite\",\"@id\":\"https:\/\/www.iplay.com\/en\/#website\",\"url\":\"https:\/\/www.iplay.com\/en\/\",\"name\":\"IPlay\",\"description\":\"The Best Casual Games!\",\"publisher\":{\"@id\":\"https:\/\/www.iplay.com\/en\/#organization\"},\"potentialAction\":[{\"@type\":\"SearchAction\",\"target\":{\"@type\":\"EntryPoint\",\"urlTemplate\":\"https:\/\/www.iplay.com\/en\/?s={search_term_string}\"},\"query-input\":{\"@type\":\"PropertyValueSpecification\",\"valueRequired\":true,\"valueName\":\"search_term_string\"}}],\"inLanguage\":\"de-DE\"},{\"@type\":\"Organization\",\"@id\":\"https:\/\/www.iplay.com\/en\/#organization\",\"name\":\"IPlay\",\"url\":\"https:\/\/www.iplay.com\/en\/\",\"logo\":{\"@type\":\"ImageObject\",\"inLanguage\":\"de-DE\",\"@id\":\"https:\/\/www.iplay.com\/en\/#\/schema\/logo\/image\/\",\"url\":\"https:\/\/www.iplay.com\/wp-content\/uploads\/2023\/11\/Group-6100.svg\",\"contentUrl\":\"https:\/\/www.iplay.com\/wp-content\/uploads\/2023\/11\/Group-6100.svg\",\"width\":98,\"height\":25,\"caption\":\"IPlay\"},\"image\":{\"@id\":\"https:\/\/www.iplay.com\/en\/#\/schema\/logo\/image\/\"}}]}<\/script>\n<!-- \/ Yoast SEO Premium plugin. -->","yoast_head_json":{"title":"Labyrinthe der Welt: Spiel der K\u00f6pfe Sammleredition - Verzweifelte Zeiten, verzweifelte Ma\u00dfnahmen, Escape the Labyrinth","description":"Labyrinths of the World: The Game of Minds CE entdeckt, dass unter schlimmen Umst\u00e4nden verzweifelte Ma\u00dfnahmen ergriffen werden k\u00f6nnen","robots":{"index":"index","follow":"follow","max-snippet":"max-snippet:-1","max-image-preview":"max-image-preview:large","max-video-preview":"max-video-preview:-1"},"canonical":"https:\/\/www.iplay.com\/de\/games\/labyrinths-of-the-world-game-of-minds-collectors-edition\/","og_locale":"de_DE","og_type":"article","og_title":"Labyrinths of the World: Game of Minds Collector's Edition","og_description":"Labyrinths of the World: The Game of Minds CE entdeckt, dass unter schlimmen Umst\u00e4nden verzweifelte Ma\u00dfnahmen ergriffen werden k\u00f6nnen","og_url":"https:\/\/www.iplay.com\/de\/games\/labyrinths-of-the-world-game-of-minds-collectors-edition\/","og_site_name":"IPlay","og_image":[{"width":310,"height":310,"url":"https:\/\/www.iplay.com\/wp-content\/uploads\/2023\/12\/large_square_tile_image-3168.jpg","type":"image\/jpeg"}],"twitter_card":"summary_large_image","twitter_misc":{"Gesch\u00e4tzte Lesezeit":"1 Minute"},"schema":{"@context":"https:\/\/schema.org","@graph":[{"@type":"WebPage","@id":"https:\/\/www.iplay.com\/de\/games\/labyrinths-of-the-world-game-of-minds-collectors-edition\/","url":"https:\/\/www.iplay.com\/de\/games\/labyrinths-of-the-world-game-of-minds-collectors-edition\/","name":"Labyrinthe der Welt: Spiel der K\u00f6pfe Sammleredition - Verzweifelte Zeiten, verzweifelte Ma\u00dfnahmen, Escape the Labyrinth","isPartOf":{"@id":"https:\/\/www.iplay.com\/en\/#website"},"primaryImageOfPage":{"@id":"https:\/\/www.iplay.com\/de\/games\/labyrinths-of-the-world-game-of-minds-collectors-edition\/#primaryimage"},"image":{"@id":"https:\/\/www.iplay.com\/de\/games\/labyrinths-of-the-world-game-of-minds-collectors-edition\/#primaryimage"},"thumbnailUrl":"https:\/\/www.iplay.com\/wp-content\/uploads\/2023\/12\/large_square_tile_image-3168.jpg","datePublished":"2021-12-26T00:00:00+00:00","description":"Labyrinths of the World: The Game of Minds CE entdeckt, dass unter schlimmen Umst\u00e4nden verzweifelte Ma\u00dfnahmen ergriffen werden k\u00f6nnen","breadcrumb":{"@id":"https:\/\/www.iplay.com\/de\/games\/labyrinths-of-the-world-game-of-minds-collectors-edition\/#breadcrumb"},"inLanguage":"de-DE","potentialAction":[{"@type":"ReadAction","target":["https:\/\/www.iplay.com\/de\/games\/labyrinths-of-the-world-game-of-minds-collectors-edition\/"]}]},{"@type":"ImageObject","inLanguage":"de-DE","@id":"https:\/\/www.iplay.com\/de\/games\/labyrinths-of-the-world-game-of-minds-collectors-edition\/#primaryimage","url":"https:\/\/www.iplay.com\/wp-content\/uploads\/2023\/12\/large_square_tile_image-3168.jpg","contentUrl":"https:\/\/www.iplay.com\/wp-content\/uploads\/2023\/12\/large_square_tile_image-3168.jpg","width":310,"height":310},{"@type":"BreadcrumbList","@id":"https:\/\/www.iplay.com\/de\/games\/labyrinths-of-the-world-game-of-minds-collectors-edition\/#breadcrumb","itemListElement":[{"@type":"ListItem","position":1,"name":"Home","item":"https:\/\/www.iplay.com\/de\/home-page-2\/"},{"@type":"ListItem","position":2,"name":"Shop","item":"https:\/\/www.iplay.com\/en\/shop\/"},{"@type":"ListItem","position":3,"name":"Labyrinths of the World: Game of Minds Collector&#8217;s Edition"}]},{"@type":"WebSite","@id":"https:\/\/www.iplay.com\/en\/#website","url":"https:\/\/www.iplay.com\/en\/","name":"IPlay","description":"The Best Casual Games!","publisher":{"@id":"https:\/\/www.iplay.com\/en\/#organization"},"potentialAction":[{"@type":"SearchAction","target":{"@type":"EntryPoint","urlTemplate":"https:\/\/www.iplay.com\/en\/?s={search_term_string}"},"query-input":{"@type":"PropertyValueSpecification","valueRequired":true,"valueName":"search_term_string"}}],"inLanguage":"de-DE"},{"@type":"Organization","@id":"https:\/\/www.iplay.com\/en\/#organization","name":"IPlay","url":"https:\/\/www.iplay.com\/en\/","logo":{"@type":"ImageObject","inLanguage":"de-DE","@id":"https:\/\/www.iplay.com\/en\/#\/schema\/logo\/image\/","url":"https:\/\/www.iplay.com\/wp-content\/uploads\/2023\/11\/Group-6100.svg","contentUrl":"https:\/\/www.iplay.com\/wp-content\/uploads\/2023\/11\/Group-6100.svg","width":98,"height":25,"caption":"IPlay"},"image":{"@id":"https:\/\/www.iplay.com\/en\/#\/schema\/logo\/image\/"}}]}},"_links":{"self":[{"href":"https:\/\/www.iplay.com\/de\/wp-json\/wp\/v2\/product\/134628","targetHints":{"allow":["GET"]}}],"collection":[{"href":"https:\/\/www.iplay.com\/de\/wp-json\/wp\/v2\/product"}],"about":[{"href":"https:\/\/www.iplay.com\/de\/wp-json\/wp\/v2\/types\/product"}],"author":[{"embeddable":true,"href":"https:\/\/www.iplay.com\/de\/wp-json\/wp\/v2\/users\/17"}],"replies":[{"embeddable":true,"href":"https:\/\/www.iplay.com\/de\/wp-json\/wp\/v2\/comments?post=134628"}],"wp:featuredmedia":[{"embeddable":true,"href":"https:\/\/www.iplay.com\/de\/wp-json\/wp\/v2\/media\/90469"}],"wp:attachment":[{"href":"https:\/\/www.iplay.com\/de\/wp-json\/wp\/v2\/media?parent=134628"}],"wp:term":[{"taxonomy":"product_brand","embeddable":true,"href":"https:\/\/www.iplay.com\/de\/wp-json\/wp\/v2\/product_brand?post=134628"},{"taxonomy":"product_cat","embeddable":true,"href":"https:\/\/www.iplay.com\/de\/wp-json\/wp\/v2\/product_cat?post=134628"},{"taxonomy":"product_tag","embeddable":true,"href":"https:\/\/www.iplay.com\/de\/wp-json\/wp\/v2\/product_tag?post=134628"}],"curies":[{"name":"wp","href":"https:\/\/api.w.org\/{rel}","templated":true}]}}