{"id":134604,"date":"2022-02-04T00:00:00","date_gmt":"2022-02-04T00:00:00","guid":{"rendered":"https:\/\/www.iplay.com\/games\/chimeras-what-wishes-may-come-collectors-edition\/"},"modified":"2022-02-04T00:00:00","modified_gmt":"2022-02-04T00:00:00","slug":"chimeras-what-wishes-may-come-collectors-edition","status":"publish","type":"product","link":"https:\/\/www.iplay.com\/de\/games\/chimeras-what-wishes-may-come-collectors-edition\/","title":{"rendered":"Chimeras: What Wishes May Come Collector&#8217;s Edition"},"content":{"rendered":"<p>Diese brandneue Geschichte \u00fcber Leid und Betrug hei\u00dft Chimeras: What Wishes May Come &#8211; Collector&#8217;s Edition. Derek Pierce glaubt, dass er den Unfall verursacht hat, der seine Frau bewusstlos machte. Obwohl sein Unterst\u00fctzungssystem hilfreich war, w\u00fcrde er alles geben, um Christina l\u00e4chelnd und wieder wach zu sehen. Derek wird jedoch eine sehr wichtige Lektion dar\u00fcber erhalten, wie wichtig es ist, auf das zu achten, was man sich w\u00fcnscht. Als eines Nachts eine seltsame, geist\u00e4hnliche Gestalt mit einem seltenen Angebot auf Derek zukommt, sieht er eine M\u00f6glichkeit, die Dinge wieder in Ordnung zu bringen, aber er denkt nicht dar\u00fcber nach, was er aufgeben muss, um seinen Wunsch zu erf\u00fcllen. Jetzt, bevor das Ding zum Sammeln kommt, befindet sich Derek in einem Wettlauf gegen die Zeit, um herauszufinden, woher es kommt und was seine wirklichen Ziele sind!     <\/p>\n<p>&nbsp;<\/p>\n<p>&nbsp;<\/p>\n<p><strong>Funktionen:<\/strong><\/p>\n<p>&nbsp;<\/p>\n<p>&#8211; Im Bonuskapitel kannst du einen antiquierten Brauch umkehren, um Robert zu retten!<\/p>\n<p>&#8211; Sammle alle Karten und Puzzleteile und nimm dann an der historischen Weisheit teil!<\/p>\n<p>&#8211; Nutze den offiziellen Strategieleitfaden, um den b\u00f6sen Dschinn zu \u00fcberlisten!<\/p>\n<p>&#8211; Laden Sie sch\u00f6ne Hintergr\u00fcnde und einen Ohrwurm herunter!<\/p>\n","protected":false},"excerpt":{"rendered":"<p>Ein verzweifelter Ehemann versucht alles in seiner Macht stehende, um seine Frau zu behalten!<\/p>\n","protected":false},"author":17,"featured_media":90517,"comment_status":"open","ping_status":"closed","template":"","meta":{"_acf_changed":false,"inline_featured_image":false},"product_brand":[],"product_cat":[164],"product_tag":[289],"class_list":{"0":"post-134604","1":"product","2":"type-product","3":"status-publish","4":"has-post-thumbnail","6":"product_cat-hidden-object-de","7":"product_tag-play-on-pc-de","9":"first","10":"instock","11":"shipping-taxable","12":"purchasable","13":"product-type-simple"},"acf":[],"yoast_head":"<!-- This site is optimized with the Yoast SEO Premium plugin v25.2 (Yoast SEO v25.2) - https:\/\/yoast.com\/wordpress\/plugins\/seo\/ -->\n<title>Chimeras: What Wishes May Come Collector&#039;s Edition - Ein Ehemann unternimmt einen letzten Versuch, seine Frau zu retten<\/title>\n<meta name=\"description\" content=\"Ein verzweifelter Ehemann versucht alles in seiner Macht stehende, um seine Frau zu behalten!\" \/>\n<meta name=\"robots\" content=\"index, follow, max-snippet:-1, max-image-preview:large, max-video-preview:-1\" \/>\n<link rel=\"canonical\" href=\"https:\/\/www.iplay.com\/de\/games\/chimeras-what-wishes-may-come-collectors-edition\/\" \/>\n<meta property=\"og:locale\" content=\"de_DE\" \/>\n<meta property=\"og:type\" content=\"article\" \/>\n<meta property=\"og:title\" content=\"Chimeras: What Wishes May Come Collector&#039;s Edition\" \/>\n<meta property=\"og:description\" content=\"Ein verzweifelter Ehemann versucht alles in seiner Macht stehende, um seine Frau zu behalten!\" \/>\n<meta property=\"og:url\" content=\"https:\/\/www.iplay.com\/de\/games\/chimeras-what-wishes-may-come-collectors-edition\/\" \/>\n<meta property=\"og:site_name\" content=\"IPlay\" \/>\n<meta property=\"og:image\" content=\"https:\/\/www.iplay.com\/wp-content\/uploads\/2023\/12\/large_square_tile_image-3171.jpg\" \/>\n\t<meta property=\"og:image:width\" content=\"310\" \/>\n\t<meta property=\"og:image:height\" content=\"310\" \/>\n\t<meta property=\"og:image:type\" content=\"image\/jpeg\" \/>\n<meta name=\"twitter:card\" content=\"summary_large_image\" \/>\n<meta name=\"twitter:label1\" content=\"Gesch\u00e4tzte Lesezeit\" \/>\n\t<meta name=\"twitter:data1\" content=\"1 Minute\" \/>\n<script type=\"application\/ld+json\" class=\"yoast-schema-graph\">{\"@context\":\"https:\/\/schema.org\",\"@graph\":[{\"@type\":\"WebPage\",\"@id\":\"https:\/\/www.iplay.com\/de\/games\/chimeras-what-wishes-may-come-collectors-edition\/\",\"url\":\"https:\/\/www.iplay.com\/de\/games\/chimeras-what-wishes-may-come-collectors-edition\/\",\"name\":\"Chimeras: What Wishes May Come Collector's Edition - Ein Ehemann unternimmt einen letzten Versuch, seine Frau zu retten\",\"isPartOf\":{\"@id\":\"https:\/\/www.iplay.com\/en\/#website\"},\"primaryImageOfPage\":{\"@id\":\"https:\/\/www.iplay.com\/de\/games\/chimeras-what-wishes-may-come-collectors-edition\/#primaryimage\"},\"image\":{\"@id\":\"https:\/\/www.iplay.com\/de\/games\/chimeras-what-wishes-may-come-collectors-edition\/#primaryimage\"},\"thumbnailUrl\":\"https:\/\/www.iplay.com\/wp-content\/uploads\/2023\/12\/large_square_tile_image-3171.jpg\",\"datePublished\":\"2022-02-04T00:00:00+00:00\",\"description\":\"Ein verzweifelter Ehemann versucht alles in seiner Macht stehende, um seine Frau zu behalten!\",\"breadcrumb\":{\"@id\":\"https:\/\/www.iplay.com\/de\/games\/chimeras-what-wishes-may-come-collectors-edition\/#breadcrumb\"},\"inLanguage\":\"de-DE\",\"potentialAction\":[{\"@type\":\"ReadAction\",\"target\":[\"https:\/\/www.iplay.com\/de\/games\/chimeras-what-wishes-may-come-collectors-edition\/\"]}]},{\"@type\":\"ImageObject\",\"inLanguage\":\"de-DE\",\"@id\":\"https:\/\/www.iplay.com\/de\/games\/chimeras-what-wishes-may-come-collectors-edition\/#primaryimage\",\"url\":\"https:\/\/www.iplay.com\/wp-content\/uploads\/2023\/12\/large_square_tile_image-3171.jpg\",\"contentUrl\":\"https:\/\/www.iplay.com\/wp-content\/uploads\/2023\/12\/large_square_tile_image-3171.jpg\",\"width\":310,\"height\":310},{\"@type\":\"BreadcrumbList\",\"@id\":\"https:\/\/www.iplay.com\/de\/games\/chimeras-what-wishes-may-come-collectors-edition\/#breadcrumb\",\"itemListElement\":[{\"@type\":\"ListItem\",\"position\":1,\"name\":\"Home\",\"item\":\"https:\/\/www.iplay.com\/de\/home-page-2\/\"},{\"@type\":\"ListItem\",\"position\":2,\"name\":\"Shop\",\"item\":\"https:\/\/www.iplay.com\/en\/shop\/\"},{\"@type\":\"ListItem\",\"position\":3,\"name\":\"Chimeras: What Wishes May Come Collector&#8217;s Edition\"}]},{\"@type\":\"WebSite\",\"@id\":\"https:\/\/www.iplay.com\/en\/#website\",\"url\":\"https:\/\/www.iplay.com\/en\/\",\"name\":\"IPlay\",\"description\":\"The Best Casual Games!\",\"publisher\":{\"@id\":\"https:\/\/www.iplay.com\/en\/#organization\"},\"potentialAction\":[{\"@type\":\"SearchAction\",\"target\":{\"@type\":\"EntryPoint\",\"urlTemplate\":\"https:\/\/www.iplay.com\/en\/?s={search_term_string}\"},\"query-input\":{\"@type\":\"PropertyValueSpecification\",\"valueRequired\":true,\"valueName\":\"search_term_string\"}}],\"inLanguage\":\"de-DE\"},{\"@type\":\"Organization\",\"@id\":\"https:\/\/www.iplay.com\/en\/#organization\",\"name\":\"IPlay\",\"url\":\"https:\/\/www.iplay.com\/en\/\",\"logo\":{\"@type\":\"ImageObject\",\"inLanguage\":\"de-DE\",\"@id\":\"https:\/\/www.iplay.com\/en\/#\/schema\/logo\/image\/\",\"url\":\"https:\/\/www.iplay.com\/wp-content\/uploads\/2023\/11\/Group-6100.svg\",\"contentUrl\":\"https:\/\/www.iplay.com\/wp-content\/uploads\/2023\/11\/Group-6100.svg\",\"width\":98,\"height\":25,\"caption\":\"IPlay\"},\"image\":{\"@id\":\"https:\/\/www.iplay.com\/en\/#\/schema\/logo\/image\/\"}}]}<\/script>\n<!-- \/ Yoast SEO Premium plugin. -->","yoast_head_json":{"title":"Chimeras: What Wishes May Come Collector's Edition - Ein Ehemann unternimmt einen letzten Versuch, seine Frau zu retten","description":"Ein verzweifelter Ehemann versucht alles in seiner Macht stehende, um seine Frau zu behalten!","robots":{"index":"index","follow":"follow","max-snippet":"max-snippet:-1","max-image-preview":"max-image-preview:large","max-video-preview":"max-video-preview:-1"},"canonical":"https:\/\/www.iplay.com\/de\/games\/chimeras-what-wishes-may-come-collectors-edition\/","og_locale":"de_DE","og_type":"article","og_title":"Chimeras: What Wishes May Come Collector's Edition","og_description":"Ein verzweifelter Ehemann versucht alles in seiner Macht stehende, um seine Frau zu behalten!","og_url":"https:\/\/www.iplay.com\/de\/games\/chimeras-what-wishes-may-come-collectors-edition\/","og_site_name":"IPlay","og_image":[{"width":310,"height":310,"url":"https:\/\/www.iplay.com\/wp-content\/uploads\/2023\/12\/large_square_tile_image-3171.jpg","type":"image\/jpeg"}],"twitter_card":"summary_large_image","twitter_misc":{"Gesch\u00e4tzte Lesezeit":"1 Minute"},"schema":{"@context":"https:\/\/schema.org","@graph":[{"@type":"WebPage","@id":"https:\/\/www.iplay.com\/de\/games\/chimeras-what-wishes-may-come-collectors-edition\/","url":"https:\/\/www.iplay.com\/de\/games\/chimeras-what-wishes-may-come-collectors-edition\/","name":"Chimeras: What Wishes May Come Collector's Edition - Ein Ehemann unternimmt einen letzten Versuch, seine Frau zu retten","isPartOf":{"@id":"https:\/\/www.iplay.com\/en\/#website"},"primaryImageOfPage":{"@id":"https:\/\/www.iplay.com\/de\/games\/chimeras-what-wishes-may-come-collectors-edition\/#primaryimage"},"image":{"@id":"https:\/\/www.iplay.com\/de\/games\/chimeras-what-wishes-may-come-collectors-edition\/#primaryimage"},"thumbnailUrl":"https:\/\/www.iplay.com\/wp-content\/uploads\/2023\/12\/large_square_tile_image-3171.jpg","datePublished":"2022-02-04T00:00:00+00:00","description":"Ein verzweifelter Ehemann versucht alles in seiner Macht stehende, um seine Frau zu behalten!","breadcrumb":{"@id":"https:\/\/www.iplay.com\/de\/games\/chimeras-what-wishes-may-come-collectors-edition\/#breadcrumb"},"inLanguage":"de-DE","potentialAction":[{"@type":"ReadAction","target":["https:\/\/www.iplay.com\/de\/games\/chimeras-what-wishes-may-come-collectors-edition\/"]}]},{"@type":"ImageObject","inLanguage":"de-DE","@id":"https:\/\/www.iplay.com\/de\/games\/chimeras-what-wishes-may-come-collectors-edition\/#primaryimage","url":"https:\/\/www.iplay.com\/wp-content\/uploads\/2023\/12\/large_square_tile_image-3171.jpg","contentUrl":"https:\/\/www.iplay.com\/wp-content\/uploads\/2023\/12\/large_square_tile_image-3171.jpg","width":310,"height":310},{"@type":"BreadcrumbList","@id":"https:\/\/www.iplay.com\/de\/games\/chimeras-what-wishes-may-come-collectors-edition\/#breadcrumb","itemListElement":[{"@type":"ListItem","position":1,"name":"Home","item":"https:\/\/www.iplay.com\/de\/home-page-2\/"},{"@type":"ListItem","position":2,"name":"Shop","item":"https:\/\/www.iplay.com\/en\/shop\/"},{"@type":"ListItem","position":3,"name":"Chimeras: What Wishes May Come Collector&#8217;s Edition"}]},{"@type":"WebSite","@id":"https:\/\/www.iplay.com\/en\/#website","url":"https:\/\/www.iplay.com\/en\/","name":"IPlay","description":"The Best Casual Games!","publisher":{"@id":"https:\/\/www.iplay.com\/en\/#organization"},"potentialAction":[{"@type":"SearchAction","target":{"@type":"EntryPoint","urlTemplate":"https:\/\/www.iplay.com\/en\/?s={search_term_string}"},"query-input":{"@type":"PropertyValueSpecification","valueRequired":true,"valueName":"search_term_string"}}],"inLanguage":"de-DE"},{"@type":"Organization","@id":"https:\/\/www.iplay.com\/en\/#organization","name":"IPlay","url":"https:\/\/www.iplay.com\/en\/","logo":{"@type":"ImageObject","inLanguage":"de-DE","@id":"https:\/\/www.iplay.com\/en\/#\/schema\/logo\/image\/","url":"https:\/\/www.iplay.com\/wp-content\/uploads\/2023\/11\/Group-6100.svg","contentUrl":"https:\/\/www.iplay.com\/wp-content\/uploads\/2023\/11\/Group-6100.svg","width":98,"height":25,"caption":"IPlay"},"image":{"@id":"https:\/\/www.iplay.com\/en\/#\/schema\/logo\/image\/"}}]}},"_links":{"self":[{"href":"https:\/\/www.iplay.com\/de\/wp-json\/wp\/v2\/product\/134604","targetHints":{"allow":["GET"]}}],"collection":[{"href":"https:\/\/www.iplay.com\/de\/wp-json\/wp\/v2\/product"}],"about":[{"href":"https:\/\/www.iplay.com\/de\/wp-json\/wp\/v2\/types\/product"}],"author":[{"embeddable":true,"href":"https:\/\/www.iplay.com\/de\/wp-json\/wp\/v2\/users\/17"}],"replies":[{"embeddable":true,"href":"https:\/\/www.iplay.com\/de\/wp-json\/wp\/v2\/comments?post=134604"}],"wp:featuredmedia":[{"embeddable":true,"href":"https:\/\/www.iplay.com\/de\/wp-json\/wp\/v2\/media\/90517"}],"wp:attachment":[{"href":"https:\/\/www.iplay.com\/de\/wp-json\/wp\/v2\/media?parent=134604"}],"wp:term":[{"taxonomy":"product_brand","embeddable":true,"href":"https:\/\/www.iplay.com\/de\/wp-json\/wp\/v2\/product_brand?post=134604"},{"taxonomy":"product_cat","embeddable":true,"href":"https:\/\/www.iplay.com\/de\/wp-json\/wp\/v2\/product_cat?post=134604"},{"taxonomy":"product_tag","embeddable":true,"href":"https:\/\/www.iplay.com\/de\/wp-json\/wp\/v2\/product_tag?post=134604"}],"curies":[{"name":"wp","href":"https:\/\/api.w.org\/{rel}","templated":true}]}}