{"id":134597,"date":"2022-02-16T00:00:00","date_gmt":"2022-02-16T00:00:00","guid":{"rendered":"https:\/\/www.iplay.com\/games\/myth-or-reality-fairy-lands-collectors-edition\/"},"modified":"2022-02-16T00:00:00","modified_gmt":"2022-02-16T00:00:00","slug":"myth-or-reality-fairy-lands-collectors-edition","status":"publish","type":"product","link":"https:\/\/www.iplay.com\/de\/games\/myth-or-reality-fairy-lands-collectors-edition\/","title":{"rendered":"Myth Or Reality: Fairy Lands Collector&#8217;s Edition"},"content":{"rendered":"<p>Freuen Sie sich auf den ersten Teil von Myth or Reality: Fairy Lands, einer brandneuen Serie! Hier hast du die Chance, in die Rolle eines renommierten Ermittlers zu schl\u00fcpfen, der ein H\u00e4ndchen daf\u00fcr hat, die Wahrheit hinter Volksm\u00e4rchen und Mythen zu entdecken! Sobald man gebeten wird, einer Reihe von ungew\u00f6hnlichen Verschwinden und noch seltsameren Geschichten von den Einheimischen, dem Oberhaupt einer abgelegenen englischen Gemeinde, nachzugehen, merkt man, dass sich im benachbarten Wald etwas Seltsames verbirgt. Doch was ist das, was begehrt es, und vor allem, wer verbirgt den wahren Grund hinter dem R\u00e4tsel der Feen? Um das herauszufinden, musst du deine Gerissenheit verfeinern und dich auf ein mysteri\u00f6ses Geheimnis gefasst machen, das deine F\u00e4higkeiten in diesem brandneuen Wimmelbild-Abenteuerspiel auf die Probe stellen wird! Nimm die Herausforderung an, das Geheimnis des Verschwindens der Feen im Bonusspiel zu l\u00fcften!     <\/p>\n<p>&nbsp;<\/p>\n<p>&nbsp;<\/p>\n<p><strong>  Funktionen:<\/strong><\/p>\n<p>&#8211; Schm\u00fccke die Residenz der Feenk\u00f6nigin!<\/p>\n<p>&#8211; Zus\u00e4tzliche Sammlerst\u00fccke zum Entdecken, wie z. B. Objekte, die sich \u00e4ndern k\u00f6nnen!<\/p>\n<p>&#8211; Taktisches Handbuch, das Ihnen hilft, die Wahrheit aufzudecken!<br \/>\n&#8211; Herunterladbarer Soundtrack und Hintergrundbilder!<\/p>\n","protected":false},"excerpt":{"rendered":"<p>Freuen Sie sich auf den ersten Teil von Myth or Reality: Fairy Lands, einer brandneuen Serie!<\/p>\n","protected":false},"author":52,"featured_media":77865,"comment_status":"open","ping_status":"closed","template":"","meta":{"_acf_changed":false,"inline_featured_image":false},"product_brand":[],"product_cat":[164],"product_tag":[289],"class_list":{"0":"post-134597","1":"product","2":"type-product","3":"status-publish","4":"has-post-thumbnail","6":"product_cat-hidden-object-de","7":"product_tag-play-on-pc-de","9":"first","10":"instock","11":"shipping-taxable","12":"purchasable","13":"product-type-simple"},"acf":[],"yoast_head":"<!-- This site is optimized with the Yoast SEO Premium plugin v25.2 (Yoast SEO v25.2) - https:\/\/yoast.com\/wordpress\/plugins\/seo\/ -->\n<title>Mythos oder Realit\u00e4t: Fairy Lands Sammleredition - Genie\u00dfen Sie Myth or Reality: Fairy Lands, den ersten Teil einer neuen Serie<\/title>\n<meta name=\"description\" content=\"Freuen Sie sich auf den ersten Teil von Myth or Reality: Fairy Lands, einer brandneuen Serie!\" \/>\n<meta name=\"robots\" content=\"index, follow, max-snippet:-1, max-image-preview:large, max-video-preview:-1\" \/>\n<link rel=\"canonical\" href=\"https:\/\/www.iplay.com\/de\/games\/myth-or-reality-fairy-lands-collectors-edition\/\" \/>\n<meta property=\"og:locale\" content=\"de_DE\" \/>\n<meta property=\"og:type\" content=\"article\" \/>\n<meta property=\"og:title\" content=\"Myth Or Reality: Fairy Lands Collector&#039;s Edition\" \/>\n<meta property=\"og:description\" content=\"Freuen Sie sich auf den ersten Teil von Myth or Reality: Fairy Lands, einer brandneuen Serie!\" \/>\n<meta property=\"og:url\" content=\"https:\/\/www.iplay.com\/de\/games\/myth-or-reality-fairy-lands-collectors-edition\/\" \/>\n<meta property=\"og:site_name\" content=\"IPlay\" \/>\n<meta property=\"og:image\" content=\"https:\/\/www.iplay.com\/wp-content\/uploads\/2023\/12\/large_square_tile_image-2364.jpg\" \/>\n\t<meta property=\"og:image:width\" content=\"310\" \/>\n\t<meta property=\"og:image:height\" content=\"310\" \/>\n\t<meta property=\"og:image:type\" content=\"image\/jpeg\" \/>\n<meta name=\"twitter:card\" content=\"summary_large_image\" \/>\n<meta name=\"twitter:label1\" content=\"Gesch\u00e4tzte Lesezeit\" \/>\n\t<meta name=\"twitter:data1\" content=\"1 Minute\" \/>\n<script type=\"application\/ld+json\" class=\"yoast-schema-graph\">{\"@context\":\"https:\/\/schema.org\",\"@graph\":[{\"@type\":\"WebPage\",\"@id\":\"https:\/\/www.iplay.com\/de\/games\/myth-or-reality-fairy-lands-collectors-edition\/\",\"url\":\"https:\/\/www.iplay.com\/de\/games\/myth-or-reality-fairy-lands-collectors-edition\/\",\"name\":\"Mythos oder Realit\u00e4t: Fairy Lands Sammleredition - Genie\u00dfen Sie Myth or Reality: Fairy Lands, den ersten Teil einer neuen Serie\",\"isPartOf\":{\"@id\":\"https:\/\/www.iplay.com\/en\/#website\"},\"primaryImageOfPage\":{\"@id\":\"https:\/\/www.iplay.com\/de\/games\/myth-or-reality-fairy-lands-collectors-edition\/#primaryimage\"},\"image\":{\"@id\":\"https:\/\/www.iplay.com\/de\/games\/myth-or-reality-fairy-lands-collectors-edition\/#primaryimage\"},\"thumbnailUrl\":\"https:\/\/www.iplay.com\/wp-content\/uploads\/2023\/12\/large_square_tile_image-2364.jpg\",\"datePublished\":\"2022-02-16T00:00:00+00:00\",\"description\":\"Freuen Sie sich auf den ersten Teil von Myth or Reality: Fairy Lands, einer brandneuen Serie!\",\"breadcrumb\":{\"@id\":\"https:\/\/www.iplay.com\/de\/games\/myth-or-reality-fairy-lands-collectors-edition\/#breadcrumb\"},\"inLanguage\":\"de-DE\",\"potentialAction\":[{\"@type\":\"ReadAction\",\"target\":[\"https:\/\/www.iplay.com\/de\/games\/myth-or-reality-fairy-lands-collectors-edition\/\"]}]},{\"@type\":\"ImageObject\",\"inLanguage\":\"de-DE\",\"@id\":\"https:\/\/www.iplay.com\/de\/games\/myth-or-reality-fairy-lands-collectors-edition\/#primaryimage\",\"url\":\"https:\/\/www.iplay.com\/wp-content\/uploads\/2023\/12\/large_square_tile_image-2364.jpg\",\"contentUrl\":\"https:\/\/www.iplay.com\/wp-content\/uploads\/2023\/12\/large_square_tile_image-2364.jpg\",\"width\":310,\"height\":310},{\"@type\":\"BreadcrumbList\",\"@id\":\"https:\/\/www.iplay.com\/de\/games\/myth-or-reality-fairy-lands-collectors-edition\/#breadcrumb\",\"itemListElement\":[{\"@type\":\"ListItem\",\"position\":1,\"name\":\"Home\",\"item\":\"https:\/\/www.iplay.com\/de\/home-page-2\/\"},{\"@type\":\"ListItem\",\"position\":2,\"name\":\"Shop\",\"item\":\"https:\/\/www.iplay.com\/en\/shop\/\"},{\"@type\":\"ListItem\",\"position\":3,\"name\":\"Myth Or Reality: Fairy Lands Collector&#8217;s Edition\"}]},{\"@type\":\"WebSite\",\"@id\":\"https:\/\/www.iplay.com\/en\/#website\",\"url\":\"https:\/\/www.iplay.com\/en\/\",\"name\":\"IPlay\",\"description\":\"The Best Casual Games!\",\"publisher\":{\"@id\":\"https:\/\/www.iplay.com\/en\/#organization\"},\"potentialAction\":[{\"@type\":\"SearchAction\",\"target\":{\"@type\":\"EntryPoint\",\"urlTemplate\":\"https:\/\/www.iplay.com\/en\/?s={search_term_string}\"},\"query-input\":{\"@type\":\"PropertyValueSpecification\",\"valueRequired\":true,\"valueName\":\"search_term_string\"}}],\"inLanguage\":\"de-DE\"},{\"@type\":\"Organization\",\"@id\":\"https:\/\/www.iplay.com\/en\/#organization\",\"name\":\"IPlay\",\"url\":\"https:\/\/www.iplay.com\/en\/\",\"logo\":{\"@type\":\"ImageObject\",\"inLanguage\":\"de-DE\",\"@id\":\"https:\/\/www.iplay.com\/en\/#\/schema\/logo\/image\/\",\"url\":\"https:\/\/www.iplay.com\/wp-content\/uploads\/2023\/11\/Group-6100.svg\",\"contentUrl\":\"https:\/\/www.iplay.com\/wp-content\/uploads\/2023\/11\/Group-6100.svg\",\"width\":98,\"height\":25,\"caption\":\"IPlay\"},\"image\":{\"@id\":\"https:\/\/www.iplay.com\/en\/#\/schema\/logo\/image\/\"}}]}<\/script>\n<!-- \/ Yoast SEO Premium plugin. -->","yoast_head_json":{"title":"Mythos oder Realit\u00e4t: Fairy Lands Sammleredition - Genie\u00dfen Sie Myth or Reality: Fairy Lands, den ersten Teil einer neuen Serie","description":"Freuen Sie sich auf den ersten Teil von Myth or Reality: Fairy Lands, einer brandneuen Serie!","robots":{"index":"index","follow":"follow","max-snippet":"max-snippet:-1","max-image-preview":"max-image-preview:large","max-video-preview":"max-video-preview:-1"},"canonical":"https:\/\/www.iplay.com\/de\/games\/myth-or-reality-fairy-lands-collectors-edition\/","og_locale":"de_DE","og_type":"article","og_title":"Myth Or Reality: Fairy Lands Collector's Edition","og_description":"Freuen Sie sich auf den ersten Teil von Myth or Reality: Fairy Lands, einer brandneuen Serie!","og_url":"https:\/\/www.iplay.com\/de\/games\/myth-or-reality-fairy-lands-collectors-edition\/","og_site_name":"IPlay","og_image":[{"width":310,"height":310,"url":"https:\/\/www.iplay.com\/wp-content\/uploads\/2023\/12\/large_square_tile_image-2364.jpg","type":"image\/jpeg"}],"twitter_card":"summary_large_image","twitter_misc":{"Gesch\u00e4tzte Lesezeit":"1 Minute"},"schema":{"@context":"https:\/\/schema.org","@graph":[{"@type":"WebPage","@id":"https:\/\/www.iplay.com\/de\/games\/myth-or-reality-fairy-lands-collectors-edition\/","url":"https:\/\/www.iplay.com\/de\/games\/myth-or-reality-fairy-lands-collectors-edition\/","name":"Mythos oder Realit\u00e4t: Fairy Lands Sammleredition - Genie\u00dfen Sie Myth or Reality: Fairy Lands, den ersten Teil einer neuen Serie","isPartOf":{"@id":"https:\/\/www.iplay.com\/en\/#website"},"primaryImageOfPage":{"@id":"https:\/\/www.iplay.com\/de\/games\/myth-or-reality-fairy-lands-collectors-edition\/#primaryimage"},"image":{"@id":"https:\/\/www.iplay.com\/de\/games\/myth-or-reality-fairy-lands-collectors-edition\/#primaryimage"},"thumbnailUrl":"https:\/\/www.iplay.com\/wp-content\/uploads\/2023\/12\/large_square_tile_image-2364.jpg","datePublished":"2022-02-16T00:00:00+00:00","description":"Freuen Sie sich auf den ersten Teil von Myth or Reality: Fairy Lands, einer brandneuen Serie!","breadcrumb":{"@id":"https:\/\/www.iplay.com\/de\/games\/myth-or-reality-fairy-lands-collectors-edition\/#breadcrumb"},"inLanguage":"de-DE","potentialAction":[{"@type":"ReadAction","target":["https:\/\/www.iplay.com\/de\/games\/myth-or-reality-fairy-lands-collectors-edition\/"]}]},{"@type":"ImageObject","inLanguage":"de-DE","@id":"https:\/\/www.iplay.com\/de\/games\/myth-or-reality-fairy-lands-collectors-edition\/#primaryimage","url":"https:\/\/www.iplay.com\/wp-content\/uploads\/2023\/12\/large_square_tile_image-2364.jpg","contentUrl":"https:\/\/www.iplay.com\/wp-content\/uploads\/2023\/12\/large_square_tile_image-2364.jpg","width":310,"height":310},{"@type":"BreadcrumbList","@id":"https:\/\/www.iplay.com\/de\/games\/myth-or-reality-fairy-lands-collectors-edition\/#breadcrumb","itemListElement":[{"@type":"ListItem","position":1,"name":"Home","item":"https:\/\/www.iplay.com\/de\/home-page-2\/"},{"@type":"ListItem","position":2,"name":"Shop","item":"https:\/\/www.iplay.com\/en\/shop\/"},{"@type":"ListItem","position":3,"name":"Myth Or Reality: Fairy Lands Collector&#8217;s Edition"}]},{"@type":"WebSite","@id":"https:\/\/www.iplay.com\/en\/#website","url":"https:\/\/www.iplay.com\/en\/","name":"IPlay","description":"The Best Casual Games!","publisher":{"@id":"https:\/\/www.iplay.com\/en\/#organization"},"potentialAction":[{"@type":"SearchAction","target":{"@type":"EntryPoint","urlTemplate":"https:\/\/www.iplay.com\/en\/?s={search_term_string}"},"query-input":{"@type":"PropertyValueSpecification","valueRequired":true,"valueName":"search_term_string"}}],"inLanguage":"de-DE"},{"@type":"Organization","@id":"https:\/\/www.iplay.com\/en\/#organization","name":"IPlay","url":"https:\/\/www.iplay.com\/en\/","logo":{"@type":"ImageObject","inLanguage":"de-DE","@id":"https:\/\/www.iplay.com\/en\/#\/schema\/logo\/image\/","url":"https:\/\/www.iplay.com\/wp-content\/uploads\/2023\/11\/Group-6100.svg","contentUrl":"https:\/\/www.iplay.com\/wp-content\/uploads\/2023\/11\/Group-6100.svg","width":98,"height":25,"caption":"IPlay"},"image":{"@id":"https:\/\/www.iplay.com\/en\/#\/schema\/logo\/image\/"}}]}},"_links":{"self":[{"href":"https:\/\/www.iplay.com\/de\/wp-json\/wp\/v2\/product\/134597","targetHints":{"allow":["GET"]}}],"collection":[{"href":"https:\/\/www.iplay.com\/de\/wp-json\/wp\/v2\/product"}],"about":[{"href":"https:\/\/www.iplay.com\/de\/wp-json\/wp\/v2\/types\/product"}],"author":[{"embeddable":true,"href":"https:\/\/www.iplay.com\/de\/wp-json\/wp\/v2\/users\/52"}],"replies":[{"embeddable":true,"href":"https:\/\/www.iplay.com\/de\/wp-json\/wp\/v2\/comments?post=134597"}],"wp:featuredmedia":[{"embeddable":true,"href":"https:\/\/www.iplay.com\/de\/wp-json\/wp\/v2\/media\/77865"}],"wp:attachment":[{"href":"https:\/\/www.iplay.com\/de\/wp-json\/wp\/v2\/media?parent=134597"}],"wp:term":[{"taxonomy":"product_brand","embeddable":true,"href":"https:\/\/www.iplay.com\/de\/wp-json\/wp\/v2\/product_brand?post=134597"},{"taxonomy":"product_cat","embeddable":true,"href":"https:\/\/www.iplay.com\/de\/wp-json\/wp\/v2\/product_cat?post=134597"},{"taxonomy":"product_tag","embeddable":true,"href":"https:\/\/www.iplay.com\/de\/wp-json\/wp\/v2\/product_tag?post=134597"}],"curies":[{"name":"wp","href":"https:\/\/api.w.org\/{rel}","templated":true}]}}