{"id":134588,"date":"2022-02-25T00:00:00","date_gmt":"2022-02-25T00:00:00","guid":{"rendered":"https:\/\/www.iplay.com\/games\/fairy-godmother-stories-miraculous-dream-in-taleville-ce\/"},"modified":"2022-02-25T00:00:00","modified_gmt":"2022-02-25T00:00:00","slug":"fairy-godmother-stories-miraculous-dream-in-taleville-ce","status":"publish","type":"product","link":"https:\/\/www.iplay.com\/de\/games\/fairy-godmother-stories-miraculous-dream-in-taleville-ce\/","title":{"rendered":"Fairy Godmother Stories: Miraculous Dream in Taleville CE"},"content":{"rendered":"<p>In der n\u00e4chsten Folge der Serie &#8220;Die guten Feen&#8221; laden wir Sie zu einer magischen Reise ein! Niemand hat jemals behauptet, dass es einfach ist, ein K\u00f6nig zu sein, und Ihre Patentochter ist da keine Ausnahme. Nur Prinzessin Sofias gute Fee kann sie retten, als sie auf ihrer Verlobungsfeier mit einem Zauber belegt wird! Es liegt an dir, deine magischen F\u00e4higkeiten und deine hervorragenden detektivischen F\u00e4higkeiten einzusetzen, um herauszufinden, wer die Schuld tr\u00e4gt. Die Zusammenarbeit mit den m\u00e4rchenhaften Bewohnern von Taleville wird jedoch schwierig sein, denn wenn Magie im Spiel ist, sind die Dinge selten so, wie sie erscheinen! Glaubst du, dass du das Zeug dazu hast? Entdecke die Antwort in diesem spannenden Wimmelbild-Abenteuer!      <\/p>\n<p>&nbsp;<\/p>\n<p>&nbsp;<\/p>\n<p><strong>Funktionen:<\/strong><\/p>\n<p>&nbsp;<\/p>\n<p>&#8211; Du wirst von einer liebeskranken Hexe mit einem seltenen Trank vergiftet und die Zeit wird knapp, um das Gegenmittel zu finden!<br \/>\n&#8211; Spiele HOPs, Filme und Minispiele immer wieder &#8211; und verdiene dir alle Erfolge!<br \/>\n&#8211; Vervollst\u00e4ndige deine Sammlungen von Hochzeitsgeschenken und wandelnder Hexenausr\u00fcstung und tausche Edelsteine aus, um deine Magische Werkstatt auszur\u00fcsten!<br \/>\n&#8211; Der hilfreiche Strategieleitfaden wird dich in Taleville auf Kurs halten!<\/p>\n","protected":false},"excerpt":{"rendered":"<p>Kannst du die h\u00fcbscheste Frau in Taleville davor bewahren, den ultimativen Preis zu zahlen?<\/p>\n","protected":false},"author":17,"featured_media":77801,"comment_status":"open","ping_status":"closed","template":"","meta":{"_acf_changed":false,"inline_featured_image":false},"product_brand":[],"product_cat":[164],"product_tag":[289],"class_list":{"0":"post-134588","1":"product","2":"type-product","3":"status-publish","4":"has-post-thumbnail","6":"product_cat-hidden-object-de","7":"product_tag-play-on-pc-de","9":"first","10":"instock","11":"shipping-taxable","12":"purchasable","13":"product-type-simple"},"acf":[],"yoast_head":"<!-- This site is optimized with the Yoast SEO Premium plugin v25.2 (Yoast SEO v25.2) - https:\/\/yoast.com\/wordpress\/plugins\/seo\/ -->\n<title>Fairy Godmother Stories: Miraculous Dream in Taleville CE - Kannst du verhindern, dass die sch\u00f6nste Dame von Taleville den ultimativen Preis erh\u00e4lt?<\/title>\n<meta name=\"description\" content=\"Kannst du die h\u00fcbscheste Frau in Taleville davor bewahren, den ultimativen Preis zu zahlen?\" \/>\n<meta name=\"robots\" content=\"index, follow, max-snippet:-1, max-image-preview:large, max-video-preview:-1\" \/>\n<link rel=\"canonical\" href=\"https:\/\/www.iplay.com\/de\/games\/fairy-godmother-stories-miraculous-dream-in-taleville-ce\/\" \/>\n<meta property=\"og:locale\" content=\"de_DE\" \/>\n<meta property=\"og:type\" content=\"article\" \/>\n<meta property=\"og:title\" content=\"Fairy Godmother Stories: Miraculous Dream in Taleville CE\" \/>\n<meta property=\"og:description\" content=\"Kannst du die h\u00fcbscheste Frau in Taleville davor bewahren, den ultimativen Preis zu zahlen?\" \/>\n<meta property=\"og:url\" content=\"https:\/\/www.iplay.com\/de\/games\/fairy-godmother-stories-miraculous-dream-in-taleville-ce\/\" \/>\n<meta property=\"og:site_name\" content=\"IPlay\" \/>\n<meta property=\"og:image\" content=\"https:\/\/www.iplay.com\/wp-content\/uploads\/2023\/12\/large_square_tile_image-2360.jpg\" \/>\n\t<meta property=\"og:image:width\" content=\"310\" \/>\n\t<meta property=\"og:image:height\" content=\"310\" \/>\n\t<meta property=\"og:image:type\" content=\"image\/jpeg\" \/>\n<meta name=\"twitter:card\" content=\"summary_large_image\" \/>\n<meta name=\"twitter:label1\" content=\"Gesch\u00e4tzte Lesezeit\" \/>\n\t<meta name=\"twitter:data1\" content=\"1 Minute\" \/>\n<script type=\"application\/ld+json\" class=\"yoast-schema-graph\">{\"@context\":\"https:\/\/schema.org\",\"@graph\":[{\"@type\":\"WebPage\",\"@id\":\"https:\/\/www.iplay.com\/de\/games\/fairy-godmother-stories-miraculous-dream-in-taleville-ce\/\",\"url\":\"https:\/\/www.iplay.com\/de\/games\/fairy-godmother-stories-miraculous-dream-in-taleville-ce\/\",\"name\":\"Fairy Godmother Stories: Miraculous Dream in Taleville CE - Kannst du verhindern, dass die sch\u00f6nste Dame von Taleville den ultimativen Preis erh\u00e4lt?\",\"isPartOf\":{\"@id\":\"https:\/\/www.iplay.com\/en\/#website\"},\"primaryImageOfPage\":{\"@id\":\"https:\/\/www.iplay.com\/de\/games\/fairy-godmother-stories-miraculous-dream-in-taleville-ce\/#primaryimage\"},\"image\":{\"@id\":\"https:\/\/www.iplay.com\/de\/games\/fairy-godmother-stories-miraculous-dream-in-taleville-ce\/#primaryimage\"},\"thumbnailUrl\":\"https:\/\/www.iplay.com\/wp-content\/uploads\/2023\/12\/large_square_tile_image-2360.jpg\",\"datePublished\":\"2022-02-25T00:00:00+00:00\",\"description\":\"Kannst du die h\u00fcbscheste Frau in Taleville davor bewahren, den ultimativen Preis zu zahlen?\",\"breadcrumb\":{\"@id\":\"https:\/\/www.iplay.com\/de\/games\/fairy-godmother-stories-miraculous-dream-in-taleville-ce\/#breadcrumb\"},\"inLanguage\":\"de-DE\",\"potentialAction\":[{\"@type\":\"ReadAction\",\"target\":[\"https:\/\/www.iplay.com\/de\/games\/fairy-godmother-stories-miraculous-dream-in-taleville-ce\/\"]}]},{\"@type\":\"ImageObject\",\"inLanguage\":\"de-DE\",\"@id\":\"https:\/\/www.iplay.com\/de\/games\/fairy-godmother-stories-miraculous-dream-in-taleville-ce\/#primaryimage\",\"url\":\"https:\/\/www.iplay.com\/wp-content\/uploads\/2023\/12\/large_square_tile_image-2360.jpg\",\"contentUrl\":\"https:\/\/www.iplay.com\/wp-content\/uploads\/2023\/12\/large_square_tile_image-2360.jpg\",\"width\":310,\"height\":310},{\"@type\":\"BreadcrumbList\",\"@id\":\"https:\/\/www.iplay.com\/de\/games\/fairy-godmother-stories-miraculous-dream-in-taleville-ce\/#breadcrumb\",\"itemListElement\":[{\"@type\":\"ListItem\",\"position\":1,\"name\":\"Home\",\"item\":\"https:\/\/www.iplay.com\/de\/home-page-2\/\"},{\"@type\":\"ListItem\",\"position\":2,\"name\":\"Shop\",\"item\":\"https:\/\/www.iplay.com\/en\/shop\/\"},{\"@type\":\"ListItem\",\"position\":3,\"name\":\"Fairy Godmother Stories: Miraculous Dream in Taleville CE\"}]},{\"@type\":\"WebSite\",\"@id\":\"https:\/\/www.iplay.com\/en\/#website\",\"url\":\"https:\/\/www.iplay.com\/en\/\",\"name\":\"IPlay\",\"description\":\"The Best Casual Games!\",\"publisher\":{\"@id\":\"https:\/\/www.iplay.com\/en\/#organization\"},\"potentialAction\":[{\"@type\":\"SearchAction\",\"target\":{\"@type\":\"EntryPoint\",\"urlTemplate\":\"https:\/\/www.iplay.com\/en\/?s={search_term_string}\"},\"query-input\":{\"@type\":\"PropertyValueSpecification\",\"valueRequired\":true,\"valueName\":\"search_term_string\"}}],\"inLanguage\":\"de-DE\"},{\"@type\":\"Organization\",\"@id\":\"https:\/\/www.iplay.com\/en\/#organization\",\"name\":\"IPlay\",\"url\":\"https:\/\/www.iplay.com\/en\/\",\"logo\":{\"@type\":\"ImageObject\",\"inLanguage\":\"de-DE\",\"@id\":\"https:\/\/www.iplay.com\/en\/#\/schema\/logo\/image\/\",\"url\":\"https:\/\/www.iplay.com\/wp-content\/uploads\/2023\/11\/Group-6100.svg\",\"contentUrl\":\"https:\/\/www.iplay.com\/wp-content\/uploads\/2023\/11\/Group-6100.svg\",\"width\":98,\"height\":25,\"caption\":\"IPlay\"},\"image\":{\"@id\":\"https:\/\/www.iplay.com\/en\/#\/schema\/logo\/image\/\"}}]}<\/script>\n<!-- \/ Yoast SEO Premium plugin. -->","yoast_head_json":{"title":"Fairy Godmother Stories: Miraculous Dream in Taleville CE - Kannst du verhindern, dass die sch\u00f6nste Dame von Taleville den ultimativen Preis erh\u00e4lt?","description":"Kannst du die h\u00fcbscheste Frau in Taleville davor bewahren, den ultimativen Preis zu zahlen?","robots":{"index":"index","follow":"follow","max-snippet":"max-snippet:-1","max-image-preview":"max-image-preview:large","max-video-preview":"max-video-preview:-1"},"canonical":"https:\/\/www.iplay.com\/de\/games\/fairy-godmother-stories-miraculous-dream-in-taleville-ce\/","og_locale":"de_DE","og_type":"article","og_title":"Fairy Godmother Stories: Miraculous Dream in Taleville CE","og_description":"Kannst du die h\u00fcbscheste Frau in Taleville davor bewahren, den ultimativen Preis zu zahlen?","og_url":"https:\/\/www.iplay.com\/de\/games\/fairy-godmother-stories-miraculous-dream-in-taleville-ce\/","og_site_name":"IPlay","og_image":[{"width":310,"height":310,"url":"https:\/\/www.iplay.com\/wp-content\/uploads\/2023\/12\/large_square_tile_image-2360.jpg","type":"image\/jpeg"}],"twitter_card":"summary_large_image","twitter_misc":{"Gesch\u00e4tzte Lesezeit":"1 Minute"},"schema":{"@context":"https:\/\/schema.org","@graph":[{"@type":"WebPage","@id":"https:\/\/www.iplay.com\/de\/games\/fairy-godmother-stories-miraculous-dream-in-taleville-ce\/","url":"https:\/\/www.iplay.com\/de\/games\/fairy-godmother-stories-miraculous-dream-in-taleville-ce\/","name":"Fairy Godmother Stories: Miraculous Dream in Taleville CE - Kannst du verhindern, dass die sch\u00f6nste Dame von Taleville den ultimativen Preis erh\u00e4lt?","isPartOf":{"@id":"https:\/\/www.iplay.com\/en\/#website"},"primaryImageOfPage":{"@id":"https:\/\/www.iplay.com\/de\/games\/fairy-godmother-stories-miraculous-dream-in-taleville-ce\/#primaryimage"},"image":{"@id":"https:\/\/www.iplay.com\/de\/games\/fairy-godmother-stories-miraculous-dream-in-taleville-ce\/#primaryimage"},"thumbnailUrl":"https:\/\/www.iplay.com\/wp-content\/uploads\/2023\/12\/large_square_tile_image-2360.jpg","datePublished":"2022-02-25T00:00:00+00:00","description":"Kannst du die h\u00fcbscheste Frau in Taleville davor bewahren, den ultimativen Preis zu zahlen?","breadcrumb":{"@id":"https:\/\/www.iplay.com\/de\/games\/fairy-godmother-stories-miraculous-dream-in-taleville-ce\/#breadcrumb"},"inLanguage":"de-DE","potentialAction":[{"@type":"ReadAction","target":["https:\/\/www.iplay.com\/de\/games\/fairy-godmother-stories-miraculous-dream-in-taleville-ce\/"]}]},{"@type":"ImageObject","inLanguage":"de-DE","@id":"https:\/\/www.iplay.com\/de\/games\/fairy-godmother-stories-miraculous-dream-in-taleville-ce\/#primaryimage","url":"https:\/\/www.iplay.com\/wp-content\/uploads\/2023\/12\/large_square_tile_image-2360.jpg","contentUrl":"https:\/\/www.iplay.com\/wp-content\/uploads\/2023\/12\/large_square_tile_image-2360.jpg","width":310,"height":310},{"@type":"BreadcrumbList","@id":"https:\/\/www.iplay.com\/de\/games\/fairy-godmother-stories-miraculous-dream-in-taleville-ce\/#breadcrumb","itemListElement":[{"@type":"ListItem","position":1,"name":"Home","item":"https:\/\/www.iplay.com\/de\/home-page-2\/"},{"@type":"ListItem","position":2,"name":"Shop","item":"https:\/\/www.iplay.com\/en\/shop\/"},{"@type":"ListItem","position":3,"name":"Fairy Godmother Stories: Miraculous Dream in Taleville CE"}]},{"@type":"WebSite","@id":"https:\/\/www.iplay.com\/en\/#website","url":"https:\/\/www.iplay.com\/en\/","name":"IPlay","description":"The Best Casual Games!","publisher":{"@id":"https:\/\/www.iplay.com\/en\/#organization"},"potentialAction":[{"@type":"SearchAction","target":{"@type":"EntryPoint","urlTemplate":"https:\/\/www.iplay.com\/en\/?s={search_term_string}"},"query-input":{"@type":"PropertyValueSpecification","valueRequired":true,"valueName":"search_term_string"}}],"inLanguage":"de-DE"},{"@type":"Organization","@id":"https:\/\/www.iplay.com\/en\/#organization","name":"IPlay","url":"https:\/\/www.iplay.com\/en\/","logo":{"@type":"ImageObject","inLanguage":"de-DE","@id":"https:\/\/www.iplay.com\/en\/#\/schema\/logo\/image\/","url":"https:\/\/www.iplay.com\/wp-content\/uploads\/2023\/11\/Group-6100.svg","contentUrl":"https:\/\/www.iplay.com\/wp-content\/uploads\/2023\/11\/Group-6100.svg","width":98,"height":25,"caption":"IPlay"},"image":{"@id":"https:\/\/www.iplay.com\/en\/#\/schema\/logo\/image\/"}}]}},"_links":{"self":[{"href":"https:\/\/www.iplay.com\/de\/wp-json\/wp\/v2\/product\/134588","targetHints":{"allow":["GET"]}}],"collection":[{"href":"https:\/\/www.iplay.com\/de\/wp-json\/wp\/v2\/product"}],"about":[{"href":"https:\/\/www.iplay.com\/de\/wp-json\/wp\/v2\/types\/product"}],"author":[{"embeddable":true,"href":"https:\/\/www.iplay.com\/de\/wp-json\/wp\/v2\/users\/17"}],"replies":[{"embeddable":true,"href":"https:\/\/www.iplay.com\/de\/wp-json\/wp\/v2\/comments?post=134588"}],"wp:featuredmedia":[{"embeddable":true,"href":"https:\/\/www.iplay.com\/de\/wp-json\/wp\/v2\/media\/77801"}],"wp:attachment":[{"href":"https:\/\/www.iplay.com\/de\/wp-json\/wp\/v2\/media?parent=134588"}],"wp:term":[{"taxonomy":"product_brand","embeddable":true,"href":"https:\/\/www.iplay.com\/de\/wp-json\/wp\/v2\/product_brand?post=134588"},{"taxonomy":"product_cat","embeddable":true,"href":"https:\/\/www.iplay.com\/de\/wp-json\/wp\/v2\/product_cat?post=134588"},{"taxonomy":"product_tag","embeddable":true,"href":"https:\/\/www.iplay.com\/de\/wp-json\/wp\/v2\/product_tag?post=134588"}],"curies":[{"name":"wp","href":"https:\/\/api.w.org\/{rel}","templated":true}]}}