{"id":134577,"date":"2022-04-01T00:00:00","date_gmt":"2022-04-01T00:00:00","guid":{"rendered":"https:\/\/www.iplay.com\/games\/word-of-the-law-death-mask-collectors-edition\/"},"modified":"2022-04-01T00:00:00","modified_gmt":"2022-04-01T00:00:00","slug":"word-of-the-law-death-mask-collectors-edition","status":"publish","type":"product","link":"https:\/\/www.iplay.com\/de\/games\/word-of-the-law-death-mask-collectors-edition\/","title":{"rendered":"Word of the Law: Death Mask Collectors Edition"},"content":{"rendered":"<p>Als F.B.I.S.K.-Detektiv ermitteln Sie in besonders schrecklichen Verbrechen, die von Serienm\u00f6rdern begangen werden. Eine Polizistin namens Audrey Parker erz\u00e4hlt dir, dass es einen Serienm\u00f6rder in der Stadt gibt; In j\u00fcngster Zeit wurden viele mit Gips bedeckte Leichen gefunden; Sie hatten alle die Form von Skulpturen. Der Hauptverd\u00e4chtige ist Chad Hill, dessen Skulpturengalerie in Brand gesteckt wurde. Die Details der Brandstiftung werden zur\u00fcckgehalten, da sie Verbindungen zur lokalen Regierung und nat\u00fcrlich auch zu Geld hat. Jetzt will er sich r\u00e4chen. Wirst du es schaffen, Chad zu stoppen und die Serie von Morden zu beenden, die als Rache ausgef\u00fchrt wurden, oder wirst du zu kurz kommen?     <\/p>\n<p>&nbsp;<\/p>\n<p>&nbsp;<\/p>\n<p><strong>Funktionen:<\/strong><\/p>\n<p>&nbsp;<\/p>\n<p>&#8211; Untersuche die Entf\u00fchrung des Gouverneurs im Bonuskapitel!<br \/>\n&#8211; Finde jedes Sammlerst\u00fcck, um mehr \u00fcber das Gebiet der Detektivermittlung zu erfahren!<br \/>\n&#8211; Erhalte zus\u00e4tzliche Erfolge, indem du lustige Minispiele und R\u00e4tsel l\u00f6st!<br \/>\n&#8211; Profitieren Sie von exklusiven Inhalten, darunter Konzeptzeichnungen, Hintergrundbilder und Musik!<\/p>\n","protected":false},"excerpt":{"rendered":"<p>Ein Wahnsinniger verwandelt seine Feinde in Skulpturen, um sich zu r\u00e4chen. Werden Sie sich in seine Ausstellung einmischen? <\/p>\n","protected":false},"author":52,"featured_media":77529,"comment_status":"open","ping_status":"closed","template":"","meta":{"_acf_changed":false,"inline_featured_image":false},"product_brand":[],"product_cat":[164],"product_tag":[289],"class_list":{"0":"post-134577","1":"product","2":"type-product","3":"status-publish","4":"has-post-thumbnail","6":"product_cat-hidden-object-de","7":"product_tag-play-on-pc-de","9":"first","10":"instock","11":"shipping-taxable","12":"purchasable","13":"product-type-simple"},"acf":[],"yoast_head":"<!-- This site is optimized with the Yoast SEO Premium plugin v25.2 (Yoast SEO v25.2) - https:\/\/yoast.com\/wordpress\/plugins\/seo\/ -->\n<title>Word of the Law: Death Mask Collectors Edition - St\u00f6re die Skulpturenausstellung eines Verr\u00fcckten, der auf Rache aus ist<\/title>\n<meta name=\"description\" content=\"Ein Wahnsinniger verwandelt seine Feinde in Skulpturen, um sich zu r\u00e4chen. Werden Sie sich in seine Ausstellung einmischen?\" \/>\n<meta name=\"robots\" content=\"index, follow, max-snippet:-1, max-image-preview:large, max-video-preview:-1\" \/>\n<link rel=\"canonical\" href=\"https:\/\/www.iplay.com\/de\/games\/word-of-the-law-death-mask-collectors-edition\/\" \/>\n<meta property=\"og:locale\" content=\"de_DE\" \/>\n<meta property=\"og:type\" content=\"article\" \/>\n<meta property=\"og:title\" content=\"Word of the Law: Death Mask Collectors Edition\" \/>\n<meta property=\"og:description\" content=\"Ein Wahnsinniger verwandelt seine Feinde in Skulpturen, um sich zu r\u00e4chen. Werden Sie sich in seine Ausstellung einmischen?\" \/>\n<meta property=\"og:url\" content=\"https:\/\/www.iplay.com\/de\/games\/word-of-the-law-death-mask-collectors-edition\/\" \/>\n<meta property=\"og:site_name\" content=\"IPlay\" \/>\n<meta property=\"og:image\" content=\"https:\/\/www.iplay.com\/wp-content\/uploads\/2023\/12\/large_square_tile_image-2343.jpg\" \/>\n\t<meta property=\"og:image:width\" content=\"310\" \/>\n\t<meta property=\"og:image:height\" content=\"310\" \/>\n\t<meta property=\"og:image:type\" content=\"image\/jpeg\" \/>\n<meta name=\"twitter:card\" content=\"summary_large_image\" \/>\n<meta name=\"twitter:label1\" content=\"Gesch\u00e4tzte Lesezeit\" \/>\n\t<meta name=\"twitter:data1\" content=\"1 Minute\" \/>\n<script type=\"application\/ld+json\" class=\"yoast-schema-graph\">{\"@context\":\"https:\/\/schema.org\",\"@graph\":[{\"@type\":\"WebPage\",\"@id\":\"https:\/\/www.iplay.com\/de\/games\/word-of-the-law-death-mask-collectors-edition\/\",\"url\":\"https:\/\/www.iplay.com\/de\/games\/word-of-the-law-death-mask-collectors-edition\/\",\"name\":\"Word of the Law: Death Mask Collectors Edition - St\u00f6re die Skulpturenausstellung eines Verr\u00fcckten, der auf Rache aus ist\",\"isPartOf\":{\"@id\":\"https:\/\/www.iplay.com\/en\/#website\"},\"primaryImageOfPage\":{\"@id\":\"https:\/\/www.iplay.com\/de\/games\/word-of-the-law-death-mask-collectors-edition\/#primaryimage\"},\"image\":{\"@id\":\"https:\/\/www.iplay.com\/de\/games\/word-of-the-law-death-mask-collectors-edition\/#primaryimage\"},\"thumbnailUrl\":\"https:\/\/www.iplay.com\/wp-content\/uploads\/2023\/12\/large_square_tile_image-2343.jpg\",\"datePublished\":\"2022-04-01T00:00:00+00:00\",\"description\":\"Ein Wahnsinniger verwandelt seine Feinde in Skulpturen, um sich zu r\u00e4chen. Werden Sie sich in seine Ausstellung einmischen?\",\"breadcrumb\":{\"@id\":\"https:\/\/www.iplay.com\/de\/games\/word-of-the-law-death-mask-collectors-edition\/#breadcrumb\"},\"inLanguage\":\"de-DE\",\"potentialAction\":[{\"@type\":\"ReadAction\",\"target\":[\"https:\/\/www.iplay.com\/de\/games\/word-of-the-law-death-mask-collectors-edition\/\"]}]},{\"@type\":\"ImageObject\",\"inLanguage\":\"de-DE\",\"@id\":\"https:\/\/www.iplay.com\/de\/games\/word-of-the-law-death-mask-collectors-edition\/#primaryimage\",\"url\":\"https:\/\/www.iplay.com\/wp-content\/uploads\/2023\/12\/large_square_tile_image-2343.jpg\",\"contentUrl\":\"https:\/\/www.iplay.com\/wp-content\/uploads\/2023\/12\/large_square_tile_image-2343.jpg\",\"width\":310,\"height\":310},{\"@type\":\"BreadcrumbList\",\"@id\":\"https:\/\/www.iplay.com\/de\/games\/word-of-the-law-death-mask-collectors-edition\/#breadcrumb\",\"itemListElement\":[{\"@type\":\"ListItem\",\"position\":1,\"name\":\"Home\",\"item\":\"https:\/\/www.iplay.com\/de\/home-page-2\/\"},{\"@type\":\"ListItem\",\"position\":2,\"name\":\"Shop\",\"item\":\"https:\/\/www.iplay.com\/en\/shop\/\"},{\"@type\":\"ListItem\",\"position\":3,\"name\":\"Word of the Law: Death Mask Collectors Edition\"}]},{\"@type\":\"WebSite\",\"@id\":\"https:\/\/www.iplay.com\/en\/#website\",\"url\":\"https:\/\/www.iplay.com\/en\/\",\"name\":\"IPlay\",\"description\":\"The Best Casual Games!\",\"publisher\":{\"@id\":\"https:\/\/www.iplay.com\/en\/#organization\"},\"potentialAction\":[{\"@type\":\"SearchAction\",\"target\":{\"@type\":\"EntryPoint\",\"urlTemplate\":\"https:\/\/www.iplay.com\/en\/?s={search_term_string}\"},\"query-input\":{\"@type\":\"PropertyValueSpecification\",\"valueRequired\":true,\"valueName\":\"search_term_string\"}}],\"inLanguage\":\"de-DE\"},{\"@type\":\"Organization\",\"@id\":\"https:\/\/www.iplay.com\/en\/#organization\",\"name\":\"IPlay\",\"url\":\"https:\/\/www.iplay.com\/en\/\",\"logo\":{\"@type\":\"ImageObject\",\"inLanguage\":\"de-DE\",\"@id\":\"https:\/\/www.iplay.com\/en\/#\/schema\/logo\/image\/\",\"url\":\"https:\/\/www.iplay.com\/wp-content\/uploads\/2023\/11\/Group-6100.svg\",\"contentUrl\":\"https:\/\/www.iplay.com\/wp-content\/uploads\/2023\/11\/Group-6100.svg\",\"width\":98,\"height\":25,\"caption\":\"IPlay\"},\"image\":{\"@id\":\"https:\/\/www.iplay.com\/en\/#\/schema\/logo\/image\/\"}}]}<\/script>\n<!-- \/ Yoast SEO Premium plugin. -->","yoast_head_json":{"title":"Word of the Law: Death Mask Collectors Edition - St\u00f6re die Skulpturenausstellung eines Verr\u00fcckten, der auf Rache aus ist","description":"Ein Wahnsinniger verwandelt seine Feinde in Skulpturen, um sich zu r\u00e4chen. Werden Sie sich in seine Ausstellung einmischen?","robots":{"index":"index","follow":"follow","max-snippet":"max-snippet:-1","max-image-preview":"max-image-preview:large","max-video-preview":"max-video-preview:-1"},"canonical":"https:\/\/www.iplay.com\/de\/games\/word-of-the-law-death-mask-collectors-edition\/","og_locale":"de_DE","og_type":"article","og_title":"Word of the Law: Death Mask Collectors Edition","og_description":"Ein Wahnsinniger verwandelt seine Feinde in Skulpturen, um sich zu r\u00e4chen. Werden Sie sich in seine Ausstellung einmischen?","og_url":"https:\/\/www.iplay.com\/de\/games\/word-of-the-law-death-mask-collectors-edition\/","og_site_name":"IPlay","og_image":[{"width":310,"height":310,"url":"https:\/\/www.iplay.com\/wp-content\/uploads\/2023\/12\/large_square_tile_image-2343.jpg","type":"image\/jpeg"}],"twitter_card":"summary_large_image","twitter_misc":{"Gesch\u00e4tzte Lesezeit":"1 Minute"},"schema":{"@context":"https:\/\/schema.org","@graph":[{"@type":"WebPage","@id":"https:\/\/www.iplay.com\/de\/games\/word-of-the-law-death-mask-collectors-edition\/","url":"https:\/\/www.iplay.com\/de\/games\/word-of-the-law-death-mask-collectors-edition\/","name":"Word of the Law: Death Mask Collectors Edition - St\u00f6re die Skulpturenausstellung eines Verr\u00fcckten, der auf Rache aus ist","isPartOf":{"@id":"https:\/\/www.iplay.com\/en\/#website"},"primaryImageOfPage":{"@id":"https:\/\/www.iplay.com\/de\/games\/word-of-the-law-death-mask-collectors-edition\/#primaryimage"},"image":{"@id":"https:\/\/www.iplay.com\/de\/games\/word-of-the-law-death-mask-collectors-edition\/#primaryimage"},"thumbnailUrl":"https:\/\/www.iplay.com\/wp-content\/uploads\/2023\/12\/large_square_tile_image-2343.jpg","datePublished":"2022-04-01T00:00:00+00:00","description":"Ein Wahnsinniger verwandelt seine Feinde in Skulpturen, um sich zu r\u00e4chen. Werden Sie sich in seine Ausstellung einmischen?","breadcrumb":{"@id":"https:\/\/www.iplay.com\/de\/games\/word-of-the-law-death-mask-collectors-edition\/#breadcrumb"},"inLanguage":"de-DE","potentialAction":[{"@type":"ReadAction","target":["https:\/\/www.iplay.com\/de\/games\/word-of-the-law-death-mask-collectors-edition\/"]}]},{"@type":"ImageObject","inLanguage":"de-DE","@id":"https:\/\/www.iplay.com\/de\/games\/word-of-the-law-death-mask-collectors-edition\/#primaryimage","url":"https:\/\/www.iplay.com\/wp-content\/uploads\/2023\/12\/large_square_tile_image-2343.jpg","contentUrl":"https:\/\/www.iplay.com\/wp-content\/uploads\/2023\/12\/large_square_tile_image-2343.jpg","width":310,"height":310},{"@type":"BreadcrumbList","@id":"https:\/\/www.iplay.com\/de\/games\/word-of-the-law-death-mask-collectors-edition\/#breadcrumb","itemListElement":[{"@type":"ListItem","position":1,"name":"Home","item":"https:\/\/www.iplay.com\/de\/home-page-2\/"},{"@type":"ListItem","position":2,"name":"Shop","item":"https:\/\/www.iplay.com\/en\/shop\/"},{"@type":"ListItem","position":3,"name":"Word of the Law: Death Mask Collectors Edition"}]},{"@type":"WebSite","@id":"https:\/\/www.iplay.com\/en\/#website","url":"https:\/\/www.iplay.com\/en\/","name":"IPlay","description":"The Best Casual Games!","publisher":{"@id":"https:\/\/www.iplay.com\/en\/#organization"},"potentialAction":[{"@type":"SearchAction","target":{"@type":"EntryPoint","urlTemplate":"https:\/\/www.iplay.com\/en\/?s={search_term_string}"},"query-input":{"@type":"PropertyValueSpecification","valueRequired":true,"valueName":"search_term_string"}}],"inLanguage":"de-DE"},{"@type":"Organization","@id":"https:\/\/www.iplay.com\/en\/#organization","name":"IPlay","url":"https:\/\/www.iplay.com\/en\/","logo":{"@type":"ImageObject","inLanguage":"de-DE","@id":"https:\/\/www.iplay.com\/en\/#\/schema\/logo\/image\/","url":"https:\/\/www.iplay.com\/wp-content\/uploads\/2023\/11\/Group-6100.svg","contentUrl":"https:\/\/www.iplay.com\/wp-content\/uploads\/2023\/11\/Group-6100.svg","width":98,"height":25,"caption":"IPlay"},"image":{"@id":"https:\/\/www.iplay.com\/en\/#\/schema\/logo\/image\/"}}]}},"_links":{"self":[{"href":"https:\/\/www.iplay.com\/de\/wp-json\/wp\/v2\/product\/134577","targetHints":{"allow":["GET"]}}],"collection":[{"href":"https:\/\/www.iplay.com\/de\/wp-json\/wp\/v2\/product"}],"about":[{"href":"https:\/\/www.iplay.com\/de\/wp-json\/wp\/v2\/types\/product"}],"author":[{"embeddable":true,"href":"https:\/\/www.iplay.com\/de\/wp-json\/wp\/v2\/users\/52"}],"replies":[{"embeddable":true,"href":"https:\/\/www.iplay.com\/de\/wp-json\/wp\/v2\/comments?post=134577"}],"wp:featuredmedia":[{"embeddable":true,"href":"https:\/\/www.iplay.com\/de\/wp-json\/wp\/v2\/media\/77529"}],"wp:attachment":[{"href":"https:\/\/www.iplay.com\/de\/wp-json\/wp\/v2\/media?parent=134577"}],"wp:term":[{"taxonomy":"product_brand","embeddable":true,"href":"https:\/\/www.iplay.com\/de\/wp-json\/wp\/v2\/product_brand?post=134577"},{"taxonomy":"product_cat","embeddable":true,"href":"https:\/\/www.iplay.com\/de\/wp-json\/wp\/v2\/product_cat?post=134577"},{"taxonomy":"product_tag","embeddable":true,"href":"https:\/\/www.iplay.com\/de\/wp-json\/wp\/v2\/product_tag?post=134577"}],"curies":[{"name":"wp","href":"https:\/\/api.w.org\/{rel}","templated":true}]}}