{"id":134355,"date":"2021-01-06T00:00:00","date_gmt":"2021-01-06T00:00:00","guid":{"rendered":"https:\/\/www.iplay.com\/games\/paint-by-numbers-16\/"},"modified":"2021-01-06T00:00:00","modified_gmt":"2021-01-06T00:00:00","slug":"paint-by-numbers-16","status":"publish","type":"product","link":"https:\/\/www.iplay.com\/de\/games\/paint-by-numbers-16\/","title":{"rendered":"Paint By Numbers 16"},"content":{"rendered":"<p>Erkunde die Welt von <strong>Malen nach Zahlen 16<\/strong> ohne den Druck der Farbidentifikation! Holen Sie sich die Freude am k\u00fcnstlerischen Ausdruck zur\u00fcck, w\u00e4hrend Sie sich entspannen und den kreativen Prozess entfalten lassen. Tauchen Sie ein in eine vielf\u00e4ltige Sammlung von 64 visuell ansprechenden Fotos, die Sie jeweils zu einer einzigartigen Reise einladen. Folgen Sie dem numerischen Leitfaden, hauchen Sie statischen Bildern Leben ein und erleben Sie, wie Ihre Kreationen zu Quellen des anhaltenden Vergn\u00fcgens und der Entspannung werden und Ihre k\u00fcnstlerische Reise bereichern.   <\/p>\n<p>&nbsp;<\/p>\n<p>&nbsp;<\/p>\n<p><strong>Funktionen:<\/strong><\/p>\n<p>&nbsp;<\/p>\n<p>&#8211; 64 atemberaubende Fotos<\/p>\n<p>&#8211; Genie\u00dfen Sie Stunden des Genusses und der Entspannung!<\/p>\n","protected":false},"excerpt":{"rendered":"<p>Malen vereinfacht &#8211; Vergessen Sie Farbentscheidungen; Entspannen Sie sich einfach und lassen Sie die k\u00fcnstlerische Erkundung in Paint by Numbers 16 entfalten.<\/p>\n","protected":false},"author":21,"featured_media":81166,"comment_status":"open","ping_status":"closed","template":"","meta":{"_acf_changed":false,"inline_featured_image":false},"product_brand":[],"product_cat":[194],"product_tag":[],"class_list":{"0":"post-134355","1":"product","2":"type-product","3":"status-publish","4":"has-post-thumbnail","6":"product_cat-puzzle-de","8":"first","9":"instock","10":"shipping-taxable","11":"purchasable","12":"product-type-simple"},"acf":[],"yoast_head":"<!-- This site is optimized with the Yoast SEO Premium plugin v25.2 (Yoast SEO v25.2) - https:\/\/yoast.com\/wordpress\/plugins\/seo\/ -->\n<title>Malen nach Zahlen 16 - Malen war noch nie so einfach! Entspannen und genie\u00dfen<\/title>\n<meta name=\"description\" content=\"Malen vereinfacht - Vergessen Sie Farbentscheidungen; Entspannen Sie sich einfach und lassen Sie die k\u00fcnstlerische Erkundung in Paint by Numbers 16 entfalten.\" \/>\n<meta name=\"robots\" content=\"index, follow, max-snippet:-1, max-image-preview:large, max-video-preview:-1\" \/>\n<link rel=\"canonical\" href=\"https:\/\/www.iplay.com\/de\/games\/paint-by-numbers-16\/\" \/>\n<meta property=\"og:locale\" content=\"de_DE\" \/>\n<meta property=\"og:type\" content=\"article\" \/>\n<meta property=\"og:title\" content=\"Paint By Numbers 16\" \/>\n<meta property=\"og:description\" content=\"Malen vereinfacht - Vergessen Sie Farbentscheidungen; Entspannen Sie sich einfach und lassen Sie die k\u00fcnstlerische Erkundung in Paint by Numbers 16 entfalten.\" \/>\n<meta property=\"og:url\" content=\"https:\/\/www.iplay.com\/de\/games\/paint-by-numbers-16\/\" \/>\n<meta property=\"og:site_name\" content=\"IPlay\" \/>\n<meta property=\"og:image\" content=\"https:\/\/www.iplay.com\/wp-content\/uploads\/2023\/12\/large_square_tile_image-2578.jpg\" \/>\n\t<meta property=\"og:image:width\" content=\"310\" \/>\n\t<meta property=\"og:image:height\" content=\"310\" \/>\n\t<meta property=\"og:image:type\" content=\"image\/jpeg\" \/>\n<meta name=\"twitter:card\" content=\"summary_large_image\" \/>\n<meta name=\"twitter:label1\" content=\"Gesch\u00e4tzte Lesezeit\" \/>\n\t<meta name=\"twitter:data1\" content=\"1 Minute\" \/>\n<script type=\"application\/ld+json\" class=\"yoast-schema-graph\">{\"@context\":\"https:\/\/schema.org\",\"@graph\":[{\"@type\":\"WebPage\",\"@id\":\"https:\/\/www.iplay.com\/de\/games\/paint-by-numbers-16\/\",\"url\":\"https:\/\/www.iplay.com\/de\/games\/paint-by-numbers-16\/\",\"name\":\"Malen nach Zahlen 16 - Malen war noch nie so einfach! Entspannen und genie\u00dfen\",\"isPartOf\":{\"@id\":\"https:\/\/www.iplay.com\/en\/#website\"},\"primaryImageOfPage\":{\"@id\":\"https:\/\/www.iplay.com\/de\/games\/paint-by-numbers-16\/#primaryimage\"},\"image\":{\"@id\":\"https:\/\/www.iplay.com\/de\/games\/paint-by-numbers-16\/#primaryimage\"},\"thumbnailUrl\":\"https:\/\/www.iplay.com\/wp-content\/uploads\/2023\/12\/large_square_tile_image-2578.jpg\",\"datePublished\":\"2021-01-06T00:00:00+00:00\",\"description\":\"Malen vereinfacht - Vergessen Sie Farbentscheidungen; Entspannen Sie sich einfach und lassen Sie die k\u00fcnstlerische Erkundung in Paint by Numbers 16 entfalten.\",\"breadcrumb\":{\"@id\":\"https:\/\/www.iplay.com\/de\/games\/paint-by-numbers-16\/#breadcrumb\"},\"inLanguage\":\"de-DE\",\"potentialAction\":[{\"@type\":\"ReadAction\",\"target\":[\"https:\/\/www.iplay.com\/de\/games\/paint-by-numbers-16\/\"]}]},{\"@type\":\"ImageObject\",\"inLanguage\":\"de-DE\",\"@id\":\"https:\/\/www.iplay.com\/de\/games\/paint-by-numbers-16\/#primaryimage\",\"url\":\"https:\/\/www.iplay.com\/wp-content\/uploads\/2023\/12\/large_square_tile_image-2578.jpg\",\"contentUrl\":\"https:\/\/www.iplay.com\/wp-content\/uploads\/2023\/12\/large_square_tile_image-2578.jpg\",\"width\":310,\"height\":310},{\"@type\":\"BreadcrumbList\",\"@id\":\"https:\/\/www.iplay.com\/de\/games\/paint-by-numbers-16\/#breadcrumb\",\"itemListElement\":[{\"@type\":\"ListItem\",\"position\":1,\"name\":\"Home\",\"item\":\"https:\/\/www.iplay.com\/de\/home-page-2\/\"},{\"@type\":\"ListItem\",\"position\":2,\"name\":\"Shop\",\"item\":\"https:\/\/www.iplay.com\/en\/shop\/\"},{\"@type\":\"ListItem\",\"position\":3,\"name\":\"Paint By Numbers 16\"}]},{\"@type\":\"WebSite\",\"@id\":\"https:\/\/www.iplay.com\/en\/#website\",\"url\":\"https:\/\/www.iplay.com\/en\/\",\"name\":\"IPlay\",\"description\":\"The Best Casual Games!\",\"publisher\":{\"@id\":\"https:\/\/www.iplay.com\/en\/#organization\"},\"potentialAction\":[{\"@type\":\"SearchAction\",\"target\":{\"@type\":\"EntryPoint\",\"urlTemplate\":\"https:\/\/www.iplay.com\/en\/?s={search_term_string}\"},\"query-input\":{\"@type\":\"PropertyValueSpecification\",\"valueRequired\":true,\"valueName\":\"search_term_string\"}}],\"inLanguage\":\"de-DE\"},{\"@type\":\"Organization\",\"@id\":\"https:\/\/www.iplay.com\/en\/#organization\",\"name\":\"IPlay\",\"url\":\"https:\/\/www.iplay.com\/en\/\",\"logo\":{\"@type\":\"ImageObject\",\"inLanguage\":\"de-DE\",\"@id\":\"https:\/\/www.iplay.com\/en\/#\/schema\/logo\/image\/\",\"url\":\"https:\/\/www.iplay.com\/wp-content\/uploads\/2023\/11\/Group-6100.svg\",\"contentUrl\":\"https:\/\/www.iplay.com\/wp-content\/uploads\/2023\/11\/Group-6100.svg\",\"width\":98,\"height\":25,\"caption\":\"IPlay\"},\"image\":{\"@id\":\"https:\/\/www.iplay.com\/en\/#\/schema\/logo\/image\/\"}}]}<\/script>\n<!-- \/ Yoast SEO Premium plugin. -->","yoast_head_json":{"title":"Malen nach Zahlen 16 - Malen war noch nie so einfach! Entspannen und genie\u00dfen","description":"Malen vereinfacht - Vergessen Sie Farbentscheidungen; Entspannen Sie sich einfach und lassen Sie die k\u00fcnstlerische Erkundung in Paint by Numbers 16 entfalten.","robots":{"index":"index","follow":"follow","max-snippet":"max-snippet:-1","max-image-preview":"max-image-preview:large","max-video-preview":"max-video-preview:-1"},"canonical":"https:\/\/www.iplay.com\/de\/games\/paint-by-numbers-16\/","og_locale":"de_DE","og_type":"article","og_title":"Paint By Numbers 16","og_description":"Malen vereinfacht - Vergessen Sie Farbentscheidungen; Entspannen Sie sich einfach und lassen Sie die k\u00fcnstlerische Erkundung in Paint by Numbers 16 entfalten.","og_url":"https:\/\/www.iplay.com\/de\/games\/paint-by-numbers-16\/","og_site_name":"IPlay","og_image":[{"width":310,"height":310,"url":"https:\/\/www.iplay.com\/wp-content\/uploads\/2023\/12\/large_square_tile_image-2578.jpg","type":"image\/jpeg"}],"twitter_card":"summary_large_image","twitter_misc":{"Gesch\u00e4tzte Lesezeit":"1 Minute"},"schema":{"@context":"https:\/\/schema.org","@graph":[{"@type":"WebPage","@id":"https:\/\/www.iplay.com\/de\/games\/paint-by-numbers-16\/","url":"https:\/\/www.iplay.com\/de\/games\/paint-by-numbers-16\/","name":"Malen nach Zahlen 16 - Malen war noch nie so einfach! Entspannen und genie\u00dfen","isPartOf":{"@id":"https:\/\/www.iplay.com\/en\/#website"},"primaryImageOfPage":{"@id":"https:\/\/www.iplay.com\/de\/games\/paint-by-numbers-16\/#primaryimage"},"image":{"@id":"https:\/\/www.iplay.com\/de\/games\/paint-by-numbers-16\/#primaryimage"},"thumbnailUrl":"https:\/\/www.iplay.com\/wp-content\/uploads\/2023\/12\/large_square_tile_image-2578.jpg","datePublished":"2021-01-06T00:00:00+00:00","description":"Malen vereinfacht - Vergessen Sie Farbentscheidungen; Entspannen Sie sich einfach und lassen Sie die k\u00fcnstlerische Erkundung in Paint by Numbers 16 entfalten.","breadcrumb":{"@id":"https:\/\/www.iplay.com\/de\/games\/paint-by-numbers-16\/#breadcrumb"},"inLanguage":"de-DE","potentialAction":[{"@type":"ReadAction","target":["https:\/\/www.iplay.com\/de\/games\/paint-by-numbers-16\/"]}]},{"@type":"ImageObject","inLanguage":"de-DE","@id":"https:\/\/www.iplay.com\/de\/games\/paint-by-numbers-16\/#primaryimage","url":"https:\/\/www.iplay.com\/wp-content\/uploads\/2023\/12\/large_square_tile_image-2578.jpg","contentUrl":"https:\/\/www.iplay.com\/wp-content\/uploads\/2023\/12\/large_square_tile_image-2578.jpg","width":310,"height":310},{"@type":"BreadcrumbList","@id":"https:\/\/www.iplay.com\/de\/games\/paint-by-numbers-16\/#breadcrumb","itemListElement":[{"@type":"ListItem","position":1,"name":"Home","item":"https:\/\/www.iplay.com\/de\/home-page-2\/"},{"@type":"ListItem","position":2,"name":"Shop","item":"https:\/\/www.iplay.com\/en\/shop\/"},{"@type":"ListItem","position":3,"name":"Paint By Numbers 16"}]},{"@type":"WebSite","@id":"https:\/\/www.iplay.com\/en\/#website","url":"https:\/\/www.iplay.com\/en\/","name":"IPlay","description":"The Best Casual Games!","publisher":{"@id":"https:\/\/www.iplay.com\/en\/#organization"},"potentialAction":[{"@type":"SearchAction","target":{"@type":"EntryPoint","urlTemplate":"https:\/\/www.iplay.com\/en\/?s={search_term_string}"},"query-input":{"@type":"PropertyValueSpecification","valueRequired":true,"valueName":"search_term_string"}}],"inLanguage":"de-DE"},{"@type":"Organization","@id":"https:\/\/www.iplay.com\/en\/#organization","name":"IPlay","url":"https:\/\/www.iplay.com\/en\/","logo":{"@type":"ImageObject","inLanguage":"de-DE","@id":"https:\/\/www.iplay.com\/en\/#\/schema\/logo\/image\/","url":"https:\/\/www.iplay.com\/wp-content\/uploads\/2023\/11\/Group-6100.svg","contentUrl":"https:\/\/www.iplay.com\/wp-content\/uploads\/2023\/11\/Group-6100.svg","width":98,"height":25,"caption":"IPlay"},"image":{"@id":"https:\/\/www.iplay.com\/en\/#\/schema\/logo\/image\/"}}]}},"_links":{"self":[{"href":"https:\/\/www.iplay.com\/de\/wp-json\/wp\/v2\/product\/134355","targetHints":{"allow":["GET"]}}],"collection":[{"href":"https:\/\/www.iplay.com\/de\/wp-json\/wp\/v2\/product"}],"about":[{"href":"https:\/\/www.iplay.com\/de\/wp-json\/wp\/v2\/types\/product"}],"author":[{"embeddable":true,"href":"https:\/\/www.iplay.com\/de\/wp-json\/wp\/v2\/users\/21"}],"replies":[{"embeddable":true,"href":"https:\/\/www.iplay.com\/de\/wp-json\/wp\/v2\/comments?post=134355"}],"wp:featuredmedia":[{"embeddable":true,"href":"https:\/\/www.iplay.com\/de\/wp-json\/wp\/v2\/media\/81166"}],"wp:attachment":[{"href":"https:\/\/www.iplay.com\/de\/wp-json\/wp\/v2\/media?parent=134355"}],"wp:term":[{"taxonomy":"product_brand","embeddable":true,"href":"https:\/\/www.iplay.com\/de\/wp-json\/wp\/v2\/product_brand?post=134355"},{"taxonomy":"product_cat","embeddable":true,"href":"https:\/\/www.iplay.com\/de\/wp-json\/wp\/v2\/product_cat?post=134355"},{"taxonomy":"product_tag","embeddable":true,"href":"https:\/\/www.iplay.com\/de\/wp-json\/wp\/v2\/product_tag?post=134355"}],"curies":[{"name":"wp","href":"https:\/\/api.w.org\/{rel}","templated":true}]}}