{"id":134046,"date":"2022-01-31T00:00:00","date_gmt":"2022-01-31T00:00:00","guid":{"rendered":"https:\/\/www.iplay.com\/games\/art-coloring-6\/"},"modified":"2022-01-31T00:00:00","modified_gmt":"2022-01-31T00:00:00","slug":"art-coloring-6","status":"publish","type":"product","link":"https:\/\/www.iplay.com\/de\/games\/art-coloring-6\/","title":{"rendered":"Art Coloring 6"},"content":{"rendered":"<p>Wenn es um Art Coloring geht, ist es mehr als nur ein Malspiel. Es ist ein ganzes Universum aus sch\u00f6nen Gem\u00e4lden, flie\u00dfenden Kurven und leuchtenden Farben. Alles, was Sie jetzt noch brauchen, ist der Wunsch, ein Maker zu werden! W\u00e4hlen Sie eine Farbe aus, berechnen Sie den entsprechenden Betrag, und malen Sie dann das Bild mit leuchtenden Farben. Dar\u00fcber hinaus k\u00f6nnen Sie jetzt Ihre bevorzugte F\u00e4rbemethode ausw\u00e4hlen: Einf\u00e4rben von Regionen oder Einf\u00e4rben von Pixeln. Vollende unglaubliche Kunstwerke und schl\u00fcpfe in die Rolle des K\u00fcnstlers!     <\/p>\n<p>&nbsp;<\/p>\n<p>&nbsp;<\/p>\n<p><strong>  Funktionen:<\/strong><\/p>\n<p>&nbsp;<\/p>\n<p>&#8211; 64 lebendige Kunstgem\u00e4lde.<\/p>\n<p>&#8211; 64 lebendige Pixelbilder.<\/p>\n<p>&#8211; W\u00e4hlen Sie einen Farbstil: nummerierte Fl\u00e4chenf\u00e4rbung oder Pixelmalung.<\/p>\n<p>&#8211; Wechseln Sie zwischen strukturierter und flacher Farbgebung.<\/p>\n<p>&#8211; Viel Spa\u00df!<\/p>\n","protected":false},"excerpt":{"rendered":"<p>Vollenden Sie diese wunderbaren Kunstwerke und schl\u00fcpfen Sie in die Rolle des K\u00fcnstlers! Malen von Kunst 6 verwenden <\/p>\n","protected":false},"author":16,"featured_media":77977,"comment_status":"open","ping_status":"closed","template":"","meta":{"_acf_changed":false,"inline_featured_image":false},"product_brand":[],"product_cat":[185],"product_tag":[236,289],"class_list":{"0":"post-134046","1":"product","2":"type-product","3":"status-publish","4":"has-post-thumbnail","6":"product_cat-paint-by-numbers-series-de","7":"product_tag-art-coloring-series-de","8":"product_tag-play-on-pc-de","10":"first","11":"instock","12":"shipping-taxable","13":"purchasable","14":"product-type-simple"},"acf":[],"yoast_head":"<!-- This site is optimized with the Yoast SEO Premium plugin v25.2 (Yoast SEO v25.2) - https:\/\/yoast.com\/wordpress\/plugins\/seo\/ -->\n<title>Art Coloring 6 - Erschaffe Meisterwerke und schl\u00fcpfe in die Rolle des K\u00fcnstlers<\/title>\n<meta name=\"description\" content=\"Vollenden Sie diese wunderbaren Kunstwerke und schl\u00fcpfen Sie in die Rolle des K\u00fcnstlers! Malen von Kunst 6 verwenden\" \/>\n<meta name=\"robots\" content=\"index, follow, max-snippet:-1, max-image-preview:large, max-video-preview:-1\" \/>\n<link rel=\"canonical\" href=\"https:\/\/www.iplay.com\/de\/games\/art-coloring-6\/\" \/>\n<meta property=\"og:locale\" content=\"de_DE\" \/>\n<meta property=\"og:type\" content=\"article\" \/>\n<meta property=\"og:title\" content=\"Art Coloring 6\" \/>\n<meta property=\"og:description\" content=\"Vollenden Sie diese wunderbaren Kunstwerke und schl\u00fcpfen Sie in die Rolle des K\u00fcnstlers! Malen von Kunst 6 verwenden\" \/>\n<meta property=\"og:url\" content=\"https:\/\/www.iplay.com\/de\/games\/art-coloring-6\/\" \/>\n<meta property=\"og:site_name\" content=\"IPlay\" \/>\n<meta property=\"og:image\" content=\"https:\/\/www.iplay.com\/wp-content\/uploads\/2023\/12\/large_square_tile_image-2371.jpg\" \/>\n\t<meta property=\"og:image:width\" content=\"310\" \/>\n\t<meta property=\"og:image:height\" content=\"310\" \/>\n\t<meta property=\"og:image:type\" content=\"image\/jpeg\" \/>\n<meta name=\"twitter:card\" content=\"summary_large_image\" \/>\n<meta name=\"twitter:label1\" content=\"Gesch\u00e4tzte Lesezeit\" \/>\n\t<meta name=\"twitter:data1\" content=\"1 Minute\" \/>\n<script type=\"application\/ld+json\" class=\"yoast-schema-graph\">{\"@context\":\"https:\/\/schema.org\",\"@graph\":[{\"@type\":\"WebPage\",\"@id\":\"https:\/\/www.iplay.com\/de\/games\/art-coloring-6\/\",\"url\":\"https:\/\/www.iplay.com\/de\/games\/art-coloring-6\/\",\"name\":\"Art Coloring 6 - Erschaffe Meisterwerke und schl\u00fcpfe in die Rolle des K\u00fcnstlers\",\"isPartOf\":{\"@id\":\"https:\/\/www.iplay.com\/en\/#website\"},\"primaryImageOfPage\":{\"@id\":\"https:\/\/www.iplay.com\/de\/games\/art-coloring-6\/#primaryimage\"},\"image\":{\"@id\":\"https:\/\/www.iplay.com\/de\/games\/art-coloring-6\/#primaryimage\"},\"thumbnailUrl\":\"https:\/\/www.iplay.com\/wp-content\/uploads\/2023\/12\/large_square_tile_image-2371.jpg\",\"datePublished\":\"2022-01-31T00:00:00+00:00\",\"description\":\"Vollenden Sie diese wunderbaren Kunstwerke und schl\u00fcpfen Sie in die Rolle des K\u00fcnstlers! Malen von Kunst 6 verwenden\",\"breadcrumb\":{\"@id\":\"https:\/\/www.iplay.com\/de\/games\/art-coloring-6\/#breadcrumb\"},\"inLanguage\":\"de-DE\",\"potentialAction\":[{\"@type\":\"ReadAction\",\"target\":[\"https:\/\/www.iplay.com\/de\/games\/art-coloring-6\/\"]}]},{\"@type\":\"ImageObject\",\"inLanguage\":\"de-DE\",\"@id\":\"https:\/\/www.iplay.com\/de\/games\/art-coloring-6\/#primaryimage\",\"url\":\"https:\/\/www.iplay.com\/wp-content\/uploads\/2023\/12\/large_square_tile_image-2371.jpg\",\"contentUrl\":\"https:\/\/www.iplay.com\/wp-content\/uploads\/2023\/12\/large_square_tile_image-2371.jpg\",\"width\":310,\"height\":310},{\"@type\":\"BreadcrumbList\",\"@id\":\"https:\/\/www.iplay.com\/de\/games\/art-coloring-6\/#breadcrumb\",\"itemListElement\":[{\"@type\":\"ListItem\",\"position\":1,\"name\":\"Home\",\"item\":\"https:\/\/www.iplay.com\/de\/home-page-2\/\"},{\"@type\":\"ListItem\",\"position\":2,\"name\":\"Shop\",\"item\":\"https:\/\/www.iplay.com\/en\/shop\/\"},{\"@type\":\"ListItem\",\"position\":3,\"name\":\"Art Coloring 6\"}]},{\"@type\":\"WebSite\",\"@id\":\"https:\/\/www.iplay.com\/en\/#website\",\"url\":\"https:\/\/www.iplay.com\/en\/\",\"name\":\"IPlay\",\"description\":\"The Best Casual Games!\",\"publisher\":{\"@id\":\"https:\/\/www.iplay.com\/en\/#organization\"},\"potentialAction\":[{\"@type\":\"SearchAction\",\"target\":{\"@type\":\"EntryPoint\",\"urlTemplate\":\"https:\/\/www.iplay.com\/en\/?s={search_term_string}\"},\"query-input\":{\"@type\":\"PropertyValueSpecification\",\"valueRequired\":true,\"valueName\":\"search_term_string\"}}],\"inLanguage\":\"de-DE\"},{\"@type\":\"Organization\",\"@id\":\"https:\/\/www.iplay.com\/en\/#organization\",\"name\":\"IPlay\",\"url\":\"https:\/\/www.iplay.com\/en\/\",\"logo\":{\"@type\":\"ImageObject\",\"inLanguage\":\"de-DE\",\"@id\":\"https:\/\/www.iplay.com\/en\/#\/schema\/logo\/image\/\",\"url\":\"https:\/\/www.iplay.com\/wp-content\/uploads\/2023\/11\/Group-6100.svg\",\"contentUrl\":\"https:\/\/www.iplay.com\/wp-content\/uploads\/2023\/11\/Group-6100.svg\",\"width\":98,\"height\":25,\"caption\":\"IPlay\"},\"image\":{\"@id\":\"https:\/\/www.iplay.com\/en\/#\/schema\/logo\/image\/\"}}]}<\/script>\n<!-- \/ Yoast SEO Premium plugin. -->","yoast_head_json":{"title":"Art Coloring 6 - Erschaffe Meisterwerke und schl\u00fcpfe in die Rolle des K\u00fcnstlers","description":"Vollenden Sie diese wunderbaren Kunstwerke und schl\u00fcpfen Sie in die Rolle des K\u00fcnstlers! Malen von Kunst 6 verwenden","robots":{"index":"index","follow":"follow","max-snippet":"max-snippet:-1","max-image-preview":"max-image-preview:large","max-video-preview":"max-video-preview:-1"},"canonical":"https:\/\/www.iplay.com\/de\/games\/art-coloring-6\/","og_locale":"de_DE","og_type":"article","og_title":"Art Coloring 6","og_description":"Vollenden Sie diese wunderbaren Kunstwerke und schl\u00fcpfen Sie in die Rolle des K\u00fcnstlers! Malen von Kunst 6 verwenden","og_url":"https:\/\/www.iplay.com\/de\/games\/art-coloring-6\/","og_site_name":"IPlay","og_image":[{"width":310,"height":310,"url":"https:\/\/www.iplay.com\/wp-content\/uploads\/2023\/12\/large_square_tile_image-2371.jpg","type":"image\/jpeg"}],"twitter_card":"summary_large_image","twitter_misc":{"Gesch\u00e4tzte Lesezeit":"1 Minute"},"schema":{"@context":"https:\/\/schema.org","@graph":[{"@type":"WebPage","@id":"https:\/\/www.iplay.com\/de\/games\/art-coloring-6\/","url":"https:\/\/www.iplay.com\/de\/games\/art-coloring-6\/","name":"Art Coloring 6 - Erschaffe Meisterwerke und schl\u00fcpfe in die Rolle des K\u00fcnstlers","isPartOf":{"@id":"https:\/\/www.iplay.com\/en\/#website"},"primaryImageOfPage":{"@id":"https:\/\/www.iplay.com\/de\/games\/art-coloring-6\/#primaryimage"},"image":{"@id":"https:\/\/www.iplay.com\/de\/games\/art-coloring-6\/#primaryimage"},"thumbnailUrl":"https:\/\/www.iplay.com\/wp-content\/uploads\/2023\/12\/large_square_tile_image-2371.jpg","datePublished":"2022-01-31T00:00:00+00:00","description":"Vollenden Sie diese wunderbaren Kunstwerke und schl\u00fcpfen Sie in die Rolle des K\u00fcnstlers! Malen von Kunst 6 verwenden","breadcrumb":{"@id":"https:\/\/www.iplay.com\/de\/games\/art-coloring-6\/#breadcrumb"},"inLanguage":"de-DE","potentialAction":[{"@type":"ReadAction","target":["https:\/\/www.iplay.com\/de\/games\/art-coloring-6\/"]}]},{"@type":"ImageObject","inLanguage":"de-DE","@id":"https:\/\/www.iplay.com\/de\/games\/art-coloring-6\/#primaryimage","url":"https:\/\/www.iplay.com\/wp-content\/uploads\/2023\/12\/large_square_tile_image-2371.jpg","contentUrl":"https:\/\/www.iplay.com\/wp-content\/uploads\/2023\/12\/large_square_tile_image-2371.jpg","width":310,"height":310},{"@type":"BreadcrumbList","@id":"https:\/\/www.iplay.com\/de\/games\/art-coloring-6\/#breadcrumb","itemListElement":[{"@type":"ListItem","position":1,"name":"Home","item":"https:\/\/www.iplay.com\/de\/home-page-2\/"},{"@type":"ListItem","position":2,"name":"Shop","item":"https:\/\/www.iplay.com\/en\/shop\/"},{"@type":"ListItem","position":3,"name":"Art Coloring 6"}]},{"@type":"WebSite","@id":"https:\/\/www.iplay.com\/en\/#website","url":"https:\/\/www.iplay.com\/en\/","name":"IPlay","description":"The Best Casual Games!","publisher":{"@id":"https:\/\/www.iplay.com\/en\/#organization"},"potentialAction":[{"@type":"SearchAction","target":{"@type":"EntryPoint","urlTemplate":"https:\/\/www.iplay.com\/en\/?s={search_term_string}"},"query-input":{"@type":"PropertyValueSpecification","valueRequired":true,"valueName":"search_term_string"}}],"inLanguage":"de-DE"},{"@type":"Organization","@id":"https:\/\/www.iplay.com\/en\/#organization","name":"IPlay","url":"https:\/\/www.iplay.com\/en\/","logo":{"@type":"ImageObject","inLanguage":"de-DE","@id":"https:\/\/www.iplay.com\/en\/#\/schema\/logo\/image\/","url":"https:\/\/www.iplay.com\/wp-content\/uploads\/2023\/11\/Group-6100.svg","contentUrl":"https:\/\/www.iplay.com\/wp-content\/uploads\/2023\/11\/Group-6100.svg","width":98,"height":25,"caption":"IPlay"},"image":{"@id":"https:\/\/www.iplay.com\/en\/#\/schema\/logo\/image\/"}}]}},"_links":{"self":[{"href":"https:\/\/www.iplay.com\/de\/wp-json\/wp\/v2\/product\/134046","targetHints":{"allow":["GET"]}}],"collection":[{"href":"https:\/\/www.iplay.com\/de\/wp-json\/wp\/v2\/product"}],"about":[{"href":"https:\/\/www.iplay.com\/de\/wp-json\/wp\/v2\/types\/product"}],"author":[{"embeddable":true,"href":"https:\/\/www.iplay.com\/de\/wp-json\/wp\/v2\/users\/16"}],"replies":[{"embeddable":true,"href":"https:\/\/www.iplay.com\/de\/wp-json\/wp\/v2\/comments?post=134046"}],"wp:featuredmedia":[{"embeddable":true,"href":"https:\/\/www.iplay.com\/de\/wp-json\/wp\/v2\/media\/77977"}],"wp:attachment":[{"href":"https:\/\/www.iplay.com\/de\/wp-json\/wp\/v2\/media?parent=134046"}],"wp:term":[{"taxonomy":"product_brand","embeddable":true,"href":"https:\/\/www.iplay.com\/de\/wp-json\/wp\/v2\/product_brand?post=134046"},{"taxonomy":"product_cat","embeddable":true,"href":"https:\/\/www.iplay.com\/de\/wp-json\/wp\/v2\/product_cat?post=134046"},{"taxonomy":"product_tag","embeddable":true,"href":"https:\/\/www.iplay.com\/de\/wp-json\/wp\/v2\/product_tag?post=134046"}],"curies":[{"name":"wp","href":"https:\/\/api.w.org\/{rel}","templated":true}]}}