{"id":133918,"date":"2022-08-07T00:00:00","date_gmt":"2022-08-07T00:00:00","guid":{"rendered":"https:\/\/www.iplay.com\/games\/golden-rails-4-worlds-fair-collectors-edition\/"},"modified":"2025-08-22T10:48:15","modified_gmt":"2025-08-22T10:48:15","slug":"golden-rails-4-worlds-fair-collectors-edition","status":"publish","type":"product","link":"https:\/\/www.iplay.com\/de\/games\/golden-rails-4-worlds-fair-collectors-edition\/","title":{"rendered":"Golden Rails 4: World&#8217;s Fair Collector&#8217;s Edition"},"content":{"rendered":"<p>Der B\u00fcrgermeister Ihrer Stadt bittet Sie um Hilfe bei der Organisation einer Weltausstellung! Krempeln Sie die \u00c4rmel hoch, denn Sie stehen kurz vor einem guten Training. Reparieren Sie verrostete Strecken und bauen Sie neue Eisenbahnstrecken, damit Besucher und Einwohner den Beginn des elektrischen Zeitalters aus erster Hand miterleben k\u00f6nnen. Bek\u00e4mpfe die b\u00f6sen Diebe, die versuchen, deine Pl\u00e4ne zu sabotieren. Gleichzeitig musst du Br\u00e4nde l\u00f6schen, zerst\u00f6rte Siedlungen wieder aufbauen, Handelsrouten zu Land und zu Wasser anlegen und dich auf die Er\u00f6ffnung der gr\u00f6\u00dften Ausstellung der Welt vorbereiten! W\u00e4hrend du dich durch mehrere aufregende Levels bewegst, eroberst du den Wilden Westen mit deinen geliebten Helden Jack und Jill. Im Laufe des Spiels verdienst du Sterne, mit denen du Upgrades kaufen kannst.      <\/p>\n<p>&nbsp;<\/p>\n<p>&nbsp;<\/p>\n<p><strong>  Funktionen der Collector&#8217;s Edition:<\/strong><\/p>\n<p>&nbsp;<\/p>\n<p>&#8211; 15 Bonuslevel<\/p>\n<p>-Errungenschaften<\/p>\n<p>&#8211; Herunterladbare Soundtracks<\/p>\n<p>&#8211; Sch\u00f6ne Desktop-Hintergr\u00fcnde<\/p>\n<p>&#8211; Schritt-f\u00fcr-Schritt-Anleitung f\u00fcr das Level<\/p>\n","protected":false},"excerpt":{"rendered":"<p>Der B\u00fcrgermeister deiner Stadt bittet dich um Hilfe bei der Organisation einer Weltausstellung!<\/p>\n","protected":false},"author":8,"featured_media":76313,"comment_status":"open","ping_status":"closed","template":"","meta":{"_acf_changed":false,"inline_featured_image":false},"product_brand":[],"product_cat":[217],"product_tag":[257,289],"class_list":{"0":"post-133918","1":"product","2":"type-product","3":"status-publish","4":"has-post-thumbnail","6":"product_cat-time-management-de","7":"product_tag-golden-rails-series-de","8":"product_tag-play-on-pc-de","10":"first","11":"instock","12":"shipping-taxable","13":"purchasable","14":"product-type-simple"},"acf":[],"yoast_head":"<!-- This site is optimized with the Yoast SEO Premium plugin v25.2 (Yoast SEO v25.2) - https:\/\/yoast.com\/wordpress\/plugins\/seo\/ -->\n<title>Golden Rails 4: World&#039;s Fair Collector&#039;s Edition - Trage zum Aufbau einer Weltausstellung bei<\/title>\n<meta name=\"description\" content=\"Der B\u00fcrgermeister deiner Stadt bittet dich um Hilfe bei der Organisation einer Weltausstellung!\" \/>\n<meta name=\"robots\" content=\"index, follow, max-snippet:-1, max-image-preview:large, max-video-preview:-1\" \/>\n<link rel=\"canonical\" href=\"https:\/\/www.iplay.com\/de\/games\/golden-rails-4-worlds-fair-collectors-edition\/\" \/>\n<meta property=\"og:locale\" content=\"de_DE\" \/>\n<meta property=\"og:type\" content=\"article\" \/>\n<meta property=\"og:title\" content=\"Golden Rails 4: World&#039;s Fair Collector&#039;s Edition\" \/>\n<meta property=\"og:description\" content=\"Der B\u00fcrgermeister deiner Stadt bittet dich um Hilfe bei der Organisation einer Weltausstellung!\" \/>\n<meta property=\"og:url\" content=\"https:\/\/www.iplay.com\/de\/games\/golden-rails-4-worlds-fair-collectors-edition\/\" \/>\n<meta property=\"og:site_name\" content=\"IPlay\" \/>\n<meta property=\"article:modified_time\" content=\"2025-08-22T10:48:15+00:00\" \/>\n<meta property=\"og:image\" content=\"https:\/\/www.iplay.com\/wp-content\/uploads\/2023\/12\/large_square_tile_image-2267.jpg\" \/>\n\t<meta property=\"og:image:width\" content=\"310\" \/>\n\t<meta property=\"og:image:height\" content=\"310\" \/>\n\t<meta property=\"og:image:type\" content=\"image\/jpeg\" \/>\n<meta name=\"twitter:card\" content=\"summary_large_image\" \/>\n<meta name=\"twitter:label1\" content=\"Gesch\u00e4tzte Lesezeit\" \/>\n\t<meta name=\"twitter:data1\" content=\"1 Minute\" \/>\n<script type=\"application\/ld+json\" class=\"yoast-schema-graph\">{\"@context\":\"https:\/\/schema.org\",\"@graph\":[{\"@type\":\"WebPage\",\"@id\":\"https:\/\/www.iplay.com\/de\/games\/golden-rails-4-worlds-fair-collectors-edition\/\",\"url\":\"https:\/\/www.iplay.com\/de\/games\/golden-rails-4-worlds-fair-collectors-edition\/\",\"name\":\"Golden Rails 4: World's Fair Collector's Edition - Trage zum Aufbau einer Weltausstellung bei\",\"isPartOf\":{\"@id\":\"https:\/\/www.iplay.com\/en\/#website\"},\"primaryImageOfPage\":{\"@id\":\"https:\/\/www.iplay.com\/de\/games\/golden-rails-4-worlds-fair-collectors-edition\/#primaryimage\"},\"image\":{\"@id\":\"https:\/\/www.iplay.com\/de\/games\/golden-rails-4-worlds-fair-collectors-edition\/#primaryimage\"},\"thumbnailUrl\":\"https:\/\/www.iplay.com\/wp-content\/uploads\/2023\/12\/large_square_tile_image-2267.jpg\",\"datePublished\":\"2022-08-07T00:00:00+00:00\",\"dateModified\":\"2025-08-22T10:48:15+00:00\",\"description\":\"Der B\u00fcrgermeister deiner Stadt bittet dich um Hilfe bei der Organisation einer Weltausstellung!\",\"breadcrumb\":{\"@id\":\"https:\/\/www.iplay.com\/de\/games\/golden-rails-4-worlds-fair-collectors-edition\/#breadcrumb\"},\"inLanguage\":\"de-DE\",\"potentialAction\":[{\"@type\":\"ReadAction\",\"target\":[\"https:\/\/www.iplay.com\/de\/games\/golden-rails-4-worlds-fair-collectors-edition\/\"]}]},{\"@type\":\"ImageObject\",\"inLanguage\":\"de-DE\",\"@id\":\"https:\/\/www.iplay.com\/de\/games\/golden-rails-4-worlds-fair-collectors-edition\/#primaryimage\",\"url\":\"https:\/\/www.iplay.com\/wp-content\/uploads\/2023\/12\/large_square_tile_image-2267.jpg\",\"contentUrl\":\"https:\/\/www.iplay.com\/wp-content\/uploads\/2023\/12\/large_square_tile_image-2267.jpg\",\"width\":310,\"height\":310},{\"@type\":\"BreadcrumbList\",\"@id\":\"https:\/\/www.iplay.com\/de\/games\/golden-rails-4-worlds-fair-collectors-edition\/#breadcrumb\",\"itemListElement\":[{\"@type\":\"ListItem\",\"position\":1,\"name\":\"Home\",\"item\":\"https:\/\/www.iplay.com\/de\/home-page-2\/\"},{\"@type\":\"ListItem\",\"position\":2,\"name\":\"Shop\",\"item\":\"https:\/\/www.iplay.com\/en\/shop\/\"},{\"@type\":\"ListItem\",\"position\":3,\"name\":\"Golden Rails 4: World&#8217;s Fair Collector&#8217;s Edition\"}]},{\"@type\":\"WebSite\",\"@id\":\"https:\/\/www.iplay.com\/en\/#website\",\"url\":\"https:\/\/www.iplay.com\/en\/\",\"name\":\"IPlay\",\"description\":\"The Best Casual Games!\",\"publisher\":{\"@id\":\"https:\/\/www.iplay.com\/en\/#organization\"},\"potentialAction\":[{\"@type\":\"SearchAction\",\"target\":{\"@type\":\"EntryPoint\",\"urlTemplate\":\"https:\/\/www.iplay.com\/en\/?s={search_term_string}\"},\"query-input\":{\"@type\":\"PropertyValueSpecification\",\"valueRequired\":true,\"valueName\":\"search_term_string\"}}],\"inLanguage\":\"de-DE\"},{\"@type\":\"Organization\",\"@id\":\"https:\/\/www.iplay.com\/en\/#organization\",\"name\":\"IPlay\",\"url\":\"https:\/\/www.iplay.com\/en\/\",\"logo\":{\"@type\":\"ImageObject\",\"inLanguage\":\"de-DE\",\"@id\":\"https:\/\/www.iplay.com\/en\/#\/schema\/logo\/image\/\",\"url\":\"https:\/\/www.iplay.com\/wp-content\/uploads\/2023\/11\/Group-6100.svg\",\"contentUrl\":\"https:\/\/www.iplay.com\/wp-content\/uploads\/2023\/11\/Group-6100.svg\",\"width\":98,\"height\":25,\"caption\":\"IPlay\"},\"image\":{\"@id\":\"https:\/\/www.iplay.com\/en\/#\/schema\/logo\/image\/\"}}]}<\/script>\n<!-- \/ Yoast SEO Premium plugin. -->","yoast_head_json":{"title":"Golden Rails 4: World's Fair Collector's Edition - Trage zum Aufbau einer Weltausstellung bei","description":"Der B\u00fcrgermeister deiner Stadt bittet dich um Hilfe bei der Organisation einer Weltausstellung!","robots":{"index":"index","follow":"follow","max-snippet":"max-snippet:-1","max-image-preview":"max-image-preview:large","max-video-preview":"max-video-preview:-1"},"canonical":"https:\/\/www.iplay.com\/de\/games\/golden-rails-4-worlds-fair-collectors-edition\/","og_locale":"de_DE","og_type":"article","og_title":"Golden Rails 4: World's Fair Collector's Edition","og_description":"Der B\u00fcrgermeister deiner Stadt bittet dich um Hilfe bei der Organisation einer Weltausstellung!","og_url":"https:\/\/www.iplay.com\/de\/games\/golden-rails-4-worlds-fair-collectors-edition\/","og_site_name":"IPlay","article_modified_time":"2025-08-22T10:48:15+00:00","og_image":[{"width":310,"height":310,"url":"https:\/\/www.iplay.com\/wp-content\/uploads\/2023\/12\/large_square_tile_image-2267.jpg","type":"image\/jpeg"}],"twitter_card":"summary_large_image","twitter_misc":{"Gesch\u00e4tzte Lesezeit":"1 Minute"},"schema":{"@context":"https:\/\/schema.org","@graph":[{"@type":"WebPage","@id":"https:\/\/www.iplay.com\/de\/games\/golden-rails-4-worlds-fair-collectors-edition\/","url":"https:\/\/www.iplay.com\/de\/games\/golden-rails-4-worlds-fair-collectors-edition\/","name":"Golden Rails 4: World's Fair Collector's Edition - Trage zum Aufbau einer Weltausstellung bei","isPartOf":{"@id":"https:\/\/www.iplay.com\/en\/#website"},"primaryImageOfPage":{"@id":"https:\/\/www.iplay.com\/de\/games\/golden-rails-4-worlds-fair-collectors-edition\/#primaryimage"},"image":{"@id":"https:\/\/www.iplay.com\/de\/games\/golden-rails-4-worlds-fair-collectors-edition\/#primaryimage"},"thumbnailUrl":"https:\/\/www.iplay.com\/wp-content\/uploads\/2023\/12\/large_square_tile_image-2267.jpg","datePublished":"2022-08-07T00:00:00+00:00","dateModified":"2025-08-22T10:48:15+00:00","description":"Der B\u00fcrgermeister deiner Stadt bittet dich um Hilfe bei der Organisation einer Weltausstellung!","breadcrumb":{"@id":"https:\/\/www.iplay.com\/de\/games\/golden-rails-4-worlds-fair-collectors-edition\/#breadcrumb"},"inLanguage":"de-DE","potentialAction":[{"@type":"ReadAction","target":["https:\/\/www.iplay.com\/de\/games\/golden-rails-4-worlds-fair-collectors-edition\/"]}]},{"@type":"ImageObject","inLanguage":"de-DE","@id":"https:\/\/www.iplay.com\/de\/games\/golden-rails-4-worlds-fair-collectors-edition\/#primaryimage","url":"https:\/\/www.iplay.com\/wp-content\/uploads\/2023\/12\/large_square_tile_image-2267.jpg","contentUrl":"https:\/\/www.iplay.com\/wp-content\/uploads\/2023\/12\/large_square_tile_image-2267.jpg","width":310,"height":310},{"@type":"BreadcrumbList","@id":"https:\/\/www.iplay.com\/de\/games\/golden-rails-4-worlds-fair-collectors-edition\/#breadcrumb","itemListElement":[{"@type":"ListItem","position":1,"name":"Home","item":"https:\/\/www.iplay.com\/de\/home-page-2\/"},{"@type":"ListItem","position":2,"name":"Shop","item":"https:\/\/www.iplay.com\/en\/shop\/"},{"@type":"ListItem","position":3,"name":"Golden Rails 4: World&#8217;s Fair Collector&#8217;s Edition"}]},{"@type":"WebSite","@id":"https:\/\/www.iplay.com\/en\/#website","url":"https:\/\/www.iplay.com\/en\/","name":"IPlay","description":"The Best Casual Games!","publisher":{"@id":"https:\/\/www.iplay.com\/en\/#organization"},"potentialAction":[{"@type":"SearchAction","target":{"@type":"EntryPoint","urlTemplate":"https:\/\/www.iplay.com\/en\/?s={search_term_string}"},"query-input":{"@type":"PropertyValueSpecification","valueRequired":true,"valueName":"search_term_string"}}],"inLanguage":"de-DE"},{"@type":"Organization","@id":"https:\/\/www.iplay.com\/en\/#organization","name":"IPlay","url":"https:\/\/www.iplay.com\/en\/","logo":{"@type":"ImageObject","inLanguage":"de-DE","@id":"https:\/\/www.iplay.com\/en\/#\/schema\/logo\/image\/","url":"https:\/\/www.iplay.com\/wp-content\/uploads\/2023\/11\/Group-6100.svg","contentUrl":"https:\/\/www.iplay.com\/wp-content\/uploads\/2023\/11\/Group-6100.svg","width":98,"height":25,"caption":"IPlay"},"image":{"@id":"https:\/\/www.iplay.com\/en\/#\/schema\/logo\/image\/"}}]}},"_links":{"self":[{"href":"https:\/\/www.iplay.com\/de\/wp-json\/wp\/v2\/product\/133918","targetHints":{"allow":["GET"]}}],"collection":[{"href":"https:\/\/www.iplay.com\/de\/wp-json\/wp\/v2\/product"}],"about":[{"href":"https:\/\/www.iplay.com\/de\/wp-json\/wp\/v2\/types\/product"}],"author":[{"embeddable":true,"href":"https:\/\/www.iplay.com\/de\/wp-json\/wp\/v2\/users\/8"}],"replies":[{"embeddable":true,"href":"https:\/\/www.iplay.com\/de\/wp-json\/wp\/v2\/comments?post=133918"}],"wp:featuredmedia":[{"embeddable":true,"href":"https:\/\/www.iplay.com\/de\/wp-json\/wp\/v2\/media\/76313"}],"wp:attachment":[{"href":"https:\/\/www.iplay.com\/de\/wp-json\/wp\/v2\/media?parent=133918"}],"wp:term":[{"taxonomy":"product_brand","embeddable":true,"href":"https:\/\/www.iplay.com\/de\/wp-json\/wp\/v2\/product_brand?post=133918"},{"taxonomy":"product_cat","embeddable":true,"href":"https:\/\/www.iplay.com\/de\/wp-json\/wp\/v2\/product_cat?post=133918"},{"taxonomy":"product_tag","embeddable":true,"href":"https:\/\/www.iplay.com\/de\/wp-json\/wp\/v2\/product_tag?post=133918"}],"curies":[{"name":"wp","href":"https:\/\/api.w.org\/{rel}","templated":true}]}}